{"id":635,"date":"2019-09-18T14:09:08","date_gmt":"2019-09-18T14:09:08","guid":{"rendered":"https:\/\/master.k8s.p4.greenpeace.org\/peru\/?page_id=635"},"modified":"2024-03-26T08:43:33","modified_gmt":"2024-03-26T11:43:33","slug":"contaminacion","status":"publish","type":"page","link":"https:\/\/www.greenpeace.org\/peru\/contaminacion\/","title":{"rendered":"Contaminaci\u00f3n"},"content":{"rendered":"\n                    <div class=\"wp-block-group is-vertical is-layout-flex wp-container-core-group-is-layout-8cf370e7 wp-block-group-is-layout-flex\">\n                    \n\n                    \n                    <\/div>\n                    <p>                Las sustancias t\u00f3xicas pueden estar en nuestro hogar, en la ropa que utilizamos, en aparatos electr\u00f3nicos, cosm\u00e9ticos y hasta en la comida que consumimos.<\/p>\n<p>Las industrias contin\u00faan utilizando minerales peligrosos y sustancias qu\u00edmicas sint\u00e9ticas para fabricar sus art\u00edculos a pesar de los graves impactos que producen sobre nuestra salud y el medio ambiente.<\/p>\n<p>Estos contaminantes llegan al aire que respiramos, a los animales y al agua de nuestros r\u00edos y oc\u00e9anos. No los vemos, pero est\u00e1n en todos lados.<\/p>\n<p>&nbsp;<\/p>\n<h2><b>\u00bfQu\u00e9 proponemos?<\/b><\/h2>\n<ul>\n<li><span style=\"font-weight: 400;\">El desarrollo de un sistema de producci\u00f3n limpia para que las industrias no contaminen a lo largo de todos sus procesos<\/span><\/li>\n<li><span style=\"font-weight: 400;\">Eliminar el uso de sustancias qu\u00edmicas peligrosas<\/span><\/li>\n<li><span style=\"font-weight: 400;\">Disminuir <\/span><span style=\"font-weight: 400;\">la generaci\u00f3n de residuos<\/span><\/li>\n<li><span style=\"font-weight: 400;\">Promover legislaci\u00f3n para el ciclo de vida de los productos y su gesti\u00f3n como residuo<\/span><\/li>\n<li><span style=\"font-weight: 400;\">Evitar el vertido, enterramiento e incineraci\u00f3n de t\u00f3xicos<\/span><\/li>\n<li><span style=\"font-weight: 400;\">La <\/span><span style=\"font-weight: 400;\">responsabilidad extendida del productor: los fabricantes deben encargarse de la disposici\u00f3n final de los art\u00edculos que comercializan<\/span><\/li>\n<\/ul>\n","protected":false},"excerpt":{"rendered":"<p>Las sustancias t\u00f3xicas pueden estar en nuestro hogar, en la ropa que utilizamos, en aparatos electr\u00f3nicos, cosm\u00e9ticos y hasta en la comida que consumimos. Las industrias contin\u00faan utilizando minerales peligrosos y sustancias qu\u00edmicas sint\u00e9ticas para fabricar sus art\u00edculos a pesar de los graves impactos que producen sobre nuestra salud y el medio ambiente. Estos contaminantes [&hellip;]<\/p>\n","protected":false},"author":27,"featured_media":0,"parent":0,"menu_order":0,"comment_status":"closed","ping_status":"closed","template":"","meta":{"ep_exclude_from_search":false,"p4_hide_page_title_checkbox":"","p4_title":"","p4_subtitle":"","p4_description":"","background_image_id":"","background_image":"","p4_button_title":"","p4_button_link":"","p4_button_link_checkbox":"","p4_og_title":"","p4_og_description":"","p4_og_image":"","p4_og_image_id":"","p4_seo_canonical_url":"","p4_campaign_name":"not set","p4_local_project":"","p4_basket_name":"not set","p4_department":"","footnotes":""},"categories":[],"tags":[],"class_list":["post-635","page","type-page","status-publish","hentry"],"_links":{"self":[{"href":"https:\/\/www.greenpeace.org\/peru\/wp-json\/wp\/v2\/pages\/635","targetHints":{"allow":["GET"]}}],"collection":[{"href":"https:\/\/www.greenpeace.org\/peru\/wp-json\/wp\/v2\/pages"}],"about":[{"href":"https:\/\/www.greenpeace.org\/peru\/wp-json\/wp\/v2\/types\/page"}],"author":[{"embeddable":true,"href":"https:\/\/www.greenpeace.org\/peru\/wp-json\/wp\/v2\/users\/27"}],"replies":[{"embeddable":true,"href":"https:\/\/www.greenpeace.org\/peru\/wp-json\/wp\/v2\/comments?post=635"}],"version-history":[{"count":2,"href":"https:\/\/www.greenpeace.org\/peru\/wp-json\/wp\/v2\/pages\/635\/revisions"}],"predecessor-version":[{"id":746,"href":"https:\/\/www.greenpeace.org\/peru\/wp-json\/wp\/v2\/pages\/635\/revisions\/746"}],"wp:attachment":[{"href":"https:\/\/www.greenpeace.org\/peru\/wp-json\/wp\/v2\/media?parent=635"}],"wp:term":[{"taxonomy":"category","embeddable":true,"href":"https:\/\/www.greenpeace.org\/peru\/wp-json\/wp\/v2\/categories?post=635"},{"taxonomy":"post_tag","embeddable":true,"href":"https:\/\/www.greenpeace.org\/peru\/wp-json\/wp\/v2\/tags?post=635"}],"curies":[{"name":"wp","href":"https:\/\/api.w.org\/{rel}","templated":true}]}}