{"id":638,"date":"2019-09-18T14:12:26","date_gmt":"2019-09-18T14:12:26","guid":{"rendered":"https:\/\/master.k8s.p4.greenpeace.org\/peru\/?page_id=638"},"modified":"2024-03-26T08:43:31","modified_gmt":"2024-03-26T11:43:31","slug":"bosques","status":"publish","type":"page","link":"https:\/\/www.greenpeace.org\/peru\/bosques\/","title":{"rendered":"Bosques"},"content":{"rendered":"\n                    <div class=\"wp-block-group is-vertical is-layout-flex wp-container-core-group-is-layout-8cf370e7 wp-block-group-is-layout-flex\">\n                    \n\n                    \n                    <\/div>\n                    <p>                Los bosques nativos concentran m\u00e1s de la mitad de la biodiversidad terrestre del planeta.<\/p>\n<p>De ellos obtenemos bienes y servicios indispensables para nuestra supervivencia, como alimentos, maderas y medicinas.<br \/>\nAdem\u00e1s, son el hogar y sustento de miles de comunidades ind\u00edgenas y campesinas.<\/p>\n<p>Estos ecosistemas tienen un rol fundamental en la regulaci\u00f3n clim\u00e1tica, el mantenimiento de las fuentes y caudales de agua y la conservaci\u00f3n de los suelos.<\/p>\n<p>Posiblemente, los bosques son nuestro patrimonio natural m\u00e1s importante, pero tambi\u00e9n el m\u00e1s amenazado y depredado.<\/p>\n<ul>\n<li><b>Los desmontes provocan inundaciones, desertificaci\u00f3n y cambio clim\u00e1tico.\n<p><\/b><\/li>\n<li><b>El 12% de los gases de efecto invernadero provienen de la deforestaci\u00f3n y otros cambios de uso del territorio.<\/b><\/li>\n<\/ul>\n<p>&nbsp;<\/p>\n<section class=\"block split-three-column\">\n<div class=\"container\">\n<header>\n<h2 class=\"page-section-header\">Nuestra visi\u00f3n<\/h2>\n<\/header>\n<div class=\"page-section-description\">Trabajamos junto a comunidades ind\u00edgenas y campesinas en zonas de gran destrucci\u00f3n forestal como Amazonas, Congo, Indonesia y Chaco para investigar, documentar, exponer y tomar medidas contra la deforestaci\u00f3n. Adem\u00e1s, denunciamos a empresarios y gobiernos que arrasan bosques protegidos en diferentes partes del mundo.Creemos que los recursos naturales deben usarse de forma ordenada y sustentable con la participaci\u00f3n de las poblaciones locales.<\/p>\n<p>Juntos podemos defender los bosques y reclamar por la reforestaci\u00f3n en beneficio de toda la vida de nuestro planeta.<\/p>\n<\/div>\n<\/div>\n<\/section>\n<h2><b>\u00bfQu\u00e9 proponemos?<\/b><\/h2>\n<ul>\n<li>Restaurar las selvas y los bosques destruidos y degradados<\/li>\n<li>Deforestaci\u00f3n cero<\/li>\n<li>Proteger muestras representativas de cada ecosistema<\/li>\n<li>Mejorar las pr\u00e1cticas de las industrias destructivas<\/li>\n<li>Exigir que los alimentos, el papel y los productos de madera no est\u00e9n vinculados a la destrucci\u00f3n forestal<\/li>\n<li>Utilizar de manera responsable los recursos naturales<\/li>\n<\/ul>\n<section class=\"block covers-block show-3-covers\" data-covers_per_row=\"3\">\n<div class=\"container\"><\/div>\n<\/section>\n","protected":false},"excerpt":{"rendered":"<p>Los bosques nativos concentran m\u00e1s de la mitad de la biodiversidad terrestre del planeta. De ellos obtenemos bienes y servicios indispensables para nuestra supervivencia, como alimentos, maderas y medicinas. Adem\u00e1s, son el hogar y sustento de miles de comunidades ind\u00edgenas y campesinas. Estos ecosistemas tienen un rol fundamental en la regulaci\u00f3n clim\u00e1tica, el mantenimiento de [&hellip;]<\/p>\n","protected":false},"author":27,"featured_media":0,"parent":0,"menu_order":0,"comment_status":"closed","ping_status":"closed","template":"","meta":{"ep_exclude_from_search":false,"p4_hide_page_title_checkbox":"","p4_title":"","p4_subtitle":"","p4_description":"","background_image_id":"","background_image":"","p4_button_title":"","p4_button_link":"","p4_button_link_checkbox":"","p4_og_title":"","p4_og_description":"","p4_og_image":"","p4_og_image_id":"","p4_seo_canonical_url":"","p4_campaign_name":"not set","p4_local_project":"","p4_basket_name":"not set","p4_department":"","footnotes":""},"categories":[],"tags":[],"class_list":["post-638","page","type-page","status-publish","hentry"],"_links":{"self":[{"href":"https:\/\/www.greenpeace.org\/peru\/wp-json\/wp\/v2\/pages\/638","targetHints":{"allow":["GET"]}}],"collection":[{"href":"https:\/\/www.greenpeace.org\/peru\/wp-json\/wp\/v2\/pages"}],"about":[{"href":"https:\/\/www.greenpeace.org\/peru\/wp-json\/wp\/v2\/types\/page"}],"author":[{"embeddable":true,"href":"https:\/\/www.greenpeace.org\/peru\/wp-json\/wp\/v2\/users\/27"}],"replies":[{"embeddable":true,"href":"https:\/\/www.greenpeace.org\/peru\/wp-json\/wp\/v2\/comments?post=638"}],"version-history":[{"count":2,"href":"https:\/\/www.greenpeace.org\/peru\/wp-json\/wp\/v2\/pages\/638\/revisions"}],"predecessor-version":[{"id":745,"href":"https:\/\/www.greenpeace.org\/peru\/wp-json\/wp\/v2\/pages\/638\/revisions\/745"}],"wp:attachment":[{"href":"https:\/\/www.greenpeace.org\/peru\/wp-json\/wp\/v2\/media?parent=638"}],"wp:term":[{"taxonomy":"category","embeddable":true,"href":"https:\/\/www.greenpeace.org\/peru\/wp-json\/wp\/v2\/categories?post=638"},{"taxonomy":"post_tag","embeddable":true,"href":"https:\/\/www.greenpeace.org\/peru\/wp-json\/wp\/v2\/tags?post=638"}],"curies":[{"name":"wp","href":"https:\/\/api.w.org\/{rel}","templated":true}]}}