{"id":232,"date":"2018-05-14T12:37:02","date_gmt":"2018-05-14T10:37:02","guid":{"rendered":"https:\/\/k8s.p4.greenpeace.org\/defaultcontent\/?page_id=232"},"modified":"2024-07-13T02:58:21","modified_gmt":"2024-07-13T00:58:21","slug":"prywatnosc","status":"publish","type":"page","link":"https:\/\/www.greenpeace.org\/poland\/prywatnosc\/","title":{"rendered":"Prywatno\u015b\u0107 i ciasteczka"},"content":{"rendered":"\n\n<div class=\"wp-block-group alignfull is-layout-flow wp-block-group-is-layout-flow\">\n<div class=\"wp-block-group container is-layout-flow wp-block-group-is-layout-flow\">\n<div class=\"wp-block-media-text alignfull has-media-on-the-right is-stacked-on-mobile is-pattern-p4-page-header is-style-parallax\"><div class=\"wp-block-media-text__content\">\n<div class=\"wp-block-group is-layout-flow wp-block-group-is-layout-flow\">\n<h1 class=\"wp-block-heading has-white-background-color has-background\">\n                            Polityka prywatno\u015bci\n                        <\/h1>\n<\/div>\n\n\n\n<p style=\"font-size:1.25rem\">\n                            <strong>Fundacja Greenpeace Polska popiera fundamentalne prawo ka\u017cdego cz\u0142owieka do zachowania prywatno\u015bci w internecie. Robimy wszystko, co tylko mo\u017cliwe, aby ochroni\u0107 bezpiecze\u0144stwo danych u\u017cytkownik\u00f3w naszych serwis\u00f3w internetowych oraz wszystkich os\u00f3b, kt\u00f3re przekazuj\u0105 nam swoje dane.<\/strong>\n                        <\/p>\n<\/div><figure class=\"wp-block-media-text__media\"><img loading=\"lazy\" decoding=\"async\" width=\"2000\" height=\"1333\" src=\"https:\/\/www.greenpeace.org\/static\/planet4-poland-stateless\/2019\/02\/16e7ee9b-holding-hands-lesmos.jpg\" alt=\"\" sizes=\"auto, (min-width: 601px) 50vw, 100vw\" srcset=\"https:\/\/www.greenpeace.org\/static\/planet4-poland-stateless\/2019\/02\/16e7ee9b-holding-hands-lesmos.jpg 2000w, https:\/\/www.greenpeace.org\/static\/planet4-poland-stateless\/2019\/02\/16e7ee9b-holding-hands-lesmos-300x200.jpg 300w, https:\/\/www.greenpeace.org\/static\/planet4-poland-stateless\/2019\/02\/16e7ee9b-holding-hands-lesmos-768x512.jpg 768w, https:\/\/www.greenpeace.org\/static\/planet4-poland-stateless\/2019\/02\/16e7ee9b-holding-hands-lesmos-1024x682.jpg 1024w, https:\/\/www.greenpeace.org\/static\/planet4-poland-stateless\/2019\/02\/16e7ee9b-holding-hands-lesmos-510x340.jpg 510w\" class=\"wp-image-443 size-full\"\/><\/figure><\/div>\n<\/div>\n<\/div>\n\n\n<p>1. Administratorem danych osobowych zbieranych na niniejszej stronie internetowej jest Fundacja Greenpeace Polska z siedzib\u0105 w Warszawie, przy ulicy Altowej 4, 02-386 Warszawa (\u201eGreenpeace\u201d), telefon: 22 851 26 42, e-mail: <a href=\"mailto:info.poland@greenpeace.org\">info.poland@greenpeace.org<\/a>.<\/p>\n\n<p>2. Fundacja nie powo\u0142a\u0142a inspektora danych osobowych, a w sprawach zwi\u0105zanych z przetwarzaniem Twoich danych prosimy o kontakt na adres email ido.pl@greenpeace.org lub pisemnie na adres siedziby Fundacji.<\/p>\n\n<p>3. Greenpeace chroni dane osobowe zgodnie z wymogami powszechnie obowi\u0105zuj\u0105cych przepis\u00f3w prawa, w tym Rozporz\u0105dzenia Parlamentu Europejskiego i Rady (UE) 2016\/679 z dnia 27 kwietnia 2016 r. (RODO).<\/p>\n\n<p>4. Opisane zasady odnosz\u0105 si\u0119 do wszystkich stron administrowanych przez Greenpeace. Nie maj\u0105 zastosowania do stron innych organizacji, do kt\u00f3rych mo\u017cemy umieszcza\u0107 linki i kt\u00f3rych zasady ochrony danych osobowych mog\u0105 r\u00f3\u017cni\u0107 si\u0119 od naszych.<\/p>\n\n<p>5. Nie zbieramy informacji, kt\u00f3re pozwol\u0105 na identyfikacj\u0119 naszych u\u017cytkownik\u00f3w, chyba \u017ce dobrowolnie zdecydowali si\u0119 oni na ich udost\u0119pnienie przez stron\u0119, e-mail, telefon, poprzez do\u0142\u0105czenie si\u0119 do grona naszych darczy\u0144c\u00f3w, podpisanie petycji lub wzi\u0119cie udzia\u0142u w rekrutacji. Je\u015bli ju\u017c zdecydowa\u0142e\u015b\/a\u015b si\u0119 udost\u0119pni\u0107 nam te informacje, zapewniamy ich pe\u0142n\u0105 poufno\u015b\u0107.<\/p>\n\n<p>6. Dane osobowe, kt\u00f3re zbieramy od Ciebie, gdy chcesz nam przekaza\u0107 darowizn\u0119 to: Twoje imi\u0119, nazwisko, adres e-mail, telefon, miejscowo\u015b\u0107, kod pocztowy, ulica, nr budynku\/lokalu, data urodzenia, numer karty p\u0142atniczej, kod CVV, miesi\u0105c wa\u017cno\u015bci karty, rok wa\u017cno\u015bci karty.<\/p>\n\n<p>7. Dane osobowe, kt\u00f3re zbieramy od Ciebie, gdy chcesz przy\u0142\u0105czy\u0107 si\u0119 do naszej petycji to: Twoje imi\u0119, nazwisko, adres e-mail, kod pocztowy (w Polsce) lub inny kraj zamieszkania, opcjonalnie telefon.<\/p>\n\n<p>8. Dane osobowe, kt\u00f3re zbieramy od Ciebie, gdy chcesz zam\u00f3wi\u0107 us\u0142ug\u0119 Newslettera to: Twoje imi\u0119, adres e-mail.<\/p>\n\n<p>9. Je\u017celi przetwarzanie udost\u0119pnionych nam danych wymaga udzia\u0142u trzeciej strony (np. banku) korzystamy z najwy\u017cszej jako\u015bci us\u0142ug, zapewniaj\u0105cych maksymalne bezpiecze\u0144stwo danych.<\/p>\n\n<p>10. Podczas podawania swoich danych osobowych na naszej stronie internetowej zawsze b\u0119dziesz m\u00f3g\u0142 zapozna\u0107 si\u0119 z klauzul\u0105 informacyjn\u0105 w kt\u00f3rej szczeg\u00f3\u0142owo poinformujemy Ci\u0119 o zasadach przetwarzania Twoich danych osobowych.<\/p>\n\n<p>11. Nie sprzedajemy, nie wynajmujemy, ani nie udost\u0119pniamy w \u017caden inny spos\u00f3b naszych list mailingowych, w tym pozyskanych przez t\u0119 stron\u0119, ani \u017cadnych innych informacji, kt\u00f3re mog\u0105 pos\u0142u\u017cy\u0107 do zidentyfikowania danych osobowych.<\/p>\n\n<p>12. Greenpeace nie dzieli si\u0119 ani w \u017caden inny spos\u00f3b nie udost\u0119pnia swoich danych innym organizacjom. Mo\u017cemy jednak dzieli\u0107 si\u0119 informacjami pomi\u0119dzy narodowymi lub regionalnymi biurami Greenpeace, w celu efektywnego informowania o naszych kampaniach i mobilizowania opinii publicznej, aby osi\u0105ga\u0107 cele naszych kampanii oraz pozyskiwa\u0107 fundusze niezb\u0119dne do finansowania naszej dzia\u0142alno\u015bci.<\/p>\n\n<p>13. Nie udost\u0119pniamy danych u\u017cytkownik\u00f3w zewn\u0119trznym agencjom w innym celu, ni\u017c zwi\u0105zany z realizowanymi przez nas projektami i tylko w\u00f3wczas, gdy zapewniaj\u0105 przeprz\u0119ganie przepis\u00f3w o ochronie danych osobowych.<\/p>\n\n<p>14. Dost\u0119p do danych osobowych (tylko w niezb\u0119dnym zakresie) \u2013 b\u0119d\u0105 mie\u0107 wy\u0142\u0105cznie upowa\u017cnieni pracownicy Fundacji, podmioty, kt\u00f3rym Fundacja powierzy\u0142a przetwarzanie danych osobowych na podstawie zawartych um\u00f3w, podmioty \u015bwiadcz\u0105ce us\u0142ugi doradczo-kontrolne, podmioty przetwarzaj\u0105ce dane w celu prowadzenia zast\u0119pstwa procesowego, oraz podmioty wchodz\u0105ce w sk\u0142ad struktur organizacyjnych Fundacji, poza granicami Polski \u2013 jedynie w celach i w zakresie niezb\u0119dnym do realizacji przez Fundacj\u0119 wskazanych powy\u017cej cel\u00f3w.<\/p>\n\n<p>15. Dane osobowe mog\u0105 by\u0107 przekazywane do odbiorc\u00f3w znajduj\u0105cych si\u0119 w pa\u0144stwach poza Europejskim Obszarem Gospodarczym (operatorzy systemu obs\u0142uguj\u0105cy poczt\u0119 email Administratora \u2013 Kanada i USA). Przetwarzaj\u0105c dane osobowe korzystamy r\u00f3wnie\u017c z narz\u0119dzi analitycznych takich jak Facebook Analytics i Google Analytics, co mo\u017ce wi\u0105za\u0107 si\u0119 z przekazaniem danych osobowych do pa\u0144stwa spoza Europejskiego Obszaru Gospodarczego (USA). Poza Europejski Obszar Gospodarczy do pa\u0144stw, w stosunku do kt\u00f3rych Komisja nie stwierdzi\u0142a odpowiedniego stopnia ochrony, dane osobowe s\u0105 przekazywane na podstawie standardowych klauzul ochrony danych przyj\u0119tych przez organ nadzoru i zatwierdzonych przez Komisj\u0119. Podmioty, do kt\u00f3rych przesy\u0142amy dane osobowe, gwarantuj\u0105 odpowiednie ich zabezpieczenie. Masz mo\u017cliwo\u015b\u0107 uzyskania kopii tych danych.<\/p>\n\n<p>16. Je\u017celi wyrazi\u0142e\u015b\/wyrazi\u0142a\u015b na to zgod\u0119 lub wspar\u0142e\u015b, kt\u00f3r\u0105\u015b z naszych petycji b\u0119dziesz m\u00f3g\u0142\/mog\u0142a bra\u0107 udzia\u0142 w naszych przysz\u0142ych kampaniach, otrzymywa\u0107 informacje o naszych dzia\u0142aniach albo zosta\u0107 zaproszonym do finansowego wspierania Greenpeace. Udzielon\u0105 zgod\u0119 mo\u017cesz zawsze wycofa\u0107, mo\u017cesz tak\u017ce zg\u0142osi\u0107 sprzeciw, je\u017celi podstaw\u0105 przetwarzania Twoich danych osobowych jest uzasadniony interes administratora.<\/p>\n\n<p>17. Informacje o naszych dzia\u0142aniach mo\u017cesz r\u00f3wnie\u017c otrzymywa\u0107 drog\u0105 mailow\u0105 je\u017celi zam\u00f3wi\u0142e\u015b us\u0142ug\u0119 Newslettera. Zawsze mo\u017cesz zrezygnowa\u0107 z otrzymywania tych informacji \u2013 pod ka\u017cdym newsletterem znajduje si\u0119 link do zrezygnowania z otrzymywania kolejnej korespondencji.<\/p>\n\n<p>18. Rejestrujemy tak\u017ce niekt\u00f3re informacje od os\u00f3b, kt\u00f3re nawi\u0105za\u0142y z nami kontakt po to, aby otrzyma\u0107 od nas informacje albo z pro\u015bb\u0105 o pomoc, po to, aby m\u00f3c udzieli\u0107 informacji albo oczekiwanej pomocy. Nie przekazujemy tych informacji nikomu innemu (chyba, \u017ce udzielisz nam na to zgody), ani nie u\u017cywamy tych informacji do innych cel\u00f3w.<\/p>\n\n<p>19. Nasze strony internetowe znajduj\u0105 si\u0119 na kilku serwerach. Informacje w logach naszych stron nie umo\u017cliwiaj\u0105 personalnej identyfikacji, nie staramy si\u0119 tak\u017ce po\u0142\u0105czy\u0107 tych informacji z rzeczywistymi osobami, kt\u00f3re przegl\u0105daj\u0105 nasze strony. Nasz serwer zbiera informacje na temat daty i czasu odwiedzin na naszej stronie, a tak\u017ce adresu serwera z kt\u00f3rego dana osoba wchodzi na nasz\u0105 stron\u0119. Mo\u017cemy tak\u017ce zapisywa\u0107 informacje (anonimowo) o ruchach, kt\u00f3re u\u017cytkownicy wykonuj\u0105 na naszych stronach. Wykorzystujemy te informacje do poprawy jako\u015bci naszej strony i oceny statystyk, takich jak pory dnia i dni tygodnia, podczas kt\u00f3rych panuje wzmo\u017cony ruch na naszych stronach, a tak\u017ce do oceny popularno\u015bci r\u00f3\u017cnych dzia\u0142\u00f3w.<\/p>\n\n<p>20. Pliki cookie to dane, kt\u00f3re nasza strona wysy\u0142a do Twojej przegl\u0105darki. Mog\u0105 one nast\u0119pnie by\u0107 przechowywane na dysku twardym Twojego komputera. Nasza strona korzysta z plik\u00f3w cookie, aby oceni\u0107 realne zainteresowanie naszymi serwisami, lepiej pozna\u0107 oczekiwania i preferencje u\u017cytkownik\u00f3w, zrozumie\u0107 spos\u00f3b w jaki u\u017cytkownicy korzystaj\u0105 z naszych serwis\u00f3w oraz, korzystaj\u0105c z najnowszych rozwi\u0105za\u0144 technologicznych, stale udoskonala\u0107 nasze serwisy internetowe czyni\u0105c je bardziej przyjaznymi i lepiej dostosowanymi do potrzeb u\u017cytkownik\u00f3w. Te informacje nie zawieraj\u0105 informacji znajduj\u0105cych si\u0119 na Twoim komputerze. Mo\u017cesz zmieni\u0107 ustawienia swojej przegl\u0105darki, aby informowa\u0142a ci\u0119, kiedy otrzymujesz pliki cookie albo uniemo\u017cliwi\u0107 otrzymywanie plik\u00f3w cookie. Nie u\u017cywamy plik\u00f3w cookie, aby obserwowa\u0107, jakie strony wybierasz.<\/p>\n\n<p>21. Masz prawo: dost\u0119pu do danych (art. 15 RODO), otrzymania kopii danych (art. 15 ust. 3 RODO), sprostowania (art. 16 RODO), usuni\u0119cia danych (art. 17 RODO), ograniczenia przetwarzania (art. 18 RODO), przenoszenia danych (art. 20 RODO), sprzeciwu (art. 21 RODO) oraz do cofni\u0119cia zgody w przypadkach przewidzianych prawem. Cofn\u0105\u0107 zgod\u0119 mo\u017cesz w ka\u017cdym momencie i bez podawania przyczyny, lecz przetwarzanie danych osobowych dokonane przed cofni\u0119ciem zgody nadal pozostanie zgodne z prawem.<\/p>\n\n<p>22. Je\u017celi uznasz, \u017ce przetwarzanie Twoich danych przez Greenpeace jest niezgodne z prawem, mo\u017cesz wnie\u015b\u0107 skarg\u0119 do organu nadzorczego (Prezes Urz\u0119du Ochrony Danych Osobowych).<\/p>\n\n<p>23. Greenpeace zastrzega sobie prawo zmiany tej Polityki prywatno\u015bci, w szczeg\u00f3lno\u015bci w przypadku konieczno\u015bci jej dostosowania do aktualnych przepis\u00f3w prawa, zmiany sposobu przetwarzania danych lub wprowadzenia nowych wymog\u00f3w organ\u00f3w nadzorczych. Zmiany, o kt\u00f3rych mowa w zdaniu poprzednim, nie ograniczaj\u0105 praw nabytych przed wej\u015bciem zmian w \u017cycie.<\/p>\n\n<p>24. Niniejsza Polityka prywatno\u015bci obowi\u0105zuje od 11 lutego 2019r.<\/p>\n\n<p>25. O tre\u015bci zmian Polityki prywatno\u015bci Greenpeace poinformuje poprzez umieszczenie stosownej informacji na stronie internetowej: www.greenpeace.pl. Taka informacja b\u0119dzie utrzymana na wskazanej stronie przez okres co najmniej 15 (pi\u0119tnastu) kolejnych dni kalendarzowych.<\/p>\n\n<p><span style=\"font-weight: 400;\">&nbsp;<\/span><\/p>\n\n<hr class=\"wp-block-separator has-alpha-channel-opacity\"\/>\n\n<h2 class=\"wp-block-heading\">Cookies<\/h2>\n\n<p><span style=\"font-weight: 400;\">We can&#8217;t unfortunately offer a cookie-free experience, and here&#8217;s why:<\/span><\/p>\n\n<p><span style=\"font-weight: 400;\">The EU law, and in particular the Dutch Telecommunications Act, requiring visitor consent to use cookies put us in a difficult situation. We built our entire global website around a concept of making visits to our national sites, the selection of language, the sharing and spreading of content, and the taking of online actions as easy for regular visitors as possible. Cookies were an essential part of the design of our web presence from top to bottom.<\/span><\/p>\n\n<p><span style=\"font-weight: 400;\">When the new EU law was announced, we considered the cost of recoding our content management system and website to make cookies optional. However, their use is so deeply ingrained, and so distributed across different language and national content sites, that this would have been an extremely expensive prospect. As our website&#8217;s primary mission is to inspire, engage, and mobilize, we came to the conclusion that investing in a cookie-free, information only experience simply would not be the best use of our supporters&#8217; money. We decided to bias toward the convenience of the our regular visitors, and make cookies mandatory for visits to the site.<\/span><\/p>\n\n<p><span style=\"font-weight: 400;\">We do publish information regularly via a number of social media sites listed in our Privacy &amp; Cookies policy page, and there is a workaround for people who would like to view our news content cookie-free: that&#8217;s to subscribe to our RSS feed through your favorite feed reader. The URL is <\/span><a href=\"http:\/\/feeds.feedburner.com\/GreenpeaceNews\"><span style=\"font-weight: 400;\">http:\/\/feeds.feedburner.com\/GreenpeaceNews<\/span><\/a><\/p>\n\n<p><span style=\"font-weight: 400;\">We&#8217;re really sorry that we can&#8217;t offer a cookie-free experience on our website, and can only hope that you understand the choice we had to make.<\/span><\/p>\n\n<h3 class=\"wp-block-heading\">About Cookies<\/h3>\n\n<p><span style=\"font-weight: 400;\">A cookie is a small text file that\u2019s stored on your computer or mobile device when you visit a website. Whenever a browser requests an object from the same website or domain in the future, the browser (if you allow) will send the same small text file back to the origin server.<\/span><\/p>\n\n<p><span style=\"font-weight: 400;\">We use (or will use) cookies to:<\/span><\/p>\n\n<ul class=\"wp-block-list\">\n<li><span style=\"font-weight: 400;\">Remember your preferences<\/span><\/li>\n\n\n\n<li><span style=\"font-weight: 400;\">Tailor our website to your interests, proposing content that may be relevant to you, based on past interactions<\/span><\/li>\n<\/ul>\n\n<p><span style=\"font-weight: 400;\">There are different types of cookies<\/span><\/p>\n\n<p><b>First party cookies<\/b><\/p>\n\n<p><span style=\"font-weight: 400;\">These are set by the website you\u2019re visiting, and only that website can read them. In addition, a website might use a separate company to analyse how people are using their site. And this separate company will set their own cookie to do this.<\/span><\/p>\n\n<p><b>Third party cookies<\/b><\/p>\n\n<p><span style=\"font-weight: 400;\">These are set by someone other than the owner of the website you\u2019re visiting. <\/span><\/p>\n\n<p><span style=\"font-weight: 400;\">Some greenpeace.org web pages may also contain content from other sites like YouTube or Flickr, which may set their own cookies. Also, if you Share a link to a greenpeace.org page, the service you share it on (e.g. Facebook) may set a cookie on your browser.<\/span><\/p>\n\n<p><span style=\"font-weight: 400;\">We (Greenpeace) have no control over third party cookies.<\/span><\/p>\n\n<p><b>Advertising cookies<\/b><\/p>\n\n<p><span style=\"font-weight: 400;\">Some websites use advertising networks to show you specially targeted adverts when you visit. These networks may also be able to track your browsing across different sites.<\/span><\/p>\n\n<p><b>Greenpeace does not advertise on its websites<\/b><span style=\"font-weight: 400;\">, therefore greenpeace.org is an advertising cookie-free website.<\/span><\/p>\n\n<p><b>Session cookies<\/b><\/p>\n\n<p><span style=\"font-weight: 400;\">These are stored while you\u2019re browsing. They get deleted from your device when you close your browser e.g. Firefox or Safari.<\/span><\/p>\n\n<p><b>Persistent cookies<\/b><\/p>\n\n<p><span style=\"font-weight: 400;\">These are saved on your computer. So they don\u2019t get deleted when you close your browser.<\/span><\/p>\n\n<h3 class=\"wp-block-heading\">Our Cookies<\/h3>\n\n<p><b>Third party cookies <\/b><\/p>\n\n<p><span style=\"font-weight: 400;\">On greenpeace.org we currently use or embed content from the following third parties:<\/span><\/p>\n\n<ul class=\"wp-block-list\">\n<li><a href=\"http:\/\/www.addthis.com\/privacy\/privacy-policy\"><span style=\"font-weight: 400;\">Addthis <\/span><\/a><\/li>\n\n\n\n<li><a href=\"http:\/\/www.facebook.com\/help\/cookies\/\"><span style=\"font-weight: 400;\">Facebook<\/span><\/a><\/li>\n\n\n\n<li><a href=\"http:\/\/info.yahoo.com\/privacy\/uk\/yahoo\/\"><span style=\"font-weight: 400;\">Flickr<\/span><\/a><\/li>\n\n\n\n<li><a href=\"http:\/\/www.google.nl\/policies\/privacy\/\"><span style=\"font-weight: 400;\">Google+<\/span><\/a><\/li>\n\n\n\n<li><a href=\"http:\/\/twitter.com\/privacy\/\"><span style=\"font-weight: 400;\">Twitter<\/span><\/a>\/X<\/li>\n\n\n\n<li><a href=\"http:\/\/www.google.nl\/policies\/privacy\/\"><span style=\"font-weight: 400;\">YouTube<\/span><\/a><\/li>\n\n\n\n<li><a href=\"http:\/\/vimeo.com\/privacy\"><span style=\"font-weight: 400;\">Vimeo<\/span><\/a><\/li>\n<\/ul>\n\n<p><b>First party, session and persistent cookies<\/b><\/p>\n\n<p><span style=\"font-weight: 400;\">We use both session cookies and persistent cookies on this website. We <\/span><i><span style=\"font-weight: 400;\">may<\/span><\/i><span style=\"font-weight: 400;\"> send to you the following cookies:<\/span><\/p>\n\n<ul class=\"wp-block-list\">\n<li><b>greenpeace<\/b><span style=\"font-weight: 400;\"> \u2013 We will use this persistent cookie to track if you have accepted that we use cookies on this site.<\/span><\/li>\n\n\n\n<li><b>wordpress_test_cookie<\/b><span style=\"font-weight: 400;\"> &#8211; We will use this session cookie to see if you have Cookies enabled or not.<\/span><\/li>\n\n\n\n<li><b>wp-settings-2<\/b><span style=\"font-weight: 400;\"> \u2013 This session cookie is used by the website software we use to help manage site pages. This cookie expires when you close your browser.<\/span><\/li>\n\n\n\n<li><b>wp-settings-time-2<\/b><span style=\"font-weight: 400;\"> \u2013&nbsp;<\/span><span style=\"font-weight: 400;\">This session cookie is used by the website software we use to help manage site pages. This cookie expires when you close your browser.<\/span><\/li>\n\n\n\n<li><b>wordpress_google_apps_login<\/b><span style=\"font-weight: 400;\"> &#8211; This session cookie is used to store the logged in state of users who have an account in our website<\/span><\/li>\n<\/ul>\n\n<p><b>Analytics cookies <\/b><\/p>\n\n<p><span style=\"font-weight: 400;\">Greenpeace us<\/span><span style=\"font-weight: 400;\">es Google Analytics to <\/span><span style=\"font-weight: 400;\">gather visitors\u2019 use of our website and analyze the data to help us maintain and improve the design of our website<\/span><span style=\"font-weight: 400;\">. Google Analytics generates statistical and other information about website use by means of cookies, which are stored on users\u2019 computers. <\/span><\/p>\n\n<p><span style=\"font-weight: 400;\">Classic Google Analytics cookies are <\/span><b>_utma, _utmb, _utmc, _utmz, <\/b><b>_ga and _gid<\/b><span style=\"font-weight: 400;\"> \u2013 and they <\/span><b>all collect information in an anonymous form<\/b><span style=\"font-weight: 400;\">, including the number of visitors to the site, browser ClientID (to identify returning users, for example), where visitors come to the site from and the pages they visited. Here&#8217;s the <\/span><a href=\"https:\/\/support.google.com\/analytics\/answer\/6004245\" target=\"_blank\" rel=\"noopener noreferrer\"><span style=\"font-weight: 400;\">privacy overview of Google Analytics<\/span><\/a><span style=\"font-weight: 400;\"> for more details. <\/span><\/p>\n\n<p><span style=\"font-weight: 400;\">Beside, it is important to mention that Google stores websites traffic information which have Google Analytics tracking code. <\/span><a href=\"https:\/\/www.google.com\/policies\/privacy\/\" target=\"_blank\" rel=\"noopener noreferrer\"><span style=\"font-weight: 400;\">Check Google\u2019s privacy policy<\/span><\/a><span style=\"font-weight: 400;\">. <\/span><\/p>\n\n<h3 class=\"wp-block-heading\">Cookies and personal information<\/h3>\n\n<p><span style=\"font-weight: 400;\">Cookies do not contain any information that personally identifies you, but personal information that we store about you may be linked, by us, to the information stored in and obtained from cookies.<\/span><\/p>\n\n<h3 class=\"wp-block-heading\">Blocking \/ deleting Cookies<\/h3>\n\n<p><span style=\"font-weight: 400;\">Most browsers allow you to refuse to accept cookies, manage previously accepted ones or delete existing ones on your device. Click your browser type below to go directly to the browser user guide to learn how to disable or erase cookies.<\/span><\/p>\n\n<ul class=\"wp-block-list\">\n<li><a href=\"http:\/\/support.google.com\/chrome\/bin\/answer.py?hl=en&amp;answer=95647\"><span style=\"font-weight: 400;\">Chrome<\/span><\/a><\/li>\n\n\n\n<li><a href=\"http:\/\/support.mozilla.org\/en-US\/kb\/enable-and-disable-cookies-website-preferences\"><span style=\"font-weight: 400;\">Firefox<\/span><\/a><\/li>\n\n\n\n<li><a href=\"http:\/\/support.microsoft.com\/kb\/278835\/en\"><span style=\"font-weight: 400;\">Internet Explorer<\/span><\/a><\/li>\n\n\n\n<li><a href=\"https:\/\/privacy.microsoft.com\/en-us\/windows-10-microsoft-edge-and-privacy\"><span style=\"font-weight: 400;\">Microsoft Edge<\/span><\/a><\/li>\n\n\n\n<li><a href=\"http:\/\/www.opera.com\/browser\/tutorials\/security\/cookies\/\"><span style=\"font-weight: 400;\">Opera<\/span><\/a><\/li>\n\n\n\n<li><a href=\"http:\/\/support.apple.com\/kb\/PH5042\"><span style=\"font-weight: 400;\">Safari<\/span><\/a><\/li>\n<\/ul>\n\n<p><span style=\"font-weight: 400;\">Blocking all cookies will, however, have a negative impact upon the usability of many websites.<\/span><\/p>\n\n<h3 class=\"wp-block-heading\">Contact us<\/h3>\n\n<p><span style=\"font-weight: 400;\">This website is owned and operated by Greenpeace International. If you have any questions about our cookies or this cookies policy, please <\/span><a href=\"mailto:[]@greenpeace.org\"><span style=\"font-weight: 400;\">contact the webmaster<\/span><\/a><span style=\"font-weight: 400;\">.<\/span><\/p>\n<div data-render=\"planet4-blocks\/cookies\" data-attributes=\"{&quot;attributes&quot;:{&quot;title&quot;:&quot;Which cookies would you like to accept?&quot;,&quot;description&quot;:&quot;Please select which cookies you are willing to store.&quot;,&quot;necessary_cookies_name&quot;:&quot;User-experience cookies&quot;,&quot;necessary_cookies_description&quot;:&quot;These cookies will provide you a better experience of our website. You will be able to hide the cookies acceptance banner and use the website features better. The non-acceptance of these cookies will give you a cookie-free experience.&quot;,&quot;all_cookies_name&quot;:&quot;Performance Cookies&quot;,&quot;all_cookies_description&quot;:&quot;These cookies help improving the performance of Greenpeace.org. They are set to collect data such as how long users stay on a page or which links are clicked. This helps us make better content based on your experience navigating the website.&quot;}}\"><\/div><p>&nbsp;<\/p>\n","protected":false},"excerpt":{"rendered":"<p>1. Administratorem danych osobowych zbieranych na niniejszej stronie internetowej jest Fundacja Greenpeace Polska z siedzib\u0105 w Warszawie, przy ulicy Altowej 4, 02-386 Warszawa (\u201eGreenpeace\u201d), telefon: 22 851 26 42, e-mail: info.poland@greenpeace.org. 2. Fundacja nie powo\u0142a\u0142a inspektora danych osobowych, a w sprawach zwi\u0105zanych z przetwarzaniem Twoich danych prosimy o kontakt na adres email ido.pl@greenpeace.org lub pisemnie [&hellip;]<\/p>\n","protected":false},"author":1,"featured_media":443,"parent":0,"menu_order":0,"comment_status":"closed","ping_status":"closed","template":"","meta":{"ep_exclude_from_search":false,"p4_hide_page_title_checkbox":"on","p4_title":"","p4_subtitle":"","p4_description":"","background_image_id":"","background_image":"","p4_button_title":"","p4_button_link":"","p4_button_link_checkbox":"","p4_og_title":"","p4_og_description":"","p4_og_image":"","p4_og_image_id":"","p4_seo_canonical_url":"","p4_campaign_name":"not set","p4_local_project":"","p4_basket_name":"not set","p4_department":"","footnotes":""},"categories":[1],"tags":[],"class_list":["post-232","page","type-page","status-publish","has-post-thumbnail","hentry","category-inne"],"_links":{"self":[{"href":"https:\/\/www.greenpeace.org\/poland\/wp-json\/wp\/v2\/pages\/232","targetHints":{"allow":["GET"]}}],"collection":[{"href":"https:\/\/www.greenpeace.org\/poland\/wp-json\/wp\/v2\/pages"}],"about":[{"href":"https:\/\/www.greenpeace.org\/poland\/wp-json\/wp\/v2\/types\/page"}],"author":[{"embeddable":true,"href":"https:\/\/www.greenpeace.org\/poland\/wp-json\/wp\/v2\/users\/1"}],"replies":[{"embeddable":true,"href":"https:\/\/www.greenpeace.org\/poland\/wp-json\/wp\/v2\/comments?post=232"}],"version-history":[{"count":17,"href":"https:\/\/www.greenpeace.org\/poland\/wp-json\/wp\/v2\/pages\/232\/revisions"}],"predecessor-version":[{"id":34888,"href":"https:\/\/www.greenpeace.org\/poland\/wp-json\/wp\/v2\/pages\/232\/revisions\/34888"}],"wp:featuredmedia":[{"embeddable":true,"href":"https:\/\/www.greenpeace.org\/poland\/wp-json\/wp\/v2\/media\/443"}],"wp:attachment":[{"href":"https:\/\/www.greenpeace.org\/poland\/wp-json\/wp\/v2\/media?parent=232"}],"wp:term":[{"taxonomy":"category","embeddable":true,"href":"https:\/\/www.greenpeace.org\/poland\/wp-json\/wp\/v2\/categories?post=232"},{"taxonomy":"post_tag","embeddable":true,"href":"https:\/\/www.greenpeace.org\/poland\/wp-json\/wp\/v2\/tags?post=232"}],"curies":[{"name":"wp","href":"https:\/\/api.w.org\/{rel}","templated":true}]}}