{"id":238,"date":"2018-05-14T12:47:19","date_gmt":"2018-05-14T12:47:19","guid":{"rendered":"https:\/\/k8s.p4.greenpeace.org\/defaultcontent\/?page_id=238"},"modified":"2025-06-23T16:42:18","modified_gmt":"2025-06-23T14:42:18","slug":"copyright","status":"publish","type":"page","link":"https:\/\/www.greenpeace.org\/poland\/copyright\/","title":{"rendered":"Prawa autorskie"},"content":{"rendered":"\n                \n                <div class=\"wp-block-group alignfull is-layout-flow wp-block-group-is-layout-flow\">\n                \n                <div class=\"wp-block-group container is-layout-flow wp-block-group-is-layout-flow\">\n                \n                <div class=\"wp-block-media-text alignfull has-media-on-the-right is-stacked-on-mobile is-pattern-p4-page-header is-style-parallax\">\n\n                <div class=\"wp-block-media-text__content\">\n                    <div class=\"wp-block-group is-layout-flow wp-block-group-is-layout-flow\">\n                    \n                        <h1 class=\"wp-block-heading has-white-background-color has-background\">\n                            Prawa autorskie\n                        <\/h1>\n                    <\/div>\n                \n\n                \n\n                \n\n                <\/div>\n                <figure class=\"wp-block-media-text__media\">\n                    <img loading=\"lazy\" decoding=\"async\" width=\"1024\" height=\"683\"\n                        src=\"https:\/\/www.greenpeace.org\/static\/planet4-poland-stateless\/2018\/05\/63675cec-preparing-the-22planet-earth-first22-hot-air-balloon-in-hamburg.jpg\"\n                        alt=\"\"\n                        sizes=\"auto, (min-width: 601px) 50vw, 100vw\" srcset=\"https:\/\/www.greenpeace.org\/static\/planet4-poland-stateless\/2018\/05\/63675cec-preparing-the-22planet-earth-first22-hot-air-balloon-in-hamburg.jpg 1024w, https:\/\/www.greenpeace.org\/static\/planet4-poland-stateless\/2018\/05\/63675cec-preparing-the-22planet-earth-first22-hot-air-balloon-in-hamburg-300x200.jpg 300w, https:\/\/www.greenpeace.org\/static\/planet4-poland-stateless\/2018\/05\/63675cec-preparing-the-22planet-earth-first22-hot-air-balloon-in-hamburg-768x512.jpg 768w, https:\/\/www.greenpeace.org\/static\/planet4-poland-stateless\/2018\/05\/63675cec-preparing-the-22planet-earth-first22-hot-air-balloon-in-hamburg-510x340.jpg 510w\" class=\"wp-image-66 size-full\"\n                    \/>\n                <\/figure>\n                <\/div>\n                \n                <\/div>\n                \n                <\/div>\n                \n                <p>                <strong>Og\u00f3lne informacje<\/strong><\/p>\n<p>Materia\u0142y znajduj\u0105ce si\u0119 na tej stronie mog\u0105 by\u0107 swobodnie wykorzystywane do cel\u00f3w osobistych lub edukacyjnych.<\/p>\n<p>W celu wykorzystania zdj\u0119\u0107 ekranu (screen-shot\u00f3w), lub opublikowania artyku\u0142\u00f3w z naszej strony w lokalnym biuletynie nie ma potrzeby zwracania si\u0119 do nas z pro\u015bb\u0105 o zgod\u0119, je\u015bli b\u0119d\u0105 przestrzegane podstawowe zasady opisane na tej stronie, opracowane przez naszych prawnik\u00f3w.<\/p>\n<div><strong>Umieszczenie link\u00f3w<\/strong><\/div>\n<p>B\u0119dziemy niezwykle zadowoleni, je\u015bli zechcesz umie\u015bcic link do naszej strony! Umieszczenie link\u00f3w do materia\u0142\u00f3w na tej stronie nie wymaga naszej osobnej zgody, pod warunkiem, \u017ce nie zamierzasz wykorzysta\u0107 ich do reklamy ani poparcia produkt\u00f3w lub pogl\u0105d\u00f3w, kt\u00f3rych nasza organizacja nie popiera otwarcie, lub w celu zasugerowaniu zwi\u0105zku pomi\u0119dzy nasz\u0105 organizacj\u0105 a twoj\u0105 firm\u0105 lub organizacj\u0105 bez naszej uprzedniej zgody.<\/p>\n<div><\/div>\n<p><strong>Logo Greenpeace\u00a0<\/strong><\/p>\n<p>S\u0142owo&#8221;Greenpeace&#8221;, w\u0142\u0105czaj\u0105c w to nasze logo, s\u0105 zarejsterowanymi mi\u0119dzynarodowymi znakami towarowymi, nale\u017c\u0105cymi do Stichting Greenpeace Council.<\/p>\n<p>Zezwolenie na u\u017cycie obu znak\u00f3w towarowych mo\u017ce by\u0107 udzielone pod warunkiem, \u017ce jest wykorzystane jedynie w celach informacyjnych i nie-komercyjnych.<\/p>\n<p>Znaki towarowe pozostaj\u0105 wy\u0142\u0105czn\u0105 w\u0142asno\u015bci\u0105 Greenpeace, i u\u017cywycie ich oznacza zgod\u0119 na to, \u017ce nie b\u0119dziesz w \u017caden spos\u00f3b rejstrowa\u0107 czy dokonywa\u0107 pr\u00f3b zarejestrowania ich przez ciebie.<\/p>\n<p>Niedozwolone jest wykorzystanie tych znak\u00f3w towarowych w \u017caden spos\u00f3b, mog\u0105cy powodowa\u0107 uniewa\u017cnienie ich rejestracji; zgoda na u\u017cycie znak\u00f3w towarowych mo\u017ce zosta\u0107 udzielone tylko pod warunkiem, \u017ce Greenpeace mo\u017ce to zrobi\u0107 bez zagro\u017cenia wa\u017cno\u015bci rejestracji.<\/p>\n<p>Je\u015bli korzystasz z naszego logo, zamie\u015b\u0107 &#8222;Copyright Stichting Greenpeace Council&#8221; w tagu &#8222;alt&#8221; lub w widocznym miejscu na stronie internetowej.<\/p>\n<p><strong><br \/>\nArtyku\u0142y i tre\u015bci<\/strong><\/p>\n<p>Je\u017celi prawa autorskie do artyku\u0142\u00f3w i innych tekst\u00f3w zamieszczonych na tej stronie nale\u017c\u0105 do Greenpeace, mo\u017cliwe jest ich nieodp\u0142atne wykorzystanie dla cel\u00f3w osobistych lub edukacyjnych<\/p>\n<p>Wymagane jest zamieszczenie notatki: &#8222;\u0179r\u00f3d\u0142o: Greenpeace (<a href=\"http:\/\/www.greenpeace.pl\/\">http:\/\/www.greenpeace.pl<\/a>)&#8221; i skopiowanie wszystkich zasad i praw autorskich zamieszczonych przy orygina\u0142ach.<\/p>\n<div><\/div>\n<p><strong>Zdj\u0119cia i filmy<\/strong><\/p>\n<p>Dozwolona jest reprodukacja ka\u017cdego zdj\u0119cia, kt\u00f3re posiada opis &#8222;Copyright Greenpeace&#8221;, znajduj\u0105cego si\u0119 na naszej stronie, do cel\u00f3w osobistych i edukacyjnych, pod warunkiem zamieszczenia dok\u0142adnych danych na temat praw autorskich. Informacje na temat praw autorskich mo\u017cna znale\u017a\u0107 w ka\u017cdym powi\u0119kszonym oknie ze zdj\u0119ciem. Czasami prawa autorskie s\u0105 po prostu opisane &#8222;Copyright Greenpeace&#8221;. Prawa autorskie do innych zdj\u0119\u0107 nale\u017c\u0105 do Greenpeace i fotografa, wtedy pojawia si\u0119 opis: Copyright Greenpeace\/Fotograf. Przy reprodukcji nale\u017cy umie\u015bci\u0107 ca\u0142y opis.<\/p>\n<p>Jakiekolwiek inne wykorzystanie zdj\u0119\u0107 (takie jak wykorzystanie zdj\u0119\u0107 do osi\u0105gni\u0119cia finansowych korzy\u015bci) wymaga zgody Greenpeace. Komercyjne wykorzystanie jakiegokolwiek zdj\u0119cia Greenpeace bez zgody stanowi z\u0142amanie prawa autorskiego, mo\u017ce tak\u017ce stanowi\u0107 z\u0142amanie innych praw.<\/p>\n<p>Zdj\u0119cia ilustruj\u0105ce bie\u017c\u0105ce wydarzenia, posiadaj\u0105ce jako\u015b\u0107 pozwalaj\u0105c\u0105 na druk (ok. 8 MB wielko\u015bci) przekazywane przez Greenpeace dziennikarzom i agencjom przez t\u0105 stron\u0119 mog\u0105 by\u0107 wykorzystane w ci\u0105gu 14 dni. Jakiekolwiek archiwizowanie tych zdj\u0119\u0107 jest \u015bci\u015ble zabronione. Po up\u0142ywie 14 dni nale\u017cy skontaktowa\u0107 si\u0119 naszym rzecznikiem prasowym.<\/p>\n<p>Uwaga!:\u00a0Niekt\u00f3re zdj\u0119cia prezentowane na tej stronie s\u0105 opublikowane na zasadzie udzielonych nam zezwole\u0144 i nie posiadaj\u0105 nadruku &#8222;Copyright Greenpeace&#8221;. Przed ich wykorzystaniem nale\u017cy sprawdzi\u0107 \u017ar\u00f3d\u0142o praw autorskich i informacje na temat warunk\u00f3w wykorzystania.<\/p>\n","protected":false},"excerpt":{"rendered":"<p>Og\u00f3lne informacje Materia\u0142y znajduj\u0105ce si\u0119 na tej stronie mog\u0105 by\u0107 swobodnie wykorzystywane do cel\u00f3w osobistych lub edukacyjnych. W celu wykorzystania zdj\u0119\u0107 ekranu (screen-shot\u00f3w), lub opublikowania artyku\u0142\u00f3w z naszej strony w lokalnym biuletynie nie ma potrzeby zwracania si\u0119 do nas z pro\u015bb\u0105 o zgod\u0119, je\u015bli b\u0119d\u0105 przestrzegane podstawowe zasady opisane na tej stronie, opracowane przez naszych [&hellip;]<\/p>\n","protected":false},"author":1,"featured_media":0,"parent":0,"menu_order":0,"comment_status":"closed","ping_status":"closed","template":"page-templates\/evergreen.php","meta":{"ep_exclude_from_search":false,"p4_hide_page_title_checkbox":"on","p4_title":"","p4_subtitle":"","p4_description":"","background_image_id":"","background_image":"","p4_button_title":"","p4_button_link":"","p4_button_link_checkbox":"","p4_og_title":"","p4_og_description":"","p4_og_image":"","p4_og_image_id":"","p4_seo_canonical_url":"","p4_campaign_name":"not set","p4_local_project":"","p4_basket_name":"not set","p4_department":"","footnotes":""},"categories":[1],"tags":[],"class_list":["post-238","page","type-page","status-publish","hentry","category-inne"],"_links":{"self":[{"href":"https:\/\/www.greenpeace.org\/poland\/wp-json\/wp\/v2\/pages\/238","targetHints":{"allow":["GET"]}}],"collection":[{"href":"https:\/\/www.greenpeace.org\/poland\/wp-json\/wp\/v2\/pages"}],"about":[{"href":"https:\/\/www.greenpeace.org\/poland\/wp-json\/wp\/v2\/types\/page"}],"author":[{"embeddable":true,"href":"https:\/\/www.greenpeace.org\/poland\/wp-json\/wp\/v2\/users\/1"}],"replies":[{"embeddable":true,"href":"https:\/\/www.greenpeace.org\/poland\/wp-json\/wp\/v2\/comments?post=238"}],"version-history":[{"count":5,"href":"https:\/\/www.greenpeace.org\/poland\/wp-json\/wp\/v2\/pages\/238\/revisions"}],"predecessor-version":[{"id":36986,"href":"https:\/\/www.greenpeace.org\/poland\/wp-json\/wp\/v2\/pages\/238\/revisions\/36986"}],"wp:attachment":[{"href":"https:\/\/www.greenpeace.org\/poland\/wp-json\/wp\/v2\/media?parent=238"}],"wp:term":[{"taxonomy":"category","embeddable":true,"href":"https:\/\/www.greenpeace.org\/poland\/wp-json\/wp\/v2\/categories?post=238"},{"taxonomy":"post_tag","embeddable":true,"href":"https:\/\/www.greenpeace.org\/poland\/wp-json\/wp\/v2\/tags?post=238"}],"curies":[{"name":"wp","href":"https:\/\/api.w.org\/{rel}","templated":true}]}}