{"id":2495,"date":"2019-06-19T16:38:16","date_gmt":"2019-06-19T14:38:16","guid":{"rendered":"https:\/\/master.k8s.p4.greenpeace.org\/poland\/?page_id=2495"},"modified":"2026-02-20T18:11:34","modified_gmt":"2026-02-20T16:11:34","slug":"kontakt","status":"publish","type":"page","link":"https:\/\/www.greenpeace.org\/poland\/o-nas\/kontakt\/","title":{"rendered":"Kontakt"},"content":{"rendered":"\n<div class=\"wp-block-columns is-layout-flex wp-container-core-columns-is-layout-9d6595d7 wp-block-columns-is-layout-flex\">\n<div class=\"wp-block-column is-vertically-aligned-top is-layout-flow wp-block-column-is-layout-flow\">\n<h3 class=\"wp-block-heading has-text-align-left\">Fundacja Greenpeace Polska<\/h3>\n\n\n\n<p class=\"has-text-align-left\"><strong><br><\/strong>Altowa 4<br>02-386 Warszawa<br>tel. +48 22 659 84 99<br>(pon.-czw. 9:30-14:30)<br><a href=\"mailto:info.poland@greenpeace.org\">info.poland@greenpeace.org<\/a><strong><br><\/strong><\/p>\n\n\n\n<p><\/p>\n\n\n\n<div style=\"height:48px\" aria-hidden=\"true\" class=\"wp-block-spacer\"><\/div>\n\n\n\n<h3 class=\"wp-block-heading has-text-align-left\"><strong>Kontakt dla medi\u00f3w:<\/strong>&nbsp;<\/h3>\n\n\n\n<p class=\"has-text-align-left\">Namiary na naszych rzecznik\u00f3w prasowych znajdziesz <a href=\"https:\/\/www.greenpeace.org\/poland\/o-nas\/dla-mediow\/\"><strong>tutaj<\/strong><\/a>.<\/p>\n\n\n\n<div class=\"wp-block-group is-nowrap is-layout-flex wp-container-core-group-is-layout-ad2f72ca wp-block-group-is-layout-flex\">\n<figure class=\"wp-block-image alignleft wp-container-content-82ea18c2\"><a href=\"https:\/\/facebook.com\/greenpeacepl\"><img loading=\"lazy\" decoding=\"async\" width=\"165\" height=\"159\" src=\"https:\/\/www.greenpeace.org\/static\/planet4-poland-stateless\/2019\/06\/a41c4be2-facebook.png\" alt=\"\" class=\"wp-image-2906\"\/><\/a><\/figure>\n\n\n\n<figure class=\"wp-block-image alignleft wp-container-content-82ea18c2\"><a href=\"https:\/\/twitter.com\/Greenpeace_PL\"><img loading=\"lazy\" decoding=\"async\" width=\"165\" height=\"159\" src=\"https:\/\/www.greenpeace.org\/static\/planet4-poland-stateless\/2019\/06\/ae2cd50d-twitter.png\" alt=\"\" class=\"wp-image-2907\"\/><\/a><\/figure>\n\n\n\n<figure class=\"wp-block-image alignleft wp-container-content-82ea18c2\"><a href=\"https:\/\/instagram.com\/greenpeace_pl\"><img loading=\"lazy\" decoding=\"async\" width=\"165\" height=\"159\" src=\"https:\/\/www.greenpeace.org\/static\/planet4-poland-stateless\/2019\/06\/c386b273-instagram.png\" alt=\"\" class=\"wp-image-2908\"\/><\/a><\/figure>\n<\/div>\n<\/div>\n\n\n\n<div class=\"wp-block-column is-vertically-aligned-top has-green-400-background-color has-background is-layout-constrained wp-block-column-is-layout-constrained\" style=\"box-shadow:none\">\n<div class=\"wp-block-group is-style-space-evenly is-vertical is-content-justification-center is-layout-flex wp-container-core-group-is-layout-61f8813b wp-block-group-is-layout-flex\" style=\"padding-top:var(--wp--preset--spacing--30);padding-right:var(--wp--preset--spacing--50);padding-bottom:var(--wp--preset--spacing--30);padding-left:var(--wp--preset--spacing--50)\">\n<h3 class=\"wp-block-heading has-text-align-center\" style=\"margin-top:0;margin-right:0;margin-bottom:0;margin-left:0\">Kontakt dla Darczy\u0144c\u00f3w i w sprawie darowizn<\/h3>\n\n\n\n<p><\/p>\n\n\n\n<p class=\"has-text-align-center\">Masz pytania zwi\u0105zane z darowiznami? Napisz do nas poprzez formularz kontaktowy!<br>Postaramy si\u0119 odpowiedzie\u0107 jak najszybciej.<\/p>\n\n\n\n<script charset=\"utf-8\" type=\"text\/javascript\" src=\"\/\/js-eu1.hsforms.net\/forms\/embed\/v2.js\"><\/script>\n<script>\n  hbspt.forms.create({\n    portalId: \"25392534\",\n    formId: \"6fc000bf-0df3-4c0c-82c0-50e681ab2370\",\n    region: \"eu1\"\n  });\n<\/script>\n<\/div>\n<\/div>\n<\/div>\n\n<p><strong>Je\u015bli interesuje Ci\u0119 przekazanie nam wi\u0119kszej darowizny<\/strong>, prosimy o kontakt pod mailem:&nbsp;mariusz.onuch@greenpeace.org<\/p>\n\n<p>Nasze dzia\u0142ania opieramy na darowiznach <strong>od os\u00f3b prywatnych i to dzi\u0119ki nim mo\u017cemy istnie\u0107 i dzia\u0142a\u0107.<\/strong> <strong>Je\u015bli chcesz nas wesprze\u0107, mo\u017cesz to zrobi\u0107 <a href=\"https:\/\/www.greenpeace.org\/poland\/dzialaj\/wesprzyj\">online tutaj<\/a><\/strong> lub tradycyjnym przelewem &#8211; przekazuj\u0105c nam dowoln\u0105 kwot\u0119 jednorazowo lub ustanowi\u0107 sta\u0142e zlecenie (np. loguj\u0105c si\u0119 na swoje konto elektronicznie lub odwiedzaj\u0105c plac\u00f3wk\u0119 Twojego banku) i w ten spos\u00f3b wspiera\u0107 nas regularnie. W razie w\u0105tpliwo\u015bci napisz do nas. <\/p>\n\n<p class=\"has-medium-font-size\"><strong>Je\u015bli chcesz nas wesprze\u0107 comiesi\u0119cznym poleceniem zap\u0142aty lub przelewem online, nasz numer konta do przelew\u00f3w krajowych to:<\/strong><br> 82 1240 6247 1111 0000 4979 1237 <\/p>\n\n<p class=\"has-medium-font-size\"><strong>Dane do przelew\u00f3w zagranicznych:<\/strong><br>SWIFT:&nbsp;PKOP PL PW<br>IBAN:&nbsp;PL 82 1240 6247 1111 0000 4979 1237<\/p>\n\n<p>Zach\u0119camy r\u00f3wnie\u017c do przekazania nam <strong><a href=\"https:\/\/www.greenpeace.org\/poland\/1_5-procent-podatku-na-greenpeace\/\">1.5% procenta podatku<\/a><\/strong> &#8211; nasz KRS: 0000180402. Dzi\u0119kujemy!<\/p>\n\n<p class=\"has-medium-font-size\">W przypadku, gdy zdecydujesz si\u0119 przekaza\u0107 nam darowizn\u0119,&nbsp;<strong><a href=\"https:\/\/greenpeace.org\/poland\/klauzula-informacyjna-konto\/\" target=\"_blank\" rel=\"noreferrer noopener\" aria-label=\" (opens in a new tab)\">zapoznaj si\u0119 z informacj\u0105<\/a><\/strong>&nbsp;o tym, jak przetwarzamy Twoje dane osobowe.<\/p>\n","protected":false},"excerpt":{"rendered":"<p>Fundacja Greenpeace Polska Altowa 402-386 Warszawatel. +48 22 659 84 99(pon.-czw. 9:30-14:30)info.poland@greenpeace.org Kontakt dla medi\u00f3w:&nbsp; Namiary na naszych rzecznik\u00f3w prasowych znajdziesz tutaj. Kontakt dla Darczy\u0144c\u00f3w i w sprawie darowizn Masz pytania zwi\u0105zane z darowiznami? Napisz do nas poprzez formularz kontaktowy!Postaramy si\u0119 odpowiedzie\u0107 jak najszybciej. Je\u015bli interesuje Ci\u0119 przekazanie nam wi\u0119kszej darowizny, prosimy o kontakt pod [&hellip;]<\/p>\n","protected":false},"author":25,"featured_media":741,"parent":234,"menu_order":0,"comment_status":"closed","ping_status":"closed","template":"","meta":{"ep_exclude_from_search":false,"p4_hide_page_title_checkbox":"","p4_title":"","p4_subtitle":"","p4_description":"","background_image_id":"","background_image":"","p4_button_title":"","p4_button_link":"","p4_button_link_checkbox":"","p4_og_title":"","p4_og_description":"","p4_og_image":"","p4_og_image_id":"","p4_seo_canonical_url":"","p4_campaign_name":"not set","p4_local_project":"not set","p4_basket_name":"not set","p4_department":"","footnotes":""},"categories":[33],"tags":[13],"class_list":["post-2495","page","type-page","status-publish","has-post-thumbnail","hentry","category-greenpeace","tag-o-nas"],"_links":{"self":[{"href":"https:\/\/www.greenpeace.org\/poland\/wp-json\/wp\/v2\/pages\/2495","targetHints":{"allow":["GET"]}}],"collection":[{"href":"https:\/\/www.greenpeace.org\/poland\/wp-json\/wp\/v2\/pages"}],"about":[{"href":"https:\/\/www.greenpeace.org\/poland\/wp-json\/wp\/v2\/types\/page"}],"author":[{"embeddable":true,"href":"https:\/\/www.greenpeace.org\/poland\/wp-json\/wp\/v2\/users\/25"}],"replies":[{"embeddable":true,"href":"https:\/\/www.greenpeace.org\/poland\/wp-json\/wp\/v2\/comments?post=2495"}],"version-history":[{"count":19,"href":"https:\/\/www.greenpeace.org\/poland\/wp-json\/wp\/v2\/pages\/2495\/revisions"}],"predecessor-version":[{"id":39441,"href":"https:\/\/www.greenpeace.org\/poland\/wp-json\/wp\/v2\/pages\/2495\/revisions\/39441"}],"up":[{"embeddable":true,"href":"https:\/\/www.greenpeace.org\/poland\/wp-json\/wp\/v2\/pages\/234"}],"wp:featuredmedia":[{"embeddable":true,"href":"https:\/\/www.greenpeace.org\/poland\/wp-json\/wp\/v2\/media\/741"}],"wp:attachment":[{"href":"https:\/\/www.greenpeace.org\/poland\/wp-json\/wp\/v2\/media?parent=2495"}],"wp:term":[{"taxonomy":"category","embeddable":true,"href":"https:\/\/www.greenpeace.org\/poland\/wp-json\/wp\/v2\/categories?post=2495"},{"taxonomy":"post_tag","embeddable":true,"href":"https:\/\/www.greenpeace.org\/poland\/wp-json\/wp\/v2\/tags?post=2495"}],"curies":[{"name":"wp","href":"https:\/\/api.w.org\/{rel}","templated":true}]}}