{"id":2650,"date":"2019-06-23T01:14:46","date_gmt":"2019-06-22T23:14:46","guid":{"rendered":"https:\/\/master.k8s.p4.greenpeace.org\/poland\/?page_id=2650"},"modified":"2026-04-10T05:35:25","modified_gmt":"2026-04-10T03:35:25","slug":"wesprzyj-nas","status":"publish","type":"page","link":"https:\/\/www.greenpeace.org\/poland\/dzialaj-old\/wesprzyj-nas\/","title":{"rendered":"Twoje wsparcie ma ogromne znaczenie!"},"content":{"rendered":"\n<h3 class=\"wp-block-heading\">Mo\u017cemy skutecznie dzia\u0142a\u0107 tylko dzi\u0119ki wsparciu os\u00f3b takich, jak Ty<\/h3>\n\n<p id=\"wspieram\">Poniewa\u017c nie przyjmujemy finansowania od biznesu i rz\u0105d\u00f3w (w tym z grant\u00f3w unijnych), mo\u017cemy skutecznie dzia\u0142a\u0107 na rzecz naszej planety, ludzi i wszystkich innych istot, dzi\u0119ki pomocy os\u00f3b takich, jak Ty. Dlatego Twoja darowizna naprawd\u0119 ma znaczenie \u2013 ka\u017cda, nawet niewielka wp\u0142ata to ogromna pomoc! Pami\u0119taj, \u017ce&nbsp;<strong>darowizn\u0119 na rzecz Greenpeace mo\u017cesz odliczy\u0107 od dochodu w rozliczeniu rocznym.<\/strong><\/p>\n\n<script type=\"application\/javascript\" src=\"https:\/\/wspieram.greenpeace.pl\/action\/iframe-wordpress.js?lp=nature&amp;fundraiser=widget_wesprzyj\"><\/script>\n\n<div style=\"height:54px\" aria-hidden=\"true\" class=\"wp-block-spacer\"><\/div>\n\n<div class=\"wp-block-buttons is-content-justification-center is-layout-flex wp-container-core-buttons-is-layout-16018d1d wp-block-buttons-is-layout-flex\">\n<div class=\"wp-block-button is-style-cta\"><a class=\"wp-block-button__link has-grey-900-color has-text-color has-link-color has-medium-font-size has-custom-font-size wp-element-button\" href=\"https:\/\/www.greenpeace.org\/poland\/1_5-procent-podatku-na-greenpeace\/\">Przeka\u017c 1.5% podatku<\/a><\/div>\n\n\n\n<div class=\"wp-block-button\"><a class=\"wp-block-button__link has-grey-900-color has-action-yellow-700-background-color has-text-color has-background has-link-color has-medium-font-size has-custom-font-size wp-element-button\" href=\"https:\/\/adoptujpszczole.pl\/?fundraiser=gppl_wesprzyj\">AdoptujPszczole.pl<\/a><\/div>\n\n\n\n<div class=\"wp-block-button\"><a class=\"wp-block-button__link has-grey-900-color has-green-400-background-color has-text-color has-background has-link-color has-medium-font-size has-custom-font-size wp-element-button\" href=\"https:\/\/dzikamapa.pl\/?fundraiser=gppl_wesprzyj\">DzikaMapa.pl<\/a><\/div>\n\n\n\n<div class=\"wp-block-button is-style-cta\"><a class=\"wp-block-button__link has-white-color has-red-500-background-color has-text-color has-background has-link-color has-medium-font-size has-custom-font-size wp-element-button\" href=\"https:\/\/www.greenpeace.org\/poland\/przekaz-wieksza-darowizne\/\">Przeka\u017c wi\u0119ksz\u0105 darowizn\u0119<\/a><\/div>\n<\/div>\n\n<div style=\"height:54px\" aria-hidden=\"true\" class=\"wp-block-spacer\"><\/div>\n<div data-render=\"planet4-blocks\/columns\" data-attributes=\"{&quot;attributes&quot;:{&quot;columns_block_style&quot;:&quot;image&quot;,&quot;columns_title&quot;:&quot;Zobacz, co uda\\u0142o si\\u0119 dzi\\u0119ki darowiznom od super os\\u00f3b takich jak Ty:&quot;,&quot;columns&quot;:[{&quot;attachment&quot;:&quot;https:\\\/\\\/www.greenpeace.org\\\/static\\\/planet4-poland-stateless\\\/2026\\\/01\\\/f589f0ca-36855424561_52835e4568_h-1-510x340.jpg&quot;,&quot;title&quot;:&quot;\\u00bb chronimy cenne lasy przed wycink\\u0105&quot;,&quot;description&quot;:&quot;Mi\\u0119dzy innymi dzi\\u0119ki naszym dzia\\u0142aniom ochron\\u0105 obj\\u0119te zosta\\u0142y dziesi\\u0105tki tysi\\u0119cy hektar\\u00f3w las\\u00f3w, powo\\u0142ano nowe rezerwaty i zatrzymano wycinki w Puszczy Bia\\u0142owieskiej oraz cz\\u0119\\u015bci najcenniejszych las\\u00f3w Karpat&quot;,&quot;cta_text&quot;:&quot;Wspieram&quot;,&quot;cta_link&quot;:&quot;#wspieram&quot;,&quot;attachment_srcset&quot;:&quot;https:\\\/\\\/www.greenpeace.org\\\/static\\\/planet4-poland-stateless\\\/2026\\\/01\\\/f589f0ca-36855424561_52835e4568_h-1-510x340.jpg 510w, https:\\\/\\\/www.greenpeace.org\\\/static\\\/planet4-poland-stateless\\\/2026\\\/01\\\/f589f0ca-36855424561_52835e4568_h-1-500x333.jpg 500w, https:\\\/\\\/www.greenpeace.org\\\/static\\\/planet4-poland-stateless\\\/2026\\\/01\\\/f589f0ca-36855424561_52835e4568_h-1-1024x683.jpg 1024w, https:\\\/\\\/www.greenpeace.org\\\/static\\\/planet4-poland-stateless\\\/2026\\\/01\\\/f589f0ca-36855424561_52835e4568_h-1-768x512.jpg 768w, https:\\\/\\\/www.greenpeace.org\\\/static\\\/planet4-poland-stateless\\\/2026\\\/01\\\/f589f0ca-36855424561_52835e4568_h-1-1536x1024.jpg 1536w, https:\\\/\\\/www.greenpeace.org\\\/static\\\/planet4-poland-stateless\\\/2026\\\/01\\\/f589f0ca-36855424561_52835e4568_h-1.jpg 1600w&quot;},{&quot;title&quot;:&quot;\\u00bb ochronili\\u015bmy \\u017cubry, walczymy o wilki i nied\\u017awiedzie&quot;,&quot;description&quot;:&quot;Doprowadzili\\u015bmy do wprowadzenia lepszej ochrony zagro\\u017conych wygini\\u0119ciem \\u017cubr\\u00f3w przed komercyjnymi odstrza\\u0142ami i nag\\u0142a\\u015bniamy pr\\u00f3by os\\u0142abienia ochrony innych zagro\\u017conych gatunk\\u00f3w, takich jak wilki czy nied\\u017awiedzie.&quot;,&quot;attachment&quot;:&quot;https:\\\/\\\/www.greenpeace.org\\\/static\\\/planet4-poland-stateless\\\/2019\\\/12\\\/fcdfb852-fcdfb852-zubr-510x340.jpg&quot;,&quot;cta_link&quot;:&quot;#wspieram&quot;,&quot;cta_text&quot;:&quot;Wspieram&quot;,&quot;attachment_srcset&quot;:&quot;https:\\\/\\\/www.greenpeace.org\\\/static\\\/planet4-poland-stateless\\\/2019\\\/12\\\/fcdfb852-fcdfb852-zubr-510x340.jpg 510w, https:\\\/\\\/www.greenpeace.org\\\/static\\\/planet4-poland-stateless\\\/2019\\\/12\\\/fcdfb852-fcdfb852-zubr-300x200.jpg 300w, https:\\\/\\\/www.greenpeace.org\\\/static\\\/planet4-poland-stateless\\\/2019\\\/12\\\/fcdfb852-fcdfb852-zubr-1024x683.jpg 1024w, https:\\\/\\\/www.greenpeace.org\\\/static\\\/planet4-poland-stateless\\\/2019\\\/12\\\/fcdfb852-fcdfb852-zubr-768x512.jpg 768w, https:\\\/\\\/www.greenpeace.org\\\/static\\\/planet4-poland-stateless\\\/2019\\\/12\\\/fcdfb852-fcdfb852-zubr.jpg 1200w&quot;},{&quot;title&quot;:&quot;\\u00bb chronimy pszczo\\u0142y, zatrzymali\\u015bmy truj\\u0105ce pestycydy&quot;,&quot;description&quot;:&quot;Dzi\\u0119ki latom stara\\u0144, uda\\u0142o si\\u0119 w UE i Polsce zatrzyma\\u0107 wykorzystanie w rolnictwie najbardziej szkodliwych dla zapylaczy pestycyd\\u00f3w, a Polska rozpocz\\u0119\\u0142a proces tworzenia krajowej strategii ochrony owad\\u00f3w zapylaj\\u0105cych.&quot;,&quot;attachment&quot;:&quot;https:\\\/\\\/www.greenpeace.org\\\/static\\\/planet4-poland-stateless\\\/2019\\\/09\\\/06967a4c-20190827_gp_pszczoly_0040-e1567699553450-482x340.jpg&quot;,&quot;cta_link&quot;:&quot;#wspieram&quot;,&quot;cta_text&quot;:&quot;Wspieram&quot;,&quot;attachment_srcset&quot;:&quot;https:\\\/\\\/www.greenpeace.org\\\/static\\\/planet4-poland-stateless\\\/2019\\\/09\\\/06967a4c-20190827_gp_pszczoly_0040-e1567699553450-482x340.jpg 482w, https:\\\/\\\/www.greenpeace.org\\\/static\\\/planet4-poland-stateless\\\/2019\\\/09\\\/06967a4c-20190827_gp_pszczoly_0040-e1567699553450-300x212.jpg 300w, https:\\\/\\\/www.greenpeace.org\\\/static\\\/planet4-poland-stateless\\\/2019\\\/09\\\/06967a4c-20190827_gp_pszczoly_0040-e1567699553450-768x541.jpg 768w, https:\\\/\\\/www.greenpeace.org\\\/static\\\/planet4-poland-stateless\\\/2019\\\/09\\\/06967a4c-20190827_gp_pszczoly_0040-e1567699553450-1024x722.jpg 1024w, https:\\\/\\\/www.greenpeace.org\\\/static\\\/planet4-poland-stateless\\\/2019\\\/09\\\/06967a4c-20190827_gp_pszczoly_0040-e1567699553450-1938x1366.jpg 1938w, https:\\\/\\\/www.greenpeace.org\\\/static\\\/planet4-poland-stateless\\\/2019\\\/09\\\/06967a4c-20190827_gp_pszczoly_0040-e1567699553450.jpg 2000w&quot;},{&quot;title&quot;:&quot;\\u00bb ujawnili\\u015bmy winnych katastrofy w Odrze&quot;,&quot;description&quot;:&quot;Doprowadzili\\u015bmy do ujawnienia i nag\\u0142o\\u015bnienia winnych katastrofy ekologicznej w Odrze i rozpocz\\u0119cia procesu, kt\\u00f3ry zagwarantuje bezpiecze\\u0144stwo Odry i innych rzek w przysz\\u0142o\\u015bci&quot;,&quot;attachment&quot;:&quot;https:\\\/\\\/www.greenpeace.org\\\/static\\\/planet4-poland-stateless\\\/2024\\\/08\\\/72b99070-martwe-ryby-453x340.webp&quot;,&quot;cta_link&quot;:&quot;#wspieram&quot;,&quot;cta_text&quot;:&quot;Wspieram&quot;,&quot;link_new_tab&quot;:false,&quot;attachment_srcset&quot;:&quot;https:\\\/\\\/www.greenpeace.org\\\/static\\\/planet4-poland-stateless\\\/2024\\\/08\\\/72b99070-martwe-ryby-453x340.webp 453w, https:\\\/\\\/www.greenpeace.org\\\/static\\\/planet4-poland-stateless\\\/2024\\\/08\\\/72b99070-martwe-ryby-500x375.webp 500w, https:\\\/\\\/www.greenpeace.org\\\/static\\\/planet4-poland-stateless\\\/2024\\\/08\\\/72b99070-martwe-ryby-1024x768.webp 1024w, https:\\\/\\\/www.greenpeace.org\\\/static\\\/planet4-poland-stateless\\\/2024\\\/08\\\/72b99070-martwe-ryby-768x576.webp 768w, https:\\\/\\\/www.greenpeace.org\\\/static\\\/planet4-poland-stateless\\\/2024\\\/08\\\/72b99070-martwe-ryby.webp 1200w&quot;}],&quot;className&quot;:&quot;is-style-image&quot;,&quot;metadata&quot;:{&quot;name&quot;:&quot;Co robimy - przyroda&quot;,&quot;categories&quot;:[121],&quot;patternName&quot;:&quot;core\\\/block\\\/39588&quot;}}}\"><\/div><div data-render=\"planet4-blocks\/columns\" data-attributes=\"{&quot;attributes&quot;:{&quot;columns_block_style&quot;:&quot;image&quot;,&quot;columns_title&quot;:&quot; &quot;,&quot;columns&quot;:[{&quot;attachment&quot;:&quot;https:\\\/\\\/www.greenpeace.org\\\/static\\\/planet4-poland-stateless\\\/2019\\\/05\\\/185d761d-23558110_1712081725503521_1731942917_o-510x340.jpg&quot;,&quot;title&quot;:&quot;\\u00bb zatrzymali\\u015bmy plany budowy nowych kopalni&quot;,&quot;description&quot;:&quot;Dzi\\u0119ki naszym protestom i dzia\\u0142aniom prawnym setki milion\\u00f3w ton w\\u0119gla pozosta\\u0142o pod ziemi\\u0105, a korporacje energetyczne przyspieszy\\u0142y swoje daty odej\\u015bcia od spalania w\\u0119gla&quot;,&quot;cta_text&quot;:&quot;Wspieram&quot;,&quot;cta_link&quot;:&quot;#wspieram&quot;,&quot;attachment_srcset&quot;:&quot;https:\\\/\\\/www.greenpeace.org\\\/static\\\/planet4-poland-stateless\\\/2019\\\/05\\\/185d761d-23558110_1712081725503521_1731942917_o-510x340.jpg 510w, https:\\\/\\\/www.greenpeace.org\\\/static\\\/planet4-poland-stateless\\\/2019\\\/05\\\/185d761d-23558110_1712081725503521_1731942917_o-300x200.jpg 300w, https:\\\/\\\/www.greenpeace.org\\\/static\\\/planet4-poland-stateless\\\/2019\\\/05\\\/185d761d-23558110_1712081725503521_1731942917_o-768x512.jpg 768w, https:\\\/\\\/www.greenpeace.org\\\/static\\\/planet4-poland-stateless\\\/2019\\\/05\\\/185d761d-23558110_1712081725503521_1731942917_o-1024x683.jpg 1024w, https:\\\/\\\/www.greenpeace.org\\\/static\\\/planet4-poland-stateless\\\/2019\\\/05\\\/185d761d-23558110_1712081725503521_1731942917_o.jpg 2048w&quot;},{&quot;title&quot;:&quot;\\u00bb przyspieszyli\\u015bmy rozw\\u00f3j OZE&quot;,&quot;description&quot;:&quot;Po latach naszych dzia\\u0142a\\u0144 prawnych, legislacyjnych i akcji bezpo\\u015brednich na rzecz rozwoju czystych \\u017ar\\u00f3de\\u0142 energii w Polsce, w czerwcu 2025 po raz pierwszy w historii OZE przebi\\u0142y w Polsce w\\u0119giel w produkcji energii elektrycznej.&quot;,&quot;attachment&quot;:&quot;https:\\\/\\\/www.greenpeace.org\\\/static\\\/planet4-poland-stateless\\\/2024\\\/11\\\/331e1448-gp0stqf5i_medium-res-1200px-510x340.jpg&quot;,&quot;cta_text&quot;:&quot;Wspieram&quot;,&quot;cta_link&quot;:&quot;#wspieram&quot;,&quot;attachment_srcset&quot;:&quot;https:\\\/\\\/www.greenpeace.org\\\/static\\\/planet4-poland-stateless\\\/2024\\\/11\\\/331e1448-gp0stqf5i_medium-res-1200px-510x340.jpg 510w, https:\\\/\\\/www.greenpeace.org\\\/static\\\/planet4-poland-stateless\\\/2024\\\/11\\\/331e1448-gp0stqf5i_medium-res-1200px-500x333.jpg 500w, https:\\\/\\\/www.greenpeace.org\\\/static\\\/planet4-poland-stateless\\\/2024\\\/11\\\/331e1448-gp0stqf5i_medium-res-1200px-1024x683.jpg 1024w, https:\\\/\\\/www.greenpeace.org\\\/static\\\/planet4-poland-stateless\\\/2024\\\/11\\\/331e1448-gp0stqf5i_medium-res-1200px-768x512.jpg 768w, https:\\\/\\\/www.greenpeace.org\\\/static\\\/planet4-poland-stateless\\\/2024\\\/11\\\/331e1448-gp0stqf5i_medium-res-1200px.jpg 1200w&quot;},{&quot;title&quot;:&quot;\\u00bb przyspieszyli\\u015bmy odej\\u015bcie od w\\u0119gla i ropy z Rosji&quot;,&quot;description&quot;:&quot;Po wielu naszych protestach przeciwko importowi paliw kopalnych z Rosji, uda\\u0142o si\\u0119 przyspieszy\\u0107 odej\\u015bcie Polski od kupowania w\\u0119gla i ropy z Rosji.&quot;,&quot;attachment&quot;:&quot;https:\\\/\\\/www.greenpeace.org\\\/static\\\/planet4-poland-stateless\\\/2023\\\/02\\\/ab73eecf-20230224_gp_wisla_-170-510x340.jpg&quot;,&quot;cta_text&quot;:&quot;Wspieram&quot;,&quot;cta_link&quot;:&quot;#wspieram&quot;,&quot;attachment_srcset&quot;:&quot;https:\\\/\\\/www.greenpeace.org\\\/static\\\/planet4-poland-stateless\\\/2023\\\/02\\\/ab73eecf-20230224_gp_wisla_-170-510x340.jpg 510w, https:\\\/\\\/www.greenpeace.org\\\/static\\\/planet4-poland-stateless\\\/2023\\\/02\\\/ab73eecf-20230224_gp_wisla_-170-500x333.jpg 500w, https:\\\/\\\/www.greenpeace.org\\\/static\\\/planet4-poland-stateless\\\/2023\\\/02\\\/ab73eecf-20230224_gp_wisla_-170-1024x683.jpg 1024w, https:\\\/\\\/www.greenpeace.org\\\/static\\\/planet4-poland-stateless\\\/2023\\\/02\\\/ab73eecf-20230224_gp_wisla_-170-768x512.jpg 768w, https:\\\/\\\/www.greenpeace.org\\\/static\\\/planet4-poland-stateless\\\/2023\\\/02\\\/ab73eecf-20230224_gp_wisla_-170-1536x1024.jpg 1536w, https:\\\/\\\/www.greenpeace.org\\\/static\\\/planet4-poland-stateless\\\/2023\\\/02\\\/ab73eecf-20230224_gp_wisla_-170-2048x1366.jpg 2048w&quot;}],&quot;className&quot;:&quot;is-style-image&quot;,&quot;metadata&quot;:{&quot;name&quot;:&quot;Co robimy -  klimat&quot;,&quot;categories&quot;:[121],&quot;patternName&quot;:&quot;core\\\/block\\\/39590&quot;}}}\"><\/div>\n<div class=\"wp-block-query actions-list p4-query-loop is-custom-layout-actions-list is-custom-layout-grid is-layout-grid wp-container-core-query-is-layout-29f43435 wp-block-query-is-layout-grid\">\n<h2 class=\"wp-block-heading\">Wesprzyj kampani\u0119 najbli\u017csz\u0105 Twojemu sercu:<\/h2>\n\n\n\n<p style=\"margin-top:24px;margin-bottom:32px\"><\/p>\n\n\n\n\n<ul class=\"wp-block-post-template is-layout-flow wp-block-post-template-is-layout-flow\"><li class=\"wp-block-post post-2962 page type-page status-publish has-post-thumbnail hentry category-przyroda tag-lasy tag-puszcza-bialowieska tag-dzialaj tag-karpaty\">\n<figure class=\"wp-block-post-featured-image\"><img loading=\"lazy\" decoding=\"async\" width=\"2560\" height=\"1707\" src=\"https:\/\/www.greenpeace.org\/static\/planet4-poland-stateless\/2021\/11\/5d972764-gp0strcba_high_res-scaled.jpg\" class=\"attachment-post-thumbnail size-post-thumbnail wp-post-image wp-stateless-item\" alt=\"\" style=\"object-fit:cover;\" srcset=\"https:\/\/www.greenpeace.org\/static\/planet4-poland-stateless\/2021\/11\/5d972764-gp0strcba_high_res-scaled.jpg 2560w, https:\/\/www.greenpeace.org\/static\/planet4-poland-stateless\/2021\/11\/5d972764-gp0strcba_high_res-300x200.jpg 300w, https:\/\/www.greenpeace.org\/static\/planet4-poland-stateless\/2021\/11\/5d972764-gp0strcba_high_res-1024x683.jpg 1024w, https:\/\/www.greenpeace.org\/static\/planet4-poland-stateless\/2021\/11\/5d972764-gp0strcba_high_res-768x512.jpg 768w, https:\/\/www.greenpeace.org\/static\/planet4-poland-stateless\/2021\/11\/5d972764-gp0strcba_high_res-1536x1024.jpg 1536w, https:\/\/www.greenpeace.org\/static\/planet4-poland-stateless\/2021\/11\/5d972764-gp0strcba_high_res-2048x1366.jpg 2048w, https:\/\/www.greenpeace.org\/static\/planet4-poland-stateless\/2021\/11\/5d972764-gp0strcba_high_res-510x340.jpg 510w\" sizes=\"auto, (max-width: 2560px) 100vw, 2560px\" data-image-size=\"post-thumbnail\" data-stateless-media-bucket=\"planet4-poland-stateless\" data-stateless-media-name=\"2021\/11\/5d972764-gp0strcba_high_res-scaled.jpg\" \/><\/figure>\n\n\n<div class=\"wp-block-group group-stretched-link is-layout-flow wp-block-group-is-layout-flow\"><div class=\"wp-block-post-terms\">Przyroda<\/div>\n\n<h3 class=\"wp-block-post-title\"><a href=\"https:\/\/www.greenpeace.org\/poland\/dzialaj-old\/wesprzyj-ochrone-puszczy-bialowieskiej\/\" target=\"_self\" >Wesprzyj ochron\u0119 ostatnich dzikich las\u00f3w<\/a><\/h3>\n\n<div class=\"wp-block-post-excerpt\"><p class=\"wp-block-post-excerpt__excerpt\">Chro\u0144 z nami Puszcz\u0119 Bia\u0142owiesk\u0105, lasy Karpat i inne stare i cenne przyrodniczo lasy w Polsce i na \u015bwiecie! <\/p><\/div><\/div>\n\n\n\n<div class=\"wp-block-group read-more-nav is-layout-flow wp-block-group-is-layout-flow\"><a href=\"https:\/\/www.greenpeace.org\/poland\/dzialaj-old\/wesprzyj-ochrone-puszczy-bialowieskiej\/\" class=\"btn btn-primary btn-small\" aria-label=\"Wesprzyj!\">Wesprzyj!<\/a><\/div>\n\n<\/li><li class=\"wp-block-post post-709 page type-page status-publish has-post-thumbnail hentry category-przyroda category-rolnictwo tag-pszczoly tag-dzialaj\">\n<figure class=\"wp-block-post-featured-image\"><img loading=\"lazy\" decoding=\"async\" width=\"1500\" height=\"844\" src=\"https:\/\/www.greenpeace.org\/static\/planet4-poland-stateless\/2019\/06\/b733b406-bee-bumblebee-close-up-998248-e1565274653260.jpg\" class=\"attachment-post-thumbnail size-post-thumbnail wp-post-image wp-stateless-item\" alt=\"Pszczo\u0142a miodna\" style=\"object-fit:cover;\" data-image-size=\"post-thumbnail\" data-stateless-media-bucket=\"planet4-poland-stateless\" data-stateless-media-name=\"2019\/06\/b733b406-bee-bumblebee-close-up-998248-e1565274653260.jpg\" \/><\/figure>\n\n\n<div class=\"wp-block-group group-stretched-link is-layout-flow wp-block-group-is-layout-flow\"><div class=\"wp-block-post-terms\">Przyroda<\/div>\n\n<h3 class=\"wp-block-post-title\"><a href=\"https:\/\/www.greenpeace.org\/poland\/dzialaj-old\/wesprzyj-ochrone-pszczol-darowizna\/\" target=\"_self\" >Wesprzyj ochron\u0119 pszcz\u00f3\u0142<\/a><\/h3>\n\n<div class=\"wp-block-post-excerpt\"><p class=\"wp-block-post-excerpt__excerpt\">Wesprzyj dzia\u0142ania na rzecz Polski przyjaznej pszczo\u0142om i innym dzikim zapylaczom \ud83d\ude42 <\/p><\/div><\/div>\n\n\n\n<div class=\"wp-block-group read-more-nav is-layout-flow wp-block-group-is-layout-flow\"><a href=\"https:\/\/www.greenpeace.org\/poland\/dzialaj-old\/wesprzyj-ochrone-pszczol-darowizna\/\" class=\"btn btn-primary btn-small\" aria-label=\"Wesprzyj!\">Wesprzyj!<\/a><\/div>\n\n<\/li><li class=\"wp-block-post post-2965 page type-page status-publish has-post-thumbnail hentry category-klimat-energia tag-klimat tag-dzialaj\">\n<figure class=\"wp-block-post-featured-image\"><img loading=\"lazy\" decoding=\"async\" width=\"1600\" height=\"1063\" src=\"https:\/\/www.greenpeace.org\/static\/planet4-poland-stateless\/2019\/06\/b5d75777-12507343843_f11b5d683a_h.jpg\" class=\"attachment-post-thumbnail size-post-thumbnail wp-post-image wp-stateless-item\" alt=\"\" style=\"object-fit:cover;\" srcset=\"https:\/\/www.greenpeace.org\/static\/planet4-poland-stateless\/2019\/06\/b5d75777-12507343843_f11b5d683a_h.jpg 1600w, https:\/\/www.greenpeace.org\/static\/planet4-poland-stateless\/2019\/06\/b5d75777-12507343843_f11b5d683a_h-300x199.jpg 300w, https:\/\/www.greenpeace.org\/static\/planet4-poland-stateless\/2019\/06\/b5d75777-12507343843_f11b5d683a_h-768x510.jpg 768w, https:\/\/www.greenpeace.org\/static\/planet4-poland-stateless\/2019\/06\/b5d75777-12507343843_f11b5d683a_h-1024x680.jpg 1024w, https:\/\/www.greenpeace.org\/static\/planet4-poland-stateless\/2019\/06\/b5d75777-12507343843_f11b5d683a_h-510x340.jpg 510w\" sizes=\"auto, (max-width: 1600px) 100vw, 1600px\" data-image-size=\"post-thumbnail\" data-stateless-media-bucket=\"planet4-poland-stateless\" data-stateless-media-name=\"2019\/06\/b5d75777-12507343843_f11b5d683a_h.jpg\" \/><\/figure>\n\n\n<div class=\"wp-block-group group-stretched-link is-layout-flow wp-block-group-is-layout-flow\"><div class=\"wp-block-post-terms\">Klimat i energia<\/div>\n\n<h3 class=\"wp-block-post-title\"><a href=\"https:\/\/www.greenpeace.org\/poland\/dzialaj-old\/wesprzyj-ochrone-klimatu\/\" target=\"_self\" >Wesprzyj ochron\u0119 klimatu<\/a><\/h3>\n\n<div class=\"wp-block-post-excerpt\"><p class=\"wp-block-post-excerpt__excerpt\">Pom\u00f3\u017c nam dzia\u0142a\u0107 na rzecz odchodzenia od spalania paliw kopalnych. Ratujmy wsp\u00f3lnie klimat! <\/p><\/div><\/div>\n\n\n\n<div class=\"wp-block-group read-more-nav is-layout-flow wp-block-group-is-layout-flow\"><a href=\"https:\/\/www.greenpeace.org\/poland\/dzialaj-old\/wesprzyj-ochrone-klimatu\/\" class=\"btn btn-primary btn-small\" aria-label=\"Wesprzyj!\">Wesprzyj!<\/a><\/div>\n\n<\/li><\/ul>\n\n\n<div class=\"wp-block-buttons carousel-controls is-horizontal is-content-justification-space-between is-nowrap is-layout-flex wp-container-core-buttons-is-layout-044bd602 wp-block-buttons-is-layout-flex\">\n<div class=\"wp-block-button carousel-control-prev\"><button type=\"button\" class=\"wp-block-button__link wp-element-button\">Wstecz<\/button><\/div>\n\n\n\n<div class=\"wp-block-button carousel-control-next\"><button type=\"button\" class=\"wp-block-button__link wp-element-button\">Dalej<\/button><\/div>\n<\/div>\n\n\n\n<div class=\"wp-block-buttons load-more-actions-container is-content-justification-center is-layout-flex wp-container-core-buttons-is-layout-16018d1d wp-block-buttons-is-layout-flex\">\n<div class=\"wp-block-button is-style-secondary\"><button type=\"button\" class=\"wp-block-button__link wp-element-button\">Poka\u017c wi\u0119cej<\/button><\/div>\n<\/div>\n<\/div>\n\n<div style=\"height:54px\" aria-hidden=\"true\" class=\"wp-block-spacer\"><\/div>\n\n<hr class=\"wp-block-separator has-text-color has-grey-800-color has-css-opacity has-grey-800-background-color has-background is-style-wide\"\/>\n\n<h2 class=\"wp-block-heading\">Czy znasz nasz\u0105 Rewolucyjn\u0105 ksi\u0105\u017ck\u0119 kucharsk\u0105?<\/h2>\n\n<div class=\"wp-block-columns is-layout-flex wp-container-core-columns-is-layout-9d6595d7 wp-block-columns-is-layout-flex\">\n<div class=\"wp-block-column is-layout-flow wp-block-column-is-layout-flow\">\n<figure class=\"wp-block-image size-full\"><img loading=\"lazy\" decoding=\"async\" width=\"1000\" height=\"666\" src=\"https:\/\/www.greenpeace.org\/static\/planet4-poland-stateless\/2023\/10\/711a9c22-dsc03438-1.jpg\" alt=\"\" class=\"wp-image-33693\" srcset=\"https:\/\/www.greenpeace.org\/static\/planet4-poland-stateless\/2023\/10\/711a9c22-dsc03438-1.jpg 1000w, https:\/\/www.greenpeace.org\/static\/planet4-poland-stateless\/2023\/10\/711a9c22-dsc03438-1-500x333.jpg 500w, https:\/\/www.greenpeace.org\/static\/planet4-poland-stateless\/2023\/10\/711a9c22-dsc03438-1-768x511.jpg 768w, https:\/\/www.greenpeace.org\/static\/planet4-poland-stateless\/2023\/10\/711a9c22-dsc03438-1-510x340.jpg 510w\" sizes=\"auto, (max-width: 1000px) 100vw, 1000px\" \/><\/figure>\n<\/div>\n\n\n\n<div class=\"wp-block-column is-layout-flow wp-block-column-is-layout-flow\">\n<h2 class=\"wp-block-heading\">Rewolucyjna ksi\u0105\u017cka kucharska, czyli przepisy na lepsz\u0105 Polsk\u0119<\/h2>\n\n\n\n<p>Ju\u017c jest dost\u0119pna nasza ksi\u0105\u017cka z <strong>70 przepisami na pyszne ro\u015blinne dania z \u0142atwodost\u0119pnych sk\u0142adnik\u00f3w i 19 inspiruj\u0105cymi rozmowami o zmianach<\/strong>, kt\u00f3rych potrzebuje Polska, by by\u0142a przyjazna dla ludzi i przyrody. <\/p>\n\n\n\n<p>Wesprzyj nasze dzia\u0142ania i zam\u00f3w sw\u00f3j egzemplarz!<\/p>\n\n\n\n<div class=\"wp-block-buttons is-layout-flex wp-block-buttons-is-layout-flex\">\n<div class=\"wp-block-button is-style-cta\"><a class=\"wp-block-button__link wp-element-button\" href=\"https:\/\/rewolucyjna.pl\/?fundraiser=gppl\" target=\"_blank\" rel=\"noreferrer noopener\">Wesprzyj i zam\u00f3w \ud83d\ude42<\/a><\/div>\n<\/div>\n<\/div>\n<\/div>\n\n<p>Regulamin przekazywania darowizn online na rzecz Fundacji Greenpeace Polska mo\u017cna przeczyta\u0107 <a href=\"https:\/\/www.greenpeace.org\/poland\/regulamin-przekazywania-darowizn-online\/\" target=\"_blank\" rel=\"noreferrer noopener\">tuta<\/a><a rel=\"noreferrer noopener\" href=\"https:\/\/www.greenpeace.org\/poland\/regulamin-przekazywania-darowizn-na-stronie-greenpeace-org-poland\/\" target=\"_blank\">j<\/a>.<\/p>\n\n<script type=\"application\/javascript\" src=\"https:\/\/wspieram.greenpeace.pl\/action\/iframe-wordpress.js?lp=nature&amp;fundraiser=widget_wesprzyj\"><\/script>\n","protected":false},"excerpt":{"rendered":"<p>Do\u0142\u0105cz do gron fantastycznych os\u00f3b, kt\u00f3re wspieraj\u0105 nas niewielkimi regularnymi datkami i kt\u00f3re razem z nami zmieniaj\u0105 \u015bwiat!<\/p>\n","protected":false},"author":25,"featured_media":276,"parent":9,"menu_order":0,"comment_status":"closed","ping_status":"closed","template":"","meta":{"ep_exclude_from_search":false,"p4_hide_page_title_checkbox":"off","p4_title":"","p4_subtitle":"","p4_description":"","background_image_id":"","background_image":"","p4_button_title":"","p4_button_link":"","p4_button_link_checkbox":"","p4_og_title":"","p4_og_description":"","p4_og_image":"","p4_og_image_id":"","p4_seo_canonical_url":"","p4_campaign_name":"not set","p4_local_project":"not set","p4_basket_name":"not set","p4_department":"","footnotes":""},"categories":[],"tags":[23],"class_list":["post-2650","page","type-page","status-publish","has-post-thumbnail","hentry","tag-dzialaj"],"_links":{"self":[{"href":"https:\/\/www.greenpeace.org\/poland\/wp-json\/wp\/v2\/pages\/2650","targetHints":{"allow":["GET"]}}],"collection":[{"href":"https:\/\/www.greenpeace.org\/poland\/wp-json\/wp\/v2\/pages"}],"about":[{"href":"https:\/\/www.greenpeace.org\/poland\/wp-json\/wp\/v2\/types\/page"}],"author":[{"embeddable":true,"href":"https:\/\/www.greenpeace.org\/poland\/wp-json\/wp\/v2\/users\/25"}],"replies":[{"embeddable":true,"href":"https:\/\/www.greenpeace.org\/poland\/wp-json\/wp\/v2\/comments?post=2650"}],"version-history":[{"count":19,"href":"https:\/\/www.greenpeace.org\/poland\/wp-json\/wp\/v2\/pages\/2650\/revisions"}],"predecessor-version":[{"id":40032,"href":"https:\/\/www.greenpeace.org\/poland\/wp-json\/wp\/v2\/pages\/2650\/revisions\/40032"}],"up":[{"embeddable":true,"href":"https:\/\/www.greenpeace.org\/poland\/wp-json\/wp\/v2\/pages\/9"}],"wp:featuredmedia":[{"embeddable":true,"href":"https:\/\/www.greenpeace.org\/poland\/wp-json\/wp\/v2\/media\/276"}],"wp:attachment":[{"href":"https:\/\/www.greenpeace.org\/poland\/wp-json\/wp\/v2\/media?parent=2650"}],"wp:term":[{"taxonomy":"category","embeddable":true,"href":"https:\/\/www.greenpeace.org\/poland\/wp-json\/wp\/v2\/categories?post=2650"},{"taxonomy":"post_tag","embeddable":true,"href":"https:\/\/www.greenpeace.org\/poland\/wp-json\/wp\/v2\/tags?post=2650"}],"curies":[{"name":"wp","href":"https:\/\/api.w.org\/{rel}","templated":true}]}}