{"id":27693,"date":"2020-03-10T12:46:27","date_gmt":"2020-03-10T10:46:27","guid":{"rendered":"https:\/\/www.greenpeace.org\/poland\/?page_id=27693"},"modified":"2020-03-10T21:39:32","modified_gmt":"2020-03-10T19:39:32","slug":"greenpeace-pozywa-pge-giek-i-domaga-sie-od-spolki-nowej-strategii-ktora-bedzie-korzystna-dla-srodowiska-spolki-i-jej-pracownikow","status":"publish","type":"page","link":"https:\/\/www.greenpeace.org\/poland\/greenpeace-pozywa-pge-giek-i-domaga-sie-od-spolki-nowej-strategii-ktora-bedzie-korzystna-dla-srodowiska-spolki-i-jej-pracownikow\/","title":{"rendered":"Greenpeace pozywa PGE GiEK i domaga si\u0119 od sp\u00f3\u0142ki nowej strategii, kt\u00f3ra b\u0119dzie korzystna dla \u015brodowiska, sp\u00f3\u0142ki i jej pracownik\u00f3w"},"content":{"rendered":"\n<p><strong>Do pracownik\u00f3w grupy kapita\u0142owej PGE:<\/strong><\/p>\n\n<p>Szanowni Pa\u0144stwo,<\/p>\n\n<p>dzisiaj <strong>Greenpeace sk\u0142ada pozew przeciwko <\/strong>jednej ze sp\u00f3\u0142ek grupy kapita\u0142owej PGE Polska Grupa Energetyczna S.A. &#8211; <strong>PGE GiEK <\/strong>&#8211; najwi\u0119kszemu emitentowi gaz\u00f3w cieplarnianych w Polsce. <strong>Domagamy si\u0119, <\/strong>aby sp\u00f3\u0142ka zaprzesta\u0142a nowych inwestycji w\u0119glowych, a tak\u017ce opracowa\u0142a, opublikowa\u0142a i skutecznie wdro\u017cy\u0142a strategi\u0119 ograniczenia emisji gaz\u00f3w cieplarnianych &#8211; tak aby <strong>najp\u00f3\u017aniej w 2030 r. doprowadzi\u0107 do ich zerowej emisji z instalacji nale\u017c\u0105cych do sp\u00f3\u0142ki<\/strong>. Nowa strategia dzia\u0142ania powinna przynie\u015b\u0107 korzy\u015bci dla \u015brodowiska, sp\u00f3\u0142ki i jej pracownik\u00f3w.<\/p>\n\n<p><strong>Zosta\u0142a nam zaledwie dekada, by zapobiec katastrofie klimatycznej. <\/strong>Wed\u0142ug raportu Mi\u0119dzyrz\u0105dowego Zespo\u0142u ds. Zmiany Klimatu (IPCC), a tak\u017ce zgodnie z podpisanym przez Polsk\u0119 porozumieniem paryskim, musimy d\u0105\u017cy\u0107 do <strong>zatrzymania wzrostu \u015bredniej globalnej temperatury <\/strong>na poziomie nieprzekraczaj\u0105cym 1,5 stopnia Celsjusza wzgl\u0119dem epoki przedprzemys\u0142owej. <strong>Niezale\u017cne ekspertyzy, <\/strong>w tym ostatnio opublikowana analiza fundacji Instrat <strong>pokazuj\u0105, <\/strong>\u017ce aby tego dokona\u0107, <strong>Polska, podobnie jak inne kraje Unii Europejskiej, powinny <\/strong>znacz\u0105co ograniczy\u0107 emisj\u0119 gaz\u00f3w cieplarnianych i <strong>odej\u015b\u0107 od spalania w\u0119gla w energetyce do 2030 roku. <\/strong>Tymczasem elektrownie nale\u017c\u0105ce do PGE GiEK s\u0105 obecnie najwi\u0119kszym \u017ar\u00f3d\u0142em emisji gaz\u00f3w cieplarnianych w Polsce, a sp\u00f3\u0142ka w ostatnich latach budowa\u0142a nowe moce w\u0119glowe.<\/p>\n\n<p>Dlatego w\u0142a\u015bnie Greenpeace, podejmuj\u0105c wszelkie mo\u017cliwe dzia\u0142ania by chroni\u0107 klimat, sk\u0142ada pozew do s\u0105du i domaga si\u0119, by PGE GiEK przesta\u0142a przyczynia\u0107 si\u0119 do zmiany klimatu. <strong>Dekarbonizacja do roku 2030 <\/strong>to jedyna droga dla PGE i ca\u0142ego sektora elektroenergetycznego w Polsce, kt\u00f3ra:<\/p>\n\n<ul class=\"wp-block-list\"><li>pozwoli na <strong>zaprzestanie niszczenia \u015brodowiska &#8211; naszego wsp\u00f3lnego dobra <\/strong>oraz mo\u017ce odpowiedzie\u0107 na trwaj\u0105cy kryzys klimatyczny,<\/li><li>jest <strong>zgodna z wol\u0105 Polek i Polak\u00f3w. <\/strong>Wed\u0142ug badania Kantar z maja 2019 roku a\u017c 76 proc. Polek i Polak\u00f3w chce Polski bez w\u0119gla w 2030 roku.<\/li><\/ul>\n\n<p>Proces dekarbonizacji wymaga od sp\u00f3\u0142ki PGE GiEK oraz ca\u0142ej grupy PGE <strong>nowej strategii<\/strong>, kt\u00f3ra uwzgl\u0119dnia\u0142aby dynamiczny <strong>rozw\u00f3j odnawialnych \u017ar\u00f3de\u0142 energii<\/strong>, potrzeb\u0119 <strong>sprawiedliwej transformacji<\/strong> i odpowiada\u0142aby na obecne <strong>wyzwania: <\/strong>rynkowe &#8211; w szczeg\u00f3lno\u015bci rosn\u0105ce ceny emisji, spo\u0142eczne &#8211; wol\u0119 Polek i Polak\u00f3w, regulacyjne &#8211; w tym polityk\u0119 klimatyczn\u0105 Unii Europejskiej. Strategia taka oferowa\u0142aby pracownikom <strong>stabilne zatrudnienie w dynamicznie rozwijaj\u0105cej si\u0119, odwa\u017cnie mierz\u0105cej si\u0119 z wyzwaniami i odpowiedzialnej spo\u0142ecznie firmie<\/strong>. Tego w\u0142a\u015bnie Pa\u0144stwu \u017cyczymy.\u00a0<br><\/p>\n\n<p>Z wyrazami szacunku<\/p>\n\n<p>1) 2030. Analiza dot. granicznego roku odej\u015bcia od w\u0119gla w energetyce w Europie i Polsce. Luty 2020 <\/p>\n","protected":false},"excerpt":{"rendered":"<p>Do pracownik\u00f3w grupy kapita\u0142owej PGE: Szanowni Pa\u0144stwo, dzisiaj Greenpeace sk\u0142ada pozew przeciwko jednej ze sp\u00f3\u0142ek grupy kapita\u0142owej PGE Polska Grupa Energetyczna S.A. &#8211; PGE GiEK &#8211; najwi\u0119kszemu emitentowi gaz\u00f3w cieplarnianych w Polsce. Domagamy si\u0119, aby sp\u00f3\u0142ka zaprzesta\u0142a nowych inwestycji w\u0119glowych, a tak\u017ce opracowa\u0142a, opublikowa\u0142a i skutecznie wdro\u017cy\u0142a strategi\u0119 ograniczenia emisji gaz\u00f3w cieplarnianych &#8211; tak aby [&hellip;]<\/p>\n","protected":false},"author":25,"featured_media":0,"parent":0,"menu_order":0,"comment_status":"closed","ping_status":"closed","template":"page-templates\/evergreen.php","meta":{"ep_exclude_from_search":false,"p4_hide_page_title_checkbox":"on","p4_title":"","p4_subtitle":"","p4_description":"","background_image_id":"","background_image":"","p4_button_title":"","p4_button_link":"","p4_button_link_checkbox":"","p4_og_title":"","p4_og_description":"","p4_og_image":"","p4_og_image_id":"","p4_seo_canonical_url":"","p4_campaign_name":"not set","p4_local_project":"","p4_basket_name":"not set","p4_department":"","footnotes":""},"categories":[2],"tags":[],"class_list":["post-27693","page","type-page","status-publish","hentry","category-klimat-energia"],"_links":{"self":[{"href":"https:\/\/www.greenpeace.org\/poland\/wp-json\/wp\/v2\/pages\/27693","targetHints":{"allow":["GET"]}}],"collection":[{"href":"https:\/\/www.greenpeace.org\/poland\/wp-json\/wp\/v2\/pages"}],"about":[{"href":"https:\/\/www.greenpeace.org\/poland\/wp-json\/wp\/v2\/types\/page"}],"author":[{"embeddable":true,"href":"https:\/\/www.greenpeace.org\/poland\/wp-json\/wp\/v2\/users\/25"}],"replies":[{"embeddable":true,"href":"https:\/\/www.greenpeace.org\/poland\/wp-json\/wp\/v2\/comments?post=27693"}],"version-history":[{"count":2,"href":"https:\/\/www.greenpeace.org\/poland\/wp-json\/wp\/v2\/pages\/27693\/revisions"}],"predecessor-version":[{"id":27695,"href":"https:\/\/www.greenpeace.org\/poland\/wp-json\/wp\/v2\/pages\/27693\/revisions\/27695"}],"wp:attachment":[{"href":"https:\/\/www.greenpeace.org\/poland\/wp-json\/wp\/v2\/media?parent=27693"}],"wp:term":[{"taxonomy":"category","embeddable":true,"href":"https:\/\/www.greenpeace.org\/poland\/wp-json\/wp\/v2\/categories?post=27693"},{"taxonomy":"post_tag","embeddable":true,"href":"https:\/\/www.greenpeace.org\/poland\/wp-json\/wp\/v2\/tags?post=27693"}],"curies":[{"name":"wp","href":"https:\/\/api.w.org\/{rel}","templated":true}]}}