{"id":28569,"date":"2020-05-19T15:00:41","date_gmt":"2020-05-19T13:00:41","guid":{"rendered":"https:\/\/www.greenpeace.org\/poland\/?page_id=28569"},"modified":"2022-02-07T02:38:34","modified_gmt":"2022-02-07T00:38:34","slug":"podpisz-stop-fermom-przemyslowym","status":"publish","type":"page","link":"https:\/\/www.greenpeace.org\/poland\/dzialaj-old\/podpisz-stop-fermom-przemyslowym\/","title":{"rendered":"Podpisz: Stop fermom przemys\u0142owym"},"content":{"rendered":"","protected":false},"excerpt":{"rendered":"<p>Zatrzymajmy ekspansj\u0119 ferm przemys\u0142owych w Polsce &#8211; podpisz apel o wprowadzenie nowej polityki rolnej, kt\u00f3ra wspiera\u0107 b\u0119dzie rolnictwo bezpieczne dla klimatu oraz przyjazne zwierz\u0119tom i \u015brodowisku.<\/p>\n","protected":false},"author":25,"featured_media":28566,"parent":9,"menu_order":0,"comment_status":"closed","ping_status":"closed","template":"","meta":{"ep_exclude_from_search":false,"p4_hide_page_title_checkbox":"","p4_title":"","p4_subtitle":"","p4_description":"","background_image_id":"","background_image":"","p4_button_title":"","p4_button_link":"","p4_button_link_checkbox":"","p4_og_title":"","p4_og_description":"","p4_og_image":"","p4_og_image_id":"","p4_seo_canonical_url":"","p4_campaign_name":"not set","p4_local_project":"not set","p4_basket_name":"not set","p4_department":"","footnotes":""},"categories":[4],"tags":[35],"class_list":["post-28569","page","type-page","status-publish","has-post-thumbnail","hentry","category-rolnictwo","tag-chowprzemyslowy"],"_links":{"self":[{"href":"https:\/\/www.greenpeace.org\/poland\/wp-json\/wp\/v2\/pages\/28569","targetHints":{"allow":["GET"]}}],"collection":[{"href":"https:\/\/www.greenpeace.org\/poland\/wp-json\/wp\/v2\/pages"}],"about":[{"href":"https:\/\/www.greenpeace.org\/poland\/wp-json\/wp\/v2\/types\/page"}],"author":[{"embeddable":true,"href":"https:\/\/www.greenpeace.org\/poland\/wp-json\/wp\/v2\/users\/25"}],"replies":[{"embeddable":true,"href":"https:\/\/www.greenpeace.org\/poland\/wp-json\/wp\/v2\/comments?post=28569"}],"version-history":[{"count":5,"href":"https:\/\/www.greenpeace.org\/poland\/wp-json\/wp\/v2\/pages\/28569\/revisions"}],"predecessor-version":[{"id":31451,"href":"https:\/\/www.greenpeace.org\/poland\/wp-json\/wp\/v2\/pages\/28569\/revisions\/31451"}],"up":[{"embeddable":true,"href":"https:\/\/www.greenpeace.org\/poland\/wp-json\/wp\/v2\/pages\/9"}],"wp:featuredmedia":[{"embeddable":true,"href":"https:\/\/www.greenpeace.org\/poland\/wp-json\/wp\/v2\/media\/28566"}],"wp:attachment":[{"href":"https:\/\/www.greenpeace.org\/poland\/wp-json\/wp\/v2\/media?parent=28569"}],"wp:term":[{"taxonomy":"category","embeddable":true,"href":"https:\/\/www.greenpeace.org\/poland\/wp-json\/wp\/v2\/categories?post=28569"},{"taxonomy":"post_tag","embeddable":true,"href":"https:\/\/www.greenpeace.org\/poland\/wp-json\/wp\/v2\/tags?post=28569"}],"curies":[{"name":"wp","href":"https:\/\/api.w.org\/{rel}","templated":true}]}}