{"id":28583,"date":"2020-05-19T20:55:43","date_gmt":"2020-05-19T18:55:43","guid":{"rendered":"https:\/\/www.greenpeace.org\/poland\/?page_id=28583"},"modified":"2024-03-26T15:22:38","modified_gmt":"2024-03-26T13:22:38","slug":"pszczele-kursy-online","status":"publish","type":"page","link":"https:\/\/www.greenpeace.org\/poland\/dzialaj-old\/pszczele-kursy-online\/","title":{"rendered":"Zapisz si\u0119 na pszczele kursy online"},"content":{"rendered":"\n                    <div class=\"wp-block-group is-vertical is-layout-flex wp-container-core-group-is-layout-8cf370e7 wp-block-group-is-layout-flex\">\n                    \n                                <p>Ka\u017cdy i ka\u017cda z nas mo\u017ce pom\u00f3c pszczo\u0142om i innym zapylaczom we w\u0142asnym zakresie. Mo\u017cesz stworzy\u0107 pszczeli raj w swoim ogrodzie czy balkonie, mo\u017cesz stworzy\u0107 w\u0142asny hotelik dla zapylaczy, a je\u015bli pracujesz z dzie\u0107mi &#8211; mo\u017cesz poprowadzi\u0107 dla nich zaj\u0119cia. U nas znajdziesz inspiracj\u0119!<\/p>\n                            \n\n                    \n                    <\/div>\n                    ","protected":false},"excerpt":{"rendered":"<p>Zapraszamy na 3 darmowe kursy online:  budowy pszczelich domk\u00f3w, zmiany balkonu\/ogrodu w pszczeli raj i pog\u0142\u0119bionej wiedzy o zapylaczach!<\/p>\n","protected":false},"author":25,"featured_media":2891,"parent":9,"menu_order":0,"comment_status":"closed","ping_status":"closed","template":"","meta":{"ep_exclude_from_search":false,"p4_hide_page_title_checkbox":"","p4_title":"","p4_subtitle":"","p4_description":"","background_image_id":"","background_image":"","p4_button_title":"","p4_button_link":"","p4_button_link_checkbox":"","p4_og_title":"","p4_og_description":"","p4_og_image":"","p4_og_image_id":"","p4_seo_canonical_url":"","p4_campaign_name":"not set","p4_local_project":"not set","p4_basket_name":"not set","p4_department":"","footnotes":""},"categories":[4],"tags":[23,28],"class_list":["post-28583","page","type-page","status-publish","has-post-thumbnail","hentry","category-rolnictwo","tag-dzialaj","tag-pszczoly"],"_links":{"self":[{"href":"https:\/\/www.greenpeace.org\/poland\/wp-json\/wp\/v2\/pages\/28583","targetHints":{"allow":["GET"]}}],"collection":[{"href":"https:\/\/www.greenpeace.org\/poland\/wp-json\/wp\/v2\/pages"}],"about":[{"href":"https:\/\/www.greenpeace.org\/poland\/wp-json\/wp\/v2\/types\/page"}],"author":[{"embeddable":true,"href":"https:\/\/www.greenpeace.org\/poland\/wp-json\/wp\/v2\/users\/25"}],"replies":[{"embeddable":true,"href":"https:\/\/www.greenpeace.org\/poland\/wp-json\/wp\/v2\/comments?post=28583"}],"version-history":[{"count":6,"href":"https:\/\/www.greenpeace.org\/poland\/wp-json\/wp\/v2\/pages\/28583\/revisions"}],"predecessor-version":[{"id":34408,"href":"https:\/\/www.greenpeace.org\/poland\/wp-json\/wp\/v2\/pages\/28583\/revisions\/34408"}],"up":[{"embeddable":true,"href":"https:\/\/www.greenpeace.org\/poland\/wp-json\/wp\/v2\/pages\/9"}],"wp:featuredmedia":[{"embeddable":true,"href":"https:\/\/www.greenpeace.org\/poland\/wp-json\/wp\/v2\/media\/2891"}],"wp:attachment":[{"href":"https:\/\/www.greenpeace.org\/poland\/wp-json\/wp\/v2\/media?parent=28583"}],"wp:term":[{"taxonomy":"category","embeddable":true,"href":"https:\/\/www.greenpeace.org\/poland\/wp-json\/wp\/v2\/categories?post=28583"},{"taxonomy":"post_tag","embeddable":true,"href":"https:\/\/www.greenpeace.org\/poland\/wp-json\/wp\/v2\/tags?post=28583"}],"curies":[{"name":"wp","href":"https:\/\/api.w.org\/{rel}","templated":true}]}}