{"id":28648,"date":"2020-06-09T16:14:56","date_gmt":"2020-06-09T14:14:56","guid":{"rendered":"https:\/\/www.greenpeace.org\/poland\/?page_id=28648"},"modified":"2025-01-14T13:01:29","modified_gmt":"2025-01-14T11:01:29","slug":"bez-miesa","status":"publish","type":"page","link":"https:\/\/www.greenpeace.org\/poland\/dzialaj-old\/bez-miesa\/","title":{"rendered":"Podejmij wyzwanie: Tydzie\u0144 bez Mi\u0119sa"},"content":{"rendered":"","protected":false},"excerpt":{"rendered":"<p>Przygotowali\u015bmy dla Ciebie siedem codziennych maili, w kt\u00f3rych chcemy pokaza\u0107, \u017ce jedz\u0105c #PoProstuMniej mniej mi\u0119sa, mo\u017cesz dzia\u0142a\u0107 na rzecz naszego zdrowia, przyrody, zwierz\u0105t i klimatu. Podzielimy si\u0119 z Tob\u0105 ro\u015blinnymi przepisami z sezonowych i lokalnych warzyw i owoc\u00f3w<\/p>\n","protected":false},"author":25,"featured_media":2796,"parent":9,"menu_order":0,"comment_status":"closed","ping_status":"closed","template":"","meta":{"ep_exclude_from_search":false,"p4_hide_page_title_checkbox":"on","p4_title":"","p4_subtitle":"","p4_description":"","background_image_id":"","background_image":"","p4_button_title":"","p4_button_link":"","p4_button_link_checkbox":"","p4_og_title":"Dowiedz si\u0119, jak m\u0105drze i bezpiecznie ograniczy\u0107 spo\u017cycie mi\u0119sa","p4_og_description":"Zapisz si\u0119 na seri\u0119 maili","p4_og_image":"","p4_og_image_id":"","p4_seo_canonical_url":"","p4_campaign_name":"Local Campaign","p4_local_project":"not set","p4_basket_name":"Forests","p4_department":"","footnotes":""},"categories":[4],"tags":[23,35],"class_list":["post-28648","page","type-page","status-publish","has-post-thumbnail","hentry","category-rolnictwo","tag-dzialaj","tag-chowprzemyslowy"],"_links":{"self":[{"href":"https:\/\/www.greenpeace.org\/poland\/wp-json\/wp\/v2\/pages\/28648","targetHints":{"allow":["GET"]}}],"collection":[{"href":"https:\/\/www.greenpeace.org\/poland\/wp-json\/wp\/v2\/pages"}],"about":[{"href":"https:\/\/www.greenpeace.org\/poland\/wp-json\/wp\/v2\/types\/page"}],"author":[{"embeddable":true,"href":"https:\/\/www.greenpeace.org\/poland\/wp-json\/wp\/v2\/users\/25"}],"replies":[{"embeddable":true,"href":"https:\/\/www.greenpeace.org\/poland\/wp-json\/wp\/v2\/comments?post=28648"}],"version-history":[{"count":20,"href":"https:\/\/www.greenpeace.org\/poland\/wp-json\/wp\/v2\/pages\/28648\/revisions"}],"predecessor-version":[{"id":35893,"href":"https:\/\/www.greenpeace.org\/poland\/wp-json\/wp\/v2\/pages\/28648\/revisions\/35893"}],"up":[{"embeddable":true,"href":"https:\/\/www.greenpeace.org\/poland\/wp-json\/wp\/v2\/pages\/9"}],"wp:featuredmedia":[{"embeddable":true,"href":"https:\/\/www.greenpeace.org\/poland\/wp-json\/wp\/v2\/media\/2796"}],"wp:attachment":[{"href":"https:\/\/www.greenpeace.org\/poland\/wp-json\/wp\/v2\/media?parent=28648"}],"wp:term":[{"taxonomy":"category","embeddable":true,"href":"https:\/\/www.greenpeace.org\/poland\/wp-json\/wp\/v2\/categories?post=28648"},{"taxonomy":"post_tag","embeddable":true,"href":"https:\/\/www.greenpeace.org\/poland\/wp-json\/wp\/v2\/tags?post=28648"}],"curies":[{"name":"wp","href":"https:\/\/api.w.org\/{rel}","templated":true}]}}