{"id":29263,"date":"2020-08-17T20:10:47","date_gmt":"2020-08-17T18:10:47","guid":{"rendered":"https:\/\/www.greenpeace.org\/poland\/?page_id=29263"},"modified":"2025-07-10T12:35:11","modified_gmt":"2025-07-10T10:35:11","slug":"narodowa-strategia-ochrony-owadow-zapylajacych","status":"publish","type":"page","link":"https:\/\/www.greenpeace.org\/poland\/narodowa-strategia-ochrony-owadow-zapylajacych\/","title":{"rendered":"Narodowa Strategia Ochrony Owad\u00f3w Zapylaj\u0105cych"},"content":{"rendered":"\n<div class=\"wp-block-planet4-blocks-carousel-header\"><div data-hydrate=\"planet4-blocks\/carousel-header\" data-attributes=\"{&quot;slides&quot;:[{&quot;image&quot;:30397,&quot;focal_points&quot;:{&quot;x&quot;:&quot;0.63&quot;,&quot;y&quot;:&quot;0.51&quot;},&quot;header&quot;:&quot;Narodowa Strategia Ochrony Owad\u00f3w Zapylaj\u0105cych&quot;,&quot;description&quot;:&quot;A\u017c trzy czwarte tego, co jemy, jest w jaki\u015b spos\u00f3b zale\u017cne od pracy owad\u00f3w zapylaj\u0105cych. Gdyby nie ich codzienna praca, nasza dieta by\u0142aby znacznie bardziej monotonna i droga, za\u015b ekosystemy ponios\u0142yby niepowetowane straty. Niestety od jakiego\u015b czasu pszczo\u0142om wiedzie si\u0119 coraz gorzej - choroby, paso\u017cyty, pestycydy, zmiany klimatu - to tylko niekt\u00f3re z czynnik\u00f3w, kt\u00f3re zagra\u017caj\u0105 zapylaczom. &lt;br&gt;&quot;,&quot;link_text&quot;:&quot;&quot;,&quot;link_url&quot;:&quot;&quot;,&quot;link_url_new_tab&quot;:false,&quot;image_url&quot;:&quot;https:\/\/www.greenpeace.org\/static\/planet4-poland-stateless\/2021\/07\/a6052cea-adobestock_381751830-scaled.jpeg&quot;,&quot;image_srcset&quot;:&quot;https:\/\/www.greenpeace.org\/static\/planet4-poland-stateless\/2021\/07\/a6052cea-adobestock_381751830-150x150.jpeg 150w,https:\/\/www.greenpeace.org\/static\/planet4-poland-stateless\/2021\/07\/a6052cea-adobestock_381751830-300x200.jpeg 300w,https:\/\/www.greenpeace.org\/static\/planet4-poland-stateless\/2021\/07\/a6052cea-adobestock_381751830-1024x683.jpeg 1024w,https:\/\/www.greenpeace.org\/static\/planet4-poland-stateless\/2021\/07\/a6052cea-adobestock_381751830-510x340.jpeg 510w,https:\/\/www.greenpeace.org\/static\/planet4-poland-stateless\/2021\/07\/a6052cea-adobestock_381751830-2048x1366.jpeg 2048w,https:\/\/www.greenpeace.org\/static\/planet4-poland-stateless\/2021\/07\/a6052cea-adobestock_381751830-scaled.jpeg 2560w&quot;}]}\" data-reactroot=\"\"><section class=\"block block-header alignfull carousel-header \"><div class=\"carousel-wrapper-header\"><div class=\"carousel-inner\" role=\"listbox\"><div class=\"carousel-item active\"><div class=\"carousel-item-mask\"><div class=\"background-holder\"><img decoding=\"async\" src=\"https:\/\/www.greenpeace.org\/static\/planet4-poland-stateless\/2021\/07\/a6052cea-adobestock_381751830-scaled.jpeg\" style=\"object-position:63% 51%\" srcSet=\"https:\/\/www.greenpeace.org\/static\/planet4-poland-stateless\/2021\/07\/a6052cea-adobestock_381751830-150x150.jpeg 150w,https:\/\/www.greenpeace.org\/static\/planet4-poland-stateless\/2021\/07\/a6052cea-adobestock_381751830-300x200.jpeg 300w,https:\/\/www.greenpeace.org\/static\/planet4-poland-stateless\/2021\/07\/a6052cea-adobestock_381751830-1024x683.jpeg 1024w,https:\/\/www.greenpeace.org\/static\/planet4-poland-stateless\/2021\/07\/a6052cea-adobestock_381751830-510x340.jpeg 510w,https:\/\/www.greenpeace.org\/static\/planet4-poland-stateless\/2021\/07\/a6052cea-adobestock_381751830-2048x1366.jpeg 2048w,https:\/\/www.greenpeace.org\/static\/planet4-poland-stateless\/2021\/07\/a6052cea-adobestock_381751830-scaled.jpeg 2560w\"\/><\/div><div class=\"carousel-caption\"><div class=\"caption-overlay\"><\/div><div class=\"container main-header\"><div class=\"carousel-captions-wrapper\"><h2>Narodowa Strategia Ochrony Owad\u00f3w Zapylaj\u0105cych<\/h2><p>A\u017c trzy czwarte tego, co jemy, jest w jaki\u015b spos\u00f3b zale\u017cne od pracy owad\u00f3w zapylaj\u0105cych. Gdyby nie ich codzienna praca, nasza dieta by\u0142aby znacznie bardziej monotonna i droga, za\u015b ekosystemy ponios\u0142yby niepowetowane straty. Niestety od jakiego\u015b czasu pszczo\u0142om wiedzie si\u0119 coraz gorzej &#8211; choroby, paso\u017cyty, pestycydy, zmiany klimatu &#8211; to tylko niekt\u00f3re z czynnik\u00f3w, kt\u00f3re zagra\u017caj\u0105 zapylaczom. <br><\/p><\/div><\/div><\/div><\/div><\/div><\/div><\/div><\/section><\/div><\/div>\n\n<p class=\"is-style-roboto-font-family has-medium-font-size\"><strong>Najwy\u017cszy czas dzia\u0142a\u0107! Dlatego powsta\u0142a Narodow\u0105 Strategi\u0119 Ochrony Owad\u00f3w Zapylaj\u0105cych. Musimy zrobi\u0107 wszystko, co mo\u017cliwe, aby nasz kraj by\u0142 prawdziwie przyjazny pszczo\u0142om! <\/strong><\/p>\n<div data-render=\"planet4-blocks\/columns\" data-attributes=\"{&quot;attributes&quot;:{&quot;columns_title&quot;:&quot;&quot;,&quot;columns_description&quot;:&quot;&quot;,&quot;columns&quot;:[{&quot;title&quot;:&quot;O Strategii&quot;,&quot;description&quot;:&quot;Przedstawiamy wszechstronny plan dzia\\u0142ania, wyznaczaj\\u0105cy kierunki i dzia\\u0142ania dla ochrony owad\\u00f3w zapylaj\\u0105cych: Narodow\\u0105 Strategi\\u0119 Ochrony Owad\\u00f3w Zapylaj\\u0105cych! Wraz z zespo\\u0142em naukowc\\u00f3w, pszczelarzami i wszystkimi, kt\\u00f3rzy dbaj\\u0105 o pszczo\\u0142y okre\\u015blili\\u015bmy obszary problem\\u00f3w oraz wyznaczyli\\u015bmy strefy interwencji niezb\\u0119dnych, aby chroni\\u0107 populacj\\u0119 zapylaczy w Polsce. Od naszych najbli\\u017cszych s\\u0105siad\\u00f3w p\\u0142yn\\u0105 alarmuj\\u0105ce sygna\\u0142y o spadku populacji pszcz\\u00f3\\u0142. Nie mo\\u017cemy sobie pozwoli\\u0107 na to, \\u017ceby Polska nie mia\\u0142a takiego planu!&quot;,&quot;attachment&quot;:0,&quot;cta_link&quot;:&quot;&quot;,&quot;cta_text&quot;:&quot;&quot;,&quot;link_new_tab&quot;:false},{&quot;title&quot;:&quot;&quot;,&quot;description&quot;:&quot;Po debatach obywatelskich, ocenie Rady Spo\\u0142ecznej i konsultacjach spo\\u0142ecznych - przedstawiamy Strategi\\u0119! Tym samym otwieramy kolejny etap prac, kt\\u00f3ry zak\\u0142ada stworzenie szerokiej koalicji i rozwini\\u0119cie kierunk\\u00f3w dzia\\u0142a\\u0144 zawartych w strategii w taki spos\\u00f3b, by Polska sta\\u0142a si\\u0119 krajem prawdziwie przyjaznym pszczo\\u0142om. W ostatecznej formie nasz wsp\\u00f3lny, obywatelski plan trafi\\u0142 do Ministerstwa Rolnictwa i Rozwoju Wsi oraz do Ministerstwa Klimatu i \\u015arodowiska - gotowy do wprowadzenia w \\u017cycie. Czas dzia\\u0142a\\u0107!&quot;,&quot;attachment&quot;:0,&quot;cta_link&quot;:&quot;&quot;,&quot;cta_text&quot;:&quot;&quot;,&quot;link_new_tab&quot;:false}],&quot;className&quot;:&quot;is-style-no_image&quot;,&quot;columns_block_style&quot;:&quot;no_image&quot;}}\"><\/div>\n<figure class=\"wp-block-embed is-type-video is-provider-vimeo wp-block-embed-vimeo wp-embed-aspect-16-9 wp-has-aspect-ratio\"><div class=\"wp-block-embed__wrapper\">\n<iframe loading=\"lazy\" title=\"Narodowa Strategia Ochrony Owad\u00f3w Zapylaj\u0105cych\" src=\"https:\/\/player.vimeo.com\/video\/448569357?dnt=1&amp;app_id=122963\" width=\"500\" height=\"281\" frameborder=\"0\" allow=\"autoplay; fullscreen; picture-in-picture; clipboard-write\"><\/iframe>\n<\/div><\/figure>\n<div data-render=\"planet4-blocks\/columns\" data-attributes=\"{&quot;attributes&quot;:{&quot;columns_block_style&quot;:&quot;icons&quot;,&quot;columns_title&quot;:&quot;Rada Naukowa Strategii&quot;,&quot;columns_description&quot;:&quot;Rada naukowa opracowa\\u0142a dokument Strategii. W sk\\u0142ad Rady Naukowej wchodz\\u0105 eksperci zajmuj\\u0105cy si\\u0119 przekrojem zagadnie\\u0144 zwi\\u0105zanych z prac\\u0105 naukow\\u0105 po\\u015bwi\\u0119con\\u0105 owadom zapylaj\\u0105cym w Polsce.&quot;,&quot;columns&quot;:[{&quot;title&quot;:&quot;Prof. dr hab. Bo\\u017cena Denisow&quot;,&quot;description&quot;:&quot;Katedra Botaniki i Fizjologii Ro\\u015blin, Zak\\u0142ad Biologii Ro\\u015blin, Wydzia\\u0142 Biologii \\u015arodowiskowej, Uniwersytet Przyrodniczy w Lublinie&quot;,&quot;attachment&quot;:&quot;https:\\\/\\\/www.greenpeace.org\\\/static\\\/planet4-poland-stateless\\\/2020\\\/08\\\/dca351fe-bozena-denisow-150x150.png&quot;,&quot;cta_link&quot;:&quot;&quot;,&quot;cta_text&quot;:&quot;&quot;,&quot;link_new_tab&quot;:false,&quot;attachment_srcset&quot;:false},{&quot;title&quot;:&quot;Dr Anna Gajda&quot;,&quot;description&quot;:&quot;Instytut Medycyny Weterynaryjnej, Katedra Patologii i Diagnostyki Weterynaryjnej, Pracownia Chor\\u00f3b Owad\\u00f3w U\\u017cytkowych, Szko\\u0142a G\\u0142\\u00f3wna Gospodarstwa Wiejskiego&quot;,&quot;attachment&quot;:&quot;https:\\\/\\\/www.greenpeace.org\\\/static\\\/planet4-poland-stateless\\\/2020\\\/08\\\/0070a04c-anna-gajda-150x150.png&quot;,&quot;cta_link&quot;:&quot;&quot;,&quot;cta_text&quot;:&quot;&quot;,&quot;link_new_tab&quot;:false,&quot;attachment_srcset&quot;:false},{&quot;title&quot;:&quot;Dr Tomasz Kiljanek&quot;,&quot;description&quot;:&quot;Zak\\u0142ad Farmakologii i Toksykologii, Pa\\u0144stwowy Instytut Weterynaryjny \\u2013 Pa\\u0144stwowy Instytut Badawczy&quot;,&quot;attachment&quot;:&quot;https:\\\/\\\/www.greenpeace.org\\\/static\\\/planet4-poland-stateless\\\/2020\\\/08\\\/029bd083-tomasz-kiljanek-150x150.png&quot;,&quot;cta_link&quot;:&quot;&quot;,&quot;cta_text&quot;:&quot;&quot;,&quot;link_new_tab&quot;:false,&quot;attachment_srcset&quot;:false},{&quot;title&quot;:&quot;&quot;,&quot;description&quot;:&quot;&quot;,&quot;attachment&quot;:0,&quot;cta_link&quot;:&quot;&quot;,&quot;cta_text&quot;:&quot;&quot;,&quot;link_new_tab&quot;:false}],&quot;className&quot;:&quot;is-style-icons&quot;}}\"><\/div><div data-render=\"planet4-blocks\/columns\" data-attributes=\"{&quot;attributes&quot;:{&quot;columns_block_style&quot;:&quot;icons&quot;,&quot;columns&quot;:[{&quot;title&quot;:&quot;Dr hab. Paulina Kramarz, prof. UJ&quot;,&quot;description&quot;:&quot;Instytut Nauk o \\u015arodowisku, Uniwersytet Jagiello\\u0144ski&quot;,&quot;attachment&quot;:&quot;https:\\\/\\\/www.greenpeace.org\\\/static\\\/planet4-poland-stateless\\\/2020\\\/08\\\/92ce40cf-paulina-kramarz-150x150.png&quot;,&quot;cta_link&quot;:&quot;&quot;,&quot;cta_text&quot;:&quot;&quot;,&quot;link_new_tab&quot;:false,&quot;attachment_srcset&quot;:false},{&quot;title&quot;:&quot;Dr hab. Hajnalka Szentgy\\u00f6rgyi&quot;,&quot;description&quot;:&quot;Instytut Botaniki, Wydzia\\u0142 Biologii, Uniwersytet Jagiello\\u0144ski&quot;,&quot;attachment&quot;:&quot;https:\\\/\\\/www.greenpeace.org\\\/static\\\/planet4-poland-stateless\\\/2020\\\/08\\\/aff9a712-hajnalka-zzentgyorgyi-150x150.png&quot;,&quot;cta_link&quot;:&quot;&quot;,&quot;cta_text&quot;:&quot;&quot;,&quot;link_new_tab&quot;:false,&quot;attachment_srcset&quot;:false},{&quot;title&quot;:&quot;Dr hab. Marcin Zych, prof. UW&quot;,&quot;description&quot;:&quot;Wydzia\\u0142 Biologii, Ogr\\u00f3d Botaniczny, Uniwersytet Warszawski&quot;,&quot;attachment&quot;:&quot;https:\\\/\\\/www.greenpeace.org\\\/static\\\/planet4-poland-stateless\\\/2020\\\/08\\\/3f134344-marcin-zych-150x150.png&quot;,&quot;cta_link&quot;:&quot;&quot;,&quot;cta_text&quot;:&quot;&quot;,&quot;link_new_tab&quot;:false,&quot;attachment_srcset&quot;:false}],&quot;className&quot;:&quot;is-style-icons&quot;}}\"><\/div><div data-render=\"planet4-blocks\/columns\" data-attributes=\"{&quot;attributes&quot;:{&quot;columns_title&quot;:&quot;Rada Spo\\u0142eczna Strategii&quot;,&quot;columns_description&quot;:&quot;Rada spo\\u0142eczna sk\\u0142ada si\\u0119 z naukowc\\u00f3w i pszczelarzy i wykona\\u0142a ogrom prac recenzenckich i konsultacji merytorycznych Strategii.&quot;,&quot;columns&quot;:[{&quot;title&quot;:&quot;Dr hab. Ma\\u0142gorzata Bie\\u0144kowska&quot;,&quot;description&quot;:&quot;Pracownia Hodowli Pszcz\\u00f3\\u0142, Instytut Ogrodnictwa Zak\\u0142ad Pszczelnictwa w Pu\\u0142awach&quot;,&quot;attachment&quot;:0,&quot;cta_link&quot;:&quot;&quot;,&quot;cta_text&quot;:&quot;&quot;,&quot;link_new_tab&quot;:false},{&quot;title&quot;:&quot;Prof. dr hab. Emilia Brzosko&quot;,&quot;description&quot;:&quot;Instytut Biologii, Zak\\u0142ad Ekologii Ro\\u015blin, Uniwersytet w Bia\\u0142ymstoku&quot;,&quot;attachment&quot;:0,&quot;cta_link&quot;:&quot;&quot;,&quot;cta_text&quot;:&quot;&quot;,&quot;link_new_tab&quot;:false},{&quot;title&quot;:&quot;Prof. dr hab. Waldemar Celary&quot;,&quot;description&quot;:&quot;Instytut Biologii, Uniwersytet im. Jana Kochanowskiego w Kielcach&quot;,&quot;attachment&quot;:0,&quot;cta_link&quot;:&quot;&quot;,&quot;cta_text&quot;:&quot;&quot;,&quot;link_new_tab&quot;:false},{&quot;title&quot;:&quot;Dr hab. Bogdan Jaroszewicz&quot;,&quot;description&quot;:&quot;Wydzia\\u0142 Biologii, Bia\\u0142owieska Stacja Geobotaniczna, Uniwersytet Warszawski&quot;,&quot;attachment&quot;:0,&quot;cta_link&quot;:&quot;&quot;,&quot;cta_text&quot;:&quot;&quot;,&quot;link_new_tab&quot;:false}],&quot;className&quot;:&quot;is-style-no_image&quot;,&quot;columns_block_style&quot;:&quot;no_image&quot;}}\"><\/div><div data-render=\"planet4-blocks\/columns\" data-attributes=\"{&quot;attributes&quot;:{&quot;columns&quot;:[{&quot;title&quot;:&quot;Waldemar Kud\\u0142a&quot;,&quot;description&quot;:&quot;Prezydent Polskiego Zwi\\u0105zku Pszczelarskiego&quot;,&quot;attachment&quot;:0,&quot;cta_link&quot;:&quot;&quot;,&quot;cta_text&quot;:&quot;&quot;,&quot;link_new_tab&quot;:false},{&quot;title&quot;:&quot;Piotr Mr\\u00f3wka&quot;,&quot;description&quot;:&quot;Prezes Stowarzyszenia Pszczelarzy Zawodowych&quot;,&quot;attachment&quot;:0,&quot;cta_link&quot;:&quot;&quot;,&quot;cta_text&quot;:&quot;&quot;,&quot;link_new_tab&quot;:false},{&quot;title&quot;:&quot;Prof. dr hab. Andrzej Posyniak&quot;,&quot;description&quot;:&quot;Zak\\u0142ad Farmakologii i Toksykologii, Pa\\u0144stwowy Instytut Weterynaryjny \\u2013 Pa\\u0144stwowy Instytut Badawczy&quot;,&quot;attachment&quot;:0,&quot;cta_link&quot;:&quot;&quot;,&quot;cta_text&quot;:&quot;&quot;,&quot;link_new_tab&quot;:false},{&quot;title&quot;:&quot;Piotr Skorupa&quot;,&quot;description&quot;:&quot;Prezes Stowarzyszenia Pszczelarzy Polskich Polanka&quot;,&quot;attachment&quot;:0,&quot;cta_link&quot;:&quot;&quot;,&quot;cta_text&quot;:&quot;&quot;,&quot;link_new_tab&quot;:false}],&quot;className&quot;:&quot;is-style-no_image&quot;,&quot;columns_block_style&quot;:&quot;no_image&quot;}}\"><\/div><div data-render=\"planet4-blocks\/columns\" data-attributes=\"{&quot;attributes&quot;:{&quot;columns&quot;:[{&quot;title&quot;:&quot;Prof. dr hab. Piotr Skuba\\u0142a&quot;,&quot;description&quot;:&quot;Wydzia\\u0142 Biologii i Ochrony \\u015arodowiska, Uniwersytet \\u015al\\u0105ski&quot;,&quot;attachment&quot;:0,&quot;cta_link&quot;:&quot;&quot;,&quot;cta_text&quot;:&quot;&quot;,&quot;link_new_tab&quot;:false},{&quot;title&quot;:&quot;Prof. dr hab. In\\u017c. Bogdan Wi\\u015bniowski&quot;,&quot;description&quot;:&quot;Katedra Zoologii, Uniwersytet Rzeszowski&quot;,&quot;attachment&quot;:0,&quot;cta_link&quot;:&quot;&quot;,&quot;cta_text&quot;:&quot;&quot;,&quot;link_new_tab&quot;:false},{&quot;title&quot;:&quot;Prof. dr hab. Micha\\u0142 Woyciechowski&quot;,&quot;description&quot;:&quot;Instytut Nauk o \\u015arodowisku, Uniwersytet Jagiello\\u0144ski&quot;,&quot;attachment&quot;:0,&quot;cta_link&quot;:&quot;&quot;,&quot;cta_text&quot;:&quot;&quot;,&quot;link_new_tab&quot;:false},{&quot;title&quot;:&quot; &quot;,&quot;description&quot;:&quot;&quot;,&quot;attachment&quot;:0,&quot;cta_link&quot;:&quot;&quot;,&quot;cta_text&quot;:&quot;&quot;,&quot;link_new_tab&quot;:false}],&quot;className&quot;:&quot;is-style-no_image&quot;,&quot;columns_block_style&quot;:&quot;no_image&quot;}}\"><\/div>\n<h2 class=\"wp-block-heading\">Pobierz dokumenty Narodowej Strategii Ochrony Owad\u00f3w Zapylaj\u0105cych:<\/h2>\n\n<p>(Aktualizacja: wrzesie\u0144 2020)<\/p>\n\n<div class=\"wp-block-group is-nowrap is-layout-flex wp-container-core-group-is-layout-ad2f72ca wp-block-group-is-layout-flex\">\n<div class=\"wp-block-buttons is-layout-flex wp-block-buttons-is-layout-flex\"><\/div>\n<\/div>\n\n<div class=\"wp-block-buttons is-layout-flex wp-block-buttons-is-layout-flex\">\n<div class=\"wp-block-button is-style-cta\"><a class=\"wp-block-button__link\" href=\"https:\/\/www.greenpeace.org\/static\/planet4-poland-stateless\/2022\/06\/6d3a60ee-strategia2020-podsumowanie.pdf\" target=\"_blank\" rel=\"noreferrer noopener\">Pobierz podsumowanie<\/a><\/div>\n\n\n\n<div class=\"wp-block-button is-style-cta\"><a class=\"wp-block-button__link\" href=\"https:\/\/www.greenpeace.org\/static\/planet4-poland-stateless\/2022\/06\/2fb1696f-strategia2020.pdf\">Pobierz ca\u0142y tekst strategii<\/a><\/div>\n<\/div>\n\n<p><\/p>\n\n<p><\/p>\n\n<p><\/p>\n\n<p><\/p>\n","protected":false},"excerpt":{"rendered":"<p>Najwy\u017cszy czas dzia\u0142a\u0107! Dlatego powsta\u0142a Narodow\u0105 Strategi\u0119 Ochrony Owad\u00f3w Zapylaj\u0105cych. Musimy zrobi\u0107 wszystko, co mo\u017cliwe, aby nasz kraj by\u0142 prawdziwie przyjazny pszczo\u0142om! Pobierz dokumenty Narodowej Strategii Ochrony Owad\u00f3w Zapylaj\u0105cych: (Aktualizacja: wrzesie\u0144 2020)<\/p>\n","protected":false},"author":25,"featured_media":2889,"parent":0,"menu_order":0,"comment_status":"closed","ping_status":"closed","template":"","meta":{"ep_exclude_from_search":false,"p4_hide_page_title_checkbox":"on","p4_title":"","p4_subtitle":"","p4_description":"","background_image_id":"","background_image":"","p4_button_title":"","p4_button_link":"","p4_button_link_checkbox":"","p4_og_title":"","p4_og_description":"","p4_og_image":"","p4_og_image_id":"","p4_seo_canonical_url":"","p4_campaign_name":"not set","p4_local_project":"not set","p4_basket_name":"not set","p4_department":"","footnotes":""},"categories":[3],"tags":[26,28],"class_list":["post-29263","page","type-page","status-publish","has-post-thumbnail","hentry","category-przyroda","tag-ochrona-przyrody","tag-pszczoly"],"_links":{"self":[{"href":"https:\/\/www.greenpeace.org\/poland\/wp-json\/wp\/v2\/pages\/29263","targetHints":{"allow":["GET"]}}],"collection":[{"href":"https:\/\/www.greenpeace.org\/poland\/wp-json\/wp\/v2\/pages"}],"about":[{"href":"https:\/\/www.greenpeace.org\/poland\/wp-json\/wp\/v2\/types\/page"}],"author":[{"embeddable":true,"href":"https:\/\/www.greenpeace.org\/poland\/wp-json\/wp\/v2\/users\/25"}],"replies":[{"embeddable":true,"href":"https:\/\/www.greenpeace.org\/poland\/wp-json\/wp\/v2\/comments?post=29263"}],"version-history":[{"count":20,"href":"https:\/\/www.greenpeace.org\/poland\/wp-json\/wp\/v2\/pages\/29263\/revisions"}],"predecessor-version":[{"id":37384,"href":"https:\/\/www.greenpeace.org\/poland\/wp-json\/wp\/v2\/pages\/29263\/revisions\/37384"}],"wp:featuredmedia":[{"embeddable":true,"href":"https:\/\/www.greenpeace.org\/poland\/wp-json\/wp\/v2\/media\/2889"}],"wp:attachment":[{"href":"https:\/\/www.greenpeace.org\/poland\/wp-json\/wp\/v2\/media?parent=29263"}],"wp:term":[{"taxonomy":"category","embeddable":true,"href":"https:\/\/www.greenpeace.org\/poland\/wp-json\/wp\/v2\/categories?post=29263"},{"taxonomy":"post_tag","embeddable":true,"href":"https:\/\/www.greenpeace.org\/poland\/wp-json\/wp\/v2\/tags?post=29263"}],"curies":[{"name":"wp","href":"https:\/\/api.w.org\/{rel}","templated":true}]}}