{"id":29339,"date":"2020-09-08T18:03:41","date_gmt":"2020-09-08T16:03:41","guid":{"rendered":"https:\/\/www.greenpeace.org\/poland\/?page_id=29339"},"modified":"2025-07-10T12:35:09","modified_gmt":"2025-07-10T10:35:09","slug":"together4forests","status":"publish","type":"page","link":"https:\/\/www.greenpeace.org\/poland\/together4forests\/","title":{"rendered":"#Together4Forests"},"content":{"rendered":"\n                \n                <div class=\"wp-block-group alignfull is-layout-flow wp-block-group-is-layout-flow\">\n                \n                <div class=\"wp-block-group container is-layout-flow wp-block-group-is-layout-flow\">\n                \n                <div class=\"wp-block-media-text alignfull has-media-on-the-right is-stacked-on-mobile is-pattern-p4-page-header is-style-parallax\">\n\n                <div class=\"wp-block-media-text__content\">\n                    <div class=\"wp-block-group is-layout-flow wp-block-group-is-layout-flow\">\n                    \n                        <h1 class=\"wp-block-heading has-white-background-color has-background\">\n                            Razem dla las\u00f3w!\n                        <\/h1>\n                    <\/div>\n                \n\n                \n                        <p style=\"font-size:1.25rem\">\n                            Lasy s\u0105 kluczowe dla \u017cycia na Ziemi. S\u0105 domem niezliczonej liczby gatunk\u00f3w i s\u0105 naszym najlepszym naturalnym sprzymierze\u0144cem w walce z kryzysem klimatycznym. Niestety rozw\u00f3j rolnictwa przemys\u0142owego \u2013 produkcja mi\u0119sa, nabia\u0142u, uprawa soi na pasze, uprawa kakao, oleju palmowego i produkcja papieru \u2013 sprawia, \u017ce lasy s\u0105 dewastowane i znikaj\u0105 w zastraszaj\u0105cym tempie.<br \/><br \/><strong>Przez nadkonsumpcj\u0119 Unia odpowiada za ponad 10% globalnych zniszcze\u0144 w lasach<\/strong> \u2013 od Amazonii przez lasy Afryki po lasy deszczowe Indonezji<sup>1<\/sup>. <strong>Mamy szans\u0119 to zmieni\u0107, ale potrzebujemy Twojej pomocy!<\/strong>\n                        <\/p>\n                    \n\n                \n                        <div class=\"wp-block-buttons is-layout-flex wp-block-buttons-is-layout-flex\">\n                            \n                        <\/div>\n                        <div class=\"wp-block-button is-style-cta\">\n                            <a class=\"wp-block-button__link wp-element-button\" href=\"#dzialaj\" target=\"\" rel=\"noreferrer noopener\">\n                                Przejd\u017a do konsultacji \u00bb\n                            <\/a>\n                        <\/div>\n                    \n\n                <\/div>\n                <figure class=\"wp-block-media-text__media\">\n                    <img loading=\"lazy\" decoding=\"async\" width=\"1495\" height=\"1984\"\n                        src=\"https:\/\/www.greenpeace.org\/static\/planet4-poland-stateless\/2020\/09\/0f7c22f3-orangutanek2.jpg\"\n                        alt=\"\"\n                        sizes=\"auto, (min-width: 601px) 50vw, 100vw\" srcset=\"https:\/\/www.greenpeace.org\/static\/planet4-poland-stateless\/2020\/09\/0f7c22f3-orangutanek2.jpg 1495w, https:\/\/www.greenpeace.org\/static\/planet4-poland-stateless\/2020\/09\/0f7c22f3-orangutanek2-226x300.jpg 226w, https:\/\/www.greenpeace.org\/static\/planet4-poland-stateless\/2020\/09\/0f7c22f3-orangutanek2-772x1024.jpg 772w, https:\/\/www.greenpeace.org\/static\/planet4-poland-stateless\/2020\/09\/0f7c22f3-orangutanek2-768x1019.jpg 768w, https:\/\/www.greenpeace.org\/static\/planet4-poland-stateless\/2020\/09\/0f7c22f3-orangutanek2-1157x1536.jpg 1157w, https:\/\/www.greenpeace.org\/static\/planet4-poland-stateless\/2020\/09\/0f7c22f3-orangutanek2-1029x1366.jpg 1029w, https:\/\/www.greenpeace.org\/static\/planet4-poland-stateless\/2020\/09\/0f7c22f3-orangutanek2-256x340.jpg 256w\" class=\"wp-image-29396 size-full\"\n                    \/>\n                <\/figure>\n                <\/div>\n                \n                <\/div>\n                \n                <\/div>\n                \n                <div data-render=\"planet4-blocks\/gallery\" data-attributes=\"{&quot;attributes&quot;:{&quot;gallery_block_style&quot;:0,&quot;gallery_block_title&quot;:&quot;&quot;,&quot;gallery_block_description&quot;:&quot;&quot;,&quot;multiple_image&quot;:&quot;&quot;,&quot;gallery_block_focus_points&quot;:&quot;&quot;,&quot;image_data&quot;:[],&quot;images&quot;:[]}}\"><\/div>\n<h2 class=\"has-green-500-color has-text-color wp-block-heading\" id=\"dzialaj\">Dzia\u0142aj!<\/h2>\n\n<p>Komisja Europejska rozpocz\u0119\u0142a proces konsultacji spo\u0142ecznych, w kt\u00f3rych pyta, co mo\u017ce zrobi\u0107, by powstrzyma\u0107 wylesianie. Odpowied\u017a jest prosta: nowe przepisy UE powinny chroni\u0107 lasy przez wykluczenie z rynku wszystkich produkt\u00f3w, kt\u00f3rych wytwarzania wi\u0105\u017ce si\u0119 z dewastacj\u0105 las\u00f3w.<\/p>\n\n<p><strong>Do\u0142\u0105cz do konsultacji i powiedz UE, by przyj\u0119\u0142a silne przepisy chroni\u0105ce lasy i sprawi\u0142a, by europejski konsumpcjonizm przesta\u0142 nap\u0119dza\u0107 dewastacj\u0119 las\u00f3w.<\/strong> Wsp\u00f3lnie z koalicj\u0105 #Together4Forests przygotowali\u015bmy gotowy zestaw uwag, kt\u00f3re mo\u017cesz przes\u0142a\u0107 bezpo\u015brednio do Komisji przez poni\u017cszy formularz. Je\u015bli chcesz zobaczy\u0107 proponowane tre\u015bci, kliknij w link &#8222;Przeczytaj odpowiedzi&#8221; zaraz pod zgodami w formularzu.<\/p>\n\n<p class=\"has-text-align-center has-grey-900-color has-yellow-background-color has-text-color has-background\"><strong>DZI\u0118KUJEMY, \u017bE CHCESZ DZIA\u0141A\u0106 DLA LAS\u00d3W,<\/strong><br><strong>JEDNAK TE KONSULTACJE JU\u017b SI\u0118 ZAKO\u0143CZY\u0141Y.<\/strong><\/p>\n\n<ol class=\"wp-block-list\"><li><a href=\"https:\/\/eur-lex.europa.eu\/legal-content\/PL\/TXT\/?qid=1565272554103&amp;uri=CELEX%3A52019DC0352\">https:\/\/eur-lex.europa.eu\/legal-content\/PL\/TXT\/?qid=1565272554103&amp;uri=CELEX%3A52019DC0352<\/a><\/li><\/ol>\n","protected":false},"excerpt":{"rendered":"<p>Do\u0142\u0105cz do konsultacji i powiedz UE, by przyj\u0119\u0142a silne przepisy chroni\u0105ce lasy i sprawi\u0142a, by europejski konsumpcjonizm przesta\u0142 nap\u0119dza\u0107 dewastacj\u0119 las\u00f3w.<\/p>\n","protected":false},"author":25,"featured_media":2626,"parent":0,"menu_order":0,"comment_status":"closed","ping_status":"closed","template":"","meta":{"ep_exclude_from_search":false,"p4_hide_page_title_checkbox":"on","p4_title":"","p4_subtitle":"","p4_description":"","background_image_id":"","background_image":"","p4_button_title":"","p4_button_link":"","p4_button_link_checkbox":"","p4_og_title":"Razem dla las\u00f3w - we\u017a udzia\u0142 w unijnych konsultacjach","p4_og_description":"<p>Do\u0142\u0105cz do konsultacji i powiedz UE, by przyj\u0119\u0142a silne przepisy chroni\u0105ce lasy i sprawi\u0142a, by europejski konsumpcjonizm przesta\u0142 nap\u0119dza\u0107 dewastacj\u0119 las\u00f3w.<\/p>","p4_og_image":"","p4_og_image_id":"","p4_seo_canonical_url":"","p4_campaign_name":"Together For Forests","p4_local_project":"not set","p4_basket_name":"Forests","p4_department":"","footnotes":""},"categories":[3],"tags":[19],"class_list":["post-29339","page","type-page","status-publish","has-post-thumbnail","hentry","category-przyroda","tag-lasy"],"_links":{"self":[{"href":"https:\/\/www.greenpeace.org\/poland\/wp-json\/wp\/v2\/pages\/29339","targetHints":{"allow":["GET"]}}],"collection":[{"href":"https:\/\/www.greenpeace.org\/poland\/wp-json\/wp\/v2\/pages"}],"about":[{"href":"https:\/\/www.greenpeace.org\/poland\/wp-json\/wp\/v2\/types\/page"}],"author":[{"embeddable":true,"href":"https:\/\/www.greenpeace.org\/poland\/wp-json\/wp\/v2\/users\/25"}],"replies":[{"embeddable":true,"href":"https:\/\/www.greenpeace.org\/poland\/wp-json\/wp\/v2\/comments?post=29339"}],"version-history":[{"count":19,"href":"https:\/\/www.greenpeace.org\/poland\/wp-json\/wp\/v2\/pages\/29339\/revisions"}],"predecessor-version":[{"id":37383,"href":"https:\/\/www.greenpeace.org\/poland\/wp-json\/wp\/v2\/pages\/29339\/revisions\/37383"}],"wp:featuredmedia":[{"embeddable":true,"href":"https:\/\/www.greenpeace.org\/poland\/wp-json\/wp\/v2\/media\/2626"}],"wp:attachment":[{"href":"https:\/\/www.greenpeace.org\/poland\/wp-json\/wp\/v2\/media?parent=29339"}],"wp:term":[{"taxonomy":"category","embeddable":true,"href":"https:\/\/www.greenpeace.org\/poland\/wp-json\/wp\/v2\/categories?post=29339"},{"taxonomy":"post_tag","embeddable":true,"href":"https:\/\/www.greenpeace.org\/poland\/wp-json\/wp\/v2\/tags?post=29339"}],"curies":[{"name":"wp","href":"https:\/\/api.w.org\/{rel}","templated":true}]}}