{"id":29650,"date":"2020-12-10T20:49:59","date_gmt":"2020-12-10T18:49:59","guid":{"rendered":"https:\/\/www.greenpeace.org\/poland\/demokracjaiprawaczlowieka\/"},"modified":"2025-09-23T12:08:10","modified_gmt":"2025-09-23T10:08:10","slug":"demokracjaiprawaczlowieka","status":"publish","type":"page","link":"https:\/\/www.greenpeace.org\/poland\/demokracjaiprawaczlowieka\/","title":{"rendered":"#DemokracjaiPrawaCz\u0142owieka"},"content":{"rendered":"\n    <div class=\"wp-block-query posts-list p4-query-loop is-custom-layout-list is-layout-flow wp-block-query-is-layout-flow\">\n        <div class=\"wp-block-group is-content-justification-space-between is-layout-flex wp-container-core-group-is-layout-3d213aab wp-block-group-is-layout-flex\"><h2 class=\"wp-block-heading\">Powi\u0105zane artyku\u0142y<\/h2>\n        <li class=\" wp-block-navigation-item see-all-link wp-block-navigation-link\"><a class=\"wp-block-navigation-item__content\"  href=\"http:\/\/www.greenpeace.org\/poland\/aktualnosci\/?tag=demokracjaiprawaczlowieka\"><span class=\"wp-block-navigation-item__label\">See all stories<\/span><\/a><\/li>\n        \n        <\/div>\n        \n\n    <p style=\"margin-top: 24px; margin-bottom: 36px;\"><\/p>\n\n    \n\n    <ul class=\"wp-block-post-template is-layout-flow wp-block-post-template-is-layout-flow\"><li class=\"wp-block-post post-39920 post type-post status-publish format-standard has-post-thumbnail hentry category-klimat-energia tag-klimat tag-aktywizm tag-paliwakopalne tag-demokracjaiprawaczlowieka tag-gaz p4-page-type-aktualnosci\">\n            \n<div class=\"wp-block-columns is-layout-flex wp-container-core-columns-is-layout-9d6595d7 wp-block-columns-is-layout-flex\"><figure class=\"wp-block-post-featured-image\"><a href=\"https:\/\/www.greenpeace.org\/poland\/aktualnosci\/39920\/ropa-i-gaz-to-wojna-greenpeace-pietnuje-trumpa-i-putina-w-centrum-stolicy\/\" target=\"_self\"  ><img loading=\"lazy\" decoding=\"async\" width=\"799\" height=\"533\" src=\"https:\/\/www.greenpeace.org\/static\/planet4-poland-stateless\/2026\/03\/039c10f7-55154535075_4d49f1641b_c.jpg\" class=\"attachment-post-thumbnail size-post-thumbnail wp-post-image wp-stateless-item\" alt=\"\u201eRopa i gaz to wojna\u201d &#8211; Greenpeace pi\u0119tnuje Trumpa i Putina\" style=\"object-fit:cover;\" srcset=\"https:\/\/www.greenpeace.org\/static\/planet4-poland-stateless\/2026\/03\/039c10f7-55154535075_4d49f1641b_c.jpg 799w, https:\/\/www.greenpeace.org\/static\/planet4-poland-stateless\/2026\/03\/039c10f7-55154535075_4d49f1641b_c-500x334.jpg 500w, https:\/\/www.greenpeace.org\/static\/planet4-poland-stateless\/2026\/03\/039c10f7-55154535075_4d49f1641b_c-768x512.jpg 768w, https:\/\/www.greenpeace.org\/static\/planet4-poland-stateless\/2026\/03\/039c10f7-55154535075_4d49f1641b_c-510x340.jpg 510w\" sizes=\"auto, (max-width: 799px) 100vw, 799px\" data-image-size=\"post-thumbnail\" data-stateless-media-bucket=\"planet4-poland-stateless\" data-stateless-media-name=\"2026\/03\/039c10f7-55154535075_4d49f1641b_c.jpg\" \/><\/a><\/figure>\n\n        <div class=\"wp-block-group is-layout-flow wp-block-group-is-layout-flow\">\n        <div class=\"wp-block-group is-layout-flex wp-block-group-is-layout-flex\"><div class=\"wp-block-post-terms\"><a href=\"https:\/\/www.greenpeace.org\/poland\/category\/klimat-energia\/\">Klimat i energia<\/a><\/div>\n        \n        \n        <\/div>\n        \n        <h3 class=\"wp-block-post-title\"><a href=\"https:\/\/www.greenpeace.org\/poland\/aktualnosci\/39920\/ropa-i-gaz-to-wojna-greenpeace-pietnuje-trumpa-i-putina-w-centrum-stolicy\/\" target=\"_self\" >\u201eRopa i gaz to wojna\u201d &#8211; Greenpeace pi\u0119tnuje Trumpa i Putina<\/a><\/h3>\n        <div class=\"wp-block-post-excerpt\"><p class=\"wp-block-post-excerpt__excerpt\">Dzisiejszej nocy grupa aktywistek i aktywist\u00f3w Greenpeace rozwiesi\u0142a w centrum Warszawy plakaty z podobiznami prezydent\u00f3w Trumpa i Putina wraz z przekazem: ropa i gaz to wojna, cierpienie, dro\u017cyzna, chaos i&hellip; <\/p><\/div>\n        \n        <div class=\"wp-block-group posts-list-meta is-layout-flow wp-block-group-is-layout-flow\"><span class='article-list-item-author'><a href='https:\/\/www.greenpeace.org\/poland\/author\/kasia\/'>Katarzyna Bilewska<\/a><\/span>\n        <div class=\"wp-block-post-date\"><time datetime=\"2026-03-18T09:36:07+02:00\">2026-03-18<\/time><\/div>\n        \n        <\/div>\n        <\/div>\n        <\/div>\n\n            <\/li><li class=\"wp-block-post post-39543 post type-post status-publish format-standard has-post-thumbnail hentry category-klimat-energia tag-gaz tag-demokracjaiprawaczlowieka p4-page-type-aktualnosci\">\n            \n<div class=\"wp-block-columns is-layout-flex wp-container-core-columns-is-layout-9d6595d7 wp-block-columns-is-layout-flex\"><figure class=\"wp-block-post-featured-image\"><a href=\"https:\/\/www.greenpeace.org\/poland\/aktualnosci\/39543\/katar-wstrzymal-produkcje-lng-gazowa-strategia-rzadu-przypomina-hazard\/\" target=\"_self\"  ><img loading=\"lazy\" decoding=\"async\" width=\"2048\" height=\"1365\" src=\"https:\/\/www.greenpeace.org\/static\/planet4-poland-stateless\/2025\/12\/79f898bb-54931630686_b4ca01a85d_k.jpg\" class=\"attachment-post-thumbnail size-post-thumbnail wp-post-image wp-stateless-item\" alt=\"Katar wstrzyma\u0142 produkcj\u0119 LNG. Gazowa strategia rz\u0105du przypomina hazard\" style=\"object-fit:cover;\" srcset=\"https:\/\/www.greenpeace.org\/static\/planet4-poland-stateless\/2025\/12\/79f898bb-54931630686_b4ca01a85d_k.jpg 2048w, https:\/\/www.greenpeace.org\/static\/planet4-poland-stateless\/2025\/12\/79f898bb-54931630686_b4ca01a85d_k-500x333.jpg 500w, https:\/\/www.greenpeace.org\/static\/planet4-poland-stateless\/2025\/12\/79f898bb-54931630686_b4ca01a85d_k-1024x683.jpg 1024w, https:\/\/www.greenpeace.org\/static\/planet4-poland-stateless\/2025\/12\/79f898bb-54931630686_b4ca01a85d_k-768x512.jpg 768w, https:\/\/www.greenpeace.org\/static\/planet4-poland-stateless\/2025\/12\/79f898bb-54931630686_b4ca01a85d_k-1536x1024.jpg 1536w, https:\/\/www.greenpeace.org\/static\/planet4-poland-stateless\/2025\/12\/79f898bb-54931630686_b4ca01a85d_k-510x340.jpg 510w\" sizes=\"auto, (max-width: 2048px) 100vw, 2048px\" data-image-size=\"post-thumbnail\" data-stateless-media-bucket=\"planet4-poland-stateless\" data-stateless-media-name=\"2025\/12\/79f898bb-54931630686_b4ca01a85d_k.jpg\" \/><\/a><\/figure>\n\n        <div class=\"wp-block-group is-layout-flow wp-block-group-is-layout-flow\">\n        <div class=\"wp-block-group is-layout-flex wp-block-group-is-layout-flex\"><div class=\"wp-block-post-terms\"><a href=\"https:\/\/www.greenpeace.org\/poland\/category\/klimat-energia\/\">Klimat i energia<\/a><\/div>\n        \n        \n        <\/div>\n        \n        <h3 class=\"wp-block-post-title\"><a href=\"https:\/\/www.greenpeace.org\/poland\/aktualnosci\/39543\/katar-wstrzymal-produkcje-lng-gazowa-strategia-rzadu-przypomina-hazard\/\" target=\"_self\" >Katar wstrzyma\u0142 produkcj\u0119 LNG. Gazowa strategia rz\u0105du przypomina hazard<\/a><\/h3>\n        <div class=\"wp-block-post-excerpt\"><p class=\"wp-block-post-excerpt__excerpt\">Katar w\u0142a\u015bnie og\u0142osi\u0142 wstrzymanie produkcji gazu skroplonego LNG. To drugi po USA najwi\u0119kszy dostawca gazu do Polski &#8211; w ubieg\u0142ym roku pochodzi\u0142o stamt\u0105d 12 proc. tego paliwa zu\u017cytego w naszym&hellip; <\/p><\/div>\n        \n        <div class=\"wp-block-group posts-list-meta is-layout-flow wp-block-group-is-layout-flow\"><span class='article-list-item-author'><a href='https:\/\/www.greenpeace.org\/poland\/author\/kasia\/'>Katarzyna Bilewska<\/a><\/span>\n        <div class=\"wp-block-post-date\"><time datetime=\"2026-03-03T16:19:38+02:00\">2026-03-03<\/time><\/div>\n        \n        <\/div>\n        <\/div>\n        <\/div>\n\n            <\/li><li class=\"wp-block-post post-38667 post type-post status-publish format-standard has-post-thumbnail hentry category-przyroda tag-klimat tag-czysta-energia tag-morza tag-paliwakopalne tag-ochrona-przyrody tag-demokracjaiprawaczlowieka p4-page-type-aktualnosci\">\n            \n<div class=\"wp-block-columns is-layout-flex wp-container-core-columns-is-layout-9d6595d7 wp-block-columns-is-layout-flex\"><figure class=\"wp-block-post-featured-image\"><a href=\"https:\/\/www.greenpeace.org\/poland\/aktualnosci\/38667\/greenpeace-w-parlamencie-europejskim-o-rosyjskiego-flocie-cienia\/\" target=\"_self\"  ><img loading=\"lazy\" decoding=\"async\" width=\"2000\" height=\"1334\" src=\"https:\/\/www.greenpeace.org\/static\/planet4-poland-stateless\/2025\/11\/b7273abe-25-11-05_debate_russian_shadow_fleet-26.jpg\" class=\"attachment-post-thumbnail size-post-thumbnail wp-post-image wp-stateless-item\" alt=\"Greenpeace w Parlamencie Europejskim o rosyjskiej \u201eflocie cienia&#8221;\" style=\"object-fit:cover;\" srcset=\"https:\/\/www.greenpeace.org\/static\/planet4-poland-stateless\/2025\/11\/b7273abe-25-11-05_debate_russian_shadow_fleet-26.jpg 2000w, https:\/\/www.greenpeace.org\/static\/planet4-poland-stateless\/2025\/11\/b7273abe-25-11-05_debate_russian_shadow_fleet-26-500x334.jpg 500w, https:\/\/www.greenpeace.org\/static\/planet4-poland-stateless\/2025\/11\/b7273abe-25-11-05_debate_russian_shadow_fleet-26-1024x683.jpg 1024w, https:\/\/www.greenpeace.org\/static\/planet4-poland-stateless\/2025\/11\/b7273abe-25-11-05_debate_russian_shadow_fleet-26-768x512.jpg 768w, https:\/\/www.greenpeace.org\/static\/planet4-poland-stateless\/2025\/11\/b7273abe-25-11-05_debate_russian_shadow_fleet-26-1536x1025.jpg 1536w, https:\/\/www.greenpeace.org\/static\/planet4-poland-stateless\/2025\/11\/b7273abe-25-11-05_debate_russian_shadow_fleet-26-510x340.jpg 510w\" sizes=\"auto, (max-width: 2000px) 100vw, 2000px\" data-image-size=\"post-thumbnail\" data-stateless-media-bucket=\"planet4-poland-stateless\" data-stateless-media-name=\"2025\/11\/b7273abe-25-11-05_debate_russian_shadow_fleet-26.jpg\" \/><\/a><\/figure>\n\n        <div class=\"wp-block-group is-layout-flow wp-block-group-is-layout-flow\">\n        <div class=\"wp-block-group is-layout-flex wp-block-group-is-layout-flex\"><div class=\"wp-block-post-terms\"><a href=\"https:\/\/www.greenpeace.org\/poland\/category\/przyroda\/\">Przyroda<\/a><\/div>\n        \n        \n        <\/div>\n        \n        <h3 class=\"wp-block-post-title\"><a href=\"https:\/\/www.greenpeace.org\/poland\/aktualnosci\/38667\/greenpeace-w-parlamencie-europejskim-o-rosyjskiego-flocie-cienia\/\" target=\"_self\" >Greenpeace w Parlamencie Europejskim o rosyjskiej \u201eflocie cienia&#8221;<\/a><\/h3>\n        <div class=\"wp-block-post-excerpt\"><p class=\"wp-block-post-excerpt__excerpt\">W \u015brod\u0119, 5 listopada, w Parlamencie Europejskim w Brukseli odby\u0142a si\u0119 debata organizowana przez polski MSZ i europos\u0142\u00f3w, po\u015bwi\u0119cona zwalczaniu rosyjskiej floty cienia, z udzia\u0142em Anny Ogniewskiej, przedstawicielki Greenpeace Polska. <\/p><\/div>\n        \n        <div class=\"wp-block-group posts-list-meta is-layout-flow wp-block-group-is-layout-flow\"><span class='article-list-item-author'><a href='https:\/\/www.greenpeace.org\/poland\/author\/marianna\/'>Greenpeace Polska<\/a><\/span>\n        <div class=\"wp-block-post-date\"><time datetime=\"2025-11-06T00:23:25+02:00\">2025-11-06<\/time><\/div>\n        \n        <\/div>\n        <\/div>\n        <\/div>\n\n            <\/li><\/ul>\n\n    \n<div class=\"wp-block-buttons carousel-controls is-horizontal is-content-justification-space-between is-nowrap is-layout-flex wp-container-core-buttons-is-layout-044bd602 wp-block-buttons-is-layout-flex\">\n            <div class=\"wp-block-button carousel-control-prev\"><button type=\"button\" class=\"wp-block-button__link wp-element-button\">Wstecz<\/button><\/div>\n        \n\n            <div class=\"wp-block-button carousel-control-next\"><button type=\"button\" class=\"wp-block-button__link wp-element-button\">Dalej<\/button><\/div>\n        <\/div>\n\n\n    <li class=\" wp-block-navigation-item see-all-link wp-block-navigation-link\"><a class=\"wp-block-navigation-item__content\"  href=\"http:\/\/www.greenpeace.org\/poland\/aktualnosci\/?tag=demokracjaiprawaczlowieka\"><span class=\"wp-block-navigation-item__label\">See all stories<\/span><\/a><\/li><\/div>\n    \n    <div class=\"wp-block-query posts-list p4-query-loop is-custom-layout-grid is-layout-grid wp-container-core-query-is-layout-b8bb0bd1 wp-block-query-is-layout-grid\">\n        <div class=\"wp-block-group is-content-justification-space-between is-layout-flex wp-container-core-group-is-layout-3d213aab wp-block-group-is-layout-flex\"><h2 class=\"wp-block-heading\">Publications<\/h2>\n        <li class=\" wp-block-navigation-item see-all-link wp-block-navigation-link\"><a class=\"wp-block-navigation-item__content\"  href=\"http:\/\/www.greenpeace.org\/poland\/aktualnosci\/?tag=demokracjaiprawaczlowieka&#038;post-type=\"><span class=\"wp-block-navigation-item__label\">See all stories<\/span><\/a><\/li>\n        \n        <\/div>\n        \n\n    <p style=\"margin-top: 24px; margin-bottom: 36px;\"><\/p>\n\n    <div class=\"wp-block-query-no-results\">\n        <p >No posts found.<\/p>\n        <\/div>\n\n    \n\n    \n<div class=\"wp-block-buttons carousel-controls is-horizontal is-content-justification-space-between is-nowrap is-layout-flex wp-container-core-buttons-is-layout-044bd602 wp-block-buttons-is-layout-flex\">\n            <div class=\"wp-block-button carousel-control-prev\"><button type=\"button\" class=\"wp-block-button__link wp-element-button\">Wstecz<\/button><\/div>\n        \n\n            <div class=\"wp-block-button carousel-control-next\"><button type=\"button\" class=\"wp-block-button__link wp-element-button\">Dalej<\/button><\/div>\n        <\/div>\n\n\n    <li class=\" wp-block-navigation-item see-all-link wp-block-navigation-link\"><a class=\"wp-block-navigation-item__content\"  href=\"http:\/\/www.greenpeace.org\/poland\/aktualnosci\/?tag=demokracjaiprawaczlowieka&#038;post-type=\"><span class=\"wp-block-navigation-item__label\">See all stories<\/span><\/a><\/li><\/div>\n    <div data-render=\"planet4-blocks\/happypoint\" data-attributes=\"{&quot;attributes&quot;:{&quot;mailing_list_iframe&quot;:true,&quot;opacity&quot;:30,&quot;override_default_content&quot;:false,&quot;local_content_provider&quot;:&quot;none&quot;}}\"><\/div>","protected":false},"excerpt":{"rendered":"","protected":false},"author":25,"featured_media":0,"parent":0,"menu_order":0,"comment_status":"closed","ping_status":"closed","template":"","meta":{"ep_exclude_from_search":false,"p4_hide_page_title_checkbox":"","p4_title":"","p4_subtitle":"","p4_description":"","background_image_id":"","background_image":"","p4_button_title":"","p4_button_link":"","p4_button_link_checkbox":"","p4_og_title":"","p4_og_description":"","p4_og_image":"","p4_og_image_id":"","p4_seo_canonical_url":"","p4_campaign_name":"not set","p4_local_project":"not set","p4_basket_name":"not set","p4_department":"","footnotes":""},"categories":[],"tags":[],"class_list":["post-29650","page","type-page","status-publish","hentry"],"_links":{"self":[{"href":"https:\/\/www.greenpeace.org\/poland\/wp-json\/wp\/v2\/pages\/29650","targetHints":{"allow":["GET"]}}],"collection":[{"href":"https:\/\/www.greenpeace.org\/poland\/wp-json\/wp\/v2\/pages"}],"about":[{"href":"https:\/\/www.greenpeace.org\/poland\/wp-json\/wp\/v2\/types\/page"}],"author":[{"embeddable":true,"href":"https:\/\/www.greenpeace.org\/poland\/wp-json\/wp\/v2\/users\/25"}],"replies":[{"embeddable":true,"href":"https:\/\/www.greenpeace.org\/poland\/wp-json\/wp\/v2\/comments?post=29650"}],"version-history":[{"count":6,"href":"https:\/\/www.greenpeace.org\/poland\/wp-json\/wp\/v2\/pages\/29650\/revisions"}],"predecessor-version":[{"id":38071,"href":"https:\/\/www.greenpeace.org\/poland\/wp-json\/wp\/v2\/pages\/29650\/revisions\/38071"}],"wp:attachment":[{"href":"https:\/\/www.greenpeace.org\/poland\/wp-json\/wp\/v2\/media?parent=29650"}],"wp:term":[{"taxonomy":"category","embeddable":true,"href":"https:\/\/www.greenpeace.org\/poland\/wp-json\/wp\/v2\/categories?post=29650"},{"taxonomy":"post_tag","embeddable":true,"href":"https:\/\/www.greenpeace.org\/poland\/wp-json\/wp\/v2\/tags?post=29650"}],"curies":[{"name":"wp","href":"https:\/\/api.w.org\/{rel}","templated":true}]}}