{"id":30,"date":"2018-05-08T15:56:58","date_gmt":"2018-05-08T15:56:58","guid":{"rendered":"https:\/\/k8s.p4.greenpeace.org\/defaultcontent\/?page_id=30"},"modified":"2026-04-08T10:55:58","modified_gmt":"2026-04-08T08:55:58","slug":"dzialaj-dla-klimatu","status":"publish","type":"page","link":"https:\/\/www.greenpeace.org\/poland\/dzialaj-old\/dzialaj-dla-klimatu\/","title":{"rendered":"Dzia\u0142aj dla klimatu!"},"content":{"rendered":"\n                \n                <div class=\"wp-block-group alignfull is-layout-flow wp-block-group-is-layout-flow\">\n                \n                <div class=\"wp-block-group container is-layout-flow wp-block-group-is-layout-flow\">\n                \n                <div class=\"wp-block-media-text alignfull has-media-on-the-right is-stacked-on-mobile is-pattern-p4-page-header is-style-parallax\">\n\n                <div class=\"wp-block-media-text__content\">\n                    <div class=\"wp-block-group is-layout-flow wp-block-group-is-layout-flow\">\n                    \n                        <h1 class=\"wp-block-heading has-white-background-color has-background\">\n                            Dzia\u0142aj dla klimatu!\n                        <\/h1>\n                    <\/div>\n                \n\n                \n                        <p style=\"font-size:1.25rem\">\n                            Jedyna szansa, \u017ceby ochroni\u0107 \u015bwiat przed katastrof\u0105 klimatyczn\u0105, to podj\u0119cie natychmiastowych dzia\u0142a\u0144. <strong>Nie za rok albo za pi\u0119\u0107, TERAZ. <\/strong>Dlatego wszyscy musimy zacz\u0105\u0107 dzia\u0142a\u0107 &#8211; nim b\u0119dzie za p\u00f3\u017ano.\n                        <\/p>\n                    \n\n                \n                        <div class=\"wp-block-buttons is-layout-flex wp-block-buttons-is-layout-flex\">\n                            \n                        <\/div>\n                        <div class=\"wp-block-button is-style-cta\">\n                            <a class=\"wp-block-button__link wp-element-button\" href=\"https:\/\/act.greenpeace.org\/page\/34276\/petition\/1?ea.tracking.id=gppl\" target=\"_blank\" rel=\"noreferrer noopener\">\n                                Podpisz: Polska bez w\u0119gla!\n                            <\/a>\n                        <\/div>\n                    \n\n                <\/div>\n                <figure class=\"wp-block-media-text__media\">\n                    <img loading=\"lazy\" decoding=\"async\" width=\"2048\" height=\"1365\"\n                        src=\"https:\/\/www.greenpeace.org\/static\/planet4-poland-stateless\/2019\/06\/7170b9f1-47385508661_2029604e2f_k.jpg\"\n                        alt=\"\"\n                        sizes=\"auto, (min-width: 601px) 50vw, 100vw\" srcset=\"https:\/\/www.greenpeace.org\/static\/planet4-poland-stateless\/2019\/06\/7170b9f1-47385508661_2029604e2f_k.jpg 2048w, https:\/\/www.greenpeace.org\/static\/planet4-poland-stateless\/2019\/06\/7170b9f1-47385508661_2029604e2f_k-300x200.jpg 300w, https:\/\/www.greenpeace.org\/static\/planet4-poland-stateless\/2019\/06\/7170b9f1-47385508661_2029604e2f_k-768x512.jpg 768w, https:\/\/www.greenpeace.org\/static\/planet4-poland-stateless\/2019\/06\/7170b9f1-47385508661_2029604e2f_k-1024x683.jpg 1024w, https:\/\/www.greenpeace.org\/static\/planet4-poland-stateless\/2019\/06\/7170b9f1-47385508661_2029604e2f_k-510x340.jpg 510w\" class=\"wp-image-520 size-full\"\n                    \/>\n                <\/figure>\n                <\/div>\n                \n                <\/div>\n                \n                <\/div>\n                \n                <div class=\"cell large-7 medium-8 intro\">\n<p class=\"intro\">Je\u015bli nie zaczniemy pilnie dzia\u0142a\u0107 na rzecz ochrony klimatu i do 2030 roku nie odejdziemy od spalania w\u0119gla &#8211; to, co na razie jest anomali\u0105 pogodow\u0105, stanie si\u0119 norm\u0105. Ju\u017c teraz na ca\u0142ym \u015bwiecie w wyniku katastrof wywo\u0142anych przez zmian\u0119 klimatu gin\u0105 lub cierpi\u0105 ludzie, wymieraj\u0105 gatunki ro\u015blin i zwierz\u0105t, znikaj\u0105 ca\u0142e ekosystemy. Naukowcy m\u00f3wi\u0105 wyra\u017anie: jeste\u015bmy ostatnim pokoleniem, kt\u00f3re mo\u017ce uchroni\u0107 \u015bwiat przed katastrof\u0105. Drugiej szansy nie dostaniemy.<\/p>\n<\/div>\n<div data-render=\"planet4-blocks\/columns\" data-attributes=\"{&quot;attributes&quot;:{&quot;columns_block_style&quot;:&quot;tasks&quot;,&quot;columns_title&quot;:&quot;Co mo\\u017cesz zrobi\\u0107 dla klimatu?&quot;,&quot;columns_description&quot;:&quot;Jeste\\u015bmy na skraju katastrofy ekologicznej, ale mo\\u017cemy jej jeszcze zapobiec, musimy jednak dzia\\u0142a\\u0107 ju\\u017c teraz.&quot;,&quot;columns&quot;:[{&quot;title&quot;:&quot;Zorganizuj strajk dla klimatu&quot;,&quot;description&quot;:&quot;M\\u0142odzi ludzie na ca\\u0142ym \\u015bwiecie zainspirowani postaw\\u0105 szwedzkiej nastolatki, Grety Thunberg, \\u0142\\u0105cz\\u0105 si\\u0142y, by wsp\\u00f3lnie domaga\\u0107 si\\u0119 od doros\\u0142ych, by zadbali o ich przysz\\u0142o\\u015b\\u0107 i podj\\u0119li ambitne dzia\\u0142ania, by odej\\u015b\\u0107 od spalania w\\u0119gla i innych paliw kopalnych. Zorganizuj protest w swojej szkole, w swoim mie\\u015bcie. Do\\u0142\\u0105cz do setek tysi\\u0119cy m\\u0142odych ludzi na ca\\u0142ym \\u015bwiecie!&quot;,&quot;attachment&quot;:&quot;https:\\\/\\\/www.greenpeace.org\\\/static\\\/planet4-poland-stateless\\\/2019\\\/06\\\/dfa6331a-40420063373_19df31caa4_k-227x340.jpg&quot;,&quot;cta_link&quot;:&quot;&quot;,&quot;cta_text&quot;:&quot;&quot;,&quot;link_new_tab&quot;:false,&quot;attachment_srcset&quot;:&quot;https:\\\/\\\/www.greenpeace.org\\\/static\\\/planet4-poland-stateless\\\/2019\\\/06\\\/dfa6331a-40420063373_19df31caa4_k-227x340.jpg 227w, https:\\\/\\\/www.greenpeace.org\\\/static\\\/planet4-poland-stateless\\\/2019\\\/06\\\/dfa6331a-40420063373_19df31caa4_k-200x300.jpg 200w, https:\\\/\\\/www.greenpeace.org\\\/static\\\/planet4-poland-stateless\\\/2019\\\/06\\\/dfa6331a-40420063373_19df31caa4_k-768x1152.jpg 768w, https:\\\/\\\/www.greenpeace.org\\\/static\\\/planet4-poland-stateless\\\/2019\\\/06\\\/dfa6331a-40420063373_19df31caa4_k-683x1024.jpg 683w, https:\\\/\\\/www.greenpeace.org\\\/static\\\/planet4-poland-stateless\\\/2019\\\/06\\\/dfa6331a-40420063373_19df31caa4_k-910x1366.jpg 910w, https:\\\/\\\/www.greenpeace.org\\\/static\\\/planet4-poland-stateless\\\/2019\\\/06\\\/dfa6331a-40420063373_19df31caa4_k.jpg 1365w&quot;},{&quot;title&quot;:&quot;Zaapeluj o Polsk\\u0119 woln\\u0105 od w\\u0119gla&quot;,&quot;description&quot;:&quot;Do 2030 roku Polska obok innych pa\\u0144stw, kt\\u00f3re od dziesi\\u0119cioleci u\\u017cywa\\u0142y w\\u0119gla w ogromnych ilo\\u015bciach \\u2013 powinna ca\\u0142kowicie od niego odej\\u015b\\u0107. Obowi\\u0105zkiem obecnych lider\\u00f3w \\u015bwiata polityki - prezydenta, rz\\u0105du i parlamentarzyst\\u00f3w, jest odwa\\u017cne i szybkie dzia\\u0142anie w walce z kryzysem klimatycznym.&quot;,&quot;attachment&quot;:&quot;https:\\\/\\\/www.greenpeace.org\\\/static\\\/planet4-poland-stateless\\\/2019\\\/06\\\/b5d75777-12507343843_f11b5d683a_h-510x340.jpg&quot;,&quot;cta_link&quot;:&quot;https:\\\/\\\/act.greenpeace.org\\\/page\\\/34276\\\/petition\\\/1?ea.tracking.id=gppl&quot;,&quot;cta_text&quot;:&quot;Podpisz apel!&quot;,&quot;link_new_tab&quot;:false,&quot;attachment_srcset&quot;:&quot;https:\\\/\\\/www.greenpeace.org\\\/static\\\/planet4-poland-stateless\\\/2019\\\/06\\\/b5d75777-12507343843_f11b5d683a_h-510x340.jpg 510w, https:\\\/\\\/www.greenpeace.org\\\/static\\\/planet4-poland-stateless\\\/2019\\\/06\\\/b5d75777-12507343843_f11b5d683a_h-300x199.jpg 300w, https:\\\/\\\/www.greenpeace.org\\\/static\\\/planet4-poland-stateless\\\/2019\\\/06\\\/b5d75777-12507343843_f11b5d683a_h-768x510.jpg 768w, https:\\\/\\\/www.greenpeace.org\\\/static\\\/planet4-poland-stateless\\\/2019\\\/06\\\/b5d75777-12507343843_f11b5d683a_h-1024x680.jpg 1024w, https:\\\/\\\/www.greenpeace.org\\\/static\\\/planet4-poland-stateless\\\/2019\\\/06\\\/b5d75777-12507343843_f11b5d683a_h.jpg 1600w&quot;},{&quot;title&quot;:&quot;Do\\u0142\\u0105cz do aktywistek i aktywist\\u00f3w Greenpeace&quot;,&quot;description&quot;:&quot;Aktywistki i aktywi\\u015bci Greenpeace na ca\\u0142ym \\u015bwiecie podejmuj\\u0105 odwa\\u017cne, ale zawsze pokojowe dzia\\u0142ania dla klimatu tam, gdzie inne sposoby nie wystarczaj\\u0105. Do\\u0142\\u0105cz do nich, dzia\\u0142aj razem z nami!&quot;,&quot;attachment&quot;:&quot;https:\\\/\\\/www.greenpeace.org\\\/static\\\/planet4-poland-stateless\\\/2019\\\/06\\\/4d4e521c-47794220202_82b08c81b0_k-e1559904802511-349x340.jpg&quot;,&quot;cta_link&quot;:&quot;https:\\\/\\\/www.greenpeace.org\\\/poland\\\/dzialaj\\\/&quot;,&quot;cta_text&quot;:&quot;Dzia\\u0142aj z nami!&quot;,&quot;link_new_tab&quot;:false,&quot;attachment_srcset&quot;:&quot;https:\\\/\\\/www.greenpeace.org\\\/static\\\/planet4-poland-stateless\\\/2019\\\/06\\\/4d4e521c-47794220202_82b08c81b0_k-e1559904802511-349x340.jpg 349w, https:\\\/\\\/www.greenpeace.org\\\/static\\\/planet4-poland-stateless\\\/2019\\\/06\\\/4d4e521c-47794220202_82b08c81b0_k-e1559904802511-300x292.jpg 300w, https:\\\/\\\/www.greenpeace.org\\\/static\\\/planet4-poland-stateless\\\/2019\\\/06\\\/4d4e521c-47794220202_82b08c81b0_k-e1559904802511-768x748.jpg 768w, https:\\\/\\\/www.greenpeace.org\\\/static\\\/planet4-poland-stateless\\\/2019\\\/06\\\/4d4e521c-47794220202_82b08c81b0_k-e1559904802511-1024x998.jpg 1024w, https:\\\/\\\/www.greenpeace.org\\\/static\\\/planet4-poland-stateless\\\/2019\\\/06\\\/4d4e521c-47794220202_82b08c81b0_k-e1559904802511.jpg 1402w&quot;}],&quot;className&quot;:&quot;is-style-tasks&quot;}}\"><\/div>\n        <div class=\"wp-block-query actions-list p4-query-loop is-custom-layout-actions-list is-custom-layout-grid is-layout-grid wp-container-core-query-is-layout-29f43435 wp-block-query-is-layout-grid\"><h2 class=\"wp-block-heading\"><\/h2>\n        <p style=\"margin-top: 24px; margin-bottom: 32px;\"><\/p>\n        \n        <ul class=\"wp-block-post-template is-layout-flow wp-block-post-template-is-layout-flow\"><li class=\"wp-block-post post-28648 page type-page status-publish has-post-thumbnail hentry category-rolnictwo tag-dzialaj tag-chowprzemyslowy\">\n                <figure class=\"wp-block-post-featured-image\"><img loading=\"lazy\" decoding=\"async\" width=\"1200\" height=\"800\" src=\"https:\/\/www.greenpeace.org\/static\/planet4-poland-stateless\/2019\/06\/27fc45c6-gp0strfuc_pressmedia.jpg\" class=\"attachment-post-thumbnail size-post-thumbnail wp-post-image wp-stateless-item\" alt=\"\" style=\"object-fit:cover;\" srcset=\"https:\/\/www.greenpeace.org\/static\/planet4-poland-stateless\/2019\/06\/27fc45c6-gp0strfuc_pressmedia.jpg 1200w, https:\/\/www.greenpeace.org\/static\/planet4-poland-stateless\/2019\/06\/27fc45c6-gp0strfuc_pressmedia-300x200.jpg 300w, https:\/\/www.greenpeace.org\/static\/planet4-poland-stateless\/2019\/06\/27fc45c6-gp0strfuc_pressmedia-768x512.jpg 768w, https:\/\/www.greenpeace.org\/static\/planet4-poland-stateless\/2019\/06\/27fc45c6-gp0strfuc_pressmedia-1024x683.jpg 1024w, https:\/\/www.greenpeace.org\/static\/planet4-poland-stateless\/2019\/06\/27fc45c6-gp0strfuc_pressmedia-510x340.jpg 510w\" sizes=\"auto, (max-width: 1200px) 100vw, 1200px\" data-image-size=\"post-thumbnail\" data-stateless-media-bucket=\"planet4-poland-stateless\" data-stateless-media-name=\"2019\/06\/27fc45c6-gp0strfuc_pressmedia.jpg\" \/><\/figure>\n                \n                <div class=\"wp-block-group group-stretched-link is-layout-flow wp-block-group-is-layout-flow\"><div class=\"wp-block-post-terms\">Rolnictwo<\/div>\n                <h3 class=\"wp-block-post-title\"><a href=\"https:\/\/www.greenpeace.org\/poland\/dzialaj-old\/bez-miesa\/\" target=\"_self\" >Podejmij wyzwanie: Tydzie\u0144 bez Mi\u0119sa<\/a><\/h3>\n                <div class=\"wp-block-post-excerpt\"><p class=\"wp-block-post-excerpt__excerpt\">Przygotowali\u015bmy dla Ciebie siedem codziennych maili, w kt\u00f3rych chcemy pokaza\u0107, \u017ce jedz\u0105c #PoProstuMniej mniej mi\u0119sa, mo\u017cesz dzia\u0142a\u0107 na rzecz naszego zdrowia, przyrody, zwierz\u0105t i klimatu. Podzielimy si\u0119 z Tob\u0105 ro\u015blinnymi przepisami z sezonowych i lokalnych warzyw i owoc\u00f3w <\/p><\/div><\/div>\n                \n                \n        <div class=\"wp-block-group read-more-nav is-layout-flow wp-block-group-is-layout-flow\"><a href=\"https:\/\/www.greenpeace.org\/poland\/dzialaj-old\/bez-miesa\/\" class=\"btn btn-primary btn-small\" aria-label=\"Dzia\u0142aj!\">Dzia\u0142aj!<\/a>\n        \n        \n        <\/div>\n        \n                <\/li><li class=\"wp-block-post post-2965 page type-page status-publish has-post-thumbnail hentry category-klimat-energia tag-klimat tag-dzialaj\">\n                <figure class=\"wp-block-post-featured-image\"><img loading=\"lazy\" decoding=\"async\" width=\"1600\" height=\"1063\" src=\"https:\/\/www.greenpeace.org\/static\/planet4-poland-stateless\/2019\/06\/b5d75777-12507343843_f11b5d683a_h.jpg\" class=\"attachment-post-thumbnail size-post-thumbnail wp-post-image wp-stateless-item\" alt=\"\" style=\"object-fit:cover;\" srcset=\"https:\/\/www.greenpeace.org\/static\/planet4-poland-stateless\/2019\/06\/b5d75777-12507343843_f11b5d683a_h.jpg 1600w, https:\/\/www.greenpeace.org\/static\/planet4-poland-stateless\/2019\/06\/b5d75777-12507343843_f11b5d683a_h-300x199.jpg 300w, https:\/\/www.greenpeace.org\/static\/planet4-poland-stateless\/2019\/06\/b5d75777-12507343843_f11b5d683a_h-768x510.jpg 768w, https:\/\/www.greenpeace.org\/static\/planet4-poland-stateless\/2019\/06\/b5d75777-12507343843_f11b5d683a_h-1024x680.jpg 1024w, https:\/\/www.greenpeace.org\/static\/planet4-poland-stateless\/2019\/06\/b5d75777-12507343843_f11b5d683a_h-510x340.jpg 510w\" sizes=\"auto, (max-width: 1600px) 100vw, 1600px\" data-image-size=\"post-thumbnail\" data-stateless-media-bucket=\"planet4-poland-stateless\" data-stateless-media-name=\"2019\/06\/b5d75777-12507343843_f11b5d683a_h.jpg\" \/><\/figure>\n                \n                <div class=\"wp-block-group group-stretched-link is-layout-flow wp-block-group-is-layout-flow\"><div class=\"wp-block-post-terms\">Klimat i energia<\/div>\n                <h3 class=\"wp-block-post-title\"><a href=\"https:\/\/www.greenpeace.org\/poland\/dzialaj-old\/wesprzyj-ochrone-klimatu\/\" target=\"_self\" >Wesprzyj ochron\u0119 klimatu<\/a><\/h3>\n                <div class=\"wp-block-post-excerpt\"><p class=\"wp-block-post-excerpt__excerpt\">Pom\u00f3\u017c nam dzia\u0142a\u0107 na rzecz odchodzenia od spalania paliw kopalnych. Ratujmy wsp\u00f3lnie klimat! <\/p><\/div><\/div>\n                \n                \n        <div class=\"wp-block-group read-more-nav is-layout-flow wp-block-group-is-layout-flow\"><a href=\"https:\/\/www.greenpeace.org\/poland\/dzialaj-old\/wesprzyj-ochrone-klimatu\/\" class=\"btn btn-primary btn-small\" aria-label=\"Wesprzyj!\">Wesprzyj!<\/a>\n        \n        \n        <\/div>\n        \n                <\/li><li class=\"wp-block-post post-3090 page type-page status-publish has-post-thumbnail hentry category-klimat-energia tag-klimat tag-wegiel\">\n                <figure class=\"wp-block-post-featured-image\"><img loading=\"lazy\" decoding=\"async\" width=\"2560\" height=\"1920\" src=\"https:\/\/www.greenpeace.org\/static\/planet4-poland-stateless\/2020\/06\/7fe0778a-copy-of-dji_0010-scaled.jpg\" class=\"attachment-post-thumbnail size-post-thumbnail wp-post-image wp-stateless-item\" alt=\"\" style=\"object-fit:cover;\" srcset=\"https:\/\/www.greenpeace.org\/static\/planet4-poland-stateless\/2020\/06\/7fe0778a-copy-of-dji_0010-scaled.jpg 2560w, https:\/\/www.greenpeace.org\/static\/planet4-poland-stateless\/2020\/06\/7fe0778a-copy-of-dji_0010-300x225.jpg 300w, https:\/\/www.greenpeace.org\/static\/planet4-poland-stateless\/2020\/06\/7fe0778a-copy-of-dji_0010-1024x768.jpg 1024w, https:\/\/www.greenpeace.org\/static\/planet4-poland-stateless\/2020\/06\/7fe0778a-copy-of-dji_0010-768x576.jpg 768w, https:\/\/www.greenpeace.org\/static\/planet4-poland-stateless\/2020\/06\/7fe0778a-copy-of-dji_0010-1536x1152.jpg 1536w, https:\/\/www.greenpeace.org\/static\/planet4-poland-stateless\/2020\/06\/7fe0778a-copy-of-dji_0010-2048x1536.jpg 2048w, https:\/\/www.greenpeace.org\/static\/planet4-poland-stateless\/2020\/06\/7fe0778a-copy-of-dji_0010-1821x1366.jpg 1821w, https:\/\/www.greenpeace.org\/static\/planet4-poland-stateless\/2020\/06\/7fe0778a-copy-of-dji_0010-453x340.jpg 453w\" sizes=\"auto, (max-width: 2560px) 100vw, 2560px\" data-image-size=\"post-thumbnail\" data-stateless-media-bucket=\"planet4-poland-stateless\" data-stateless-media-name=\"2020\/06\/7fe0778a-copy-of-dji_0010-scaled.jpg\" \/><\/figure>\n                \n                <div class=\"wp-block-group group-stretched-link is-layout-flow wp-block-group-is-layout-flow\"><div class=\"wp-block-post-terms\">Klimat i energia<\/div>\n                <h3 class=\"wp-block-post-title\"><a href=\"https:\/\/www.greenpeace.org\/poland\/dzialaj-old\/podpisz-polska-bez-wegla-2030\/\" target=\"_self\" >Podpisz: Chro\u0144my klimat, chro\u0144my ludzi!<\/a><\/h3>\n                <div class=\"wp-block-post-excerpt\"><p class=\"wp-block-post-excerpt__excerpt\">Podpisz petycj\u0119 o jak najszybsze odej\u015bcie Polski od spalania paliw kopalnych. <\/p><\/div><\/div>\n                \n                \n        <div class=\"wp-block-group read-more-nav is-layout-flow wp-block-group-is-layout-flow\"><a href=\"https:\/\/www.greenpeace.org\/poland\/dzialaj-old\/podpisz-polska-bez-wegla-2030\/\" class=\"btn btn-primary btn-small\" aria-label=\"Dzia\u0142aj!\">Dzia\u0142aj!<\/a>\n        \n        \n        <\/div>\n        \n                <\/li><\/ul>\n        \n<div class=\"wp-block-buttons carousel-controls is-horizontal is-content-justification-space-between is-nowrap is-layout-flex wp-container-core-buttons-is-layout-044bd602 wp-block-buttons-is-layout-flex\">\n            <div class=\"wp-block-button carousel-control-prev\"><button type=\"button\" class=\"wp-block-button__link wp-element-button\">Wstecz<\/button><\/div>\n        \n\n            <div class=\"wp-block-button carousel-control-next\"><button type=\"button\" class=\"wp-block-button__link wp-element-button\">Dalej<\/button><\/div>\n        <\/div>\n\n        \n<div class=\"wp-block-buttons load-more-actions-container is-content-justification-center is-layout-flex wp-container-core-buttons-is-layout-16018d1d wp-block-buttons-is-layout-flex\">\n                <div class=\"wp-block-button is-style-secondary\"><button type=\"button\" class=\"wp-block-button__link wp-element-button\">Poka\u017c wi\u0119cej<\/button><\/div>\n            \n<\/div>\n<\/div>\n        \n<p>Je\u015bli uczysz dzieci lub m\u0142odzie\u017c, pobierz nasz pakiet edukacyjny na temat odnawialnych \u017ar\u00f3de\u0142 energii, w kt\u00f3rym dowiesz si\u0119, jak przekazywa\u0107 t\u0119 wiedz\u0119 m\u0142odym ludziom, a tak\u017ce znajdziesz praktyczne scenariusze lekcji dla klas szko\u0142y podstawowej i starszych.<\/p>\n\n    <div class=\"wp-block-query posts-list p4-query-loop is-custom-layout-grid is-layout-grid wp-container-core-query-is-layout-b8bb0bd1 wp-block-query-is-layout-grid\">\n        <div class=\"wp-block-group is-content-justification-space-between is-layout-flex wp-container-core-group-is-layout-3d213aab wp-block-group-is-layout-flex\"><h2 class=\"wp-block-heading\"><\/h2>\n        <li class=\" wp-block-navigation-item see-all-link wp-block-navigation-link\"><a class=\"wp-block-navigation-item__content\"  href=\"http:\/\/www.greenpeace.org\/poland\/aktualnosci\/\"><span class=\"wp-block-navigation-item__label\">See all stories<\/span><\/a><\/li>\n        \n        <\/div>\n        \n\n    <p style=\"margin-top: 24px; margin-bottom: 36px;\"><\/p>\n\n    \n\n    <ul class=\"wp-block-post-template is-layout-flow wp-block-post-template-is-layout-flow\"><li class=\"wp-block-post post-3670 post type-post status-publish format-standard has-post-thumbnail hentry category-klimat-energia tag-klimat tag-czysta-energia p4-page-type-raporty\">\n            \n<div class=\"wp-block-columns is-layout-flex wp-container-core-columns-is-layout-9d6595d7 wp-block-columns-is-layout-flex\"><figure class=\"wp-block-post-featured-image\"><a href=\"https:\/\/www.greenpeace.org\/poland\/raporty\/3670\/oze-przewodnik-dla-nauczycieli\/\" target=\"_self\"  ><img loading=\"lazy\" decoding=\"async\" width=\"610\" height=\"868\" src=\"https:\/\/www.greenpeace.org\/static\/planet4-poland-stateless\/2019\/09\/531d1017-przewodnik_oze_dla_nauczycieli_okladka.jpg\" class=\"attachment-post-thumbnail size-post-thumbnail wp-post-image wp-stateless-item\" alt=\"OZE &#8211; przewodnik dla nauczycieli\" style=\"object-fit:cover;\" srcset=\"https:\/\/www.greenpeace.org\/static\/planet4-poland-stateless\/2019\/09\/531d1017-przewodnik_oze_dla_nauczycieli_okladka.jpg 610w, https:\/\/www.greenpeace.org\/static\/planet4-poland-stateless\/2019\/09\/531d1017-przewodnik_oze_dla_nauczycieli_okladka-211x300.jpg 211w, https:\/\/www.greenpeace.org\/static\/planet4-poland-stateless\/2019\/09\/531d1017-przewodnik_oze_dla_nauczycieli_okladka-239x340.jpg 239w\" sizes=\"auto, (max-width: 610px) 100vw, 610px\" data-image-size=\"post-thumbnail\" data-stateless-media-bucket=\"planet4-poland-stateless\" data-stateless-media-name=\"2019\/09\/531d1017-przewodnik_oze_dla_nauczycieli_okladka.jpg\" \/><\/a><\/figure>\n\n        <div class=\"wp-block-group is-layout-flow wp-block-group-is-layout-flow\">\n        <div class=\"wp-block-group posts-list-meta is-layout-flow wp-block-group-is-layout-flow\"><div class=\"taxonomy-post_tag wp-block-post-terms\"><a href=\"https:\/\/www.greenpeace.org\/poland\/tag\/klimat\/\" rel=\"tag\">Klimat<\/a><span class=\"wp-block-post-terms__separator\"> <\/span><a href=\"https:\/\/www.greenpeace.org\/poland\/tag\/czysta-energia\/\" rel=\"tag\">CzystaEnergia<\/a><\/div>\n        <div class=\"taxonomy-category wp-block-post-terms\"><a href=\"https:\/\/www.greenpeace.org\/poland\/category\/klimat-energia\/\" rel=\"tag\">Klimat i energia<\/a><\/div>\n        \n        <\/div>\n        \n        <h3 class=\"wp-block-post-title\"><a href=\"https:\/\/www.greenpeace.org\/poland\/raporty\/3670\/oze-przewodnik-dla-nauczycieli\/\" target=\"_self\" >OZE &#8211; przewodnik dla nauczycieli<\/a><\/h3>\n        <div class=\"wp-block-post-excerpt\"><p class=\"wp-block-post-excerpt__excerpt\">Korzystanie z odnawialnych \u017ar\u00f3de\u0142 energii (OZE) jawi si\u0119 jako jedno z g\u0142\u00f3wnych rozwi\u0105za\u0144, kt\u00f3re mo\u017ce przyczyni\u0107 si\u0119 do powstrzymania zmian klimatu, zapewniaj\u0105cych r\u00f3wnocze\u015bnie bezpiecze\u0144stwo energetyczne \u015bwiata, w tym Polski. \u201cW&hellip; <\/p><\/div>\n        \n        <div class=\"wp-block-group posts-list-meta is-layout-flow wp-block-group-is-layout-flow\"><span class='article-list-item-author'><a href='https:\/\/www.greenpeace.org\/poland\/author\/marianna\/'>Greenpeace Polska<\/a><\/span>\n        <div class=\"wp-block-post-date\"><time datetime=\"2015-09-18T16:40:41+02:00\">2015-09-18<\/time><\/div>\n        \n        <\/div>\n        <\/div>\n        <\/div>\n\n            <\/li><\/ul>\n\n    \n<div class=\"wp-block-buttons carousel-controls is-horizontal is-content-justification-space-between is-nowrap is-layout-flex wp-container-core-buttons-is-layout-044bd602 wp-block-buttons-is-layout-flex\">\n            <div class=\"wp-block-button carousel-control-prev\"><button type=\"button\" class=\"wp-block-button__link wp-element-button\">Wstecz<\/button><\/div>\n        \n\n            <div class=\"wp-block-button carousel-control-next\"><button type=\"button\" class=\"wp-block-button__link wp-element-button\">Dalej<\/button><\/div>\n        <\/div>\n\n\n    <li class=\" wp-block-navigation-item see-all-link wp-block-navigation-link\"><a class=\"wp-block-navigation-item__content\"  href=\"http:\/\/www.greenpeace.org\/poland\/aktualnosci\/\"><span class=\"wp-block-navigation-item__label\">See all stories<\/span><\/a><\/li><\/div>\n    <\/p>\n\n<p><\/p>\n","protected":false},"excerpt":{"rendered":"<p>Jedyna szansa, \u017ceby ochroni\u0107 \u015bwiat przed katastrof\u0105 klimatyczn\u0105, to podj\u0119cie natychmiastowych dzia\u0142a\u0144. Dlatego wszyscy musimy zacz\u0105\u0107 dzia\u0142a\u0107 &#8211; nim b\u0119dzie za p\u00f3\u017ano.<\/p>\n","protected":false},"author":1,"featured_media":30469,"parent":9,"menu_order":0,"comment_status":"closed","ping_status":"closed","template":"","meta":{"ep_exclude_from_search":false,"p4_hide_page_title_checkbox":"on","p4_title":"","p4_subtitle":"","p4_description":"","background_image_id":"","background_image":"","p4_button_title":"","p4_button_link":"","p4_button_link_checkbox":"","p4_og_title":"","p4_og_description":"","p4_og_image":"","p4_og_image_id":"","p4_seo_canonical_url":"","p4_campaign_name":"Local Campaign","p4_local_project":"not set","p4_basket_name":"Forests","p4_department":"","footnotes":""},"categories":[2],"tags":[6,23],"class_list":["post-30","page","type-page","status-publish","has-post-thumbnail","hentry","category-klimat-energia","tag-klimat","tag-dzialaj"],"_links":{"self":[{"href":"https:\/\/www.greenpeace.org\/poland\/wp-json\/wp\/v2\/pages\/30","targetHints":{"allow":["GET"]}}],"collection":[{"href":"https:\/\/www.greenpeace.org\/poland\/wp-json\/wp\/v2\/pages"}],"about":[{"href":"https:\/\/www.greenpeace.org\/poland\/wp-json\/wp\/v2\/types\/page"}],"author":[{"embeddable":true,"href":"https:\/\/www.greenpeace.org\/poland\/wp-json\/wp\/v2\/users\/1"}],"replies":[{"embeddable":true,"href":"https:\/\/www.greenpeace.org\/poland\/wp-json\/wp\/v2\/comments?post=30"}],"version-history":[{"count":20,"href":"https:\/\/www.greenpeace.org\/poland\/wp-json\/wp\/v2\/pages\/30\/revisions"}],"predecessor-version":[{"id":40006,"href":"https:\/\/www.greenpeace.org\/poland\/wp-json\/wp\/v2\/pages\/30\/revisions\/40006"}],"up":[{"embeddable":true,"href":"https:\/\/www.greenpeace.org\/poland\/wp-json\/wp\/v2\/pages\/9"}],"wp:featuredmedia":[{"embeddable":true,"href":"https:\/\/www.greenpeace.org\/poland\/wp-json\/wp\/v2\/media\/30469"}],"wp:attachment":[{"href":"https:\/\/www.greenpeace.org\/poland\/wp-json\/wp\/v2\/media?parent=30"}],"wp:term":[{"taxonomy":"category","embeddable":true,"href":"https:\/\/www.greenpeace.org\/poland\/wp-json\/wp\/v2\/categories?post=30"},{"taxonomy":"post_tag","embeddable":true,"href":"https:\/\/www.greenpeace.org\/poland\/wp-json\/wp\/v2\/tags?post=30"}],"curies":[{"name":"wp","href":"https:\/\/api.w.org\/{rel}","templated":true}]}}