{"id":30157,"date":"2021-06-22T11:31:09","date_gmt":"2021-06-22T09:31:09","guid":{"rendered":"https:\/\/www.greenpeace.org\/poland\/?page_id=30157"},"modified":"2025-09-23T12:07:59","modified_gmt":"2025-09-23T10:07:59","slug":"lodeur-de-la-ferme","status":"publish","type":"page","link":"https:\/\/www.greenpeace.org\/poland\/lodeur-de-la-ferme\/","title":{"rendered":"L&#8217;Odeur de la ferme"},"content":{"rendered":"\n                \n                <div class=\"wp-block-group alignfull is-layout-flow wp-block-group-is-layout-flow\">\n                \n                <div class=\"wp-block-group container is-layout-flow wp-block-group-is-layout-flow\">\n                \n                <div class=\"wp-block-media-text alignfull has-media-on-the-right is-stacked-on-mobile is-pattern-p4-page-header is-style-parallax\">\n\n                <div class=\"wp-block-media-text__content\">\n                    <div class=\"wp-block-group is-layout-flow wp-block-group-is-layout-flow\">\n                    \n                        <h1 class=\"wp-block-heading has-white-background-color has-background\">\n                            L&#8217;Odeur de la ferme\n                        <\/h1>\n                    <\/div>\n                \n\n                \n                        <p style=\"font-size:1.25rem\">\n                            <em>L&#8217;Odeur de la ferme<\/em> to zapach dla m\u0119\u017cczyzn maj\u0105cych w\u0142adz\u0119 i lubi\u0105cych udawa\u0107, \u017ce wykorzystuj\u0105 j\u0105 dla dobra spo\u0142eczno\u015bci, podczas gdy tak naprawd\u0119 na ich decyzjach korzystaj\u0105 jedynie nieliczni najbogatsi. Je\u015bli tysi\u0105ce rolniczek i rolnik\u00f3w z ca\u0142ej Polski od lat apeluj\u0105 do Ciebie, by\u015b zadba\u0142 o ich zdrowie i dobrostan ograniczaj\u0105c ekspansj\u0119 ferm przemys\u0142owych, a Ty w odpowiedzi proponujesz przepisy, kt\u00f3re nie pomog\u0105 ludziom i, co wa\u017cniejsze, nie zaszkodz\u0105 mi\u0119snym potentatom \u2013 <em>L&#8217;Odeur de la ferme<\/em> jest w\u0142a\u015bnie dla Ciebie!\n                        <\/p>\n                    \n\n                \n\n                <\/div>\n                <figure class=\"wp-block-media-text__media\">\n                    <img loading=\"lazy\" decoding=\"async\" width=\"2560\" height=\"1916\"\n                        src=\"https:\/\/www.greenpeace.org\/static\/planet4-poland-stateless\/2021\/06\/5fd223ff-odeur-scaled.jpg\"\n                        alt=\"\"\n                        sizes=\"auto, (min-width: 601px) 50vw, 100vw\" srcset=\"https:\/\/www.greenpeace.org\/static\/planet4-poland-stateless\/2021\/06\/5fd223ff-odeur-scaled.jpg 2560w, https:\/\/www.greenpeace.org\/static\/planet4-poland-stateless\/2021\/06\/5fd223ff-odeur-300x225.jpg 300w, https:\/\/www.greenpeace.org\/static\/planet4-poland-stateless\/2021\/06\/5fd223ff-odeur-1024x766.jpg 1024w, https:\/\/www.greenpeace.org\/static\/planet4-poland-stateless\/2021\/06\/5fd223ff-odeur-768x575.jpg 768w, https:\/\/www.greenpeace.org\/static\/planet4-poland-stateless\/2021\/06\/5fd223ff-odeur-1536x1150.jpg 1536w, https:\/\/www.greenpeace.org\/static\/planet4-poland-stateless\/2021\/06\/5fd223ff-odeur-2048x1533.jpg 2048w, https:\/\/www.greenpeace.org\/static\/planet4-poland-stateless\/2021\/06\/5fd223ff-odeur-1825x1366.jpg 1825w, https:\/\/www.greenpeace.org\/static\/planet4-poland-stateless\/2021\/06\/5fd223ff-odeur-454x340.jpg 454w\" class=\"wp-image-30194 size-full\"\n                    \/>\n                <\/figure>\n                <\/div>\n                \n                <\/div>\n                \n                <\/div>\n                \n                \n<p>Rozsmakuj si\u0119 w zapachu chlewni na 2 tys. \u015bwi\u0144 albo gigantycznego kurnika zbudowanych pi\u0119\u0107set metr\u00f3w od Twojego domu. <strong>Poczuj, jak bardzo Twoje zdrowie i samopoczucie s\u0105 nieistotne wobec zysk\u00f3w w\u0105skiej grupy mi\u0119snych potentat\u00f3w. <\/strong>Delikatna nuta odor\u00f3w wydobywaj\u0105cych si\u0119 z otaczaj\u0105cych Ci\u0119 ferm przemys\u0142owych, prze\u0142amana zapachem zanieczyszczonej wody i gleby oraz roj\u0105cych si\u0119 wok\u00f3\u0142 gryzoni i insekt\u00f3w przeniesie Ci\u0119 daleko za horyzont: prosto do wsp\u00f3\u0142czesnej wsi, w kt\u00f3rej ludzie, zwierz\u0119ta i ca\u0142a przyroda cierpi\u0105, bo rz\u0105dz\u0105cy nie chc\u0105 lub nie potrafi\u0105 powstrzyma\u0107 ekspansji ferm przemys\u0142owych.<\/p>\n\n<h4 class=\"has-medium-font-size wp-block-heading\"><strong>Nuty zapachowe:<\/strong><\/h4>\n\n<p><strong>Nuty g\u0142owy:<\/strong> amoniak, siarkowod\u00f3r, wirusy odzwierz\u0119ce, py\u0142y zawieszone<br><strong>Nuty serca:<\/strong> insekty i gryzonie, zatrucie w\u00f3d i gleby, spadek warto\u015bci nieruchomo\u015bci, upadek ma\u0142ych gospodarstw rolnych<br><strong>Nuty bazy:<\/strong> oboj\u0119tno\u015b\u0107 rz\u0105dz\u0105cych, chciwo\u015b\u0107 potentat\u00f3w, degradacja spo\u0142eczno\u015bci wiejskich<\/p>\n<div data-render=\"planet4-blocks\/gallery\" data-attributes=\"{&quot;attributes&quot;:{&quot;gallery_block_style&quot;:0,&quot;gallery_block_title&quot;:&quot;&quot;,&quot;gallery_block_description&quot;:&quot;&quot;,&quot;multiple_image&quot;:&quot;&quot;,&quot;gallery_block_focus_points&quot;:&quot;&quot;,&quot;image_data&quot;:[],&quot;images&quot;:[]}}\"><\/div>\n<hr class=\"wp-block-separator\"\/>\n\n<p class=\"has-yellow-background-color has-background\"><strong>W latach 2015-2020 liczba najwi\u0119kszych ferm w Polsce wzros\u0142a dwukrotnie. Obecnie mamy ponad 1600 megachlewni i megakurnik\u00f3w<\/strong>, stwarzaj\u0105cych olbrzymie uci\u0105\u017cliwo\u015bci dla mieszka\u0144c\u00f3w, szkodz\u0105cych lokalnemu rolnictwu, zanieczyszczaj\u0105cych \u015brodowisko i niszcz\u0105cych przyrod\u0119. Mieszka\u0144cy setek wsi w Polsce od lat czekaj\u0105 na rozwi\u0105zania, kt\u00f3re powstrzymaj\u0105 nieopanowan\u0105 ekspansj\u0119 ferm przemys\u0142owych. <strong>Tzw. ustawa odorowa jest potrzebna, ale w obecnym kszta\u0142cie niczego nie rozwi\u0105\u017ce:<\/strong> wielkie fermy przemys\u0142owe nadal b\u0119d\u0105 powstawa\u0107 zbyt blisko zabudowa\u0144, uprzykrzaj\u0105c \u017cycie mieszkaj\u0105cym tam ludziom. <\/p>\n\n<h2 class=\"wp-block-heading\">Stop ekspansji ferm przemys\u0142owych!<\/h2>\n\n<h5 class=\"wp-block-heading\">Zatrzymajmy ekspansj\u0119 ferm przemys\u0142owych &#8211; szkodliwych dla zwierz\u0105t, naszego zdrowia i \u015brodowiska! Wspierajmy rolnictwo dobre dla ludzi, przyrody i klimatu!<\/h5>\n\n<div class=\"wp-block-buttons is-layout-flex wp-block-buttons-is-layout-flex\">\n<div class=\"wp-block-button is-style-cta\"><a class=\"wp-block-button__link\" href=\"https:\/\/act.greenpeace.org\/page\/60874\/petition\/1?ea.tracking.id=gppl\" target=\"_blank\" rel=\"noreferrer noopener\">PODPISZ APEL!<\/a><\/div>\n<\/div>\n\n<hr class=\"wp-block-separator\"\/>\n\n    <div class=\"wp-block-query posts-list p4-query-loop is-custom-layout-list is-layout-flow wp-block-query-is-layout-flow\">\n        <div class=\"wp-block-group is-content-justification-space-between is-layout-flex wp-container-core-group-is-layout-3d213aab wp-block-group-is-layout-flex\"><h2 class=\"wp-block-heading\">Dowiedz si\u0119 wi\u0119cej o chowie przemys\u0142owym:<\/h2>\n        <li class=\" wp-block-navigation-item see-all-link wp-block-navigation-link\"><a class=\"wp-block-navigation-item__content\"  href=\"http:\/\/www.greenpeace.org\/poland\/aktualnosci\/?tag=chowprzemyslowy\"><span class=\"wp-block-navigation-item__label\">See all stories<\/span><\/a><\/li>\n        \n        <\/div>\n        \n\n    <p style=\"margin-top: 24px; margin-bottom: 36px;\"><\/p>\n\n    \n\n    <ul class=\"wp-block-post-template is-layout-flow wp-block-post-template-is-layout-flow\"><li class=\"wp-block-post post-33677 post type-post status-publish format-standard has-post-thumbnail hentry category-przyroda category-rolnictwo tag-chowprzemyslowy tag-ochrona-przyrody tag-rolnictwo tag-zywnosc p4-page-type-aktualnosci\">\n            \n<div class=\"wp-block-columns is-layout-flex wp-container-core-columns-is-layout-9d6595d7 wp-block-columns-is-layout-flex\"><figure class=\"wp-block-post-featured-image\"><a href=\"https:\/\/www.greenpeace.org\/poland\/aktualnosci\/33677\/jak-miesne-lobby-udaje-naukowcow\/\" target=\"_self\"  ><img loading=\"lazy\" decoding=\"async\" width=\"2560\" height=\"1707\" src=\"https:\/\/www.greenpeace.org\/static\/planet4-poland-stateless\/2023\/10\/4bef5535-dsc08554-scaled.jpg\" class=\"attachment-post-thumbnail size-post-thumbnail wp-post-image wp-stateless-item\" alt=\"Jak mi\u0119sne lobby udaje naukowc\u00f3w\" style=\"object-fit:cover;\" srcset=\"https:\/\/www.greenpeace.org\/static\/planet4-poland-stateless\/2023\/10\/4bef5535-dsc08554-scaled.jpg 2560w, https:\/\/www.greenpeace.org\/static\/planet4-poland-stateless\/2023\/10\/4bef5535-dsc08554-500x333.jpg 500w, https:\/\/www.greenpeace.org\/static\/planet4-poland-stateless\/2023\/10\/4bef5535-dsc08554-1024x683.jpg 1024w, https:\/\/www.greenpeace.org\/static\/planet4-poland-stateless\/2023\/10\/4bef5535-dsc08554-768x512.jpg 768w, https:\/\/www.greenpeace.org\/static\/planet4-poland-stateless\/2023\/10\/4bef5535-dsc08554-1536x1024.jpg 1536w, https:\/\/www.greenpeace.org\/static\/planet4-poland-stateless\/2023\/10\/4bef5535-dsc08554-2048x1366.jpg 2048w, https:\/\/www.greenpeace.org\/static\/planet4-poland-stateless\/2023\/10\/4bef5535-dsc08554-510x340.jpg 510w\" sizes=\"auto, (max-width: 2560px) 100vw, 2560px\" data-image-size=\"post-thumbnail\" data-stateless-media-bucket=\"planet4-poland-stateless\" data-stateless-media-name=\"2023\/10\/4bef5535-dsc08554-scaled.jpg\" \/><\/a><\/figure>\n\n        <div class=\"wp-block-group is-layout-flow wp-block-group-is-layout-flow\">\n        <div class=\"wp-block-group is-layout-flex wp-block-group-is-layout-flex\"><div class=\"wp-block-post-terms\"><a href=\"https:\/\/www.greenpeace.org\/poland\/category\/przyroda\/\">Przyroda<\/a><\/div>\n        \n        \n        <\/div>\n        \n        <h3 class=\"wp-block-post-title\"><a href=\"https:\/\/www.greenpeace.org\/poland\/aktualnosci\/33677\/jak-miesne-lobby-udaje-naukowcow\/\" target=\"_self\" >Jak mi\u0119sne lobby udaje naukowc\u00f3w<\/a><\/h3>\n        <div class=\"wp-block-post-excerpt\"><p class=\"wp-block-post-excerpt__excerpt\">Rzekomy g\u0142os naukowc\u00f3w na temat spo\u0142ecznej roli hodowli zwierz\u0105t na mi\u0119so w istocie zosta\u0142 przygotowany przez konsultant\u00f3w bran\u017cy hodowlanej &#8211; ujawni\u0142o \u015bledztwo Greenpeace. Tzw. Deklaracja Dubli\u0144ska jest wykorzystywana przez lobbyst\u00f3w&hellip; <\/p><\/div>\n        \n        <div class=\"wp-block-group posts-list-meta is-layout-flow wp-block-group-is-layout-flow\"><span class='article-list-item-author'><a href='https:\/\/www.greenpeace.org\/poland\/author\/marianna\/'>Greenpeace Polska<\/a><\/span>\n        <div class=\"wp-block-post-date\"><time datetime=\"2023-10-27T12:33:46+02:00\">2023-10-27<\/time><\/div>\n        \n        <\/div>\n        <\/div>\n        <\/div>\n\n            <\/li><li class=\"wp-block-post post-32793 post type-post status-publish format-standard has-post-thumbnail hentry category-rolnictwo tag-chowprzemyslowy tag-pszczoly tag-rolnictwo tag-zywnosc p4-page-type-aktualnosci\">\n            \n<div class=\"wp-block-columns is-layout-flex wp-container-core-columns-is-layout-9d6595d7 wp-block-columns-is-layout-flex\"><figure class=\"wp-block-post-featured-image\"><a href=\"https:\/\/www.greenpeace.org\/poland\/aktualnosci\/32793\/zrownowazony-unijny-system-zywnosciowy-musi-zostac-opublikowany\/\" target=\"_self\"  ><img loading=\"lazy\" decoding=\"async\" width=\"1200\" height=\"800\" src=\"https:\/\/www.greenpeace.org\/static\/planet4-poland-stateless\/2023\/05\/e66a8266-gp0stsz55.jpg\" class=\"attachment-post-thumbnail size-post-thumbnail wp-post-image wp-stateless-item\" alt=\"Zr\u00f3wnowa\u017cony unijny system \u017cywno\u015bciowy musi zosta\u0107 opublikowany!\" style=\"object-fit:cover;\" srcset=\"https:\/\/www.greenpeace.org\/static\/planet4-poland-stateless\/2023\/05\/e66a8266-gp0stsz55.jpg 1200w, https:\/\/www.greenpeace.org\/static\/planet4-poland-stateless\/2023\/05\/e66a8266-gp0stsz55-500x333.jpg 500w, https:\/\/www.greenpeace.org\/static\/planet4-poland-stateless\/2023\/05\/e66a8266-gp0stsz55-1024x683.jpg 1024w, https:\/\/www.greenpeace.org\/static\/planet4-poland-stateless\/2023\/05\/e66a8266-gp0stsz55-768x512.jpg 768w, https:\/\/www.greenpeace.org\/static\/planet4-poland-stateless\/2023\/05\/e66a8266-gp0stsz55-510x340.jpg 510w\" sizes=\"auto, (max-width: 1200px) 100vw, 1200px\" data-image-size=\"post-thumbnail\" data-stateless-media-bucket=\"planet4-poland-stateless\" data-stateless-media-name=\"2023\/05\/e66a8266-gp0stsz55.jpg\" \/><\/a><\/figure>\n\n        <div class=\"wp-block-group is-layout-flow wp-block-group-is-layout-flow\">\n        <div class=\"wp-block-group is-layout-flex wp-block-group-is-layout-flex\"><div class=\"wp-block-post-terms\"><a href=\"https:\/\/www.greenpeace.org\/poland\/category\/rolnictwo\/\">Rolnictwo<\/a><\/div>\n        \n        \n        <\/div>\n        \n        <h3 class=\"wp-block-post-title\"><a href=\"https:\/\/www.greenpeace.org\/poland\/aktualnosci\/32793\/zrownowazony-unijny-system-zywnosciowy-musi-zostac-opublikowany\/\" target=\"_self\" >Zr\u00f3wnowa\u017cony unijny system \u017cywno\u015bciowy musi zosta\u0107 opublikowany!<\/a><\/h3>\n        <div class=\"wp-block-post-excerpt\"><p class=\"wp-block-post-excerpt__excerpt\">286 organizacji apeluje do przewodnicz\u0105cego Komisji Europejskiej o trzymanie si\u0119 harmonogramu wprowadzenia \u201eZr\u00f3wnowa\u017conego systemu \u017cywno\u015bciowego\u201d. <\/p><\/div>\n        \n        <div class=\"wp-block-group posts-list-meta is-layout-flow wp-block-group-is-layout-flow\"><span class='article-list-item-author'><a href='https:\/\/www.greenpeace.org\/poland\/author\/marianna\/'>Greenpeace Polska<\/a><\/span>\n        <div class=\"wp-block-post-date\"><time datetime=\"2023-02-13T18:56:00+02:00\">2023-02-13<\/time><\/div>\n        \n        <\/div>\n        <\/div>\n        <\/div>\n\n            <\/li><li class=\"wp-block-post post-32120 post type-post status-publish format-standard has-post-thumbnail hentry category-przyroda category-rolnictwo tag-chowprzemyslowy tag-demokracjaiprawaczlowieka tag-lasy tag-ochrona-przyrody p4-page-type-aktualnosci\">\n            \n<div class=\"wp-block-columns is-layout-flex wp-container-core-columns-is-layout-9d6595d7 wp-block-columns-is-layout-flex\"><figure class=\"wp-block-post-featured-image\"><a href=\"https:\/\/www.greenpeace.org\/poland\/aktualnosci\/32120\/parlament-europejski-zaglosowal-za-ochrona-swiatowych-lasow\/\" target=\"_self\"  ><img loading=\"lazy\" decoding=\"async\" width=\"1081\" height=\"1081\" src=\"https:\/\/www.greenpeace.org\/static\/planet4-poland-stateless\/2022\/09\/c6314ea0-milestones-forests-clean3.png\" class=\"attachment-post-thumbnail size-post-thumbnail wp-post-image wp-stateless-item\" alt=\"Parlament Europejski zag\u0142osowa\u0142 za ochron\u0105 \u015bwiatowych las\u00f3w\" style=\"object-fit:cover;\" srcset=\"https:\/\/www.greenpeace.org\/static\/planet4-poland-stateless\/2022\/09\/c6314ea0-milestones-forests-clean3.png 1081w, https:\/\/www.greenpeace.org\/static\/planet4-poland-stateless\/2022\/09\/c6314ea0-milestones-forests-clean3-500x500.png 500w, https:\/\/www.greenpeace.org\/static\/planet4-poland-stateless\/2022\/09\/c6314ea0-milestones-forests-clean3-1024x1024.png 1024w, https:\/\/www.greenpeace.org\/static\/planet4-poland-stateless\/2022\/09\/c6314ea0-milestones-forests-clean3-300x300.png 300w, https:\/\/www.greenpeace.org\/static\/planet4-poland-stateless\/2022\/09\/c6314ea0-milestones-forests-clean3-768x768.png 768w, https:\/\/www.greenpeace.org\/static\/planet4-poland-stateless\/2022\/09\/c6314ea0-milestones-forests-clean3-340x340.png 340w\" sizes=\"auto, (max-width: 1081px) 100vw, 1081px\" data-image-size=\"post-thumbnail\" data-stateless-media-bucket=\"planet4-poland-stateless\" data-stateless-media-name=\"2022\/09\/c6314ea0-milestones-forests-clean3.png\" \/><\/a><\/figure>\n\n        <div class=\"wp-block-group is-layout-flow wp-block-group-is-layout-flow\">\n        <div class=\"wp-block-group is-layout-flex wp-block-group-is-layout-flex\"><div class=\"wp-block-post-terms\"><a href=\"https:\/\/www.greenpeace.org\/poland\/category\/przyroda\/\">Przyroda<\/a><\/div>\n        \n        \n        <\/div>\n        \n        <h3 class=\"wp-block-post-title\"><a href=\"https:\/\/www.greenpeace.org\/poland\/aktualnosci\/32120\/parlament-europejski-zaglosowal-za-ochrona-swiatowych-lasow\/\" target=\"_self\" >Parlament Europejski zag\u0142osowa\u0142 za ochron\u0105 \u015bwiatowych las\u00f3w<\/a><\/h3>\n        <div class=\"wp-block-post-excerpt\"><p class=\"wp-block-post-excerpt__excerpt\">Parlament Europejski zag\u0142osowa\u0142 za lepsz\u0105 ochron\u0105 las\u00f3w na ca\u0142ym \u015bwiecie. W zesz\u0142ym tygodniu odby\u0142o si\u0119 g\u0142osowanie w sprawie rozporz\u0105dzenia Unii Europejskiej ograniczaj\u0105cego wylesianie i degradacj\u0119 las\u00f3w. Europarlament popar\u0142 zakaz sprzeda\u017cy&hellip; <\/p><\/div>\n        \n        <div class=\"wp-block-group posts-list-meta is-layout-flow wp-block-group-is-layout-flow\"><span class='article-list-item-author'><a href='https:\/\/www.greenpeace.org\/poland\/author\/marianna\/'>Greenpeace Polska<\/a><\/span>\n        <div class=\"wp-block-post-date\"><time datetime=\"2022-09-21T10:48:05+02:00\">2022-09-21<\/time><\/div>\n        \n        <\/div>\n        <\/div>\n        <\/div>\n\n            <\/li><\/ul>\n\n    \n<div class=\"wp-block-buttons carousel-controls is-horizontal is-content-justification-space-between is-nowrap is-layout-flex wp-container-core-buttons-is-layout-044bd602 wp-block-buttons-is-layout-flex\">\n            <div class=\"wp-block-button carousel-control-prev\"><button type=\"button\" class=\"wp-block-button__link wp-element-button\">Wstecz<\/button><\/div>\n        \n\n            <div class=\"wp-block-button carousel-control-next\"><button type=\"button\" class=\"wp-block-button__link wp-element-button\">Dalej<\/button><\/div>\n        <\/div>\n\n\n    <li class=\" wp-block-navigation-item see-all-link wp-block-navigation-link\"><a class=\"wp-block-navigation-item__content\"  href=\"http:\/\/www.greenpeace.org\/poland\/aktualnosci\/?tag=chowprzemyslowy\"><span class=\"wp-block-navigation-item__label\">See all stories<\/span><\/a><\/li><\/div>\n    ","protected":false},"excerpt":{"rendered":"<p>Rozsmakuj si\u0119 w zapachu chlewni na 2 tys. \u015bwi\u0144 albo gigantycznego kurnika zbudowanych pi\u0119\u0107set metr\u00f3w od Twojego domu. Poczuj, jak bardzo Twoje zdrowie i samopoczucie s\u0105 nieistotne wobec zysk\u00f3w w\u0105skiej grupy mi\u0119snych potentat\u00f3w. Delikatna nuta odor\u00f3w wydobywaj\u0105cych si\u0119 z otaczaj\u0105cych Ci\u0119 ferm przemys\u0142owych, prze\u0142amana zapachem zanieczyszczonej wody i gleby oraz roj\u0105cych si\u0119 wok\u00f3\u0142 gryzoni i [&hellip;]<\/p>\n","protected":false},"author":25,"featured_media":0,"parent":0,"menu_order":0,"comment_status":"closed","ping_status":"closed","template":"","meta":{"ep_exclude_from_search":false,"p4_hide_page_title_checkbox":"on","p4_title":"","p4_subtitle":"","p4_description":"","background_image_id":"","background_image":"","p4_button_title":"","p4_button_link":"","p4_button_link_checkbox":"","p4_og_title":"","p4_og_description":"","p4_og_image":"https:\/\/www.greenpeace.org\/static\/planet4-poland-stateless\/2021\/06\/a678e73d-odeur2-scaled.jpg","p4_og_image_id":"30195","p4_seo_canonical_url":"","p4_campaign_name":"not set","p4_local_project":"not set","p4_basket_name":"not set","p4_department":"","footnotes":""},"categories":[4],"tags":[27,35],"class_list":["post-30157","page","type-page","status-publish","hentry","category-rolnictwo","tag-rolnictwo","tag-chowprzemyslowy"],"_links":{"self":[{"href":"https:\/\/www.greenpeace.org\/poland\/wp-json\/wp\/v2\/pages\/30157","targetHints":{"allow":["GET"]}}],"collection":[{"href":"https:\/\/www.greenpeace.org\/poland\/wp-json\/wp\/v2\/pages"}],"about":[{"href":"https:\/\/www.greenpeace.org\/poland\/wp-json\/wp\/v2\/types\/page"}],"author":[{"embeddable":true,"href":"https:\/\/www.greenpeace.org\/poland\/wp-json\/wp\/v2\/users\/25"}],"replies":[{"embeddable":true,"href":"https:\/\/www.greenpeace.org\/poland\/wp-json\/wp\/v2\/comments?post=30157"}],"version-history":[{"count":20,"href":"https:\/\/www.greenpeace.org\/poland\/wp-json\/wp\/v2\/pages\/30157\/revisions"}],"predecessor-version":[{"id":38069,"href":"https:\/\/www.greenpeace.org\/poland\/wp-json\/wp\/v2\/pages\/30157\/revisions\/38069"}],"wp:attachment":[{"href":"https:\/\/www.greenpeace.org\/poland\/wp-json\/wp\/v2\/media?parent=30157"}],"wp:term":[{"taxonomy":"category","embeddable":true,"href":"https:\/\/www.greenpeace.org\/poland\/wp-json\/wp\/v2\/categories?post=30157"},{"taxonomy":"post_tag","embeddable":true,"href":"https:\/\/www.greenpeace.org\/poland\/wp-json\/wp\/v2\/tags?post=30157"}],"curies":[{"name":"wp","href":"https:\/\/api.w.org\/{rel}","templated":true}]}}