{"id":3088,"date":"2019-07-08T01:25:18","date_gmt":"2019-07-07T23:25:18","guid":{"rendered":"https:\/\/www.greenpeace.org\/poland\/?page_id=3088"},"modified":"2022-02-11T04:20:21","modified_gmt":"2022-02-11T02:20:21","slug":"bezplastiku","status":"publish","type":"page","link":"https:\/\/www.greenpeace.org\/poland\/dzialaj-old\/bezplastiku\/","title":{"rendered":"Podpisz: Zatrzymajmy fal\u0119 plastiku!"},"content":{"rendered":"","protected":false},"excerpt":{"rendered":"<p>Do ocean\u00f3w co minut\u0119 trafia ci\u0119\u017car\u00f3wka plastikowych odpad\u00f3w, kt\u00f3re zabijaj\u0105 \u017c\u00f3\u0142wie, ptaki, ryby, wieloryby i delfiny. Musimy zadzia\u0142a\u0107 u \u017ar\u00f3d\u0142a problemu, czas by korporacje wzi\u0119\u0142y odpowiedzialno\u015b\u0107 za produkowane przez siebie \u015bmieci.<\/p>\n","protected":false},"author":25,"featured_media":3086,"parent":9,"menu_order":0,"comment_status":"closed","ping_status":"closed","template":"","meta":{"ep_exclude_from_search":false,"p4_hide_page_title_checkbox":"","p4_title":"","p4_subtitle":"","p4_description":"","background_image_id":"","background_image":"","p4_button_title":"","p4_button_link":"","p4_button_link_checkbox":"","p4_og_title":"","p4_og_description":"","p4_og_image":"","p4_og_image_id":"","p4_seo_canonical_url":"","p4_campaign_name":"not set","p4_local_project":"not set","p4_basket_name":"not set","p4_department":"","footnotes":""},"categories":[3],"tags":[8],"class_list":["post-3088","page","type-page","status-publish","has-post-thumbnail","hentry","category-przyroda","tag-plastik"],"_links":{"self":[{"href":"https:\/\/www.greenpeace.org\/poland\/wp-json\/wp\/v2\/pages\/3088","targetHints":{"allow":["GET"]}}],"collection":[{"href":"https:\/\/www.greenpeace.org\/poland\/wp-json\/wp\/v2\/pages"}],"about":[{"href":"https:\/\/www.greenpeace.org\/poland\/wp-json\/wp\/v2\/types\/page"}],"author":[{"embeddable":true,"href":"https:\/\/www.greenpeace.org\/poland\/wp-json\/wp\/v2\/users\/25"}],"replies":[{"embeddable":true,"href":"https:\/\/www.greenpeace.org\/poland\/wp-json\/wp\/v2\/comments?post=3088"}],"version-history":[{"count":3,"href":"https:\/\/www.greenpeace.org\/poland\/wp-json\/wp\/v2\/pages\/3088\/revisions"}],"predecessor-version":[{"id":31478,"href":"https:\/\/www.greenpeace.org\/poland\/wp-json\/wp\/v2\/pages\/3088\/revisions\/31478"}],"up":[{"embeddable":true,"href":"https:\/\/www.greenpeace.org\/poland\/wp-json\/wp\/v2\/pages\/9"}],"wp:featuredmedia":[{"embeddable":true,"href":"https:\/\/www.greenpeace.org\/poland\/wp-json\/wp\/v2\/media\/3086"}],"wp:attachment":[{"href":"https:\/\/www.greenpeace.org\/poland\/wp-json\/wp\/v2\/media?parent=3088"}],"wp:term":[{"taxonomy":"category","embeddable":true,"href":"https:\/\/www.greenpeace.org\/poland\/wp-json\/wp\/v2\/categories?post=3088"},{"taxonomy":"post_tag","embeddable":true,"href":"https:\/\/www.greenpeace.org\/poland\/wp-json\/wp\/v2\/tags?post=3088"}],"curies":[{"name":"wp","href":"https:\/\/api.w.org\/{rel}","templated":true}]}}