{"id":3181,"date":"2019-07-18T01:03:21","date_gmt":"2019-07-17T23:03:21","guid":{"rendered":"https:\/\/www.greenpeace.org\/poland\/?page_id=3181"},"modified":"2025-08-15T14:51:06","modified_gmt":"2025-08-15T12:51:06","slug":"wesprzyj-walke-z-plastikiem-darowizna","status":"publish","type":"page","link":"https:\/\/www.greenpeace.org\/poland\/dzialaj-old\/wesprzyj-walke-z-plastikiem-darowizna\/","title":{"rendered":"Wesprzyj walk\u0119 z plastikiem"},"content":{"rendered":"","protected":false},"excerpt":{"rendered":"<p>Pom\u00f3\u017c nam chroni\u0107 \u015bwiat przed plastikow\u0105 epidemi\u0105, wesprzyj nasze dzia\u0142ania!<\/p>\n","protected":false},"author":25,"featured_media":2923,"parent":9,"menu_order":0,"comment_status":"closed","ping_status":"closed","template":"","meta":{"ep_exclude_from_search":false,"p4_hide_page_title_checkbox":"","p4_title":"","p4_subtitle":"","p4_description":"","background_image_id":"","background_image":"","p4_button_title":"","p4_button_link":"","p4_button_link_checkbox":"","p4_og_title":"","p4_og_description":"","p4_og_image":"","p4_og_image_id":"","p4_seo_canonical_url":"","p4_campaign_name":"not set","p4_local_project":"","p4_basket_name":"not set","p4_department":"","footnotes":""},"categories":[3],"tags":[8],"class_list":["post-3181","page","type-page","status-publish","has-post-thumbnail","hentry","category-przyroda","tag-plastik"],"_links":{"self":[{"href":"https:\/\/www.greenpeace.org\/poland\/wp-json\/wp\/v2\/pages\/3181","targetHints":{"allow":["GET"]}}],"collection":[{"href":"https:\/\/www.greenpeace.org\/poland\/wp-json\/wp\/v2\/pages"}],"about":[{"href":"https:\/\/www.greenpeace.org\/poland\/wp-json\/wp\/v2\/types\/page"}],"author":[{"embeddable":true,"href":"https:\/\/www.greenpeace.org\/poland\/wp-json\/wp\/v2\/users\/25"}],"replies":[{"embeddable":true,"href":"https:\/\/www.greenpeace.org\/poland\/wp-json\/wp\/v2\/comments?post=3181"}],"version-history":[{"count":3,"href":"https:\/\/www.greenpeace.org\/poland\/wp-json\/wp\/v2\/pages\/3181\/revisions"}],"predecessor-version":[{"id":37824,"href":"https:\/\/www.greenpeace.org\/poland\/wp-json\/wp\/v2\/pages\/3181\/revisions\/37824"}],"up":[{"embeddable":true,"href":"https:\/\/www.greenpeace.org\/poland\/wp-json\/wp\/v2\/pages\/9"}],"wp:featuredmedia":[{"embeddable":true,"href":"https:\/\/www.greenpeace.org\/poland\/wp-json\/wp\/v2\/media\/2923"}],"wp:attachment":[{"href":"https:\/\/www.greenpeace.org\/poland\/wp-json\/wp\/v2\/media?parent=3181"}],"wp:term":[{"taxonomy":"category","embeddable":true,"href":"https:\/\/www.greenpeace.org\/poland\/wp-json\/wp\/v2\/categories?post=3181"},{"taxonomy":"post_tag","embeddable":true,"href":"https:\/\/www.greenpeace.org\/poland\/wp-json\/wp\/v2\/tags?post=3181"}],"curies":[{"name":"wp","href":"https:\/\/api.w.org\/{rel}","templated":true}]}}