{"id":32186,"date":"2022-10-26T00:39:50","date_gmt":"2022-10-25T22:39:50","guid":{"rendered":"https:\/\/www.greenpeace.org\/poland\/?page_id=32186"},"modified":"2025-05-07T12:17:54","modified_gmt":"2025-05-07T10:17:54","slug":"karpaty-quiz","status":"publish","type":"page","link":"https:\/\/www.greenpeace.org\/poland\/karpaty-quiz\/","title":{"rendered":"Quiz wiedzy o Karpatach!"},"content":{"rendered":"\n                \n                <div class=\"wp-block-group alignfull is-layout-flow wp-block-group-is-layout-flow\">\n                \n                <div class=\"wp-block-group container is-layout-flow wp-block-group-is-layout-flow\">\n                \n                <div class=\"wp-block-media-text alignfull has-media-on-the-right is-stacked-on-mobile is-pattern-p4-page-header is-style-parallax\">\n\n                <div class=\"wp-block-media-text__content\">\n                    <div class=\"wp-block-group is-layout-flow wp-block-group-is-layout-flow\">\n                    \n                        <h1 class=\"wp-block-heading has-white-background-color has-background\">\n                            Quiz wiedzy o Karpatach\n                        <\/h1>\n                    <\/div>\n                \n\n                \n                        <p style=\"font-size:1.25rem\">\n                            Sprawd\u017a swoj\u0105 wiedz\u0119 o Karpatach i ich niezwyk\u0142ej przyrodzie!\n                        <\/p>\n                    \n\n                \n\n                <\/div>\n                <figure class=\"wp-block-media-text__media\">\n                    <img loading=\"lazy\" decoding=\"async\" width=\"1600\" height=\"1066\"\n                        src=\"https:\/\/www.greenpeace.org\/static\/planet4-poland-stateless\/2022\/10\/75b79559-tatry.jpg\"\n                        alt=\"\"\n                        sizes=\"auto, (min-width: 601px) 50vw, 100vw\" srcset=\"https:\/\/www.greenpeace.org\/static\/planet4-poland-stateless\/2022\/10\/75b79559-tatry.jpg 1600w, https:\/\/www.greenpeace.org\/static\/planet4-poland-stateless\/2022\/10\/75b79559-tatry-500x333.jpg 500w, https:\/\/www.greenpeace.org\/static\/planet4-poland-stateless\/2022\/10\/75b79559-tatry-1024x682.jpg 1024w, https:\/\/www.greenpeace.org\/static\/planet4-poland-stateless\/2022\/10\/75b79559-tatry-768x512.jpg 768w, https:\/\/www.greenpeace.org\/static\/planet4-poland-stateless\/2022\/10\/75b79559-tatry-1536x1023.jpg 1536w, https:\/\/www.greenpeace.org\/static\/planet4-poland-stateless\/2022\/10\/75b79559-tatry-510x340.jpg 510w\" class=\"wp-image-32188 size-full\"\n                    \/>\n                <\/figure>\n                <\/div>\n                \n                <\/div>\n                \n                <\/div>\n                \n                \n<p><\/p>\n\n<button data-tf-popup=\"CsfOlFR8\" data-tf-open=\"load\" data-tf-iframe-props=\"title=Karpaty - quiz wiedzy\" data-tf-medium=\"snippet\" data-tf-hidden=\"hubspot_utk=xxxxx,hubspot_page_name=xxxxx,hubspot_page_url=xxxxx,utm_source=quiz\" style=\"all:unset;\"><\/button><script src=\"\/\/embed.typeform.com\/next\/embed.js\"><\/script>\n","protected":false},"excerpt":{"rendered":"<p>Sprawd\u017a swoj\u0105 wiedz\u0119 o Karpatach i ich niezwyk\u0142ej przyrodzie!<\/p>\n","protected":false},"author":25,"featured_media":32188,"parent":0,"menu_order":0,"comment_status":"closed","ping_status":"closed","template":"","meta":{"ep_exclude_from_search":false,"p4_hide_page_title_checkbox":"on","p4_title":"","p4_subtitle":"","p4_description":"","background_image_id":"","background_image":"","p4_button_title":"","p4_button_link":"","p4_button_link_checkbox":"","p4_og_title":"","p4_og_description":"","p4_og_image":"","p4_og_image_id":"","p4_seo_canonical_url":"","p4_campaign_name":"not set","p4_local_project":"not set","p4_basket_name":"not set","p4_department":"","footnotes":""},"categories":[3],"tags":[],"class_list":["post-32186","page","type-page","status-publish","has-post-thumbnail","hentry","category-przyroda"],"_links":{"self":[{"href":"https:\/\/www.greenpeace.org\/poland\/wp-json\/wp\/v2\/pages\/32186","targetHints":{"allow":["GET"]}}],"collection":[{"href":"https:\/\/www.greenpeace.org\/poland\/wp-json\/wp\/v2\/pages"}],"about":[{"href":"https:\/\/www.greenpeace.org\/poland\/wp-json\/wp\/v2\/types\/page"}],"author":[{"embeddable":true,"href":"https:\/\/www.greenpeace.org\/poland\/wp-json\/wp\/v2\/users\/25"}],"replies":[{"embeddable":true,"href":"https:\/\/www.greenpeace.org\/poland\/wp-json\/wp\/v2\/comments?post=32186"}],"version-history":[{"count":5,"href":"https:\/\/www.greenpeace.org\/poland\/wp-json\/wp\/v2\/pages\/32186\/revisions"}],"predecessor-version":[{"id":36606,"href":"https:\/\/www.greenpeace.org\/poland\/wp-json\/wp\/v2\/pages\/32186\/revisions\/36606"}],"wp:featuredmedia":[{"embeddable":true,"href":"https:\/\/www.greenpeace.org\/poland\/wp-json\/wp\/v2\/media\/32188"}],"wp:attachment":[{"href":"https:\/\/www.greenpeace.org\/poland\/wp-json\/wp\/v2\/media?parent=32186"}],"wp:term":[{"taxonomy":"category","embeddable":true,"href":"https:\/\/www.greenpeace.org\/poland\/wp-json\/wp\/v2\/categories?post=32186"},{"taxonomy":"post_tag","embeddable":true,"href":"https:\/\/www.greenpeace.org\/poland\/wp-json\/wp\/v2\/tags?post=32186"}],"curies":[{"name":"wp","href":"https:\/\/api.w.org\/{rel}","templated":true}]}}