{"id":32217,"date":"2022-11-17T00:35:13","date_gmt":"2022-11-16T22:35:13","guid":{"rendered":"https:\/\/www.greenpeace.org\/poland\/?page_id=32217"},"modified":"2023-03-15T16:46:00","modified_gmt":"2023-03-15T14:46:00","slug":"rewolucyjna-ksiazka-kucharska","status":"publish","type":"page","link":"https:\/\/www.greenpeace.org\/poland\/dzialaj-old\/rewolucyjna-ksiazka-kucharska\/","title":{"rendered":"Rewolucyjna ksi\u0105\u017cka kucharska, czyli przepisy na lepsz\u0105 Polsk\u0119"},"content":{"rendered":"\n<p><\/p>\n","protected":false},"excerpt":{"rendered":"<p>70 wega\u0144skich przepis\u00f3w, 19 inspiruj\u0105cych rozm\u00f3w &#8211; wydaj z nami &#8222;Rewolucyjn\u0105&#8230;&#8221; i wspieraj zawarte w niej idee<\/p>\n","protected":false},"author":25,"featured_media":32218,"parent":9,"menu_order":0,"comment_status":"closed","ping_status":"closed","template":"","meta":{"ep_exclude_from_search":false,"p4_hide_page_title_checkbox":"","p4_title":"","p4_subtitle":"","p4_description":"","background_image_id":"","background_image":"","p4_button_title":"","p4_button_link":"","p4_button_link_checkbox":"","p4_og_title":"","p4_og_description":"","p4_og_image":"","p4_og_image_id":"","p4_seo_canonical_url":"","p4_campaign_name":"not set","p4_local_project":"not set","p4_basket_name":"not set","p4_department":"","footnotes":""},"categories":[2,3],"tags":[31],"class_list":["post-32217","page","type-page","status-publish","has-post-thumbnail","hentry","category-klimat-energia","category-przyroda","tag-demokracjaiprawaczlowieka"],"_links":{"self":[{"href":"https:\/\/www.greenpeace.org\/poland\/wp-json\/wp\/v2\/pages\/32217","targetHints":{"allow":["GET"]}}],"collection":[{"href":"https:\/\/www.greenpeace.org\/poland\/wp-json\/wp\/v2\/pages"}],"about":[{"href":"https:\/\/www.greenpeace.org\/poland\/wp-json\/wp\/v2\/types\/page"}],"author":[{"embeddable":true,"href":"https:\/\/www.greenpeace.org\/poland\/wp-json\/wp\/v2\/users\/25"}],"replies":[{"embeddable":true,"href":"https:\/\/www.greenpeace.org\/poland\/wp-json\/wp\/v2\/comments?post=32217"}],"version-history":[{"count":1,"href":"https:\/\/www.greenpeace.org\/poland\/wp-json\/wp\/v2\/pages\/32217\/revisions"}],"predecessor-version":[{"id":32219,"href":"https:\/\/www.greenpeace.org\/poland\/wp-json\/wp\/v2\/pages\/32217\/revisions\/32219"}],"up":[{"embeddable":true,"href":"https:\/\/www.greenpeace.org\/poland\/wp-json\/wp\/v2\/pages\/9"}],"wp:featuredmedia":[{"embeddable":true,"href":"https:\/\/www.greenpeace.org\/poland\/wp-json\/wp\/v2\/media\/32218"}],"wp:attachment":[{"href":"https:\/\/www.greenpeace.org\/poland\/wp-json\/wp\/v2\/media?parent=32217"}],"wp:term":[{"taxonomy":"category","embeddable":true,"href":"https:\/\/www.greenpeace.org\/poland\/wp-json\/wp\/v2\/categories?post=32217"},{"taxonomy":"post_tag","embeddable":true,"href":"https:\/\/www.greenpeace.org\/poland\/wp-json\/wp\/v2\/tags?post=32217"}],"curies":[{"name":"wp","href":"https:\/\/api.w.org\/{rel}","templated":true}]}}