{"id":32395,"date":"2023-02-16T13:34:24","date_gmt":"2023-02-16T11:34:24","guid":{"rendered":"https:\/\/www.greenpeace.org\/poland\/?page_id=32395"},"modified":"2025-09-24T20:19:40","modified_gmt":"2025-09-24T18:19:40","slug":"regulamin-przekazywania-darowizn-online","status":"publish","type":"page","link":"https:\/\/www.greenpeace.org\/poland\/regulamin-przekazywania-darowizn-online\/","title":{"rendered":"Regulamin przekazywania darowizn na stronach Greenpeace"},"content":{"rendered":"\n<h4 class=\"wp-block-heading\"><strong>I<\/strong> <strong>Postanowienia wst\u0119pne<\/strong><\/h4>\n\n<ol class=\"wp-block-list\">\n<li>Niniejszy regulamin, zwany dalej Regulaminem, okre\u015bla zasady \u015bwiadczenia przez Fundacj\u0119 Greenpeace Polska (Warszawa 02-486 ul. Altowa 4, KRS: 0000180402, NIP: 526-274-06-92, REGON: 015644190), zwan\u0105 dalej Fundacj\u0105, us\u0142ugi drog\u0105 elektroniczn\u0105, polegaj\u0105cej na umo\u017cliwieniu osobom korzystaj\u0105cym ze stron Fundacji (<strong>greenpeace.org\/poland<\/strong>, <strong>adoptujpszczole.pl<\/strong>, <strong>wspieram.greenpeace.pl<\/strong>, <strong>dzikamapa.pl<\/strong> itp.) przekazywanie darowizn pieni\u0119\u017cnych na dzia\u0142ania statutowe Fundacji.<\/li>\n\n\n\n<li>Ilekro\u0107 w niniejszym Regulaminie jest mowa o Darczy\u0144cy, nale\u017cy przez to rozumie\u0107 ka\u017cd\u0105 osob\u0119 korzystaj\u0105c\u0105 ze stron greenpeace.org\/poland, adoptujpszczole.pl, wspieram.greenpeace.pl, dzikamapa.pl w celu przekazania darowizny.<\/li>\n\n\n\n<li>Korzystaj\u0105c ze strony do przekazywania darowizn, Darczy\u0144ca o\u015bwiadcza i potwierdza, \u017ce zapozna\u0142 si\u0119 z tre\u015bci\u0105 Regulaminu i akceptuje jego postanowienia.<\/li>\n\n\n\n<li>Aktualna wersja Regulaminu jest zawsze dost\u0119pna dla Darczy\u0144c\u00f3w na stronie www.greenpeace.org\/poland.<\/li>\n<\/ol>\n\n<h4 class=\"wp-block-heading\"><strong>II<\/strong> <strong>Zasady&nbsp;przekazywania darowizn na stronie<\/strong><\/h4>\n\n<ol class=\"wp-block-list\">\n<li>Darowizn\u0119 mo\u017cna przekaza\u0107 po klikni\u0119ciu \u201eWesprzyj&#8221; na stronie greenpeace.org\/poland lub stronach dedykowanych poszczeg\u00f3lnym projektom Fundacji (m.in. adoptujpszczole.pl, wspieram.greenpeace.pl, dzikamapa.pl<strong>)<\/strong>. Po klikni\u0119ciu w link nale\u017cy post\u0119powa\u0107 zgodnie z\u00a0instrukcjami w formularzu wp\u0142at i zamieszczonymi na stronie operatora p\u0142atno\u015bci.<\/li>\n\n\n\n<li>Przekazywanie darowizn na stronach Greenpeace Polska<strong> <\/strong>odbywa si\u0119 za po\u015brednictwem operator\u00f3w p\u0142atno\u015bci \u2013 sp\u00f3\u0142ki <strong>PayU<\/strong> SA z siedzib\u0105 w Poznaniu, ul. Grunwaldzka 186, 60-166 Pozna\u0144, NIP 7792308495, REGON 300523444, KRS 0000274399 lub <strong>PayPal<\/strong> (Europe) S.\u00e0 r.l.\u00a0et\u00a0Cie, S.C.A.\u00a022-24\u00a0Boulavard\u00a0Royal L-2449 Luksemburg.<\/li>\n\n\n\n<li>Darowizn\u0119 mo\u017cna wp\u0142aci\u0107 przy pomocy <strong>przelewu elektronicznego, karty p\u0142atniczej (kredytowej lub debetowej) i systemu p\u0142atno\u015bci mobilnych BLIK.<\/strong><\/li>\n\n\n\n<li>Wp\u0142aty Darczy\u0144c\u00f3w s\u0105 chronione przy pomocy <strong>bezpiecznego certyfikatu SSL<\/strong>. Dzi\u0119ki niemu wszystkie przesy\u0142ane informacje s\u0105 zaszyfrowane.<\/li>\n\n\n\n<li>Za po\u015brednictwem strony mo\u017cna przekazywa\u0107 <strong>darowizny jednorazowe lub darowizny cykliczne<\/strong> (patrz ni\u017cej), umo\u017cliwiaj\u0105ce regularne,\u00a0<strong>comiesi\u0119czne<\/strong>\u00a0przekazywanie zadeklarowanej kwoty pieni\u0119\u017cnej ze wskazanej karty p\u0142atniczej, konta PayPal lub za po\u015brednictwem P\u0142atno\u015bci powtarzalnych BLIK na rzecz Fundacji.<\/li>\n\n\n\n<li>Przekazuj\u0105c darowizn\u0119 Darczy\u0144ca mo\u017ce wybra\u0107 jedn\u0105 z kwot sugerowanych lub wpisa\u0107 dowoln\u0105, wybran\u0105 przez siebie kwot\u0119 w pole \u201eInna\u201d.<\/li>\n<\/ol>\n\n<h4 class=\"wp-block-heading\"><strong>III<\/strong> <strong>Zwolnienia podatkowe<\/strong><\/h4>\n\n<p><strong>Fundacja jest organizacj\u0105 po\u017cytku publicznego.<\/strong> Zgodnie z przepisami prawa art. 26 ust. 1 pkt 9 ustawy o podatku dochodowym od os\u00f3b fizycznych istnieje mo\u017cliwo\u015b\u0107 odliczenia od dochodu w roku podatkowym warto\u015b\u0107 przekazanych darowizn. <strong>Darowizny przekazane na dzia\u0142ania Fundacji mo\u017cna odliczy\u0107 od dochodu:\u00a0<\/strong><\/p>\n\n<p>\u2013&nbsp; osoba fizyczna do kwoty r\u00f3wnej 6% dochodu przed opodatkowaniem (art. 26 ust. 1 pkt 9 ustawy o podatku od os\u00f3b fizycznych),<br>\u2013&nbsp; osoba prawna do kwoty r\u00f3wnej 10% dochodu przed opodatkowaniem (art. 18 ust. 1 pkt. 1 i 7 ustawy o podatku od os\u00f3b prawnych).<\/p>\n\n<p>Potwierdzenie przelewu nale\u017cy przechowywa\u0107 5 lat od dokonania darowizny.<\/p>\n\n<h4 class=\"wp-block-heading\"><strong>IV Darowizny regularne w postaci p\u0142atno\u015bci cyklicznych<\/strong> (powatrzalnych)<\/h4>\n\n<ol class=\"wp-block-list\">\n<li>Darczy\u0144ca wybieraj\u0105c przekazanie darowizny w formie p\u0142atno\u015bci cyklicznej, decyduje si\u0119 na comiesi\u0119czne pobieranie przez Operatora P\u0142atno\u015bci (PayU S.A lub PayPal) kwoty pieni\u0119\u017cnej odpowiadaj\u0105cej wysoko\u015bci wybranej lub wpisanej przez siebie Darowizny.<\/li>\n\n\n\n<li>Darowizna cykliczna b\u0119dzie pobierana przez Operatora p\u0142atno\u015bci <strong>raz w miesi\u0105cu<\/strong>.<\/li>\n\n\n\n<li>Darczy\u0144ca w ramach us\u0142ugi p\u0142atno\u015bci cyklicznych ma mo\u017cliwo\u015b\u0107 zapisania danych karty i zlecenia sta\u0142ego polecania zap\u0142aty. Dane karty s\u0105 przechowywane przez operatora p\u0142atno\u015bci. Operator p\u0142atno\u015bci po\u015brednicz\u0105c w dokonaniu p\u0142atno\u015bci, udost\u0119pnia Token do p\u0142atno\u015bci cyklicznych (wirtualny identyfikator karty), umo\u017cliwiaj\u0105cy przypisanie do indywidualnego Darczy\u0144cy unikalnego identyfikatora, za pomoc\u0105 kt\u00f3rego Darczy\u0144ca cyklicznie dokonuje p\u0142atno\u015bci na rzecz Fundacji.<\/li>\n\n\n\n<li><strong>Fundacja nie gromadzi i nie przetwarza w swoim systemie informatycznym danych z kart p\u0142atniczych<\/strong> (kredytowych lub debetowych) Darczy\u0144c\u00f3w. Dane te Darczy\u0144ca udost\u0119pnia wy\u0142\u0105cznie Operatorowi p\u0142atno\u015bci.<\/li>\n\n\n\n<li>Dane Darczy\u0144cy, tytu\u0142 oraz kwota p\u0142atno\u015bci dostarczane s\u0105 operatorowi p\u0142atno\u015bci przez Fundacj\u0119. Zlecenie przekazywane jest do rejestracji po otrzymaniu przez operatora wp\u0142aty.<\/li>\n\n\n\n<li>W danym miesi\u0105cu podj\u0119te zostan\u0105 maksymalnie trzy pr\u00f3by pobrania darowizny. W przypadku braku \u015brodk\u00f3w na koncie lub zbyt niskiego limitu autoryzacyjnego zadeklarowana kwota nie zostanie pobrana.<\/li>\n\n\n\n<li>W dniu, w kt\u00f3rym wa\u017cno\u015b\u0107 karty Darczy\u0144cy up\u0142ynie, obci\u0105\u017canie karty ustanie i dalsze darowizny nie b\u0119d\u0105 pobierane. Kolejne darowizny Darczy\u0144ca mo\u017ce realizowa\u0107 po wznowieniu karty i ponownym ustanowieniu na stronach Fundacji<strong> <\/strong>regularnej p\u0142atno\u015bci za pomoc\u0105 nowej karty lub innej metody p\u0142atno\u015bci (np. PayPal lub P\u0142atno\u015bci powtarzalne BLIK)<\/li>\n\n\n\n<li>Szczeg\u00f3\u0142y dotycz\u0105ce realizacji p\u0142atno\u015bci online okre\u015blaj\u0105 regulaminy Operatora p\u0142atno\u015bci dost\u0119pne na stronie:&nbsp;<a href=\"https:\/\/www.payu.pl\/pliki-do-pobrania\">https:\/\/www.payu.pl\/pliki-do-pobrania<\/a> lub <a href=\"https:\/\/www.paypal.com\/pl\/smarthelp\/home\">https:\/\/www.paypal.com\/pl\/smarthelp\/home<\/a><\/li>\n<\/ol>\n\n<h4 class=\"wp-block-heading\"><strong>V Reklamacje, rezygnacja z p\u0142atno\u015bci cyklicznych, zwroty darowizny, reklamacje us\u0142ug PayU<\/strong> <strong>\/ PayPal<\/strong><\/h4>\n\n<ol class=\"wp-block-list\">\n<li>W przypadku wyst\u0105pienia problem\u00f3w z przekazaniem darowizny jednorazowej lub cyklicznej, nale\u017cy je zg\u0142osi\u0107 Fundacji pod adresem:&nbsp;<a href=\"mailto:spl@greenpeace.org\">spl@greenpeace.org<\/a><\/li>\n\n\n\n<li>Darczy\u0144ca mo\u017ce z\u0142o\u017cy\u0107 reklamacj\u0119, je\u017celi Us\u0142ugi przewidziane w regulaminach operatora p\u0142atno\u015bci nie zosta\u0142y zrealizowane lub s\u0105 realizowane niezgodnie z jego postanowieniami. Reklamacj\u0119 mo\u017cna z\u0142o\u017cy\u0107 za po\u015brednictwem kana\u0142\u00f3w komunikacji dost\u0119pnych u Operator\u00f3w. Wi\u0119cej informacji:<br>&#8211; PayU <a href=\"https:\/\/poland.payu.com\/pomoc\/\">https:\/\/poland.payu.com\/pomoc\/<\/a><br>&#8211; PayPal <a href=\"https:\/\/www.paypal.com\/pl\/smarthelp\/topic\/TRANSACTIONS\">https:\/\/www.paypal.com\/pl\/smarthelp\/topic\/TRANSACTIONS<\/a><\/li>\n\n\n\n<li><strong>P\u0142atno\u015b\u0107 cykliczn\u0105 Darczy\u0144ca mo\u017ce odwo\u0142a\u0107 w dowolnym momencie, kontaktuj\u0105c si\u0119 z Fundacj\u0105<\/strong> pod adresem:\u00a0<a href=\"mailto:spl@greenpeace.org\">spl@greenpeace.org<\/a>\u00a0Prosimy o umieszczenie w temacie wiadomo\u015bci s\u0142\u00f3w: \u201eRezygnacja z darowizny\u201d, a w tre\u015bci umieszczenie informacji takich jak: imi\u0119 i nazwisko, adres e-mail oraz inne dane, kt\u00f3re by\u0142y podawane w deklaracji przyst\u0105pienia do p\u0142atno\u015bci cyklicznych. P\u0142atno\u015b\u0107 zostanie odwo\u0142ana od miesi\u0105ca nast\u0119puj\u0105cego po miesi\u0105cu, w kt\u00f3rym Darczy\u0144ca zg\u0142osi\u0142 odwo\u0142anie.<\/li>\n\n\n\n<li>Darczy\u0144cy maj\u0105 prawo za\u017c\u0105da\u0107 zwrotu darowizny w terminie 7 dni od jej wp\u0142acenia. W celu uzyskania zwrotu nale\u017cy wys\u0142a\u0107 e-mail na adres:&nbsp;<a href=\"mailto:spl@greenpeace.org\">spl@greenpeace.org<\/a>.&nbsp;Prosimy o umieszczenie w temacie wiadomo\u015bci s\u0142\u00f3w: \u201eZwrot darowizny\u201d. Wp\u0142ata zostanie zwr\u00f3cona w terminie do 7 dni roboczych od dnia wp\u0142ywu zg\u0142oszenia do Fundacji.<\/li>\n<\/ol>\n","protected":false},"excerpt":{"rendered":"<p>I Postanowienia wst\u0119pne II Zasady&nbsp;przekazywania darowizn na stronie III Zwolnienia podatkowe Fundacja jest organizacj\u0105 po\u017cytku publicznego. Zgodnie z przepisami prawa art. 26 ust. 1 pkt 9 ustawy o podatku dochodowym od os\u00f3b fizycznych istnieje mo\u017cliwo\u015b\u0107 odliczenia od dochodu w roku podatkowym warto\u015b\u0107 przekazanych darowizn. Darowizny przekazane na dzia\u0142ania Fundacji mo\u017cna odliczy\u0107 od dochodu:\u00a0 \u2013&nbsp; osoba [&hellip;]<\/p>\n","protected":false},"author":25,"featured_media":186,"parent":0,"menu_order":0,"comment_status":"closed","ping_status":"closed","template":"","meta":{"ep_exclude_from_search":false,"p4_hide_page_title_checkbox":"","p4_title":"","p4_subtitle":"","p4_description":"","background_image_id":"","background_image":"","p4_button_title":"","p4_button_link":"","p4_button_link_checkbox":"","p4_og_title":"","p4_og_description":"","p4_og_image":"","p4_og_image_id":"","p4_seo_canonical_url":"","p4_campaign_name":"not set","p4_local_project":"not set","p4_basket_name":"not set","p4_department":"","footnotes":""},"categories":[],"tags":[],"class_list":["post-32395","page","type-page","status-publish","has-post-thumbnail","hentry"],"_links":{"self":[{"href":"https:\/\/www.greenpeace.org\/poland\/wp-json\/wp\/v2\/pages\/32395","targetHints":{"allow":["GET"]}}],"collection":[{"href":"https:\/\/www.greenpeace.org\/poland\/wp-json\/wp\/v2\/pages"}],"about":[{"href":"https:\/\/www.greenpeace.org\/poland\/wp-json\/wp\/v2\/types\/page"}],"author":[{"embeddable":true,"href":"https:\/\/www.greenpeace.org\/poland\/wp-json\/wp\/v2\/users\/25"}],"replies":[{"embeddable":true,"href":"https:\/\/www.greenpeace.org\/poland\/wp-json\/wp\/v2\/comments?post=32395"}],"version-history":[{"count":8,"href":"https:\/\/www.greenpeace.org\/poland\/wp-json\/wp\/v2\/pages\/32395\/revisions"}],"predecessor-version":[{"id":38127,"href":"https:\/\/www.greenpeace.org\/poland\/wp-json\/wp\/v2\/pages\/32395\/revisions\/38127"}],"wp:featuredmedia":[{"embeddable":true,"href":"https:\/\/www.greenpeace.org\/poland\/wp-json\/wp\/v2\/media\/186"}],"wp:attachment":[{"href":"https:\/\/www.greenpeace.org\/poland\/wp-json\/wp\/v2\/media?parent=32395"}],"wp:term":[{"taxonomy":"category","embeddable":true,"href":"https:\/\/www.greenpeace.org\/poland\/wp-json\/wp\/v2\/categories?post=32395"},{"taxonomy":"post_tag","embeddable":true,"href":"https:\/\/www.greenpeace.org\/poland\/wp-json\/wp\/v2\/tags?post=32395"}],"curies":[{"name":"wp","href":"https:\/\/api.w.org\/{rel}","templated":true}]}}