{"id":32497,"date":"2023-03-06T17:18:26","date_gmt":"2023-03-06T15:18:26","guid":{"rendered":"https:\/\/www.greenpeace.org\/poland\/?page_id=32497"},"modified":"2023-03-13T14:15:21","modified_gmt":"2023-03-13T12:15:21","slug":"przepis-na-lepsza-polske-i-chlebek-gryczany-joanny-erbel-rewolucyjna-pl","status":"publish","type":"page","link":"https:\/\/www.greenpeace.org\/poland\/przepis-na-lepsza-polske-i-chlebek-gryczany-joanny-erbel-rewolucyjna-pl\/","title":{"rendered":"Rewolucyjne gotowanie, rewolucyjne rozmawianie, czyli przepisy na lepsz\u0105 Polsk\u0119 i ro\u015blinne dania &#8211; rewolucyjna.pl"},"content":{"rendered":"\n<div style=\"height:59px\" aria-hidden=\"true\" class=\"wp-block-spacer\"><\/div>\n\n<div class=\"wp-block-media-text alignfull has-media-on-the-right is-image-fill is-pattern-p4-page-header is-style-parallax\"><div class=\"wp-block-media-text__content\">\n<div class=\"wp-block-group is-layout-flow wp-block-group-is-layout-flow\">\n<h1 class=\"has-white-background-color has-background wp-block-heading\">Lepsza Polska i chlebek gryczany wg Joanny Erbel<\/h1>\n<\/div>\n\n\n\n<p class=\"has-medium-font-size\">Co ma wsp\u00f3lnego przepis na chlebek gryczany z dost\u0119pem do mieszka\u0144 i zmian\u0105 \u015bwiata na lepszy? Pos\u0142uchaj pierwszego odcinka naszych rewolucyjnych rozm\u00f3w o lepszej Polsce.<\/p>\n\n\n\n<div class=\"wp-block-buttons is-layout-flex wp-block-buttons-is-layout-flex\"><\/div>\n<\/div><figure class=\"wp-block-media-text__media\" style=\"background-image:url(https:\/\/www.greenpeace.org\/static\/planet4-poland-stateless\/2023\/03\/4a20ec29-26_chleb-gryczany-840x1024.jpg);background-position:29% 73%\"><img loading=\"lazy\" decoding=\"async\" width=\"840\" height=\"1024\" src=\"https:\/\/www.greenpeace.org\/static\/planet4-poland-stateless\/2023\/03\/4a20ec29-26_chleb-gryczany-840x1024.jpg\" alt=\"\" sizes=\"auto, 50vw\" srcset=\"https:\/\/www.greenpeace.org\/static\/planet4-poland-stateless\/2023\/03\/4a20ec29-26_chleb-gryczany.jpg 1000w, https:\/\/www.greenpeace.org\/static\/planet4-poland-stateless\/2023\/03\/4a20ec29-26_chleb-gryczany-410x500.jpg 410w, https:\/\/www.greenpeace.org\/static\/planet4-poland-stateless\/2023\/03\/4a20ec29-26_chleb-gryczany-840x1024.jpg 840w, https:\/\/www.greenpeace.org\/static\/planet4-poland-stateless\/2023\/03\/4a20ec29-26_chleb-gryczany-768x936.jpg 768w, https:\/\/www.greenpeace.org\/static\/planet4-poland-stateless\/2023\/03\/4a20ec29-26_chleb-gryczany-279x340.jpg 279w\" class=\"wp-image-32500 size-full\"\/><\/figure><\/div>\n\n<p class=\"has-medium-font-size\">Joanna Erbel dzieli si\u0119 swoim przepisem na mieszkalnictwo i zmian\u0119 \u015bwiata na lepszy. Wa\u017cnym krokiem jest nasze podej\u015bcie do gotowania, ale sk\u0142adniki nie do pomini\u0119cia to te\u017c wychylenie w przysz\u0142o\u015b\u0107, id\u0105ca za tym sp\u00f3\u0142dzielczo\u015b\u0107, lokalno\u015b\u0107 i&#8230; waluty alternatywne! Brzmi jak niez\u0142y kogel-mogel? Pos\u0142uchajcie instrukcji krok po kroku!<\/p>\n\n<div class=\"wp-block-columns alignfull are-vertically-aligned-center is-style-default has-green-500-background-color has-background is-layout-flex wp-container-core-columns-is-layout-9d6595d7 wp-block-columns-is-layout-flex\">\n<div class=\"wp-block-column is-vertically-aligned-center is-layout-flow wp-block-column-is-layout-flow\" style=\"flex-basis:66.66%\">\n<figure class=\"wp-block-embed is-type-video is-provider-vimeo wp-block-embed-vimeo wp-embed-aspect-16-9 wp-has-aspect-ratio\"><div class=\"wp-block-embed__wrapper\">\n<iframe loading=\"lazy\" title=\"Przepisy na lepsz\u0105 Polsk\u0119 Joanny Erbel\" src=\"https:\/\/player.vimeo.com\/video\/805119866?dnt=1&amp;app_id=122963\" width=\"500\" height=\"281\" frameborder=\"0\" allow=\"autoplay; fullscreen; picture-in-picture; clipboard-write\"><\/iframe>\n<\/div><\/figure>\n<\/div>\n\n\n\n<div class=\"wp-block-column is-vertically-aligned-center is-layout-flow wp-block-column-is-layout-flow\" style=\"flex-basis:50%\">\n<script type=\"application\/javascript\" src=\"https:\/\/wspieram.greenpeace.pl\/action\/iframe.js\" data-version=\"rewolucyjnapl\"><\/script>\n<\/div>\n<\/div>\n","protected":false},"excerpt":{"rendered":"<p>Joanna Erbel dzieli si\u0119 swoim przepisem na mieszkalnictwo i zmian\u0119 \u015bwiata na lepszy. Wa\u017cnym krokiem jest nasze podej\u015bcie do gotowania, ale sk\u0142adniki nie do pomini\u0119cia to te\u017c wychylenie w przysz\u0142o\u015b\u0107, id\u0105ca za tym sp\u00f3\u0142dzielczo\u015b\u0107, lokalno\u015b\u0107 i&#8230; waluty alternatywne! Brzmi jak niez\u0142y kogel-mogel? Pos\u0142uchajcie instrukcji krok po kroku!<\/p>\n","protected":false},"author":25,"featured_media":0,"parent":0,"menu_order":0,"comment_status":"closed","ping_status":"closed","template":"","meta":{"ep_exclude_from_search":false,"p4_hide_page_title_checkbox":"on","p4_title":"","p4_subtitle":"","p4_description":"","background_image_id":"","background_image":"","p4_button_title":"","p4_button_link":"","p4_button_link_checkbox":"","p4_og_title":"","p4_og_description":"","p4_og_image":"","p4_og_image_id":"","p4_seo_canonical_url":"","p4_campaign_name":"","p4_local_project":"","p4_basket_name":"","p4_department":"","footnotes":""},"categories":[33],"tags":[31,26,29],"class_list":["post-32497","page","type-page","status-publish","hentry","category-greenpeace","tag-demokracjaiprawaczlowieka","tag-ochrona-przyrody","tag-zywnosc"],"_links":{"self":[{"href":"https:\/\/www.greenpeace.org\/poland\/wp-json\/wp\/v2\/pages\/32497","targetHints":{"allow":["GET"]}}],"collection":[{"href":"https:\/\/www.greenpeace.org\/poland\/wp-json\/wp\/v2\/pages"}],"about":[{"href":"https:\/\/www.greenpeace.org\/poland\/wp-json\/wp\/v2\/types\/page"}],"author":[{"embeddable":true,"href":"https:\/\/www.greenpeace.org\/poland\/wp-json\/wp\/v2\/users\/25"}],"replies":[{"embeddable":true,"href":"https:\/\/www.greenpeace.org\/poland\/wp-json\/wp\/v2\/comments?post=32497"}],"version-history":[{"count":17,"href":"https:\/\/www.greenpeace.org\/poland\/wp-json\/wp\/v2\/pages\/32497\/revisions"}],"predecessor-version":[{"id":32513,"href":"https:\/\/www.greenpeace.org\/poland\/wp-json\/wp\/v2\/pages\/32497\/revisions\/32513"}],"wp:attachment":[{"href":"https:\/\/www.greenpeace.org\/poland\/wp-json\/wp\/v2\/media?parent=32497"}],"wp:term":[{"taxonomy":"category","embeddable":true,"href":"https:\/\/www.greenpeace.org\/poland\/wp-json\/wp\/v2\/categories?post=32497"},{"taxonomy":"post_tag","embeddable":true,"href":"https:\/\/www.greenpeace.org\/poland\/wp-json\/wp\/v2\/tags?post=32497"}],"curies":[{"name":"wp","href":"https:\/\/api.w.org\/{rel}","templated":true}]}}