{"id":32571,"date":"2023-03-13T16:02:25","date_gmt":"2023-03-13T14:02:25","guid":{"rendered":"https:\/\/www.greenpeace.org\/poland\/?page_id=32571"},"modified":"2023-03-20T16:41:43","modified_gmt":"2023-03-20T14:41:43","slug":"przepisy-na-lepsza-polske","status":"publish","type":"page","link":"https:\/\/www.greenpeace.org\/poland\/przepisy-na-lepsza-polske\/","title":{"rendered":"Rewolucyjna gotowanie, rewolucyjne rozmawianie"},"content":{"rendered":"\n<div class=\"wp-block-media-text alignfull has-media-on-the-right is-stacked-on-mobile is-pattern-p4-page-header is-style-parallax\" style=\"grid-template-columns:auto 71%\"><div class=\"wp-block-media-text__content\">\n<div class=\"wp-block-group is-layout-flow wp-block-group-is-layout-flow\">\n<h1 class=\"has-white-background-color has-background wp-block-heading\" style=\"font-style:normal;font-weight:800\">Rewolucyjne gotowanie, rewolucyjne rozmawianie<\/h1>\n<\/div>\n\n\n\n<p style=\"font-size:1.25rem\"> &#8230; czyli przepisy na lepsz\u0105 Polsk\u0119 i pyszne ro\u015blinne dania wg Marty Dymek (Jad\u0142onomii), Micha\u0142a Pir\u00f3ga, Joanny Erbel, Jakuba Roka i innych.<\/p>\n\n\n\n<div class=\"wp-block-buttons is-layout-flex wp-block-buttons-is-layout-flex\"><\/div>\n<\/div><figure class=\"wp-block-media-text__media\"><img loading=\"lazy\" decoding=\"async\" width=\"1024\" height=\"427\" src=\"https:\/\/www.greenpeace.org\/static\/planet4-poland-stateless\/2022\/11\/3bb6569f-rewolucyjna-glowna-1024x427.jpg\" alt=\"\" sizes=\"auto, (min-width: 601px) 71vw, 100vw\" srcset=\"https:\/\/www.greenpeace.org\/static\/planet4-poland-stateless\/2022\/11\/3bb6569f-rewolucyjna-glowna.jpg 1920w, https:\/\/www.greenpeace.org\/static\/planet4-poland-stateless\/2022\/11\/3bb6569f-rewolucyjna-glowna-500x208.jpg 500w, https:\/\/www.greenpeace.org\/static\/planet4-poland-stateless\/2022\/11\/3bb6569f-rewolucyjna-glowna-1024x427.jpg 1024w, https:\/\/www.greenpeace.org\/static\/planet4-poland-stateless\/2022\/11\/3bb6569f-rewolucyjna-glowna-768x320.jpg 768w, https:\/\/www.greenpeace.org\/static\/planet4-poland-stateless\/2022\/11\/3bb6569f-rewolucyjna-glowna-1536x640.jpg 1536w, https:\/\/www.greenpeace.org\/static\/planet4-poland-stateless\/2022\/11\/3bb6569f-rewolucyjna-glowna-510x213.jpg 510w\" class=\"wp-image-32229 size-full\"\/><\/figure><\/div>\n\n\n<div class=\"wp-block-columns block is-layout-flex wp-container-core-columns-is-layout-9d6595d7 wp-block-columns-is-layout-flex\">\n<div class=\"wp-block-column is-layout-flow wp-block-column-is-layout-flow\">\n<figure class=\"wp-block-image aligncenter size-full is-resized mb-0 force-no-lightbox force-no-caption\"><img loading=\"lazy\" decoding=\"async\" src=\"https:\/\/www.greenpeace.org\/static\/planet4-poland-stateless\/2023\/03\/9c872d26-marta-dymek-jadlonomia.jpg\" alt=\"\" class=\"wp-image-32624\" width=\"250\" height=\"250\" srcset=\"https:\/\/www.greenpeace.org\/static\/planet4-poland-stateless\/2023\/03\/9c872d26-marta-dymek-jadlonomia.jpg 603w, https:\/\/www.greenpeace.org\/static\/planet4-poland-stateless\/2023\/03\/9c872d26-marta-dymek-jadlonomia-500x500.jpg 500w, https:\/\/www.greenpeace.org\/static\/planet4-poland-stateless\/2023\/03\/9c872d26-marta-dymek-jadlonomia-300x300.jpg 300w, https:\/\/www.greenpeace.org\/static\/planet4-poland-stateless\/2023\/03\/9c872d26-marta-dymek-jadlonomia-340x340.jpg 340w\" sizes=\"auto, (max-width: 250px) 100vw, 250px\" \/><\/figure>\n\n\n\n<h4 class=\"has-text-align-center wp-block-heading\" style=\"font-size:2rem;font-style:normal;font-weight:800\"><a href=\"#pirog\">Lepsza Polska Marty Dymek<\/a><\/h4>\n<\/div>\n\n\n\n<div class=\"wp-block-column is-layout-flow wp-block-column-is-layout-flow\">\n<div class=\"wp-block-group is-layout-flow wp-block-group-is-layout-flow\">\n<figure class=\"wp-block-image aligncenter size-full is-resized mb-0 force-no-lightbox force-no-caption\"><a href=\"#pirog\"><img loading=\"lazy\" decoding=\"async\" src=\"https:\/\/www.greenpeace.org\/static\/planet4-poland-stateless\/2023\/03\/d81b64e4-340a2356_1600pix_\u00a9tkaczor.jpg\" alt=\"\" class=\"wp-image-32560\" width=\"250\" height=\"250\" srcset=\"https:\/\/www.greenpeace.org\/static\/planet4-poland-stateless\/2023\/03\/d81b64e4-340a2356_1600pix_\u00a9tkaczor.jpg 510w, https:\/\/www.greenpeace.org\/static\/planet4-poland-stateless\/2023\/03\/d81b64e4-340a2356_1600pix_\u00a9tkaczor-500x500.jpg 500w, https:\/\/www.greenpeace.org\/static\/planet4-poland-stateless\/2023\/03\/d81b64e4-340a2356_1600pix_\u00a9tkaczor-300x300.jpg 300w, https:\/\/www.greenpeace.org\/static\/planet4-poland-stateless\/2023\/03\/d81b64e4-340a2356_1600pix_\u00a9tkaczor-340x340.jpg 340w\" sizes=\"auto, (max-width: 250px) 100vw, 250px\" \/><\/a><\/figure>\n\n\n\n<h4 class=\"has-text-align-center wp-block-heading\" style=\"font-size:2rem;font-style:normal;font-weight:800\"><a href=\"#pirog\">Lepsza Polska Micha\u0142a Pir\u00f3ga<\/a><\/h4>\n<\/div>\n<\/div>\n\n\n\n<div class=\"wp-block-column is-layout-flow wp-block-column-is-layout-flow\">\n<div class=\"wp-block-group is-layout-flow wp-block-group-is-layout-flow\">\n<figure class=\"wp-block-image aligncenter size-full is-resized mb-0 force-no-lightbox force-no-caption\"><a href=\"#erbel\"><img decoding=\"async\" src=\"https:\/\/www.greenpeace.org\/static\/planet4-poland-stateless\/2023\/03\/19d9cffb-potwierdzone_dsc03358_r_joanna_erbel.jpg\" alt=\"\" class=\"wp-image-32558\" width=\"250\" srcset=\"https:\/\/www.greenpeace.org\/static\/planet4-poland-stateless\/2023\/03\/19d9cffb-potwierdzone_dsc03358_r_joanna_erbel.jpg 500w, https:\/\/www.greenpeace.org\/static\/planet4-poland-stateless\/2023\/03\/19d9cffb-potwierdzone_dsc03358_r_joanna_erbel-300x300.jpg 300w, https:\/\/www.greenpeace.org\/static\/planet4-poland-stateless\/2023\/03\/19d9cffb-potwierdzone_dsc03358_r_joanna_erbel-339x340.jpg 339w\" sizes=\"(max-width: 500px) 100vw, 500px\" \/><\/a><\/figure>\n\n\n\n<h2 class=\"has-text-align-center wp-block-heading\" style=\"font-size:2rem;font-style:normal;font-weight:800\"><a href=\"#erbel\">Lepsza Polska Joanny Erbel<\/a><\/h2>\n<\/div>\n<\/div>\n\n\n\n<div class=\"wp-block-column is-layout-flow wp-block-column-is-layout-flow\">\n<div class=\"wp-block-group is-layout-flow wp-block-group-is-layout-flow\">\n<figure class=\"wp-block-image aligncenter size-large is-resized mb-0 force-no-lightbox force-no-caption\"><a href=\"#rok\"><img loading=\"lazy\" decoding=\"async\" src=\"https:\/\/www.greenpeace.org\/static\/planet4-poland-stateless\/2023\/03\/2d7c34bc-potwierdzone_dsc06478_r_jakub_rok-1024x1024.jpg\" alt=\"\" class=\"wp-image-32559\" width=\"250\" height=\"250\" srcset=\"https:\/\/www.greenpeace.org\/static\/planet4-poland-stateless\/2023\/03\/2d7c34bc-potwierdzone_dsc06478_r_jakub_rok-1024x1024.jpg 1024w, https:\/\/www.greenpeace.org\/static\/planet4-poland-stateless\/2023\/03\/2d7c34bc-potwierdzone_dsc06478_r_jakub_rok-500x500.jpg 500w, https:\/\/www.greenpeace.org\/static\/planet4-poland-stateless\/2023\/03\/2d7c34bc-potwierdzone_dsc06478_r_jakub_rok-300x300.jpg 300w, https:\/\/www.greenpeace.org\/static\/planet4-poland-stateless\/2023\/03\/2d7c34bc-potwierdzone_dsc06478_r_jakub_rok-768x768.jpg 768w, https:\/\/www.greenpeace.org\/static\/planet4-poland-stateless\/2023\/03\/2d7c34bc-potwierdzone_dsc06478_r_jakub_rok-340x340.jpg 340w, https:\/\/www.greenpeace.org\/static\/planet4-poland-stateless\/2023\/03\/2d7c34bc-potwierdzone_dsc06478_r_jakub_rok.jpg 1081w\" sizes=\"auto, (max-width: 250px) 100vw, 250px\" \/><\/a><\/figure>\n\n\n\n<h2 class=\"has-text-align-center wp-block-heading\" style=\"font-size:2rem;font-style:normal;font-weight:800\"><a href=\"#rok\">Lepsza Polska Jakuba Roka<\/a><\/h2>\n<\/div>\n<\/div>\n<\/div>\n\n\n<div class=\"wp-block-columns has-green-500-background-color has-background is-layout-flex wp-container-core-columns-is-layout-9d6595d7 wp-block-columns-is-layout-flex\" id=\"jadlonomia\">\n<div class=\"wp-block-column is-layout-flow wp-block-column-is-layout-flow\" style=\"flex-basis:33.33%\">\n<div class=\"wp-block-group is-layout-constrained wp-block-group-is-layout-constrained\">\n<h2 class=\"has-text-align-center has-white-color has-text-color has-x-large-font-size wp-block-heading\" id=\"pirog\">Marta Dymek<\/h2>\n\n\n\n<p class=\"has-white-color has-text-color\" style=\"font-size:1.1em\">Z Mart\u0105 Dymek, czyli Jad\u0142onomi\u0105, rozmawiamy oczywi\u015bcie o przepisach! Nie tylko kulinarnych, ale te\u017c na lepsz\u0105 i sprawiedliw\u0105 Polsk\u0119:) Zastanawiamy si\u0119, czy jedzenie mi\u0119sa jest zwyczajem narodowym, czy mo\u017ce jednak klasowym.  Jakie jest nasze polskie dziedzictwo, je\u017celi chodzi o potrawy ro\u015blinne? Rozmawiamy o tym, jak gotowa\u0107 i kupowa\u0107 tanio i dobrze, odpowiedzialnie wobec planety, ludzi i zwierz\u0105t. O jakich zmianach marzy Marta Dymek i co powinno znale\u017a\u0107 si\u0119 w programie wyborczym polityczki, na kt\u00f3r\u0105 odda\u0142aby sw\u00f3j g\u0142os? Dowiedz si\u0119 ogj\u0105daj\u0105c nasz\u0105 rozmow\u0119!<\/p>\n\n\n\n<div style=\"height:16px\" aria-hidden=\"true\" class=\"wp-block-spacer\"><\/div>\n\n\n\n<div class=\"wp-block-buttons is-content-justification-center is-layout-flex wp-container-core-buttons-is-layout-16018d1d wp-block-buttons-is-layout-flex\">\n<div class=\"wp-block-button is-style-transparent\"><a class=\"wp-block-button__link wp-element-button\" href=\"#rewolucyjna\">Zdob\u0105d\u017a swoj\u0105 <em>Rewolucyjn\u0105&#8230;<\/em><\/a><\/div>\n<\/div>\n<\/div>\n<\/div>\n\n\n\n<div class=\"wp-block-column is-layout-flow wp-block-column-is-layout-flow\" style=\"flex-basis:66.66%\">\n<figure class=\"wp-block-embed is-type-video is-provider-vimeo wp-block-embed-vimeo wp-embed-aspect-16-9 wp-has-aspect-ratio\"><div class=\"wp-block-embed__wrapper\">\n<iframe loading=\"lazy\" title=\"Przepisy na lepsz\u0105 Polsk\u0119 Marty Dymek - Jad\u0142onomi\" src=\"https:\/\/player.vimeo.com\/video\/809780023?dnt=1&amp;app_id=122963\" width=\"500\" height=\"281\" frameborder=\"0\" allow=\"autoplay; fullscreen; picture-in-picture; clipboard-write\"><\/iframe>\n<\/div><\/figure>\n<\/div>\n<\/div>\n\n<div class=\"wp-block-columns has-dark-green-800-background-color has-background is-layout-flex wp-container-core-columns-is-layout-9d6595d7 wp-block-columns-is-layout-flex\" id=\"rok\">\n<div class=\"wp-block-column is-layout-flow wp-block-column-is-layout-flow\" style=\"flex-basis:66.66%\">\n<figure class=\"wp-block-embed is-type-video is-provider-vimeo wp-block-embed-vimeo wp-embed-aspect-16-9 wp-has-aspect-ratio\"><div class=\"wp-block-embed__wrapper\">\n<iframe loading=\"lazy\" title=\"Przepisy na lepsz\u0105 Polsk\u0119 wg Jakuba Roka\" src=\"https:\/\/player.vimeo.com\/video\/807512604?dnt=1&amp;app_id=122963\" width=\"500\" height=\"281\" frameborder=\"0\" allow=\"autoplay; fullscreen; picture-in-picture; clipboard-write\"><\/iframe>\n<\/div><\/figure>\n<\/div>\n\n\n\n<div class=\"wp-block-column is-layout-flow wp-block-column-is-layout-flow\" style=\"flex-basis:33.33%\">\n<h2 class=\"has-text-align-center has-grey-100-color has-text-color has-x-large-font-size wp-block-heading\">Jakub Rok<\/h2>\n\n\n\n<p class=\"has-white-color has-text-color\" style=\"font-size:1.1em\">Jaka b\u0119dzie przysz\u0142o\u015b\u0107 przyrody &#8211; czy b\u0119dzie w ko\u0144cu chroniona i jak?<em> <\/em>Czy polskie lasy b\u0119d\u0105 w ko\u0144cu bezpieczne? Jaki jest przepis na miejsca pracy przysz\u0142o\u015bci? I co robi\u0107 z wolnym czasem, gdy ju\u017c zaczniemy pracowa\u0107 kr\u00f3cej? Pos\u0142uchaj rozmowy z dr Jakubem Rokiem, doktorem ekonomii zainteresowanym jej zwi\u0105zkami z natur\u0105, aktywist\u0105 Obozu dla Puszczy i Inicjatywy Dzikie Karpaty.<\/p>\n\n\n\n<div class=\"wp-block-buttons is-content-justification-center is-layout-flex wp-container-core-buttons-is-layout-16018d1d wp-block-buttons-is-layout-flex\">\n<div class=\"wp-block-button has-custom-font-size is-style-transparent\" style=\"font-size:1em\"><a class=\"wp-block-button__link wp-element-button\" href=\"#rewolucyjna\">Zdob\u0105d\u017a swoj\u0105 <em>Rewolucyjn<\/em>\u0105&#8230;<\/a><\/div>\n<\/div>\n<\/div>\n<\/div>\n\n<div class=\"wp-block-columns has-green-500-background-color has-background is-layout-flex wp-container-core-columns-is-layout-9d6595d7 wp-block-columns-is-layout-flex\" id=\"pirog\">\n<div class=\"wp-block-column is-layout-flow wp-block-column-is-layout-flow\" style=\"flex-basis:33.33%\">\n<div class=\"wp-block-group is-layout-constrained wp-block-group-is-layout-constrained\">\n<h2 class=\"has-text-align-center has-white-color has-text-color has-x-large-font-size wp-block-heading\" id=\"pirog\">Micha\u0142 Pir\u00f3g<\/h2>\n\n\n\n<p class=\"has-white-color has-text-color\" style=\"font-size:1.1em\">Obejrzyj rewolucyjne wideo kulinarne, w kt\u00f3rym Marta Pali\u0144ska wraz z Micha\u0142em Pir\u00f3giem przygotowuj\u0105 spring rollsy i rozmawiaj\u0105 &#8211; mi\u0119dzy innymi &#8211; o prawach os\u00f3b LGBTQ+, przemys\u0142owej produkcji mi\u0119sa i tym, jak wa\u017cne jest bycie w przyrodzie.<\/p>\n\n\n\n<div style=\"height:16px\" aria-hidden=\"true\" class=\"wp-block-spacer\"><\/div>\n\n\n\n<div class=\"wp-block-buttons is-content-justification-center is-layout-flex wp-container-core-buttons-is-layout-16018d1d wp-block-buttons-is-layout-flex\">\n<div class=\"wp-block-button is-style-transparent\"><a class=\"wp-block-button__link wp-element-button\" href=\"#rewolucyjna\">Zdob\u0105d\u017a swoj\u0105 <em>Rewolucyjn\u0105&#8230;<\/em><\/a><\/div>\n<\/div>\n<\/div>\n<\/div>\n\n\n\n<div class=\"wp-block-column is-layout-flow wp-block-column-is-layout-flow\" style=\"flex-basis:66.66%\">\n<figure class=\"wp-block-embed is-type-video is-provider-vimeo wp-block-embed-vimeo wp-embed-aspect-16-9 wp-has-aspect-ratio\"><div class=\"wp-block-embed__wrapper\">\n<iframe loading=\"lazy\" src=\"https:\/\/player.vimeo.com\/video\/802726416?dnt=1&amp;app_id=122963\" width=\"500\" height=\"281\" frameborder=\"0\" allow=\"autoplay; fullscreen; picture-in-picture; clipboard-write\"><\/iframe>\n<\/div><\/figure>\n<\/div>\n<\/div>\n\n<div class=\"wp-block-columns has-dark-green-800-background-color has-background is-layout-flex wp-container-core-columns-is-layout-9d6595d7 wp-block-columns-is-layout-flex\" id=\"erbel\">\n<div class=\"wp-block-column is-layout-flow wp-block-column-is-layout-flow\" style=\"flex-basis:66.66%\">\n<figure class=\"wp-block-embed is-type-video is-provider-vimeo wp-block-embed-vimeo wp-embed-aspect-16-9 wp-has-aspect-ratio\"><div class=\"wp-block-embed__wrapper\">\n<iframe loading=\"lazy\" title=\"Przepisy na lepsz\u0105 Polsk\u0119 Joanny Erbel\" src=\"https:\/\/player.vimeo.com\/video\/805119866?dnt=1&amp;app_id=122963\" width=\"500\" height=\"281\" frameborder=\"0\" allow=\"autoplay; fullscreen; picture-in-picture; clipboard-write\"><\/iframe>\n<\/div><\/figure>\n<\/div>\n\n\n\n<div class=\"wp-block-column is-layout-flow wp-block-column-is-layout-flow\" style=\"flex-basis:33.33%\">\n<h2 class=\"has-text-align-center has-grey-100-color has-text-color has-x-large-font-size wp-block-heading\">Joanna Erbel<\/h2>\n\n\n\n<p class=\"has-white-color has-text-color\" style=\"font-size:1.1em\">Co ma wsp\u00f3lnego przepis na chlebek gryczany z dost\u0119pem do mieszka\u0144 i zmian\u0105 \u015bwiata na lepszy? Wed\u0142ug Joanny Erbel &#8211; socjolo\u017cki, ekspertki ds. mieszkaniowych i autorki ksi\u0105\u017cek &#8211; bardzo du\u017co. Pos\u0142uchaj pierwszego odcinka naszych rewolucyjnych rozm\u00f3w o lepszej Polsce.<\/p>\n\n\n\n<div class=\"wp-block-buttons is-content-justification-center is-layout-flex wp-container-core-buttons-is-layout-16018d1d wp-block-buttons-is-layout-flex\">\n<div class=\"wp-block-button is-style-transparent\"><a class=\"wp-block-button__link wp-element-button\" href=\"#rewolucyjna\">Zdob\u0105d\u017a swoj\u0105 <em>Rewolucyjn\u0105&#8230;<\/em><\/a><\/div>\n<\/div>\n<\/div>\n<\/div>\n\n<div style=\"height:57px\" aria-hidden=\"true\" id=\"rewolucyjna\" class=\"wp-block-spacer\"><\/div>\n\n<script type=\"application\/javascript\" src=\"https:\/\/wspieram.greenpeace.pl\/action\/iframe.js\" data-version=\"rewolucyjnapl\"><\/script>\n\n<p><\/p>\n","protected":false},"excerpt":{"rendered":"<p>Marta Dymek Z Mart\u0105 Dymek, czyli Jad\u0142onomi\u0105, rozmawiamy oczywi\u015bcie o przepisach! Nie tylko kulinarnych, ale te\u017c na lepsz\u0105 i sprawiedliw\u0105 Polsk\u0119:) Zastanawiamy si\u0119, czy jedzenie mi\u0119sa jest zwyczajem narodowym, czy mo\u017ce jednak klasowym. Jakie jest nasze polskie dziedzictwo, je\u017celi chodzi o potrawy ro\u015blinne? Rozmawiamy o tym, jak gotowa\u0107 i kupowa\u0107 tanio i dobrze, odpowiedzialnie wobec [&hellip;]<\/p>\n","protected":false},"author":25,"featured_media":0,"parent":0,"menu_order":0,"comment_status":"closed","ping_status":"closed","template":"","meta":{"ep_exclude_from_search":false,"p4_hide_page_title_checkbox":"on","p4_title":"","p4_subtitle":"","p4_description":"","background_image_id":"","background_image":"","p4_button_title":"","p4_button_link":"","p4_button_link_checkbox":"","p4_og_title":"","p4_og_description":"","p4_og_image":"","p4_og_image_id":"","p4_seo_canonical_url":"","p4_campaign_name":"","p4_local_project":"","p4_basket_name":"","p4_department":"","footnotes":""},"categories":[],"tags":[29,26,19],"class_list":["post-32571","page","type-page","status-publish","hentry","tag-zywnosc","tag-ochrona-przyrody","tag-lasy"],"_links":{"self":[{"href":"https:\/\/www.greenpeace.org\/poland\/wp-json\/wp\/v2\/pages\/32571","targetHints":{"allow":["GET"]}}],"collection":[{"href":"https:\/\/www.greenpeace.org\/poland\/wp-json\/wp\/v2\/pages"}],"about":[{"href":"https:\/\/www.greenpeace.org\/poland\/wp-json\/wp\/v2\/types\/page"}],"author":[{"embeddable":true,"href":"https:\/\/www.greenpeace.org\/poland\/wp-json\/wp\/v2\/users\/25"}],"replies":[{"embeddable":true,"href":"https:\/\/www.greenpeace.org\/poland\/wp-json\/wp\/v2\/comments?post=32571"}],"version-history":[{"count":19,"href":"https:\/\/www.greenpeace.org\/poland\/wp-json\/wp\/v2\/pages\/32571\/revisions"}],"predecessor-version":[{"id":32623,"href":"https:\/\/www.greenpeace.org\/poland\/wp-json\/wp\/v2\/pages\/32571\/revisions\/32623"}],"wp:attachment":[{"href":"https:\/\/www.greenpeace.org\/poland\/wp-json\/wp\/v2\/media?parent=32571"}],"wp:term":[{"taxonomy":"category","embeddable":true,"href":"https:\/\/www.greenpeace.org\/poland\/wp-json\/wp\/v2\/categories?post=32571"},{"taxonomy":"post_tag","embeddable":true,"href":"https:\/\/www.greenpeace.org\/poland\/wp-json\/wp\/v2\/tags?post=32571"}],"curies":[{"name":"wp","href":"https:\/\/api.w.org\/{rel}","templated":true}]}}