{"id":3275,"date":"2019-08-02T17:11:19","date_gmt":"2019-08-02T15:11:19","guid":{"rendered":"https:\/\/www.greenpeace.org\/poland\/zywnosc\/"},"modified":"2026-05-05T14:15:27","modified_gmt":"2026-05-05T12:15:27","slug":"zywnosc","status":"publish","type":"page","link":"https:\/\/www.greenpeace.org\/poland\/zywnosc\/","title":{"rendered":"#\u017bywno\u015b\u0107"},"content":{"rendered":"\n    <div class=\"wp-block-query posts-list p4-query-loop is-custom-layout-list is-layout-flow wp-block-query-is-layout-flow\">\n        <div class=\"wp-block-group is-content-justification-space-between is-layout-flex wp-container-core-group-is-layout-3d213aab wp-block-group-is-layout-flex\"><h2 class=\"wp-block-heading\">Aktualno\u015bci<\/h2>\n        <li class=\" wp-block-navigation-item see-all-link wp-block-navigation-link\"><a class=\"wp-block-navigation-item__content\"  href=\"http:\/\/www.greenpeace.org\/poland\/aktualnosci\/?tag=zywnosc\"><span data-ga-category=\"Posts List\" data-ga-action=\"See More Link\" data-ga-label=\"n\/a\" class=\"wp-block-navigation-item__label\">See all stories<\/span><\/a><\/li>\n        \n        <\/div>\n        \n\n    <p style=\"margin-top: 24px; margin-bottom: 36px;\"><\/p>\n\n    \n\n    <ul class=\"wp-block-post-template is-layout-flow wp-block-post-template-is-layout-flow\"><li class=\"wp-block-post post-40009 post type-post status-publish format-standard has-post-thumbnail hentry category-przyroda tag-zywnosc tag-rolnictwo tag-pszczoly p4-page-type-aktualnosci\">\n            \n<div class=\"wp-block-columns is-layout-flex wp-container-core-columns-is-layout-9d6595d7 wp-block-columns-is-layout-flex\"><figure class=\"wp-block-post-featured-image\"><a href=\"https:\/\/www.greenpeace.org\/poland\/aktualnosci\/40009\/kiedy-dowiemy-sie-ze-unijna-deregulacja-jest-szkodliwa-kiedy-zjemy-ciastko\/\" target=\"_self\"  ><img loading=\"lazy\" decoding=\"async\" data-ga-category=\"Posts List\" data-ga-action=\"Image\" data-ga-label=\"n\/a\" width=\"1200\" height=\"628\" src=\"https:\/\/www.greenpeace.org\/static\/planet4-poland-stateless\/2025\/05\/e635110b-projekt-bez-nazwy-12.png\" class=\"attachment-post-thumbnail size-post-thumbnail wp-post-image wp-stateless-item\" alt=\"Kiedy dowiemy si\u0119, \u017ce unijna deregulacja jest szkodliwa? Kiedy zjemy ciastko\" style=\"object-fit:cover;\" srcset=\"https:\/\/www.greenpeace.org\/static\/planet4-poland-stateless\/2025\/05\/e635110b-projekt-bez-nazwy-12.png 1200w, https:\/\/www.greenpeace.org\/static\/planet4-poland-stateless\/2025\/05\/e635110b-projekt-bez-nazwy-12-500x262.png 500w, https:\/\/www.greenpeace.org\/static\/planet4-poland-stateless\/2025\/05\/e635110b-projekt-bez-nazwy-12-1024x536.png 1024w, https:\/\/www.greenpeace.org\/static\/planet4-poland-stateless\/2025\/05\/e635110b-projekt-bez-nazwy-12-768x402.png 768w, https:\/\/www.greenpeace.org\/static\/planet4-poland-stateless\/2025\/05\/e635110b-projekt-bez-nazwy-12-510x267.png 510w\" sizes=\"auto, (max-width: 1200px) 100vw, 1200px\" data-image-size=\"post-thumbnail\" data-stateless-media-bucket=\"planet4-poland-stateless\" data-stateless-media-name=\"2025\/05\/e635110b-projekt-bez-nazwy-12.png\" \/><\/a><\/figure>\n\n        <div class=\"wp-block-group is-layout-flow wp-block-group-is-layout-flow\">\n        <div class=\"wp-block-group is-layout-flex wp-block-group-is-layout-flex\"><div class=\"wp-block-post-terms\"><a data-ga-category=\"Posts List\" data-ga-action=\"Post Type Tag\" data-ga-label=\"n\/a\" href=\"https:\/\/www.greenpeace.org\/poland\/category\/przyroda\/\">Przyroda<\/a><\/div>\n        \n        \n        <\/div>\n        \n        <h3 class=\"wp-block-post-title\"><a data-ga-category=\"Posts List\" data-ga-action=\"Title\" data-ga-label=\"n\/a\" href=\"https:\/\/www.greenpeace.org\/poland\/aktualnosci\/40009\/kiedy-dowiemy-sie-ze-unijna-deregulacja-jest-szkodliwa-kiedy-zjemy-ciastko\/\" target=\"_self\" >Kiedy dowiemy si\u0119, \u017ce unijna deregulacja jest szkodliwa? Kiedy zjemy ciastko<\/a><\/h3>\n        <div class=\"wp-block-post-excerpt\"><p class=\"wp-block-post-excerpt__excerpt\">Polski rz\u0105d wci\u0105\u017c nie wypowiedzia\u0142 si\u0119 przeciwko proponowanemu przez Komisj\u0119 Europejsk\u0105 os\u0142abieniu przepis\u00f3w dotycz\u0105cych pestycyd\u00f3w. Propozycja Komisji to element niebezpiecznych zmian w unijnym prawie, kt\u00f3re znacznie zmniejsz\u0105 ochron\u0119 naszego zdrowia&hellip; <\/p><\/div>\n        \n        <div class=\"wp-block-group posts-list-meta is-layout-flow wp-block-group-is-layout-flow\"><span class='article-list-item-author'><a data-ga-category=\"Posts List\" data-ga-action=\"Author\" data-ga-label=\"n\/a\" href='https:\/\/www.greenpeace.org\/poland\/author\/kasia\/'>Katarzyna Bilewska<\/a><\/span>\n        <div class=\"wp-block-post-date\"><time datetime=\"2026-04-08T12:11:49+02:00\">2026-04-08<\/time><\/div>\n        \n        <\/div>\n        <\/div>\n        <\/div>\n\n            <\/li><li class=\"wp-block-post post-39515 post type-post status-publish format-standard has-post-thumbnail hentry category-przyroda tag-pszczoly tag-rolnictwo tag-zywnosc tag-substancjetoksyczne p4-page-type-aktualnosci\">\n            \n<div class=\"wp-block-columns is-layout-flex wp-container-core-columns-is-layout-9d6595d7 wp-block-columns-is-layout-flex\"><figure class=\"wp-block-post-featured-image\"><a href=\"https:\/\/www.greenpeace.org\/poland\/aktualnosci\/39515\/czy-minister-rolnictwa-ochroni-nas-przed-toksycznymi-pestycydami\/\" target=\"_self\"  ><img loading=\"lazy\" decoding=\"async\" data-ga-category=\"Posts List\" data-ga-action=\"Image\" data-ga-label=\"n\/a\" width=\"1000\" height=\"605\" src=\"https:\/\/www.greenpeace.org\/static\/planet4-poland-stateless\/2026\/02\/1a57adec-53102060055_8a803b8b6f_4k.jpg\" class=\"attachment-post-thumbnail size-post-thumbnail wp-post-image wp-stateless-item\" alt=\"Czy minister rolnictwa ochroni nas przed toksycznymi pestycydami?\" style=\"object-fit:cover;\" srcset=\"https:\/\/www.greenpeace.org\/static\/planet4-poland-stateless\/2026\/02\/1a57adec-53102060055_8a803b8b6f_4k.jpg 1000w, https:\/\/www.greenpeace.org\/static\/planet4-poland-stateless\/2026\/02\/1a57adec-53102060055_8a803b8b6f_4k-500x303.jpg 500w, https:\/\/www.greenpeace.org\/static\/planet4-poland-stateless\/2026\/02\/1a57adec-53102060055_8a803b8b6f_4k-768x465.jpg 768w, https:\/\/www.greenpeace.org\/static\/planet4-poland-stateless\/2026\/02\/1a57adec-53102060055_8a803b8b6f_4k-510x309.jpg 510w\" sizes=\"auto, (max-width: 1000px) 100vw, 1000px\" data-image-size=\"post-thumbnail\" data-stateless-media-bucket=\"planet4-poland-stateless\" data-stateless-media-name=\"2026\/02\/1a57adec-53102060055_8a803b8b6f_4k.jpg\" \/><\/a><\/figure>\n\n        <div class=\"wp-block-group is-layout-flow wp-block-group-is-layout-flow\">\n        <div class=\"wp-block-group is-layout-flex wp-block-group-is-layout-flex\"><div class=\"wp-block-post-terms\"><a data-ga-category=\"Posts List\" data-ga-action=\"Post Type Tag\" data-ga-label=\"n\/a\" href=\"https:\/\/www.greenpeace.org\/poland\/category\/przyroda\/\">Przyroda<\/a><\/div>\n        \n        \n        <\/div>\n        \n        <h3 class=\"wp-block-post-title\"><a data-ga-category=\"Posts List\" data-ga-action=\"Title\" data-ga-label=\"n\/a\" href=\"https:\/\/www.greenpeace.org\/poland\/aktualnosci\/39515\/czy-minister-rolnictwa-ochroni-nas-przed-toksycznymi-pestycydami\/\" target=\"_self\" >Czy minister rolnictwa ochroni nas przed toksycznymi pestycydami?<\/a><\/h3>\n        <div class=\"wp-block-post-excerpt\"><p class=\"wp-block-post-excerpt__excerpt\">Greenpeace wezwa\u0142 polski rz\u0105d do odrzucenia propozycji Komisji Europejskiej, kt\u00f3ra chce znacz\u0105co poluzowa\u0107 unijne prawo dotycz\u0105ce stosowania pestycyd\u00f3w w rolnictwie. Os\u0142abienie przepis\u00f3w, kt\u00f3re nak\u0142adaj\u0105 pewne restrykcje na stosowanie chemicznych \u015brodk\u00f3w&hellip; <\/p><\/div>\n        \n        <div class=\"wp-block-group posts-list-meta is-layout-flow wp-block-group-is-layout-flow\"><span class='article-list-item-author'><a data-ga-category=\"Posts List\" data-ga-action=\"Author\" data-ga-label=\"n\/a\" href='https:\/\/www.greenpeace.org\/poland\/author\/kasia\/'>Katarzyna Bilewska<\/a><\/span>\n        <div class=\"wp-block-post-date\"><time datetime=\"2026-02-23T18:19:53+02:00\">2026-02-23<\/time><\/div>\n        \n        <\/div>\n        <\/div>\n        <\/div>\n\n            <\/li><li class=\"wp-block-post post-39223 post type-post status-publish format-standard has-post-thumbnail hentry category-przyroda category-rolnictwo tag-rolnictwo tag-zywnosc tag-pszczoly p4-page-type-aktualnosci\">\n            \n<div class=\"wp-block-columns is-layout-flex wp-container-core-columns-is-layout-9d6595d7 wp-block-columns-is-layout-flex\"><figure class=\"wp-block-post-featured-image\"><a href=\"https:\/\/www.greenpeace.org\/poland\/aktualnosci\/39223\/parlament-europejski-skierowal-kontrowersyjna-umowe-ue-mercosur-do-trybunalu-sprawiedliwosci-unii-europejskiej\/\" target=\"_self\"  ><img loading=\"lazy\" decoding=\"async\" data-ga-category=\"Posts List\" data-ga-action=\"Image\" data-ga-label=\"n\/a\" width=\"1200\" height=\"628\" src=\"https:\/\/www.greenpeace.org\/static\/planet4-poland-stateless\/2026\/01\/214d4f46-projekt-bez-nazwy-2.jpg\" class=\"attachment-post-thumbnail size-post-thumbnail wp-post-image wp-stateless-item\" alt=\"Parlament Europejski skierowa\u0142 kontrowersyjn\u0105 umow\u0119 UE-Mercosur do Trybuna\u0142u Sprawiedliwo\u015bci Unii Europejskiej\" style=\"object-fit:cover;\" srcset=\"https:\/\/www.greenpeace.org\/static\/planet4-poland-stateless\/2026\/01\/214d4f46-projekt-bez-nazwy-2.jpg 1200w, https:\/\/www.greenpeace.org\/static\/planet4-poland-stateless\/2026\/01\/214d4f46-projekt-bez-nazwy-2-500x262.jpg 500w, https:\/\/www.greenpeace.org\/static\/planet4-poland-stateless\/2026\/01\/214d4f46-projekt-bez-nazwy-2-1024x536.jpg 1024w, https:\/\/www.greenpeace.org\/static\/planet4-poland-stateless\/2026\/01\/214d4f46-projekt-bez-nazwy-2-768x402.jpg 768w, https:\/\/www.greenpeace.org\/static\/planet4-poland-stateless\/2026\/01\/214d4f46-projekt-bez-nazwy-2-510x267.jpg 510w\" sizes=\"auto, (max-width: 1200px) 100vw, 1200px\" data-image-size=\"post-thumbnail\" data-stateless-media-bucket=\"planet4-poland-stateless\" data-stateless-media-name=\"2026\/01\/214d4f46-projekt-bez-nazwy-2.jpg\" \/><\/a><\/figure>\n\n        <div class=\"wp-block-group is-layout-flow wp-block-group-is-layout-flow\">\n        <div class=\"wp-block-group is-layout-flex wp-block-group-is-layout-flex\"><div class=\"wp-block-post-terms\"><a data-ga-category=\"Posts List\" data-ga-action=\"Post Type Tag\" data-ga-label=\"n\/a\" href=\"https:\/\/www.greenpeace.org\/poland\/category\/przyroda\/\">Przyroda<\/a><\/div>\n        \n        \n        <\/div>\n        \n        <h3 class=\"wp-block-post-title\"><a data-ga-category=\"Posts List\" data-ga-action=\"Title\" data-ga-label=\"n\/a\" href=\"https:\/\/www.greenpeace.org\/poland\/aktualnosci\/39223\/parlament-europejski-skierowal-kontrowersyjna-umowe-ue-mercosur-do-trybunalu-sprawiedliwosci-unii-europejskiej\/\" target=\"_self\" >Parlament Europejski skierowa\u0142 kontrowersyjn\u0105 umow\u0119 UE-Mercosur do Trybuna\u0142u Sprawiedliwo\u015bci Unii Europejskiej<\/a><\/h3>\n        <div class=\"wp-block-post-excerpt\"><p class=\"wp-block-post-excerpt__excerpt\">Parlament Europejski przeg\u0142osowa\u0142 dzi\u015b wniosek o skierowanie umowy handlowej UE-Mercosur do Trybuna\u0142u Sprawiedliwo\u015bci Unii Europejskiej (TSUE). Parlament zwr\u00f3ci\u0142 si\u0119 do Trybuna\u0142u o wydanie opinii, czy porozumienie to jest zgodne z&hellip; <\/p><\/div>\n        \n        <div class=\"wp-block-group posts-list-meta is-layout-flow wp-block-group-is-layout-flow\"><span class='article-list-item-author'><a data-ga-category=\"Posts List\" data-ga-action=\"Author\" data-ga-label=\"n\/a\" href='https:\/\/www.greenpeace.org\/poland\/author\/kasia\/'>Katarzyna Bilewska<\/a><\/span>\n        <div class=\"wp-block-post-date\"><time datetime=\"2026-01-21T16:21:04+02:00\">2026-01-21<\/time><\/div>\n        \n        <\/div>\n        <\/div>\n        <\/div>\n\n            <\/li><\/ul>\n\n    \n<div class=\"wp-block-buttons carousel-controls is-horizontal is-content-justification-space-between is-nowrap is-layout-flex wp-container-core-buttons-is-layout-044bd602 wp-block-buttons-is-layout-flex\">\n            <div class=\"wp-block-button carousel-control-prev\"><button type=\"button\" class=\"wp-block-button__link wp-element-button\">Wstecz<\/button><\/div>\n        \n\n            <div class=\"wp-block-button carousel-control-next\"><button type=\"button\" class=\"wp-block-button__link wp-element-button\">Dalej<\/button><\/div>\n        <\/div>\n\n\n    <li class=\" wp-block-navigation-item see-all-link wp-block-navigation-link\"><a class=\"wp-block-navigation-item__content\"  href=\"http:\/\/www.greenpeace.org\/poland\/aktualnosci\/?tag=zywnosc\"><span data-ga-category=\"Posts List\" data-ga-action=\"See More Link\" data-ga-label=\"n\/a\" class=\"wp-block-navigation-item__label\">See all stories<\/span><\/a><\/li><\/div>\n    ","protected":false},"excerpt":{"rendered":"","protected":false},"author":25,"featured_media":0,"parent":0,"menu_order":0,"comment_status":"closed","ping_status":"closed","template":"","meta":{"ep_exclude_from_search":false,"p4_hide_page_title_checkbox":"","p4_title":"","p4_subtitle":"","p4_description":"","background_image_id":"","background_image":"","p4_button_title":"","p4_button_link":"","p4_button_link_checkbox":"","p4_og_title":"","p4_og_description":"","p4_og_image":"","p4_og_image_id":"","p4_seo_canonical_url":"","p4_campaign_name":"not set","p4_local_project":"not set","p4_basket_name":"not set","p4_department":"","footnotes":""},"categories":[4],"tags":[],"class_list":["post-3275","page","type-page","status-publish","hentry","category-rolnictwo"],"_links":{"self":[{"href":"https:\/\/www.greenpeace.org\/poland\/wp-json\/wp\/v2\/pages\/3275","targetHints":{"allow":["GET"]}}],"collection":[{"href":"https:\/\/www.greenpeace.org\/poland\/wp-json\/wp\/v2\/pages"}],"about":[{"href":"https:\/\/www.greenpeace.org\/poland\/wp-json\/wp\/v2\/types\/page"}],"author":[{"embeddable":true,"href":"https:\/\/www.greenpeace.org\/poland\/wp-json\/wp\/v2\/users\/25"}],"replies":[{"embeddable":true,"href":"https:\/\/www.greenpeace.org\/poland\/wp-json\/wp\/v2\/comments?post=3275"}],"version-history":[{"count":8,"href":"https:\/\/www.greenpeace.org\/poland\/wp-json\/wp\/v2\/pages\/3275\/revisions"}],"predecessor-version":[{"id":81348,"href":"https:\/\/www.greenpeace.org\/poland\/wp-json\/wp\/v2\/pages\/3275\/revisions\/81348"}],"wp:attachment":[{"href":"https:\/\/www.greenpeace.org\/poland\/wp-json\/wp\/v2\/media?parent=3275"}],"wp:term":[{"taxonomy":"category","embeddable":true,"href":"https:\/\/www.greenpeace.org\/poland\/wp-json\/wp\/v2\/categories?post=3275"},{"taxonomy":"post_tag","embeddable":true,"href":"https:\/\/www.greenpeace.org\/poland\/wp-json\/wp\/v2\/tags?post=3275"}],"curies":[{"name":"wp","href":"https:\/\/api.w.org\/{rel}","templated":true}]}}