{"id":33017,"date":"2022-05-31T13:33:00","date_gmt":"2022-05-31T11:33:00","guid":{"rendered":"https:\/\/www.greenpeace.org\/poland\/?page_id=33017"},"modified":"2025-06-24T15:36:24","modified_gmt":"2025-06-24T13:36:24","slug":"quiz-sprawdz-swoja-wiedze-o-karpatach","status":"publish","type":"page","link":"https:\/\/www.greenpeace.org\/poland\/dzialaj-old\/quiz-sprawdz-swoja-wiedze-o-karpatach\/","title":{"rendered":"Quiz: Sprawd\u017a swoj\u0105 wiedz\u0119 o Karpatach"},"content":{"rendered":"","protected":false},"excerpt":{"rendered":"<p>Przez ile pa\u0144stw ci\u0105gn\u0105 si\u0119 Karpaty? Ile nied\u017awiedzi mieszka w Karpatach i czy mo\u017cna w nich spotka\u0107 rosomaka? Sprawd\u017a swoj\u0105 wiedz\u0119!<\/p>\n","protected":false},"author":25,"featured_media":32996,"parent":9,"menu_order":0,"comment_status":"closed","ping_status":"closed","template":"","meta":{"ep_exclude_from_search":false,"p4_hide_page_title_checkbox":"","p4_title":"","p4_subtitle":"","p4_description":"","background_image_id":"","background_image":"","p4_button_title":"","p4_button_link":"","p4_button_link_checkbox":"","p4_og_title":"","p4_og_description":"","p4_og_image":"","p4_og_image_id":"","p4_seo_canonical_url":"","p4_campaign_name":"not set","p4_local_project":"not set","p4_basket_name":"not set","p4_department":"","footnotes":""},"categories":[3],"tags":[107,19],"class_list":["post-33017","page","type-page","status-publish","has-post-thumbnail","hentry","category-przyroda","tag-karpaty","tag-lasy"],"_links":{"self":[{"href":"https:\/\/www.greenpeace.org\/poland\/wp-json\/wp\/v2\/pages\/33017","targetHints":{"allow":["GET"]}}],"collection":[{"href":"https:\/\/www.greenpeace.org\/poland\/wp-json\/wp\/v2\/pages"}],"about":[{"href":"https:\/\/www.greenpeace.org\/poland\/wp-json\/wp\/v2\/types\/page"}],"author":[{"embeddable":true,"href":"https:\/\/www.greenpeace.org\/poland\/wp-json\/wp\/v2\/users\/25"}],"replies":[{"embeddable":true,"href":"https:\/\/www.greenpeace.org\/poland\/wp-json\/wp\/v2\/comments?post=33017"}],"version-history":[{"count":1,"href":"https:\/\/www.greenpeace.org\/poland\/wp-json\/wp\/v2\/pages\/33017\/revisions"}],"predecessor-version":[{"id":33018,"href":"https:\/\/www.greenpeace.org\/poland\/wp-json\/wp\/v2\/pages\/33017\/revisions\/33018"}],"up":[{"embeddable":true,"href":"https:\/\/www.greenpeace.org\/poland\/wp-json\/wp\/v2\/pages\/9"}],"wp:featuredmedia":[{"embeddable":true,"href":"https:\/\/www.greenpeace.org\/poland\/wp-json\/wp\/v2\/media\/32996"}],"wp:attachment":[{"href":"https:\/\/www.greenpeace.org\/poland\/wp-json\/wp\/v2\/media?parent=33017"}],"wp:term":[{"taxonomy":"category","embeddable":true,"href":"https:\/\/www.greenpeace.org\/poland\/wp-json\/wp\/v2\/categories?post=33017"},{"taxonomy":"post_tag","embeddable":true,"href":"https:\/\/www.greenpeace.org\/poland\/wp-json\/wp\/v2\/tags?post=33017"}],"curies":[{"name":"wp","href":"https:\/\/api.w.org\/{rel}","templated":true}]}}