{"id":34247,"date":"2024-03-19T14:29:01","date_gmt":"2024-03-19T12:29:01","guid":{"rendered":"https:\/\/www.greenpeace.org\/poland\/?page_id=34247"},"modified":"2024-03-22T01:36:53","modified_gmt":"2024-03-21T23:36:53","slug":"5800-tirow-pelnych-drzew-dziennie","status":"publish","type":"page","link":"https:\/\/www.greenpeace.org\/poland\/dowiedz-sie\/przyroda\/lasy\/5800-tirow-pelnych-drzew-dziennie\/","title":{"rendered":"5800 tir\u00f3w pe\u0142nych drzew dziennie"},"content":{"rendered":"\n\n<div class=\"wp-block-group block is-layout-flow wp-block-group-is-layout-flow\">\n\n<div class=\"wp-block-group alignfull is-layout-flow wp-block-group-is-layout-flow\">\n<div class=\"wp-block-group container is-layout-flow wp-block-group-is-layout-flow\">\n<div class=\"wp-block-media-text alignfull is-stacked-on-mobile is-pattern-p4-page-header is-style-parallax\"><figure class=\"wp-block-media-text__media\"><img loading=\"lazy\" decoding=\"async\" width=\"1024\" height=\"682\" src=\"https:\/\/www.greenpeace.org\/static\/planet4-poland-stateless\/2024\/03\/911a7754-tiry-drewno-1024x682.jpg\" alt=\"\" sizes=\"auto, (min-width: 601px) 50vw, 100vw\" srcset=\"https:\/\/www.greenpeace.org\/static\/planet4-poland-stateless\/2024\/03\/911a7754-tiry-drewno.jpg 1400w, https:\/\/www.greenpeace.org\/static\/planet4-poland-stateless\/2024\/03\/911a7754-tiry-drewno-500x333.jpg 500w, https:\/\/www.greenpeace.org\/static\/planet4-poland-stateless\/2024\/03\/911a7754-tiry-drewno-1024x682.jpg 1024w, https:\/\/www.greenpeace.org\/static\/planet4-poland-stateless\/2024\/03\/911a7754-tiry-drewno-768x512.jpg 768w, https:\/\/www.greenpeace.org\/static\/planet4-poland-stateless\/2024\/03\/911a7754-tiry-drewno-510x340.jpg 510w\" class=\"wp-image-34320 size-full\"\/><\/figure><div class=\"wp-block-media-text__content\">\n<div class=\"wp-block-group is-layout-flow wp-block-group-is-layout-flow\">\n<h1 class=\"wp-block-heading has-white-background-color has-background\">Ponad 5800 tir\u00f3w pe\u0142nych drzew wyje\u017cd\u017ca codziennie z polskich las\u00f3w<\/h1>\n<\/div>\n\n\n\n<div style=\"height:46px\" aria-hidden=\"true\" class=\"wp-block-spacer\"><\/div>\n\n\n\n<div class=\"wp-block-buttons is-layout-flex wp-block-buttons-is-layout-flex\">\n<div class=\"wp-block-button has-custom-font-size is-style-cta has-medium-font-size\"><a class=\"wp-block-button__link wp-element-button\" href=\"#formularz\">Podpisz apel o ochron\u0119 las\u00f3w!<\/a><\/div>\n<\/div>\n<\/div><\/div>\n<\/div>\n<\/div>\n\n\n\n\n<div style=\"height:64px\" aria-hidden=\"true\" class=\"wp-block-spacer\"><\/div>\n\n\n\n\n<div class=\"wp-block-media-text is-stacked-on-mobile\"><figure class=\"wp-block-media-text__media\"><img loading=\"lazy\" decoding=\"async\" width=\"1024\" height=\"683\" src=\"https:\/\/www.greenpeace.org\/static\/planet4-poland-stateless\/2024\/03\/1c73ae41-natalia-wycinka.jpg\" alt=\"\" sizes=\"auto, (min-width: 1600px) calc((1320px - 24px) \/ 2),(min-width: 1200px) calc((1140px - 24px) \/ 2),(min-width: 992px) calc((960px - 24px) \/ 2),(min-width: 768px) calc((720px - 24px) \/ 2),(min-width: 601px) calc((540px - 24px) \/ 2),(min-width: 577px) calc((540px - 24px) \/ 1), calc(100vw - 24px)\" srcset=\"https:\/\/www.greenpeace.org\/static\/planet4-poland-stateless\/2024\/03\/1c73ae41-natalia-wycinka.jpg 1024w, https:\/\/www.greenpeace.org\/static\/planet4-poland-stateless\/2024\/03\/1c73ae41-natalia-wycinka-500x333.jpg 500w, https:\/\/www.greenpeace.org\/static\/planet4-poland-stateless\/2024\/03\/1c73ae41-natalia-wycinka-768x512.jpg 768w, https:\/\/www.greenpeace.org\/static\/planet4-poland-stateless\/2024\/03\/1c73ae41-natalia-wycinka-510x340.jpg 510w\" class=\"wp-image-34268 size-full\"\/><\/figure><div class=\"wp-block-media-text__content\">\n<h2 class=\"wp-block-heading\">Obietnica rz\u0105du<\/h2>\n\n\n\n<p>Podczas kampanii wyborczej <strong>w 2023 roku wszystkie partie, kt\u00f3re dzi\u015b tworz\u0105 rz\u0105d obieca\u0142y, \u017ce obejm\u0105 ochron\u0105 polskie lasy.<\/strong> <\/p>\n\n\n\n<p>By\u0142a to obietnica, kt\u00f3ra mia\u0142a zatrzyma\u0107 trwaj\u0105c\u0105 od kilku lat dewastacj\u0119 najcenniejszych las\u00f3w, prowadzon\u0105 przez Lasy Pa\u0144stwowe upartyjnione przez Zjednoczon\u0105 Prawic\u0119. Obietnice te zosta\u0142y potwierdzone w umowie koalicyjnej, kt\u00f3r\u0105 podpisali szefowie wszystkich rz\u0105dz\u0105cych ugrupowa\u0144. <\/p>\n\n\n\n<p>Czytamy w niej: <\/p>\n<\/div><\/div>\n\n\n\n\n<div style=\"height:43px\" aria-hidden=\"true\" class=\"wp-block-spacer\"><\/div>\n\n\n\n<p class=\"has-beige-100-background-color has-background has-medium-font-size\"><em>\u201c\u015arodowisko naturalne to nasze dziedzictwo, kt\u00f3re musimy przekaza\u0107 kolejnym pokoleniom. <strong>20% najcenniejszych obszar\u00f3w le\u015bnych zostanie wy\u0142\u0105czone z wycinki<\/strong>\u201d.<\/em><\/p>\n\n\n\n<div style=\"height:32px\" aria-hidden=\"true\" class=\"wp-block-spacer\"><\/div>\n\n\n\n\n<div class=\"wp-block-media-text has-media-on-the-right is-stacked-on-mobile\"><div class=\"wp-block-media-text__content\">\n<p>Ju\u017c w pierwszych tygodniach urz\u0119dowania nowa Ministra Klimatu i \u015arodowiska Paulina Hennig-Kloska og\u0142osi\u0142a ograniczenie wycinek w 10 lokalizacjach, mi\u0119dzy innymi w Puszczy Karpackiej, Augustowskiej i \u015awi\u0119tokrzyskiej. <\/p>\n\n\n\n<p><strong>By\u0142 to pierwszy krok, kt\u00f3ry obj\u0105\u0142 jednak zaledwie 1,3% naszych las\u00f3w i to tylko na p\u00f3\u0142 roku &#8211;<\/strong> <strong><span style=\"text-decoration: underline;\">zakaz przestanie obowi\u0105zywa\u0107 ju\u017c 30 czerwca.<\/span><\/strong><\/p>\n<\/div><figure class=\"wp-block-media-text__media\"><video controls src=\"https:\/\/www.greenpeace.org\/static\/planet4-poland-stateless\/2024\/03\/418990f7-wycinki.mp4\"><\/video><\/figure><\/div>\n\n\n\n<div style=\"height:47px\" aria-hidden=\"true\" class=\"wp-block-spacer\"><\/div>\n\n\n\n<p>Ministerstwo zapowiada kolejne dzia\u0142ania, kt\u00f3re maj\u0105 doprowadzi\u0107 do trwa\u0142ego osi\u0105gni\u0119cia ochrony&nbsp; 20% las\u00f3w. S\u0105 to mi\u0119dzy innymi powstanie zespo\u0142u przy Ministerstwie, kt\u00f3re ma wytypowa\u0107 kolejne lasy chronione przed wycinkami oraz okr\u0105g\u0142y st\u00f3\u0142 le\u015bny, podczas kt\u00f3rego reprezentanci wszystkich zainteresowanych stron maj\u0105 pracowa\u0107 nad zmian\u0105 podej\u015bcia do las\u00f3w.<br><br>Jednak kroki, kt\u00f3re podejmuje Ministerstwo to za ma\u0142o.&nbsp;<\/p>\n\n\n\n<div style=\"height:35px\" aria-hidden=\"true\" class=\"wp-block-spacer\"><\/div>\n\n\n\n<div class=\"wp-block-columns are-vertically-aligned-center has-grey-900-background-color has-background is-layout-flex wp-container-core-columns-is-layout-9d6595d7 wp-block-columns-is-layout-flex\">\n<div class=\"wp-block-column is-vertically-aligned-center is-layout-flow wp-block-column-is-layout-flow\" style=\"flex-basis:33.33%\">\n<h3 class=\"wp-block-heading has-white-color has-grey-900-background-color has-text-color has-background has-link-color wp-elements-959acccc82dd5a446bedce2e353fae86\"><strong>W CZASIE GDY MINISTERSTWO ROZMAWIA, Z POLSKICH LAS\u00d3W CODZIENNIE WYJE\u017bD\u017bA NAWET 5861 TIR\u00d3W WYPE\u0141NIONYCH \u015aCI\u0118TYMI DRZEWAMI!<\/strong><\/h3>\n<\/div>\n\n\n\n<div class=\"wp-block-column is-vertically-aligned-center is-layout-flow wp-block-column-is-layout-flow\" style=\"flex-basis:66.66%\">\n<script src=\"https:\/\/bogini.greenpeace.pl\/wycinki\/wycinkomierz.js\"><\/script>\n<\/div>\n<\/div>\n\n\n\n<div style=\"height:35px\" aria-hidden=\"true\" class=\"wp-block-spacer\"><\/div>\n\n\n\n<p>Czasowe moratorium obj\u0119\u0142o tylko niewielki u\u0142amek las\u00f3w. Najcenniejsze stare lasy takie jak Puszcza Karpacka wci\u0105\u017c znikaj\u0105. <strong>Ka\u017cdy dzie\u0144 zw\u0142oki to nawet 100 tysi\u0119cy drzew, kt\u00f3re bezpowrotnie tracimy!<\/strong> Dzieje si\u0119 to, mimo \u017ce stanowcza wi\u0119kszo\u015b\u0107 Polek i Polak\u00f3w chce tego, aby 20% polskich las\u00f3w by\u0142o jak najszybciej chronione!\u00a0<\/p>\n\n\n\n<div style=\"height:47px\" aria-hidden=\"true\" class=\"wp-block-spacer\"><\/div>\n\n\n\n<div class=\"wp-block-columns are-vertically-aligned-center is-layout-flex wp-container-core-columns-is-layout-9d6595d7 wp-block-columns-is-layout-flex\">\n<div class=\"wp-block-column is-vertically-aligned-center is-layout-flow wp-block-column-is-layout-flow\">\n<div style=\"position: relative; width: 100%; height: 0; padding-top: 75.0000%;\n padding-bottom: 0; box-shadow: 0 2px 8px 0 rgba(63,69,81,0.16); margin-top: 1.6em; margin-bottom: 0.9em; overflow: hidden;\n border-radius: 8px; will-change: transform;\">\n  <iframe loading=\"lazy\" style=\"position: absolute; width: 100%; height: 100%; top: 0; left: 0; border: none; padding: 0;margin: 0;\"\n    src=\"https:&#x2F;&#x2F;www.canva.com&#x2F;design&#x2F;DAF_4CjEx-k&#x2F;tEljixL24sNUC7M8RQ3WGg&#x2F;view?embed\" allowfullscreen=\"allowfullscreen\" allow=\"fullscreen\">\n  <\/iframe>\n<\/div>\n<\/div>\n\n\n\n<div class=\"wp-block-column is-vertically-aligned-center is-layout-flow wp-block-column-is-layout-flow\">\n<p><strong>Nie ma \u017cadnych istotnych przeszk\u00f3d, aby rz\u0105d ju\u017c teraz spe\u0142ni\u0142 obietnic\u0119 koalicji rz\u0105dz\u0105cej i zatrzyma\u0142 wycink\u0119 20 procent las\u00f3w cennych przyrodniczo i spo\u0142ecznie. <\/strong><\/p>\n\n\n\n<p>Mo\u017cna to zrobi\u0107 na podstawie dost\u0119pnych danych o wieku czy stopniu naturalno\u015bci lasu. Mo\u017cna wykorzysta\u0107 istniej\u0105ce projekty powo\u0142ania a\u017c 25 nowych park\u00f3w narodowych oraz ponad tysi\u0105ca nowych rezerwat\u00f3w. Mo\u017cna wzmocni\u0107 ochron\u0119 w istniej\u0105cych parkach krajobrazowych, Le\u015bnych Kompleksach Promocyjnych czy lasach wodochronnych &#8211; szczeg\u00f3lnie g\u00f3rskich.&nbsp;<\/p>\n<\/div>\n<\/div>\n\n\n\n<div style=\"height:47px\" aria-hidden=\"true\" class=\"wp-block-spacer\"><\/div>\n\n\n\n<hr class=\"wp-block-separator has-alpha-channel-opacity is-style-dots\"\/>\n\n\n\n<h2 class=\"wp-block-heading\" style=\"text-transform:uppercase\">Przeczytaj:<\/h2>\n\n\n\n<h2 class=\"wp-block-heading\"><a href=\"https:\/\/www.greenpeace.org\/static\/planet4-poland-stateless\/2024\/03\/d2ba33a0-analiza-skali-wycinki-w-polskich-lasach-i-rekomendacje-greenpeace.pdf\">Analiza skali wycinki w polskich lasach i rekomendacje Greenpeace<\/a> (pdf)<\/h2>\n\n\n\n<hr class=\"wp-block-separator has-alpha-channel-opacity is-style-dots\"\/>\n\n\n\n<div style=\"height:47px\" aria-hidden=\"true\" class=\"wp-block-spacer\"><\/div>\n\n\n\n<div class=\"wp-block-columns has-action-yellow-background-color has-background is-layout-flex wp-container-core-columns-is-layout-9d6595d7 wp-block-columns-is-layout-flex\">\n<div class=\"wp-block-column is-layout-flow wp-block-column-is-layout-flow\" style=\"flex-basis:66.66%\">\n<h1 class=\"wp-block-heading\" id=\"formularz\">RATUJMY STARE LASY!<\/h1>\n\n\n\n<h2 class=\"wp-block-heading has-text-align-left\" style=\"text-transform:uppercase\"><strong>Zaapeluj razem z nami do rz\u0105du, aby ju\u017c teraz spe\u0142ni\u0142 swoj\u0105 obietnic\u0119 i obj\u0105\u0142 ochron\u0105 20% las\u00f3w! <\/strong><\/h2>\n\n\n\n<p><strong>W wielu najcenniejszych lasach Polski s\u0142ycha\u0107 ryk pi\u0142.<\/strong>&nbsp;W ka\u017cdym zak\u0105tku kraju s\u0105 stare lasy, kt\u00f3re powinny by\u0107 chronione, ale stopniowo przekszta\u0142cane s\u0105 w plantacje drzew. Obecnie tylko oko\u0142o 3% polskich las\u00f3w to parki narodowe.&nbsp;<strong>Obszar przyrody chronionej przed wycink\u0105 powinien zosta\u0107 zwi\u0119kszony kilkukrotnie!<\/strong>&nbsp;Chc\u0105c chroni\u0107 r\u00f3\u017cnorodno\u015b\u0107 biologiczn\u0105 i walczy\u0107 ze skutkami zmiany klimatu, musimy chroni\u0107 stare lasy!<\/p>\n<\/div>\n\n\n\n<div class=\"wp-block-column is-vertically-aligned-center has-action-yellow-background-color has-background is-layout-constrained wp-block-column-is-layout-constrained\" style=\"flex-basis:33.33%\">\n<p><strong>Domagamy si\u0119 pilnego obj\u0119cia ochron\u0105 20%  najcenniejszych przyrodniczo las\u00f3w Polski.&nbsp;<\/strong>To niezb\u0119dne, by chroni\u0107 r\u00f3\u017cnorodno\u015b\u0107 biologiczn\u0105 i klimat. Do\u0142\u0105cz do apelu:<\/p>\n\n\n\n<script charset=\"utf-8\" type=\"text\/javascript\" src=\"\/\/js-eu1.hsforms.net\/forms\/embed\/v2.js\"><\/script>\n<script>\n  hbspt.forms.create({\n    region: \"eu1\",\n    portalId: \"25392534\",\n    formId: \"e3485b0b-aaa3-4c12-9a1c-d7da109199e5\"\n  });\n<\/script>\n<\/div>\n<\/div>\n\n\n\n\n<div style=\"height:32px\" aria-hidden=\"true\" class=\"wp-block-spacer\"><\/div>\n\n\n\n<div style=\"height:48px\" aria-hidden=\"true\" class=\"wp-block-spacer\"><\/div>\n<\/div>\n\n","protected":false},"excerpt":{"rendered":"","protected":false},"author":25,"featured_media":34248,"parent":423,"menu_order":0,"comment_status":"closed","ping_status":"closed","template":"","meta":{"ep_exclude_from_search":false,"p4_hide_page_title_checkbox":"on","p4_title":"","p4_subtitle":"","p4_description":"","background_image_id":"","background_image":"","p4_button_title":"","p4_button_link":"","p4_button_link_checkbox":"","p4_og_title":"","p4_og_description":"","p4_og_image":"","p4_og_image_id":"","p4_seo_canonical_url":"","p4_campaign_name":"","p4_local_project":"","p4_basket_name":"","p4_department":"","footnotes":""},"categories":[3],"tags":[19],"class_list":["post-34247","page","type-page","status-publish","has-post-thumbnail","hentry","category-przyroda","tag-lasy"],"_links":{"self":[{"href":"https:\/\/www.greenpeace.org\/poland\/wp-json\/wp\/v2\/pages\/34247","targetHints":{"allow":["GET"]}}],"collection":[{"href":"https:\/\/www.greenpeace.org\/poland\/wp-json\/wp\/v2\/pages"}],"about":[{"href":"https:\/\/www.greenpeace.org\/poland\/wp-json\/wp\/v2\/types\/page"}],"author":[{"embeddable":true,"href":"https:\/\/www.greenpeace.org\/poland\/wp-json\/wp\/v2\/users\/25"}],"replies":[{"embeddable":true,"href":"https:\/\/www.greenpeace.org\/poland\/wp-json\/wp\/v2\/comments?post=34247"}],"version-history":[{"count":19,"href":"https:\/\/www.greenpeace.org\/poland\/wp-json\/wp\/v2\/pages\/34247\/revisions"}],"predecessor-version":[{"id":34366,"href":"https:\/\/www.greenpeace.org\/poland\/wp-json\/wp\/v2\/pages\/34247\/revisions\/34366"}],"up":[{"embeddable":true,"href":"https:\/\/www.greenpeace.org\/poland\/wp-json\/wp\/v2\/pages\/423"}],"wp:featuredmedia":[{"embeddable":true,"href":"https:\/\/www.greenpeace.org\/poland\/wp-json\/wp\/v2\/media\/34248"}],"wp:attachment":[{"href":"https:\/\/www.greenpeace.org\/poland\/wp-json\/wp\/v2\/media?parent=34247"}],"wp:term":[{"taxonomy":"category","embeddable":true,"href":"https:\/\/www.greenpeace.org\/poland\/wp-json\/wp\/v2\/categories?post=34247"},{"taxonomy":"post_tag","embeddable":true,"href":"https:\/\/www.greenpeace.org\/poland\/wp-json\/wp\/v2\/tags?post=34247"}],"curies":[{"name":"wp","href":"https:\/\/api.w.org\/{rel}","templated":true}]}}