{"id":3457,"date":"2019-08-12T23:39:27","date_gmt":"2019-08-12T21:39:27","guid":{"rendered":"https:\/\/www.greenpeace.org\/poland\/?page_id=3457"},"modified":"2025-06-23T16:42:15","modified_gmt":"2025-06-23T14:42:15","slug":"ochrona-danych-osobowych-w-procesie-rekrutacji-fundraiserow-i-fundraiserek","status":"publish","type":"page","link":"https:\/\/www.greenpeace.org\/poland\/ochrona-danych-osobowych-w-procesie-rekrutacji-fundraiserow-i-fundraiserek\/","title":{"rendered":"Klauzula &#8211; ochrona danych osobowych w procesie rekrutacji fundraiser\u00f3w i fundraiserek"},"content":{"rendered":"\n                \n                <div class=\"wp-block-group alignfull is-layout-flow wp-block-group-is-layout-flow\">\n                \n                <div class=\"wp-block-group container is-layout-flow wp-block-group-is-layout-flow\">\n                \n                <div class=\"wp-block-media-text alignfull has-media-on-the-right is-stacked-on-mobile is-pattern-p4-page-header is-style-parallax\">\n\n                <div class=\"wp-block-media-text__content\">\n                    <div class=\"wp-block-group is-layout-flow wp-block-group-is-layout-flow\">\n                    \n                        <h1 class=\"wp-block-heading has-white-background-color has-background\">\n                            Informacje dotycz\u0105ce ochrony danych osobowych\n                        <\/h1>\n                    <\/div>\n                \n\n                \n                        <p style=\"font-size:1.25rem\">\n                            W zwi\u0105zku z rozpocz\u0119ciem stosowania z dniem 25 maja 2018 r. Rozporz\u0105dzenia Parlamentu Europejskiego i\u00a0Rady (UE) 2016\/679 z dnia 27 kwietnia 2016 r. w sprawie ochrony os\u00f3b fizycznych w\u00a0zwi\u0105zku z\u00a0przetwarzaniem danych osobowych i w sprawie swobodnego przep\u0142ywu takich danych oraz uchylenia dyrektywy 95\/46\/WE (og\u00f3lne rozporz\u0105dzenie o ochronie danych) (\u201e<strong>RODO<\/strong>\u201d), przekazujemy Pani\/Panu poni\u017csz\u0105 informacj\u0119 o tym, w jaki spos\u00f3b przetwarzamy dane osobowe zleceniobiorc\u00f3w, a tak\u017ce o prawach zwi\u0105zanych z przetwarzaniem tych danych.\n                        <\/p>\n                    \n\n                \n\n                <\/div>\n                <figure class=\"wp-block-media-text__media\">\n                    <img loading=\"lazy\" decoding=\"async\" width=\"1920\" height=\"1920\"\n                        src=\"https:\/\/www.greenpeace.org\/static\/planet4-poland-stateless\/2018\/05\/1a077752-background_colour_v25_dee4ed.jpg\"\n                        alt=\"\"\n                        sizes=\"auto, (min-width: 601px) 50vw, 100vw\" srcset=\"https:\/\/www.greenpeace.org\/static\/planet4-poland-stateless\/2018\/05\/1a077752-background_colour_v25_dee4ed.jpg 1920w, https:\/\/www.greenpeace.org\/static\/planet4-poland-stateless\/2018\/05\/1a077752-background_colour_v25_dee4ed-150x150.jpg 150w, https:\/\/www.greenpeace.org\/static\/planet4-poland-stateless\/2018\/05\/1a077752-background_colour_v25_dee4ed-300x300.jpg 300w, https:\/\/www.greenpeace.org\/static\/planet4-poland-stateless\/2018\/05\/1a077752-background_colour_v25_dee4ed-768x768.jpg 768w, https:\/\/www.greenpeace.org\/static\/planet4-poland-stateless\/2018\/05\/1a077752-background_colour_v25_dee4ed-1024x1024.jpg 1024w, https:\/\/www.greenpeace.org\/static\/planet4-poland-stateless\/2018\/05\/1a077752-background_colour_v25_dee4ed-1366x1366.jpg 1366w, https:\/\/www.greenpeace.org\/static\/planet4-poland-stateless\/2018\/05\/1a077752-background_colour_v25_dee4ed-340x340.jpg 340w\" class=\"wp-image-180 size-full\"\n                    \/>\n                <\/figure>\n                <\/div>\n                \n                <\/div>\n                \n                <\/div>\n                \n                <p>                <span style=\"text-decoration: underline;\">ADMINISTRATOR DANYCH OSOBOWYCH<\/span><\/p>\n<p>Administratorem Pani\/Pana danych osobowych jest Fundacja Greenpeace Polska z siedzib\u0105 w\u00a0Warszawie (02-386), ul. Altowa 4 (\u201e<strong>Greenpeace<\/strong>\u201d), strona internetowa: <a href=\"http:\/\/www.greenpeace.org\/poland\/pl\/\">http:\/\/www.greenpeace.org\/poland\/pl\/<\/a><\/p>\n<p>Z Greenpeace mo\u017ce si\u0119 Pani\/Pan skontaktowa\u0107 w nast\u0119puj\u0105cy spos\u00f3b:<\/p>\n<ol>\n<li>adres e-mail: <a href=\"mailto:info.poland@greenpeace.org\">info.poland@greenpeace.org<\/a>;<\/li>\n<li>adres korespondencyjny: Altowa 4, 02-386 Warszawa;<\/li>\n<li>telefon kontaktowy: 22 851 26 42;<\/li>\n<\/ol>\n<p>W Greenpeace powo\u0142ali\u015bmy r\u00f3wnie\u017c Inspektora Ochrony Danych, z kt\u00f3rym mo\u017cna skontaktowa\u0107 si\u0119 w nast\u0119puj\u0105cy spos\u00f3b:<\/p>\n<ol>\n<li>adres e-mail<em>: <\/em><a href=\"mailto:ido.pl@greenpeace.org\">ido.pl@greenpeace.org<\/a>;<\/li>\n<li>lub na adres Fundacji.<\/li>\n<\/ol>\n<p><u>CELE I PODSTAWA PRZETWARZANIA DANYCH<\/u><\/p>\n<p>Greenpeace przetwarza nast\u0119puj\u0105ce kategorie Pani\/Pana danych osobowych:<\/p>\n<ol>\n<li>dane identyfikuj\u0105ce (np. imi\u0119, nazwisko, data urodzenia),<\/li>\n<li>dane kontaktowe (np. adres do korespondencji),<\/li>\n<li>dane dotycz\u0105ce wykszta\u0142cenia i przebiegu dotychczasowego zatrudnienia,<\/li>\n<\/ol>\n<p>Podanie danych jest dobrowolne, ale niezb\u0119dne do realizacji umowy z Greenpeace. Greenpeace mo\u017ce przetwarza\u0107 inne Pani\/Pana dane osobowe, w szczeg\u00f3lno\u015bci wizerunek, je\u017celi dobrowolnie zostan\u0105 przez Pani\u0105\/Pana przekazane do Greenpeace.<\/p>\n<p><strong>Greenpeace przetwarza Pani\/Pana dane osobowe w nast\u0119puj\u0105cych celach:<\/strong><\/p>\n<ol>\n<li>w celu przeprowadzenia rekrutacji (podstawa prawna: art. 6 ust. 1 lit. a)\u00a0RODO),<\/li>\n<li>je\u017celi wyrazi\u0142a Pani\/Pan zgod\u0119, w celu prowadzenia przez Greenpeace przysz\u0142ych rekrutacji (podstawa prawna: art. 6 ust. 1 lit. a) RODO);<\/li>\n<li>w celu dochodzenia i obrony ewentualnych roszcze\u0144 zwi\u0105zanych z procesem rekrutacji (podstawa prawna: art. 6 ust. 1 lit. f) RODO);<\/li>\n<li>wewn\u0119trznych cel\u00f3w administracyjnych Greenpeace, w tym zarz\u0105dzania personelem, statystyki i\u00a0raportowania wewn\u0119trznego Greenpeace (podstawa prawna: art. 6 ust. 1 lit. f) RODO);<\/li>\n<li>ci\u0105g\u0142ego i niezak\u0142\u00f3conego prowadzenia dzia\u0142alno\u015bci przez Greenpeace poprzez zapewnienie integralno\u015bci kopii zarchiwizowanych\/zapasowych\/awaryjnych (podstawa prawna: art. 6 ust. 1 lit f) RODO).<\/li>\n<\/ol>\n<p><u>ODBIORCY DANYCH OSOBOWYCH<\/u><\/p>\n<p>W zwi\u0105zku z przetwarzaniem danych w powy\u017cszych celach, Pani\/Pana dane osobowe mog\u0105 by\u0107 udost\u0119pniane:<\/p>\n<ol>\n<li>innym podmiotom Greenpeace;<\/li>\n<li>podmiotom, kt\u00f3re przetwarzaj\u0105 Pani\/Pana dane osobowe w imieniu Greenpeace na podstawie zawartej z Greenpeace umowy powierzenia przetwarzania danych osobowych (tzw. podmioty przetwarzaj\u0105ce);<\/li>\n<li>pracownikom Greenpeace.<\/li>\n<\/ol>\n<p>Greenpeace nie przekazuje Pani\/Pana danych poza Europejski Obszar Gospodarczy, ani do organizacji mi\u0119dzynarodowych.<\/p>\n<p><u>OKRES PRZECHOWYWANIA DANYCH <\/u><\/p>\n<p>Pani\/Pana dane osobowe b\u0119d\u0105 przetwarzane przez okres niezb\u0119dny do realizacji wskazanych w\u00a0pkt 2 cel\u00f3w przetwarzania, tj.:<\/p>\n<ol>\n<li>w zakresie realizacji procesu rekrutacji w zwi\u0105zku, z kt\u00f3rym Pani\/Pana dane osobowe s\u0105 przetwarzane, przez okres do czasu zako\u0144czenia realizacji procesu rekrutacji nieskutkuj\u0105cego zawarciem z Pani\u0105\/Panem umowy, a po tym czasie dla dochodzenia ewentualnych roszcze\u0144 \u2013 do up\u0142ywu okresu przedawnienia okre\u015blonego przepisami kodeksu cywilnego;<\/li>\n<li>w przypadku, gdy podstaw\u0105 przetwarzania jest wyra\u017cona przez Pani\u0105\/Pana zgoda na przetwarzanie danych, do czasu wycofania tej zgody;<\/li>\n<li>w zakresie realizacji prawnie uzasadnionych interes\u00f3w Greenpeace dla wewn\u0119trznych cel\u00f3w administracyjnych Greenpeace oraz ci\u0105g\u0142ego i niezak\u0142\u00f3conego prowadzenia dzia\u0142alno\u015bci przez Greenpeace, przez okres do czasu wype\u0142nienia prawnie uzasadnionych interes\u00f3w Greenpeace stanowi\u0105cych podstaw\u0119 tego przetwarzania lub do czasu wniesienia przez Pani\u0105\/Pana sprzeciwu wobec takiego przetwarzania;<\/li>\n<\/ol>\n<p><u>PRAWA ZWI\u0104ZANE Z PRZETWARZANIEM DANYCH<\/u><\/p>\n<p>W zwi\u0105zku z przetwarzaniem przez Greenpeace Pani\/Pana danych osobowych, przys\u0142uguje Pani\/Panu:<\/p>\n<ol>\n<li>prawo dost\u0119pu do tre\u015bci danych (art. 15 RODO)<\/li>\n<li>prawo do sprostowania danych (art. 16 RODO)<\/li>\n<li>prawo do usuni\u0119cia danych (art. 17 RODO)<\/li>\n<li>prawo do ograniczenia przetwarzania danych (art. 18 RODO)<\/li>\n<li>prawo do wniesienia sprzeciwu wobec przetwarzania danych (art. 21 RODO)<\/li>\n<li>prawo do przenoszenia danych (art. 20 RODO)<\/li>\n<li>prawo wycofania zgody (art. 7 ust. 3 RODO)<\/li>\n<\/ol>\n<p><u>SPOS\u00d3B REALIZACJI PRAW<\/u><\/p>\n<p>Jest Pani\/Pan uprawniona\/y do zg\u0142oszenia realizacji swoich praw, o kt\u00f3rych mowa w punkcie 5 w nast\u0119puj\u0105cy spos\u00f3b:<\/p>\n<ol>\n<li>pisemnie na adres: Altowa 4, 02-386 Warszawa;<\/li>\n<li>mailowo na adres: <a href=\"mailto:info.poland@greenpeace.org\">info.poland@greenpeace.org<\/a>;<\/li>\n<li>telefonicznie pod numerem telefonu: 22 851 26 42;<\/li>\n<\/ol>\n<p><u>SKARGA DO ORGANU NADZORCZEGO<\/u><\/p>\n<p>W przypadkach uznania, i\u017c przetwarzanie przez Greenpeace Pani\/Pana danych osobowych narusza przepisy RODO, przys\u0142uguje Pani\/Panu prawo do wniesienia skargi do organu nadzorczego, tj. Prezesa Urz\u0119du Ochrony Danych Osobowych.<\/p>\n<p><u>ZAUTOMATYZOWANE PRZETWARZANIE DANYCH<\/u><\/p>\n<p>Greenpeace nie podejmuje wobec Pani\/Pana decyzji w spos\u00f3b wy\u0142\u0105cznie zautomatyzowany, w szczeg\u00f3lno\u015bci w oparciu o profilowanie.<\/p>\n","protected":false},"excerpt":{"rendered":"<p>ADMINISTRATOR DANYCH OSOBOWYCH Administratorem Pani\/Pana danych osobowych jest Fundacja Greenpeace Polska z siedzib\u0105 w\u00a0Warszawie (02-386), ul. Altowa 4 (\u201eGreenpeace\u201d), strona internetowa: http:\/\/www.greenpeace.org\/poland\/pl\/ Z Greenpeace mo\u017ce si\u0119 Pani\/Pan skontaktowa\u0107 w nast\u0119puj\u0105cy spos\u00f3b: adres e-mail: info.poland@greenpeace.org; adres korespondencyjny: Altowa 4, 02-386 Warszawa; telefon kontaktowy: 22 851 26 42; W Greenpeace powo\u0142ali\u015bmy r\u00f3wnie\u017c Inspektora Ochrony Danych, z kt\u00f3rym [&hellip;]<\/p>\n","protected":false},"author":25,"featured_media":0,"parent":0,"menu_order":0,"comment_status":"closed","ping_status":"closed","template":"","meta":{"ep_exclude_from_search":false,"p4_hide_page_title_checkbox":"on","p4_title":"","p4_subtitle":"","p4_description":"","background_image_id":"","background_image":"","p4_button_title":"","p4_button_link":"","p4_button_link_checkbox":"","p4_og_title":"","p4_og_description":"","p4_og_image":"","p4_og_image_id":"","p4_seo_canonical_url":"","p4_campaign_name":"not set","p4_local_project":"","p4_basket_name":"not set","p4_department":"","footnotes":""},"categories":[],"tags":[],"class_list":["post-3457","page","type-page","status-publish","hentry"],"_links":{"self":[{"href":"https:\/\/www.greenpeace.org\/poland\/wp-json\/wp\/v2\/pages\/3457","targetHints":{"allow":["GET"]}}],"collection":[{"href":"https:\/\/www.greenpeace.org\/poland\/wp-json\/wp\/v2\/pages"}],"about":[{"href":"https:\/\/www.greenpeace.org\/poland\/wp-json\/wp\/v2\/types\/page"}],"author":[{"embeddable":true,"href":"https:\/\/www.greenpeace.org\/poland\/wp-json\/wp\/v2\/users\/25"}],"replies":[{"embeddable":true,"href":"https:\/\/www.greenpeace.org\/poland\/wp-json\/wp\/v2\/comments?post=3457"}],"version-history":[{"count":8,"href":"https:\/\/www.greenpeace.org\/poland\/wp-json\/wp\/v2\/pages\/3457\/revisions"}],"predecessor-version":[{"id":36972,"href":"https:\/\/www.greenpeace.org\/poland\/wp-json\/wp\/v2\/pages\/3457\/revisions\/36972"}],"wp:attachment":[{"href":"https:\/\/www.greenpeace.org\/poland\/wp-json\/wp\/v2\/media?parent=3457"}],"wp:term":[{"taxonomy":"category","embeddable":true,"href":"https:\/\/www.greenpeace.org\/poland\/wp-json\/wp\/v2\/categories?post=3457"},{"taxonomy":"post_tag","embeddable":true,"href":"https:\/\/www.greenpeace.org\/poland\/wp-json\/wp\/v2\/tags?post=3457"}],"curies":[{"name":"wp","href":"https:\/\/api.w.org\/{rel}","templated":true}]}}