{"id":34577,"date":"2024-05-22T20:30:20","date_gmt":"2024-05-22T18:30:20","guid":{"rendered":"https:\/\/www.greenpeace.org\/poland\/?page_id=34577"},"modified":"2025-07-22T16:21:10","modified_gmt":"2025-07-22T14:21:10","slug":"przewodnik-karpaty","status":"publish","type":"page","link":"https:\/\/www.greenpeace.org\/poland\/przewodnik-karpaty\/","title":{"rendered":"Ruszaj w Karpaty z Greenpeace!"},"content":{"rendered":"\n\n<div class=\"wp-block-group alignfull is-layout-flow wp-block-group-is-layout-flow\">\n<div class=\"wp-block-group container is-layout-flow wp-block-group-is-layout-flow\">\n<div class=\"wp-block-media-text alignfull has-media-on-the-right is-stacked-on-mobile is-pattern-p4-page-header is-style-parallax\"><div class=\"wp-block-media-text__content\">\n<div class=\"wp-block-group is-layout-flow wp-block-group-is-layout-flow\">\n<h1 class=\"wp-block-heading has-white-background-color has-background\">Wyrusz w Karpaty z przewodnikiem Greenpeace<\/h1>\n<\/div>\n\n\n\n<p style=\"font-size:1.25rem\">Przygotowali\u015bmy dla Ciebie przewodnik po karpackich lasach. Trasy wybra\u0142 i zaplanowa\u0142 \u0141ukasz Supergan &#8211; podr\u00f3\u017cnik, autor ksi\u0105\u017cek i aktywista ekologiczny. Karpaty zna jak w\u0142asn\u0105 kiesze\u0144 &#8211; przeszed\u0142 je ca\u0142e dwukrotnie!<\/p>\n\n\n\n<div class=\"wp-block-buttons is-layout-flex wp-block-buttons-is-layout-flex\"><\/div>\n<\/div><figure class=\"wp-block-media-text__media\"><img loading=\"lazy\" decoding=\"async\" width=\"1024\" height=\"597\" src=\"https:\/\/www.greenpeace.org\/static\/planet4-poland-stateless\/2024\/05\/f669f7b8-karpaty-przewodnik-mockup-1-1024x597.jpg\" alt=\"\" sizes=\"auto, (min-width: 601px) 50vw, 100vw\" srcset=\"https:\/\/www.greenpeace.org\/static\/planet4-poland-stateless\/2024\/05\/f669f7b8-karpaty-przewodnik-mockup-1.jpg 1200w, https:\/\/www.greenpeace.org\/static\/planet4-poland-stateless\/2024\/05\/f669f7b8-karpaty-przewodnik-mockup-1-500x292.jpg 500w, https:\/\/www.greenpeace.org\/static\/planet4-poland-stateless\/2024\/05\/f669f7b8-karpaty-przewodnik-mockup-1-1024x597.jpg 1024w, https:\/\/www.greenpeace.org\/static\/planet4-poland-stateless\/2024\/05\/f669f7b8-karpaty-przewodnik-mockup-1-768x448.jpg 768w, https:\/\/www.greenpeace.org\/static\/planet4-poland-stateless\/2024\/05\/f669f7b8-karpaty-przewodnik-mockup-1-510x298.jpg 510w\" class=\"wp-image-34614 size-full\"\/><\/figure><\/div>\n<\/div>\n<\/div>\n\n\n<div class=\"wp-block-columns alignfull are-vertically-aligned-center is-style-mobile-carousel has-beige-100-background-color has-background is-layout-flex wp-container-core-columns-is-layout-9d6595d7 wp-block-columns-is-layout-flex\">\n<div class=\"wp-block-column is-vertically-aligned-center is-layout-flow wp-block-column-is-layout-flow\">\n<figure class=\"wp-block-image alignright size-large is-resized\"><img loading=\"lazy\" decoding=\"async\" width=\"683\" height=\"1024\" src=\"https:\/\/www.greenpeace.org\/static\/planet4-poland-stateless\/2024\/05\/0f32e99f-gp0stwhbl_medium-res-1200px-683x1024.jpg\" alt=\"\" class=\"wp-image-34626\" style=\"width:336px\" srcset=\"https:\/\/www.greenpeace.org\/static\/planet4-poland-stateless\/2024\/05\/0f32e99f-gp0stwhbl_medium-res-1200px-683x1024.jpg 683w, https:\/\/www.greenpeace.org\/static\/planet4-poland-stateless\/2024\/05\/0f32e99f-gp0stwhbl_medium-res-1200px-333x500.jpg 333w, https:\/\/www.greenpeace.org\/static\/planet4-poland-stateless\/2024\/05\/0f32e99f-gp0stwhbl_medium-res-1200px-768x1152.jpg 768w, https:\/\/www.greenpeace.org\/static\/planet4-poland-stateless\/2024\/05\/0f32e99f-gp0stwhbl_medium-res-1200px-227x340.jpg 227w, https:\/\/www.greenpeace.org\/static\/planet4-poland-stateless\/2024\/05\/0f32e99f-gp0stwhbl_medium-res-1200px.jpg 800w\" sizes=\"auto, (max-width: 683px) 100vw, 683px\" \/><\/figure>\n<\/div>\n\n\n\n<div class=\"wp-block-column is-vertically-aligned-center is-layout-flow wp-block-column-is-layout-flow\">\n<h4 class=\"wp-block-heading\">Wyrusz w podr\u00f3\u017c z Greenpeace i poznaj karpackie lasy, dop\u00f3ki nie jest za p\u00f3\u017ano.<\/h4>\n\n\n\n<p>Przewodnik obejmuje obszary mi\u0119dzy Beskidem \u017bywieckim a Bieszczadami. W ka\u017cdym regionie zaplanowali\u015bmy dla Ciebie w\u0119dr\u00f3wk\u0119, a w niekt\u00f3rych nawet dwie! W sumie czeka na Ciebie <strong>a\u017c dziesi\u0119\u0107 wycieczek<\/strong> z opisami tras i ciekawymi informacjami o okolicy.<\/p>\n\n\n\n<p>Najkr\u00f3tsza trwa nieco ponad dwie godziny, najd\u0142u\u017csza&nbsp;\u2013 oko\u0142o siedmiu godzin. Mo\u017cesz wi\u0119c sp\u0119dzi\u0107 z nami w g\u00f3rach tyle czasu, na ile masz ochot\u0119 i si\u0142y.<\/p>\n<\/div>\n\n\n\n<div class=\"wp-block-column is-vertically-aligned-center is-layout-flow wp-block-column-is-layout-flow\">\n<h4 class=\"wp-block-heading\">Zostaw nam sw\u00f3j email, a wy\u015blemy Ci PDF z przewodnikiem &#8211; przystosowanym <span style=\"text-decoration: underline;\">do wygodnego czytania na telefonie<\/span>!<\/h4>\n\n\n\n<script charset=\"utf-8\" type=\"text\/javascript\" src=\"\/\/js-eu1.hsforms.net\/forms\/embed\/v2.js\"><\/script>\n<script>\n  hbspt.forms.create({\n    region: \"eu1\",\n    portalId: \"25392534\",\n    formId: \"9ea0daa5-c775-4cfa-8d29-df5c8d2a873a\"\n  });\n<\/script>\n<\/div>\n\n\n\n<div class=\"wp-block-column is-vertically-aligned-center is-layout-flow wp-block-column-is-layout-flow\">\n<figure class=\"wp-block-image alignleft size-large is-resized\"><img loading=\"lazy\" decoding=\"async\" width=\"683\" height=\"1024\" src=\"https:\/\/www.greenpeace.org\/static\/planet4-poland-stateless\/2023\/06\/4f4164be-52976239161_347c912ba5_k-683x1024.jpg\" alt=\"\" class=\"wp-image-33272\" style=\"width:336px;height:auto\" srcset=\"https:\/\/www.greenpeace.org\/static\/planet4-poland-stateless\/2023\/06\/4f4164be-52976239161_347c912ba5_k-683x1024.jpg 683w, https:\/\/www.greenpeace.org\/static\/planet4-poland-stateless\/2023\/06\/4f4164be-52976239161_347c912ba5_k-333x500.jpg 333w, https:\/\/www.greenpeace.org\/static\/planet4-poland-stateless\/2023\/06\/4f4164be-52976239161_347c912ba5_k-768x1152.jpg 768w, https:\/\/www.greenpeace.org\/static\/planet4-poland-stateless\/2023\/06\/4f4164be-52976239161_347c912ba5_k-1024x1536.jpg 1024w, https:\/\/www.greenpeace.org\/static\/planet4-poland-stateless\/2023\/06\/4f4164be-52976239161_347c912ba5_k-911x1366.jpg 911w, https:\/\/www.greenpeace.org\/static\/planet4-poland-stateless\/2023\/06\/4f4164be-52976239161_347c912ba5_k-227x340.jpg 227w, https:\/\/www.greenpeace.org\/static\/planet4-poland-stateless\/2023\/06\/4f4164be-52976239161_347c912ba5_k.jpg 1365w\" sizes=\"auto, (max-width: 683px) 100vw, 683px\" \/><figcaption><div class=\"credit icon-left\"> \u00a9 Max Zieli\u0144ski \/ Greenpeace<\/div><\/figcaption><\/figure>\n<\/div>\n<\/div>\n\n<p><\/p>\n\n<h3 class=\"wp-block-heading\">Co czeka Ci\u0119 w Karpatach?<\/h3>\n\n<p>Przed Tob\u0105 niezapomniane spotkania na szlaku \u2014 z salamandr\u0105, orlikiem krzykliwym, a mo\u017ce nawet wilkiem? Wejdziesz na kilka szczyt\u00f3w, ale tak naprawd\u0119, to zdecydowanie nie o \u201ezdobywanie\u201d szczyt\u00f3w tu chodzi. Chcemy pokaza\u0107 Ci pi\u0119kno i dziko\u015b\u0107 karpackich las\u00f3w. Poznasz mniej ucz\u0119szczane trasy, przez sam \u015brodek las\u00f3w zagro\u017conych zniszczeniem i wycinkami drzew. Na w\u0142asne oczy zobaczysz, jak dewastowane s\u0105 karpackie lasy. <\/p>\n\n<h3 class=\"wp-block-heading\">Prze\u017cyj przygod\u0119, ochro\u0144 przyrod\u0119!<\/h3>\n\n<p>W Karpatach znajduje si\u0119 sze\u015b\u0107 park\u00f3w narodowych. Jednak na ka\u017cdym kroku wida\u0107, \u017ce jest tam o wiele wi\u0119cej przyrody, kt\u00f3ra zas\u0142uguje na skuteczn\u0105 ochron\u0119 przed wycinkami, budow\u0105 nowych dr\u00f3g i antropopresj\u0105. Wed\u0142ug deklaracji politycznych 20% powierzchni polskich las\u00f3w ma zosta\u0107 wy\u0142\u0105czone z wycinek. Dzi\u015b jest to zaledwie kilka procent. <strong>Wiele z teren\u00f3w czekaj\u0105cych na ochron\u0119, znajduje si\u0119 w\u0142a\u015bnie w Karpatach.<\/strong> Rosn\u0105 tam stare lasy, kt\u00f3re s\u0105 domem dla setek gatunk\u00f3w ro\u015blin i zwierz\u0105t. Karpaty to dla nas tarcza, chroni\u0105c\u0105 nas przed skutkami zmian klimatycznych. Niestety stare lasy znikaj\u0105 na naszych oczach.<\/p>\n\n<p>Prawo powinno w ko\u0144cu zapewni\u0107 przyrodzie odpowiedni\u0105 ochron\u0119. Po zapowiedziach czasowych ogranicze\u0144 wycinek na zdecydowanie zbyt ma\u0142ych obszarach czekamy na konkrety!<\/p>\n\n<figure class=\"wp-block-image aligncenter size-large\"><img loading=\"lazy\" decoding=\"async\" width=\"1024\" height=\"683\" src=\"https:\/\/www.greenpeace.org\/static\/planet4-poland-stateless\/2024\/05\/aed747cc-52988695465_d2e94c7933_o-1024x683.jpg\" alt=\"\" class=\"wp-image-34589\" srcset=\"https:\/\/www.greenpeace.org\/static\/planet4-poland-stateless\/2024\/05\/aed747cc-52988695465_d2e94c7933_o-1024x683.jpg 1024w, https:\/\/www.greenpeace.org\/static\/planet4-poland-stateless\/2024\/05\/aed747cc-52988695465_d2e94c7933_o-500x333.jpg 500w, https:\/\/www.greenpeace.org\/static\/planet4-poland-stateless\/2024\/05\/aed747cc-52988695465_d2e94c7933_o-768x512.jpg 768w, https:\/\/www.greenpeace.org\/static\/planet4-poland-stateless\/2024\/05\/aed747cc-52988695465_d2e94c7933_o-1536x1024.jpg 1536w, https:\/\/www.greenpeace.org\/static\/planet4-poland-stateless\/2024\/05\/aed747cc-52988695465_d2e94c7933_o-2048x1366.jpg 2048w, https:\/\/www.greenpeace.org\/static\/planet4-poland-stateless\/2024\/05\/aed747cc-52988695465_d2e94c7933_o-510x340.jpg 510w\" sizes=\"auto, (max-width: 1024px) 100vw, 1024px\" \/><\/figure>\n\n\n<div class=\"wp-block-group alignfull is-layout-flow wp-block-group-is-layout-flow\">\n<div class=\"wp-block-group container is-layout-flow wp-block-group-is-layout-flow\"><\/div>\n<\/div>\n\n","protected":false},"excerpt":{"rendered":"<p>Poznaj dzikie lasy polskich Karpat z przewodnikiem Greenpeace. Znajdziesz w nim kilkana\u015bcie tras przygotowanych przez podr\u00f3\u017cnika \u0141ukasz Supergana.<\/p>\n","protected":false},"author":25,"featured_media":34581,"parent":0,"menu_order":0,"comment_status":"closed","ping_status":"closed","template":"","meta":{"ep_exclude_from_search":false,"p4_hide_page_title_checkbox":"on","p4_title":"","p4_subtitle":"","p4_description":"","background_image_id":"","background_image":"","p4_button_title":"","p4_button_link":"","p4_button_link_checkbox":"","p4_og_title":"Karpaty - zwiedzaj i chro\u0144. Przewodnik Greenpeace","p4_og_description":"Poznaj dzikie lasy polskich Karpat z przewodnikiem Greenpeace.","p4_og_image":"https:\/\/www.greenpeace.org\/static\/planet4-poland-stateless\/2024\/05\/7f1a5fcd-przewodnik-page-preview.png","p4_og_image_id":"34581","p4_seo_canonical_url":"","p4_campaign_name":"not set","p4_local_project":"not set","p4_basket_name":"not set","p4_department":"","footnotes":""},"categories":[3],"tags":[19,26,107],"class_list":["post-34577","page","type-page","status-publish","has-post-thumbnail","hentry","category-przyroda","tag-lasy","tag-ochrona-przyrody","tag-karpaty"],"_links":{"self":[{"href":"https:\/\/www.greenpeace.org\/poland\/wp-json\/wp\/v2\/pages\/34577","targetHints":{"allow":["GET"]}}],"collection":[{"href":"https:\/\/www.greenpeace.org\/poland\/wp-json\/wp\/v2\/pages"}],"about":[{"href":"https:\/\/www.greenpeace.org\/poland\/wp-json\/wp\/v2\/types\/page"}],"author":[{"embeddable":true,"href":"https:\/\/www.greenpeace.org\/poland\/wp-json\/wp\/v2\/users\/25"}],"replies":[{"embeddable":true,"href":"https:\/\/www.greenpeace.org\/poland\/wp-json\/wp\/v2\/comments?post=34577"}],"version-history":[{"count":20,"href":"https:\/\/www.greenpeace.org\/poland\/wp-json\/wp\/v2\/pages\/34577\/revisions"}],"predecessor-version":[{"id":37508,"href":"https:\/\/www.greenpeace.org\/poland\/wp-json\/wp\/v2\/pages\/34577\/revisions\/37508"}],"wp:featuredmedia":[{"embeddable":true,"href":"https:\/\/www.greenpeace.org\/poland\/wp-json\/wp\/v2\/media\/34581"}],"wp:attachment":[{"href":"https:\/\/www.greenpeace.org\/poland\/wp-json\/wp\/v2\/media?parent=34577"}],"wp:term":[{"taxonomy":"category","embeddable":true,"href":"https:\/\/www.greenpeace.org\/poland\/wp-json\/wp\/v2\/categories?post=34577"},{"taxonomy":"post_tag","embeddable":true,"href":"https:\/\/www.greenpeace.org\/poland\/wp-json\/wp\/v2\/tags?post=34577"}],"curies":[{"name":"wp","href":"https:\/\/api.w.org\/{rel}","templated":true}]}}