{"id":3464,"date":"2019-08-13T00:37:11","date_gmt":"2019-08-12T22:37:11","guid":{"rendered":"https:\/\/www.greenpeace.org\/poland\/?page_id=3464"},"modified":"2025-06-23T16:42:14","modified_gmt":"2025-06-23T14:42:14","slug":"klauzula-informacyjna-newsletter","status":"publish","type":"page","link":"https:\/\/www.greenpeace.org\/poland\/klauzula-informacyjna-newsletter\/","title":{"rendered":"Klauzula informacyjna &#8211; newsletter"},"content":{"rendered":"\n                \n                <div class=\"wp-block-group alignfull is-layout-flow wp-block-group-is-layout-flow\">\n                \n                <div class=\"wp-block-group container is-layout-flow wp-block-group-is-layout-flow\">\n                \n                <div class=\"wp-block-media-text alignfull has-media-on-the-right is-stacked-on-mobile is-pattern-p4-page-header is-style-parallax\">\n\n                <div class=\"wp-block-media-text__content\">\n                    <div class=\"wp-block-group is-layout-flow wp-block-group-is-layout-flow\">\n                    \n                        <h1 class=\"wp-block-heading has-white-background-color has-background\">\n                            Klauzula informacyjna\n                        <\/h1>\n                    <\/div>\n                \n\n                \n                        <p style=\"font-size:1.25rem\">\n                            W zwi\u0105zku z rozpocz\u0119ciem stosowania z dniem 25 maja 2018 r. Rozporz\u0105dzenia Parlamentu Europejskiego i\u00a0Rady (UE) 2016\/679 z dnia 27 kwietnia 2016 r. w sprawie ochrony os\u00f3b fizycznych w\u00a0zwi\u0105zku z\u00a0przetwarzaniem danych osobowych i w sprawie swobodnego przep\u0142ywu takich danych oraz uchylenia dyrektywy 95\/46\/WE (og\u00f3lne rozporz\u0105dzenie o ochronie danych) (\u201e<strong>RODO<\/strong>\u201d), przekazujemy Pani\/Panu poni\u017csz\u0105 informacj\u0119 o tym, w jaki spos\u00f3b przetwarzamy dane osobowe u\u017cytkownik\u00f3w i u\u017cytkowniczek korzystaj\u0105cych z us\u0142ugi Newslettera, a tak\u017ce o prawach zwi\u0105zanych z przetwarzaniem tych danych.\n                        <\/p>\n                    \n\n                \n\n                <\/div>\n                <figure class=\"wp-block-media-text__media\">\n                    <img loading=\"lazy\" decoding=\"async\" width=\"1920\" height=\"1920\"\n                        src=\"https:\/\/www.greenpeace.org\/static\/planet4-poland-stateless\/2018\/05\/9ecd56d5-background_colour_v12_e5f1d2.jpg\"\n                        alt=\"\"\n                        sizes=\"auto, (min-width: 601px) 50vw, 100vw\" srcset=\"https:\/\/www.greenpeace.org\/static\/planet4-poland-stateless\/2018\/05\/9ecd56d5-background_colour_v12_e5f1d2.jpg 1920w, https:\/\/www.greenpeace.org\/static\/planet4-poland-stateless\/2018\/05\/9ecd56d5-background_colour_v12_e5f1d2-150x150.jpg 150w, https:\/\/www.greenpeace.org\/static\/planet4-poland-stateless\/2018\/05\/9ecd56d5-background_colour_v12_e5f1d2-300x300.jpg 300w, https:\/\/www.greenpeace.org\/static\/planet4-poland-stateless\/2018\/05\/9ecd56d5-background_colour_v12_e5f1d2-768x768.jpg 768w, https:\/\/www.greenpeace.org\/static\/planet4-poland-stateless\/2018\/05\/9ecd56d5-background_colour_v12_e5f1d2-1024x1024.jpg 1024w, https:\/\/www.greenpeace.org\/static\/planet4-poland-stateless\/2018\/05\/9ecd56d5-background_colour_v12_e5f1d2-1366x1366.jpg 1366w, https:\/\/www.greenpeace.org\/static\/planet4-poland-stateless\/2018\/05\/9ecd56d5-background_colour_v12_e5f1d2-340x340.jpg 340w\" class=\"wp-image-167 size-full\"\n                    \/>\n                <\/figure>\n                <\/div>\n                \n                <\/div>\n                \n                <\/div>\n                \n                <p>                1. Administratorem danych osobowych subskrybent\u00f3w Newslettera jest Fundacja Greenpeace Polska z siedzib\u0105 w Warszawie (02-386), ul. Altowa 4, (dalej: \u201eFundacja\u201d lub \u201eAdministrator\u201d), telefon: 22 851 26 42, e-mail: <a href=\"mailto:info.poland@greenpeace.org\">info.poland@greenpeace.org<\/a><\/p>\n<p>2. Fundacja powo\u0142a\u0142a inspektora ochrony danych, z kt\u00f3rym mo\u017cna si\u0119 skontaktowa\u0107 poprzez email <a href=\"mailto:ido.pl@greenpeace.org\">ido.pl@greenpeace.org<\/a> lub pisemnie na adres siedziby Fundacji.<\/p>\n<p>3. Administrator przetwarza dane osobowe subskrybent\u00f3w Newslettera w nast\u0119puj\u0105cych celach:<\/p>\n<ul>\n<li>realizacji zam\u00f3wionej us\u0142ugi Newslettera, \u015bwiadczonej drog\u0105 elektroniczn\u0105 na podstawie regulaminu dost\u0119pnego &lt;<u>tutaj<\/u>&gt; . Dane te s\u0105 przetwarzane zgodnie z art. 6 ust. 1 lit. b RODO w celu realizacji us\u0142ugi Newslettera. Administrator b\u0119dzie przetwarza\u0142 dane osobowe w tym celu do czasu rezygnacji przez subskrybenta z us\u0142ugi Newslettera;<\/li>\n<li>rozpatrywania reklamacji. Dane te s\u0105 przetwarzane zgodnie z art. 6 ust. 1 lit. b RODO w celu realizacji us\u0142ugi Newslettera, tj. umowy o \u015bwiadczenie us\u0142ug drog\u0105 elektroniczn\u0105, zgodnie z regulaminem, i s\u0105 przetwarzane przez czas niezb\u0119dny do rozpatrzenia reklamacji oraz nie d\u0142u\u017cej ni\u017c przez rok po zako\u0144czeniu post\u0119powania reklamacyjnego w celach archiwizacyjnych zgodnie z ustaw\u0105 o rachunkowo\u015bci w razie konieczno\u015bci obrony przed ewentualnymi roszczeniami wobec us\u0142ugodawcy;<\/li>\n<li>w celu dochodzenia i obrony przed ewentualnymi roszczeniami. Administrator mo\u017ce przetwarza\u0107 dane osobowe subskrybent\u00f3w do czasu zako\u0144czenia tocz\u0105cego si\u0119 post\u0119powania oraz do up\u0142ywu terminu przedawnienia roszcze\u0144 administratora wzgl\u0119dem subskrybenta, kt\u00f3ry zazwyczaj wynosi 3 lata, lecz w szczeg\u00f3lnych przypadkach przewidzianych prawem mo\u017ce by\u0107 d\u0142u\u017cszy. Dane te b\u0119d\u0105 w\u00f3wczas przetwarzane, w tym udost\u0119pniane zgodnie z art. 6 ust. 1 lit. f RODO, tj. w prawnie uzasadnionym interesie administratora polegaj\u0105cym na dochodzeniu swoich roszcze\u0144 wzgl\u0119dem u\u017cytkownika oraz obron\u0105 przed roszczeniami. Prawnie uzasadniony interes administratora b\u0119dzie w\u00f3wczas celem nadrz\u0119dnym wobec praw i wolno\u015bci subskrybenta.<\/li>\n<\/ul>\n<p>4. Dost\u0119p do danych osobowych (tylko w niezb\u0119dnym zakresie) b\u0119d\u0105 mie\u0107 wy\u0142\u0105cznie upowa\u017cnieni pracownicy Fundacji, podmioty, kt\u00f3rym Fundacja powierzy\u0142a przetwarzanie danych osobowych na podstawie zawartych um\u00f3w, podmioty \u015bwiadcz\u0105ce us\u0142ugi doradczo-kontrolne, podmioty przetwarzaj\u0105ce dane w celu prowadzenia zast\u0119pstwa procesowego, oraz podmioty wchodz\u0105ce w sk\u0142ad struktur organizacyjnych Fundacji, poza granicami Polski &#8211; jedynie w celach i w zakresie niezb\u0119dnym do realizacji przez Fundacj\u0119 cel\u00f3w.<\/p>\n<p>5. . Dane osobowe b\u0119d\u0105 przekazywane do odbiorc\u00f3w znajduj\u0105cych si\u0119 w pa\u0144stwach poza Europejskim Obszarem Gospodarczym (operatorzy systemu obs\u0142uguj\u0105cy poczt\u0119 email Administratora &#8211; Kanada i USA). Przetwarzaj\u0105c dane osobowe, korzystamy r\u00f3wnie\u017c z narz\u0119dzi analitycznych, takich jak Facebook Analytics i Google Analytics, co mo\u017ce wi\u0105za\u0107 si\u0119 z przekazaniem Twoich danych do pa\u0144stwa spoza Europejskiego Obszaru Gospodarczego (USA). Dane przekazywane poza Europejski Obszar Gospodarczy do pa\u0144stw, w stosunku do kt\u00f3rych Komisja nie stwierdzi\u0142a odpowiedniego stopnia ochrony danych osobowych, s\u0105 przekazywane na podstawie standardowych klauzul ochrony danych przyj\u0119tych przez organ nadzoru i zatwierdzonych przez Komisj\u0119. Podmioty, do kt\u00f3rych przesy\u0142amy dane osobowe gwarantuj\u0105 odpowiednie ich zabezpieczenie. Masz mo\u017cliwo\u015b\u0107 uzyskania kopii tych danych.<\/p>\n<p>6. Ka\u017cda osoba, kt\u00f3rej dane dotycz\u0105, ma prawo:<\/p>\n<p>1)\u00a0\u00a0\u00a0\u00a0\u00a0\u00a0\u00a0 dost\u0119pu (art. 15 RODO);<\/p>\n<p>2)\u00a0\u00a0\u00a0\u00a0\u00a0\u00a0\u00a0 do otrzymania kopii danych (art. 15 ust. 3 RODO);<\/p>\n<p>3)\u00a0\u00a0\u00a0\u00a0\u00a0\u00a0\u00a0 do sprostowania (art. 16 RODO);<\/p>\n<p>4)\u00a0\u00a0\u00a0\u00a0\u00a0\u00a0\u00a0 do usuni\u0119cia danych (art. 17 RODO);<\/p>\n<p>5)\u00a0\u00a0\u00a0\u00a0\u00a0\u00a0\u00a0 do ograniczenia przetwarzania (art. 18 RODO)<\/p>\n<p>6)\u00a0\u00a0\u00a0\u00a0\u00a0\u00a0\u00a0 do przenoszenia danych (art. 20 RODO);<\/p>\n<p>7)\u00a0\u00a0\u00a0\u00a0\u00a0\u00a0\u00a0 do sprzeciwu (art. 21 RODO),<\/p>\n<p>w przypadkach przewidzianych prawem.<\/p>\n<p>7. Osoba, kt\u00f3rej dane dotycz\u0105, ma prawo wnie\u015b\u0107 skarg\u0119 do organu nadzoru, kt\u00f3rym w Polsce jest Prezes Urz\u0119du Ochrony Danych Osobowych.<\/p>\n<p>8. Podanie danych jest dobrowolne, ale niezb\u0119dne do skorzystania z us\u0142ugi Newslettera.<\/p>\n<p>9. Reklamacje dotycz\u0105ce us\u0142ugi newslettera prosimy sk\u0142ada\u0107 na adres: <a href=\"mailto:info.poland@greenpeace.org\">info.poland@greenpeace.org<\/a><\/p>\n","protected":false},"excerpt":{"rendered":"<p>1. Administratorem danych osobowych subskrybent\u00f3w Newslettera jest Fundacja Greenpeace Polska z siedzib\u0105 w Warszawie (02-386), ul. Altowa 4, (dalej: \u201eFundacja\u201d lub \u201eAdministrator\u201d), telefon: 22 851 26 42, e-mail: info.poland@greenpeace.org 2. Fundacja powo\u0142a\u0142a inspektora ochrony danych, z kt\u00f3rym mo\u017cna si\u0119 skontaktowa\u0107 poprzez email ido.pl@greenpeace.org lub pisemnie na adres siedziby Fundacji. 3. Administrator przetwarza dane osobowe subskrybent\u00f3w [&hellip;]<\/p>\n","protected":false},"author":25,"featured_media":0,"parent":0,"menu_order":0,"comment_status":"closed","ping_status":"closed","template":"","meta":{"ep_exclude_from_search":false,"p4_hide_page_title_checkbox":"on","p4_title":"","p4_subtitle":"","p4_description":"","background_image_id":"","background_image":"","p4_button_title":"","p4_button_link":"","p4_button_link_checkbox":"","p4_og_title":"","p4_og_description":"","p4_og_image":"","p4_og_image_id":"","p4_seo_canonical_url":"","p4_campaign_name":"not set","p4_local_project":"","p4_basket_name":"not set","p4_department":"","footnotes":""},"categories":[],"tags":[],"class_list":["post-3464","page","type-page","status-publish","hentry"],"_links":{"self":[{"href":"https:\/\/www.greenpeace.org\/poland\/wp-json\/wp\/v2\/pages\/3464","targetHints":{"allow":["GET"]}}],"collection":[{"href":"https:\/\/www.greenpeace.org\/poland\/wp-json\/wp\/v2\/pages"}],"about":[{"href":"https:\/\/www.greenpeace.org\/poland\/wp-json\/wp\/v2\/types\/page"}],"author":[{"embeddable":true,"href":"https:\/\/www.greenpeace.org\/poland\/wp-json\/wp\/v2\/users\/25"}],"replies":[{"embeddable":true,"href":"https:\/\/www.greenpeace.org\/poland\/wp-json\/wp\/v2\/comments?post=3464"}],"version-history":[{"count":5,"href":"https:\/\/www.greenpeace.org\/poland\/wp-json\/wp\/v2\/pages\/3464\/revisions"}],"predecessor-version":[{"id":36970,"href":"https:\/\/www.greenpeace.org\/poland\/wp-json\/wp\/v2\/pages\/3464\/revisions\/36970"}],"wp:attachment":[{"href":"https:\/\/www.greenpeace.org\/poland\/wp-json\/wp\/v2\/media?parent=3464"}],"wp:term":[{"taxonomy":"category","embeddable":true,"href":"https:\/\/www.greenpeace.org\/poland\/wp-json\/wp\/v2\/categories?post=3464"},{"taxonomy":"post_tag","embeddable":true,"href":"https:\/\/www.greenpeace.org\/poland\/wp-json\/wp\/v2\/tags?post=3464"}],"curies":[{"name":"wp","href":"https:\/\/api.w.org\/{rel}","templated":true}]}}