{"id":3497,"date":"2019-08-21T12:24:52","date_gmt":"2019-08-21T10:24:52","guid":{"rendered":"https:\/\/master.k8s.p4.greenpeace.org\/poland\/?page_id=3497"},"modified":"2025-06-23T16:42:14","modified_gmt":"2025-06-23T14:42:14","slug":"klauzula-informacyjna-konto","status":"publish","type":"page","link":"https:\/\/www.greenpeace.org\/poland\/klauzula-informacyjna-konto\/","title":{"rendered":"Klauzula informacyjna &#8211; darowizny na konto"},"content":{"rendered":"\n                \n                <div class=\"wp-block-group alignfull is-layout-flow wp-block-group-is-layout-flow\">\n                \n                <div class=\"wp-block-group container is-layout-flow wp-block-group-is-layout-flow\">\n                \n                <div class=\"wp-block-media-text alignfull has-media-on-the-right is-stacked-on-mobile is-pattern-p4-page-header is-style-parallax\">\n\n                <div class=\"wp-block-media-text__content\">\n                    <div class=\"wp-block-group is-layout-flow wp-block-group-is-layout-flow\">\n                    \n                        <h1 class=\"wp-block-heading has-white-background-color has-background\">\n                            Klauzula informacyjna\n                        <\/h1>\n                    <\/div>\n                \n\n                \n                        <p style=\"font-size:1.25rem\">\n                            <span style=\"font-weight: 400\">W przypadku, gdy zdecydujesz si\u0119 przekaza\u0107 nam darowizn\u0119 na nasze konto, zapoznaj si\u0119 z poni\u017csz\u0105 informacj\u0105 o tym, jak przetwarzamy Twoje dane osobowe.<\/span>\n                        <\/p>\n                    \n\n                \n\n                <\/div>\n                <figure class=\"wp-block-media-text__media\">\n                    <img loading=\"lazy\" decoding=\"async\" width=\"1920\" height=\"1920\"\n                        src=\"https:\/\/www.greenpeace.org\/static\/planet4-poland-stateless\/2018\/05\/931e0b21-background_colour_v13_d4f1d2.jpg\"\n                        alt=\"\"\n                        sizes=\"auto, (min-width: 601px) 50vw, 100vw\" srcset=\"https:\/\/www.greenpeace.org\/static\/planet4-poland-stateless\/2018\/05\/931e0b21-background_colour_v13_d4f1d2.jpg 1920w, https:\/\/www.greenpeace.org\/static\/planet4-poland-stateless\/2018\/05\/931e0b21-background_colour_v13_d4f1d2-150x150.jpg 150w, https:\/\/www.greenpeace.org\/static\/planet4-poland-stateless\/2018\/05\/931e0b21-background_colour_v13_d4f1d2-300x300.jpg 300w, https:\/\/www.greenpeace.org\/static\/planet4-poland-stateless\/2018\/05\/931e0b21-background_colour_v13_d4f1d2-768x768.jpg 768w, https:\/\/www.greenpeace.org\/static\/planet4-poland-stateless\/2018\/05\/931e0b21-background_colour_v13_d4f1d2-1024x1024.jpg 1024w, https:\/\/www.greenpeace.org\/static\/planet4-poland-stateless\/2018\/05\/931e0b21-background_colour_v13_d4f1d2-1366x1366.jpg 1366w, https:\/\/www.greenpeace.org\/static\/planet4-poland-stateless\/2018\/05\/931e0b21-background_colour_v13_d4f1d2-340x340.jpg 340w\" class=\"wp-image-168 size-full\"\n                    \/>\n                <\/figure>\n                <\/div>\n                \n                <\/div>\n                \n                <\/div>\n                \n                <p>                <span style=\"font-weight: 400;\">Zgodnie z wymogami Rozporz\u0105dzenia Parlamentu Europejskiego i Rady (UE) z dnia 27 kwietnia 2016 r. w sprawie ochrony os\u00f3b fizycznych w zwi\u0105zku z przetwarzaniem danych osobowych i swobodnego przep\u0142ywu takich danych oraz uchylenia dyrektywy 95\/46\/WE (og\u00f3lne rozporz\u0105dzenie o ochronie danych), dalej: \u201eRODO\u201d, chcemy poinformowa\u0107 Ci\u0119 o tym, w jaki spos\u00f3b b\u0119dziemy przetwarza\u0107 Twoje dane osobowe.<\/span><\/p>\n<p><span style=\"font-weight: 400;\">1. Administratorem Twoich danych osobowych jest Fundacja Greenpeace Polska z siedzib\u0105 w Warszawie (02-386), ul. Altowa 4, (dalej: \u201eFundacja\u201d lub \u201eAdministrator\u201d), telefon: 22 851 26 42, e-mail: spl@greenpeace.org.<\/span><\/p>\n<p>2. Fundacja powo\u0142a\u0142a inspektora ochrony danych, z kt\u00f3rym mo\u017cna si\u0119 skontaktowa\u0107 poprzez email ido.pl@greenpeace.org lub pisemnie na adres siedziby Fundacji.<\/p>\n<p><span style=\"font-weight: 400;\">3. Twoje dane osobowe b\u0119d\u0105 przetwarzane wy\u0142\u0105cznie w celu:<\/span><\/p>\n<p><span style=\"font-weight: 400;\">a)<\/span> <span style=\"font-weight: 400;\">obs\u0142ugi bankowej i ksi\u0119gowej darowizn przekazywanych przez Ciebie na rzecz Fundacji przetwarzanie jest niezb\u0119dne do wykonania umowy darowizny (art. 6 ust. 1 lit b i c RODO);<\/span><\/p>\n<p><span style=\"font-weight: 400;\">b)<\/span> <span style=\"font-weight: 400;\">ewentualnego ustalenia i dochodzenia roszcze\u0144 lub obrony przed nimi; zapewnienia bezpiecze\u0144stwa u Administratora oraz realizacji wewn\u0119trznych cel\u00f3w administracyjnych, analitycznych i statystycznych, podstaw\u0105 prawn\u0105 przetwarzania jest uzasadniony interes Administratora (art. 6 ust. 1 lit. f RODO); uzasadnionym interesem Administratora jest mo\u017cliwo\u015b\u0107 obrony przed ewentualnymi roszczeniami, zapewnienia bezpiecze\u0144stwa u Administratora oraz mo\u017cliwo\u015b\u0107 realizacji wewn\u0119trznych cel\u00f3w administracyjnych, analitycznych i statystycznych przez Fundacj\u0119.<\/span><\/p>\n<p><span style=\"font-weight: 400;\">4. Fundacja b\u0119dzie przetwarza\u0107 Twoje dane: <\/span><\/p>\n<p><span style=\"font-weight: 400;\">a)<\/span> <span style=\"font-weight: 400;\">w zakresie celu wskazanego w pkt 3 a) &#8211; przez okres niezb\u0119dny do zgodnego z prawem prowadzenia dokumentacji podatkowej i ksi\u0119gowej oraz wype\u0142nienia innych ci\u0105\u017c\u0105cych na Fundacji obowi\u0105zk\u00f3w prawnych w zakresie obs\u0142ugi darowizn (5 lat od ko\u0144ca roku, w kt\u00f3rym przekazano darowizn\u0119);\u00a0<\/span><\/p>\n<p><span style=\"font-weight: 400;\">b)<\/span> <span style=\"font-weight: 400;\">w zakresie celu wskazanego w pkt 3 b) &#8211; do czasu wype\u0142nienia prawnie uzasadnionych interes\u00f3w realizowanych przez Administratora stanowi\u0105cych podstaw\u0119 tego przetwarzania lub wniesienia sprzeciwu wobec takiego przetwarzania, nie d\u0142u\u017cej ni\u017c przez okres 5 lat od ko\u0144ca roku, w kt\u00f3rym przekazano darowizn\u0119.\u00a0<\/span><\/p>\n<p><span style=\"font-weight: 400;\">W przypadku, gdy toczy si\u0119 sp\u00f3r lub post\u0119powanie, w szczeg\u00f3lno\u015bci s\u0105dowe, okres przechowywania b\u0119dzie liczony od dnia zako\u0144czenia sporu lub prawomocnego zako\u0144czenia post\u0119powania.<\/span><\/p>\n<p><span style=\"font-weight: 400;\">5. Dost\u0119p do Twoich danych osobowych (tylko w niezb\u0119dnym zakresie) b\u0119d\u0105 mie\u0107 wy\u0142\u0105cznie upowa\u017cnieni pracownicy Fundacji, podmioty, kt\u00f3rym Fundacja powierzy\u0142a przetwarzanie danych osobowych na podstawie zawartych um\u00f3w, podmioty \u015bwiadcz\u0105ce us\u0142ugi doradczo-kontrolne, podmioty przetwarzaj\u0105ce dane w celu prowadzenia zast\u0119pstwa procesowego oraz podmioty wchodz\u0105ce w sk\u0142ad struktur organizacyjnych Fundacji poza granicami Polski &#8211; jedynie w celach i w zakresie niezb\u0119dnym do realizacji przez Fundacj\u0119 wskazanych powy\u017cej cel\u00f3w.<\/span><\/p>\n<p><span style=\"font-weight: 400;\">6. Twoje dane osobowe b\u0119d\u0105 przekazywane do odbiorc\u00f3w znajduj\u0105cych si\u0119 w pa\u0144stwach poza Europejskim Obszarem Gospodarczym (operatorzy systemu obs\u0142uguj\u0105cy poczt\u0119 email Administratora &#8211; Kanada i USA). Przetwarzaj\u0105c Twoje dane korzystamy r\u00f3wnie\u017c z narz\u0119dzi analitycznych takich jak Facebook Analytics i Google Analytics, co mo\u017ce wi\u0105za\u0107 si\u0119 z przekazaniem Twoich danych do pa\u0144stwa spoza Europejskiego Obszaru Gospodarczego (USA).\u00a0 Dane przekazywane poza Europejski Obszar Gospodarczy do pa\u0144stw, w stosunku do kt\u00f3rych Komisja Europejska nie stwierdzi\u0142a odpowiedniego stopnia ochrony s\u0105 przekazywane na podstawie standardowych klauzul ochrony danych przyj\u0119tych przez organ nadzoru i zatwierdzonych przez Komisj\u0119. Podmioty, do kt\u00f3rych przesy\u0142amy Twoje dane, gwarantuj\u0105 odpowiednie ich zabezpieczenie. Masz mo\u017cliwo\u015b\u0107 uzyskania kopii tych danych.<\/span><\/p>\n<p><span style=\"font-weight: 400;\">7. Masz pe\u0142ne prawo do dost\u0119pu do swoich danych osobowych przetwarzanych przez Fundacj\u0119, a w szczeg\u00f3lno\u015bci do:<\/span><\/p>\n<p><span style=\"font-weight: 400;\">&#8211;<\/span> <span style=\"font-weight: 400;\">dost\u0119pu do danych osobowych, w tym uzyskania kopii danych,<\/span><\/p>\n<p><span style=\"font-weight: 400;\">&#8211;<\/span> <span style=\"font-weight: 400;\">sprostowania lub uzupe\u0142nienia danych osobowych,<\/span><\/p>\n<p><span style=\"font-weight: 400;\">&#8211;<\/span> <span style=\"font-weight: 400;\">\u017c\u0105dania usuni\u0119cia danych osobowych,<\/span><\/p>\n<p><span style=\"font-weight: 400;\">&#8211;<\/span> <span style=\"font-weight: 400;\">\u017c\u0105dania ograniczenia przetwarzania danych osobowych,<\/span><\/p>\n<p><span style=\"font-weight: 400;\">&#8211; <\/span> <span style=\"font-weight: 400;\">przenoszenia danych osobowych,<\/span><\/p>\n<p><span style=\"font-weight: 400;\">&#8211;<\/span> <span style=\"font-weight: 400;\">wniesienia sprzeciwu wobec przetwarzania danych osobowych,<\/span><\/p>\n<p><span style=\"font-weight: 400;\">w przypadkach przewidzianych prawem.<\/span><\/p>\n<p><span style=\"font-weight: 400;\">W wy\u017cej wymienionych przypadkach skontaktuj si\u0119 z biurem Fundacji (<a href=\"mailto:spl@greenpeace.org\">spl@greenpeace.org<\/a>, telefon: 22 851 26 42, ul. Altowa 4, 02-386 Warszawa) lub Inspektorem Ochrony Danych.<\/span><\/p>\n<p><span style=\"font-weight: 400;\">8. Je\u015bli uznasz, \u017ce przetwarzamy Twoje dane w spos\u00f3b niew\u0142a\u015bciwy, masz prawo wniesienia skargi do organu nadzorczego (Prezes Urz\u0119du Ochrony Danych Osobowych).<\/span><\/p>\n<p><span style=\"font-weight: 400;\">9. Podanie przez Ciebie danych osobowych jest dobrowolne jednak niezb\u0119dne do dokonania darowizny.<\/span><\/p>\n","protected":false},"excerpt":{"rendered":"<p>Zgodnie z wymogami Rozporz\u0105dzenia Parlamentu Europejskiego i Rady (UE) z dnia 27 kwietnia 2016 r. w sprawie ochrony os\u00f3b fizycznych w zwi\u0105zku z przetwarzaniem danych osobowych i swobodnego przep\u0142ywu takich danych oraz uchylenia dyrektywy 95\/46\/WE (og\u00f3lne rozporz\u0105dzenie o ochronie danych), dalej: \u201eRODO\u201d, chcemy poinformowa\u0107 Ci\u0119 o tym, w jaki spos\u00f3b b\u0119dziemy przetwarza\u0107 Twoje dane osobowe. [&hellip;]<\/p>\n","protected":false},"author":25,"featured_media":0,"parent":0,"menu_order":0,"comment_status":"closed","ping_status":"closed","template":"","meta":{"ep_exclude_from_search":false,"p4_hide_page_title_checkbox":"on","p4_title":"","p4_subtitle":"","p4_description":"","background_image_id":"","background_image":"","p4_button_title":"","p4_button_link":"","p4_button_link_checkbox":"","p4_og_title":"","p4_og_description":"","p4_og_image":"","p4_og_image_id":"","p4_seo_canonical_url":"","p4_campaign_name":"not set","p4_local_project":"","p4_basket_name":"not set","p4_department":"","footnotes":""},"categories":[],"tags":[],"class_list":["post-3497","page","type-page","status-publish","hentry"],"_links":{"self":[{"href":"https:\/\/www.greenpeace.org\/poland\/wp-json\/wp\/v2\/pages\/3497","targetHints":{"allow":["GET"]}}],"collection":[{"href":"https:\/\/www.greenpeace.org\/poland\/wp-json\/wp\/v2\/pages"}],"about":[{"href":"https:\/\/www.greenpeace.org\/poland\/wp-json\/wp\/v2\/types\/page"}],"author":[{"embeddable":true,"href":"https:\/\/www.greenpeace.org\/poland\/wp-json\/wp\/v2\/users\/25"}],"replies":[{"embeddable":true,"href":"https:\/\/www.greenpeace.org\/poland\/wp-json\/wp\/v2\/comments?post=3497"}],"version-history":[{"count":4,"href":"https:\/\/www.greenpeace.org\/poland\/wp-json\/wp\/v2\/pages\/3497\/revisions"}],"predecessor-version":[{"id":36969,"href":"https:\/\/www.greenpeace.org\/poland\/wp-json\/wp\/v2\/pages\/3497\/revisions\/36969"}],"wp:attachment":[{"href":"https:\/\/www.greenpeace.org\/poland\/wp-json\/wp\/v2\/media?parent=3497"}],"wp:term":[{"taxonomy":"category","embeddable":true,"href":"https:\/\/www.greenpeace.org\/poland\/wp-json\/wp\/v2\/categories?post=3497"},{"taxonomy":"post_tag","embeddable":true,"href":"https:\/\/www.greenpeace.org\/poland\/wp-json\/wp\/v2\/tags?post=3497"}],"curies":[{"name":"wp","href":"https:\/\/api.w.org\/{rel}","templated":true}]}}