{"id":36435,"date":"2025-03-25T11:40:23","date_gmt":"2025-03-25T09:40:23","guid":{"rendered":"https:\/\/www.greenpeace.org\/poland\/?page_id=36435"},"modified":"2025-07-02T09:31:34","modified_gmt":"2025-07-02T07:31:34","slug":"nielegalna-rosyjska-ropa-na-baltyku","status":"publish","type":"page","link":"https:\/\/www.greenpeace.org\/poland\/nielegalna-rosyjska-ropa-na-baltyku\/","title":{"rendered":"Nielegalna rosyjska ropa na Ba\u0142tyku"},"content":{"rendered":"\n<div class=\"wp-block-planet4-blocks-carousel-header\"><div data-hydrate=\"planet4-blocks\/carousel-header\" data-attributes=\"{&quot;carousel_autoplay&quot;:false,&quot;slides&quot;:[{&quot;image&quot;:35267,&quot;focal_points&quot;:{},&quot;header&quot;:&quot;Morze Ba\u0142tyckie jest zagro\u017cone. Chro\u0144my je!&quot;,&quot;description&quot;:&quot;Nielegalna rosyjska ropa na Ba\u0142tyku to zagro\u017cenie dla przyrody i wpieranie wojny.&quot;,&quot;link_text&quot;:&quot; Wesprzyj nasze protesty&quot;,&quot;link_url&quot;:&quot;https:\/\/www.greenpeace.org\/poland\/nielegalna-rosyjska-ropa-na-baltyku#Wesprzyj&quot;,&quot;link_url_new_tab&quot;:false,&quot;image_url&quot;:&quot;https:\/\/www.greenpeace.org\/static\/planet4-poland-stateless\/2024\/09\/f50ed98d-shadowfleet-1.jpg&quot;,&quot;image_srcset&quot;:&quot;https:\/\/www.greenpeace.org\/static\/planet4-poland-stateless\/2024\/09\/f50ed98d-shadowfleet-1-300x300.jpg 300w,https:\/\/www.greenpeace.org\/static\/planet4-poland-stateless\/2024\/09\/f50ed98d-shadowfleet-1-500x275.jpg 500w,https:\/\/www.greenpeace.org\/static\/planet4-poland-stateless\/2024\/09\/f50ed98d-shadowfleet-1-1024x564.jpg 1024w,https:\/\/www.greenpeace.org\/static\/planet4-poland-stateless\/2024\/09\/f50ed98d-shadowfleet-1.jpg 1554w&quot;}],&quot;currentImageIndex&quot;:0}\"><section class=\"block block-header alignfull carousel-header \"><div class=\"carousel-wrapper-header\"><div class=\"carousel-inner\" role=\"listbox\"><div class=\"carousel-item active\"><div class=\"carousel-item-mask\"><div class=\"background-holder\"><img decoding=\"async\" src=\"https:\/\/www.greenpeace.org\/static\/planet4-poland-stateless\/2024\/09\/f50ed98d-shadowfleet-1.jpg\" style=\"object-position:50% 50%\" srcSet=\"https:\/\/www.greenpeace.org\/static\/planet4-poland-stateless\/2024\/09\/f50ed98d-shadowfleet-1-300x300.jpg 300w,https:\/\/www.greenpeace.org\/static\/planet4-poland-stateless\/2024\/09\/f50ed98d-shadowfleet-1-500x275.jpg 500w,https:\/\/www.greenpeace.org\/static\/planet4-poland-stateless\/2024\/09\/f50ed98d-shadowfleet-1-1024x564.jpg 1024w,https:\/\/www.greenpeace.org\/static\/planet4-poland-stateless\/2024\/09\/f50ed98d-shadowfleet-1.jpg 1554w\"\/><\/div><div class=\"carousel-caption\"><div class=\"caption-overlay\"><\/div><div class=\"container main-header\"><div class=\"carousel-captions-wrapper\"><h2>Morze Ba\u0142tyckie jest zagro\u017cone. Chro\u0144my je!<\/h2><p>Nielegalna rosyjska ropa na Ba\u0142tyku to zagro\u017cenie dla przyrody i wpieranie wojny.<\/p><\/div><div class=\"col-xs-12 col-sm-8 col-md-4 action-button\"><a href=\"https:\/\/www.greenpeace.org\/poland\/nielegalna-rosyjska-ropa-na-baltyku#Wesprzyj\" class=\"btn btn-primary\" data-ga-category=\"Carousel Header\" data-ga-action=\"Call to Action\"><span> Wesprzyj nasze protesty<\/span><\/a><\/div><\/div><\/div><\/div><\/div><\/div><\/div><\/section><\/div><\/div>\n\n<h2 class=\"wp-block-heading has-medium-font-size\">W 2022 roku Unia Europejska zakaza\u0142a krajom cz\u0142onkowskim importu i transportu rosyjskiej ropy. Niestety Rosja skutecznie omija unijne sankcje i nadal eksportuje swoj\u0105 rop\u0119.<\/h2>\n\n<p class=\"has-beige-100-background-color has-background has-medium-font-size\"><strong>Nat\u0119\u017cony ruch statk\u00f3w nielegalnie transportuj\u0105cych rop\u0119 z Rosji zagra\u017ca Ba\u0142tykowi! <\/strong>W ci\u0105gu roku te potajemne transporty ropy przemierzy\u0142y Ba\u0142tyk oko\u0142o tysi\u0105ca razy! Nie zgadzamy si\u0119 na wspieranie wojny i nara\u017canie przyrody. <strong>Do\u0142\u0105cz do nas i wesprzyj nasze dzia\u0142ania:<\/strong><\/p>\n<p><script type=\"application\/javascript\" src=\"https:\/\/wspieram.greenpeace.pl\/action\/iframe.js\" data-version=\"Shadow_fleet\"><\/script><\/p>\n\n<h2 class=\"wp-block-heading has-medium-font-size\" id=\"Wesprzyj\">Rosyjska ropa finansuje wojn\u0119 przeciwko Ukrainie i utrudnia transformacj\u0119 energetyczn\u0105. <strong>Regularnie protestujemy na morzu, zwracaj\u0105c uwag\u0119 na ten problem i apeluj\u0105c o uszczelnienie embarga.&nbsp;<\/strong><\/h2>\n<div data-hydrate=\"planet4-blocks\/gallery\" data-attributes=\"{&quot;attributes&quot;:{&quot;multiple_image&quot;:&quot;36412,36415,36413,36414,36416&quot;,&quot;image_data&quot;:[{&quot;url&quot;:&quot;https:\\\/\\\/www.greenpeace.org\\\/static\\\/planet4-poland-stateless\\\/2025\\\/03\\\/2bf29545-gp0su4dua_medium-res-1200px.jpg&quot;,&quot;focalPoint&quot;:{&quot;x&quot;:0.5,&quot;y&quot;:0.5},&quot;id&quot;:36412},{&quot;url&quot;:&quot;https:\\\/\\\/www.greenpeace.org\\\/static\\\/planet4-poland-stateless\\\/2025\\\/03\\\/093be3a6-gp0su4du0_medium-res-1200px.jpg&quot;,&quot;focalPoint&quot;:{&quot;x&quot;:0.5,&quot;y&quot;:0.5},&quot;id&quot;:36415},{&quot;url&quot;:&quot;https:\\\/\\\/www.greenpeace.org\\\/static\\\/planet4-poland-stateless\\\/2025\\\/03\\\/61d77911-gp0s\\u07ae_medium-res-1200px.jpg&quot;,&quot;focalPoint&quot;:{&quot;x&quot;:0.5,&quot;y&quot;:0.5},&quot;id&quot;:36413},{&quot;url&quot;:&quot;https:\\\/\\\/www.greenpeace.org\\\/static\\\/planet4-poland-stateless\\\/2025\\\/03\\\/987da26c-gp0su2jzk_medium-res-1200px.jpg&quot;,&quot;focalPoint&quot;:{&quot;x&quot;:0.5,&quot;y&quot;:0.5},&quot;id&quot;:36414},{&quot;url&quot;:&quot;https:\\\/\\\/www.greenpeace.org\\\/static\\\/planet4-poland-stateless\\\/2025\\\/03\\\/3e9b5bd3-gp0su4dth_medium-res-1200px.jpg&quot;,&quot;focalPoint&quot;:{&quot;x&quot;:0.5,&quot;y&quot;:0.5},&quot;id&quot;:36416}],&quot;className&quot;:&quot;is-style-slider&quot;,&quot;gallery_block_style&quot;:0,&quot;gallery_block_title&quot;:&quot;&quot;,&quot;gallery_block_description&quot;:&quot;&quot;,&quot;gallery_block_focus_points&quot;:&quot;&quot;,&quot;images&quot;:[{&quot;image_src&quot;:&quot;https:\\\/\\\/www.greenpeace.org\\\/static\\\/planet4-poland-stateless\\\/2025\\\/03\\\/2bf29545-gp0su4dua_medium-res-1200px.jpg&quot;,&quot;image_srcset&quot;:&quot;https:\\\/\\\/www.greenpeace.org\\\/static\\\/planet4-poland-stateless\\\/2025\\\/03\\\/2bf29545-gp0su4dua_medium-res-1200px.jpg 1200w, https:\\\/\\\/www.greenpeace.org\\\/static\\\/planet4-poland-stateless\\\/2025\\\/03\\\/2bf29545-gp0su4dua_medium-res-1200px-500x333.jpg 500w, https:\\\/\\\/www.greenpeace.org\\\/static\\\/planet4-poland-stateless\\\/2025\\\/03\\\/2bf29545-gp0su4dua_medium-res-1200px-1024x683.jpg 1024w, https:\\\/\\\/www.greenpeace.org\\\/static\\\/planet4-poland-stateless\\\/2025\\\/03\\\/2bf29545-gp0su4dua_medium-res-1200px-768x512.jpg 768w, https:\\\/\\\/www.greenpeace.org\\\/static\\\/planet4-poland-stateless\\\/2025\\\/03\\\/2bf29545-gp0su4dua_medium-res-1200px-510x340.jpg 510w&quot;,&quot;image_sizes&quot;:false,&quot;alt_text&quot;:&quot;&quot;,&quot;caption&quot;:&quot;Luty 2025 - Protest z okazji trzeciej rocznicy pe\\u0142noskalowej inwazji Rosji w Ukrainie. Aktywi\\u015bcie i aktywi\\u015bci protestowali na Ba\\u0142tyku przy statku nielegalnie przewo\\u017c\\u0105cym rosyjsk\\u0105 rop\\u0119, maluj\\u0105c na jego burcie has\\u0142o \\&quot;Ryzyko\\&quot;.&quot;,&quot;focus_image&quot;:&quot;&quot;,&quot;credits&quot;:&quot;&quot;},{&quot;image_src&quot;:&quot;https:\\\/\\\/www.greenpeace.org\\\/static\\\/planet4-poland-stateless\\\/2025\\\/03\\\/093be3a6-gp0su4du0_medium-res-1200px.jpg&quot;,&quot;image_srcset&quot;:&quot;https:\\\/\\\/www.greenpeace.org\\\/static\\\/planet4-poland-stateless\\\/2025\\\/03\\\/093be3a6-gp0su4du0_medium-res-1200px.jpg 1200w, https:\\\/\\\/www.greenpeace.org\\\/static\\\/planet4-poland-stateless\\\/2025\\\/03\\\/093be3a6-gp0su4du0_medium-res-1200px-500x333.jpg 500w, https:\\\/\\\/www.greenpeace.org\\\/static\\\/planet4-poland-stateless\\\/2025\\\/03\\\/093be3a6-gp0su4du0_medium-res-1200px-1024x683.jpg 1024w, https:\\\/\\\/www.greenpeace.org\\\/static\\\/planet4-poland-stateless\\\/2025\\\/03\\\/093be3a6-gp0su4du0_medium-res-1200px-768x512.jpg 768w, https:\\\/\\\/www.greenpeace.org\\\/static\\\/planet4-poland-stateless\\\/2025\\\/03\\\/093be3a6-gp0su4du0_medium-res-1200px-510x340.jpg 510w&quot;,&quot;image_sizes&quot;:false,&quot;alt_text&quot;:&quot;&quot;,&quot;caption&quot;:&quot;Luty 2025 - Protest z okazji trzeciej rocznicy pe\\u0142noskalowej inwazji Rosji w Ukrainie. Aktywi\\u015bcie i aktywi\\u015bci protestowali na Ba\\u0142tyku przy statku nielegalnie przewo\\u017c\\u0105cym rosyjsk\\u0105 rop\\u0119, maluj\\u0105c na jego burcie has\\u0142o \\&quot;Ryzyko\\&quot;.&quot;,&quot;focus_image&quot;:&quot;&quot;,&quot;credits&quot;:&quot;&quot;},{&quot;image_src&quot;:&quot;https:\\\/\\\/www.greenpeace.org\\\/static\\\/planet4-poland-stateless\\\/2025\\\/03\\\/61d77911-gp0su07ae_medium-res-1200px.jpg&quot;,&quot;image_srcset&quot;:&quot;https:\\\/\\\/www.greenpeace.org\\\/static\\\/planet4-poland-stateless\\\/2025\\\/03\\\/61d77911-gp0su07ae_medium-res-1200px.jpg 1200w, https:\\\/\\\/www.greenpeace.org\\\/static\\\/planet4-poland-stateless\\\/2025\\\/03\\\/61d77911-gp0su07ae_medium-res-1200px-500x333.jpg 500w, https:\\\/\\\/www.greenpeace.org\\\/static\\\/planet4-poland-stateless\\\/2025\\\/03\\\/61d77911-gp0su07ae_medium-res-1200px-1024x683.jpg 1024w, https:\\\/\\\/www.greenpeace.org\\\/static\\\/planet4-poland-stateless\\\/2025\\\/03\\\/61d77911-gp0su07ae_medium-res-1200px-768x512.jpg 768w, https:\\\/\\\/www.greenpeace.org\\\/static\\\/planet4-poland-stateless\\\/2025\\\/03\\\/61d77911-gp0su07ae_medium-res-1200px-510x340.jpg 510w&quot;,&quot;image_sizes&quot;:false,&quot;alt_text&quot;:&quot;&quot;,&quot;caption&quot;:&quot;Kwiecie\\u0144 2024 - Protest pod statkiem pe\\u0142ni\\u0105cym funkcj\\u0119 \\&quot;stacji paliw\\&quot; dla tankowc\\u00f3w z rosyjsk\\u0105 rop\\u0105. Aktywi\\u015bcie namalowali na nim napis: Ropa nap\\u0119dza wojn\\u0119. Ludzie chc\\u0105 pokoju.&quot;,&quot;focus_image&quot;:&quot;&quot;,&quot;credits&quot;:&quot;&quot;},{&quot;image_src&quot;:&quot;https:\\\/\\\/www.greenpeace.org\\\/static\\\/planet4-poland-stateless\\\/2025\\\/03\\\/987da26c-gp0su2jzk_medium-res-1200px.jpg&quot;,&quot;image_srcset&quot;:&quot;https:\\\/\\\/www.greenpeace.org\\\/static\\\/planet4-poland-stateless\\\/2025\\\/03\\\/987da26c-gp0su2jzk_medium-res-1200px.jpg 1200w, https:\\\/\\\/www.greenpeace.org\\\/static\\\/planet4-poland-stateless\\\/2025\\\/03\\\/987da26c-gp0su2jzk_medium-res-1200px-500x333.jpg 500w, https:\\\/\\\/www.greenpeace.org\\\/static\\\/planet4-poland-stateless\\\/2025\\\/03\\\/987da26c-gp0su2jzk_medium-res-1200px-1024x683.jpg 1024w, https:\\\/\\\/www.greenpeace.org\\\/static\\\/planet4-poland-stateless\\\/2025\\\/03\\\/987da26c-gp0su2jzk_medium-res-1200px-768x512.jpg 768w, https:\\\/\\\/www.greenpeace.org\\\/static\\\/planet4-poland-stateless\\\/2025\\\/03\\\/987da26c-gp0su2jzk_medium-res-1200px-510x340.jpg 510w&quot;,&quot;image_sizes&quot;:false,&quot;alt_text&quot;:&quot;&quot;,&quot;caption&quot;:&quot;Wrzesie\\u0144 2024 - Protest w pobli\\u017cu tankowca Seagull, kt\\u00f3ry transportuje rosyjsk\\u0105 rop\\u0119 do Indii przez Morze Ba\\u0142tyckie. Statek miewa\\u0142 w przesz\\u0142o\\u015bci usterki&quot;,&quot;focus_image&quot;:&quot;&quot;,&quot;credits&quot;:&quot;&quot;},{&quot;image_src&quot;:&quot;https:\\\/\\\/www.greenpeace.org\\\/static\\\/planet4-poland-stateless\\\/2025\\\/03\\\/3e9b5bd3-gp0su4dth_medium-res-1200px.jpg&quot;,&quot;image_srcset&quot;:&quot;https:\\\/\\\/www.greenpeace.org\\\/static\\\/planet4-poland-stateless\\\/2025\\\/03\\\/3e9b5bd3-gp0su4dth_medium-res-1200px.jpg 1200w, https:\\\/\\\/www.greenpeace.org\\\/static\\\/planet4-poland-stateless\\\/2025\\\/03\\\/3e9b5bd3-gp0su4dth_medium-res-1200px-500x333.jpg 500w, https:\\\/\\\/www.greenpeace.org\\\/static\\\/planet4-poland-stateless\\\/2025\\\/03\\\/3e9b5bd3-gp0su4dth_medium-res-1200px-1024x683.jpg 1024w, https:\\\/\\\/www.greenpeace.org\\\/static\\\/planet4-poland-stateless\\\/2025\\\/03\\\/3e9b5bd3-gp0su4dth_medium-res-1200px-768x512.jpg 768w, https:\\\/\\\/www.greenpeace.org\\\/static\\\/planet4-poland-stateless\\\/2025\\\/03\\\/3e9b5bd3-gp0su4dth_medium-res-1200px-510x340.jpg 510w&quot;,&quot;image_sizes&quot;:false,&quot;alt_text&quot;:&quot;&quot;,&quot;caption&quot;:&quot;Luty 2025 - Protest z okazji trzeciej rocznicy pe\\u0142noskalowej inwazji Rosji w Ukrainie. Aktywi\\u015bcie i aktywi\\u015bci protestowali na Ba\\u0142tyku przy statku nielegalnie przewo\\u017c\\u0105cym rosyjsk\\u0105 rop\\u0119, maluj\\u0105c na jego burcie has\\u0142o \\&quot;Ryzyko\\&quot;.&quot;,&quot;focus_image&quot;:&quot;&quot;,&quot;credits&quot;:&quot;&quot;}]}}\"><section class=\"block carousel-wrap is-style-slider\"><\/section><\/div>\n<p>Rosja korzysta przede wszystkim ze statk\u00f3w zarejestrowanych w krajach, kt\u00f3re nie przyst\u0105pi\u0142y do sankcji. To tzw. \u201eflota cienia\u201d. Cz\u0119sto s\u0105 to statki, na kt\u00f3rych dochodzi do awarii. To olbrzymie zagro\u017cenie. Wycieki ropy mog\u0105 mie\u0107 katastrofalne skutki, szczeg\u00f3lnie na tak ma\u0142ym morzu, jaki Ba\u0142tyk. Przez bardzo ograniczon\u0105 wymian\u0119 wody, taki wyciek m\u00f3g\u0142by zanieczy\u015bci\u0107 ekosystem na wiele lat.<\/p>\n\n<div class=\"wp-block-columns are-vertically-aligned-center is-layout-flex wp-container-core-columns-is-layout-9d6595d7 wp-block-columns-is-layout-flex\">\n<div class=\"wp-block-column is-vertically-aligned-center is-layout-flow wp-block-column-is-layout-flow\" style=\"flex-basis:30%\">\n<h3 class=\"wp-block-heading\">Morze Ba\u0142tyckie to dom dla wyj\u0105tkowej przyrody m.in. fok czy mor\u015bwin\u00f3w! Nie zgadzamy si\u0119 na potajemny transport rosyjskiej ropy przez Ba\u0142tyk. Oczekujemy od Unii Europejskiej uszczelnienia embargo na rosyjsk\u0105 rop\u0119!<\/h3>\n<\/div>\n\n\n\n<div class=\"wp-block-column is-vertically-aligned-center is-layout-flow wp-block-column-is-layout-flow\"><div data-hydrate=\"planet4-blocks\/gallery\" data-attributes=\"{&quot;attributes&quot;:{&quot;gallery_block_style&quot;:0,&quot;gallery_block_title&quot;:&quot;&quot;,&quot;gallery_block_description&quot;:&quot;&quot;,&quot;multiple_image&quot;:&quot;&quot;,&quot;gallery_block_focus_points&quot;:&quot;&quot;,&quot;image_data&quot;:[],&quot;images&quot;:[]}}\"><section class=\"block carousel-wrap is-style-slider\"><\/section><\/div><\/div>\n<\/div>\n\n<h2 class=\"wp-block-heading has-text-align-center\">Je\u017celi Ty tak\u017ce nie chcesz statk\u00f3w z nielegaln\u0105 rop\u0105 z Rosji na Ba\u0142tyku, wesprzyj nasze protesty:<\/h2>\n<p><script type=\"application\/javascript\" src=\"https:\/\/wspieram.greenpeace.pl\/action\/iframe.js\" data-version=\"Shadow_fleet\"><\/script><\/p>\n\n<figure class=\"wp-block-image aligncenter size-full is-resized\"><img loading=\"lazy\" decoding=\"async\" width=\"900\" height=\"150\" src=\"https:\/\/www.greenpeace.org\/static\/planet4-poland-stateless\/2025\/03\/55e6033f-rosyjska-ropa-finansuje-wojne2.jpg\" alt=\"\" class=\"wp-image-36401\" style=\"width:1200px\" srcset=\"https:\/\/www.greenpeace.org\/static\/planet4-poland-stateless\/2025\/03\/55e6033f-rosyjska-ropa-finansuje-wojne2.jpg 900w, https:\/\/www.greenpeace.org\/static\/planet4-poland-stateless\/2025\/03\/55e6033f-rosyjska-ropa-finansuje-wojne2-500x83.jpg 500w, https:\/\/www.greenpeace.org\/static\/planet4-poland-stateless\/2025\/03\/55e6033f-rosyjska-ropa-finansuje-wojne2-768x128.jpg 768w, https:\/\/www.greenpeace.org\/static\/planet4-poland-stateless\/2025\/03\/55e6033f-rosyjska-ropa-finansuje-wojne2-510x85.jpg 510w\" sizes=\"auto, (max-width: 900px) 100vw, 900px\" \/><\/figure>\n\n<p><\/p>\n","protected":false},"excerpt":{"rendered":"<p>W 2022 roku Unia Europejska zakaza\u0142a krajom cz\u0142onkowskim importu i transportu rosyjskiej ropy. Niestety Rosja skutecznie omija unijne sankcje i nadal eksportuje swoj\u0105 rop\u0119. Nat\u0119\u017cony ruch statk\u00f3w nielegalnie transportuj\u0105cych rop\u0119 z Rosji zagra\u017ca Ba\u0142tykowi! W ci\u0105gu roku te potajemne transporty ropy przemierzy\u0142y Ba\u0142tyk oko\u0142o tysi\u0105ca razy! Nie zgadzamy si\u0119 na wspieranie wojny i nara\u017canie przyrody. [&hellip;]<\/p>\n","protected":false},"author":67,"featured_media":36412,"parent":0,"menu_order":0,"comment_status":"closed","ping_status":"closed","template":"","meta":{"ep_exclude_from_search":false,"p4_hide_page_title_checkbox":"on","p4_title":"","p4_subtitle":"","p4_description":"","background_image_id":"","background_image":"","p4_button_title":"","p4_button_link":"","p4_button_link_checkbox":"","p4_og_title":"","p4_og_description":"","p4_og_image":"","p4_og_image_id":"","p4_seo_canonical_url":"","p4_campaign_name":"","p4_local_project":"","p4_basket_name":"","p4_department":"","footnotes":""},"categories":[],"tags":[],"class_list":["post-36435","page","type-page","status-publish","has-post-thumbnail","hentry"],"_links":{"self":[{"href":"https:\/\/www.greenpeace.org\/poland\/wp-json\/wp\/v2\/pages\/36435","targetHints":{"allow":["GET"]}}],"collection":[{"href":"https:\/\/www.greenpeace.org\/poland\/wp-json\/wp\/v2\/pages"}],"about":[{"href":"https:\/\/www.greenpeace.org\/poland\/wp-json\/wp\/v2\/types\/page"}],"author":[{"embeddable":true,"href":"https:\/\/www.greenpeace.org\/poland\/wp-json\/wp\/v2\/users\/67"}],"replies":[{"embeddable":true,"href":"https:\/\/www.greenpeace.org\/poland\/wp-json\/wp\/v2\/comments?post=36435"}],"version-history":[{"count":10,"href":"https:\/\/www.greenpeace.org\/poland\/wp-json\/wp\/v2\/pages\/36435\/revisions"}],"predecessor-version":[{"id":37176,"href":"https:\/\/www.greenpeace.org\/poland\/wp-json\/wp\/v2\/pages\/36435\/revisions\/37176"}],"wp:featuredmedia":[{"embeddable":true,"href":"https:\/\/www.greenpeace.org\/poland\/wp-json\/wp\/v2\/media\/36412"}],"wp:attachment":[{"href":"https:\/\/www.greenpeace.org\/poland\/wp-json\/wp\/v2\/media?parent=36435"}],"wp:term":[{"taxonomy":"category","embeddable":true,"href":"https:\/\/www.greenpeace.org\/poland\/wp-json\/wp\/v2\/categories?post=36435"},{"taxonomy":"post_tag","embeddable":true,"href":"https:\/\/www.greenpeace.org\/poland\/wp-json\/wp\/v2\/tags?post=36435"}],"curies":[{"name":"wp","href":"https:\/\/api.w.org\/{rel}","templated":true}]}}