{"id":38002,"date":"2025-10-01T14:38:08","date_gmt":"2025-10-01T12:38:08","guid":{"rendered":"https:\/\/www.greenpeace.org\/poland\/?page_id=38002"},"modified":"2026-03-23T02:57:58","modified_gmt":"2026-03-23T00:57:58","slug":"przekaz-wieksza-darowizne","status":"publish","type":"page","link":"https:\/\/www.greenpeace.org\/poland\/przekaz-wieksza-darowizne\/","title":{"rendered":"Przeka\u017c wi\u0119ksz\u0105 darowizn\u0119"},"content":{"rendered":"\n\n<div class=\"wp-block-group alignfull is-layout-flow wp-block-group-is-layout-flow\">\n<div class=\"wp-block-group container is-layout-flow wp-block-group-is-layout-flow\">\n<div class=\"wp-block-media-text alignfull has-media-on-the-right is-stacked-on-mobile is-pattern-p4-page-header is-style-parallax\"><div class=\"wp-block-media-text__content\">\n<div class=\"wp-block-group is-layout-flow wp-block-group-is-layout-flow\" style=\"padding-right:0;padding-left:0\">\n<h4 class=\"wp-block-heading has-white-background-color has-background\">Przeka\u017c wi\u0119ksz\u0105 darowizn\u0119<\/h4>\n<\/div>\n\n\n\n<p><\/p>\n\n\n\n<h1 class=\"wp-block-heading is-style-default\" style=\"font-size:2.5rem\">Razem mo\u017cemy wi\u0119cej, a Twoje wsparcie ma realn\u0105 moc<\/h1>\n\n\n\n<p style=\"font-size:1.3rem\">Od ponad 55 lat dzia\u0142amy, by chroni\u0107 nasz\u0105 planet\u0119 &#8211; morza i oceany, klimat, lasy oraz wszystkie istoty, kt\u00f3re je zamieszkuj\u0105. Jeste\u015bmy ca\u0142kowicie niezale\u017cni od rz\u0105d\u00f3w, firm oraz partii politycznych. Je\u015bli mo\u017cesz i chcesz nam przekaza\u0107 wi\u0119ksz\u0105 darowizn\u0119 &#8211; kilka, kilkana\u015bcie tysi\u0119cy z\u0142otych, tu dowiesz si\u0119, jak to zrobi\u0107 \u2764\ufe0f<\/p>\n<\/div><figure class=\"wp-block-media-text__media\"><img loading=\"lazy\" decoding=\"async\" width=\"800\" height=\"534\" src=\"https:\/\/www.greenpeace.org\/static\/planet4-poland-stateless\/2026\/02\/6c1d2b71-planet-earth-first.jpg\" alt=\"\" sizes=\"auto, (min-width: 601px) 50vw, 100vw\" srcset=\"https:\/\/www.greenpeace.org\/static\/planet4-poland-stateless\/2026\/02\/6c1d2b71-planet-earth-first.jpg 800w, https:\/\/www.greenpeace.org\/static\/planet4-poland-stateless\/2026\/02\/6c1d2b71-planet-earth-first-500x334.jpg 500w, https:\/\/www.greenpeace.org\/static\/planet4-poland-stateless\/2026\/02\/6c1d2b71-planet-earth-first-768x513.jpg 768w, https:\/\/www.greenpeace.org\/static\/planet4-poland-stateless\/2026\/02\/6c1d2b71-planet-earth-first-510x340.jpg 510w\" class=\"wp-image-39415 size-full\"\/><\/figure><\/div>\n<\/div>\n<\/div>\n\n\n<p style=\"font-size:1.3rem\">To w\u0142a\u015bnie dzi\u0119ki darowiznom hojnych os\u00f3b takich jak Ty, kt\u00f3rzy i kt\u00f3re zgadzaj\u0105 si\u0119 z naszymi warto\u015bciami i chc\u0105 wspiera\u0107 nasze dzia\u0142ania wi\u0119kszymi kwotami, mo\u017cemy podejmowa\u0107 odwa\u017cne dzia\u0142ania w obronie przyrody i klimatu.<\/p>\n\n<h3 class=\"wp-block-heading\">Wi\u0119ksza darowizna to wi\u0119kszy wp\u0142yw! <br><br>Dzi\u0119ki wsparciu naszych Mecenas\u00f3w w ostatnich latach uda\u0142o si\u0119 nam:<\/h3>\n<div data-render=\"planet4-blocks\/columns\" data-attributes=\"{&quot;attributes&quot;:{&quot;columns_block_style&quot;:&quot;image&quot;,&quot;columns&quot;:[{&quot;description&quot;:&quot;Setki milion\\u00f3w ton w\\u0119gla pozosta\\u0142o pod ziemi\\u0105, a korporacje energetyczne przyspieszy\\u0142y swoje daty odej\\u015bcia od spalania w\\u0119gla&quot;,&quot;attachment&quot;:&quot;https:\\\/\\\/www.greenpeace.org\\\/static\\\/planet4-poland-stateless\\\/2019\\\/05\\\/185d761d-23558110_1712081725503521_1731942917_o-510x340.jpg&quot;,&quot;title&quot;:&quot;\\u00bb zatrzyma\\u0107 plany budowy nowych kopalni&quot;,&quot;attachment_srcset&quot;:&quot;https:\\\/\\\/www.greenpeace.org\\\/static\\\/planet4-poland-stateless\\\/2019\\\/05\\\/185d761d-23558110_1712081725503521_1731942917_o-510x340.jpg 510w, https:\\\/\\\/www.greenpeace.org\\\/static\\\/planet4-poland-stateless\\\/2019\\\/05\\\/185d761d-23558110_1712081725503521_1731942917_o-300x200.jpg 300w, https:\\\/\\\/www.greenpeace.org\\\/static\\\/planet4-poland-stateless\\\/2019\\\/05\\\/185d761d-23558110_1712081725503521_1731942917_o-768x512.jpg 768w, https:\\\/\\\/www.greenpeace.org\\\/static\\\/planet4-poland-stateless\\\/2019\\\/05\\\/185d761d-23558110_1712081725503521_1731942917_o-1024x683.jpg 1024w, https:\\\/\\\/www.greenpeace.org\\\/static\\\/planet4-poland-stateless\\\/2019\\\/05\\\/185d761d-23558110_1712081725503521_1731942917_o.jpg 2048w&quot;},{&quot;description&quot;:&quot;Ochron\\u0105 obj\\u0119te zosta\\u0142o dziesi\\u0105tki tysi\\u0119cy hektar\\u00f3w las\\u00f3w, powo\\u0142ano nowe rezerwaty i zatrzymano wycinki w Puszczy Bia\\u0142owieskiej oraz cz\\u0119\\u015bci najcenniejszych las\\u00f3w Karpat&quot;,&quot;title&quot;:&quot;\\u00bb ochroni\\u0107 cenne lasy przed wycink\\u0105&quot;,&quot;attachment&quot;:&quot;https:\\\/\\\/www.greenpeace.org\\\/static\\\/planet4-poland-stateless\\\/2017\\\/05\\\/a0497179-gp0stqsz9_medium_res-510x340.jpg&quot;,&quot;attachment_srcset&quot;:&quot;https:\\\/\\\/www.greenpeace.org\\\/static\\\/planet4-poland-stateless\\\/2017\\\/05\\\/a0497179-gp0stqsz9_medium_res-510x340.jpg 510w, https:\\\/\\\/www.greenpeace.org\\\/static\\\/planet4-poland-stateless\\\/2017\\\/05\\\/a0497179-gp0stqsz9_medium_res-300x200.jpg 300w, https:\\\/\\\/www.greenpeace.org\\\/static\\\/planet4-poland-stateless\\\/2017\\\/05\\\/a0497179-gp0stqsz9_medium_res-768x512.jpg 768w, https:\\\/\\\/www.greenpeace.org\\\/static\\\/planet4-poland-stateless\\\/2017\\\/05\\\/a0497179-gp0stqsz9_medium_res-1024x683.jpg 1024w, https:\\\/\\\/www.greenpeace.org\\\/static\\\/planet4-poland-stateless\\\/2017\\\/05\\\/a0497179-gp0stqsz9_medium_res.jpg 1200w&quot;},{&quot;description&quot;:&quot;Doprowadzili\\u015bmy do ujawnienia i nag\\u0142o\\u015bnienia winnych katastrofy ekologicznej w Odrze i rozpocz\\u0119cia procesu, kt\\u00f3ry zagwarantuje bezpiecze\\u0144stwo Odry i innych rzek w przysz\\u0142o\\u015bci&quot;,&quot;title&quot;:&quot;\\u00bb ujawni\\u0107 winnych katastrofy w Odrze&quot;,&quot;attachment&quot;:&quot;https:\\\/\\\/www.greenpeace.org\\\/static\\\/planet4-poland-stateless\\\/2024\\\/08\\\/72b99070-martwe-ryby-453x340.webp&quot;,&quot;attachment_srcset&quot;:&quot;https:\\\/\\\/www.greenpeace.org\\\/static\\\/planet4-poland-stateless\\\/2024\\\/08\\\/72b99070-martwe-ryby-453x340.webp 453w, https:\\\/\\\/www.greenpeace.org\\\/static\\\/planet4-poland-stateless\\\/2024\\\/08\\\/72b99070-martwe-ryby-500x375.webp 500w, https:\\\/\\\/www.greenpeace.org\\\/static\\\/planet4-poland-stateless\\\/2024\\\/08\\\/72b99070-martwe-ryby-1024x768.webp 1024w, https:\\\/\\\/www.greenpeace.org\\\/static\\\/planet4-poland-stateless\\\/2024\\\/08\\\/72b99070-martwe-ryby-768x576.webp 768w, https:\\\/\\\/www.greenpeace.org\\\/static\\\/planet4-poland-stateless\\\/2024\\\/08\\\/72b99070-martwe-ryby.webp 1200w&quot;}],&quot;className&quot;:&quot;is-style-image&quot;}}\"><\/div><div data-render=\"planet4-blocks\/columns\" data-attributes=\"{&quot;attributes&quot;:{&quot;columns_block_style&quot;:&quot;image&quot;,&quot;columns&quot;:[{&quot;description&quot;:&quot;Po latach dzia\\u0142a\\u0144 na rzecz rozwoju czystych \\u017ar\\u00f3de\\u0142 energii w Polsce, w czerwcu 2025 po raz pierwszy w historii OZE przebi\\u0142y w Polsce w\\u0119giel w produkcji energii elektrycznej.&quot;,&quot;attachment&quot;:&quot;https:\\\/\\\/www.greenpeace.org\\\/static\\\/planet4-poland-stateless\\\/2024\\\/11\\\/331e1448-gp0stqf5i_medium-res-1200px-510x340.jpg&quot;,&quot;title&quot;:&quot;\\u00bb przyspieszy\\u0107 rozw\\u00f3j OZE&quot;,&quot;attachment_srcset&quot;:&quot;https:\\\/\\\/www.greenpeace.org\\\/static\\\/planet4-poland-stateless\\\/2024\\\/11\\\/331e1448-gp0stqf5i_medium-res-1200px-510x340.jpg 510w, https:\\\/\\\/www.greenpeace.org\\\/static\\\/planet4-poland-stateless\\\/2024\\\/11\\\/331e1448-gp0stqf5i_medium-res-1200px-500x333.jpg 500w, https:\\\/\\\/www.greenpeace.org\\\/static\\\/planet4-poland-stateless\\\/2024\\\/11\\\/331e1448-gp0stqf5i_medium-res-1200px-1024x683.jpg 1024w, https:\\\/\\\/www.greenpeace.org\\\/static\\\/planet4-poland-stateless\\\/2024\\\/11\\\/331e1448-gp0stqf5i_medium-res-1200px-768x512.jpg 768w, https:\\\/\\\/www.greenpeace.org\\\/static\\\/planet4-poland-stateless\\\/2024\\\/11\\\/331e1448-gp0stqf5i_medium-res-1200px.jpg 1200w&quot;},{&quot;description&quot;:&quot;Doprowadzili\\u015bmy do wprowadzenia lepszej ochrony zagro\\u017conych wygini\\u0119ciem \\u017cubr\\u00f3w przed komercyjnymi odstrza\\u0142ami i nag\\u0142a\\u015bniamy pr\\u00f3by os\\u0142abienia ochrony innych zagro\\u017conych gatunk\\u00f3w, takich jak wilki czy nied\\u017awiedzie.&quot;,&quot;title&quot;:&quot;\\u00bb ochroni\\u0107 \\u017cubry, walczy\\u0107 o wilki i nied\\u017awiedzie&quot;,&quot;attachment&quot;:&quot;https:\\\/\\\/www.greenpeace.org\\\/static\\\/planet4-poland-stateless\\\/2019\\\/12\\\/fcdfb852-fcdfb852-zubr-510x340.jpg&quot;,&quot;attachment_srcset&quot;:&quot;https:\\\/\\\/www.greenpeace.org\\\/static\\\/planet4-poland-stateless\\\/2019\\\/12\\\/fcdfb852-fcdfb852-zubr-510x340.jpg 510w, https:\\\/\\\/www.greenpeace.org\\\/static\\\/planet4-poland-stateless\\\/2019\\\/12\\\/fcdfb852-fcdfb852-zubr-300x200.jpg 300w, https:\\\/\\\/www.greenpeace.org\\\/static\\\/planet4-poland-stateless\\\/2019\\\/12\\\/fcdfb852-fcdfb852-zubr-1024x683.jpg 1024w, https:\\\/\\\/www.greenpeace.org\\\/static\\\/planet4-poland-stateless\\\/2019\\\/12\\\/fcdfb852-fcdfb852-zubr-768x512.jpg 768w, https:\\\/\\\/www.greenpeace.org\\\/static\\\/planet4-poland-stateless\\\/2019\\\/12\\\/fcdfb852-fcdfb852-zubr.jpg 1200w&quot;},{&quot;description&quot;:&quot;Dzi\\u0119ki latom stara\\u0144, uda\\u0142o si\\u0119 w UE i Polsce zatrzyma\\u0107 wykorzystanie w rolnictwie najbardziej szkodliwych dla zapylaczy pestycyd\\u00f3w, a Polska rozpocz\\u0119\\u0142a proces tworzenia krajowej strategii ochrony owad\\u00f3w zapylaj\\u0105cych.&quot;,&quot;title&quot;:&quot;\\u00bb chroni\\u0107 pszczo\\u0142y, zatrzyma\\u0107 truj\\u0105ce pestycydy&quot;,&quot;attachment&quot;:&quot;https:\\\/\\\/www.greenpeace.org\\\/static\\\/planet4-poland-stateless\\\/2019\\\/09\\\/06967a4c-20190827_gp_pszczoly_0040-e1567699553450-482x340.jpg&quot;,&quot;attachment_srcset&quot;:&quot;https:\\\/\\\/www.greenpeace.org\\\/static\\\/planet4-poland-stateless\\\/2019\\\/09\\\/06967a4c-20190827_gp_pszczoly_0040-e1567699553450-482x340.jpg 482w, https:\\\/\\\/www.greenpeace.org\\\/static\\\/planet4-poland-stateless\\\/2019\\\/09\\\/06967a4c-20190827_gp_pszczoly_0040-e1567699553450-300x212.jpg 300w, https:\\\/\\\/www.greenpeace.org\\\/static\\\/planet4-poland-stateless\\\/2019\\\/09\\\/06967a4c-20190827_gp_pszczoly_0040-e1567699553450-768x541.jpg 768w, https:\\\/\\\/www.greenpeace.org\\\/static\\\/planet4-poland-stateless\\\/2019\\\/09\\\/06967a4c-20190827_gp_pszczoly_0040-e1567699553450-1024x722.jpg 1024w, https:\\\/\\\/www.greenpeace.org\\\/static\\\/planet4-poland-stateless\\\/2019\\\/09\\\/06967a4c-20190827_gp_pszczoly_0040-e1567699553450-1938x1366.jpg 1938w, https:\\\/\\\/www.greenpeace.org\\\/static\\\/planet4-poland-stateless\\\/2019\\\/09\\\/06967a4c-20190827_gp_pszczoly_0040-e1567699553450.jpg 2000w&quot;}],&quot;className&quot;:&quot;is-style-image&quot;}}\"><\/div>\n<p style=\"font-size:1.2rem\">A tak\u017ce zabezpieczy\u0107 prawo lokalnej spo\u0142eczno\u015bci do ochrony \u015brodowiska w ich najbli\u017cszym s\u0105siedztwie i przyspieszy\u0107 odej\u015bcie Polski od importu w\u0119gla i ropy z Rosji.<\/p>\n\n<div style=\"height:54px\" aria-hidden=\"true\" class=\"wp-block-spacer\"><\/div>\n\n<div class=\"wp-block-columns is-layout-flex wp-container-core-columns-is-layout-9d6595d7 wp-block-columns-is-layout-flex\">\n<div class=\"wp-block-column is-layout-flow wp-block-column-is-layout-flow\" style=\"flex-basis:20%\"><\/div>\n\n\n\n<div class=\"wp-block-column is-layout-flow wp-block-column-is-layout-flow\" style=\"flex-basis:60%\">\n<section class=\"wp-block-group is-style-space-evenly has-beige-100-background-color has-background is-layout-constrained wp-container-core-group-is-layout-2388d125 wp-block-group-is-layout-constrained\" style=\"border-top-left-radius:5px;border-top-right-radius:5px;border-bottom-left-radius:5px;border-bottom-right-radius:5px;padding-top:var(--wp--preset--spacing--40);padding-right:var(--wp--preset--spacing--40);padding-bottom:var(--wp--preset--spacing--40);padding-left:var(--wp--preset--spacing--40);box-shadow:var(--wp--preset--shadow--natural)\">\n<h3 class=\"wp-block-heading has-text-align-left\"><strong>Dzi\u0119ki Twojej darowi\u017anie mo\u017cliwe b\u0119dzie:<\/strong><\/h3>\n\n\n\n<ul class=\"wp-block-list\">\n<li style=\"font-size:1.3rem;font-style:normal;font-weight:500\">szybsze reagowanie w sytuacjach kryzysowych,<\/li>\n\n\n\n<li style=\"font-size:1.3rem;font-style:normal;font-weight:500\">prowadzenie bada\u0144 i kampanii na najwy\u017cszym poziomie i cz\u0119sto \u015bwiatowym zasi\u0119gu,<\/li>\n\n\n\n<li style=\"font-size:1.3rem;font-style:normal;font-weight:500\">realizowanie ambitnych projekt\u00f3w ochrony przyrody i klimatu w Polsce i na \u015bwiecie,<\/li>\n\n\n\n<li style=\"font-size:1.3rem;font-style:normal;font-weight:500\">skuteczne naciskanie na polityk\u00f3w i biznes, aby dzia\u0142ali bez szkody dla \u015brodowiska.<\/li>\n<\/ul>\n<\/section>\n<\/div>\n\n\n\n<div class=\"wp-block-column is-layout-flow wp-block-column-is-layout-flow\" style=\"flex-basis:20%\"><\/div>\n<\/div>\n\n<div style=\"height:59px\" aria-hidden=\"true\" class=\"wp-block-spacer\"><\/div>\n\n<div class=\"wp-block-columns is-layout-flex wp-container-core-columns-is-layout-9d6595d7 wp-block-columns-is-layout-flex\">\n<div class=\"wp-block-column is-layout-flow wp-block-column-is-layout-flow\">\n<h3 class=\"wp-block-heading\">Jak mo\u017cesz pom\u00f3c?<\/h3>\n\n\n\n<p style=\"font-size:1.3rem\">Wybierz form\u0119 wsparcia, kt\u00f3ra jest dla Ciebie najwygodniejsza:<\/p>\n\n\n\n<ul style=\"font-size:1.3rem\" class=\"wp-block-list\">\n<li style=\"font-size:1.3rem\"><strong>Darowizna jednorazowa<\/strong> &#8211; pozwala natychmiast sfinansowa\u0107 pilne dzia\u0142ania.<\/li>\n\n\n\n<li style=\"font-size:1.3rem\"><strong>Wsparcie cykliczne<\/strong> &#8211; zapewnia stabilno\u015b\u0107 naszych kampanii.<\/li>\n\n\n\n<li style=\"font-size:1.3rem\"><strong>Darowizna na konkretny projekt<\/strong> &#8211; bezpo\u015brednio wspierasz obszar, kt\u00f3ry jest Ci szczeg\u00f3lnie bliski.<\/li>\n\n\n\n<li style=\"font-size:1.3rem\"><strong>Darowizna testamentowa<\/strong> &#8211; zostawiasz trwa\u0142y \u015blad dla przysz\u0142ych pokole\u0144.<\/li>\n<\/ul>\n<\/div>\n\n\n\n<div class=\"wp-block-column is-layout-flow wp-block-column-is-layout-flow\">\n<h3 class=\"wp-block-heading\">Tw\u00f3j indywidualny kontakt<\/h3>\n\n\n\n<p style=\"font-size:1.3rem\">Decyduj\u0105c si\u0119 na przekazanie wi\u0119kszej darowizny, otrzymasz indywidualn\u0105 opiek\u0119 dedykowanej osoby z Greenpeace Polska, kt\u00f3ra b\u0119dzie regularnie dawa\u0107 Ci zna\u0107 o efektach Twojego wsparcia. B\u0119dziesz te\u017c mie\u0107 mo\u017cliwo\u015b\u0107 uczestniczenia w specjalnych wydarzeniach i spotkaniach z zespo\u0142em Greenpeace i otrzymasz wgl\u0105d w kulisy dzia\u0142a\u0144, kt\u00f3re dzi\u0119ki Tobie staj\u0105 si\u0119 mo\u017cliwe.<\/p>\n<\/div>\n<\/div>\n\n<div class=\"wp-block-group alignfull has-action-yellow-background-color has-background is-vertical is-content-justification-center is-layout-flex wp-container-core-group-is-layout-75561e18 wp-block-group-is-layout-flex\" style=\"border-radius:0px;padding-top:var(--wp--preset--spacing--50);padding-right:var(--wp--preset--spacing--50);padding-bottom:var(--wp--preset--spacing--50);padding-left:var(--wp--preset--spacing--50)\">\n<h2 class=\"wp-block-heading has-text-align-center has-grey-900-color has-text-color has-link-color wp-elements-19ec896a2e5b043e0303aa3d12651e9a\">Twoje wsparcie to inwestycja w przysz\u0142o\u015b\u0107!<\/h2>\n\n\n\n<h3 class=\"wp-block-heading has-text-align-center has-grey-900-color has-text-color has-link-color wp-elements-5e9bbcec330f3a27d6154e616f827b8c\">Je\u015bli wierzysz, \u017ce \u015bwiat mo\u017ce by\u0107 miejscem bezpiecznym dla ludzi i przyrody,<br>sprawiedliwym i pe\u0142nym \u017cycia &#8211; do\u0142\u0105cz do mecenatu Greenpeace.<\/h3>\n<\/div>\n\n<div class=\"wp-block-columns are-vertically-aligned-center is-layout-flex wp-container-core-columns-is-layout-9d6595d7 wp-block-columns-is-layout-flex\">\n<div class=\"wp-block-column is-layout-flow wp-block-column-is-layout-flow\" style=\"flex-basis:20%\"><\/div>\n\n\n\n<div class=\"wp-block-column is-vertically-aligned-center is-layout-flow wp-block-column-is-layout-flow\" style=\"flex-basis:20%\">\n<figure class=\"wp-block-image aligncenter size-full is-style-rounded-180\"><img loading=\"lazy\" decoding=\"async\" width=\"628\" height=\"611\" src=\"https:\/\/www.greenpeace.org\/static\/planet4-poland-stateless\/2025\/10\/d4c1e7a7-mariusz-onuch.jpg\" alt=\"Mariusz Onuch - szef fundraisingu\" class=\"wp-image-38163\" srcset=\"https:\/\/www.greenpeace.org\/static\/planet4-poland-stateless\/2025\/10\/d4c1e7a7-mariusz-onuch.jpg 628w, https:\/\/www.greenpeace.org\/static\/planet4-poland-stateless\/2025\/10\/d4c1e7a7-mariusz-onuch-500x486.jpg 500w, https:\/\/www.greenpeace.org\/static\/planet4-poland-stateless\/2025\/10\/d4c1e7a7-mariusz-onuch-349x340.jpg 349w\" sizes=\"auto, (max-width: 628px) 100vw, 628px\" \/><\/figure>\n<\/div>\n\n\n\n<div class=\"wp-block-column is-vertically-aligned-center is-layout-flow wp-block-column-is-layout-flow\" style=\"flex-basis:40%\">\n<div class=\"wp-block-group is-style-reset-margin is-vertical is-content-justification-left is-layout-flex wp-container-core-group-is-layout-a67af343 wp-block-group-is-layout-flex\" style=\"padding-top:var(--wp--preset--spacing--70);padding-right:var(--wp--preset--spacing--70);padding-bottom:var(--wp--preset--spacing--70);padding-left:var(--wp--preset--spacing--70)\">\n<h3 class=\"wp-block-heading has-grey-900-color has-text-color has-link-color wp-elements-d874cfd1c1067d5458269d17a61d1f2c\"><strong>Skontaktuj si\u0119 z nami:<\/strong><\/h3>\n\n\n\n<p class=\"has-text-align-left has-grey-900-color has-text-color has-link-color wp-elements-87759978dc9caae11133e9121fefce55\"><strong>Mariusz Onuch<br><\/strong>Szef fundraisingu Greenpeace Polska<br>+48 664 060 285<br><a href=\"mailto:mariusz.onuch@greenpeace.org\">mariusz.onuch@greenpeace.org<\/a><\/p>\n<\/div>\n<\/div>\n\n\n\n<div class=\"wp-block-column is-layout-flow wp-block-column-is-layout-flow\" style=\"flex-basis:20%\"><\/div>\n<\/div>\n","protected":false},"excerpt":{"rendered":"<p>To w\u0142a\u015bnie dzi\u0119ki darowiznom hojnych os\u00f3b takich jak Ty, kt\u00f3rzy i kt\u00f3re zgadzaj\u0105 si\u0119 z naszymi warto\u015bciami i chc\u0105 wspiera\u0107 nasze dzia\u0142ania wi\u0119kszymi kwotami, mo\u017cemy podejmowa\u0107 odwa\u017cne dzia\u0142ania w obronie przyrody i klimatu. Wi\u0119ksza darowizna to wi\u0119kszy wp\u0142yw! Dzi\u0119ki wsparciu naszych Mecenas\u00f3w w ostatnich latach uda\u0142o si\u0119 nam: A tak\u017ce zabezpieczy\u0107 prawo lokalnej spo\u0142eczno\u015bci do [&hellip;]<\/p>\n","protected":false},"author":25,"featured_media":37952,"parent":0,"menu_order":0,"comment_status":"closed","ping_status":"closed","template":"","meta":{"ep_exclude_from_search":false,"p4_hide_page_title_checkbox":"on","p4_title":"","p4_subtitle":"","p4_description":"","background_image_id":"","background_image":"","p4_button_title":"","p4_button_link":"","p4_button_link_checkbox":"","p4_og_title":"","p4_og_description":"","p4_og_image":"","p4_og_image_id":"","p4_seo_canonical_url":"","p4_campaign_name":"","p4_local_project":"","p4_basket_name":"","p4_department":"","footnotes":""},"categories":[],"tags":[],"class_list":["post-38002","page","type-page","status-publish","has-post-thumbnail","hentry"],"_links":{"self":[{"href":"https:\/\/www.greenpeace.org\/poland\/wp-json\/wp\/v2\/pages\/38002","targetHints":{"allow":["GET"]}}],"collection":[{"href":"https:\/\/www.greenpeace.org\/poland\/wp-json\/wp\/v2\/pages"}],"about":[{"href":"https:\/\/www.greenpeace.org\/poland\/wp-json\/wp\/v2\/types\/page"}],"author":[{"embeddable":true,"href":"https:\/\/www.greenpeace.org\/poland\/wp-json\/wp\/v2\/users\/25"}],"replies":[{"embeddable":true,"href":"https:\/\/www.greenpeace.org\/poland\/wp-json\/wp\/v2\/comments?post=38002"}],"version-history":[{"count":19,"href":"https:\/\/www.greenpeace.org\/poland\/wp-json\/wp\/v2\/pages\/38002\/revisions"}],"predecessor-version":[{"id":39953,"href":"https:\/\/www.greenpeace.org\/poland\/wp-json\/wp\/v2\/pages\/38002\/revisions\/39953"}],"wp:featuredmedia":[{"embeddable":true,"href":"https:\/\/www.greenpeace.org\/poland\/wp-json\/wp\/v2\/media\/37952"}],"wp:attachment":[{"href":"https:\/\/www.greenpeace.org\/poland\/wp-json\/wp\/v2\/media?parent=38002"}],"wp:term":[{"taxonomy":"category","embeddable":true,"href":"https:\/\/www.greenpeace.org\/poland\/wp-json\/wp\/v2\/categories?post=38002"},{"taxonomy":"post_tag","embeddable":true,"href":"https:\/\/www.greenpeace.org\/poland\/wp-json\/wp\/v2\/tags?post=38002"}],"curies":[{"name":"wp","href":"https:\/\/api.w.org\/{rel}","templated":true}]}}