{"id":38328,"date":"2025-10-21T15:31:20","date_gmt":"2025-10-21T13:31:20","guid":{"rendered":"https:\/\/www.greenpeace.org\/poland\/?page_id=38328"},"modified":"2025-10-29T16:27:10","modified_gmt":"2025-10-29T14:27:10","slug":"naglowek","status":"publish","type":"page","link":"https:\/\/www.greenpeace.org\/poland\/naglowek\/","title":{"rendered":"Naglowek"},"content":{"rendered":"\n<div style=\"position: relative; width: 100%; height: 0; padding-bottom: 56.25%; overflow: hidden;\">\n  <iframe\n    src=\"https:\/\/cdn.knightlab.com\/libs\/juxtapose\/latest\/embed\/index.html?uid=05387a36-b4cf-11f0-ba1b-0e6f42328d7d\"\n    frameborder=\"0\"\n    allowfullscreen\n    style=\"position: absolute; top: 0; left: 0; width: 100%; height: 100%; border: 0;\">\n  <\/iframe>\n<\/div>\n\n\n<div class=\"wp-block-cover alignfull is-light\"><img loading=\"lazy\" decoding=\"async\" width=\"1024\" height=\"576\" class=\"wp-block-cover__image-background wp-image-38352 size-large\" alt=\"\" src=\"https:\/\/www.greenpeace.org\/static\/planet4-poland-stateless\/2025\/10\/d2bb768d-top5-konkurs-fotograficzny-greenpeace-1024x576.png\" style=\"object-position:86% 58%\" data-object-fit=\"cover\" data-object-position=\"86% 58%\" srcset=\"https:\/\/www.greenpeace.org\/static\/planet4-poland-stateless\/2025\/10\/d2bb768d-top5-konkurs-fotograficzny-greenpeace-1024x576.png 1024w, https:\/\/www.greenpeace.org\/static\/planet4-poland-stateless\/2025\/10\/d2bb768d-top5-konkurs-fotograficzny-greenpeace-500x281.png 500w, https:\/\/www.greenpeace.org\/static\/planet4-poland-stateless\/2025\/10\/d2bb768d-top5-konkurs-fotograficzny-greenpeace-768x432.png 768w, https:\/\/www.greenpeace.org\/static\/planet4-poland-stateless\/2025\/10\/d2bb768d-top5-konkurs-fotograficzny-greenpeace-1536x864.png 1536w, https:\/\/www.greenpeace.org\/static\/planet4-poland-stateless\/2025\/10\/d2bb768d-top5-konkurs-fotograficzny-greenpeace-510x287.png 510w, https:\/\/www.greenpeace.org\/static\/planet4-poland-stateless\/2025\/10\/d2bb768d-top5-konkurs-fotograficzny-greenpeace.png 1920w\" sizes=\"auto, (max-width: 1024px) 100vw, 1024px\" \/><span aria-hidden=\"true\" class=\"wp-block-cover__background has-green-400-background-color has-background-dim\"><\/span><div class=\"wp-block-cover__inner-container is-layout-flow wp-block-cover-is-layout-flow\">\n<div class=\"wp-block-group is-layout-flex wp-block-group-is-layout-flex\" style=\"padding-top:2em;padding-right:3em;padding-bottom:2em;padding-left:3em\">\n<div class=\"wp-block-columns are-vertically-aligned-center is-layout-flex wp-container-core-columns-is-layout-9d6595d7 wp-block-columns-is-layout-flex\">\n<div class=\"wp-block-column is-vertically-aligned-center is-layout-flow wp-block-column-is-layout-flow\" style=\"flex-basis:90%\">\n<h2 class=\"wp-block-heading\">Header &#8211; do\u0142\u0105cz<\/h2>\n\n\n\n<p>Dzia\u0142aj z nami! Dzia\u0142aj z nami! Dzia\u0142aj z nami! Dzia\u0142aj z nami! Dzia\u0142aj z nami! Dzia\u0142aj z nami! Dzia\u0142aj z nami! Dzia\u0142aj z nami! Dzia\u0142aj z nami! Dzia\u0142aj z nami! Dzia\u0142aj z nami! Dzia\u0142aj z nami! Dzia\u0142aj z nami! Dzia\u0142aj z nami! Dzia\u0142aj z nami! Dzia\u0142aj z nami! Dzia\u0142aj z nami! Dzia\u0142aj z nami! <\/p>\n<\/div>\n<\/div>\n<\/div>\n<\/div><\/div>\n","protected":false},"excerpt":{"rendered":"","protected":false},"author":25,"featured_media":38317,"parent":0,"menu_order":0,"comment_status":"closed","ping_status":"closed","template":"","meta":{"ep_exclude_from_search":false,"p4_hide_page_title_checkbox":"","p4_title":"","p4_subtitle":"","p4_description":"","background_image_id":"","background_image":"","p4_button_title":"","p4_button_link":"","p4_button_link_checkbox":"","p4_og_title":"","p4_og_description":"","p4_og_image":"","p4_og_image_id":"","p4_seo_canonical_url":"","p4_campaign_name":"","p4_local_project":"","p4_basket_name":"","p4_department":"","footnotes":""},"categories":[],"tags":[],"class_list":["post-38328","page","type-page","status-publish","has-post-thumbnail","hentry"],"_links":{"self":[{"href":"https:\/\/www.greenpeace.org\/poland\/wp-json\/wp\/v2\/pages\/38328","targetHints":{"allow":["GET"]}}],"collection":[{"href":"https:\/\/www.greenpeace.org\/poland\/wp-json\/wp\/v2\/pages"}],"about":[{"href":"https:\/\/www.greenpeace.org\/poland\/wp-json\/wp\/v2\/types\/page"}],"author":[{"embeddable":true,"href":"https:\/\/www.greenpeace.org\/poland\/wp-json\/wp\/v2\/users\/25"}],"replies":[{"embeddable":true,"href":"https:\/\/www.greenpeace.org\/poland\/wp-json\/wp\/v2\/comments?post=38328"}],"version-history":[{"count":14,"href":"https:\/\/www.greenpeace.org\/poland\/wp-json\/wp\/v2\/pages\/38328\/revisions"}],"predecessor-version":[{"id":38560,"href":"https:\/\/www.greenpeace.org\/poland\/wp-json\/wp\/v2\/pages\/38328\/revisions\/38560"}],"wp:featuredmedia":[{"embeddable":true,"href":"https:\/\/www.greenpeace.org\/poland\/wp-json\/wp\/v2\/media\/38317"}],"wp:attachment":[{"href":"https:\/\/www.greenpeace.org\/poland\/wp-json\/wp\/v2\/media?parent=38328"}],"wp:term":[{"taxonomy":"category","embeddable":true,"href":"https:\/\/www.greenpeace.org\/poland\/wp-json\/wp\/v2\/categories?post=38328"},{"taxonomy":"post_tag","embeddable":true,"href":"https:\/\/www.greenpeace.org\/poland\/wp-json\/wp\/v2\/tags?post=38328"}],"curies":[{"name":"wp","href":"https:\/\/api.w.org\/{rel}","templated":true}]}}