{"id":38571,"date":"2025-11-04T17:41:41","date_gmt":"2025-11-04T15:41:41","guid":{"rendered":"https:\/\/www.greenpeace.org\/poland\/?page_id=38571"},"modified":"2025-11-04T17:41:41","modified_gmt":"2025-11-04T15:41:41","slug":"greenwashing-i-fast-fashion","status":"publish","type":"page","link":"https:\/\/www.greenpeace.org\/poland\/dowiedz-sie\/przyroda\/plastik\/greenwashing-i-fast-fashion\/","title":{"rendered":"#Greenwashing i fast fashion"},"content":{"rendered":"\n\n<div class=\"wp-block-group alignfull is-layout-flow wp-block-group-is-layout-flow\">\n<div class=\"wp-block-group container is-layout-flow wp-block-group-is-layout-flow\">\n<div class=\"wp-block-media-text alignfull has-media-on-the-right is-stacked-on-mobile is-pattern-p4-page-header is-style-parallax\"><div class=\"wp-block-media-text__content\">\n<div class=\"wp-block-group is-layout-flow wp-block-group-is-layout-flow\">\n<h1 class=\"wp-block-heading has-white-background-color has-background\">Moda, kt\u00f3ra zabija planet\u0119<\/h1>\n<\/div>\n\n\n\n<p style=\"font-size:1.25rem\"><strong>Zielony sta\u0142 si\u0119 kolorem zysku.<\/strong> Nowe kolekcje co tydzie\u0144, niskie ceny, wyprzeda\u017ce bez ko\u0144ca. <strong>Fast fashion<\/strong> uzale\u017cni\u0142o nas od nowo\u015bci, a <strong>greenwashing<\/strong> &#8222;zmywa&#8221; nasze wyrzuty sumienia. <\/p>\n\n\n\n<p style=\"font-size:1.25rem\">Przyjrzyjmy si\u0119 bli\u017cej modowym grzechom &#8211; od mikrow\u0142\u00f3kien w oceanach po marketingowe slogany.<\/p>\n<\/div><figure class=\"wp-block-media-text__media\"><img loading=\"lazy\" decoding=\"async\" width=\"1200\" height=\"801\" src=\"https:\/\/www.greenpeace.org\/static\/planet4-poland-stateless\/2025\/11\/5056d08c-gp0su6sld.jpg\" alt=\"Fast Fashion Research in Kenya. \u00a9 Kevin McElvaney \/ Greenpeace\" sizes=\"auto, (min-width: 601px) 50vw, 100vw\" srcset=\"https:\/\/www.greenpeace.org\/static\/planet4-poland-stateless\/2025\/11\/5056d08c-gp0su6sld.jpg 1200w, https:\/\/www.greenpeace.org\/static\/planet4-poland-stateless\/2025\/11\/5056d08c-gp0su6sld-500x334.jpg 500w, https:\/\/www.greenpeace.org\/static\/planet4-poland-stateless\/2025\/11\/5056d08c-gp0su6sld-1024x684.jpg 1024w, https:\/\/www.greenpeace.org\/static\/planet4-poland-stateless\/2025\/11\/5056d08c-gp0su6sld-768x513.jpg 768w, https:\/\/www.greenpeace.org\/static\/planet4-poland-stateless\/2025\/11\/5056d08c-gp0su6sld-510x340.jpg 510w\" class=\"wp-image-38565 size-full\"\/><\/figure><\/div>\n<\/div>\n<\/div>\n\n\n<p class=\"has-medium-font-size\"><\/p>\n\n<div class=\"wp-block-media-text alignfull is-stacked-on-mobile is-pattern-p4-page-header\"><figure class=\"wp-block-media-text__media\"><img loading=\"lazy\" decoding=\"async\" width=\"1024\" height=\"684\" src=\"https:\/\/www.greenpeace.org\/static\/planet4-poland-stateless\/2025\/11\/3e0b7f1b-gp1sxbao-1024x684.jpg\" alt=\"Fast Fashion Research in Kenya. \u00a9 Kevin McElvaney \/ Greenpeace\" sizes=\"auto, (min-width: 601px) 50vw, 100vw\" srcset=\"https:\/\/www.greenpeace.org\/static\/planet4-poland-stateless\/2025\/11\/3e0b7f1b-gp1sxbao.jpg 1200w, https:\/\/www.greenpeace.org\/static\/planet4-poland-stateless\/2025\/11\/3e0b7f1b-gp1sxbao-500x334.jpg 500w, https:\/\/www.greenpeace.org\/static\/planet4-poland-stateless\/2025\/11\/3e0b7f1b-gp1sxbao-1024x684.jpg 1024w, https:\/\/www.greenpeace.org\/static\/planet4-poland-stateless\/2025\/11\/3e0b7f1b-gp1sxbao-768x513.jpg 768w, https:\/\/www.greenpeace.org\/static\/planet4-poland-stateless\/2025\/11\/3e0b7f1b-gp1sxbao-510x340.jpg 510w\" class=\"wp-image-38567 size-full\"\/><\/figure><div class=\"wp-block-media-text__content\">\n<div class=\"wp-block-group is-layout-flow wp-block-group-is-layout-flow\">\n<h1 class=\"wp-block-heading has-white-background-color has-background\">Tanie ubrania, wysoka cena<\/h1>\n<\/div>\n\n\n\n<p style=\"font-size:1.25rem\">Wielkie koncerny modowe produkuj\u0105 i sprzedaj\u0105 wi\u0119cej ni\u017c kiedykolwiek. Ka\u017cdego roku powstaj\u0105 <strong>dziesi\u0105tki miliard\u00f3w sztuk odzie\u017cy<\/strong>, z czego ogromna cz\u0119\u015b\u0107 nigdy nie trafia do konsument\u00f3w. Wraz z ka\u017cdym nowym t-shirtem ro\u015bnie g\u00f3ra odpad\u00f3w, emisji CO\u2082 i plastikowych mikrow\u0142\u00f3kien, kt\u00f3re trafiaj\u0105 do ocean\u00f3w i naszych cia\u0142.<\/p>\n\n\n\n<p style=\"font-size:1.25rem\">Za marketingowymi has\u0142ami o \u201eeko\u201d kolekcjach i \u201ezr\u00f3wnowa\u017conej modzie\u201d kryje si\u0119 system, kt\u00f3ry <strong>niszczy \u015brodowisko, wyzyskuje ludzi i sprzedaje z\u0142udne poczucie troski o planet\u0119<\/strong>.<\/p>\n<\/div><\/div>\n\n<p class=\"has-medium-font-size\"><\/p>\n\n<h1 class=\"wp-block-heading\">Odpowiedzialno\u015b\u0107 korporacji<\/h1>\n\n<p class=\"has-action-yellow-background-color has-background has-medium-font-size\">Szacuje si\u0119, \u017ce <strong>produkcja mody odpowiada za 2-10% globalnych emisji CO\u2082<\/strong> i zu\u017cywa <strong>biliony litr\u00f3w wody<\/strong> rocznie. Jednocze\u015bnie oko\u0142o <strong>50% wszystkich tkanin to tworzywa sztuczne<\/strong> wytwarzane z ropy i gazu. Ka\u017cde pranie to setki tysi\u0119cy mikrow\u0142\u00f3kien przedostaj\u0105cych si\u0119 do ocean\u00f3w.<\/p>\n\n<div class=\"wp-block-media-text alignfull has-media-on-the-right is-stacked-on-mobile is-pattern-p4-page-header\"><div class=\"wp-block-media-text__content\">\n<div class=\"wp-block-group is-layout-flow wp-block-group-is-layout-flow\">\n<h1 class=\"wp-block-heading has-white-background-color has-background\">Zielone kolekcje, truj\u0105 tak samo<\/h1>\n<\/div>\n\n\n\n<p style=\"font-size:1.25rem\">Kiedy krytyka narasta, marki reaguj\u0105 b\u0142yskawicznie &#8211; nowymi kampaniami, has\u0142ami o \u201e\u015bwiadomych wyborach\u201d i \u201erecyklingu\u201d. W rzeczywisto\u015bci jednak <strong>tylko 8% w\u0142\u00f3kien<\/strong> u\u017cywanych w produkcji pochodzi z recyklingu. Reszta ko\u0144czy w spalarniach &#8211; cz\u0119sto w krajach Globalnego Po\u0142udnia.<\/p>\n\n\n\n<p style=\"font-size:1.25rem\">\u015aledztwa Greenpeace i Unearthed ujawni\u0142y, \u017ce ubrania znanych marek by\u0142y <strong>spalane w piecach w Kambod\u017cy<\/strong>, zatruwaj\u0105c powietrze i ludzi toksycznym dymem. To nie zmiana &#8211; to <strong>greenwashing<\/strong>: strategia, kt\u00f3ra ma sprawi\u0107, \u017ce poczujemy si\u0119 lepiej, niczego nie zmieniaj\u0105c.<\/p>\n<\/div><figure class=\"wp-block-media-text__media\"><img loading=\"lazy\" decoding=\"async\" width=\"1200\" height=\"801\" src=\"https:\/\/www.greenpeace.org\/static\/planet4-poland-stateless\/2025\/11\/820d8971-gp0styqb3.jpg\" alt=\"Fast Fashion and Waste Colonialism in Ghana. \u00a9 Kevin McElvaney \/ Greenpeace\" sizes=\"auto, (min-width: 601px) 50vw, 100vw\" srcset=\"https:\/\/www.greenpeace.org\/static\/planet4-poland-stateless\/2025\/11\/820d8971-gp0styqb3.jpg 1200w, https:\/\/www.greenpeace.org\/static\/planet4-poland-stateless\/2025\/11\/820d8971-gp0styqb3-500x334.jpg 500w, https:\/\/www.greenpeace.org\/static\/planet4-poland-stateless\/2025\/11\/820d8971-gp0styqb3-1024x684.jpg 1024w, https:\/\/www.greenpeace.org\/static\/planet4-poland-stateless\/2025\/11\/820d8971-gp0styqb3-768x513.jpg 768w, https:\/\/www.greenpeace.org\/static\/planet4-poland-stateless\/2025\/11\/820d8971-gp0styqb3-510x340.jpg 510w\" class=\"wp-image-38602 size-full\"\/><\/figure><\/div>\n\n<div class=\"wp-block-media-text alignfull is-stacked-on-mobile is-pattern-p4-page-header\"><figure class=\"wp-block-media-text__media\"><img loading=\"lazy\" decoding=\"async\" width=\"1024\" height=\"683\" src=\"https:\/\/www.greenpeace.org\/static\/planet4-poland-stateless\/2025\/11\/0f38a52a-gp0styq8m-1024x683.jpg\" alt=\"Fast Fashion and Waste Colonialism - Banner on Beach in Ghana. \u00a9 Kevin McElvaney \/ Greenpeace\" sizes=\"auto, (min-width: 601px) 50vw, 100vw\" srcset=\"https:\/\/www.greenpeace.org\/static\/planet4-poland-stateless\/2025\/11\/0f38a52a-gp0styq8m.jpg 1200w, https:\/\/www.greenpeace.org\/static\/planet4-poland-stateless\/2025\/11\/0f38a52a-gp0styq8m-500x333.jpg 500w, https:\/\/www.greenpeace.org\/static\/planet4-poland-stateless\/2025\/11\/0f38a52a-gp0styq8m-1024x683.jpg 1024w, https:\/\/www.greenpeace.org\/static\/planet4-poland-stateless\/2025\/11\/0f38a52a-gp0styq8m-768x512.jpg 768w, https:\/\/www.greenpeace.org\/static\/planet4-poland-stateless\/2025\/11\/0f38a52a-gp0styq8m-510x340.jpg 510w\" class=\"wp-image-38600 size-full\"\/><\/figure><div class=\"wp-block-media-text__content\">\n<div class=\"wp-block-group is-layout-flow wp-block-group-is-layout-flow\">\n<h1 class=\"wp-block-heading has-white-background-color has-background\">Czego si\u0119 domagamy?<\/h1>\n<\/div>\n\n\n\n<p>Bran\u017ca modowa lubi m\u00f3wi\u0107 o \u201ecyrkularno\u015bci\u201d, ale prawda jest taka, \u017ce <strong>wi\u0119kszo\u015b\u0107 ubra\u0144 nie nadaje si\u0119 do recyklingu<\/strong>.<\/p>\n\n\n\n<p><mark style=\"background-color:rgba(0, 0, 0, 0)\" class=\"has-inline-color has-grey-900-color\">Recykling to potrzebne narz\u0119dzie, ale <strong>nie zast\u0105pi redukcji produkcji<\/strong> &#8211; tak jak segregacja \u015bmieci nie zatrzyma plastiku.<\/mark><\/p>\n\n\n\n<p style=\"font-size:1.25rem\">Dlatego wzywamy rz\u0105dy i instytucje Unii Europejskiej do <strong>wprowadzenia obowi\u0105zku ograniczania wolumen\u00f3w produkcji, przejrzysto\u015bci \u0142a\u0144cuch\u00f3w dostaw<\/strong> i raportowania emisji bran\u017cy modowej. Nie wystarczy, \u017ce firmy b\u0119d\u0105 m\u00f3wi\u0107 o \u201ezielonych kolekcjach\u201d &#8211; czas, by <strong>zosta\u0142y rozliczone z ilo\u015bci produkowanych i spalanych ubra\u0144.<\/strong><\/p>\n<\/div><\/div>\n\n<p class=\"has-medium-font-size\"><\/p>\n\t\t\t<section\n\t\t\tclass=\"boxout post-3088 \"\n\t\t\t\n\t\t>\n\t\t\t<a\n\t\t\t\tdata-ga-category=\"Take Action Boxout\"\n\t\t\t\tdata-ga-action=\"Image\"\n\t\t\t\tdata-ga-label=\"n\/a\"\n\t\t\t\tclass=\"cover-card-overlay\"\n\t\t\t\thref=\"https:\/\/www.greenpeace.org\/poland\/dzialaj-old\/bezplastiku\/\" \n\t\t\t><\/a>\n\t\t\t\t\t\t\t<img\n\t\t\t\t\t\tsrc=\"https:\/\/www.greenpeace.org\/static\/planet4-poland-stateless\/2019\/07\/87c8ef4b-adobestock_210418973-1024x683.jpeg\"\n\t\t\t\t\t\tsrcset=\"https:\/\/www.greenpeace.org\/static\/planet4-poland-stateless\/2019\/07\/87c8ef4b-adobestock_210418973-300x200.jpeg 300w, https:\/\/www.greenpeace.org\/static\/planet4-poland-stateless\/2019\/07\/87c8ef4b-adobestock_210418973-768x512.jpeg 768w, https:\/\/www.greenpeace.org\/static\/planet4-poland-stateless\/2019\/07\/87c8ef4b-adobestock_210418973-1024x683.jpeg 1024w, https:\/\/www.greenpeace.org\/static\/planet4-poland-stateless\/2019\/07\/87c8ef4b-adobestock_210418973-2048x1366.jpeg 2048w, https:\/\/www.greenpeace.org\/static\/planet4-poland-stateless\/2019\/07\/87c8ef4b-adobestock_210418973-510x340.jpeg 510w, https:\/\/www.greenpeace.org\/static\/planet4-poland-stateless\/2019\/07\/87c8ef4b-adobestock_210418973-e1562541563362.jpeg 1920w\"\n\t\t\t\t\t\tsizes=\"(min-width: 1000px) 358px, (min-width: 780px) 313px, 88px\"\n\t\t\t\t\t\talt=\"\" title=\"\"\n\t\t\t\t\/>\n            \t\t\t<div class=\"boxout-content\">\n\t\t\t\t\t\t\t\t\t<a\n\t\t\t\t\t\tclass=\"boxout-heading large\"\n\t\t\t\t\t\tdata-ga-category=\"Take Action Boxout\"\n\t\t\t\t\t\tdata-ga-action=\"Title\"\n\t\t\t\t\t\tdata-ga-label=\"n\/a\"\n\t\t\t\t\t\thref=\"https:\/\/www.greenpeace.org\/poland\/dzialaj-old\/bezplastiku\/\"\n\t\t\t\t\t\t\n\t\t\t\t\t>\n\t\t\t\t\t\tPodpisz: Zatrzymajmy fal\u0119 plastiku!\n\t\t\t\t\t<\/a>\n\t\t\t\t\t\t\t\t\t\t\t\t\t<p class=\"boxout-excerpt\">Do ocean\u00f3w co minut\u0119 trafia ci\u0119\u017car\u00f3wka plastikowych odpad\u00f3w, kt\u00f3re zabijaj\u0105 \u017c\u00f3\u0142wie, ptaki, ryby, wieloryby i delfiny. Musimy zadzia\u0142a\u0107 u \u017ar\u00f3d\u0142a problemu, czas by korporacje wzi\u0119\u0142y odpowiedzialno\u015b\u0107 za produkowane przez siebie \u015bmieci.<\/p>\n\t\t\t\t                                    <a\n                        class=\"btn btn-primary\"\n                        data-ga-category=\"Take Action Boxout\"\n                        data-ga-action=\"Call to Action\"\n                        data-ga-label=\"n\/a\"\n                        href=\"https:\/\/www.greenpeace.org\/poland\/dzialaj-old\/bezplastiku\/\"\n                        \n                    >\n                        Dzia\u0142aj!\n                    <\/a>\n                \t\t\t<\/div>\n\t\t\t\t\t<\/section>\n\t\n<div class=\"wp-block-query posts-list p4-query-loop is-custom-layout-list is-layout-flow wp-block-query-is-layout-flow\">\n<div class=\"wp-block-group is-content-justification-space-between is-layout-flex wp-container-core-group-is-layout-3d213aab wp-block-group-is-layout-flex\">\n<h2 class=\"wp-block-heading\">Wiadomo\u015bci<\/h2>\n\n\n<li class=\" wp-block-navigation-item see-all-link wp-block-navigation-link\"><a class=\"wp-block-navigation-item__content\"  href=\"http:\/\/www.greenpeace.org\/poland\/aktualnosci\/?tag=plastik&#038;post-type=aktualnosci\"><span class=\"wp-block-navigation-item__label\">See all stories<\/span><\/a><\/li><\/div>\n\n\n\n<p style=\"margin-top:24px;margin-bottom:36px\"><\/p>\n\n\n\n\n<ul class=\"wp-block-post-template is-layout-flow wp-block-post-template-is-layout-flow\"><li class=\"wp-block-post post-38563 post type-post status-publish format-standard has-post-thumbnail hentry category-przyroda tag-plastik tag-greenwashing tag-fastfashion p4-page-type-aktualnosci\">\n\n<div class=\"wp-block-columns is-layout-flex wp-container-core-columns-is-layout-9d6595d7 wp-block-columns-is-layout-flex\"><figure class=\"wp-block-post-featured-image\"><a href=\"https:\/\/www.greenpeace.org\/poland\/aktualnosci\/38563\/fast-fashion-cena-tanich-ubran\/\" target=\"_self\"  ><img loading=\"lazy\" decoding=\"async\" width=\"1200\" height=\"801\" src=\"https:\/\/www.greenpeace.org\/static\/planet4-poland-stateless\/2025\/11\/e9425993-gp0styq9p.jpg\" class=\"attachment-post-thumbnail size-post-thumbnail wp-post-image wp-stateless-item\" alt=\"Fast Fashion: Cena tanich ubra\u0144\" style=\"object-fit:cover;\" srcset=\"https:\/\/www.greenpeace.org\/static\/planet4-poland-stateless\/2025\/11\/e9425993-gp0styq9p.jpg 1200w, https:\/\/www.greenpeace.org\/static\/planet4-poland-stateless\/2025\/11\/e9425993-gp0styq9p-500x334.jpg 500w, https:\/\/www.greenpeace.org\/static\/planet4-poland-stateless\/2025\/11\/e9425993-gp0styq9p-1024x684.jpg 1024w, https:\/\/www.greenpeace.org\/static\/planet4-poland-stateless\/2025\/11\/e9425993-gp0styq9p-768x513.jpg 768w, https:\/\/www.greenpeace.org\/static\/planet4-poland-stateless\/2025\/11\/e9425993-gp0styq9p-510x340.jpg 510w\" sizes=\"auto, (max-width: 1200px) 100vw, 1200px\" data-image-size=\"post-thumbnail\" data-stateless-media-bucket=\"planet4-poland-stateless\" data-stateless-media-name=\"2025\/11\/e9425993-gp0styq9p.jpg\" \/><\/a><\/figure>\n\n\n<div class=\"wp-block-group is-layout-flow wp-block-group-is-layout-flow\">\n<div class=\"wp-block-group is-layout-flex wp-block-group-is-layout-flex\"><div class=\"wp-block-post-terms\"><a href=\"https:\/\/www.greenpeace.org\/poland\/category\/przyroda\/\">Przyroda<\/a><\/div><\/div>\n\n\n<h3 class=\"wp-block-post-title\"><a href=\"https:\/\/www.greenpeace.org\/poland\/aktualnosci\/38563\/fast-fashion-cena-tanich-ubran\/\" target=\"_self\" >Fast Fashion: Cena tanich ubra\u0144<\/a><\/h3>\n\n<div class=\"wp-block-post-excerpt\"><p class=\"wp-block-post-excerpt__excerpt\">Za ka\u017cdym klikni\u0119ciem \u201edodaj do koszyka\u201d kryje si\u0119 co\u015b wi\u0119cej ni\u017c tylko chwilowa przyjemno\u015b\u0107 &#8211; to cz\u0119\u015b\u0107 ogromnej machiny, kt\u00f3ra nap\u0119dza emisje CO\u2082, zu\u017cycie i zanieczyszczenie wody i g\u00f3r\u0119 odpad\u00f3w, od plastikowych mikrow\u0142\u00f3kien wyp\u0142ukiwanych w pralkach po wysypiska tekstyli\u00f3w w Ghanie czy Chile. <\/p><\/div>\n\n\n<div class=\"wp-block-group posts-list-meta is-layout-flow wp-block-group-is-layout-flow\"><span class='article-list-item-author'><a href='https:\/\/www.greenpeace.org\/poland\/author\/nwosokinska\/'>Nadia Wysoki\u0144ska-Kowalczyk<\/a><\/span>\n\n<div class=\"wp-block-post-date\"><time datetime=\"2025-11-03T15:08:35+02:00\">2025-11-03<\/time><\/div><\/div>\n<\/div>\n<\/div>\n\n<\/li><li class=\"wp-block-post post-37896 post type-post status-publish format-standard has-post-thumbnail hentry category-przyroda tag-plastik tag-greenwashing p4-page-type-aktualnosci\">\n\n<div class=\"wp-block-columns is-layout-flex wp-container-core-columns-is-layout-9d6595d7 wp-block-columns-is-layout-flex\"><figure class=\"wp-block-post-featured-image\"><a href=\"https:\/\/www.greenpeace.org\/poland\/aktualnosci\/37896\/greenwashing-czym-jest-ekosciema-i-jak-jej-unikac\/\" target=\"_self\"  ><img loading=\"lazy\" decoding=\"async\" width=\"2560\" height=\"1707\" src=\"https:\/\/www.greenpeace.org\/static\/planet4-poland-stateless\/2025\/09\/6252910a-gp1su4q5-scaled.jpg\" class=\"attachment-post-thumbnail size-post-thumbnail wp-post-image wp-stateless-item\" alt=\"Greenwashing: czym jest &#8222;eko\u015bciema&#8221; i jak jej unika\u0107?\" style=\"object-fit:cover;\" srcset=\"https:\/\/www.greenpeace.org\/static\/planet4-poland-stateless\/2025\/09\/6252910a-gp1su4q5-scaled.jpg 2560w, https:\/\/www.greenpeace.org\/static\/planet4-poland-stateless\/2025\/09\/6252910a-gp1su4q5-500x333.jpg 500w, https:\/\/www.greenpeace.org\/static\/planet4-poland-stateless\/2025\/09\/6252910a-gp1su4q5-1024x683.jpg 1024w, https:\/\/www.greenpeace.org\/static\/planet4-poland-stateless\/2025\/09\/6252910a-gp1su4q5-768x512.jpg 768w, https:\/\/www.greenpeace.org\/static\/planet4-poland-stateless\/2025\/09\/6252910a-gp1su4q5-1536x1024.jpg 1536w, https:\/\/www.greenpeace.org\/static\/planet4-poland-stateless\/2025\/09\/6252910a-gp1su4q5-2048x1366.jpg 2048w, https:\/\/www.greenpeace.org\/static\/planet4-poland-stateless\/2025\/09\/6252910a-gp1su4q5-510x340.jpg 510w\" sizes=\"auto, (max-width: 2560px) 100vw, 2560px\" data-image-size=\"post-thumbnail\" data-stateless-media-bucket=\"planet4-poland-stateless\" data-stateless-media-name=\"2025\/09\/6252910a-gp1su4q5-scaled.jpg\" \/><\/a><\/figure>\n\n\n<div class=\"wp-block-group is-layout-flow wp-block-group-is-layout-flow\">\n<div class=\"wp-block-group is-layout-flex wp-block-group-is-layout-flex\"><div class=\"wp-block-post-terms\"><a href=\"https:\/\/www.greenpeace.org\/poland\/category\/przyroda\/\">Przyroda<\/a><\/div><\/div>\n\n\n<h3 class=\"wp-block-post-title\"><a href=\"https:\/\/www.greenpeace.org\/poland\/aktualnosci\/37896\/greenwashing-czym-jest-ekosciema-i-jak-jej-unikac\/\" target=\"_self\" >Greenwashing: czym jest &#8222;eko\u015bciema&#8221; i jak jej unika\u0107?<\/a><\/h3>\n\n<div class=\"wp-block-post-excerpt\"><p class=\"wp-block-post-excerpt__excerpt\">Czy Twoje ulubione marki naprawd\u0119 s\u0105 \u201eeko\u201d? Greenwashing, czyli eko\u015bciema, to coraz cz\u0119stszy spos\u00f3b firm na ocieplenie wizerunku bez realnych dzia\u0142a\u0144. Zobacz, jak rozpozna\u0107 fa\u0142szywy \u201ezielony marketing\u201d i nie da\u0107 si\u0119 nabra\u0107. <\/p><\/div>\n\n\n<div class=\"wp-block-group posts-list-meta is-layout-flow wp-block-group-is-layout-flow\"><span class='article-list-item-author'><a href='https:\/\/www.greenpeace.org\/poland\/author\/nwosokinska\/'>Nadia Wysoki\u0144ska-Kowalczyk<\/a><\/span>\n\n<div class=\"wp-block-post-date\"><time datetime=\"2025-08-28T15:37:20+02:00\">2025-08-28<\/time><\/div><\/div>\n<\/div>\n<\/div>\n\n<\/li><li class=\"wp-block-post post-37835 post type-post status-publish format-standard has-post-thumbnail hentry category-przyroda tag-plastik p4-page-type-aktualnosci\">\n\n<div class=\"wp-block-columns is-layout-flex wp-container-core-columns-is-layout-9d6595d7 wp-block-columns-is-layout-flex\"><figure class=\"wp-block-post-featured-image\"><a href=\"https:\/\/www.greenpeace.org\/poland\/aktualnosci\/37835\/wciaz-bez-traktatu-w-sprawie-plastiku-jak-przemysl-paliw-kopalnych-dalej-zatruwa-negocjacje\/\" target=\"_self\"  ><img loading=\"lazy\" decoding=\"async\" width=\"1200\" height=\"800\" src=\"https:\/\/www.greenpeace.org\/static\/planet4-poland-stateless\/2025\/08\/d3ec315d-gp0su3n0m.jpg\" class=\"attachment-post-thumbnail size-post-thumbnail wp-post-image wp-stateless-item\" alt=\"Wci\u0105\u017c bez traktatu w sprawie plastiku: Jak przemys\u0142 paliw kopalnych dalej zatruwa negocjacje\" style=\"object-fit:cover;\" srcset=\"https:\/\/www.greenpeace.org\/static\/planet4-poland-stateless\/2025\/08\/d3ec315d-gp0su3n0m.jpg 1200w, https:\/\/www.greenpeace.org\/static\/planet4-poland-stateless\/2025\/08\/d3ec315d-gp0su3n0m-500x333.jpg 500w, https:\/\/www.greenpeace.org\/static\/planet4-poland-stateless\/2025\/08\/d3ec315d-gp0su3n0m-1024x683.jpg 1024w, https:\/\/www.greenpeace.org\/static\/planet4-poland-stateless\/2025\/08\/d3ec315d-gp0su3n0m-768x512.jpg 768w, https:\/\/www.greenpeace.org\/static\/planet4-poland-stateless\/2025\/08\/d3ec315d-gp0su3n0m-510x340.jpg 510w\" sizes=\"auto, (max-width: 1200px) 100vw, 1200px\" data-image-size=\"post-thumbnail\" data-stateless-media-bucket=\"planet4-poland-stateless\" data-stateless-media-name=\"2025\/08\/d3ec315d-gp0su3n0m.jpg\" \/><\/a><\/figure>\n\n\n<div class=\"wp-block-group is-layout-flow wp-block-group-is-layout-flow\">\n<div class=\"wp-block-group is-layout-flex wp-block-group-is-layout-flex\"><div class=\"wp-block-post-terms\"><a href=\"https:\/\/www.greenpeace.org\/poland\/category\/przyroda\/\">Przyroda<\/a><\/div><\/div>\n\n\n<h3 class=\"wp-block-post-title\"><a href=\"https:\/\/www.greenpeace.org\/poland\/aktualnosci\/37835\/wciaz-bez-traktatu-w-sprawie-plastiku-jak-przemysl-paliw-kopalnych-dalej-zatruwa-negocjacje\/\" target=\"_self\" >Wci\u0105\u017c bez traktatu w sprawie plastiku: Jak przemys\u0142 paliw kopalnych dalej zatruwa negocjacje<\/a><\/h3>\n\n<div class=\"wp-block-post-excerpt\"><p class=\"wp-block-post-excerpt__excerpt\">Nadszed\u0142 czas, aby \u015bwiatowi przyw\u00f3dcy zmierzyli si\u0119 z gigantem w sali negocjacyjnej Traktatu ONZ w sprawie plastiku: wielkimi koncernami naftowymi. <\/p><\/div>\n\n\n<div class=\"wp-block-group posts-list-meta is-layout-flow wp-block-group-is-layout-flow\"><span class='article-list-item-author'>Sarah King<\/span>\n\n<div class=\"wp-block-post-date\"><time datetime=\"2025-08-20T18:05:22+02:00\">2025-08-20<\/time><\/div><\/div>\n<\/div>\n<\/div>\n\n<\/li><\/ul>\n\n\n<div class=\"wp-block-buttons carousel-controls is-horizontal is-content-justification-space-between is-nowrap is-layout-flex wp-container-core-buttons-is-layout-044bd602 wp-block-buttons-is-layout-flex\">\n<div class=\"wp-block-button carousel-control-prev\"><button type=\"button\" class=\"wp-block-button__link wp-element-button\">Wstecz<\/button><\/div>\n\n\n\n<div class=\"wp-block-button carousel-control-next\"><button type=\"button\" class=\"wp-block-button__link wp-element-button\">Dalej<\/button><\/div>\n<\/div>\n\n\n<li class=\" wp-block-navigation-item see-all-link wp-block-navigation-link\"><a class=\"wp-block-navigation-item__content\"  href=\"http:\/\/www.greenpeace.org\/poland\/aktualnosci\/?tag=plastik\"><span class=\"wp-block-navigation-item__label\">Wi\u0119cej<\/span><\/a><\/li><\/div>\n","protected":false},"excerpt":{"rendered":"<p>Zielony sta\u0142 si\u0119 nowym kolorem zysku. Pod has\u0142ami &#8222;eko&#8221; i &#8222;zr\u00f3wnowa\u017conej mody&#8221; ukrywa si\u0119 przemys\u0142, kt\u00f3ry produkuje wi\u0119cej, szybciej i taniej a wszystko to kosztem planety i ludzi. Obna\u017camy mechanizmy greenwashingu i pokazujemy, jaki jest prawdziwy koszt taniej mody.<\/p>\n","protected":false},"author":70,"featured_media":38573,"parent":2922,"menu_order":0,"comment_status":"closed","ping_status":"closed","template":"","meta":{"ep_exclude_from_search":false,"p4_hide_page_title_checkbox":"on","p4_title":"","p4_subtitle":"","p4_description":"","background_image_id":"","background_image":"","p4_button_title":"","p4_button_link":"","p4_button_link_checkbox":"","p4_og_title":"","p4_og_description":"","p4_og_image":"","p4_og_image_id":"","p4_seo_canonical_url":"","p4_campaign_name":"not set","p4_local_project":"not set","p4_basket_name":"not set","p4_department":"","footnotes":""},"categories":[3],"tags":[8,115,114],"class_list":["post-38571","page","type-page","status-publish","has-post-thumbnail","hentry","category-przyroda","tag-plastik","tag-fastfashion","tag-greenwashing"],"_links":{"self":[{"href":"https:\/\/www.greenpeace.org\/poland\/wp-json\/wp\/v2\/pages\/38571","targetHints":{"allow":["GET"]}}],"collection":[{"href":"https:\/\/www.greenpeace.org\/poland\/wp-json\/wp\/v2\/pages"}],"about":[{"href":"https:\/\/www.greenpeace.org\/poland\/wp-json\/wp\/v2\/types\/page"}],"author":[{"embeddable":true,"href":"https:\/\/www.greenpeace.org\/poland\/wp-json\/wp\/v2\/users\/70"}],"replies":[{"embeddable":true,"href":"https:\/\/www.greenpeace.org\/poland\/wp-json\/wp\/v2\/comments?post=38571"}],"version-history":[{"count":9,"href":"https:\/\/www.greenpeace.org\/poland\/wp-json\/wp\/v2\/pages\/38571\/revisions"}],"predecessor-version":[{"id":38611,"href":"https:\/\/www.greenpeace.org\/poland\/wp-json\/wp\/v2\/pages\/38571\/revisions\/38611"}],"up":[{"embeddable":true,"href":"https:\/\/www.greenpeace.org\/poland\/wp-json\/wp\/v2\/pages\/2922"}],"wp:featuredmedia":[{"embeddable":true,"href":"https:\/\/www.greenpeace.org\/poland\/wp-json\/wp\/v2\/media\/38573"}],"wp:attachment":[{"href":"https:\/\/www.greenpeace.org\/poland\/wp-json\/wp\/v2\/media?parent=38571"}],"wp:term":[{"taxonomy":"category","embeddable":true,"href":"https:\/\/www.greenpeace.org\/poland\/wp-json\/wp\/v2\/categories?post=38571"},{"taxonomy":"post_tag","embeddable":true,"href":"https:\/\/www.greenpeace.org\/poland\/wp-json\/wp\/v2\/tags?post=38571"}],"curies":[{"name":"wp","href":"https:\/\/api.w.org\/{rel}","templated":true}]}}