{"id":38576,"date":"2025-11-04T22:12:00","date_gmt":"2025-11-04T20:12:00","guid":{"rendered":"https:\/\/www.greenpeace.org\/poland\/?page_id=38576"},"modified":"2026-02-12T15:58:55","modified_gmt":"2026-02-12T13:58:55","slug":"masakra-niedzwiedzi-na-slowacji","status":"publish","type":"page","link":"https:\/\/www.greenpeace.org\/poland\/masakra-niedzwiedzi-na-slowacji\/","title":{"rendered":"Trwa masakra nied\u017awiedzi na S\u0142owacji!"},"content":{"rendered":"\n<p><strong>Na S\u0142owacji trwa nielegalny, masowy odstrza\u0142 nied\u017awiedzi. <\/strong>Decyzja s\u0142owackiego rz\u0105du o odstrzale <strong>nawet 350 nied\u017awiedzi<\/strong> zapad\u0142a bez wymaganej prawem transgranicznej oceny oddzia\u0142ywania na \u015brodowisko. Masowe polowania s\u0105 prowadzone w pobli\u017cu granicy z Polsk\u0105, wi\u0119c zagra\u017caj\u0105 tak\u017ce polskiej populacji, kt\u00f3ra jest \u015bci\u015ble chroniona. <\/p>\n\n<div class=\"wp-block-buttons is-layout-flex wp-block-buttons-is-layout-flex\">\n<div class=\"wp-block-button is-style-cta\"><a class=\"wp-block-button__link has-medium-font-size has-custom-font-size wp-element-button\" href=\"#apel\"><strong>Dodaj g\u0142os sprzeciwu!<\/strong><\/a><\/div>\n<\/div>\n\n<div style=\"height:34px\" aria-hidden=\"true\" class=\"wp-block-spacer\"><\/div>\n\n<h3 class=\"wp-block-heading\">Greenpeace dotar\u0142 do materia\u0142\u00f3w dokumentuj\u0105cych odstrza\u0142 nied\u017awiedzi w S\u0142owacji. <strong>Ostrzegamy, \u017ce s\u0105 to drastyczne zdj\u0119cia<\/strong>:<\/h3>\n\n<div class=\"wp-block-group is-layout-constrained wp-block-group-is-layout-constrained\">\n<div style=\"position: relative; width: 100%; max-width: 1000px; height: 0; min-height:300px; padding-bottom: 56.25%; overflow: hidden; margin: auto;\">\n  <iframe\n    src=\"https:\/\/cdn.knightlab.com\/libs\/juxtapose\/latest\/embed\/index.html?uid=076b9d80-b8c4-11f0-ba1b-0e6f42328d7d\"\n    frameborder=\"0\"\n    allowfullscreen\n    style=\"position: absolute; top: 0; left: 0; width: 100%; height: 100%; border: 0;\">\n  <\/iframe>\n<\/div>\n<\/div>\n\n<div class=\"wp-block-group is-layout-constrained wp-block-group-is-layout-constrained\">\n<div style=\"position: relative; width: 100%; max-width: 1000px; height: 0; min-height:300px; padding-bottom: 56.25%; overflow: hidden; margin: auto;\">\n  <iframe\n    src=\"https:\/\/cdn.knightlab.com\/libs\/juxtapose\/latest\/embed\/index.html?uid=d9309e9e-b8bd-11f0-ba1b-0e6f42328d7d\"\n    frameborder=\"0\"\n    allowfullscreen\n    style=\"position: absolute; top: 0; left: 0; width: 100%; height: 100%; border: 0;\">\n  <\/iframe>\n<\/div>\n<\/div>\n\n<div class=\"wp-block-group is-layout-constrained wp-container-core-group-is-layout-a7c31ef8 wp-block-group-is-layout-constrained\" style=\"padding-right:0;padding-left:0\">\n<div style=\"position: relative; width: 100%; max-width:650px; height: auto; min-height: 499px; p adding-bottom: 56.25%; overflow: hidden; margin: auto;\">\n  <iframe\n    src=\"https:\/\/cdn.knightlab.com\/libs\/juxtapose\/latest\/embed\/index.html?uid=a2fd0646-b999-11f0-ba1b-0e6f42328d7d\"\n    frameborder=\"0\"\n    allowfullscreen\n    style=\"position: absolute; top: 0; left: 0; width: 100%; height: 100%; border: 0;\">\n  <\/iframe>\n<\/div>\n<\/div>\n\n<h3 class=\"wp-block-heading has-text-align-center has-beige-100-background-color has-background\"><strong>W zwi\u0105zku z tym szokuj\u0105cym procederem Greenpeace z\u0142o\u017cy\u0142 skarg\u0119 do Komisji Europejskiej na rz\u0105d S\u0142owacji.<\/strong><\/h3>\n\n<p id=\"apel\">Je\u015bli chcesz wesprze\u0107 nasz g\u0142os sprzeciwu wobec trwaj\u0105cej na S\u0142owacji rzezi nied\u017awiedzi, podpisz nasz apel do s\u0142owackiego rz\u0105du. Nied\u017awiedzie trzeba chroni\u0107!<\/p>\n\n<div class=\"wp-block-columns has-action-yellow-background-color has-background is-layout-flex wp-container-core-columns-is-layout-9d6595d7 wp-block-columns-is-layout-flex\">\n<div class=\"wp-block-column is-layout-flow wp-block-column-is-layout-flow\" style=\"flex-basis:66.66%\">\n<h1 class=\"wp-block-heading\" id=\"formularz\">CHRONI\u0106, NIE STRZELA\u0106<\/h1>\n\n\n\n<h2 class=\"wp-block-heading has-text-align-left\" style=\"text-transform:uppercase\"><strong>Zaapeluj z nami o zatrzymanie masakry karpackich nied\u017awiedzi!<\/strong><\/h2>\n\n\n\n<p><strong>S\u0142owacki rz\u0105d realizuje odstrza\u0142 350 nied\u017awiedzi<\/strong>, w tym tych, kt\u00f3re odwiedzaj\u0105 <strong>polskie Tatry i Bieszczady.<\/strong> To skandal i kr\u00f3tkowzroczno\u015b\u0107.  Si\u0119ga si\u0119 po strzelby zamiast stosowa\u0107 skuteczne metody zapobiegania konfliktom na linii cz\u0142owiek-nied\u017awied\u017a. <br><br><strong>\u017bycie 350 nied\u017awiedzi wisi na w\u0142osku<\/strong>, ale nic nie jest jeszcze przes\u0105dzone. Wci\u0105\u017c&nbsp;<strong>mo\u017cemy powstrzyma\u0107 wydany na nie wyrok<\/strong>.<\/p>\n<\/div>\n\n\n\n<div class=\"wp-block-column is-vertically-aligned-center has-action-yellow-background-color has-background is-layout-constrained wp-block-column-is-layout-constrained\" style=\"flex-basis:33.33%\">\n<h4 class=\"wp-block-heading\"><strong>Podpisz wsp\u00f3lny apel polskiego i s\u0142owackiego Greenpeace.<\/strong><\/h4>\n\n\n\n<p>Nie pozw\u00f3lmy, by nasze wsp\u00f3lne, karpackie nied\u017awiedzie gin\u0119\u0142y. <\/p>\n\n\n\n<script charset=\"utf-8\" type=\"text\/javascript\" src=\"\/\/js-eu1.hsforms.net\/forms\/embed\/v2.js\"><\/script>\n<script>\n  hbspt.forms.create({\n    portalId: \"25392534\",\n    formId: \"203eb707-1f7b-4064-a70a-506a98405a94\",\n    region: \"eu1\"\n  });\n<\/script>\n<\/div>\n<\/div>\n","protected":false},"excerpt":{"rendered":"<p>Na S\u0142owacji trwa nielegalny, masowy odstrza\u0142 nied\u017awiedzi. Decyzja s\u0142owackiego rz\u0105du o odstrzale nawet 350 nied\u017awiedzi zapad\u0142a bez wymaganej prawem transgranicznej oceny oddzia\u0142ywania na \u015brodowisko. Masowe polowania s\u0105 prowadzone w pobli\u017cu granicy z Polsk\u0105, wi\u0119c zagra\u017caj\u0105 tak\u017ce polskiej populacji, kt\u00f3ra jest \u015bci\u015ble chroniona. Greenpeace dotar\u0142 do materia\u0142\u00f3w dokumentuj\u0105cych odstrza\u0142 nied\u017awiedzi w S\u0142owacji. Ostrzegamy, \u017ce s\u0105 to [&hellip;]<\/p>\n","protected":false},"author":25,"featured_media":38577,"parent":0,"menu_order":0,"comment_status":"closed","ping_status":"closed","template":"","meta":{"ep_exclude_from_search":true,"p4_hide_page_title_checkbox":"","p4_title":"","p4_subtitle":"","p4_description":"","background_image_id":"","background_image":"","p4_button_title":"","p4_button_link":"","p4_button_link_checkbox":"","p4_og_title":"","p4_og_description":"","p4_og_image":"","p4_og_image_id":"","p4_seo_canonical_url":"","p4_campaign_name":"","p4_local_project":"","p4_basket_name":"","p4_department":"","footnotes":""},"categories":[3],"tags":[26,107],"class_list":["post-38576","page","type-page","status-publish","has-post-thumbnail","hentry","category-przyroda","tag-ochrona-przyrody","tag-karpaty"],"_links":{"self":[{"href":"https:\/\/www.greenpeace.org\/poland\/wp-json\/wp\/v2\/pages\/38576","targetHints":{"allow":["GET"]}}],"collection":[{"href":"https:\/\/www.greenpeace.org\/poland\/wp-json\/wp\/v2\/pages"}],"about":[{"href":"https:\/\/www.greenpeace.org\/poland\/wp-json\/wp\/v2\/types\/page"}],"author":[{"embeddable":true,"href":"https:\/\/www.greenpeace.org\/poland\/wp-json\/wp\/v2\/users\/25"}],"replies":[{"embeddable":true,"href":"https:\/\/www.greenpeace.org\/poland\/wp-json\/wp\/v2\/comments?post=38576"}],"version-history":[{"count":20,"href":"https:\/\/www.greenpeace.org\/poland\/wp-json\/wp\/v2\/pages\/38576\/revisions"}],"predecessor-version":[{"id":39339,"href":"https:\/\/www.greenpeace.org\/poland\/wp-json\/wp\/v2\/pages\/38576\/revisions\/39339"}],"wp:featuredmedia":[{"embeddable":true,"href":"https:\/\/www.greenpeace.org\/poland\/wp-json\/wp\/v2\/media\/38577"}],"wp:attachment":[{"href":"https:\/\/www.greenpeace.org\/poland\/wp-json\/wp\/v2\/media?parent=38576"}],"wp:term":[{"taxonomy":"category","embeddable":true,"href":"https:\/\/www.greenpeace.org\/poland\/wp-json\/wp\/v2\/categories?post=38576"},{"taxonomy":"post_tag","embeddable":true,"href":"https:\/\/www.greenpeace.org\/poland\/wp-json\/wp\/v2\/tags?post=38576"}],"curies":[{"name":"wp","href":"https:\/\/api.w.org\/{rel}","templated":true}]}}