{"id":39180,"date":"2026-01-13T14:47:42","date_gmt":"2026-01-13T12:47:42","guid":{"rendered":"https:\/\/www.greenpeace.org\/poland\/?page_id=39180"},"modified":"2026-01-27T11:45:40","modified_gmt":"2026-01-27T09:45:40","slug":"jez-europejski","status":"publish","type":"page","link":"https:\/\/www.greenpeace.org\/poland\/dowiedz-sie\/przyroda\/ochronaprzyrody\/jez-europejski\/","title":{"rendered":"#Je\u017c europejski"},"content":{"rendered":"\n<div class=\"wp-block-cover alignfull has-custom-content-position is-position-center-left\" style=\"min-height:500px;aspect-ratio:unset;\"><img loading=\"lazy\" decoding=\"async\" width=\"1500\" height=\"750\" class=\"wp-block-cover__image-background wp-image-39181\" alt=\"\" src=\"https:\/\/www.greenpeace.org\/static\/planet4-poland-stateless\/2026\/01\/7c11b9e4-headery-600x300-nadia-3.gif\" style=\"object-position:62% 76%\" data-object-fit=\"cover\" data-object-position=\"62% 76%\"\/><span aria-hidden=\"true\" class=\"wp-block-cover__background has-background-dim-10 has-background-dim\" style=\"background-color:#465c3a\"><\/span><div class=\"wp-block-cover__inner-container is-layout-flow wp-block-cover-is-layout-flow\">\n<div class=\"wp-block-columns is-layout-flex wp-container-core-columns-is-layout-9d6595d7 wp-block-columns-is-layout-flex\">\n<div class=\"wp-block-column is-vertically-aligned-center is-layout-flow wp-block-column-is-layout-flow\" style=\"flex-basis:10%\"><\/div>\n\n\n\n<div class=\"wp-block-column is-layout-flow wp-block-column-is-layout-flow\" style=\"flex-basis:40%\">\n<h1 class=\"wp-block-heading has-white-color has-text-color has-link-color wp-elements-9b3d1c3116f04d0bd8c11a4191a88e1d\">Je\u017c europejski<\/h1>\n\n\n\n<p class=\"has-white-color has-text-color has-link-color wp-elements-a0e23d738fbd94ad3550b3b99b95fb27\" style=\"font-size:1.25rem\">Cho\u0107 znamy go wszyscy, ten ma\u0142y mieszkaniec naszych trawnik\u00f3w wci\u0105\u017c pozostaje jednym z najbardziej niezrozumianych gatunk\u00f3w w polskiej przyrodzie. <\/p>\n\n\n\n<p class=\"has-white-color has-text-color has-link-color wp-elements-f3a3119e690bb8cb25203f01701fe1b6\" style=\"font-size:1.25rem\">Czas oddzieli\u0107 bajkowe wyobra\u017cenia od biologicznych fakt\u00f3w i sprawdzi\u0107, dlaczego je\u017c jest jednym z naszych najwa\u017cniejszych sprzymierze\u0144c\u00f3w.<\/p>\n<\/div>\n\n\n\n<div class=\"wp-block-column is-layout-flow wp-block-column-is-layout-flow\" style=\"flex-basis:50%\"><\/div>\n<\/div>\n<\/div><\/div>\n\n<p>Je\u017c europejski pojawi\u0142 si\u0119 na Ziemi oko\u0142o <strong>60 milion\u00f3w lat temu<\/strong>, w czasach mamut\u00f3w i szabloz\u0119bnych kot\u00f3w. W swojej obecnej formie je\u017ce s\u0105 nam znane od 15 milion\u00f3w lat, a jednak to w\u0142a\u015bnie dzi\u015b, w epoce starannie przystrzy\u017conych trawnik\u00f3w, automatycznych kosiarek i chemicznych \u015brodk\u00f3w ochrony ro\u015blin, ich przetrwanie stoi pod znakiem zapytania.<\/p>\n\n<p>W Polsce wyst\u0119puj\u0105 dwa gatunki je\u017cy europejskich: <strong>je\u017c zachodni<\/strong> (<em>Erinaceus europaeus<\/em>) i <strong>je\u017c wschodni<\/strong> (<em>Erinaceus roumanicus<\/em>). R\u00f3\u017cnica w ich wygl\u0105dzie jest na tyle subtelna &#8211; barwa brzucha i liczba kolc\u00f3w &#8211; \u017ce dopiero na podstawie bada\u0144 genetycznych jeste\u015bmy w stanie okre\u015bli\u0107, z kt\u00f3rym podgatunkiem mamy do czynienia. Oba gatunki \u0142\u0105czy kr\u0119pa sylwetka, wyd\u0142u\u017cony ryjek i niezwyk\u0142e \u201efuterko\u201d, sk\u0142adaj\u0105ce si\u0119 <strong>od 6000 do nawet 8000 kolc\u00f3w<\/strong>, czyli zmodyfikowanych w\u0142os\u00f3w zbudowanych z keratyny. To w\u0142a\u015bnie one tworz\u0105 s\u0142ynny pancerz, kt\u00f3ry je\u017c unosi dzi\u0119ki silnemu mi\u0119\u015bniom, pozwalaj\u0105cemu mu zwin\u0105\u0107 si\u0119 w ciasn\u0105 kul\u0119 i ukry\u0107 delikatne cz\u0119\u015bci cia\u0142a. <\/p>\n\n<p>Wbrew pozorom <strong>je\u017ce potrafi\u0105 zar\u00f3wno sprawnie biega\u0107, jak i p\u0142ywa\u0107<\/strong>, co wi\u0119cej ich s\u0142uch i w\u0119ch (w przeciwie\u0144stwie do wzroku) dzia\u0142aj\u0105 tak dobrze, \u017ce <strong>s\u0105 w stanie wyczu\u0107 d\u017cd\u017cownic\u0119 pod kilkucentymetrow\u0105 warstw\u0105 ziemi<\/strong>. Je\u017c to r\u00f3wnie\u017c samotnik, \u0142\u0105czy si\u0119 w pary tylko w okresie godowym. Ca\u0142\u0105 reszt\u0119 roku sp\u0119dza na nocnych w\u0119dr\u00f3wkach, odpoczynku i budowie gniazd, kt\u00f3re tworzy z li\u015bci, trawy i mchu, korzystaj\u0105c z naturalnych zakamark\u00f3w terenu.<\/p>\n\n<p class=\"has-medium-font-size\"><\/p>\n\n<div class=\"wp-block-media-text is-stacked-on-mobile is-vertically-aligned-center\"><figure class=\"wp-block-media-text__media\"><img loading=\"lazy\" decoding=\"async\" width=\"576\" height=\"1024\" src=\"https:\/\/www.greenpeace.org\/static\/planet4-poland-stateless\/2026\/01\/95f7ad1a-dzika-mapa-reklamy-1080-x-1920-px-1-576x1024.jpg\" alt=\"\" sizes=\"auto, (min-width: 1600px) calc((1320px - 24px) \/ 2),(min-width: 1200px) calc((1140px - 24px) \/ 2),(min-width: 992px) calc((960px - 24px) \/ 2),(min-width: 768px) calc((720px - 24px) \/ 2),(min-width: 601px) calc((540px - 24px) \/ 2),(min-width: 577px) calc((540px - 24px) \/ 1), calc(100vw - 24px)\" srcset=\"https:\/\/www.greenpeace.org\/static\/planet4-poland-stateless\/2026\/01\/95f7ad1a-dzika-mapa-reklamy-1080-x-1920-px-1-scaled.jpg 1440w, https:\/\/www.greenpeace.org\/static\/planet4-poland-stateless\/2026\/01\/95f7ad1a-dzika-mapa-reklamy-1080-x-1920-px-1-281x500.jpg 281w, https:\/\/www.greenpeace.org\/static\/planet4-poland-stateless\/2026\/01\/95f7ad1a-dzika-mapa-reklamy-1080-x-1920-px-1-576x1024.jpg 576w, https:\/\/www.greenpeace.org\/static\/planet4-poland-stateless\/2026\/01\/95f7ad1a-dzika-mapa-reklamy-1080-x-1920-px-1-768x1366.jpg 768w, https:\/\/www.greenpeace.org\/static\/planet4-poland-stateless\/2026\/01\/95f7ad1a-dzika-mapa-reklamy-1080-x-1920-px-1-864x1536.jpg 864w, https:\/\/www.greenpeace.org\/static\/planet4-poland-stateless\/2026\/01\/95f7ad1a-dzika-mapa-reklamy-1080-x-1920-px-1-1152x2048.jpg 1152w, https:\/\/www.greenpeace.org\/static\/planet4-poland-stateless\/2026\/01\/95f7ad1a-dzika-mapa-reklamy-1080-x-1920-px-1-191x340.jpg 191w\" class=\"wp-image-39182 size-full\"\/><\/figure><div class=\"wp-block-media-text__content\">\n<h2 class=\"wp-block-heading\">Z lasu na trawnik. Jak je\u017c sta\u0142 si\u0119 naszym s\u0105siadem<\/h2>\n\n\n\n<p>Historie je\u017cy zwykle zaczynaj\u0105 si\u0119 w widnych lasach li\u015bciastych, w\u015br\u00f3d bogatego le\u015bnego runa. Jednak ostatnie dekady przynios\u0142y wa\u017cn\u0105 zmian\u0119: <strong>je\u017ce sta\u0142y si\u0119 jednymi z najlepiej przystosowanych do \u017cycia ssak\u00f3w w \u015brodowisku przekszta\u0142conym przez cz\u0142owieka<\/strong>. <\/p>\n\n\n\n<p>Dzi\u015b znacznie cz\u0119\u015bciej spotkamy je na cmentarzach, w ogrodach dzia\u0142kowych, parkach miejskich i na obrze\u017cach ma\u0142ych miasteczek ni\u017c w g\u0142\u0119bi lasu. Dzieje si\u0119 tak nie tylko dlatego, \u017ce preferuj\u0105 one bardziej zr\u00f3\u017cnicowany krajobraz, pe\u0142en zaro\u015bli, trawnik\u00f3w i \u017cywop\u0142ot\u00f3w tworz\u0105cych bezpieczne kryj\u00f3wki do przezimowania. W \u015brodowisku zurbanizowanym spada r\u00f3wnie\u017c prawdopodobie\u0144stwo natkni\u0119cia si\u0119 na borsuka, sow\u0119 lub lisa, dla kt\u00f3rych je\u017ce stanowi\u0105 przysmak. <\/p>\n\n\n\n<p>Doros\u0142y je\u017c potrafi przej\u015b\u0107 nawet <strong>2-3 kilometry w jedn\u0105 noc<\/strong>, przeczesuj\u0105c ogrody i parki w poszukiwaniu po\u017cywienia oraz samicy. Mimo \u017ce w miastach ryzyko spotkania borsuka jest niewielkie, ka\u017cda szczelinowa siatka, betonowy murek czy szczelne ogrodzenie pozostaje realn\u0105 barier\u0105. Dlatego nawet niewielkie przej\u015bcie mi\u0119dzy dzia\u0142kami potrafi radykalnie zwi\u0119kszy\u0107 mo\u017cliwo\u015bci poruszania si\u0119 je\u017cy i poprawi\u0107 szanse przetrwania lokalnej populacji.<\/p>\n\n\n\n<p><\/p>\n\n\n\n<p><\/p>\n\n\n\n<p><\/p>\n<\/div><\/div>\n\n<h2 class=\"wp-block-heading\"><strong><strong><strong>Nocny patrol. Co l\u0105duje na talerzu kolczastego drapie\u017cnika?<\/strong><\/strong><\/strong><\/h2>\n\n<p>Czy je\u017ce jedz\u0105 jab\u0142ka? NIE! A na pewno nie tak cz\u0119sto jak nam si\u0119 wydaje. <strong>Je\u017ce s\u0105 przede wszystkim owado\u017cerne<\/strong>. Zjadaj\u0105 d\u017cd\u017cownice, \u015blimaki, chrz\u0105szcze, g\u0105sienice, a tak\u017ce reguluj\u0105 populacje bezkr\u0119gowc\u00f3w, kt\u00f3re cz\u0119sto uwa\u017camy za ogrodowe szkodniki. Wraz z przyj\u015bciem jesieni i spadkiem liczebno\u015bci owad\u00f3w, je\u017ce staj\u0105 si\u0119 mniej wybredne a ich pokarmem staje si\u0119 padlina, ptasie jaja, opad\u0142e owoce <strong>a nawet \u017cmije, na kt\u00f3rych jad s\u0105 cz\u0119\u015bciowo odporne<\/strong>.<br><\/p>\n\n<p><strong>To r\u00f3wnie\u017c zwierz\u0119 o bardzo w\u0105skim zakresie tolerancji na zmiany \u015brodowiskowe.<\/strong> Metale ci\u0119\u017ckie i pestycydy kumuluj\u0105 si\u0119 w ich organizmach, dzi\u0119ki czemu je\u017ce po\u015brednio informuj\u0105 naukowc\u00f3w o stanie \u015brodowiska w okolicznych terenach rolnych i miastach. <strong>Obecno\u015b\u0107 je\u017ca w ogrodzie to sygna\u0142, \u017ce teren jest zr\u00f3\u017cnicowany i stosunkowo przyjazny dla dzikiej przyrody<\/strong>.<\/p>\n\n<h2 class=\"wp-block-heading\"><strong>Hibernacja &#8211; Zimowy sen w kolczastej twierdzy.<\/strong><\/h2>\n\n<p><strong>Najwi\u0119kszym wyzwaniem w \u017cyciu je\u017ca jest zima<\/strong>. Aby j\u0105 przetrwa\u0107, zwierz\u0119 musi zgromadzi\u0107 odpowiedni\u0105 ilo\u015b\u0107 t\u0142uszczu. Jesienne tygodnie to wy\u015bcig z czasem, szczeg\u00f3lnie dla m\u0142odych z p\u00f3\u017anych miot\u00f3w, kt\u00f3re <strong>musz\u0105 osi\u0105gn\u0105\u0107 mas\u0119 co najmniej 600 gram\u00f3w zanim zapadn\u0105 w sen zimowy.<\/strong> <\/p>\n\n<p>Podczas hibernacji temperatura cia\u0142a je\u017ca spada do kilku stopni Celsjusza, a serce zwalnia prawie dwudziestokrotnie. Ca\u0142y proces jest niezwykle energoch\u0142onny &#8211; zw\u0142aszcza momenty wybudzania, kt\u00f3re w cieplejsze zimy wyst\u0119puj\u0105 coraz cz\u0119\u015bciej. Fa\u0142szywe pobudki, wywo\u0142ane wahaniami temperatur, mog\u0105 pozbawi\u0107 je\u017ca zapas\u00f3w t\u0142uszczu, a tym samym szans na prze\u017cycie do wiosny.<\/p>\n\n<p><\/p>\n\n<div class=\"wp-block-columns is-layout-flex wp-container-core-columns-is-layout-9d6595d7 wp-block-columns-is-layout-flex\">\n<div class=\"wp-block-column is-layout-flow wp-block-column-is-layout-flow\">\n<figure class=\"wp-block-image size-large\"><img loading=\"lazy\" decoding=\"async\" width=\"1024\" height=\"1024\" src=\"https:\/\/www.greenpeace.org\/static\/planet4-poland-stateless\/2026\/01\/83c9a7cd-5-1024x1024.jpg\" alt=\"\" class=\"wp-image-39183\" srcset=\"https:\/\/www.greenpeace.org\/static\/planet4-poland-stateless\/2026\/01\/83c9a7cd-5-1024x1024.jpg 1024w, https:\/\/www.greenpeace.org\/static\/planet4-poland-stateless\/2026\/01\/83c9a7cd-5-500x500.jpg 500w, https:\/\/www.greenpeace.org\/static\/planet4-poland-stateless\/2026\/01\/83c9a7cd-5-300x300.jpg 300w, https:\/\/www.greenpeace.org\/static\/planet4-poland-stateless\/2026\/01\/83c9a7cd-5-768x768.jpg 768w, https:\/\/www.greenpeace.org\/static\/planet4-poland-stateless\/2026\/01\/83c9a7cd-5-1536x1536.jpg 1536w, https:\/\/www.greenpeace.org\/static\/planet4-poland-stateless\/2026\/01\/83c9a7cd-5-1366x1366.jpg 1366w, https:\/\/www.greenpeace.org\/static\/planet4-poland-stateless\/2026\/01\/83c9a7cd-5-340x340.jpg 340w, https:\/\/www.greenpeace.org\/static\/planet4-poland-stateless\/2026\/01\/83c9a7cd-5.jpg 2025w\" sizes=\"auto, (max-width: 1024px) 100vw, 1024px\" \/><\/figure>\n<\/div>\n\n\n\n<div class=\"wp-block-column is-layout-flow wp-block-column-is-layout-flow\">\n<figure class=\"wp-block-image size-full\"><img loading=\"lazy\" decoding=\"async\" width=\"2025\" height=\"2025\" src=\"https:\/\/www.greenpeace.org\/static\/planet4-poland-stateless\/2026\/01\/d7179d1a-6.jpg\" alt=\"\" class=\"wp-image-39184\" srcset=\"https:\/\/www.greenpeace.org\/static\/planet4-poland-stateless\/2026\/01\/d7179d1a-6.jpg 2025w, https:\/\/www.greenpeace.org\/static\/planet4-poland-stateless\/2026\/01\/d7179d1a-6-500x500.jpg 500w, https:\/\/www.greenpeace.org\/static\/planet4-poland-stateless\/2026\/01\/d7179d1a-6-1024x1024.jpg 1024w, https:\/\/www.greenpeace.org\/static\/planet4-poland-stateless\/2026\/01\/d7179d1a-6-300x300.jpg 300w, https:\/\/www.greenpeace.org\/static\/planet4-poland-stateless\/2026\/01\/d7179d1a-6-768x768.jpg 768w, https:\/\/www.greenpeace.org\/static\/planet4-poland-stateless\/2026\/01\/d7179d1a-6-1536x1536.jpg 1536w, https:\/\/www.greenpeace.org\/static\/planet4-poland-stateless\/2026\/01\/d7179d1a-6-1366x1366.jpg 1366w, https:\/\/www.greenpeace.org\/static\/planet4-poland-stateless\/2026\/01\/d7179d1a-6-340x340.jpg 340w\" sizes=\"auto, (max-width: 2025px) 100vw, 2025px\" \/><\/figure>\n<\/div>\n\n\n\n<div class=\"wp-block-column is-layout-flow wp-block-column-is-layout-flow\">\n<figure class=\"wp-block-image size-large\"><img loading=\"lazy\" decoding=\"async\" width=\"1024\" height=\"1024\" src=\"https:\/\/www.greenpeace.org\/static\/planet4-poland-stateless\/2026\/01\/0e428f22-7-1024x1024.jpg\" alt=\"\" class=\"wp-image-39186\" srcset=\"https:\/\/www.greenpeace.org\/static\/planet4-poland-stateless\/2026\/01\/0e428f22-7-1024x1024.jpg 1024w, https:\/\/www.greenpeace.org\/static\/planet4-poland-stateless\/2026\/01\/0e428f22-7-500x500.jpg 500w, https:\/\/www.greenpeace.org\/static\/planet4-poland-stateless\/2026\/01\/0e428f22-7-300x300.jpg 300w, https:\/\/www.greenpeace.org\/static\/planet4-poland-stateless\/2026\/01\/0e428f22-7-768x768.jpg 768w, https:\/\/www.greenpeace.org\/static\/planet4-poland-stateless\/2026\/01\/0e428f22-7-1536x1536.jpg 1536w, https:\/\/www.greenpeace.org\/static\/planet4-poland-stateless\/2026\/01\/0e428f22-7-1366x1366.jpg 1366w, https:\/\/www.greenpeace.org\/static\/planet4-poland-stateless\/2026\/01\/0e428f22-7-340x340.jpg 340w, https:\/\/www.greenpeace.org\/static\/planet4-poland-stateless\/2026\/01\/0e428f22-7.jpg 2025w\" sizes=\"auto, (max-width: 1024px) 100vw, 1024px\" \/><\/figure>\n<\/div>\n<\/div>\n\n<h2 class=\"wp-block-heading\">Zab\u00f3jczy porz\u0105dek: Jak nasze ogrody staj\u0105 si\u0119 wrogim terytorium<\/h2>\n\n<p>Wsp\u00f3\u0142czesny \u015bwiat jest dla je\u017ca pe\u0142en niebezpiecze\u0144stw, kt\u00f3rych nie zna\u0142 przez miliony lat swojej historii. Najpowa\u017cniejszym z nich s\u0105 drogi. Zwijanie si\u0119 w kulk\u0119 to skuteczna obrona przed lisem czy psem, ale nie przed samochodem. <strong>Je\u017ce nale\u017c\u0105 do najcz\u0119\u015bciej zg\u0142aszanych ofiar kolizji drogowych w Polsce<\/strong>. <\/p>\n\n<p>Drug\u0105 wielk\u0105 presj\u0105 jest utrata siedlisk. <strong>Usuwanie \u017cywop\u0142ot\u00f3w, przycinanie krzew\u00f3w \u201ena zero\u201d, grabienie li\u015bci, a nawet porz\u0105dkowanie kompostownik\u00f3w odbiera je\u017com miejsca na gniazda letnie i zimowe.<\/strong> Intensywne rolnictwo, monokultury i chemizacja \u015brodowiska prowadz\u0105 do zaniku bezkr\u0119gowc\u00f3w, od kt\u00f3rych zale\u017c\u0105. Pestycydy i trutki (szczeg\u00f3lnie te na \u015blimaki i gryzonie) zabijaj\u0105 je\u017ce po\u015brednio, bo zwierz\u0119ta zjadaj\u0105 zatrute bezkr\u0119gowce, lub bezpo\u015brednio, kiedy znajd\u0105 trutk\u0119 podczas \u017cerowania. <\/p>\n\n<p><strong>Niezwykle gro\u017ane s\u0105 narz\u0119dzia ogrodowe, w szczeg\u00f3lno\u015bci kosiarki, tak\u017ce robotyczne<\/strong>. Je\u017ce odpoczywaj\u0105 w ci\u0105gu dnia w wysokiej trawie, krzakach i stertach li\u015bci. Wiele z nich ginie lub doznaje powa\u017cnych obra\u017ce\u0144, zanim operator zauwa\u017cy, \u017ce co\u015b jest nie tak. Gro\u017ane s\u0105 tak\u017ce siatki, plastikowe opakowania, kubki, ogrodzenia bez przej\u015b\u0107, a tak\u017ce oczka wodne, z kt\u00f3rych nie da si\u0119 wyj\u015b\u0107 po stromym, \u015bliskim brzegu.<\/p>\n\n<h2 class=\"wp-block-heading\">Zmie\u0144 ogr\u00f3d w bezpieczny azyl. Instrukcja obs\u0142ugi kolczastego s\u0105siada.<\/h2>\n\n<p>P<strong>omaganie je\u017com wcale nie wymaga du\u017cych koszt\u00f3w ani wyrzecze\u0144. Czasem wystarczy zostawi\u0107 w ogrodzie fragment naturalnego chaosu: pryzm\u0119 li\u015bci, stert\u0119 ga\u0142\u0119zi, kawa\u0142ek niekoszonej trawy. <\/strong>To miejsca, kt\u00f3re je\u017ce wykorzystuj\u0105 jako schronienia i gniazda. Przej\u015bcie o wymiarach 15 \u00d7 15 cm pod ogrodzeniem daje im dost\u0119p do s\u0105siednich ogrod\u00f3w i znacznie zwi\u0119ksza ich area\u0142 \u017cerowania. Oczka wodne warto zabezpieczy\u0107 \u0142agodnym, nie\u015bliskim zej\u015bciem. Zamiast pestycyd\u00f3w mo\u017cna stosowa\u0107 naturalne metody ochrony ro\u015blin. <\/p>\n\n<p>Dokarmianie, je\u015bli w og\u00f3le jest konieczne, powinno ogranicza\u0107 si\u0119 do kr\u00f3tkich okres\u00f3w przed i po hibernacji, wy\u0142\u0105cznie w formie karmy dla kot\u00f3w lub ps\u00f3w oraz zawsze z dost\u0119pem do \u015bwie\u017cej wody. <strong>Mleko i chleb s\u0105 dla je\u017cy szkodliwe i mog\u0105 prowadzi\u0107 do odwodnienia oraz powa\u017cnych zaburze\u0144 trawienia<\/strong>. Je\u015bli znajdziemy je\u017ca rannego, os\u0142abionego, wychudzonego lub aktywnego w ci\u0105gu dnia zim\u0105, nale\u017cy zapewni\u0107 mu ciep\u0142o i wod\u0119, a nast\u0119pnie jak najszybciej skontaktowa\u0107 si\u0119 z o\u015brodkiem rehabilitacji dzikich zwierz\u0105t. To jedyne miejsca, kt\u00f3re maj\u0105 kompetencje do oceny, czy interwencja jest konieczna.<br><\/p>\n\n<figure class=\"wp-block-video\"><video controls src=\"https:\/\/www.greenpeace.org\/static\/planet4-poland-stateless\/2026\/01\/327a0831-headery-600x300-nadia.mp4\"><\/video><\/figure>\n\n<h2 class=\"wp-block-heading\">Podsumowanie<\/h2>\n\n<div class=\"wp-block-columns is-layout-flex wp-container-core-columns-is-layout-9d6595d7 wp-block-columns-is-layout-flex\">\n<div class=\"wp-block-column is-layout-flow wp-block-column-is-layout-flow\">\n<p><strong>Je\u017c przetrwa\u0142 epok\u0119 lodowcow\u0105, zmiany klimatu i drapie\u017cniki, kt\u00f3rych nie ma ju\u017c na Ziemi, a dzi\u015b jego najwi\u0119kszym zagro\u017ceniem jest cz\u0142owiek: samochody, wypalanie traw i kosiarki.<\/strong> To, co najbardziej mu zagra\u017ca, wynika w wi\u0119kszo\u015bci przypadk\u00f3w z naszej niewiedzy i po\u015bpiechu. Dlatego tak wa\u017cne jest, by rzetelna wiedza zast\u0119powa\u0142a mity, a proste dzia\u0142ania &#8211; od rezygnacji z pestycyd\u00f3w po zostawienie sterty li\u015bci &#8211; stawa\u0142y si\u0119 naszym codziennym wyborem.<\/p>\n<\/div>\n\n\n\n<div class=\"wp-block-column is-layout-flow wp-block-column-is-layout-flow\">\t\t\t<section\n\t\t\tclass=\"boxout  \"\n\t\t\t\n\t\t>\n\t\t\t<a\n\t\t\t\tdata-ga-category=\"Take Action Boxout\"\n\t\t\t\tdata-ga-action=\"Image\"\n\t\t\t\tdata-ga-label=\"n\/a\"\n\t\t\t\tclass=\"cover-card-overlay\"\n\t\t\t\thref=\"https:\/\/dzikamapa.pl\/?fundraiser=Podstrona_Jez\" \n\t\t\t><\/a>\n\t\t\t\t\t\t\t<img\n\t\t\t\t\t\tsrc=\"https:\/\/www.greenpeace.org\/static\/planet4-poland-stateless\/2026\/01\/32ca711c-og-image-1024x533.png\"\n\t\t\t\t\t\tsrcset=\"https:\/\/www.greenpeace.org\/static\/planet4-poland-stateless\/2026\/01\/32ca711c-og-image-500x260.png 500w, https:\/\/www.greenpeace.org\/static\/planet4-poland-stateless\/2026\/01\/32ca711c-og-image-1024x533.png 1024w, https:\/\/www.greenpeace.org\/static\/planet4-poland-stateless\/2026\/01\/32ca711c-og-image-768x400.png 768w, https:\/\/www.greenpeace.org\/static\/planet4-poland-stateless\/2026\/01\/32ca711c-og-image-1536x800.png 1536w, https:\/\/www.greenpeace.org\/static\/planet4-poland-stateless\/2026\/01\/32ca711c-og-image-510x266.png 510w, https:\/\/www.greenpeace.org\/static\/planet4-poland-stateless\/2026\/01\/32ca711c-og-image.png 1920w\"\n\t\t\t\t\t\tsizes=\"(min-width: 1000px) 358px, (min-width: 780px) 313px, 88px\"\n\t\t\t\t\t\talt=\"\" title=\"\"\n\t\t\t\t\/>\n            \t\t\t<div class=\"boxout-content\">\n\t\t\t\t\t\t\t\t\t<a\n\t\t\t\t\t\tclass=\"boxout-heading medium\"\n\t\t\t\t\t\tdata-ga-category=\"Take Action Boxout\"\n\t\t\t\t\t\tdata-ga-action=\"Title\"\n\t\t\t\t\t\tdata-ga-label=\"n\/a\"\n\t\t\t\t\t\thref=\"https:\/\/dzikamapa.pl\/?fundraiser=Podstrona_Jez\"\n\t\t\t\t\t\t\n\t\t\t\t\t>\n\t\t\t\t\t\tAdoptuj ulubione zwierz\u0119 i pomagaj dzikiej przyrodzie!\n\t\t\t\t\t<\/a>\n\t\t\t\t\t\t\t\t\t\t\t\t\t<p class=\"boxout-excerpt\">Kliknij na map\u0119, nazwij i adoptuj ulubione zwierz\u0119 i wsp\u00f3lnie dbajmy o to, co najcenniejsze w naszej przyrodzie.<\/p>\n\t\t\t\t                                    <a\n                        class=\"btn btn-primary\"\n                        data-ga-category=\"Take Action Boxout\"\n                        data-ga-action=\"Call to Action\"\n                        data-ga-label=\"n\/a\"\n                        href=\"https:\/\/dzikamapa.pl\/?fundraiser=Podstrona_Jez\"\n                        \n                    >\n                        Adoptuj\n                    <\/a>\n                \t\t\t<\/div>\n\t\t\t\t\t<\/section>\n\t<\/div>\n<\/div>\n\n<hr class=\"wp-block-separator has-alpha-channel-opacity\"\/>\n\n<p><strong>Autor: Nadia Wysoki\u0144ska-Kowalczyk<\/strong><\/p>\n\n<p>Bibliografia:<\/p>\n\n<p>[1] <a href=\"https:\/\/mdpi-res.com\/bookfiles\/book\/9185\/Applied_Hedgehog_Conservation_Research.pdf\">https:\/\/mdpi-res.com\/bookfiles\/book\/9185\/Applied_Hedgehog_Conservation_Research.pdf<\/a><\/p>\n\n<p>[2] <a href=\"https:\/\/we.copernicus.org\/articles\/25\/177\/2025\/we-25-177-2025.pdf\">https:\/\/we.copernicus.org\/articles\/25\/177\/2025\/we-25-177-2025.pdf<\/a><\/p>\n\n<p>[3] <a href=\"https:\/\/animalia.bio\/european-hedgehog\">https:\/\/animalia.bio\/european-hedgehog<\/a><\/p>\n\n<p>[4] <a href=\"https:\/\/zoo.waw.pl\/aktualnosci\/jez,p1291739713\">https:\/\/zoo.waw.pl\/aktualnosci\/jez,p1291739713<\/a><\/p>\n\n<p>[5] <a href=\"https:\/\/zwierzetanadrodze.pl\/files\/Polish_Roadkill_Record_System_-_Report_2016.pdf\">https:\/\/zwierzetanadrodze.pl\/files\/Polish_Roadkill_Record_System_-_Report_2016.pdf<\/a><\/p>\n\n<p>[6] <a href=\"https:\/\/www.primum.org.pl\/\">https:\/\/www.primum.org.pl\/<\/a><\/p>\n\n<p><\/p>\n","protected":false},"excerpt":{"rendered":"<p>Je\u017c europejski pojawi\u0142 si\u0119 na Ziemi oko\u0142o 60 milion\u00f3w lat temu, w czasach mamut\u00f3w i szabloz\u0119bnych kot\u00f3w. W swojej obecnej formie je\u017ce s\u0105 nam znane od 15 milion\u00f3w lat, a jednak to w\u0142a\u015bnie dzi\u015b, w epoce starannie przystrzy\u017conych trawnik\u00f3w, automatycznych kosiarek i chemicznych \u015brodk\u00f3w ochrony ro\u015blin, ich przetrwanie stoi pod znakiem zapytania.<\/p>\n","protected":false},"author":70,"featured_media":39190,"parent":2567,"menu_order":0,"comment_status":"closed","ping_status":"closed","template":"","meta":{"ep_exclude_from_search":false,"p4_hide_page_title_checkbox":"on","p4_title":"","p4_subtitle":"","p4_description":"","background_image_id":"","background_image":"","p4_button_title":"","p4_button_link":"","p4_button_link_checkbox":"","p4_og_title":"","p4_og_description":"","p4_og_image":"","p4_og_image_id":"","p4_seo_canonical_url":"","p4_campaign_name":"not set","p4_local_project":"not set","p4_basket_name":"not set","p4_department":"","footnotes":""},"categories":[3],"tags":[19,118],"class_list":["post-39180","page","type-page","status-publish","has-post-thumbnail","hentry","category-przyroda","tag-lasy","tag-jez"],"_links":{"self":[{"href":"https:\/\/www.greenpeace.org\/poland\/wp-json\/wp\/v2\/pages\/39180","targetHints":{"allow":["GET"]}}],"collection":[{"href":"https:\/\/www.greenpeace.org\/poland\/wp-json\/wp\/v2\/pages"}],"about":[{"href":"https:\/\/www.greenpeace.org\/poland\/wp-json\/wp\/v2\/types\/page"}],"author":[{"embeddable":true,"href":"https:\/\/www.greenpeace.org\/poland\/wp-json\/wp\/v2\/users\/70"}],"replies":[{"embeddable":true,"href":"https:\/\/www.greenpeace.org\/poland\/wp-json\/wp\/v2\/comments?post=39180"}],"version-history":[{"count":4,"href":"https:\/\/www.greenpeace.org\/poland\/wp-json\/wp\/v2\/pages\/39180\/revisions"}],"predecessor-version":[{"id":39257,"href":"https:\/\/www.greenpeace.org\/poland\/wp-json\/wp\/v2\/pages\/39180\/revisions\/39257"}],"up":[{"embeddable":true,"href":"https:\/\/www.greenpeace.org\/poland\/wp-json\/wp\/v2\/pages\/2567"}],"wp:featuredmedia":[{"embeddable":true,"href":"https:\/\/www.greenpeace.org\/poland\/wp-json\/wp\/v2\/media\/39190"}],"wp:attachment":[{"href":"https:\/\/www.greenpeace.org\/poland\/wp-json\/wp\/v2\/media?parent=39180"}],"wp:term":[{"taxonomy":"category","embeddable":true,"href":"https:\/\/www.greenpeace.org\/poland\/wp-json\/wp\/v2\/categories?post=39180"},{"taxonomy":"post_tag","embeddable":true,"href":"https:\/\/www.greenpeace.org\/poland\/wp-json\/wp\/v2\/tags?post=39180"}],"curies":[{"name":"wp","href":"https:\/\/api.w.org\/{rel}","templated":true}]}}