{"id":39281,"date":"2026-02-03T14:26:59","date_gmt":"2026-02-03T12:26:59","guid":{"rendered":"https:\/\/www.greenpeace.org\/poland\/?page_id=39281"},"modified":"2026-02-04T14:58:44","modified_gmt":"2026-02-04T12:58:44","slug":"lis-rudy","status":"publish","type":"page","link":"https:\/\/www.greenpeace.org\/poland\/dowiedz-sie\/przyroda\/ochronaprzyrody\/lis-rudy\/","title":{"rendered":"#Lis rudy"},"content":{"rendered":"\n<div class=\"wp-block-cover alignfull is-light has-custom-content-position is-position-center-left\" style=\"min-height:500px;aspect-ratio:unset;\"><img loading=\"lazy\" decoding=\"async\" width=\"1500\" height=\"750\" class=\"wp-block-cover__image-background wp-image-39292 size-full\" alt=\"\" src=\"https:\/\/www.greenpeace.org\/static\/planet4-poland-stateless\/2026\/02\/ae9faddb-headery-600x300-nadia-7.gif\" style=\"object-position:65% 45%\" data-object-fit=\"cover\" data-object-position=\"65% 45%\"\/><span aria-hidden=\"true\" class=\"wp-block-cover__background has-background-dim-10 has-background-dim\" style=\"background-color:#a6863e\"><\/span><div class=\"wp-block-cover__inner-container is-layout-flow wp-block-cover-is-layout-flow\">\n<div class=\"wp-block-columns is-layout-flex wp-container-core-columns-is-layout-9d6595d7 wp-block-columns-is-layout-flex\">\n<div class=\"wp-block-column is-vertically-aligned-center is-layout-flow wp-block-column-is-layout-flow\" style=\"flex-basis:10%\"><\/div>\n\n\n\n<div class=\"wp-block-column is-layout-flow wp-block-column-is-layout-flow\" style=\"flex-basis:40%\">\n<h1 class=\"wp-block-heading has-text-align-left has-white-color has-text-color has-link-color wp-elements-c1e0438ae997739a5f7adbdb8b2f6a26\">Lis rudy<\/h1>\n\n\n\n<p class=\"has-text-align-left has-white-color has-text-color has-link-color wp-elements-0be3d3b02223aa97733c89ec9b639450\" style=\"font-size:1.25rem\">\u017byje w lasach, na stepach, a nawet w centrach metropolii. Lis rudy (Vulpes vulpes), nazywany r\u00f3wnie\u017c lisem pospolitym, odnajduje si\u0119 zar\u00f3wno w mro\u017anej tundrze, jak i na gor\u0105cej pustyni. Smuk\u0142a sylwetka, puszysty ogon i to charakterystyczne spojrzenie &#8211; przyjrzyjmy si\u0119 bli\u017cej temu wsz\u0119dobylskiemu \u0142owcy.<\/p>\n<\/div>\n\n\n\n<div class=\"wp-block-column is-layout-flow wp-block-column-is-layout-flow\" style=\"flex-basis:50%\"><\/div>\n<\/div>\n<\/div><\/div>\n\n<p>Patrz\u0105c na lisa, widzimy elegancj\u0119, ale z punktu widzenia ewolucji to przede wszystkim funkcjonalno\u015b\u0107. <strong>Lis rudy jest najwi\u0119kszym przedstawicielem z rodziny Vulpes<\/strong>, a jego cia\u0142o zosta\u0142o stworzone do przetrwania w niemal ka\u017cdych warunkach. <\/p>\n\n<p>Wyd\u0142u\u017cony tu\u0142\u00f3w i stosunkowo kr\u00f3tkie nogi kryj\u0105 w sobie <strong>zaskakuj\u0105co lekkie ko\u015bci<\/strong>, kt\u00f3re pozwalaj\u0105 mu porusza\u0107 si\u0119 niemal bezszelestnie. Najbardziej charakterystycznym atrybutem lisa jest oczywi\u015bcie jego d\u0142ugi i puszysty ogon &#8211; zwany r\u00f3wnie\u017c kit\u0105. Stanowi on niemal po\u0142ow\u0119 d\u0142ugo\u015bci cia\u0142a zwierz\u0119cia i <strong>pe\u0142ni funkcj\u0119 doskona\u0142ego steru<\/strong>. To dzi\u0119ki niemu lis potrafi b\u0142yskawicznie zmienia\u0107 kierunek podczas biegu, zachowuj\u0105c idealny balans. Ogon to r\u00f3wnie\u017c narz\u0119dzie komunikacji oraz &#8222;koc&#8221;, kt\u00f3rym lis okrywa si\u0119 podczas snu w zimne dni. <\/p>\n\n<p><strong>Cho\u0107 nazwa &#8222;lis rudy&#8221; sugeruje jeden kolor, natura bywa znacznie bardziej kreatywna<\/strong>. Poza powszechnie znan\u0105 rudo\u015bci\u0105, gatunek ten wyst\u0119puje w wielu odmianach barwnych &#8211; od srebrzystych i szarych, a\u017c po osobniki niemal ca\u0142kowicie czarne. <strong>Zmieniaj\u0105ce si\u0119 warunki \u015brodowiskowe maj\u0105 te\u017c wp\u0142yw na struktur\u0119 futra<\/strong>. I tak, lisy zamieszkuj\u0105ce tereny p\u00f3\u0142nocne lisy polarne nosz\u0105 g\u0119sty, jasny ko\u017cuch, podczas gdy ich po\u0142udniowi kuzyni maj\u0105 sier\u015b\u0107 kr\u00f3tsz\u0105 i szorstk\u0105.<\/p>\n\n<h2 class=\"wp-block-heading\"><strong><strong><strong>Prywatne \u017cycie lisa: O rodzicielstwie i szkole przetrwania<\/strong><\/strong><\/strong><\/h2>\n\n<div class=\"wp-block-media-text is-stacked-on-mobile is-vertically-aligned-top\"><figure class=\"wp-block-media-text__media\"><img loading=\"lazy\" decoding=\"async\" width=\"576\" height=\"1024\" src=\"https:\/\/www.greenpeace.org\/static\/planet4-poland-stateless\/2026\/02\/fe502123-dzika-mapa-reklamy-1080-x-1920-px-2-576x1024.jpg\" alt=\"\" sizes=\"auto, (min-width: 1600px) calc((1320px - 24px) \/ 2),(min-width: 1200px) calc((1140px - 24px) \/ 2),(min-width: 992px) calc((960px - 24px) \/ 2),(min-width: 768px) calc((720px - 24px) \/ 2),(min-width: 601px) calc((540px - 24px) \/ 2),(min-width: 577px) calc((540px - 24px) \/ 1), calc(100vw - 24px)\" srcset=\"https:\/\/www.greenpeace.org\/static\/planet4-poland-stateless\/2026\/02\/fe502123-dzika-mapa-reklamy-1080-x-1920-px-2-scaled.jpg 1440w, https:\/\/www.greenpeace.org\/static\/planet4-poland-stateless\/2026\/02\/fe502123-dzika-mapa-reklamy-1080-x-1920-px-2-281x500.jpg 281w, https:\/\/www.greenpeace.org\/static\/planet4-poland-stateless\/2026\/02\/fe502123-dzika-mapa-reklamy-1080-x-1920-px-2-576x1024.jpg 576w, https:\/\/www.greenpeace.org\/static\/planet4-poland-stateless\/2026\/02\/fe502123-dzika-mapa-reklamy-1080-x-1920-px-2-768x1366.jpg 768w, https:\/\/www.greenpeace.org\/static\/planet4-poland-stateless\/2026\/02\/fe502123-dzika-mapa-reklamy-1080-x-1920-px-2-864x1536.jpg 864w, https:\/\/www.greenpeace.org\/static\/planet4-poland-stateless\/2026\/02\/fe502123-dzika-mapa-reklamy-1080-x-1920-px-2-1152x2048.jpg 1152w, https:\/\/www.greenpeace.org\/static\/planet4-poland-stateless\/2026\/02\/fe502123-dzika-mapa-reklamy-1080-x-1920-px-2-191x340.jpg 191w\" class=\"wp-image-39290 size-full\"\/><\/figure><div class=\"wp-block-media-text__content\">\n<p>Wbrew stereotypowi samotnika, <strong>lisy tworz\u0105 skomplikowane struktury spo\u0142eczne<\/strong> a ich \u017cycie rodzinne koncentruje si\u0119 wok\u00f3\u0142 nory. Lisy najcz\u0119\u015bciej kopi\u0105 je na stokach, w zag\u0142\u0119bieniach terenu czy na skarpach, cho\u0107 cz\u0119sto <strong>gotowe lokum znajduj\u0105 r\u00f3wnie\u017c w norach borsuk\u00f3w &#8211; nierzadko dziel\u0105c je pokojowo z gospodarzem<\/strong>. W okresie godowym, przypadaj\u0105cym na zim\u0119, nocn\u0105 cisz\u0119 mo\u017ce przerwa\u0107 podobny do syreny alarmowej krzyk &#8211; to godowy sygna\u0142 lisicy. Samica rodzi zwykle od 3 do 6 m\u0142odych i przez pierwsze tygodnie niemal nie opuszcza ich na krok, zdana na pokarm dostarczany przez samca. <strong>To kluczowy moment, w kt\u00f3rym ojciec przejmuje opiek\u0119 nad wy\u017cywieniem rodziny<\/strong>. W wychowaniu pomagaj\u0105 czasem r\u00f3wnie\u017c m\u0142ode osobniki z poprzednich miot\u00f3w (cz\u0119sto samice), kt\u00f3re zamiast szuka\u0107 w\u0142asnego terytorium, zostaj\u0105 z rodzicami. <\/p>\n\n\n\n<p>L<strong>isie szczeni\u0119 przechodzi intensywn\u0105 szko\u0142\u0119 \u017cycia<\/strong>. W wieku 3-4 miesi\u0119cy m\u0142ode uzyskuj\u0105 wst\u0119pn\u0105 samodzielno\u015b\u0107 i zaczynaj\u0105 towarzyszy\u0107 doros\u0142ym w wyprawach. To wa\u017cny etap, bo <strong>lisy nie ucz\u0105 si\u0119 polowania wy\u0142\u0105cznie instynktownie &#8211; kluczowa jest obserwacja<\/strong>. M\u0142ode przejmuj\u0105 techniki doros\u0142ych: spos\u00f3b poruszania si\u0119 w trawie, charakterystyczny skok, czujno\u015b\u0107. Dopiero jesieni\u0105 staj\u0105 si\u0119 w pe\u0142ni samodzielne. Wtedy to te\u017c wi\u0119kszo\u015b\u0107 z nich opuszcza rodzinne terytorium, rozpoczynaj\u0105c w\u0119dr\u00f3wk\u0119 w poszukiwaniu w\u0142asnego obszaru i partnera. <strong>To czas najwi\u0119kszego ryzyka<\/strong>, poniewa\u017c przemierzaj\u0105 one nierzadko setki kilometr\u00f3w przez tereny zurbanizowane lub rolnicze, gdzie opr\u00f3cz samochod\u00f3w, czyhaj\u0105 na nie r\u00f3wnie\u017c wi\u0119ksze drapie\u017cniki i\u2026 nieprzychylny cz\u0142owiek.<\/p>\n\n\n\n<p><\/p>\n\n\n\n<p><\/p>\n<\/div><\/div>\n\n<h2 class=\"wp-block-heading\"><strong><strong><strong>Apetyt na przetrwanie: Sekret lisiej diety<\/strong><\/strong><\/strong><\/h2>\n\n<p>Aby przetrwa\u0107, lis musi by\u0107 mistrzem adaptacji, a jego sukces tkwi w diecie. <strong>Lis rudy wywodzi si\u0119 z rz\u0119du drapie\u017cnych, ale w praktyce jest wszystko\u017cerny<\/strong>. Jego menu zmienia si\u0119 jak w kalejdoskopie w zale\u017cno\u015bci od pory roku, wysoko\u015bci terenu czy pogody. Wraz ze wzrostem temperatur w jego diecie spada udzia\u0142 ssak\u00f3w, a ro\u015bnie znaczenie bezkr\u0119gowc\u00f3w i ro\u015blin. Podstaw\u0105 s\u0105 ssaki np. gryzonie takie jak nornice, kt\u00f3re stanowi\u0105 wi\u0119kszo\u015b\u0107 pokarmu. Jednak w zale\u017cno\u015bci od szeroko\u015bci geograficznej, spos\u00f3b \u017cywienia tych zwierz\u0105t mo\u017ce obejmowa\u0107 r\u00f3wnie\u017c owoce (np. morwa i \u017co\u0142\u0119dzie), owady, ptaki, a w specyficznych \u015brodowiskach nawet wyrzucone przez morze ryby i szkar\u0142upnie. <\/p>\n\n<p>Polowanie w wykonaniu lisa to niezwyk\u0142y spektakl, ale te\u017c precyzja. <strong>Jego najwa\u017cniejsz\u0105 broni\u0105 jest s\u0142uch<\/strong>. Potrafi namierzy\u0107 pisk myszy z odleg\u0142o\u015bci stu metr\u00f3w, nawet je\u015bli ofiara znajduje si\u0119 pod warstw\u0105 grubego \u015bniegu. Gdy dok\u0142adnie okre\u015bli ju\u017c jej pozycj\u0119, wykonuje charakterystyczny wysoki skok, uderzaj\u0105c przednimi \u0142apami prosto w miejsce, gdzie ukrywa si\u0119 zwierz\u0119. <strong>Lisy to tak\u017ce zapobiegliwi gospodarze<\/strong>. <strong>Gdy po\u017cywienia jest pod dostatkiem, nie marnuj\u0105 go<\/strong>. Nadmiar zakopuj\u0105 w ziemi, tworz\u0105c spi\u017carnie na \u201cgorsze czasy\u201d. Miejsca te oznaczaj\u0105 moczem, by p\u00f3\u017aniej nie traci\u0107 energii na przeszukiwanie pustych schowk\u00f3w. Ta strategia pozwala im przetrwa\u0107 surowe zimy, kiedy trudniej jest o \u015bwie\u017c\u0105 zdobycz.<\/p>\n\n<h2 class=\"wp-block-heading\"><strong>Mi\u0119dzy lasem a wie\u017cowcem: Nowe terytoria<\/strong><\/h2>\n\n<p>Lis pospolity to jeden z gatunk\u00f3w, kt\u00f3ry najlepiej zrozumia\u0142 zasady przetrwania we wsp\u00f3\u0142czesnym \u015bwiecie. <strong>Jest gatunkiem szeroko rozprzestrzenionym &#8211; zasiedla Europ\u0119, Azj\u0119, Ameryk\u0119 P\u00f3\u0142nocn\u0105 i cz\u0119\u015b\u0107 Afryki<\/strong>, ciekawostk\u0105 jest fakt, \u017ce nie wyst\u0119puje na Islandii. <\/p>\n\n<p>Urbanizacja i zmiany klimatu nie wypychaj\u0105 go z mapy. Wr\u0119cz przeciwnie &#8211; <strong>wzrost temperatury sprawia \u017ce granice jego terytorium wysuwaj\u0105 si\u0119 coraz bardziej na p\u00f3\u0142noc<\/strong>, gdzie stopniowo zaczyna wypiera\u0107 mniejszego lisa polarnego. Na codzie\u0144 rzadko jednak wdaj\u0105 si\u0119 w otwarte starcia i <strong>prawie zawsze wybieraj\u0105 ucieczk\u0119<\/strong>, szczeg\u00f3lnie z wi\u0119kszymi drapie\u017cnikami. To strategia, kt\u00f3ra ewolucyjnie okaza\u0142a si\u0119 du\u017co bardziej skuteczna ni\u017c agresja.<\/p>\n\n<div class=\"wp-block-columns is-layout-flex wp-container-core-columns-is-layout-9d6595d7 wp-block-columns-is-layout-flex\">\n<div class=\"wp-block-column is-layout-flow wp-block-column-is-layout-flow\">\n<figure class=\"wp-block-image size-large\"><img loading=\"lazy\" decoding=\"async\" width=\"1024\" height=\"1024\" src=\"https:\/\/www.greenpeace.org\/static\/planet4-poland-stateless\/2026\/02\/f815974f-2-1024x1024.jpg\" alt=\"\" class=\"wp-image-39311\" srcset=\"https:\/\/www.greenpeace.org\/static\/planet4-poland-stateless\/2026\/02\/f815974f-2-1024x1024.jpg 1024w, https:\/\/www.greenpeace.org\/static\/planet4-poland-stateless\/2026\/02\/f815974f-2-500x500.jpg 500w, https:\/\/www.greenpeace.org\/static\/planet4-poland-stateless\/2026\/02\/f815974f-2-300x300.jpg 300w, https:\/\/www.greenpeace.org\/static\/planet4-poland-stateless\/2026\/02\/f815974f-2-768x768.jpg 768w, https:\/\/www.greenpeace.org\/static\/planet4-poland-stateless\/2026\/02\/f815974f-2-1536x1536.jpg 1536w, https:\/\/www.greenpeace.org\/static\/planet4-poland-stateless\/2026\/02\/f815974f-2-2048x2048.jpg 2048w, https:\/\/www.greenpeace.org\/static\/planet4-poland-stateless\/2026\/02\/f815974f-2-1366x1366.jpg 1366w, https:\/\/www.greenpeace.org\/static\/planet4-poland-stateless\/2026\/02\/f815974f-2-340x340.jpg 340w\" sizes=\"auto, (max-width: 1024px) 100vw, 1024px\" \/><\/figure>\n<\/div>\n\n\n\n<div class=\"wp-block-column is-layout-flow wp-block-column-is-layout-flow\">\n<figure class=\"wp-block-image size-full\"><img loading=\"lazy\" decoding=\"async\" width=\"2560\" height=\"2560\" src=\"https:\/\/www.greenpeace.org\/static\/planet4-poland-stateless\/2026\/02\/b473a45f-3-scaled.jpg\" alt=\"\" class=\"wp-image-39312\" srcset=\"https:\/\/www.greenpeace.org\/static\/planet4-poland-stateless\/2026\/02\/b473a45f-3-scaled.jpg 2560w, https:\/\/www.greenpeace.org\/static\/planet4-poland-stateless\/2026\/02\/b473a45f-3-500x500.jpg 500w, https:\/\/www.greenpeace.org\/static\/planet4-poland-stateless\/2026\/02\/b473a45f-3-1024x1024.jpg 1024w, https:\/\/www.greenpeace.org\/static\/planet4-poland-stateless\/2026\/02\/b473a45f-3-300x300.jpg 300w, https:\/\/www.greenpeace.org\/static\/planet4-poland-stateless\/2026\/02\/b473a45f-3-768x768.jpg 768w, https:\/\/www.greenpeace.org\/static\/planet4-poland-stateless\/2026\/02\/b473a45f-3-1536x1536.jpg 1536w, https:\/\/www.greenpeace.org\/static\/planet4-poland-stateless\/2026\/02\/b473a45f-3-2048x2048.jpg 2048w, https:\/\/www.greenpeace.org\/static\/planet4-poland-stateless\/2026\/02\/b473a45f-3-1366x1366.jpg 1366w, https:\/\/www.greenpeace.org\/static\/planet4-poland-stateless\/2026\/02\/b473a45f-3-340x340.jpg 340w\" sizes=\"auto, (max-width: 2560px) 100vw, 2560px\" \/><\/figure>\n<\/div>\n\n\n\n<div class=\"wp-block-column is-layout-flow wp-block-column-is-layout-flow\">\n<figure class=\"wp-block-image size-large\"><img loading=\"lazy\" decoding=\"async\" width=\"1024\" height=\"1024\" src=\"https:\/\/www.greenpeace.org\/static\/planet4-poland-stateless\/2026\/02\/8403e76b-4-1024x1024.jpg\" alt=\"\" class=\"wp-image-39313\" srcset=\"https:\/\/www.greenpeace.org\/static\/planet4-poland-stateless\/2026\/02\/8403e76b-4-1024x1024.jpg 1024w, https:\/\/www.greenpeace.org\/static\/planet4-poland-stateless\/2026\/02\/8403e76b-4-500x500.jpg 500w, https:\/\/www.greenpeace.org\/static\/planet4-poland-stateless\/2026\/02\/8403e76b-4-300x300.jpg 300w, https:\/\/www.greenpeace.org\/static\/planet4-poland-stateless\/2026\/02\/8403e76b-4-768x768.jpg 768w, https:\/\/www.greenpeace.org\/static\/planet4-poland-stateless\/2026\/02\/8403e76b-4-1536x1536.jpg 1536w, https:\/\/www.greenpeace.org\/static\/planet4-poland-stateless\/2026\/02\/8403e76b-4-2048x2048.jpg 2048w, https:\/\/www.greenpeace.org\/static\/planet4-poland-stateless\/2026\/02\/8403e76b-4-1366x1366.jpg 1366w, https:\/\/www.greenpeace.org\/static\/planet4-poland-stateless\/2026\/02\/8403e76b-4-340x340.jpg 340w\" sizes=\"auto, (max-width: 1024px) 100vw, 1024px\" \/><\/figure>\n<\/div>\n<\/div>\n\n<h2 class=\"wp-block-heading\">Niezb\u0119dne ogniwo: Dlaczego przyroda potrzebuje lisa?<\/h2>\n\n<p>Cz\u0119sto przypinamy lisom \u0142atk\u0119 szkodnika, zapominaj\u0105c o kluczowej roli, jak\u0105 pe\u0142ni\u0105 w ekosystemie. <strong>Lis to przede wszystkim regulator.<\/strong> Poluj\u0105c na gryzonie, naturalnie kontroluje populacje nornik\u00f3w i myszy, pe\u0142ni te\u017c funkcj\u0119 sanitarn\u0105. <strong>Zjadaj\u0105c padlin\u0119, oczyszcza \u015brodowisko i ogranicza rozprzestrzenianie si\u0119 patogen\u00f3w<\/strong>. Co wi\u0119cej, dzi\u0119ki zami\u0142owaniu do owoc\u00f3w, lisy s\u0105 skutecznymi siewcami &#8211; nasiona przechodz\u0105 przez ich uk\u0142ad pokarmowy i trafiaj\u0105 w nowe miejsca, przyczyniaj\u0105c si\u0119 do odnowy ro\u015blinno\u015bci.<\/p>\n\n<h2 class=\"wp-block-heading\">Wr\u00f3g czy s\u0105siad? Sztuka m\u0105drego wsp\u00f3\u0142istnienia<\/h2>\n\n<p>Przez lata dominowa\u0142a narracja, \u017ce lisa nale\u017cy zwalcza\u0107, szczeg\u00f3lnie w pobli\u017cu ludzkich siedzib. Jednak wsp\u00f3\u0142czesna nauka wskazuje, \u017ce <strong>masowy odstrza\u0142 cz\u0119sto przynosi odwrotny<\/strong> <strong>skutek<\/strong>. Natura nie lubi pr\u00f3\u017cni: w miejsce usuni\u0119tych osobnik\u00f3w szybko nap\u0142ywaj\u0105 nowe &#8211; cz\u0119sto m\u0142odsze, silniejsze i liczniejsze. Jak wi\u0119c \u017cy\u0107 z lisem w zgodzie? Przede wszystkim pami\u0119ta\u0107, \u017ce<strong> jest naturalnym elementem ekosystemu<\/strong>. Natomiast w miejscach zamieszkanych przez ludzi <strong>kluczem jest prewencja<\/strong>. Zabezpieczenie \u015bmietnik\u00f3w (kt\u00f3re dla lisa s\u0105 jak szwedzki st\u00f3\u0142), niepozostawianie karmy dla zwierz\u0105t domowych na zewn\u0105trz oraz dbanie o szczelno\u015b\u0107 kurnik\u00f3w. <strong>Warto te\u017c pami\u0119ta\u0107, \u017ce lis nie atakuje ludzi bez powodu<\/strong>. Agresja jest zazwyczaj wynikiem choroby (np. w\u015bcieklizny, cho\u0107 tu ogromny sukces w Europie odnios\u0142y szczepienia rozrzucane w lasach) lub osaczenia.<\/p>\n\n<figure class=\"wp-block-image size-full\"><img loading=\"lazy\" decoding=\"async\" width=\"1500\" height=\"750\" src=\"https:\/\/www.greenpeace.org\/static\/planet4-poland-stateless\/2026\/02\/07ea12e3-headery-600x300-nadia-8.gif\" alt=\"\" class=\"wp-image-39315\"\/><\/figure>\n\n<h2 class=\"wp-block-heading\">Podsumowanie<\/h2>\n\n<div class=\"wp-block-columns is-layout-flex wp-container-core-columns-is-layout-9d6595d7 wp-block-columns-is-layout-flex\">\n<div class=\"wp-block-column is-layout-flow wp-block-column-is-layout-flow\">\n<p>Lis rudy to mistrz adaptacji, kt\u00f3ry w obliczu zmian klimatycznych i presji cz\u0142owieka nie tylko przetrwa\u0142, ale znalaz\u0142 spos\u00f3b na to, aby si\u0119 rozwija\u0107. Jego obecno\u015b\u0107 w lasach, na polach i ulicach miast to przypomnienie, \u017ce przyroda jest dynamiczna i potrafi zaskakiwa\u0107. Dlatego, zamiast walczy\u0107 z jego obecno\u015bci\u0105, warto doceni\u0107 rol\u0119, jak\u0105 pe\u0142ni w \u015brodowisku. W ko\u0144cu w \u015bwiecie, kt\u00f3ry tak gwa\u0142townie zmieniamy, wszechstronno\u015b\u0107 i \u0142atwo\u015b\u0107 adaptacji lisa rudego jest cech\u0105, kt\u00f3rej mogliby\u015bmy si\u0119 od niego nauczy\u0107.<\/p>\n<\/div>\n\n\n\n<div class=\"wp-block-column is-layout-flow wp-block-column-is-layout-flow\">\t\t\t<section\n\t\t\tclass=\"boxout  \"\n\t\t\t\n\t\t>\n\t\t\t<a\n\t\t\t\tdata-ga-category=\"Take Action Boxout\"\n\t\t\t\tdata-ga-action=\"Image\"\n\t\t\t\tdata-ga-label=\"n\/a\"\n\t\t\t\tclass=\"cover-card-overlay\"\n\t\t\t\thref=\"https:\/\/dzikamapa.pl\/?fundraiser=Podstrona_Lis\" \n\t\t\t><\/a>\n\t\t\t\t\t\t\t<img\n\t\t\t\t\t\tsrc=\"https:\/\/www.greenpeace.org\/static\/planet4-poland-stateless\/2026\/01\/32ca711c-og-image-1024x533.png\"\n\t\t\t\t\t\tsrcset=\"https:\/\/www.greenpeace.org\/static\/planet4-poland-stateless\/2026\/01\/32ca711c-og-image-500x260.png 500w, https:\/\/www.greenpeace.org\/static\/planet4-poland-stateless\/2026\/01\/32ca711c-og-image-1024x533.png 1024w, https:\/\/www.greenpeace.org\/static\/planet4-poland-stateless\/2026\/01\/32ca711c-og-image-768x400.png 768w, https:\/\/www.greenpeace.org\/static\/planet4-poland-stateless\/2026\/01\/32ca711c-og-image-1536x800.png 1536w, https:\/\/www.greenpeace.org\/static\/planet4-poland-stateless\/2026\/01\/32ca711c-og-image-510x266.png 510w, https:\/\/www.greenpeace.org\/static\/planet4-poland-stateless\/2026\/01\/32ca711c-og-image.png 1920w\"\n\t\t\t\t\t\tsizes=\"(min-width: 1000px) 358px, (min-width: 780px) 313px, 88px\"\n\t\t\t\t\t\talt=\"\" title=\"\"\n\t\t\t\t\/>\n            \t\t\t<div class=\"boxout-content\">\n\t\t\t\t\t\t\t\t\t<a\n\t\t\t\t\t\tclass=\"boxout-heading medium\"\n\t\t\t\t\t\tdata-ga-category=\"Take Action Boxout\"\n\t\t\t\t\t\tdata-ga-action=\"Title\"\n\t\t\t\t\t\tdata-ga-label=\"n\/a\"\n\t\t\t\t\t\thref=\"https:\/\/dzikamapa.pl\/?fundraiser=Podstrona_Lis\"\n\t\t\t\t\t\t\n\t\t\t\t\t>\n\t\t\t\t\t\tAdoptuj ulubione zwierz\u0119 i pomagaj dzikiej przyrodzie!\n\t\t\t\t\t<\/a>\n\t\t\t\t\t\t\t\t\t\t\t\t\t<p class=\"boxout-excerpt\">Kliknij na map\u0119, nazwij i adoptuj ulubione zwierz\u0119 i wsp\u00f3lnie dbajmy o to, co najcenniejsze w naszej przyrodzie.<\/p>\n\t\t\t\t                                    <a\n                        class=\"btn btn-primary\"\n                        data-ga-category=\"Take Action Boxout\"\n                        data-ga-action=\"Call to Action\"\n                        data-ga-label=\"n\/a\"\n                        href=\"https:\/\/dzikamapa.pl\/?fundraiser=Podstrona_Lis\"\n                        \n                    >\n                        Adoptuj\n                    <\/a>\n                \t\t\t<\/div>\n\t\t\t\t\t<\/section>\n\t<\/div>\n<\/div>\n\n<hr class=\"wp-block-separator has-alpha-channel-opacity\"\/>\n\n<p><strong>Autor: Nadia Wysoki\u0144ska-Kowalczyk<\/strong><\/p>\n\n<p>Bibliografia:<\/p>\n\n<p>[1] <a href=\"https:\/\/animaldiversity.org\/accounts\/Vulpes_vulpes\/\" data-type=\"link\" data-id=\"https:\/\/animaldiversity.org\/accounts\/Vulpes_vulpes\/\">https:\/\/animaldiversity.org\/accounts\/Vulpes_vulpes\/<\/a><\/p>\n\n<p>[2] <a href=\"https:\/\/www.nwf.org\/Educational-Resources\/Wildlife-Guide\/Mammals\/Red-Fox\" data-type=\"link\" data-id=\"https:\/\/www.nwf.org\/Educational-Resources\/Wildlife-Guide\/Mammals\/Red-Fox\">https:\/\/www.nwf.org\/Educational-Resources\/Wildlife-Guide\/Mammals\/Red-Fox<\/a><\/p>\n\n<p>[3] <a href=\"https:\/\/animalia.bio\/red-fox\" data-type=\"link\" data-id=\"https:\/\/animalia.bio\/red-fox\">https:\/\/animalia.bio\/red-fox<\/a><\/p>\n\n<p>[4] <a href=\"https:\/\/www.nature.com\/articles\/s41598-024-58711-6?\" data-type=\"link\" data-id=\"https:\/\/www.nature.com\/articles\/s41598-024-58711-6?\">https:\/\/www.nature.com\/articles\/s41598-024-58711-6?<\/a><\/p>\n\n<p>[5] <a href=\"https:\/\/pl.wikipedia.org\/wiki\/Lis_rudy\" data-type=\"link\" data-id=\"https:\/\/pl.wikipedia.org\/wiki\/Lis_rudy\">https:\/\/pl.wikipedia.org\/wiki\/Lis_rudy<\/a><\/p>\n\n<p>[6] Sumi\u0144ski Piotr, Jacek Goszczy\u0144ski, Jerzy Romanowski, Ssaki drapie\u017cne Europy, 1993, ISBN 83-09-01483-X<\/p>\n\n<p>[7] <em>Jak na ocieplenie klimatu reaguj\u0105 zwierz\u0119ta?<\/em>. \u201e\u015awiat wiedzy\u201d, s. 78.\u00a0Ciechan\u00f3w:\u00a0Wydawnictwo Bauer.\u00a0ISSN\u00a02083-5825<\/p>\n\n<p><\/p>\n","protected":false},"excerpt":{"rendered":"<p>Lis rudy (vulpes vulpes) zwany r\u00f3wnie\u017c lisem pospolitym to mistrz adaptacji. Poznaj zwyczaje tego ssaka z rodziny psowatych i dowiedz si\u0119 jak wa\u017cn\u0105 rol\u0119 lisa pe\u0142ni w naszym ekosystemie.<\/p>\n","protected":false},"author":70,"featured_media":39311,"parent":2567,"menu_order":0,"comment_status":"closed","ping_status":"closed","template":"","meta":{"ep_exclude_from_search":false,"p4_hide_page_title_checkbox":"on","p4_title":"","p4_subtitle":"","p4_description":"","background_image_id":"","background_image":"","p4_button_title":"","p4_button_link":"","p4_button_link_checkbox":"","p4_og_title":"","p4_og_description":"","p4_og_image":"https:\/\/www.greenpeace.org\/static\/planet4-poland-stateless\/2026\/02\/f815974f-2-scaled.jpg","p4_og_image_id":"39311","p4_seo_canonical_url":"","p4_campaign_name":"not set","p4_local_project":"not set","p4_basket_name":"not set","p4_department":"","footnotes":""},"categories":[3],"tags":[19,119],"class_list":["post-39281","page","type-page","status-publish","has-post-thumbnail","hentry","category-przyroda","tag-lasy","tag-lis"],"_links":{"self":[{"href":"https:\/\/www.greenpeace.org\/poland\/wp-json\/wp\/v2\/pages\/39281","targetHints":{"allow":["GET"]}}],"collection":[{"href":"https:\/\/www.greenpeace.org\/poland\/wp-json\/wp\/v2\/pages"}],"about":[{"href":"https:\/\/www.greenpeace.org\/poland\/wp-json\/wp\/v2\/types\/page"}],"author":[{"embeddable":true,"href":"https:\/\/www.greenpeace.org\/poland\/wp-json\/wp\/v2\/users\/70"}],"replies":[{"embeddable":true,"href":"https:\/\/www.greenpeace.org\/poland\/wp-json\/wp\/v2\/comments?post=39281"}],"version-history":[{"count":8,"href":"https:\/\/www.greenpeace.org\/poland\/wp-json\/wp\/v2\/pages\/39281\/revisions"}],"predecessor-version":[{"id":39319,"href":"https:\/\/www.greenpeace.org\/poland\/wp-json\/wp\/v2\/pages\/39281\/revisions\/39319"}],"up":[{"embeddable":true,"href":"https:\/\/www.greenpeace.org\/poland\/wp-json\/wp\/v2\/pages\/2567"}],"wp:featuredmedia":[{"embeddable":true,"href":"https:\/\/www.greenpeace.org\/poland\/wp-json\/wp\/v2\/media\/39311"}],"wp:attachment":[{"href":"https:\/\/www.greenpeace.org\/poland\/wp-json\/wp\/v2\/media?parent=39281"}],"wp:term":[{"taxonomy":"category","embeddable":true,"href":"https:\/\/www.greenpeace.org\/poland\/wp-json\/wp\/v2\/categories?post=39281"},{"taxonomy":"post_tag","embeddable":true,"href":"https:\/\/www.greenpeace.org\/poland\/wp-json\/wp\/v2\/tags?post=39281"}],"curies":[{"name":"wp","href":"https:\/\/api.w.org\/{rel}","templated":true}]}}