{"id":39711,"date":"2026-03-12T14:37:04","date_gmt":"2026-03-12T12:37:04","guid":{"rendered":"https:\/\/www.greenpeace.org\/poland\/?page_id=39711"},"modified":"2026-04-01T17:04:32","modified_gmt":"2026-04-01T15:04:32","slug":"bajki-o-zwierzetach-na-nowo","status":"publish","type":"page","link":"https:\/\/www.greenpeace.org\/poland\/bajki-o-zwierzetach-na-nowo\/","title":{"rendered":"Bajki o zwierz\u0119tach na nowo"},"content":{"rendered":"\n\n<div class=\"wp-block-group alignfull is-layout-flow wp-block-group-is-layout-flow\">\n<div class=\"wp-block-group container is-layout-flow wp-block-group-is-layout-flow\">\n<div class=\"wp-block-media-text alignfull has-media-on-the-right is-stacked-on-mobile is-pattern-p4-page-header is-style-parallax\"><div class=\"wp-block-media-text__content\">\n<div class=\"wp-block-group is-layout-flow wp-block-group-is-layout-flow\">\n<h1 class=\"wp-block-heading has-white-background-color has-background\">Wydajmy bajki, kt\u00f3re \u0142ami\u0105 krzywdz\u0105ce stereotypy o zwierz\u0119tach<\/h1>\n<\/div>\n\n\n\n<p style=\"font-size:1.25rem\"><strong>Niekt\u00f3re zwierz\u0119ta s\u0105 ofiar\u0105 krzywdz\u0105cych mit\u00f3w,<\/strong> kt\u00f3re s\u0105 nam wpajane od dziecka &#8211; w bajkach! <strong>Pora to zmieni\u0107<\/strong>. Chcemy z Tob\u0105 wyda\u0107 wyj\u0105tkowe bajki dla najm\u0142odszych, kt\u00f3re b\u0119d\u0105 pokazywa\u0107 pozytywny obraz zwierz\u0105t, obala\u0107 stereotypy i budowa\u0107 mi\u0142o\u015b\u0107 do przyrody.<\/p>\n\n\n\n<div class=\"wp-block-buttons is-layout-flex wp-block-buttons-is-layout-flex\"><\/div>\n<\/div><figure class=\"wp-block-media-text__media\"><img loading=\"lazy\" decoding=\"async\" width=\"1024\" height=\"683\" src=\"https:\/\/www.greenpeace.org\/static\/planet4-poland-stateless\/2026\/03\/fa08f5c0-bajki-header-1024x683.jpg\" alt=\"\" sizes=\"auto, (min-width: 601px) 50vw, 100vw\" srcset=\"https:\/\/www.greenpeace.org\/static\/planet4-poland-stateless\/2026\/03\/fa08f5c0-bajki-header.jpg 1200w, https:\/\/www.greenpeace.org\/static\/planet4-poland-stateless\/2026\/03\/fa08f5c0-bajki-header-500x333.jpg 500w, https:\/\/www.greenpeace.org\/static\/planet4-poland-stateless\/2026\/03\/fa08f5c0-bajki-header-1024x683.jpg 1024w, https:\/\/www.greenpeace.org\/static\/planet4-poland-stateless\/2026\/03\/fa08f5c0-bajki-header-768x512.jpg 768w, https:\/\/www.greenpeace.org\/static\/planet4-poland-stateless\/2026\/03\/fa08f5c0-bajki-header-510x340.jpg 510w\" class=\"wp-image-39822 size-full\"\/><\/figure><\/div>\n<\/div>\n<\/div>\n\n\n<div class=\"wp-block-group has-beige-100-background-color has-background is-layout-constrained wp-container-core-group-is-layout-efd3b721 wp-block-group-is-layout-constrained\" style=\"padding-top:var(--wp--preset--spacing--50)\">\n<h2 class=\"wp-block-heading has-text-align-center\">Wesprzyj wydanie bajek:<\/h2>\n\n\n\n<div style=\"height:15px\" aria-hidden=\"true\" class=\"wp-block-spacer\"><\/div>\n\n\n\n<div class=\"wp-block-buttons has-custom-font-size has-medium-font-size is-content-justification-center is-layout-flex wp-container-core-buttons-is-layout-062f0008 wp-block-buttons-is-layout-flex\">\n<div class=\"wp-block-button is-style-cta\"><a class=\"wp-block-button__link has-green-500-background-color has-background has-medium-font-size has-custom-font-size wp-element-button\" href=\"#wspieram\">Dorzu\u0107 si\u0119 do zbi\u00f3rki<\/a><\/div>\n<\/div>\n\n\n\n<div style=\"height:58px\" aria-hidden=\"true\" class=\"wp-block-spacer\"><\/div>\n<\/div>\n\n<h3 class=\"wp-block-heading\"><strong><strong>Gro\u017any wilk, z\u0142y dzik i wredna kuna. Sk\u0105d wzi\u0119\u0142y si\u0119 te \u0142atki?<\/strong><\/strong><\/h3>\n\n<p style=\"font-size:1.2rem\">Przypomnij sobie bajki ze swojego dzieci\u0144stwa. Wilk niemal zawsze by\u0142 w nich czarnym charakterem &#8211; podst\u0119pnym drapie\u017cnikiem, czyhaj\u0105cym na Czerwonego Kapturka czy bezbronne \u015bwinki. Lis s\u0142yn\u0105\u0142 z chytro\u015bci i k\u0142amstw, kuna kojarzy\u0142a si\u0119 wy\u0142\u0105cznie ze z\u0142odziejstwem, a dzik, c\u00f3\u017c\u2026 &#8222;dzik jest dziki, dzik jest z\u0142y&#8221;. Te kulturowe narracje s\u0105 z nami od pokole\u0144. Przesi\u0105kamy nimi do tego stopnia, \u017ce w doros\u0142ym \u017cyciu cz\u0119sto <strong>patrzymy na przyrod\u0119 przez pryzmat tych krzywdz\u0105cych historii<\/strong>. Chcemy razem z Tob\u0105 z tym zawalczy\u0107. <strong>To, jak postrzegamy zwierz\u0119ta, ma ogromny wp\u0142yw na ich przetrwanie, poniewa\u017c nie chronimy tego, czego si\u0119 boimy i czego nie rozumiemy. <\/strong><\/p>\n\n<h3 class=\"wp-block-heading\"><strong><strong>Czas na now\u0105 opowie\u015b\u0107!<\/strong><\/strong><\/h3>\n\n<p style=\"font-size:1.2rem\"><strong>Zmiana zaczyna si\u0119 od najm\u0142odszych.<\/strong> Dlatego postanowili\u015bmy wyda\u0107 fajn\u0105, m\u0105dr\u0105 ksi\u0105\u017ceczk\u0119 dla dzieci o zwierz\u0119tach. To nie b\u0119dzie kolejny zbi\u00f3r suchych, encyklopedycznych fakt\u00f3w. <strong>B\u0119d\u0105 to pi\u0119knie zilustrowane, wci\u0105gaj\u0105ce opowie\u015bci, kt\u00f3re rozbudz\u0105 w dzieciach empati\u0119 i ciekawo\u015b\u0107 \u015bwiata. Poka\u017cemy w nich prawdziwe \u201esupermoce\u201d polskich zwierz\u0105t.<\/strong> Chcemy, aby kolejne pokolenia dorasta\u0142y w szacunku do natury, wiedz\u0105c, jak fascynuj\u0105ce \u017cycie toczy si\u0119 tu\u017c obok nas.<\/p>\n\n<h3 class=\"wp-block-heading\" style=\"font-size:2rem\">Klamka zapad\u0142a! Wiemy ju\u017c, o kim powstan\u0105 nowe bajki<\/h3>\n\n<p style=\"font-size:1.2rem\">G\u0142osowanie zosta\u0142o oficjalnie zako\u0144czone. Bardzo dzi\u0119kujemy za Wasze zaanga\u017cowanie i ka\u017cdy oddany g\u0142os! Walka by\u0142a zaci\u0119ta, ale ostatecznie na li\u015bcie zwyci\u0119zc\u00f3w znale\u017ali si\u0119:<\/p>\n\n<div class=\"wp-block-columns is-not-stacked-on-mobile is-style-mobile-carousel is-layout-flex wp-container-core-columns-is-layout-9d6595d7 wp-block-columns-is-layout-flex\">\n<div class=\"wp-block-column is-layout-flow wp-block-column-is-layout-flow\">\n<div class=\"wp-block-group group-stretched-link is-layout-flow wp-block-group-is-layout-flow\">\n<figure class=\"wp-block-image aligncenter size-full is-resized force-no-lightbox force-no-caption is-style-rounded-180\"><img loading=\"lazy\" decoding=\"async\" width=\"564\" height=\"800\" src=\"https:\/\/www.greenpeace.org\/static\/planet4-poland-stateless\/2025\/05\/33f0c3f2-wilk-patrzy-pion.jpg\" alt=\"\" class=\"wp-image-36677\" style=\"width:180px;height:180px\" srcset=\"https:\/\/www.greenpeace.org\/static\/planet4-poland-stateless\/2025\/05\/33f0c3f2-wilk-patrzy-pion.jpg 564w, https:\/\/www.greenpeace.org\/static\/planet4-poland-stateless\/2025\/05\/33f0c3f2-wilk-patrzy-pion-353x500.jpg 353w, https:\/\/www.greenpeace.org\/static\/planet4-poland-stateless\/2025\/05\/33f0c3f2-wilk-patrzy-pion-240x340.jpg 240w\" sizes=\"auto, (max-width: 564px) 100vw, 564px\" \/><figcaption class=\"wp-element-caption\">Grey Wolf (Canis lupus) Portrait &#8211; captive animal<\/figcaption><\/figure>\n\n\n\n<p class=\"has-text-align-center\" style=\"font-size:1.2rem\"><strong>Wilk <\/strong><\/p>\n\n\n\n<div style=\"height:16px\" aria-hidden=\"true\" class=\"wp-block-spacer\"><\/div>\n<\/div>\n<\/div>\n\n\n\n<div class=\"wp-block-column is-layout-flow wp-block-column-is-layout-flow\">\n<div class=\"wp-block-group group-stretched-link is-layout-flow wp-block-group-is-layout-flow\">\n<figure class=\"wp-block-image aligncenter size-full is-resized force-no-lightbox force-no-caption is-style-rounded-180\"><img loading=\"lazy\" decoding=\"async\" width=\"400\" height=\"400\" src=\"https:\/\/www.greenpeace.org\/static\/planet4-poland-stateless\/2026\/03\/7e8b603b-kwadrat-fb-nadia-5-e1773623147514-1.jpg\" title=\"Lis\" alt=\"Lis\" class=\"wp-image-39863\" style=\"width:180px;height:180px\" srcset=\"https:\/\/www.greenpeace.org\/static\/planet4-poland-stateless\/2026\/03\/7e8b603b-kwadrat-fb-nadia-5-e1773623147514-1.jpg 400w, https:\/\/www.greenpeace.org\/static\/planet4-poland-stateless\/2026\/03\/7e8b603b-kwadrat-fb-nadia-5-e1773623147514-1-300x300.jpg 300w, https:\/\/www.greenpeace.org\/static\/planet4-poland-stateless\/2026\/03\/7e8b603b-kwadrat-fb-nadia-5-e1773623147514-1-340x340.jpg 340w\" sizes=\"auto, (max-width: 400px) 100vw, 400px\" \/><\/figure>\n\n\n\n<p class=\"has-text-align-center\" style=\"font-size:1.2rem\"><strong>Lis<\/strong><\/p>\n\n\n\n<div style=\"height:16px\" aria-hidden=\"true\" class=\"wp-block-spacer\"><\/div>\n<\/div>\n<\/div>\n\n\n\n<div class=\"wp-block-column is-layout-flow wp-block-column-is-layout-flow\">\n<div class=\"wp-block-group group-stretched-link is-layout-flow wp-block-group-is-layout-flow\">\n<figure class=\"wp-block-image aligncenter size-large is-resized force-no-lightbox force-no-caption is-style-rounded-180\"><img loading=\"lazy\" decoding=\"async\" width=\"1024\" height=\"1024\" src=\"https:\/\/www.greenpeace.org\/static\/planet4-poland-stateless\/2026\/03\/bf72cc85-kwadrat-fb-nadia-8-1024x1024.jpg\" alt=\"\" class=\"wp-image-39795\" style=\"width:180px;height:180px\"\/><\/figure>\n\n\n\n<p class=\"has-text-align-center\" style=\"font-size:1.2rem\"><strong>Kruk<\/strong><\/p>\n\n\n\n<div style=\"height:16px\" aria-hidden=\"true\" class=\"wp-block-spacer\"><\/div>\n<\/div>\n<\/div>\n\n\n\n<div class=\"wp-block-column is-layout-flow wp-block-column-is-layout-flow\">\n<div class=\"wp-block-group group-stretched-link is-layout-flow wp-block-group-is-layout-flow\">\n<figure class=\"wp-block-image aligncenter size-full is-resized force-no-lightbox force-no-caption is-style-rounded-180\"><img loading=\"lazy\" decoding=\"async\" width=\"400\" height=\"400\" src=\"https:\/\/www.greenpeace.org\/static\/planet4-poland-stateless\/2026\/03\/752d4f37-kwadrat-fb-nadia-10-e1773623246585.jpg\" alt=\"\" class=\"wp-image-39793\" style=\"width:180px;height:180px\"\/><\/figure>\n\n\n\n<p class=\"has-text-align-center\" style=\"font-size:1.2rem\"><strong>Dzik<\/strong><\/p>\n\n\n\n<div style=\"height:16px\" aria-hidden=\"true\" class=\"wp-block-spacer\"><\/div>\n<\/div>\n<\/div>\n<\/div>\n\n<h2 class=\"wp-block-heading\">Jak powstan\u0105 bajki?<\/h2>\n\n<p style=\"font-size:1.2rem\">Teraz lista wybranych przez Was zwierz\u0105t trafi do fantastycznej autorki opowiada\u0144 przyrodniczych dla dzieci, biolo\u017cki, edukatorki i mi\u0142o\u015bniczki lasu <strong>Joanny Kowalczyk-Bednarczyk<\/strong> (strona Joanny: <a href=\"https:\/\/www.instagram.com\/bieganizm\" data-type=\"link\" data-id=\"https:\/\/www.instagram.com\/bieganizm\">bieganizm <\/a>), kt\u00f3ra napisze na jej podstawie pi\u0119kne, m\u0105dre bajki bez krzywdz\u0105cych stereotyp\u00f3w. Z kolei <strong>zilustruje je Agata Kwiatkowska<\/strong> &#8211; autorka komiks\u00f3w, ilustratorka, absolwentka warszawskiego ASP, animatorka kultury (IG Agaty: <a href=\"https:\/\/www.instagram.com\/bibula_\/\">@bibula_<\/a>). Potem jeszcze po naszej stronie b\u0119dzie redakcja, sk\u0142ad, druk&#8230; i gotowe! \ud83d\ude42<\/p>\n\n<h2 class=\"wp-block-heading\" id=\"wspieram\">Zbi\u00f3rka na wydanie bajek<strong> <\/strong><\/h2>\n\n<p style=\"font-size:1.2rem\">Aby bajki mog\u0142y trafi\u0107 do dzieci, rodzic\u00f3w i edukator\u00f3w, potrzebujemy Twojego wsparcia. Koszty stworzenia pi\u0119knych ilustracji, sk\u0142adu, redakcji naukowej i ekologicznego druku s\u0105 ogromne. Dlatego zbieramy \u015brodki, by ten projekt sta\u0142 si\u0119 rzeczywisto\u015bci\u0105. Odczarujmy polsk\u0105 przyrod\u0119. Razem!<\/p>\n\n<h4 class=\"wp-block-heading\"><strong>Wesprzyj projekt, a otrzymasz bajki, jak tylko b\u0119d\u0105 gotowe<\/strong><\/h4>\n\n<p>Za wsparcie comiesi\u0119czne lub jednorazow\u0105 pomoc 100 z\u0142 lub wi\u0119cej, otrzymasz w podzi\u0119kowaniu bajki w wersji drukowanej. Za wsparcie jednorazowe poni\u017cej 100 z\u0142 w podzi\u0119kowaniu otrzymasz bajki w wersji elektronicznej.<\/p>\n\n<script type=\"application\/javascript\" src=\"https:\/\/wspieram.greenpeace.pl\/action\/iframe.js\" data-version=\"przyroda-bajki\"><\/script>\n\n<hr class=\"wp-block-separator has-alpha-channel-opacity\"\/>\n","protected":false},"excerpt":{"rendered":"<p>Napiszmy bajki dla dzieci, kt\u00f3ra \u0142ami\u0105 krzywdz\u0105ce stereotypy o zwierz\u0119tach.<\/p>\n","protected":false},"author":70,"featured_media":39742,"parent":0,"menu_order":0,"comment_status":"closed","ping_status":"closed","template":"","meta":{"ep_exclude_from_search":false,"p4_hide_page_title_checkbox":"on","p4_title":"","p4_subtitle":"","p4_description":"","background_image_id":"","background_image":"","p4_button_title":"","p4_button_link":"","p4_button_link_checkbox":"","p4_og_title":"Bajki o zwierz\u0119tach na nowo","p4_og_description":"Napiszmy bajki dla dzieci, kt\u00f3ra \u0142ami\u0105 krzywdz\u0105ce stereotypy o zwierz\u0119tach.","p4_og_image":"https:\/\/www.greenpeace.org\/static\/planet4-poland-stateless\/2026\/03\/f73d76a7-ksiazka-dla-dzieci-gp_okladka.png","p4_og_image_id":"39742","p4_seo_canonical_url":"","p4_campaign_name":"not set","p4_local_project":"not set","p4_basket_name":"not set","p4_department":"","footnotes":""},"categories":[3],"tags":[19,26,119,117,120],"class_list":["post-39711","page","type-page","status-publish","has-post-thumbnail","hentry","category-przyroda","tag-lasy","tag-ochrona-przyrody","tag-lis","tag-wilk","tag-dzikie-gatunki-polski"],"_links":{"self":[{"href":"https:\/\/www.greenpeace.org\/poland\/wp-json\/wp\/v2\/pages\/39711","targetHints":{"allow":["GET"]}}],"collection":[{"href":"https:\/\/www.greenpeace.org\/poland\/wp-json\/wp\/v2\/pages"}],"about":[{"href":"https:\/\/www.greenpeace.org\/poland\/wp-json\/wp\/v2\/types\/page"}],"author":[{"embeddable":true,"href":"https:\/\/www.greenpeace.org\/poland\/wp-json\/wp\/v2\/users\/70"}],"replies":[{"embeddable":true,"href":"https:\/\/www.greenpeace.org\/poland\/wp-json\/wp\/v2\/comments?post=39711"}],"version-history":[{"count":19,"href":"https:\/\/www.greenpeace.org\/poland\/wp-json\/wp\/v2\/pages\/39711\/revisions"}],"predecessor-version":[{"id":39981,"href":"https:\/\/www.greenpeace.org\/poland\/wp-json\/wp\/v2\/pages\/39711\/revisions\/39981"}],"wp:featuredmedia":[{"embeddable":true,"href":"https:\/\/www.greenpeace.org\/poland\/wp-json\/wp\/v2\/media\/39742"}],"wp:attachment":[{"href":"https:\/\/www.greenpeace.org\/poland\/wp-json\/wp\/v2\/media?parent=39711"}],"wp:term":[{"taxonomy":"category","embeddable":true,"href":"https:\/\/www.greenpeace.org\/poland\/wp-json\/wp\/v2\/categories?post=39711"},{"taxonomy":"post_tag","embeddable":true,"href":"https:\/\/www.greenpeace.org\/poland\/wp-json\/wp\/v2\/tags?post=39711"}],"curies":[{"name":"wp","href":"https:\/\/api.w.org\/{rel}","templated":true}]}}