{"id":4219,"date":"2019-11-29T01:31:24","date_gmt":"2019-11-28T23:31:24","guid":{"rendered":"https:\/\/www.greenpeace.org\/poland\/paliwakopalne\/"},"modified":"2025-09-23T12:08:13","modified_gmt":"2025-09-23T10:08:13","slug":"paliwakopalne","status":"publish","type":"page","link":"https:\/\/www.greenpeace.org\/poland\/paliwakopalne\/","title":{"rendered":"#PaliwaKopalne"},"content":{"rendered":"\n                    <div class=\"wp-block-group is-vertical is-layout-flex wp-container-core-group-is-layout-8cf370e7 wp-block-group-is-layout-flex\">\n                    \n\n                    \n                    <\/div>\n                    \n    <div class=\"wp-block-query posts-list p4-query-loop is-custom-layout-list is-layout-flow wp-block-query-is-layout-flow\">\n        <div class=\"wp-block-group is-content-justification-space-between is-layout-flex wp-container-core-group-is-layout-3d213aab wp-block-group-is-layout-flex\"><h2 class=\"wp-block-heading\">Powi\u0105zane artyku\u0142y<\/h2>\n        <li class=\" wp-block-navigation-item see-all-link wp-block-navigation-link\"><a class=\"wp-block-navigation-item__content\"  href=\"http:\/\/www.greenpeace.org\/poland\/aktualnosci\/?tag=paliwakopalne\"><span class=\"wp-block-navigation-item__label\">See all stories<\/span><\/a><\/li>\n        \n        <\/div>\n        \n\n    <p style=\"margin-top: 24px; margin-bottom: 36px;\"><\/p>\n\n    \n\n    <ul class=\"wp-block-post-template is-layout-flow wp-block-post-template-is-layout-flow\"><li class=\"wp-block-post post-40013 post type-post status-publish format-standard has-post-thumbnail hentry category-klimat-energia tag-klimat tag-czysta-energia tag-paliwakopalne tag-aktywizm tag-metan tag-gaz p4-page-type-aktualnosci\">\n            \n<div class=\"wp-block-columns is-layout-flex wp-container-core-columns-is-layout-9d6595d7 wp-block-columns-is-layout-flex\"><figure class=\"wp-block-post-featured-image\"><a href=\"https:\/\/www.greenpeace.org\/poland\/aktualnosci\/40013\/protest-w-kopalni-szczyglowice-polskie-kopalnie-musza-skonczyc-z-marnowaniem-metanu\/\" target=\"_self\"  ><img loading=\"lazy\" decoding=\"async\" width=\"2560\" height=\"1919\" src=\"https:\/\/www.greenpeace.org\/static\/planet4-poland-stateless\/2026\/04\/84ed6cc4-gp-metan-szczyglowice-3-scaled.jpg\" class=\"attachment-post-thumbnail size-post-thumbnail wp-post-image wp-stateless-item\" alt=\"Protest w kopalni Szczyg\u0142owice: polskie kopalnie musz\u0105 sko\u0144czy\u0107 z marnowaniem metanu\" style=\"object-fit:cover;\" srcset=\"https:\/\/www.greenpeace.org\/static\/planet4-poland-stateless\/2026\/04\/84ed6cc4-gp-metan-szczyglowice-3-scaled.jpg 2560w, https:\/\/www.greenpeace.org\/static\/planet4-poland-stateless\/2026\/04\/84ed6cc4-gp-metan-szczyglowice-3-500x375.jpg 500w, https:\/\/www.greenpeace.org\/static\/planet4-poland-stateless\/2026\/04\/84ed6cc4-gp-metan-szczyglowice-3-1024x767.jpg 1024w, https:\/\/www.greenpeace.org\/static\/planet4-poland-stateless\/2026\/04\/84ed6cc4-gp-metan-szczyglowice-3-768x576.jpg 768w, https:\/\/www.greenpeace.org\/static\/planet4-poland-stateless\/2026\/04\/84ed6cc4-gp-metan-szczyglowice-3-1536x1151.jpg 1536w, https:\/\/www.greenpeace.org\/static\/planet4-poland-stateless\/2026\/04\/84ed6cc4-gp-metan-szczyglowice-3-2048x1535.jpg 2048w, https:\/\/www.greenpeace.org\/static\/planet4-poland-stateless\/2026\/04\/84ed6cc4-gp-metan-szczyglowice-3-1823x1366.jpg 1823w, https:\/\/www.greenpeace.org\/static\/planet4-poland-stateless\/2026\/04\/84ed6cc4-gp-metan-szczyglowice-3-454x340.jpg 454w\" sizes=\"auto, (max-width: 2560px) 100vw, 2560px\" data-image-size=\"post-thumbnail\" data-stateless-media-bucket=\"planet4-poland-stateless\" data-stateless-media-name=\"2026\/04\/84ed6cc4-gp-metan-szczyglowice-3-scaled.jpg\" \/><\/a><\/figure>\n\n        <div class=\"wp-block-group is-layout-flow wp-block-group-is-layout-flow\">\n        <div class=\"wp-block-group is-layout-flex wp-block-group-is-layout-flex\"><div class=\"wp-block-post-terms\"><a href=\"https:\/\/www.greenpeace.org\/poland\/category\/klimat-energia\/\">Klimat i energia<\/a><\/div>\n        \n        \n        <\/div>\n        \n        <h3 class=\"wp-block-post-title\"><a href=\"https:\/\/www.greenpeace.org\/poland\/aktualnosci\/40013\/protest-w-kopalni-szczyglowice-polskie-kopalnie-musza-skonczyc-z-marnowaniem-metanu\/\" target=\"_self\" >Protest w kopalni Szczyg\u0142owice: polskie kopalnie musz\u0105 sko\u0144czy\u0107 z marnowaniem metanu<\/a><\/h3>\n        <div class=\"wp-block-post-excerpt\"><p class=\"wp-block-post-excerpt__excerpt\">Aktywi\u015bci protestuj\u0105 na terenie kopalni Szczyg\u0142owice przeciwko rekordowym emisjom zab\u00f3jczego dla klimatu metanu. Domagaj\u0105 si\u0119 od rz\u0105du, by zako\u0144czy\u0142 ten bezprawny proceder i marnotrawstwo surowca. <\/p><\/div>\n        \n        <div class=\"wp-block-group posts-list-meta is-layout-flow wp-block-group-is-layout-flow\"><span class='article-list-item-author'><a href='https:\/\/www.greenpeace.org\/poland\/author\/mvelez\/'>Marcel Andino Velez<\/a><\/span>\n        <div class=\"wp-block-post-date\"><time datetime=\"2026-04-09T07:01:56+02:00\">2026-04-09<\/time><\/div>\n        \n        <\/div>\n        <\/div>\n        <\/div>\n\n            <\/li><li class=\"wp-block-post post-39943 post type-post status-publish format-standard has-post-thumbnail hentry category-klimat-energia tag-klimat tag-paliwakopalne tag-gaz tag-aktywizm p4-page-type-aktualnosci\">\n            \n<div class=\"wp-block-columns is-layout-flex wp-container-core-columns-is-layout-9d6595d7 wp-block-columns-is-layout-flex\"><figure class=\"wp-block-post-featured-image\"><a href=\"https:\/\/www.greenpeace.org\/poland\/aktualnosci\/39943\/siedziba-komisji-europejskiej-jako-trump-tower-akcja-greenpeace-w-brukseli\/\" target=\"_self\"  ><img loading=\"lazy\" decoding=\"async\" width=\"1536\" height=\"1158\" src=\"https:\/\/www.greenpeace.org\/static\/planet4-poland-stateless\/2026\/03\/9d491e9b-komisja-europejska-jako-trum-tower.jpg\" class=\"attachment-post-thumbnail size-post-thumbnail wp-post-image wp-stateless-item\" alt=\"Siedziba Komisji Europejskiej jako Trump Tower &#8211; akcja Greenpeace w Brukseli\" style=\"object-fit:cover;\" srcset=\"https:\/\/www.greenpeace.org\/static\/planet4-poland-stateless\/2026\/03\/9d491e9b-komisja-europejska-jako-trum-tower.jpg 1536w, https:\/\/www.greenpeace.org\/static\/planet4-poland-stateless\/2026\/03\/9d491e9b-komisja-europejska-jako-trum-tower-500x377.jpg 500w, https:\/\/www.greenpeace.org\/static\/planet4-poland-stateless\/2026\/03\/9d491e9b-komisja-europejska-jako-trum-tower-1024x772.jpg 1024w, https:\/\/www.greenpeace.org\/static\/planet4-poland-stateless\/2026\/03\/9d491e9b-komisja-europejska-jako-trum-tower-768x579.jpg 768w, https:\/\/www.greenpeace.org\/static\/planet4-poland-stateless\/2026\/03\/9d491e9b-komisja-europejska-jako-trum-tower-451x340.jpg 451w\" sizes=\"auto, (max-width: 1536px) 100vw, 1536px\" data-image-size=\"post-thumbnail\" data-stateless-media-bucket=\"planet4-poland-stateless\" data-stateless-media-name=\"2026\/03\/9d491e9b-komisja-europejska-jako-trum-tower.jpg\" \/><\/a><\/figure>\n\n        <div class=\"wp-block-group is-layout-flow wp-block-group-is-layout-flow\">\n        <div class=\"wp-block-group is-layout-flex wp-block-group-is-layout-flex\"><div class=\"wp-block-post-terms\"><a href=\"https:\/\/www.greenpeace.org\/poland\/category\/klimat-energia\/\">Klimat i energia<\/a><\/div>\n        \n        \n        <\/div>\n        \n        <h3 class=\"wp-block-post-title\"><a href=\"https:\/\/www.greenpeace.org\/poland\/aktualnosci\/39943\/siedziba-komisji-europejskiej-jako-trump-tower-akcja-greenpeace-w-brukseli\/\" target=\"_self\" >Siedziba Komisji Europejskiej jako Trump Tower &#8211; akcja Greenpeace w Brukseli<\/a><\/h3>\n        <div class=\"wp-block-post-excerpt\"><p class=\"wp-block-post-excerpt__excerpt\">Aktywistki i aktywi\u015bci Greenpeace wy\u015bwietlili dzi\u015b rano na fasadzie siedziby Komisji Europejskiej obraz, kt\u00f3ry upodobni\u0142 j\u0105 do jednego z drapaczy chmur nale\u017c\u0105cych do Donalda Trumpa. W ten spos\u00f3b zaprotestowali przeciwko&hellip; <\/p><\/div>\n        \n        <div class=\"wp-block-group posts-list-meta is-layout-flow wp-block-group-is-layout-flow\"><span class='article-list-item-author'><a href='https:\/\/www.greenpeace.org\/poland\/author\/marianna\/'>Greenpeace Polska<\/a><\/span>\n        <div class=\"wp-block-post-date\"><time datetime=\"2026-03-19T17:53:06+02:00\">2026-03-19<\/time><\/div>\n        \n        <\/div>\n        <\/div>\n        <\/div>\n\n            <\/li><li class=\"wp-block-post post-39920 post type-post status-publish format-standard has-post-thumbnail hentry category-klimat-energia tag-klimat tag-aktywizm tag-paliwakopalne tag-demokracjaiprawaczlowieka tag-gaz p4-page-type-aktualnosci\">\n            \n<div class=\"wp-block-columns is-layout-flex wp-container-core-columns-is-layout-9d6595d7 wp-block-columns-is-layout-flex\"><figure class=\"wp-block-post-featured-image\"><a href=\"https:\/\/www.greenpeace.org\/poland\/aktualnosci\/39920\/ropa-i-gaz-to-wojna-greenpeace-pietnuje-trumpa-i-putina-w-centrum-stolicy\/\" target=\"_self\"  ><img loading=\"lazy\" decoding=\"async\" width=\"799\" height=\"533\" src=\"https:\/\/www.greenpeace.org\/static\/planet4-poland-stateless\/2026\/03\/039c10f7-55154535075_4d49f1641b_c.jpg\" class=\"attachment-post-thumbnail size-post-thumbnail wp-post-image wp-stateless-item\" alt=\"\u201eRopa i gaz to wojna\u201d &#8211; Greenpeace pi\u0119tnuje Trumpa i Putina\" style=\"object-fit:cover;\" srcset=\"https:\/\/www.greenpeace.org\/static\/planet4-poland-stateless\/2026\/03\/039c10f7-55154535075_4d49f1641b_c.jpg 799w, https:\/\/www.greenpeace.org\/static\/planet4-poland-stateless\/2026\/03\/039c10f7-55154535075_4d49f1641b_c-500x334.jpg 500w, https:\/\/www.greenpeace.org\/static\/planet4-poland-stateless\/2026\/03\/039c10f7-55154535075_4d49f1641b_c-768x512.jpg 768w, https:\/\/www.greenpeace.org\/static\/planet4-poland-stateless\/2026\/03\/039c10f7-55154535075_4d49f1641b_c-510x340.jpg 510w\" sizes=\"auto, (max-width: 799px) 100vw, 799px\" data-image-size=\"post-thumbnail\" data-stateless-media-bucket=\"planet4-poland-stateless\" data-stateless-media-name=\"2026\/03\/039c10f7-55154535075_4d49f1641b_c.jpg\" \/><\/a><\/figure>\n\n        <div class=\"wp-block-group is-layout-flow wp-block-group-is-layout-flow\">\n        <div class=\"wp-block-group is-layout-flex wp-block-group-is-layout-flex\"><div class=\"wp-block-post-terms\"><a href=\"https:\/\/www.greenpeace.org\/poland\/category\/klimat-energia\/\">Klimat i energia<\/a><\/div>\n        \n        \n        <\/div>\n        \n        <h3 class=\"wp-block-post-title\"><a href=\"https:\/\/www.greenpeace.org\/poland\/aktualnosci\/39920\/ropa-i-gaz-to-wojna-greenpeace-pietnuje-trumpa-i-putina-w-centrum-stolicy\/\" target=\"_self\" >\u201eRopa i gaz to wojna\u201d &#8211; Greenpeace pi\u0119tnuje Trumpa i Putina<\/a><\/h3>\n        <div class=\"wp-block-post-excerpt\"><p class=\"wp-block-post-excerpt__excerpt\">Dzisiejszej nocy grupa aktywistek i aktywist\u00f3w Greenpeace rozwiesi\u0142a w centrum Warszawy plakaty z podobiznami prezydent\u00f3w Trumpa i Putina wraz z przekazem: ropa i gaz to wojna, cierpienie, dro\u017cyzna, chaos i&hellip; <\/p><\/div>\n        \n        <div class=\"wp-block-group posts-list-meta is-layout-flow wp-block-group-is-layout-flow\"><span class='article-list-item-author'><a href='https:\/\/www.greenpeace.org\/poland\/author\/kasia\/'>Katarzyna Bilewska<\/a><\/span>\n        <div class=\"wp-block-post-date\"><time datetime=\"2026-03-18T09:36:07+02:00\">2026-03-18<\/time><\/div>\n        \n        <\/div>\n        <\/div>\n        <\/div>\n\n            <\/li><\/ul>\n\n    \n<div class=\"wp-block-buttons carousel-controls is-horizontal is-content-justification-space-between is-nowrap is-layout-flex wp-container-core-buttons-is-layout-044bd602 wp-block-buttons-is-layout-flex\">\n            <div class=\"wp-block-button carousel-control-prev\"><button type=\"button\" class=\"wp-block-button__link wp-element-button\">Wstecz<\/button><\/div>\n        \n\n            <div class=\"wp-block-button carousel-control-next\"><button type=\"button\" class=\"wp-block-button__link wp-element-button\">Dalej<\/button><\/div>\n        <\/div>\n\n\n    <li class=\" wp-block-navigation-item see-all-link wp-block-navigation-link\"><a class=\"wp-block-navigation-item__content\"  href=\"http:\/\/www.greenpeace.org\/poland\/aktualnosci\/?tag=paliwakopalne\"><span class=\"wp-block-navigation-item__label\">See all stories<\/span><\/a><\/li><\/div>\n    ","protected":false},"excerpt":{"rendered":"","protected":false},"author":25,"featured_media":0,"parent":0,"menu_order":0,"comment_status":"closed","ping_status":"closed","template":"","meta":{"ep_exclude_from_search":false,"p4_hide_page_title_checkbox":"","p4_title":"","p4_subtitle":"","p4_description":"","background_image_id":"","background_image":"","p4_button_title":"","p4_button_link":"","p4_button_link_checkbox":"","p4_og_title":"","p4_og_description":"","p4_og_image":"","p4_og_image_id":"","p4_seo_canonical_url":"","p4_campaign_name":"","p4_local_project":"","p4_basket_name":"","p4_department":"","footnotes":""},"categories":[],"tags":[],"class_list":["post-4219","page","type-page","status-publish","hentry"],"_links":{"self":[{"href":"https:\/\/www.greenpeace.org\/poland\/wp-json\/wp\/v2\/pages\/4219","targetHints":{"allow":["GET"]}}],"collection":[{"href":"https:\/\/www.greenpeace.org\/poland\/wp-json\/wp\/v2\/pages"}],"about":[{"href":"https:\/\/www.greenpeace.org\/poland\/wp-json\/wp\/v2\/types\/page"}],"author":[{"embeddable":true,"href":"https:\/\/www.greenpeace.org\/poland\/wp-json\/wp\/v2\/users\/25"}],"replies":[{"embeddable":true,"href":"https:\/\/www.greenpeace.org\/poland\/wp-json\/wp\/v2\/comments?post=4219"}],"version-history":[{"count":7,"href":"https:\/\/www.greenpeace.org\/poland\/wp-json\/wp\/v2\/pages\/4219\/revisions"}],"predecessor-version":[{"id":38072,"href":"https:\/\/www.greenpeace.org\/poland\/wp-json\/wp\/v2\/pages\/4219\/revisions\/38072"}],"wp:attachment":[{"href":"https:\/\/www.greenpeace.org\/poland\/wp-json\/wp\/v2\/media?parent=4219"}],"wp:term":[{"taxonomy":"category","embeddable":true,"href":"https:\/\/www.greenpeace.org\/poland\/wp-json\/wp\/v2\/categories?post=4219"},{"taxonomy":"post_tag","embeddable":true,"href":"https:\/\/www.greenpeace.org\/poland\/wp-json\/wp\/v2\/tags?post=4219"}],"curies":[{"name":"wp","href":"https:\/\/api.w.org\/{rel}","templated":true}]}}