{"id":4270,"date":"2019-12-06T17:14:49","date_gmt":"2019-12-06T15:14:49","guid":{"rendered":"https:\/\/www.greenpeace.org\/poland\/?page_id=4270"},"modified":"2025-04-09T18:29:34","modified_gmt":"2025-04-09T16:29:34","slug":"make-smthng-2019","status":"publish","type":"page","link":"https:\/\/www.greenpeace.org\/poland\/dzialaj-old\/make-smthng-2019\/","title":{"rendered":"Make SMTHNG Week 2019"},"content":{"rendered":"\n                \n                <div class=\"wp-block-group alignfull is-layout-flow wp-block-group-is-layout-flow\">\n                \n                <div class=\"wp-block-group container is-layout-flow wp-block-group-is-layout-flow\">\n                \n                <div class=\"wp-block-media-text alignfull has-media-on-the-right is-stacked-on-mobile is-pattern-p4-page-header is-style-parallax\">\n\n                <div class=\"wp-block-media-text__content\">\n                    <div class=\"wp-block-group is-layout-flow wp-block-group-is-layout-flow\">\n                    \n                        <h1 class=\"wp-block-heading has-white-background-color has-background\">\n                            Make SMTHNG Week 2019\n                        <\/h1>\n                    <\/div>\n                \n\n                \n                        <p style=\"font-size:1.25rem\">\n                            Tydzie\u0144 MAKE SMTHNG to mi\u0119dzynarodowy festiwal wydarze\u0144 zach\u0119caj\u0105cych do wykorzystania w\u0142asnej kreatywno\u015bci, ducha wsp\u00f3lnoty i mocy spo\u0142ecznego prze\u017cycia. Zamiast sp\u0119dza\u0107 \u015bwi\u0119ta i koniec roku na zakupach, chcemy wsp\u00f3lnie co\u015b stworzy\u0107. \n                        <\/p>\n                    \n\n                \n\n                <\/div>\n                <figure class=\"wp-block-media-text__media\">\n                    <img loading=\"lazy\" decoding=\"async\" width=\"1400\" height=\"481\"\n                        src=\"https:\/\/www.greenpeace.org\/static\/planet4-poland-stateless\/2019\/12\/52e1978a-diy2.jpeg\"\n                        alt=\"\"\n                        sizes=\"auto, (min-width: 601px) 50vw, 100vw\" srcset=\"https:\/\/www.greenpeace.org\/static\/planet4-poland-stateless\/2019\/12\/52e1978a-diy2.jpeg 1400w, https:\/\/www.greenpeace.org\/static\/planet4-poland-stateless\/2019\/12\/52e1978a-diy2-300x103.jpeg 300w, https:\/\/www.greenpeace.org\/static\/planet4-poland-stateless\/2019\/12\/52e1978a-diy2-1024x352.jpeg 1024w, https:\/\/www.greenpeace.org\/static\/planet4-poland-stateless\/2019\/12\/52e1978a-diy2-768x264.jpeg 768w, https:\/\/www.greenpeace.org\/static\/planet4-poland-stateless\/2019\/12\/52e1978a-diy2-510x175.jpeg 510w\" class=\"wp-image-4275 size-full\"\n                    \/>\n                <\/figure>\n                <\/div>\n                \n                <\/div>\n                \n                <\/div>\n                \n                \n<p style=\"font-size:30px\"><strong>Make SMTHNG Week jako alternatywa dla przed\u015bwi\u0105tecznych zakup\u00f3w<\/strong><\/p>\n\n<p class=\"has-medium-font-size\">Jak co roku na pocz\u0105tku \u015bwi\u0105tecznego sezonu zakupowego grupy lokalne Greenpeace wraz z organizacjami partnerskimi zapraszaj\u0105 Ci\u0119 do zrobienia czego\u015b z nami. W miastach na ca\u0142ym \u015bwiecie tw\u00f3rcy zbieraj\u0105 si\u0119, aby pokaza\u0107, w jaki spos\u00f3b mo\u017cemy wsp\u00f3lnie stworzy\u0107 unikaln\u0105 alternatyw\u0119 dla zakupu czego\u015b nowego, my zapraszamy Ci\u0119 do udzia\u0142u w kilku miastach Polski! <\/p>\n\n<p class=\"has-medium-font-size\">W 2019 roku tydzie\u0144 Make SMTHNG po raz kolejny po\u0142\u0105czy ludzi z r\u00f3\u017cnych \u015brodowisk i poka\u017ce, jak mo\u017cemy dzieli\u0107 si\u0119, naprawia\u0107, dba\u0107 o rzeczy. Z pomoc\u0105 w\u0142asnych r\u0105k mo\u017cemy wsp\u00f3lnie zrobi\u0107 ze starych element\u00f3w co\u015b nowego i wspania\u0142ego!<\/p>\n\n<p><strong>Zapraszamy Ci\u0119 na darmowe warsztaty w kilku miastach Polski:<\/strong><\/p>\n\n<ul class=\"wp-block-list\"><li>w Katowicach w dniach  6 i 7 grudnia (<a href=\"https:\/\/www.facebook.com\/events\/508589113200790\/\">program 6<\/a> i <a href=\"https:\/\/www.facebook.com\/events\/521876141732979\/\">7 grudnia<\/a>) <\/li><li>w Poznaniu w dniach 5-7 grudnia  (<a href=\"https:\/\/www.facebook.com\/pg\/GreenpeacePoznan\/events\/\">zobacz program<\/a>) <\/li><li>w Tr\u00f3jmie\u015bcie w dniach  7, 14 i 15 grudnia (<a href=\"https:\/\/www.facebook.com\/events\/2411933395690087\/\">zobacz program<\/a>) <\/li><li>w Warszawie w dniach 14-15 grudnia (<a href=\"https:\/\/www.facebook.com\/events\/2502263933383673\/\">zobacz program<\/a>) <\/li><li>we Wroc\u0142awiu w dniach 29 listopada &#8211; 13 grudnia (<a href=\"https:\/\/www.facebook.com\/events\/748243608973060\/\">zobacz program<\/a>)<\/li><\/ul>\n\n<p class=\"has-medium-font-size\">Ka\u017cdego roku wykorzystujemy wi\u0119cej naturalnych zasob\u00f3w ni\u017c Ziemia mo\u017ce wyprodukowa\u0107, zaczynaj\u0105c od mody i technologii, przez jedzenie, po jednorazowy plastik, zabawki i samochody. Produkujemy i konsumujemy za du\u017co. Musimy stworzy\u0107 inicjatyw\u0119, dzi\u0119ki kt\u00f3rej zn\u00f3w zaczniemy docenia\u0107 i chroni\u0107 dobra naturalne. Wielu z nas ju\u017c odkry\u0142o rado\u015b\u0107 w tworzeniu i moc spotkania w swojej spo\u0142eczno\u015bci, aby dzieli\u0107 si\u0119 swoimi umiej\u0119tno\u015bciami, do\u015bwiadczeniem i wiedz\u0105. Tydzie\u0144 Make SMTHNG to czas wsp\u00f3lnego dzia\u0142ania w celu spopularyzowania alternatyw dla nadmiernej konsumpcji.<\/p>\n<div data-render=\"planet4-blocks\/gallery\" data-attributes=\"{&quot;attributes&quot;:{&quot;multiple_image&quot;:&quot;4304,4306,4307,4308,4313&quot;,&quot;image_data&quot;:[{&quot;url&quot;:&quot;https:\\\/\\\/www.greenpeace.org\\\/static\\\/planet4-poland-stateless\\\/2019\\\/12\\\/6412ffd6-mswbejing.jpg&quot;,&quot;focalPoint&quot;:{&quot;x&quot;:0.5,&quot;y&quot;:0.5},&quot;id&quot;:4304},{&quot;url&quot;:&quot;https:\\\/\\\/www.greenpeace.org\\\/static\\\/planet4-poland-stateless\\\/2019\\\/12\\\/5ed1197b-msw-kolaz.jpg&quot;,&quot;focalPoint&quot;:{&quot;x&quot;:0.5,&quot;y&quot;:0.5},&quot;id&quot;:4306},{&quot;url&quot;:&quot;https:\\\/\\\/www.greenpeace.org\\\/static\\\/planet4-poland-stateless\\\/2019\\\/12\\\/006d094b-msw-liubov.jpg&quot;,&quot;focalPoint&quot;:{&quot;x&quot;:0.5,&quot;y&quot;:0.5},&quot;id&quot;:4307},{&quot;url&quot;:&quot;https:\\\/\\\/www.greenpeace.org\\\/static\\\/planet4-poland-stateless\\\/2019\\\/12\\\/94c15882-mswwroclaw.jpg&quot;,&quot;focalPoint&quot;:{&quot;x&quot;:0.5,&quot;y&quot;:0.5},&quot;id&quot;:4308},{&quot;url&quot;:&quot;https:\\\/\\\/www.greenpeace.org\\\/static\\\/planet4-poland-stateless\\\/2019\\\/12\\\/edf396b6-msw-dzeci.jpg&quot;,&quot;focalPoint&quot;:{&quot;x&quot;:0.5,&quot;y&quot;:0.5},&quot;id&quot;:4313}],&quot;gallery_block_style&quot;:0,&quot;gallery_block_title&quot;:&quot;&quot;,&quot;gallery_block_description&quot;:&quot;&quot;,&quot;gallery_block_focus_points&quot;:&quot;&quot;,&quot;images&quot;:[{&quot;image_src&quot;:&quot;https:\\\/\\\/www.greenpeace.org\\\/static\\\/planet4-poland-stateless\\\/2019\\\/12\\\/6412ffd6-mswbejing.jpg&quot;,&quot;image_srcset&quot;:&quot;https:\\\/\\\/www.greenpeace.org\\\/static\\\/planet4-poland-stateless\\\/2019\\\/12\\\/6412ffd6-mswbejing.jpg 1200w, https:\\\/\\\/www.greenpeace.org\\\/static\\\/planet4-poland-stateless\\\/2019\\\/12\\\/6412ffd6-mswbejing-300x200.jpg 300w, https:\\\/\\\/www.greenpeace.org\\\/static\\\/planet4-poland-stateless\\\/2019\\\/12\\\/6412ffd6-mswbejing-1024x683.jpg 1024w, https:\\\/\\\/www.greenpeace.org\\\/static\\\/planet4-poland-stateless\\\/2019\\\/12\\\/6412ffd6-mswbejing-768x512.jpg 768w, https:\\\/\\\/www.greenpeace.org\\\/static\\\/planet4-poland-stateless\\\/2019\\\/12\\\/6412ffd6-mswbejing-510x340.jpg 510w&quot;,&quot;image_sizes&quot;:false,&quot;alt_text&quot;:&quot;&quot;,&quot;caption&quot;:&quot;Graficzka i ilustratorka Jinna Kaneko wolontariiuszka prowadz\\u0105ca warsztaty Upcycle+Art. Greenpeace zorganizowa\\u0142 warsztaty DIY i stworzy\\u0142 wizualn\\u0105 gr\\u0119 logiczn\\u0105 podczas Beijing Design Week, aby pokaza\\u0107 korzy\\u015bci p\\u0142yn\\u0105ce z upcyklingu w ramach kampanii Detox.&quot;,&quot;focus_image&quot;:&quot;&quot;,&quot;credits&quot;:&quot;\\u00a9 Greenpeace \\\/ Wendi Wu&quot;},{&quot;image_src&quot;:&quot;https:\\\/\\\/www.greenpeace.org\\\/static\\\/planet4-poland-stateless\\\/2019\\\/12\\\/5ed1197b-msw-kolaz.jpg&quot;,&quot;image_srcset&quot;:&quot;https:\\\/\\\/www.greenpeace.org\\\/static\\\/planet4-poland-stateless\\\/2019\\\/12\\\/5ed1197b-msw-kolaz.jpg 1198w, https:\\\/\\\/www.greenpeace.org\\\/static\\\/planet4-poland-stateless\\\/2019\\\/12\\\/5ed1197b-msw-kolaz-300x199.jpg 300w, https:\\\/\\\/www.greenpeace.org\\\/static\\\/planet4-poland-stateless\\\/2019\\\/12\\\/5ed1197b-msw-kolaz-1024x679.jpg 1024w, https:\\\/\\\/www.greenpeace.org\\\/static\\\/planet4-poland-stateless\\\/2019\\\/12\\\/5ed1197b-msw-kolaz-768x509.jpg 768w, https:\\\/\\\/www.greenpeace.org\\\/static\\\/planet4-poland-stateless\\\/2019\\\/12\\\/5ed1197b-msw-kolaz-510x338.jpg 510w&quot;,&quot;image_sizes&quot;:false,&quot;alt_text&quot;:&quot;&quot;,&quot;caption&quot;:&quot;Artystka Liubov Shynder podczas warsztat\\u00f3w tworzenia kola\\u017cy z papieru z materia\\u0142\\u00f3w z odzysku lub znalezionych na \\u015bmietniku. Make Smthg Week 2017 \\u2013 Kola\\u017ce z papieru&quot;,&quot;focus_image&quot;:&quot;&quot;,&quot;credits&quot;:&quot;\\u00a9 Greenpeace \\\/ Marta Boska Photography&quot;},{&quot;image_src&quot;:&quot;https:\\\/\\\/www.greenpeace.org\\\/static\\\/planet4-poland-stateless\\\/2019\\\/12\\\/006d094b-msw-liubov.jpg&quot;,&quot;image_srcset&quot;:&quot;https:\\\/\\\/www.greenpeace.org\\\/static\\\/planet4-poland-stateless\\\/2019\\\/12\\\/006d094b-msw-liubov.jpg 1197w, https:\\\/\\\/www.greenpeace.org\\\/static\\\/planet4-poland-stateless\\\/2019\\\/12\\\/006d094b-msw-liubov-300x199.jpg 300w, https:\\\/\\\/www.greenpeace.org\\\/static\\\/planet4-poland-stateless\\\/2019\\\/12\\\/006d094b-msw-liubov-1024x680.jpg 1024w, https:\\\/\\\/www.greenpeace.org\\\/static\\\/planet4-poland-stateless\\\/2019\\\/12\\\/006d094b-msw-liubov-768x510.jpg 768w, https:\\\/\\\/www.greenpeace.org\\\/static\\\/planet4-poland-stateless\\\/2019\\\/12\\\/006d094b-msw-liubov-510x340.jpg 510w&quot;,&quot;image_sizes&quot;:false,&quot;alt_text&quot;:&quot;&quot;,&quot;caption&quot;:&quot;&quot;,&quot;focus_image&quot;:&quot;&quot;,&quot;credits&quot;:&quot;\\u00a9 Marta Boska Photography&quot;},{&quot;image_src&quot;:&quot;https:\\\/\\\/www.greenpeace.org\\\/static\\\/planet4-poland-stateless\\\/2019\\\/12\\\/94c15882-mswwroclaw.jpg&quot;,&quot;image_srcset&quot;:&quot;https:\\\/\\\/www.greenpeace.org\\\/static\\\/planet4-poland-stateless\\\/2019\\\/12\\\/94c15882-mswwroclaw.jpg 1200w, https:\\\/\\\/www.greenpeace.org\\\/static\\\/planet4-poland-stateless\\\/2019\\\/12\\\/94c15882-mswwroclaw-300x200.jpg 300w, https:\\\/\\\/www.greenpeace.org\\\/static\\\/planet4-poland-stateless\\\/2019\\\/12\\\/94c15882-mswwroclaw-1024x683.jpg 1024w, https:\\\/\\\/www.greenpeace.org\\\/static\\\/planet4-poland-stateless\\\/2019\\\/12\\\/94c15882-mswwroclaw-768x512.jpg 768w, https:\\\/\\\/www.greenpeace.org\\\/static\\\/planet4-poland-stateless\\\/2019\\\/12\\\/94c15882-mswwroclaw-510x340.jpg 510w&quot;,&quot;image_sizes&quot;:false,&quot;alt_text&quot;:&quot;&quot;,&quot;caption&quot;:&quot;Grupa tworz\\u0105ca Make Smthng Week Wroc\\u0142aw 2017 \\u2013 Stw\\u00f3rz co\\u015b&quot;,&quot;focus_image&quot;:&quot;&quot;,&quot;credits&quot;:&quot;\\u00a9 Marta Boska Photography&quot;},{&quot;image_src&quot;:&quot;https:\\\/\\\/www.greenpeace.org\\\/static\\\/planet4-poland-stateless\\\/2019\\\/12\\\/edf396b6-msw-dzeci.jpg&quot;,&quot;image_srcset&quot;:&quot;https:\\\/\\\/www.greenpeace.org\\\/static\\\/planet4-poland-stateless\\\/2019\\\/12\\\/edf396b6-msw-dzeci.jpg 1200w, https:\\\/\\\/www.greenpeace.org\\\/static\\\/planet4-poland-stateless\\\/2019\\\/12\\\/edf396b6-msw-dzeci-300x200.jpg 300w, https:\\\/\\\/www.greenpeace.org\\\/static\\\/planet4-poland-stateless\\\/2019\\\/12\\\/edf396b6-msw-dzeci-1024x683.jpg 1024w, https:\\\/\\\/www.greenpeace.org\\\/static\\\/planet4-poland-stateless\\\/2019\\\/12\\\/edf396b6-msw-dzeci-768x512.jpg 768w, https:\\\/\\\/www.greenpeace.org\\\/static\\\/planet4-poland-stateless\\\/2019\\\/12\\\/edf396b6-msw-dzeci-510x340.jpg 510w&quot;,&quot;image_sizes&quot;:false,&quot;alt_text&quot;:&quot;&quot;,&quot;caption&quot;:&quot;Make SMTHNG Wroc\\u0142aw 2017. Dzieci na warsztatach z szycia z resztek \\u2013 wykonuj\\u0105 torb\\u0119 ze starej koszulki&quot;,&quot;focus_image&quot;:&quot;&quot;,&quot;credits&quot;:&quot;\\u00a9 Marta Boska Photography&quot;}]}}\"><\/div>\n<p style=\"font-size:30px\"><strong>Zmiana systemu a nie zmiana klimatu<\/strong><\/p>\n\n<p class=\"has-medium-font-size\">Je\u015bli nie chcemy przekroczy\u0107 1.5C, potrzebujemy reformy systemu inspirowanej jeszcze wi\u0119ksz\u0105 ilo\u015bci\u0105 os\u00f3b podejmuj\u0105cych ekologiczny tryb \u017cycia oraz zmiany sposobu w jaki \u017cyjemy, konsumujemy i zachowujemy si\u0119 w naszych miastach. Tw\u00f3rcy i organizatorzy wydarze\u0144 b\u0119d\u0105 decydowali, w jaki spos\u00f3b wprowadzimy zmiany w naszych spo\u0142eczno\u015bciach. Mo\u017cemy nawo\u0142ywa\u0107 do reform prawnych, anga\u017cowa\u0107 si\u0119 w tw\u00f3rcze dzia\u0142ania lub bra\u0107 udzia\u0142 w akcjach charytatywnych.<\/p>\n\n<p class=\"has-medium-font-size\">Wzywamy wszystkich, dla kt\u00f3rych bliskie jest majsterkowanie, minimalizm, upcykling, swapping, r\u0119kodzie\u0142o i zero waste &#8211; wszyscy jeste\u015bcie zaproszeni do przy\u0142\u0105czenia si\u0119, aby zainspirowa\u0107 si\u0119 do jak najlepszego wykorzystania naszych zasob\u00f3w.<\/p>\n\n<p class=\"has-medium-font-size\">Wiele i wielu u z Was ju\u017c zacz\u0119\u0142o odkrywa\u0107 na nowo sztuk\u0119, rzemios\u0142o i rado\u015b\u0107 tworzenia: gotowanie, naprawianie ubra\u0144, naprawianie elektroniki, upcykling u\u017cywanych towar\u00f3w, uprawa w\u0142asnej \u017cywno\u015bci. Produkujecie w\u0142asne kosmetyki i \u015brodki czysto\u015bci, porzucacie plastik i dzielicie si\u0119 swoimi nieu\u017cywanymi ubraniami.<\/p>\n\n<p style=\"font-size:30px\"><strong>Sk\u0105d pomys\u0142 na Make SMTHNG Week?<\/strong><\/p>\n\n<p class=\"has-medium-font-size\">Bo kupujemy zbyt wiele niepotrzebnych rzeczy. Aby wytworzy\u0107 produkty, kt\u00f3rych u\u017cywamy, firmy przyczyniaj\u0105 si\u0119 do zmiany klimatu, niszcz\u0105c lasy i zanieczyszczaj\u0105c nasze oceany.<\/p>\n\n<p class=\"has-medium-font-size\">Ilo\u015b\u0107 odpad\u00f3w, kt\u00f3re wytwarzamy jest zatrwa\u017caj\u0105ca. Ka\u017cdy kawa\u0142ek tworzywa sztucznego wyprodukowany w ci\u0105gu ostatnich 60 lat nadal istnieje. W miar\u0119, jak towary taniej\u0105 z zaplanowanym i wbudowanym okresem przydatno\u015bci, wyrzucamy je cz\u0119\u015bciej. W spo\u0142ecze\u0144stwach konsumpcyjnych zakupy licz\u0105 si\u0119 bardziej ni\u017c zachowanie rzeczy.<\/p>\n\n<p class=\"has-medium-font-size\">Zamiast kupowa\u0107  ubrania tzw. fast fashion i wyrzuca\u0107 je po kilkukrotnym noszeniu, mo\u017cemy sprawi\u0107, \u017ce nasze ubrania b\u0119d\u0105 trwa\u0142e, odpowiednio o nie dbaj\u0105c i naprawiaj\u0105c. Aby odwr\u00f3ci\u0107 si\u0119 od bezmy\u015blnego konsumpcjonizmu, mo\u017cemy przesta\u0107 wspiera\u0107 firmy produkuj\u0105ce przedmioty i urz\u0105dzenia, kt\u00f3re nie mog\u0105 by\u0107 naprawiane lub maj\u0105 wymienne elementy, a zamiast tego &#8211; zacz\u0105\u0107 je naprawia\u0107. I zawsze, gdy przynosimy torb\u0119 wielokrotnego u\u017cytku i odmawiamy mody na foli\u0119 jednorazowego u\u017cytku lub poliester, zapobiegamy zanieczyszczaniu planety przez kolejny, zb\u0119dny kawa\u0142ek tworzywa sztucznego.<\/p>\n\n<p class=\"has-medium-font-size\"><strong>Pom\u00f3\u017c nam zmieni\u0107 histori\u0119 hiperkonsumpcji: MAKE SMTHNG!<\/strong><\/p>\n\n<figure class=\"wp-block-image size-large  caption-style-medium caption-alignment-center\"><img loading=\"lazy\" decoding=\"async\" width=\"1024\" height=\"417\" src=\"https:\/\/www.greenpeace.org\/static\/planet4-poland-stateless\/2019\/12\/6e29e9b2-makesmthng-1024x417.jpg\" alt=\"\" class=\"wp-image-4289\" srcset=\"https:\/\/www.greenpeace.org\/static\/planet4-poland-stateless\/2019\/12\/6e29e9b2-makesmthng-1024x417.jpg 1024w, https:\/\/www.greenpeace.org\/static\/planet4-poland-stateless\/2019\/12\/6e29e9b2-makesmthng-300x122.jpg 300w, https:\/\/www.greenpeace.org\/static\/planet4-poland-stateless\/2019\/12\/6e29e9b2-makesmthng-768x312.jpg 768w, https:\/\/www.greenpeace.org\/static\/planet4-poland-stateless\/2019\/12\/6e29e9b2-makesmthng-1536x625.jpg 1536w, https:\/\/www.greenpeace.org\/static\/planet4-poland-stateless\/2019\/12\/6e29e9b2-makesmthng-510x207.jpg 510w, https:\/\/www.greenpeace.org\/static\/planet4-poland-stateless\/2019\/12\/6e29e9b2-makesmthng.jpg 1920w\" sizes=\"auto, (max-width: 1024px) 100vw, 1024px\" \/><\/figure>\n\n<p>Ten ruch to co\u015b wi\u0119cej ni\u017c tylko nasza organizacja. Oto, co mo\u017cesz zrobi\u0107:<\/p>\n\n<ul class=\"wp-block-list\"><li><a href=\"https:\/\/www.luminpdf.com\/viewer\/5dea359832841f00194fbd0f\">Pobierz nasze wskaz\u00f3wki<\/a> jak si\u0119 zaanga\u017cowa\u0107 i podziel si\u0119 nimi z przyjaci\u00f3\u0142mi <\/li><li><a href=\"https:\/\/www.makesmthng.org\/pl\/\">Odwied\u017a nasz\u0105 stron\u0119 internetow\u0105<\/a>, na kt\u00f3rej znajdziesz mi\u0119dzynarodowy kalendarz imprez i inne<br> zasoby<\/li><li>Skorzystaj z naszego darmowego <a href=\"https:\/\/www.makesmthng.org\/design\/\">zestawu narz\u0119dzi<\/a>, aby promowa\u0107 swoje w\u0142asne wydarzenia i historie w mediach spo\u0142eczno\u015bciowych, tworzy\u0107 plakaty, poczt\u00f3wki i cokolwiek innego.<\/li><li>\u015aled\u017a nas na Instagram (@makesmthng) i opowiedz \u015bwiatu o tym, co tworzysz, u\u017cywaj\u0105c hashtagu #makesmthng<\/li><li>Skontaktuj si\u0119 z nami wysy\u0142aj\u0105c maila na adres makesomething@greenpeace.org, je\u015bli chcesz z nami wsp\u00f3\u0142pracowa\u0107.<\/li><\/ul>\n\n<ul class=\"wp-block-list\"><li><\/li><\/ul>\n\n<p><\/p>\n\n<p><\/p>\n<div data-render=\"planet4-blocks\/submenu\" data-attributes=\"{&quot;attributes&quot;:{&quot;submenu_style&quot;:2,&quot;title&quot;:&quot;Znajd\\u017a wydarzenie w swoim mie\\u015bcie&quot;,&quot;levels&quot;:[{&quot;heading&quot;:1,&quot;link&quot;:true,&quot;style&quot;:&quot;bullet&quot;},{&quot;heading&quot;:4,&quot;link&quot;:false,&quot;style&quot;:&quot;none&quot;}]}}\"><\/div>\n<p class=\"has-medium-font-size\"><\/p>\n","protected":false},"excerpt":{"rendered":"<p>Make SMTHNG Week jako alternatywa dla przed\u015bwi\u0105tecznych zakup\u00f3w Jak co roku na pocz\u0105tku \u015bwi\u0105tecznego sezonu zakupowego grupy lokalne Greenpeace wraz z organizacjami partnerskimi zapraszaj\u0105 Ci\u0119 do zrobienia czego\u015b z nami. W miastach na ca\u0142ym \u015bwiecie tw\u00f3rcy zbieraj\u0105 si\u0119, aby pokaza\u0107, w jaki spos\u00f3b mo\u017cemy wsp\u00f3lnie stworzy\u0107 unikaln\u0105 alternatyw\u0119 dla zakupu czego\u015b nowego, my zapraszamy Ci\u0119 [&hellip;]<\/p>\n","protected":false},"author":25,"featured_media":4281,"parent":9,"menu_order":0,"comment_status":"open","ping_status":"closed","template":"","meta":{"ep_exclude_from_search":false,"p4_hide_page_title_checkbox":"on","p4_title":"","p4_subtitle":"","p4_description":"","background_image_id":"","background_image":"","p4_button_title":"","p4_button_link":"","p4_button_link_checkbox":"","p4_og_title":"","p4_og_description":"","p4_og_image":"","p4_og_image_id":"","p4_seo_canonical_url":"","p4_campaign_name":"not set","p4_local_project":"","p4_basket_name":"not set","p4_department":"","footnotes":""},"categories":[1],"tags":[23],"class_list":["post-4270","page","type-page","status-publish","has-post-thumbnail","hentry","category-inne","tag-dzialaj"],"_links":{"self":[{"href":"https:\/\/www.greenpeace.org\/poland\/wp-json\/wp\/v2\/pages\/4270","targetHints":{"allow":["GET"]}}],"collection":[{"href":"https:\/\/www.greenpeace.org\/poland\/wp-json\/wp\/v2\/pages"}],"about":[{"href":"https:\/\/www.greenpeace.org\/poland\/wp-json\/wp\/v2\/types\/page"}],"author":[{"embeddable":true,"href":"https:\/\/www.greenpeace.org\/poland\/wp-json\/wp\/v2\/users\/25"}],"replies":[{"embeddable":true,"href":"https:\/\/www.greenpeace.org\/poland\/wp-json\/wp\/v2\/comments?post=4270"}],"version-history":[{"count":20,"href":"https:\/\/www.greenpeace.org\/poland\/wp-json\/wp\/v2\/pages\/4270\/revisions"}],"predecessor-version":[{"id":36531,"href":"https:\/\/www.greenpeace.org\/poland\/wp-json\/wp\/v2\/pages\/4270\/revisions\/36531"}],"up":[{"embeddable":true,"href":"https:\/\/www.greenpeace.org\/poland\/wp-json\/wp\/v2\/pages\/9"}],"wp:featuredmedia":[{"embeddable":true,"href":"https:\/\/www.greenpeace.org\/poland\/wp-json\/wp\/v2\/media\/4281"}],"wp:attachment":[{"href":"https:\/\/www.greenpeace.org\/poland\/wp-json\/wp\/v2\/media?parent=4270"}],"wp:term":[{"taxonomy":"category","embeddable":true,"href":"https:\/\/www.greenpeace.org\/poland\/wp-json\/wp\/v2\/categories?post=4270"},{"taxonomy":"post_tag","embeddable":true,"href":"https:\/\/www.greenpeace.org\/poland\/wp-json\/wp\/v2\/tags?post=4270"}],"curies":[{"name":"wp","href":"https:\/\/api.w.org\/{rel}","templated":true}]}}