{"id":702,"date":"2021-06-11T02:17:00","date_gmt":"2021-06-11T00:17:00","guid":{"rendered":"https:\/\/master.k8s.p4.greenpeace.org\/poland\/?page_id=702"},"modified":"2026-04-08T10:55:36","modified_gmt":"2026-04-08T08:55:36","slug":"zbuduj-hotel-dla-zapylaczy","status":"publish","type":"page","link":"https:\/\/www.greenpeace.org\/poland\/dzialaj-old\/zbuduj-hotel-dla-zapylaczy\/","title":{"rendered":"Zbuduj hotel dla zapylaczy"},"content":{"rendered":"\n<div class=\"wp-block-media-text alignfull has-media-on-the-right is-stacked-on-mobile is-pattern-p4-page-header\"><div class=\"wp-block-media-text__content\">\n<div class=\"wp-block-group is-layout-flow wp-block-group-is-layout-flow\">\n<h1 class=\"wp-block-heading has-white-background-color has-background\">Zbuduj sw\u00f3j hotel dla zapylaczy<\/h1>\n<\/div>\n\n\n\n<p style=\"font-size:1.25rem\">Wybierz jeden z trzech modeli i stw\u00f3rz sw\u00f3j pierwszy domek dla dzikich pszcz\u00f3\u0142 i innych owad\u00f3w zapylaj\u0105cych!<\/p>\n\n\n\n<p>To proste! Wystarczy, \u017ce&nbsp;pobierzesz nasz poradnik&nbsp;i wybierzesz model, kt\u00f3ry najlepiej pasuje do Twoich potrzeb. Znajdziesz w nim kilka propozycji &#8211; od tych najprostszych, np. na balkon, kt\u00f3re z powodzeniem zbudujesz ze swoim dzieckiem, po konstrukcje bardziej skomplikowane, typowo ogrodowe.<\/p>\n\n\n\n<div class=\"wp-block-buttons is-layout-flex wp-block-buttons-is-layout-flex\">\n<div class=\"wp-block-button is-style-cta\"><a class=\"wp-block-button__link wp-element-button\" href=\"https:\/\/www.greenpeace.org\/static\/planet4-poland-stateless\/2019\/06\/fa20ae88-hotele-dla-zapylaczy-zrob-to-sam.pdf\">Podbierz poradnik<\/a><\/div>\n<\/div>\n<\/div><figure class=\"wp-block-media-text__media\"><img loading=\"lazy\" decoding=\"async\" width=\"1024\" height=\"683\" src=\"https:\/\/www.greenpeace.org\/static\/planet4-poland-stateless\/2019\/08\/459495da-9707153315_fd17ca030c_k-1024x683.jpg\" alt=\"\" sizes=\"auto, (min-width: 601px) 50vw, 100vw\" srcset=\"https:\/\/www.greenpeace.org\/static\/planet4-poland-stateless\/2019\/08\/459495da-9707153315_fd17ca030c_k.jpg 2048w, https:\/\/www.greenpeace.org\/static\/planet4-poland-stateless\/2019\/08\/459495da-9707153315_fd17ca030c_k-300x200.jpg 300w, https:\/\/www.greenpeace.org\/static\/planet4-poland-stateless\/2019\/08\/459495da-9707153315_fd17ca030c_k-768x512.jpg 768w, https:\/\/www.greenpeace.org\/static\/planet4-poland-stateless\/2019\/08\/459495da-9707153315_fd17ca030c_k-1024x683.jpg 1024w, https:\/\/www.greenpeace.org\/static\/planet4-poland-stateless\/2019\/08\/459495da-9707153315_fd17ca030c_k-510x340.jpg 510w\" class=\"wp-image-3383 size-full\"\/><\/figure><\/div>\n\n<h2 class=\"wp-block-heading\">Jak zbudowa\u0107 domek dla pszcz\u00f3\u0142?<\/h2>\n\n<p>Nasz poradnik to dok\u0142adna instrukcja budowy domk\u00f3w dla pszcz\u00f3\u0142 w trzech rozmiarach &#8211; od bardzo prostych, &#8222;balkonowych&#8221;, do wykonania z \u0142atwo\u015bci\u0105 nawet z ma\u0142ymi dzie\u0107mi, przez \u015bredni a\u017c po du\u017cy, pi\u0119ciogwiazdkowy hotel dla zapylaczy, do kt\u00f3rego przyda si\u0119 zmys\u0142 majsterkowania i troch\u0119 wi\u0119cej miejsca w ogrodzie. A wszystko z \u0142atwo dost\u0119pnych i niedrogich materia\u0142\u00f3w, w tym materia\u0142\u00f3w z recyklingu, np. pustych butelek czy opakowa\u0144 po sokach. <strong><a rel=\"noreferrer noopener\" href=\"https:\/\/www.greenpeace.org\/static\/planet4-poland-stateless\/2019\/06\/fa20ae88-hotele-dla-zapylaczy-zrob-to-sam.pdf\" target=\"_blank\">Pobierz poradnik &#8222;Hotele dla zapylaczy: Zr\u00f3b to sam&#8221;<\/a>&nbsp;<\/strong>i pom\u00f3\u017c owadom zapylaj\u0105cym!<\/p>\n\n<figure class=\"wp-block-image\"><img alt=\"\"\/><\/figure>\n\n<h2 class=\"wp-block-heading\">Mapa pszczelich hoteli<\/h2>\n\n<p>W czerwcu 2014 roku w ramach akcji Adoptuj Pszczo\u0142\u0119 zako\u0144czyli\u015bmy projekt budowy 100 hoteli dla dzikich owad\u00f3w zapylaj\u0105cych. Hotelowa sie\u0107 obj\u0119\u0142a Bydgoszcz, Gda\u0144sk, Katowice, Kielce, Krak\u00f3w, Lublin, \u0141\u00f3d\u017a, Olsztyn, Opole, Pozna\u0144, Rzesz\u00f3w, Szczecin, Toru\u0144, Warszaw\u0119, Wroc\u0142aw i Zielon\u0105 G\u00f3r\u0119. Hotele zapewni\u0105 schronienie pszczo\u0142om, trzmielom i innym po\u017cytecznym owadom, kt\u00f3re z coraz wi\u0119kszym trudem znajduj\u0105 dla siebie bezpieczn\u0105 przestrze\u0144 w miastach.<\/p>\n\n<p>\u015arodki na budow\u0119 stu hoteli zebrali\u015bmy we wrze\u015bniu 2013 w ramach akcji Adoptuj Pszczo\u0142\u0119. Akcj\u0119 wspar\u0142o ponad pi\u0119\u0107 tysi\u0119cy wspania\u0142ych os\u00f3b. Jest to kolejna ods\u0142ona kampanii maj\u0105cej na celu ochron\u0119 pszcz\u00f3\u0142 miodnych i dziko \u017cyj\u0105cych owad\u00f3w zapylaj\u0105cych, kt\u00f3re masowo wymieraj\u0105 m.in. w wyniku chemizacji rolnictwa, zmian klimatycznych, chor\u00f3b oraz niszczenia ich siedlisk.<\/p>\n\n<p>Na poni\u017cszej mapie mo\u017cesz zobaczy\u0107, gdzie stoj\u0105 pszczele hotele. <strong>Je\u015bli masz sw\u00f3j w\u0142asny hotel dla dzikich zapylaczy, dodaj go do mapy!<\/strong> Napisz do nas na adres kontakt.pl@greenpeace.org, do\u0142\u0105cz zdj\u0119cie hotelu, informacj\u0119 o lokalizacji i opiekunie \ud83d\ude42<\/p>\n\n<iframe src=\"https:\/\/www.google.com\/maps\/d\/u\/0\/embed?mid=1fkIa9H41BkfNAu7oFrsEkfL4Im5ODjCN\" style=\"width:100%; min-height:800px;\"><\/iframe>\n\n<h2 class=\"wp-block-heading\">Zale\u017cy Ci na pszczo\u0142ach? Super! Zobacz zatem, co jeszcze mo\u017cesz dla nich zrobi\u0107 \ud83d\ude42<\/h2>\n\n        <div class=\"wp-block-query actions-list p4-query-loop is-custom-layout-actions-list is-custom-layout-grid is-layout-flex wp-block-query-is-layout-flex\">\n<h2 class=\"wp-block-heading\"><\/h2>\n\n        \n<p style=\"margin-top:24px;margin-bottom:32px\"><\/p>\n\n        \n        <ul class=\"wp-block-post-template is-layout-flow wp-block-post-template-is-layout-flow\"><li class=\"wp-block-post post-39694 p4_action type-p4_action status-publish has-post-thumbnail hentry category-przyroda category-rolnictwo tag-pszczoly tag-rolnictwo tag-zywnosc tag-substancjetoksyczne action-type-petycje\">\n<figure class=\"wp-block-post-featured-image\"><img loading=\"lazy\" decoding=\"async\" width=\"954\" height=\"716\" src=\"https:\/\/www.greenpeace.org\/static\/planet4-poland-stateless\/2026\/03\/fbe118bf-pestycydy-cut.jpg\" class=\"attachment-post-thumbnail size-post-thumbnail wp-post-image wp-stateless-item\" alt=\"\" style=\"object-fit:cover;\" srcset=\"https:\/\/www.greenpeace.org\/static\/planet4-poland-stateless\/2026\/03\/fbe118bf-pestycydy-cut.jpg 954w, https:\/\/www.greenpeace.org\/static\/planet4-poland-stateless\/2026\/03\/fbe118bf-pestycydy-cut-500x375.jpg 500w, https:\/\/www.greenpeace.org\/static\/planet4-poland-stateless\/2026\/03\/fbe118bf-pestycydy-cut-768x576.jpg 768w, https:\/\/www.greenpeace.org\/static\/planet4-poland-stateless\/2026\/03\/fbe118bf-pestycydy-cut-453x340.jpg 453w\" sizes=\"auto, (max-width: 954px) 100vw, 954px\" data-image-size=\"post-thumbnail\" data-stateless-media-bucket=\"planet4-poland-stateless\" data-stateless-media-name=\"2026\/03\/fbe118bf-pestycydy-cut.jpg\" \/><\/figure>\n\n\n                <div class=\"wp-block-group group-stretched-link is-layout-flow wp-block-group-is-layout-flow\"><div class=\"wp-block-post-terms\">Przyroda<\/div>\n                <h3 class=\"wp-block-post-title\"><a href=\"https:\/\/www.greenpeace.org\/poland\/petycje\/podpisz-stop-pestycydom-na-polach-i-lakach\/\" target=\"_self\" >Podpisz: STOP pestycydom na polach i \u0142\u0105kach<\/a><\/h3>\n                <div class=\"wp-block-post-excerpt\"><p class=\"wp-block-post-excerpt__excerpt\">Bezpieczna \u017cywno\u015b\u0107 i ochrona pszcz\u00f3\u0142 to nasz wsp\u00f3lny interes &#8211; nie mo\u017ce sta\u0107 w cieniu zysk\u00f3w chemicznych gigant\u00f3w. <\/p><\/div><\/div>\n                \n\n\n<div class=\"wp-block-group read-more-nav is-layout-flow wp-block-group-is-layout-flow\"><a href=\"https:\/\/www.greenpeace.org\/poland\/petycje\/podpisz-stop-pestycydom-na-polach-i-lakach\/\" class=\"btn btn-primary btn-small\" aria-label=\"Podpisz apel!\">Dzia\u0142aj!<\/a><\/div>\n\n<\/li><li class=\"wp-block-post post-38148 p4_action type-p4_action status-publish has-post-thumbnail hentry category-przyroda tag-lasy tag-morza tag-puszcza-bialowieska tag-ochrona-przyrody tag-pszczoly tag-karpaty action-type-wsparcie\">\n<figure class=\"wp-block-post-featured-image\"><img loading=\"lazy\" decoding=\"async\" width=\"1200\" height=\"628\" src=\"https:\/\/www.greenpeace.org\/static\/planet4-poland-stateless\/2025\/09\/bd542487-og-image-dzika-mapa.png\" class=\"attachment-post-thumbnail size-post-thumbnail wp-post-image wp-stateless-item\" alt=\"DzikaMapa.pl\" style=\"object-fit:cover;\" srcset=\"https:\/\/www.greenpeace.org\/static\/planet4-poland-stateless\/2025\/09\/bd542487-og-image-dzika-mapa.png 1200w, https:\/\/www.greenpeace.org\/static\/planet4-poland-stateless\/2025\/09\/bd542487-og-image-dzika-mapa-500x262.png 500w, https:\/\/www.greenpeace.org\/static\/planet4-poland-stateless\/2025\/09\/bd542487-og-image-dzika-mapa-1024x536.png 1024w, https:\/\/www.greenpeace.org\/static\/planet4-poland-stateless\/2025\/09\/bd542487-og-image-dzika-mapa-768x402.png 768w, https:\/\/www.greenpeace.org\/static\/planet4-poland-stateless\/2025\/09\/bd542487-og-image-dzika-mapa-510x267.png 510w\" sizes=\"auto, (max-width: 1200px) 100vw, 1200px\" data-image-size=\"post-thumbnail\" data-stateless-media-bucket=\"planet4-poland-stateless\" data-stateless-media-name=\"2025\/09\/bd542487-og-image-dzika-mapa.png\" \/><\/figure>\n\n\n                <div class=\"wp-block-group group-stretched-link is-layout-flow wp-block-group-is-layout-flow\"><div class=\"wp-block-post-terms\">Przyroda<\/div>\n                <h3 class=\"wp-block-post-title\"><a href=\"https:\/\/www.greenpeace.org\/poland\/wsparcie\/adoptuj-ulubione-dzikie-zwierze\/\" target=\"_self\" >Adoptuj ulubione dzikie zwierz\u0119<\/a><\/h3>\n                <div class=\"wp-block-post-excerpt\"><p class=\"wp-block-post-excerpt__excerpt\">Wybierz ulubione dzikie zwierz\u0119 z mapy Polski, adoptuj je i chro\u0144 z nami jego dom! <\/p><\/div><\/div>\n                \n\n\n<div class=\"wp-block-group read-more-nav is-layout-flow wp-block-group-is-layout-flow\"><a href=\"https:\/\/www.greenpeace.org\/poland\/wsparcie\/adoptuj-ulubione-dzikie-zwierze\/\" class=\"btn btn-primary btn-small\" aria-label=\"Take actionAdoptuj\u0119!\">Adoptuj\u0119!<\/a><\/div>\n\n<\/li><li class=\"wp-block-post post-29417 page type-page status-publish has-post-thumbnail hentry category-rolnictwo tag-dzialaj tag-pszczoly\">\n<figure class=\"wp-block-post-featured-image\"><img loading=\"lazy\" decoding=\"async\" width=\"1920\" height=\"882\" src=\"https:\/\/www.greenpeace.org\/static\/planet4-poland-stateless\/2023\/05\/35431639-trzmiel-w-krokusie-ap10.jpg\" class=\"attachment-post-thumbnail size-post-thumbnail wp-post-image wp-stateless-item\" alt=\"Dzika Pszczo\u0142a\" style=\"object-fit:cover;\" srcset=\"https:\/\/www.greenpeace.org\/static\/planet4-poland-stateless\/2023\/05\/35431639-trzmiel-w-krokusie-ap10.jpg 1920w, https:\/\/www.greenpeace.org\/static\/planet4-poland-stateless\/2023\/05\/35431639-trzmiel-w-krokusie-ap10-500x230.jpg 500w, https:\/\/www.greenpeace.org\/static\/planet4-poland-stateless\/2023\/05\/35431639-trzmiel-w-krokusie-ap10-1024x470.jpg 1024w, https:\/\/www.greenpeace.org\/static\/planet4-poland-stateless\/2023\/05\/35431639-trzmiel-w-krokusie-ap10-768x353.jpg 768w, https:\/\/www.greenpeace.org\/static\/planet4-poland-stateless\/2023\/05\/35431639-trzmiel-w-krokusie-ap10-1536x706.jpg 1536w, https:\/\/www.greenpeace.org\/static\/planet4-poland-stateless\/2023\/05\/35431639-trzmiel-w-krokusie-ap10-510x234.jpg 510w\" sizes=\"auto, (max-width: 1920px) 100vw, 1920px\" data-image-size=\"post-thumbnail\" data-stateless-media-bucket=\"planet4-poland-stateless\" data-stateless-media-name=\"2023\/05\/35431639-trzmiel-w-krokusie-ap10.jpg\" \/><\/figure>\n\n\n                <div class=\"wp-block-group group-stretched-link is-layout-flow wp-block-group-is-layout-flow\"><div class=\"wp-block-post-terms\">Rolnictwo<\/div>\n                <h3 class=\"wp-block-post-title\"><a href=\"https:\/\/www.greenpeace.org\/poland\/dzialaj-old\/adoptuj-pszczole\/\" target=\"_self\" >We\u017a udzia\u0142 w akcji &#8222;Adoptuj Pszczo\u0142\u0119&#8221;<\/a><\/h3>\n                <div class=\"wp-block-post-excerpt\"><p class=\"wp-block-post-excerpt__excerpt\">We\u017a udzia\u0142 w najstarszej i najfajniejszej akcji pomocy pszczo\u0142om, w kt\u00f3rej od ponad 10 lat dziesi\u0105tki tysi\u0119cy os\u00f3b staj\u0105 sie pszczelimi bohaterami i bohaterkami ratuj\u0105c owady zapylaj\u0105ce! <\/p><\/div><\/div>\n                \n\n\n<div class=\"wp-block-group read-more-nav is-layout-flow wp-block-group-is-layout-flow\"><a href=\"https:\/\/www.greenpeace.org\/poland\/dzialaj-old\/adoptuj-pszczole\/\" class=\"btn btn-primary btn-small\" aria-label=\"Dzia\u0142aj!\">Dzia\u0142aj!<\/a><\/div>\n\n<\/li><li class=\"wp-block-post post-28583 page type-page status-publish has-post-thumbnail hentry category-rolnictwo tag-dzialaj tag-pszczoly\">\n<figure class=\"wp-block-post-featured-image\"><img loading=\"lazy\" decoding=\"async\" width=\"2048\" height=\"1151\" src=\"https:\/\/www.greenpeace.org\/static\/planet4-poland-stateless\/2019\/06\/22fb7a43-8799754961_b2cd2891c6_k-e1631630348697.jpg\" class=\"attachment-post-thumbnail size-post-thumbnail wp-post-image wp-stateless-item\" alt=\"Pszczo\u0142a na kwiatku\" style=\"object-fit:cover;\" srcset=\"https:\/\/www.greenpeace.org\/static\/planet4-poland-stateless\/2019\/06\/22fb7a43-8799754961_b2cd2891c6_k-e1631630348697.jpg 2048w, https:\/\/www.greenpeace.org\/static\/planet4-poland-stateless\/2019\/06\/22fb7a43-8799754961_b2cd2891c6_k-e1631630348697-300x169.jpg 300w, https:\/\/www.greenpeace.org\/static\/planet4-poland-stateless\/2019\/06\/22fb7a43-8799754961_b2cd2891c6_k-e1631630348697-768x432.jpg 768w, https:\/\/www.greenpeace.org\/static\/planet4-poland-stateless\/2019\/06\/22fb7a43-8799754961_b2cd2891c6_k-e1631630348697-1024x576.jpg 1024w, https:\/\/www.greenpeace.org\/static\/planet4-poland-stateless\/2019\/06\/22fb7a43-8799754961_b2cd2891c6_k-e1631630348697-510x287.jpg 510w, https:\/\/www.greenpeace.org\/static\/planet4-poland-stateless\/2019\/06\/22fb7a43-8799754961_b2cd2891c6_k-e1631630348697-1536x863.jpg 1536w\" sizes=\"auto, (max-width: 2048px) 100vw, 2048px\" data-image-size=\"post-thumbnail\" data-stateless-media-bucket=\"planet4-poland-stateless\" data-stateless-media-name=\"2019\/06\/22fb7a43-8799754961_b2cd2891c6_k-e1631630348697.jpg\" \/><\/figure>\n\n\n                <div class=\"wp-block-group group-stretched-link is-layout-flow wp-block-group-is-layout-flow\"><div class=\"wp-block-post-terms\">Rolnictwo<\/div>\n                <h3 class=\"wp-block-post-title\"><a href=\"https:\/\/www.greenpeace.org\/poland\/dzialaj-old\/pszczele-kursy-online\/\" target=\"_self\" >Zapisz si\u0119 na pszczele kursy online<\/a><\/h3>\n                <div class=\"wp-block-post-excerpt\"><p class=\"wp-block-post-excerpt__excerpt\">Zapraszamy na 3 darmowe kursy online: budowy pszczelich domk\u00f3w, zmiany balkonu\/ogrodu w pszczeli raj i pog\u0142\u0119bionej wiedzy o zapylaczach! <\/p><\/div><\/div>\n                \n\n\n<div class=\"wp-block-group read-more-nav is-layout-flow wp-block-group-is-layout-flow\"><a href=\"https:\/\/www.greenpeace.org\/poland\/dzialaj-old\/pszczele-kursy-online\/\" class=\"btn btn-primary btn-small\" aria-label=\"Dzia\u0142aj!\">Dzia\u0142aj!<\/a><\/div>\n\n<\/li><li class=\"wp-block-post post-3096 page type-page status-publish has-post-thumbnail hentry category-rolnictwo tag-rolnictwo tag-pszczoly\">\n<figure class=\"wp-block-post-featured-image\"><img loading=\"lazy\" decoding=\"async\" width=\"1600\" height=\"1066\" src=\"https:\/\/www.greenpeace.org\/static\/planet4-poland-stateless\/2018\/10\/1e2a3723-37423730592_b393566ce9_h.jpg\" class=\"attachment-post-thumbnail size-post-thumbnail wp-post-image wp-stateless-item\" alt=\"\" style=\"object-fit:cover;\" srcset=\"https:\/\/www.greenpeace.org\/static\/planet4-poland-stateless\/2018\/10\/1e2a3723-37423730592_b393566ce9_h.jpg 1600w, https:\/\/www.greenpeace.org\/static\/planet4-poland-stateless\/2018\/10\/1e2a3723-37423730592_b393566ce9_h-300x200.jpg 300w, https:\/\/www.greenpeace.org\/static\/planet4-poland-stateless\/2018\/10\/1e2a3723-37423730592_b393566ce9_h-768x512.jpg 768w, https:\/\/www.greenpeace.org\/static\/planet4-poland-stateless\/2018\/10\/1e2a3723-37423730592_b393566ce9_h-1024x682.jpg 1024w, https:\/\/www.greenpeace.org\/static\/planet4-poland-stateless\/2018\/10\/1e2a3723-37423730592_b393566ce9_h-510x340.jpg 510w\" sizes=\"auto, (max-width: 1600px) 100vw, 1600px\" data-image-size=\"post-thumbnail\" data-stateless-media-bucket=\"planet4-poland-stateless\" data-stateless-media-name=\"2018\/10\/1e2a3723-37423730592_b393566ce9_h.jpg\" \/><\/figure>\n\n\n                <div class=\"wp-block-group group-stretched-link is-layout-flow wp-block-group-is-layout-flow\"><div class=\"wp-block-post-terms\">Rolnictwo<\/div>\n                <h3 class=\"wp-block-post-title\"><a href=\"https:\/\/www.greenpeace.org\/poland\/dzialaj-old\/podpisz-dosc-trucia-pszczol\/\" target=\"_self\" >Podpisz: Do\u015b\u0107 trucia pszcz\u00f3\u0142!<\/a><\/h3>\n                <div class=\"wp-block-post-excerpt\"><p class=\"wp-block-post-excerpt__excerpt\">Podpisz apel o jak najszybsze przyj\u0119cie Narodowej Strategii Ochrony Owad\u00f3w Zapylaj\u0105cych i zapewnienie im ochrony, na jak\u0105 zas\u0142uguj\u0105! <\/p><\/div><\/div>\n                \n\n\n<div class=\"wp-block-group read-more-nav is-layout-flow wp-block-group-is-layout-flow\"><a href=\"https:\/\/www.greenpeace.org\/poland\/dzialaj-old\/podpisz-dosc-trucia-pszczol\/\" class=\"btn btn-primary btn-small\" aria-label=\"Dzia\u0142aj!\">Dzia\u0142aj!<\/a><\/div>\n\n<\/li><li class=\"wp-block-post post-709 page type-page status-publish has-post-thumbnail hentry category-przyroda category-rolnictwo tag-pszczoly tag-dzialaj\">\n<figure class=\"wp-block-post-featured-image\"><img loading=\"lazy\" decoding=\"async\" width=\"1500\" height=\"844\" src=\"https:\/\/www.greenpeace.org\/static\/planet4-poland-stateless\/2019\/06\/b733b406-bee-bumblebee-close-up-998248-e1565274653260.jpg\" class=\"attachment-post-thumbnail size-post-thumbnail wp-post-image wp-stateless-item\" alt=\"Pszczo\u0142a miodna\" style=\"object-fit:cover;\" data-image-size=\"post-thumbnail\" data-stateless-media-bucket=\"planet4-poland-stateless\" data-stateless-media-name=\"2019\/06\/b733b406-bee-bumblebee-close-up-998248-e1565274653260.jpg\" \/><\/figure>\n\n\n                <div class=\"wp-block-group group-stretched-link is-layout-flow wp-block-group-is-layout-flow\"><div class=\"wp-block-post-terms\">Przyroda<\/div>\n                <h3 class=\"wp-block-post-title\"><a href=\"https:\/\/www.greenpeace.org\/poland\/dzialaj-old\/wesprzyj-ochrone-pszczol-darowizna\/\" target=\"_self\" >Wesprzyj ochron\u0119 pszcz\u00f3\u0142<\/a><\/h3>\n                <div class=\"wp-block-post-excerpt\"><p class=\"wp-block-post-excerpt__excerpt\">Wesprzyj dzia\u0142ania na rzecz Polski przyjaznej pszczo\u0142om i innym dzikim zapylaczom \ud83d\ude42 <\/p><\/div><\/div>\n                \n\n\n<div class=\"wp-block-group read-more-nav is-layout-flow wp-block-group-is-layout-flow\"><a href=\"https:\/\/www.greenpeace.org\/poland\/dzialaj-old\/wesprzyj-ochrone-pszczol-darowizna\/\" class=\"btn btn-primary btn-small\" aria-label=\"Wesprzyj!\">Wesprzyj!<\/a><\/div>\n\n<\/li><\/ul>\n        \n<div class=\"wp-block-buttons carousel-controls is-horizontal is-content-justification-space-between is-nowrap is-layout-flex wp-container-core-buttons-is-layout-044bd602 wp-block-buttons-is-layout-flex\">\n<div class=\"wp-block-button carousel-control-prev\"><button type=\"button\" class=\"wp-block-button__link wp-element-button\">Prev<\/button><\/div>\n\n\n\n<div class=\"wp-block-button carousel-control-next\"><button type=\"button\" class=\"wp-block-button__link wp-element-button\">Next<\/button><\/div>\n<\/div>\n\n        \n<div class=\"wp-block-buttons load-more-actions-container is-content-justification-center is-layout-flex wp-container-core-buttons-is-layout-16018d1d wp-block-buttons-is-layout-flex\">\n                <div class=\"wp-block-button is-style-secondary\"><button type=\"button\" class=\"wp-block-button__link wp-element-button\">Poka\u017c wi\u0119cej<\/button><\/div>\n            \n<\/div>\n<\/div>\n        ","protected":false},"excerpt":{"rendered":"<p>Wybierz jeden z trzech modeli i stw\u00f3rz sw\u00f3j pierwszy domek dla dzikich pszcz\u00f3\u0142 i innych owad\u00f3w zapylaj\u0105cych!<\/p>\n","protected":false},"author":25,"featured_media":703,"parent":9,"menu_order":0,"comment_status":"closed","ping_status":"closed","template":"","meta":{"ep_exclude_from_search":false,"p4_hide_page_title_checkbox":"on","p4_title":"","p4_subtitle":"","p4_description":"","background_image_id":"","background_image":"","p4_button_title":"","p4_button_link":"","p4_button_link_checkbox":"","p4_og_title":"Zbuduj sw\u00f3j w\u0142asny hotel dla dzikich pszcz\u00f3\u0142!","p4_og_description":"Pobierz poradnik budowy domk\u00f3w dla pszcz\u00f3\u0142!","p4_og_image":"","p4_og_image_id":"","p4_seo_canonical_url":"","p4_campaign_name":"not set","p4_local_project":"not set","p4_basket_name":"not set","p4_department":"","footnotes":""},"categories":[3,4],"tags":[23,28,26],"class_list":["post-702","page","type-page","status-publish","has-post-thumbnail","hentry","category-przyroda","category-rolnictwo","tag-dzialaj","tag-pszczoly","tag-ochrona-przyrody"],"_links":{"self":[{"href":"https:\/\/www.greenpeace.org\/poland\/wp-json\/wp\/v2\/pages\/702","targetHints":{"allow":["GET"]}}],"collection":[{"href":"https:\/\/www.greenpeace.org\/poland\/wp-json\/wp\/v2\/pages"}],"about":[{"href":"https:\/\/www.greenpeace.org\/poland\/wp-json\/wp\/v2\/types\/page"}],"author":[{"embeddable":true,"href":"https:\/\/www.greenpeace.org\/poland\/wp-json\/wp\/v2\/users\/25"}],"replies":[{"embeddable":true,"href":"https:\/\/www.greenpeace.org\/poland\/wp-json\/wp\/v2\/comments?post=702"}],"version-history":[{"count":20,"href":"https:\/\/www.greenpeace.org\/poland\/wp-json\/wp\/v2\/pages\/702\/revisions"}],"predecessor-version":[{"id":39992,"href":"https:\/\/www.greenpeace.org\/poland\/wp-json\/wp\/v2\/pages\/702\/revisions\/39992"}],"up":[{"embeddable":true,"href":"https:\/\/www.greenpeace.org\/poland\/wp-json\/wp\/v2\/pages\/9"}],"wp:featuredmedia":[{"embeddable":true,"href":"https:\/\/www.greenpeace.org\/poland\/wp-json\/wp\/v2\/media\/703"}],"wp:attachment":[{"href":"https:\/\/www.greenpeace.org\/poland\/wp-json\/wp\/v2\/media?parent=702"}],"wp:term":[{"taxonomy":"category","embeddable":true,"href":"https:\/\/www.greenpeace.org\/poland\/wp-json\/wp\/v2\/categories?post=702"},{"taxonomy":"post_tag","embeddable":true,"href":"https:\/\/www.greenpeace.org\/poland\/wp-json\/wp\/v2\/tags?post=702"}],"curies":[{"name":"wp","href":"https:\/\/api.w.org\/{rel}","templated":true}]}}