{"id":747,"date":"2019-06-13T13:53:31","date_gmt":"2019-06-13T11:53:31","guid":{"rendered":"https:\/\/master.k8s.p4.greenpeace.org\/poland\/?page_id=747"},"modified":"2025-06-23T16:42:17","modified_gmt":"2025-06-23T14:42:17","slug":"zmiana-miesiecznego-wsparcia-greenpeace","status":"publish","type":"page","link":"https:\/\/www.greenpeace.org\/poland\/zmiana-miesiecznego-wsparcia-greenpeace\/","title":{"rendered":"Zmiana miesi\u0119cznego wsparcia Greenpeace"},"content":{"rendered":"\n                \n                <div class=\"wp-block-group alignfull is-layout-flow wp-block-group-is-layout-flow\">\n                \n                <div class=\"wp-block-group container is-layout-flow wp-block-group-is-layout-flow\">\n                \n                <div class=\"wp-block-media-text alignfull has-media-on-the-right is-stacked-on-mobile is-pattern-p4-page-header is-style-parallax\">\n\n                <div class=\"wp-block-media-text__content\">\n                    <div class=\"wp-block-group is-layout-flow wp-block-group-is-layout-flow\">\n                    \n                        <h1 class=\"wp-block-heading has-white-background-color has-background\">\n                            Zmiana miesi\u0119cznego wsparcia Greenpeace\n                        <\/h1>\n                    <\/div>\n                \n\n                \n\n                \n\n                <\/div>\n                <figure class=\"wp-block-media-text__media\">\n                    <img loading=\"lazy\" decoding=\"async\" width=\"1920\" height=\"1323\"\n                        src=\"https:\/\/www.greenpeace.org\/static\/planet4-poland-stateless\/2018\/10\/b4dea0a8-nature-gp0stoe2u.jpg\"\n                        alt=\"\"\n                        sizes=\"auto, (min-width: 601px) 50vw, 100vw\" srcset=\"https:\/\/www.greenpeace.org\/static\/planet4-poland-stateless\/2018\/10\/b4dea0a8-nature-gp0stoe2u.jpg 1920w, https:\/\/www.greenpeace.org\/static\/planet4-poland-stateless\/2018\/10\/b4dea0a8-nature-gp0stoe2u-300x207.jpg 300w, https:\/\/www.greenpeace.org\/static\/planet4-poland-stateless\/2018\/10\/b4dea0a8-nature-gp0stoe2u-768x529.jpg 768w, https:\/\/www.greenpeace.org\/static\/planet4-poland-stateless\/2018\/10\/b4dea0a8-nature-gp0stoe2u-1024x706.jpg 1024w, https:\/\/www.greenpeace.org\/static\/planet4-poland-stateless\/2018\/10\/b4dea0a8-nature-gp0stoe2u-493x340.jpg 493w\" class=\"wp-image-348 size-full\"\n                    \/>\n                <\/figure>\n                <\/div>\n                \n                <\/div>\n                \n                <\/div>\n                \n                \n<p>Aby zachowa\u0107 niezale\u017cno\u015b\u0107, Greenpeace nie przyjmuje pieni\u0119dzy od firm, rz\u0105d\u00f3w i partii politycznych, w tym np. grant\u00f3w unijnych. To w\u0142a\u015bnie comiesi\u0119czne wsparcie Darczy\u0144c\u00f3w &#8211; takich jak Ty &#8211; pozwala nam skutecznie planowa\u0107 i realizowa\u0107 kampanie na rzecz ochrony \u015brodowiska. Dzi\u0119kujemy!<\/p>\n\n<p class=\"has-yellow-background-color has-background\">Dotowanie Greenpeace jest dobrowolne, dlatego w ka\u017cdej chwili mo\u017cesz zmieni\u0107 jego warunki &#8211; zmieni\u0107 wysoko\u015b\u0107 przekazywanej darowizny lub czasowo j\u0105 zawiesi\u0107. Aby to zrobi\u0107, skontaktuj si\u0119 z biurem, pisz\u0105c na adres <a href=\"mailto:spl@greenpeace.org\">spl@greenpeace.org<\/a><\/p>\n","protected":false},"excerpt":{"rendered":"<p>Aby zachowa\u0107 niezale\u017cno\u015b\u0107, Greenpeace nie przyjmuje pieni\u0119dzy od firm, rz\u0105d\u00f3w i partii politycznych, w tym np. grant\u00f3w unijnych. To w\u0142a\u015bnie comiesi\u0119czne wsparcie Darczy\u0144c\u00f3w &#8211; takich jak Ty &#8211; pozwala nam skutecznie planowa\u0107 i realizowa\u0107 kampanie na rzecz ochrony \u015brodowiska. Dzi\u0119kujemy! Dotowanie Greenpeace jest dobrowolne, dlatego w ka\u017cdej chwili mo\u017cesz zmieni\u0107 jego warunki &#8211; zmieni\u0107 wysoko\u015b\u0107 [&hellip;]<\/p>\n","protected":false},"author":25,"featured_media":0,"parent":0,"menu_order":0,"comment_status":"closed","ping_status":"closed","template":"page-templates\/evergreen.php","meta":{"ep_exclude_from_search":false,"p4_hide_page_title_checkbox":"on","p4_title":"","p4_subtitle":"","p4_description":"","background_image_id":"","background_image":"","p4_button_title":"","p4_button_link":"","p4_button_link_checkbox":"","p4_og_title":"","p4_og_description":"","p4_og_image":"","p4_og_image_id":"","p4_seo_canonical_url":"","p4_campaign_name":"not set","p4_local_project":"not set","p4_basket_name":"not set","p4_department":"","footnotes":""},"categories":[1],"tags":[],"class_list":["post-747","page","type-page","status-publish","hentry","category-inne"],"_links":{"self":[{"href":"https:\/\/www.greenpeace.org\/poland\/wp-json\/wp\/v2\/pages\/747","targetHints":{"allow":["GET"]}}],"collection":[{"href":"https:\/\/www.greenpeace.org\/poland\/wp-json\/wp\/v2\/pages"}],"about":[{"href":"https:\/\/www.greenpeace.org\/poland\/wp-json\/wp\/v2\/types\/page"}],"author":[{"embeddable":true,"href":"https:\/\/www.greenpeace.org\/poland\/wp-json\/wp\/v2\/users\/25"}],"replies":[{"embeddable":true,"href":"https:\/\/www.greenpeace.org\/poland\/wp-json\/wp\/v2\/comments?post=747"}],"version-history":[{"count":5,"href":"https:\/\/www.greenpeace.org\/poland\/wp-json\/wp\/v2\/pages\/747\/revisions"}],"predecessor-version":[{"id":36981,"href":"https:\/\/www.greenpeace.org\/poland\/wp-json\/wp\/v2\/pages\/747\/revisions\/36981"}],"wp:attachment":[{"href":"https:\/\/www.greenpeace.org\/poland\/wp-json\/wp\/v2\/media?parent=747"}],"wp:term":[{"taxonomy":"category","embeddable":true,"href":"https:\/\/www.greenpeace.org\/poland\/wp-json\/wp\/v2\/categories?post=747"},{"taxonomy":"post_tag","embeddable":true,"href":"https:\/\/www.greenpeace.org\/poland\/wp-json\/wp\/v2\/tags?post=747"}],"curies":[{"name":"wp","href":"https:\/\/api.w.org\/{rel}","templated":true}]}}