{"id":750,"date":"2019-06-13T14:20:16","date_gmt":"2019-06-13T12:20:16","guid":{"rendered":"https:\/\/master.k8s.p4.greenpeace.org\/poland\/?page_id=750"},"modified":"2025-06-23T16:42:17","modified_gmt":"2025-06-23T14:42:17","slug":"przetwarzanie-danych-osobowych","status":"publish","type":"page","link":"https:\/\/www.greenpeace.org\/poland\/przetwarzanie-danych-osobowych\/","title":{"rendered":"Przetwarzanie danych osobowych &#8211; klauzula"},"content":{"rendered":"\n                \n                <div class=\"wp-block-group alignfull is-layout-flow wp-block-group-is-layout-flow\">\n                \n                <div class=\"wp-block-group container is-layout-flow wp-block-group-is-layout-flow\">\n                \n                <div class=\"wp-block-media-text alignfull has-media-on-the-right is-stacked-on-mobile is-pattern-p4-page-header is-style-parallax\">\n\n                <div class=\"wp-block-media-text__content\">\n                    <div class=\"wp-block-group is-layout-flow wp-block-group-is-layout-flow\">\n                    \n                        <h1 class=\"wp-block-heading has-white-background-color has-background\">\n                            Przetwarzanie danych osobowych\n                        <\/h1>\n                    <\/div>\n                \n\n                \n                        <p style=\"font-size:1.25rem\">\n                            Zgodnie z wymogami Rozporz\u0105dzenia Parlamentu Europejskiego i Rady (UE) z dnia 27 kwietnia 2016 r. w sprawie ochrony os\u00f3b fizycznych w zwi\u0105zku z przetwarzaniem danych osobowych i swobodnego przep\u0142ywu takich danych oraz uchylenia dyrektywy 95\/46\/WE (og\u00f3lne rozporz\u0105dzenie o ochronie danych), zwane dalej: \u201eRODO\u201d, chcemy poinformowa\u0107 Ci\u0119 o tym, w jaki spos\u00f3b b\u0119dziemy przetwarza\u0107 Twoje dane osobowe.\n                        <\/p>\n                    \n\n                \n\n                <\/div>\n                <figure class=\"wp-block-media-text__media\">\n                    <img loading=\"lazy\" decoding=\"async\" width=\"1920\" height=\"3018\"\n                        src=\"https:\/\/www.greenpeace.org\/static\/planet4-poland-stateless\/2018\/05\/d6e4da14-action_toxic_left_toxics_style_03_caeffc.jpg\"\n                        alt=\"\"\n                        sizes=\"auto, (min-width: 601px) 50vw, 100vw\" srcset=\"https:\/\/www.greenpeace.org\/static\/planet4-poland-stateless\/2018\/05\/d6e4da14-action_toxic_left_toxics_style_03_caeffc.jpg 1920w, https:\/\/www.greenpeace.org\/static\/planet4-poland-stateless\/2018\/05\/d6e4da14-action_toxic_left_toxics_style_03_caeffc-191x300.jpg 191w, https:\/\/www.greenpeace.org\/static\/planet4-poland-stateless\/2018\/05\/d6e4da14-action_toxic_left_toxics_style_03_caeffc-768x1207.jpg 768w, https:\/\/www.greenpeace.org\/static\/planet4-poland-stateless\/2018\/05\/d6e4da14-action_toxic_left_toxics_style_03_caeffc-651x1024.jpg 651w, https:\/\/www.greenpeace.org\/static\/planet4-poland-stateless\/2018\/05\/d6e4da14-action_toxic_left_toxics_style_03_caeffc-869x1366.jpg 869w, https:\/\/www.greenpeace.org\/static\/planet4-poland-stateless\/2018\/05\/d6e4da14-action_toxic_left_toxics_style_03_caeffc-216x340.jpg 216w\" class=\"wp-image-205 size-full\"\n                    \/>\n                <\/figure>\n                <\/div>\n                \n                <\/div>\n                \n                <\/div>\n                \n                <p>                1. Administratorem Twoich danych osobowych jest Fundacja Greenpeace Polska z siedzib\u0105 w Warszawie (02-386), ul. Altowa 4, (dalej: \u201eFundacja\u201d lub \u201eAdministrator\u201d), telefon: 22 851 26 42, e-mail: <a href=\"mailto:info.poland@greenpeace.org\">info.poland@greenpeace.org<\/a>.<\/p>\n<p>2. Fundacja powo\u0142a\u0142a inspektora ochrony danych, z kt\u00f3rym mo\u017cna si\u0119 skontaktowa\u0107 poprzez email <a href=\"mailto:ido.pl@greenpeace.org\">ido.pl@greenpeace.org<\/a> lub pisemnie na adres siedziby Fundacji.<\/p>\n<p>3. Twoje dane osobowe b\u0119d\u0105 przetwarzane wy\u0142\u0105cznie w celu:<br \/>\na) zebrania podpis\u00f3w popieraj\u0105cych petycj\u0119 i przekazania ich do w\u0142a\u015bciwego organu w\u0142adzy publicznej, organizacji lub instytucji spo\u0142ecznej w zwi\u0105zku z wykonywanymi przez ni\u0105 zadaniami zleconymi z zakresu administracji publicznej, podstaw\u0119 prawn\u0105 przetwarzania stanowi Twoja zgoda (art. 6 ust. 1 lit a RODO);<\/p>\n<p>b) informowania Ci\u0119 (za pomoc\u0105 emaili, SMS\u00f3w, przesy\u0142ek pocztowych oraz telefonicznie) o dzia\u0142aniach Fundacji zwi\u0105zanych z ochron\u0105 \u015brodowiska, naszych aktualnych projektach, o sposobach na to, jak mo\u017cna dodatkowo zaanga\u017cowa\u0107 si\u0119 w nasze dzia\u0142ania, podstaw\u0119 prawn\u0105 przetwarzania jest uzasadniony interes administratora (art. 6 ust. 1 lit f RODO), uzasadnionym interesem administratora jest marketing bezpo\u015bredni dzia\u0142a\u0144 w kt\u00f3re jest zaanga\u017cowany;<\/p>\n<p>c) ewentualnego ustalenia i dochodzenia roszcze\u0144 lub obrony przed nimi; zapewnienia bezpiecze\u0144stwa u Administratora oraz realizacji wewn\u0119trznych cel\u00f3w administracyjnych, analitycznych i statystycznych, podstaw\u0105 prawn\u0105 przetwarzania jest uzasadniony interes Administratora (art. 6 ust. 1 lit. f RODO); uzasadnionym interesem Administratora jest mo\u017cliwo\u015b\u0107 obrony przed ewentualnymi roszczeniami, zapewnienia bezpiecze\u0144stwa u Administratora oraz mo\u017cliwo\u015b\u0107 realizacji wewn\u0119trznych cel\u00f3w administracyjnych, analitycznych i statystycznych przez Fundacj\u0119.<\/p>\n<p>4. Fundacja b\u0119dzie przetwarza\u0107 Twoje dane:<br \/>\na) w zakresie celu wskazanego pkt 3a &#8211; do czasu cofni\u0119cia Twojej zgody, o kt\u00f3rej mowa w pkt 3a, przy czym zgod\u0119 mo\u017cesz cofn\u0105\u0107 w dowolnym momencie; cofni\u0119cie zgody pozostaje bez wp\u0142ywu na zgodno\u015b\u0107 z prawem przetwarzania, kt\u00f3rego dokonano na podstawie zgody przed jej cofni\u0119ciem;<\/p>\n<p>b) w zakresie celu wskazanego w pkt 3b i c. &#8211; do czasu wype\u0142nienia prawnie uzasadnionych interes\u00f3w realizowanych przez Fundacj\u0119 stanowi\u0105cych podstaw\u0119 tego przetwarzania lub wniesienia sprzeciwu wobec takiego przetwarzania, nie d\u0142u\u017cej ni\u017c przez okres 5 lat od podania danych osobowych.<\/p>\n<p>W przypadku, gdy toczy si\u0119 sp\u00f3r lub post\u0119powanie, w szczeg\u00f3lno\u015bci s\u0105dowe, okres przechowywania b\u0119dzie liczony od dnia zako\u0144czenia sporu lub prawomocnego zako\u0144czenia post\u0119powania.<\/p>\n<p>5. Dost\u0119p do Twoich danych osobowych (tylko w niezb\u0119dnym zakresie) b\u0119d\u0105 mie\u0107 wy\u0142\u0105cznie upowa\u017cnieni pracownicy Fundacji, podmioty, kt\u00f3rym Fundacja powierzy\u0142a przetwarzanie danych osobowych na podstawie zawartych um\u00f3w, podmioty \u015bwiadcz\u0105ce us\u0142ugi doradczo-kontrolne, podmioty przetwarzaj\u0105ce dane w celu prowadzenia zast\u0119pstwa procesowego oraz podmioty wchodz\u0105ce w sk\u0142ad struktur organizacyjnych Fundacji poza granicami Polski &#8211; jedynie w celach i w zakresie niezb\u0119dnym do realizacji przez Fundacj\u0119 wskazanych powy\u017cej cel\u00f3w. Twoje dane osobowe przeka\u017cemy tak\u017ce do w\u0142a\u015bciwego organu w\u0142adzy publicznej, organizacji lub instytucji spo\u0142ecznej w zwi\u0105zku z wykonywanymi przez ni\u0105 zadaniami zleconymi z zakresu administracji publicznej, do kt\u00f3rej kierowana jest petycja.<\/p>\n<p>6. Twoje dane osobowe b\u0119d\u0105 przekazywane do odbiorc\u00f3w znajduj\u0105cych si\u0119 w pa\u0144stwach poza Europejskim Obszarem Gospodarczym (operatorzy systemu obs\u0142uguj\u0105cy poczt\u0119 email Fundacji &#8211; Kanada i USA). Przetwarzaj\u0105c Twoje dane, korzystamy r\u00f3wnie\u017c z narz\u0119dzi analitycznych takich jak Facebook Analytics i Google Analytics, co mo\u017ce wi\u0105za\u0107 si\u0119 z przekazaniem Twoich danych do pa\u0144stwa spoza Europejskiego Obszaru Gospodarczego (USA). Dane przekazywane poza Europejski Obszar Gospodarczy do pa\u0144stw, w stosunku do kt\u00f3rych Komisja Europejska nie stwierdzi\u0142a odpowiedniego stopnia ochrony, s\u0105 przekazywane na podstawie standardowych klauzul ochrony danych przyj\u0119tych przez organ nadzoru i zatwierdzonych przez Komisj\u0119. Podmioty, do kt\u00f3rych przesy\u0142amy Twoje dane, gwarantuj\u0105 odpowiednie ich zabezpieczenie. Masz mo\u017cliwo\u015b\u0107 uzyskania kopii tych danych.<\/p>\n<p>7. Masz pe\u0142ne prawo do dost\u0119pu do swoich danych osobowych przetwarzanych przez Fundacj\u0119, a w szczeg\u00f3lno\u015bci do:<\/p>\n<ul>\n<li>dost\u0119pu do danych osobowych, w tym uzyskania kopii danych,<\/li>\n<li>sprostowania lub uzupe\u0142nienia danych osobowych,<\/li>\n<li>\u017c\u0105dania usuni\u0119cia danych osobowych,<\/li>\n<li>\u017c\u0105dania ograniczenia przetwarzania danych osobowych,<\/li>\n<li>przenoszenia danych osobowych,<\/li>\n<li>wniesienia sprzeciwu wobec przetwarzania danych osobowych,<\/li>\n<\/ul>\n<p>w przypadkach przewidzianych prawem.<\/p>\n<p>W wy\u017cej wymienionych przypadkach skontaktuj si\u0119 z biurem Fundacji (spl@greenpeace.org, telefon: 22 851 26 42, ul. Altowa 4, 02-386 Warszawa) lub Inspektorem Ochrony Danych.<\/p>\n<p>8. Je\u015bli uznasz, \u017ce przetwarzamy Twoje dane w spos\u00f3b niew\u0142a\u015bciwy, masz prawo wniesienia skargi do organu nadzorczego (Prezes Urz\u0119du Ochrony Danych Osobowych).<\/p>\n<p>9. Podanie przez Ciebie danych osobowych jest dobrowolne, jednak niezb\u0119dne do podpisania petycji i informowania Ci\u0119 o dzia\u0142aniach Fundacji zwi\u0105zanych z ochron\u0105 \u015brodowiska, aktualnych projektach oraz o sposobach na to, jak mo\u017cna dodatkowo zaanga\u017cowa\u0107 si\u0119 w dzia\u0142ania Fundacji.<\/p>\n","protected":false},"excerpt":{"rendered":"<p>1. Administratorem Twoich danych osobowych jest Fundacja Greenpeace Polska z siedzib\u0105 w Warszawie (02-386), ul. Altowa 4, (dalej: \u201eFundacja\u201d lub \u201eAdministrator\u201d), telefon: 22 851 26 42, e-mail: info.poland@greenpeace.org. 2. Fundacja powo\u0142a\u0142a inspektora ochrony danych, z kt\u00f3rym mo\u017cna si\u0119 skontaktowa\u0107 poprzez email ido.pl@greenpeace.org lub pisemnie na adres siedziby Fundacji. 3. Twoje dane osobowe b\u0119d\u0105 przetwarzane wy\u0142\u0105cznie [&hellip;]<\/p>\n","protected":false},"author":25,"featured_media":0,"parent":0,"menu_order":0,"comment_status":"closed","ping_status":"closed","template":"page-templates\/evergreen.php","meta":{"ep_exclude_from_search":false,"p4_hide_page_title_checkbox":"on","p4_title":"","p4_subtitle":"","p4_description":"","background_image_id":"","background_image":"","p4_button_title":"","p4_button_link":"","p4_button_link_checkbox":"","p4_og_title":"","p4_og_description":"","p4_og_image":"","p4_og_image_id":"","p4_seo_canonical_url":"","p4_campaign_name":"not set","p4_local_project":"","p4_basket_name":"not set","p4_department":"","footnotes":""},"categories":[],"tags":[],"class_list":["post-750","page","type-page","status-publish","hentry"],"_links":{"self":[{"href":"https:\/\/www.greenpeace.org\/poland\/wp-json\/wp\/v2\/pages\/750","targetHints":{"allow":["GET"]}}],"collection":[{"href":"https:\/\/www.greenpeace.org\/poland\/wp-json\/wp\/v2\/pages"}],"about":[{"href":"https:\/\/www.greenpeace.org\/poland\/wp-json\/wp\/v2\/types\/page"}],"author":[{"embeddable":true,"href":"https:\/\/www.greenpeace.org\/poland\/wp-json\/wp\/v2\/users\/25"}],"replies":[{"embeddable":true,"href":"https:\/\/www.greenpeace.org\/poland\/wp-json\/wp\/v2\/comments?post=750"}],"version-history":[{"count":11,"href":"https:\/\/www.greenpeace.org\/poland\/wp-json\/wp\/v2\/pages\/750\/revisions"}],"predecessor-version":[{"id":36980,"href":"https:\/\/www.greenpeace.org\/poland\/wp-json\/wp\/v2\/pages\/750\/revisions\/36980"}],"wp:attachment":[{"href":"https:\/\/www.greenpeace.org\/poland\/wp-json\/wp\/v2\/media?parent=750"}],"wp:term":[{"taxonomy":"category","embeddable":true,"href":"https:\/\/www.greenpeace.org\/poland\/wp-json\/wp\/v2\/categories?post=750"},{"taxonomy":"post_tag","embeddable":true,"href":"https:\/\/www.greenpeace.org\/poland\/wp-json\/wp\/v2\/tags?post=750"}],"curies":[{"name":"wp","href":"https:\/\/api.w.org\/{rel}","templated":true}]}}