{"id":752,"date":"2019-06-13T14:25:21","date_gmt":"2019-06-13T12:25:21","guid":{"rendered":"https:\/\/master.k8s.p4.greenpeace.org\/poland\/?page_id=752"},"modified":"2025-06-23T16:42:17","modified_gmt":"2025-06-23T14:42:17","slug":"przetwarzanie-danych-osobowych-darczyncow","status":"publish","type":"page","link":"https:\/\/www.greenpeace.org\/poland\/przetwarzanie-danych-osobowych-darczyncow\/","title":{"rendered":"Przetwarzanie danych osobowych Darczy\u0144c\u00f3w &#8211; klauzula"},"content":{"rendered":"\n                \n                <div class=\"wp-block-group alignfull is-layout-flow wp-block-group-is-layout-flow\">\n                \n                <div class=\"wp-block-group container is-layout-flow wp-block-group-is-layout-flow\">\n                \n                <div class=\"wp-block-media-text alignfull has-media-on-the-right is-stacked-on-mobile is-pattern-p4-page-header is-style-parallax\">\n\n                <div class=\"wp-block-media-text__content\">\n                    <div class=\"wp-block-group is-layout-flow wp-block-group-is-layout-flow\">\n                    \n                        <h1 class=\"wp-block-heading has-white-background-color has-background\">\n                            Przetwarzanie danych osobowych Darczy\u0144c\u00f3w\n                        <\/h1>\n                    <\/div>\n                \n\n                \n                        <p style=\"font-size:1.25rem\">\n                            <div class=\"leader\">\r\n<div>Zgodnie z wymogami Rozporz\u0105dzenia Parlamentu Europejskiego i Rady (UE) z dnia 27 kwietnia 2016 r. w sprawie ochrony os\u00f3b fizycznych w zwi\u0105zku z przetwarzaniem danych osobowych i swobodnego przep\u0142ywu takich danych oraz uchylenia dyrektywy 95\/46\/WE (og\u00f3lne rozporz\u0105dzenie o ochronie danych), dalej: \u201eRODO\u201d chcemy poinformowa\u0107 Ci\u0119 o tym, w jaki spos\u00f3b b\u0119dziemy przetwarza\u0107 Twoje dane osobowe.<\/div>\r\n<\/div>\n                        <\/p>\n                    \n\n                \n\n                <\/div>\n                <figure class=\"wp-block-media-text__media\">\n                    <img loading=\"lazy\" decoding=\"async\" width=\"1920\" height=\"3523\"\n                        src=\"https:\/\/www.greenpeace.org\/static\/planet4-poland-stateless\/2018\/05\/299a921b-action_oceans_right_kelp_76d1ad_pale.jpg\"\n                        alt=\"\"\n                        sizes=\"auto, (min-width: 601px) 50vw, 100vw\" srcset=\"https:\/\/www.greenpeace.org\/static\/planet4-poland-stateless\/2018\/05\/299a921b-action_oceans_right_kelp_76d1ad_pale.jpg 1920w, https:\/\/www.greenpeace.org\/static\/planet4-poland-stateless\/2018\/05\/299a921b-action_oceans_right_kelp_76d1ad_pale-163x300.jpg 163w, https:\/\/www.greenpeace.org\/static\/planet4-poland-stateless\/2018\/05\/299a921b-action_oceans_right_kelp_76d1ad_pale-768x1409.jpg 768w, https:\/\/www.greenpeace.org\/static\/planet4-poland-stateless\/2018\/05\/299a921b-action_oceans_right_kelp_76d1ad_pale-558x1024.jpg 558w, https:\/\/www.greenpeace.org\/static\/planet4-poland-stateless\/2018\/05\/299a921b-action_oceans_right_kelp_76d1ad_pale-744x1366.jpg 744w, https:\/\/www.greenpeace.org\/static\/planet4-poland-stateless\/2018\/05\/299a921b-action_oceans_right_kelp_76d1ad_pale-185x340.jpg 185w\" class=\"wp-image-155 size-full\"\n                    \/>\n                <\/figure>\n                <\/div>\n                \n                <\/div>\n                \n                <\/div>\n                \n                <p>                1. Administratorem Twoich danych osobowych jest Fundacja Greenpeace Polska z siedzib\u0105 w Warszawie (02-386), ul. Altowa 4, (dalej: \u201eFundacja\u201d), telefon: 22 851 26 42, e-mail:\u00a0<strong>spl@greenpeace.org<\/strong>.<\/p>\n<p>2. Fundacja powo\u0142a\u0142a inspektora ochrony danych, z kt\u00f3rym mo\u017cna si\u0119 skontaktowa\u0107 poprzez email\u00a0ido.pl@greenpeace.org, telefonicznie pod numerem 22\u00a0851 26 42 lub pisemnie na adres siedziby Fundacji Greenpeace Polska.<\/p>\n<p>3. Twoje dane osobowe, kontaktowe i p\u0142atnicze b\u0119d\u0105 przetwarzane wy\u0142\u0105cznie w celu:<\/p>\n<p>a) obs\u0142ugi bankowej i ksi\u0119gowej darowizn przekazywanych przez Ciebie na rzecz Fundacji Greenpeace Polska,<\/p>\n<p>b) informowania Ci\u0119 (za pomoc\u0105 emaili, SMS\u00f3w, przesy\u0142ek pocztowych oraz telefonicznie) o dzia\u0142aniach Fundacji zwi\u0105zanych z ochron\u0105 \u015brodowiska, naszych aktualnych projektach, o sposobach na to jak mo\u017cna dodatkowo zaanga\u017cowa\u0107 si\u0119 w nasze dzia\u0142ania, oraz o szczeg\u00f3\u0142ach zwi\u0105zanych z Twoimi darowiznami.<\/p>\n<p>c) realizacji uzasadnionego interesu Fundacji Greenpeace Polska; uzasadnionym interesem Fundacji jest m.in. zapewnienie bezpiecze\u0144stwa u Administratora, ochrona przed roszczeniami i dochodzenie nale\u017cno\u015bci oraz realizacja wewn\u0119trznych cel\u00f3w administracyjnych, analitycznych i statystycznych (art. 6 ust. 1 lit f RODO).<\/p>\n<p>d) ewentualnego ustalenia i dochodzenia roszcze\u0144 lub obrony przed nimi podstaw\u0105 prawn\u0105\u00a0 przetwarzania jest uzasadniony interes Fundacji Greenpeace Polska (art. 6 ust. 1 lit f RODO).<\/p>\n<p>4. Fundacja Greenpeace Polska b\u0119dzie przetwarza\u0107 Twoje dane:<\/p>\n<p>a. w zakresie celu wskazanego w pkt 3 a) &#8211; przez okres niezb\u0119dny do zgodnego z prawem prowadzenia dokumentacji podatkowej (5 lat od ko\u0144ca roku, w kt\u00f3rym przekazano darowizn\u0119);<\/p>\n<p>b. w zakresie celu wskazanego pkt 3 b) &#8211; do czasu cofni\u0119cia Twojej zgody, o kt\u00f3rej mowa w pkt 3 b), przy czym zgod\u0119 mo\u017cesz cofn\u0105\u0107 w dowolnym momencie;<\/p>\n<p>c. w zakresie celu wskazanego\u00a0 w pkt 3c) &#8211; do czasu wype\u0142nienia prawnie uzasadnionych interes\u00f3w realizowanych przez Administratora stanowi\u0105cych podstaw\u0119 tego przetwarzania lub wniesienia sprzeciwu wobec takiego przetwarzania, nie d\u0142u\u017cej ni\u017c przez okres 10 lat.<\/p>\n<p>W przypadku, gdy toczy si\u0119 sp\u00f3r lub trwa post\u0119powanie, w szczeg\u00f3lno\u015bci s\u0105dowe, okres przechowywania b\u0119dzie liczony od dnia zako\u0144czenia sporu lub prawomocnego zako\u0144czenia post\u0119powania.<\/p>\n<p>5. Dost\u0119p do Twoich danych osobowych (tylko w niezb\u0119dnym zakresie) \u2013 b\u0119d\u0105 mie\u0107 wy\u0142\u0105cznie upowa\u017cnieni pracownicy Fundacji, podmioty, kt\u00f3rym Fundacja powierzy\u0142a przetwarzanie danych osobowych na podstawie zawartych um\u00f3w, podmioty \u015bwiadcz\u0105ce us\u0142ugi doradczo\u2013kontrolne, podmioty przetwarzaj\u0105ce dane w celu prowadzenia zast\u0119pstwa procesowego, oraz podmioty wchodz\u0105ce w sk\u0142ad struktur organizacyjnych Fundacji, poza granicami Polski \u2013 jedynie w celach i w zakresie niezb\u0119dnym\u00a0 do realizacji przez Fundacj\u0119 Greenpeace Polska cel\u00f3w.<\/p>\n<p>6. Twoje dane osobowe mog\u0105 by\u0107 przetwarzane w spos\u00f3b zautomatyzowany, kt\u00f3ry mo\u017ce skutkowa\u0107 zautomatyzowanym podejmowaniem decyzji (\u017ceby lepiej reagowa\u0107 na Twoje potrzeby), w tym decyzji opartych na profilowaniu (r\u00f3wnie\u017c przy u\u017cyciu narz\u0119dzi wskazanych w pkt 7 poni\u017cej) i w efekcie mo\u017cesz otrzymywa\u0107 od Fundacji bardziej dopasowane do Ciebie informacje. Przys\u0142uguje Ci prawo do wniesienia w dowolnym momencie sprzeciwu na opisane w tym punkcie przetwarzanie.<\/p>\n<p>7. Twoje dane osobowe b\u0119d\u0105 przekazywane do odbiorc\u00f3w znajduj\u0105cych si\u0119 w pa\u0144stwach poza Europejskim Obszarem Gospodarczym (operatorzy systemu obs\u0142uguj\u0105cy poczt\u0119 email Administratora \u2013 Kanada i USA). Przetwarzaj\u0105c Twoje dane korzystamy r\u00f3wnie\u017c z narz\u0119dzi analitycznych takich jak Facebook Analytics i Google Analytics, co mo\u017ce wi\u0105za\u0107 si\u0119 z przekazaniem Twoich\u00a0 danych do pa\u0144stwa spoza Europejskiego Obszaru Gospodarczego (USA<\/p>\n<p><strong>8.<\/strong>\u00a0<strong>Masz pe\u0142ne prawo do dost\u0119pu do swoich danych osobowych przetwarzanych przez Fundacj\u0119 Greenpeace Polska, do:<\/strong><\/p>\n<ul>\n<li><strong>dost\u0119pu do danych osobowych, w tym uzyskania kopii danych,<\/strong><\/li>\n<li><strong>sprostowania lub uzupe\u0142nienia danych osobowych,<\/strong><\/li>\n<li><strong>\u017c\u0105dania usuni\u0119cia danych osobowych w przypadkach przewidzianych prawem,<\/strong><\/li>\n<li><strong>\u017c\u0105dania ograniczenia przetwarzania danych osobowych,<\/strong><\/li>\n<li><strong>prawo wniesienia sprzeciwu wobec przetwarzania danych osobowych, w celu, o kt\u00f3rym mowa w pkt 3 c).<\/strong><\/li>\n<\/ul>\n<p><strong>W wy\u017cej wymienionych przypadkach skontaktuj si\u0119 z biurem Fundacji Greenpeace Polska (spl@greenpeace.org, telefon: 22 851 26 42, ul. Altowa 4, 02-386 Warszawa)<\/strong><\/p>\n<p><strong>9. Je\u015bli uznasz, \u017ce przetwarzamy Twoje dane w spos\u00f3b niew\u0142a\u015bciwy, masz prawo wniesienia skargi do organu nadzorczego (Prezes Urz\u0119du Ochrony Danych Osobowych).<\/strong><\/p>\n","protected":false},"excerpt":{"rendered":"<p>1. Administratorem Twoich danych osobowych jest Fundacja Greenpeace Polska z siedzib\u0105 w Warszawie (02-386), ul. Altowa 4, (dalej: \u201eFundacja\u201d), telefon: 22 851 26 42, e-mail:\u00a0spl@greenpeace.org. 2. Fundacja powo\u0142a\u0142a inspektora ochrony danych, z kt\u00f3rym mo\u017cna si\u0119 skontaktowa\u0107 poprzez email\u00a0ido.pl@greenpeace.org, telefonicznie pod numerem 22\u00a0851 26 42 lub pisemnie na adres siedziby Fundacji Greenpeace Polska. 3. Twoje dane [&hellip;]<\/p>\n","protected":false},"author":25,"featured_media":0,"parent":0,"menu_order":0,"comment_status":"closed","ping_status":"closed","template":"page-templates\/evergreen.php","meta":{"ep_exclude_from_search":false,"p4_hide_page_title_checkbox":"on","p4_title":"","p4_subtitle":"","p4_description":"","background_image_id":"","background_image":"","p4_button_title":"","p4_button_link":"","p4_button_link_checkbox":"","p4_og_title":"","p4_og_description":"","p4_og_image":"","p4_og_image_id":"","p4_seo_canonical_url":"","p4_campaign_name":"not set","p4_local_project":"","p4_basket_name":"not set","p4_department":"","footnotes":""},"categories":[],"tags":[],"class_list":["post-752","page","type-page","status-publish","hentry"],"_links":{"self":[{"href":"https:\/\/www.greenpeace.org\/poland\/wp-json\/wp\/v2\/pages\/752","targetHints":{"allow":["GET"]}}],"collection":[{"href":"https:\/\/www.greenpeace.org\/poland\/wp-json\/wp\/v2\/pages"}],"about":[{"href":"https:\/\/www.greenpeace.org\/poland\/wp-json\/wp\/v2\/types\/page"}],"author":[{"embeddable":true,"href":"https:\/\/www.greenpeace.org\/poland\/wp-json\/wp\/v2\/users\/25"}],"replies":[{"embeddable":true,"href":"https:\/\/www.greenpeace.org\/poland\/wp-json\/wp\/v2\/comments?post=752"}],"version-history":[{"count":5,"href":"https:\/\/www.greenpeace.org\/poland\/wp-json\/wp\/v2\/pages\/752\/revisions"}],"predecessor-version":[{"id":36979,"href":"https:\/\/www.greenpeace.org\/poland\/wp-json\/wp\/v2\/pages\/752\/revisions\/36979"}],"wp:attachment":[{"href":"https:\/\/www.greenpeace.org\/poland\/wp-json\/wp\/v2\/media?parent=752"}],"wp:term":[{"taxonomy":"category","embeddable":true,"href":"https:\/\/www.greenpeace.org\/poland\/wp-json\/wp\/v2\/categories?post=752"},{"taxonomy":"post_tag","embeddable":true,"href":"https:\/\/www.greenpeace.org\/poland\/wp-json\/wp\/v2\/tags?post=752"}],"curies":[{"name":"wp","href":"https:\/\/api.w.org\/{rel}","templated":true}]}}