{"id":754,"date":"2019-06-13T14:28:32","date_gmt":"2019-06-13T12:28:32","guid":{"rendered":"https:\/\/master.k8s.p4.greenpeace.org\/poland\/?page_id=754"},"modified":"2025-06-23T16:42:16","modified_gmt":"2025-06-23T14:42:16","slug":"ochrona-danych-w-procesie-rekrutacyjnym","status":"publish","type":"page","link":"https:\/\/www.greenpeace.org\/poland\/ochrona-danych-w-procesie-rekrutacyjnym\/","title":{"rendered":"Ochrona danych w procesie rekrutacyjnym"},"content":{"rendered":"\n                \n                <div class=\"wp-block-group alignfull is-layout-flow wp-block-group-is-layout-flow\">\n                \n                <div class=\"wp-block-group container is-layout-flow wp-block-group-is-layout-flow\">\n                \n                <div class=\"wp-block-media-text alignfull has-media-on-the-right is-stacked-on-mobile is-pattern-p4-page-header is-style-parallax\">\n\n                <div class=\"wp-block-media-text__content\">\n                    <div class=\"wp-block-group is-layout-flow wp-block-group-is-layout-flow\">\n                    \n                        <h1 class=\"wp-block-heading has-white-background-color has-background\">\n                            Ochrona danych w procesie rekrutacyjnym\n                        <\/h1>\n                    <\/div>\n                \n\n                \n                        <p style=\"font-size:1.25rem\">\n                            W zwi\u0105zku z rozpocz\u0119ciem stosowania z dniem 25 maja 2018 r. Rozporz\u0105dzenia Parlamentu Europejskiego i\u00a0Rady (UE) 2016\/679 z dnia 27 kwietnia 2016 r. w sprawie ochrony os\u00f3b fizycznych w\u00a0zwi\u0105zku z\u00a0przetwarzaniem danych osobowych i w sprawie swobodnego przep\u0142ywu takich danych oraz uchylenia dyrektywy 95\/46\/WE (og\u00f3lne rozporz\u0105dzenie o ochronie danych) (\u201e<strong>RODO<\/strong>\u201d), przekazujemy Pani\/Panu poni\u017csz\u0105 informacj\u0119 o tym, w jaki spos\u00f3b przetwarzamy dane osobowe os\u00f3b w procesie rekrutacji, a tak\u017ce o prawach zwi\u0105zanych z przetwarzaniem tych danych.\n                        <\/p>\n                    \n\n                \n\n                <\/div>\n                <figure class=\"wp-block-media-text__media\">\n                    <img loading=\"lazy\" decoding=\"async\" width=\"1920\" height=\"3523\"\n                        src=\"https:\/\/www.greenpeace.org\/static\/planet4-poland-stateless\/2018\/05\/87cf8ef5-action_oceans_left_kelp_76d1ad_pale.jpg\"\n                        alt=\"\"\n                        sizes=\"auto, (min-width: 601px) 50vw, 100vw\" srcset=\"https:\/\/www.greenpeace.org\/static\/planet4-poland-stateless\/2018\/05\/87cf8ef5-action_oceans_left_kelp_76d1ad_pale.jpg 1920w, https:\/\/www.greenpeace.org\/static\/planet4-poland-stateless\/2018\/05\/87cf8ef5-action_oceans_left_kelp_76d1ad_pale-163x300.jpg 163w, https:\/\/www.greenpeace.org\/static\/planet4-poland-stateless\/2018\/05\/87cf8ef5-action_oceans_left_kelp_76d1ad_pale-768x1409.jpg 768w, https:\/\/www.greenpeace.org\/static\/planet4-poland-stateless\/2018\/05\/87cf8ef5-action_oceans_left_kelp_76d1ad_pale-558x1024.jpg 558w, https:\/\/www.greenpeace.org\/static\/planet4-poland-stateless\/2018\/05\/87cf8ef5-action_oceans_left_kelp_76d1ad_pale-744x1366.jpg 744w, https:\/\/www.greenpeace.org\/static\/planet4-poland-stateless\/2018\/05\/87cf8ef5-action_oceans_left_kelp_76d1ad_pale-185x340.jpg 185w\" class=\"wp-image-145 size-full\"\n                    \/>\n                <\/figure>\n                <\/div>\n                \n                <\/div>\n                \n                <\/div>\n                \n                <p>                <strong>1.Administrator danych osobowych<\/strong><\/p>\n<p>Administratorem Pani\/Pana danych osobowych jest Fundacja Greenpeace Polska z siedzib\u0105 w\u00a0Warszawie (02-386), ul. Altowa 4 (\u201e<strong>Greenpeace<\/strong>\u201d), strona internetowa: <a href=\"http:\/\/www.greenpeace.org\/poland\/pl\/\">http:\/\/www.greenpeace.org\/poland\/pl\/<\/a><\/p>\n<p>Z Greenpeace, mo\u017ce si\u0119 Pani\/Pan skontaktowa\u0107 w nast\u0119puj\u0105cy spos\u00f3b:<\/p>\n<ul>\n<li>adres e-mail: spl@greenpeace.org;<\/li>\n<li>adres korespondencyjny: Altowa 4, 02-386 Warszawa;<\/li>\n<li>telefon kontaktowy: 22 851 26 42;<\/li>\n<\/ul>\n<p>W Greenpeace powo\u0142ali\u015bmy r\u00f3wnie\u017c Inspektora Ochrony Danych, z kt\u00f3rym mo\u017cna skontaktowa\u0107 si\u0119 pod adresem e-mail: <a href=\"mailto:ido.pl@greenpeace.org\">pl@greenpeace.org<\/a><\/p>\n<p><strong>2. Cele i podstawa przetwarzania danych<\/strong><\/p>\n<p>Greenpeace przetwarza nast\u0119puj\u0105ce kategorie Pani\/Pana danych osobowych:<\/p>\n<ul>\n<li>dane identyfikuj\u0105ce (np. imi\u0119 (imiona), nazwisko, data urodzenia,),<\/li>\n<li>dane kontaktowe przez Pani\u0105\/Pana wskazane<\/li>\n<li>dane dotycz\u0105ce kwalifikacji zawodowych, wykszta\u0142cenia i przebiegu dotychczasowego zatrudnienia(gdy s\u0105 one niezb\u0119dne do wykonywania pracy okre\u015blonego rodzaju<br \/>\nlub na okre\u015blonym stanowisku.)<\/li>\n<\/ul>\n<p>Podanie w zakresie wynikaj\u0105cym z art. 22<sup>1<\/sup> Kodeksu pracy jest niezb\u0119dne aby uczestniczy\u0107 w post\u0119powaniu rekrutacyjnym.<\/p>\n<p>Podanie innych danych osobowych jest dobrowolne, a brak ich podania nie b\u0119dzie skutkowa\u0142 niekorzystnym Pani\/Pana traktowaniem, ani nie spowoduje wobec Pani\/Pana jakichkolwiek negatywnych konsekwencji ze strony Greenpeace. Greenpeace mo\u017ce wi\u0119c przetwarza\u0107 inne Pani\/Pana dane osobowe, w szczeg\u00f3lno\u015bci wizerunek, je\u017celi dobrowolnie zostan\u0105 przez Pani\u0105\/Pana przekazane do Greenpeace.<\/p>\n<p>Greenpeace przetwarza Pani\/Pana dane osobowe w nast\u0119puj\u0105cych celach:<\/p>\n<ul>\n<li>wype\u0142niania obowi\u0105zk\u00f3w prawnych ci\u0105\u017c\u0105cych na Greenpeace w zwi\u0105zku z\u00a0prowadzeniem rekrutacji i zatrudnianiem pracownik\u00f3w (podstawa prawna: art. 6 ust. 1 lit. c)\u00a0RODO, a\u00a0w\u00a0odniesieniu do danych niewynikaj\u0105cych z przepis\u00f3w prawa: art. 6 ust. 1 lit. a) RODO);<\/li>\n<li>je\u017celi wyrazi\u0142a Pani\/Pan zgod\u0119, w celu prowadzenia przez Greenpeace przysz\u0142ych rekrutacji (podstawa prawna: art. 6 ust. 1 lit. a) RODO);<\/li>\n<li>je\u017celi wyrazi\u0142a Pani\/Pan zgod\u0119, w celach reklamowych, marketingowych i promocyjnych dotycz\u0105cych prowadzonej przez Greenpeace dzia\u0142alno\u015bci, w szczeg\u00f3lno\u015bci na stronie internetowej Greenpeace oraz w materia\u0142ach promocyjnych i ofertach przygotowywanych przez Greenpeace (podstawa prawna: art. 6 ust. 1 lit. a) RODO);<\/li>\n<li>dochodzenia roszcze\u0144, prowadzenia post\u0119powa\u0144 s\u0105dowych i windykacyjnych w zwi\u0105zku z zatrudnieniem (podstawa prawna: art. 6 ust. 1 lit. f) RODO);<\/li>\n<li>wewn\u0119trznych cel\u00f3w administracyjnych Greenpeace, w tym ewidencji i zarz\u0105dzania personelem, statystyki, komunikacji i\u00a0raportowania wewn\u0119trznego Greenpeace (podstawa prawna: art. 6 ust. 1 lit. f) RODO);<\/li>\n<li>ci\u0105g\u0142ego i niezak\u0142\u00f3conego prowadzenia dzia\u0142alno\u015bci przez Greenpeace poprzez zapewnienie integralno\u015bci kopii zarchiwizowanych\/zapasowych\/awaryjnych (podstawa prawna: art. 6 ust. 1 lit f) RODO);<\/li>\n<\/ul>\n<p>Przepisy prawa pracy: <em>art. 22 Kodeksu pracy oraz \u00a71 rozporz\u0105dzenia Ministra Pracy i Polityki Socjalnej z dnia 28 maja 1996 r. w sprawie zakresu prowadzenia przez pracodawc\u00f3w dokumentacji w sprawach zwi\u0105zanych ze stosunkiem pracy oraz sposobu prowadzenia akt osobowych pracownika.<\/em><\/p>\n<p><strong>3. Odbiorcy danych osobowych<\/strong><\/p>\n<p>W zwi\u0105zku z przetwarzaniem danych w powy\u017cszych celach, Pani\/Pana dane osobowe mog\u0105 by\u0107 udost\u0119pniane:<\/p>\n<ul>\n<li>instytucjom upowa\u017cnionym z mocy prawa, w szczeg\u00f3lno\u015bci podmiotom upowa\u017cnionym do odbioru Pani\/Pana danych osobowych na podstawie odpowiednich przepis\u00f3w prawa (np. Zak\u0142ad Ubezpiecze\u0144 Spo\u0142ecznych, Urz\u0105d Skarbowy, Narodowy Fundusz Zdrowia oraz organy s\u0105dowe lub inne, w tym komornicy i policja);<\/li>\n<li>podmiotom upowa\u017cnionym do odbioru Pani\/Pana danych osobowych na podstawie odr\u0119bnych zg\u00f3d udzielonych przez Pani\u0105\/Pana takim podmiotom (np. zak\u0142ady ubezpiecze\u0144 w przypadku wyboru oferty ubezpieczenia, zak\u0142ady opieki zdrowotnej w przypadku wyboru oferty pakietu opieki medycznej, dostawcy us\u0142ug sportowych w przypadku wyboru oferty pakietu sportowego);<\/li>\n<li>innym podmiotom Greenpeace;<\/li>\n<li>podmiotom, kt\u00f3re przetwarzaj\u0105 Pani\/Pana dane osobowe w imieniu Greenpeace na podstawie zawartej z Greenpeace umowy powierzenia przetwarzania danych osobowych (tzw. podmioty przetwarzaj\u0105ce);<\/li>\n<\/ul>\n<p>W przypadku przekazywania przez Greenpeace Pani\/Pana danych osobowych do pa\u0144stwa trzeciego lub organizacji mi\u0119dzynarodowej, co do kt\u00f3rych Komisja nie stwierdzi\u0142a odpowiedniego stopnia ochrony, Greenpeace zawiera z tymi podmiotami standardowe klauzule umowne. Podmioty, kt\u00f3rym Greenpeace przekazuje dane osobowe zapewniaj\u0105\u00a0 w\u0142a\u015bciwe zabezpieczenia oraz mo\u017cliwo\u015b\u0107 uzyskania kopii danych.<\/p>\n<p><strong>4. Okres przechowywania danych<\/strong><\/p>\n<p>Pani\/Pana dane osobowe b\u0119d\u0105 przetwarzane przez okres niezb\u0119dny do zako\u0144czenia procesu rekrutacji.<\/p>\n<p>W przypadku wyra\u017conej przez Pa\u0144stwa zgody na wykorzystywane danych osobowych dla cel\u00f3w przysz\u0142ych rekrutacji, Pa\u0144stwa dane b\u0119d\u0105 wykorzystywane przez 9 miesi\u0119cy.<\/p>\n<p><strong>5. Prawa zwi\u0105zane z przetwarzaniem danych<\/strong><\/p>\n<p>W zwi\u0105zku z przetwarzaniem przez Greenpeace Pani\/Pana danych osobowych, przys\u0142uguje Pani\/Panu:<\/p>\n<ul>\n<li>prawo dost\u0119pu do tre\u015bci danych (art. 15 RODO)<\/li>\n<li>prawo do sprostowania danych (art. 16 RODO)<\/li>\n<li>prawo do usuni\u0119cia danych (art. 17 RODO)<\/li>\n<li>prawo do ograniczenia przetwarzania danych (art. 18 RODO)<\/li>\n<li>prawo do wniesienia sprzeciwu wobec przetwarzania danych (art. 21 RODO)<\/li>\n<li>prawo do przenoszenia danych (art. 20 RODO)<\/li>\n<li>prawo wycofania zgody (art. 7 ust. 3 RODO)<\/li>\n<\/ul>\n<p><strong>6. Spos\u00f3b realizacji praw<\/strong><\/p>\n<p>Jest Pani\/Pan uprawniona\/y do zg\u0142oszenia realizacji swoich praw, o kt\u00f3rych mowa w punkcie 5 w nast\u0119puj\u0105cy spos\u00f3b:<\/p>\n<ul>\n<li>pisemnie na adres: Altowa 4, 02-386 Warszawa;<\/li>\n<li>mailowo na adres: spl@greenpeace.org;<\/li>\n<li>telefonicznie pod numerem telefonu: 22 851 26 42;<\/li>\n<\/ul>\n<p><strong>7. Skarga do organu nadzorczego<\/strong><\/p>\n<p>W przypadkach uznania, i\u017c przetwarzanie przez Greenpeace Pani\/Pana danych osobowych narusza przepisy RODO, przys\u0142uguje Pani\/Panu prawo do wniesienia skargi do organu nadzorczego, tj. Prezesa Urz\u0119du Ochrony Danych Osobowych.<\/p>\n<p><strong>8. Zautomatyzowane przetwarzanie danych<\/strong><\/p>\n<p>Greenpeace nie podejmuje wobec Pani\/Pana decyzji w spos\u00f3b wy\u0142\u0105cznie zautomatyzowany, w szczeg\u00f3lno\u015bci w oparciu o profilowanie.<\/p>\n","protected":false},"excerpt":{"rendered":"<p>1.Administrator danych osobowych Administratorem Pani\/Pana danych osobowych jest Fundacja Greenpeace Polska z siedzib\u0105 w\u00a0Warszawie (02-386), ul. Altowa 4 (\u201eGreenpeace\u201d), strona internetowa: http:\/\/www.greenpeace.org\/poland\/pl\/ Z Greenpeace, mo\u017ce si\u0119 Pani\/Pan skontaktowa\u0107 w nast\u0119puj\u0105cy spos\u00f3b: adres e-mail: spl@greenpeace.org; adres korespondencyjny: Altowa 4, 02-386 Warszawa; telefon kontaktowy: 22 851 26 42; W Greenpeace powo\u0142ali\u015bmy r\u00f3wnie\u017c Inspektora Ochrony Danych, z kt\u00f3rym [&hellip;]<\/p>\n","protected":false},"author":25,"featured_media":0,"parent":0,"menu_order":0,"comment_status":"closed","ping_status":"closed","template":"","meta":{"ep_exclude_from_search":false,"p4_hide_page_title_checkbox":"on","p4_title":"","p4_subtitle":"","p4_description":"","background_image_id":"","background_image":"","p4_button_title":"","p4_button_link":"","p4_button_link_checkbox":"","p4_og_title":"","p4_og_description":"","p4_og_image":"","p4_og_image_id":"","p4_seo_canonical_url":"","p4_campaign_name":"not set","p4_local_project":"","p4_basket_name":"not set","p4_department":"","footnotes":""},"categories":[],"tags":[],"class_list":["post-754","page","type-page","status-publish","hentry"],"_links":{"self":[{"href":"https:\/\/www.greenpeace.org\/poland\/wp-json\/wp\/v2\/pages\/754","targetHints":{"allow":["GET"]}}],"collection":[{"href":"https:\/\/www.greenpeace.org\/poland\/wp-json\/wp\/v2\/pages"}],"about":[{"href":"https:\/\/www.greenpeace.org\/poland\/wp-json\/wp\/v2\/types\/page"}],"author":[{"embeddable":true,"href":"https:\/\/www.greenpeace.org\/poland\/wp-json\/wp\/v2\/users\/25"}],"replies":[{"embeddable":true,"href":"https:\/\/www.greenpeace.org\/poland\/wp-json\/wp\/v2\/comments?post=754"}],"version-history":[{"count":6,"href":"https:\/\/www.greenpeace.org\/poland\/wp-json\/wp\/v2\/pages\/754\/revisions"}],"predecessor-version":[{"id":36978,"href":"https:\/\/www.greenpeace.org\/poland\/wp-json\/wp\/v2\/pages\/754\/revisions\/36978"}],"wp:attachment":[{"href":"https:\/\/www.greenpeace.org\/poland\/wp-json\/wp\/v2\/media?parent=754"}],"wp:term":[{"taxonomy":"category","embeddable":true,"href":"https:\/\/www.greenpeace.org\/poland\/wp-json\/wp\/v2\/categories?post=754"},{"taxonomy":"post_tag","embeddable":true,"href":"https:\/\/www.greenpeace.org\/poland\/wp-json\/wp\/v2\/tags?post=754"}],"curies":[{"name":"wp","href":"https:\/\/api.w.org\/{rel}","templated":true}]}}