{"id":10148,"date":"2024-11-07T15:04:56","date_gmt":"2024-11-07T12:04:56","guid":{"rendered":"https:\/\/www.greenpeace.org\/romania\/?page_id=10148"},"modified":"2025-07-02T10:35:03","modified_gmt":"2025-07-02T07:35:03","slug":"vrem-sa-pastram-delfinii-in-mare-nu-doar-pe-tricouri","status":"publish","type":"page","link":"https:\/\/www.greenpeace.org\/romania\/vrem-sa-pastram-delfinii-in-mare-nu-doar-pe-tricouri\/","title":{"rendered":"Vrem s\u0103 p\u0103str\u0103m delfinii \u00een mare, nu doar pe tricouri!\u00a0"},"content":{"rendered":"\n<div class=\"wp-block-planet4-blocks-carousel-header\"><div data-hydrate=\"planet4-blocks\/carousel-header\" data-attributes=\"{&quot;carousel_autoplay&quot;:false,&quot;slides&quot;:[{&quot;image&quot;:10218,&quot;focal_points&quot;:{},&quot;header&quot;:&quot;Vrem s\u0103 p\u0103str\u0103m delfinii \u00een mare, nu doar pe tricouri!\u00a0&quot;,&quot;description&quot;:&quot;&quot;,&quot;link_text&quot;:&quot;Vreau \u0219i eu tricou&quot;,&quot;link_url&quot;:&quot;#greenpeace-donations-iframe&quot;,&quot;link_url_new_tab&quot;:false,&quot;image_url&quot;:&quot;https:\/\/www.greenpeace.org\/static\/planet4-romania-stateless\/2024\/11\/72a415ed-r0002149-scaled.jpg&quot;,&quot;image_srcset&quot;:&quot;https:\/\/www.greenpeace.org\/static\/planet4-romania-stateless\/2024\/11\/72a415ed-r0002149-150x150.jpg 150w,https:\/\/www.greenpeace.org\/static\/planet4-romania-stateless\/2024\/11\/72a415ed-r0002149-300x200.jpg 300w,https:\/\/www.greenpeace.org\/static\/planet4-romania-stateless\/2024\/11\/72a415ed-r0002149-1024x683.jpg 1024w,https:\/\/www.greenpeace.org\/static\/planet4-romania-stateless\/2024\/11\/72a415ed-r0002149-510x340.jpg 510w,https:\/\/www.greenpeace.org\/static\/planet4-romania-stateless\/2024\/11\/72a415ed-r0002149-2048x1366.jpg 2048w,https:\/\/www.greenpeace.org\/static\/planet4-romania-stateless\/2024\/11\/72a415ed-r0002149-scaled.jpg 2560w&quot;}],&quot;currentImageIndex&quot;:0}\"><section class=\"block block-header alignfull carousel-header \"><div class=\"carousel-wrapper-header\"><div class=\"carousel-inner\" role=\"listbox\"><div class=\"carousel-item active\"><div class=\"carousel-item-mask\"><div class=\"background-holder\"><img decoding=\"async\" src=\"https:\/\/www.greenpeace.org\/static\/planet4-romania-stateless\/2024\/11\/72a415ed-r0002149-scaled.jpg\" style=\"object-position:50% 50%\" srcSet=\"https:\/\/www.greenpeace.org\/static\/planet4-romania-stateless\/2024\/11\/72a415ed-r0002149-150x150.jpg 150w,https:\/\/www.greenpeace.org\/static\/planet4-romania-stateless\/2024\/11\/72a415ed-r0002149-300x200.jpg 300w,https:\/\/www.greenpeace.org\/static\/planet4-romania-stateless\/2024\/11\/72a415ed-r0002149-1024x683.jpg 1024w,https:\/\/www.greenpeace.org\/static\/planet4-romania-stateless\/2024\/11\/72a415ed-r0002149-510x340.jpg 510w,https:\/\/www.greenpeace.org\/static\/planet4-romania-stateless\/2024\/11\/72a415ed-r0002149-2048x1366.jpg 2048w,https:\/\/www.greenpeace.org\/static\/planet4-romania-stateless\/2024\/11\/72a415ed-r0002149-scaled.jpg 2560w\"\/><\/div><div class=\"carousel-caption\"><div class=\"caption-overlay\"><\/div><div class=\"container main-header\"><div class=\"carousel-captions-wrapper\"><h2>Vrem s\u0103 p\u0103str\u0103m delfinii \u00een mare, nu doar pe tricouri!\u00a0<\/h2><p><\/p><\/div><div class=\"col-xs-12 col-sm-8 col-md-4 action-button\"><a href=\"#greenpeace-donations-iframe\" class=\"btn btn-primary\" data-ga-category=\"Carousel Header\" data-ga-action=\"Call to Action\"><span>Vreau \u0219i eu tricou<\/span><\/a><\/div><\/div><\/div><\/div><\/div><\/div><\/div><\/section><\/div><\/div>\n\n\n<div class=\"wp-block-group block is-layout-flow wp-block-group-is-layout-flow\">\n\n<div class=\"wp-block-media-text has-media-on-the-right is-stacked-on-mobile\"><div class=\"wp-block-media-text__content\">\n<p><strong>Implic\u0103-te \u0219i tu \u00een protejarea uneia dintre cele mai valoroase resurse naturale ale Rom\u00e2niei: Marea Neagr\u0103.<\/strong><\/p>\n\n\n\n<p>Fiecare dona\u021bie lunar\u0103 contribuie la protejarea ecosistemului fragil al M\u0103rii Negre, oferindu-\u021bi oportunitatea de a face parte din comunitatea conserv\u0103rii naturii. Pentru sprijinul t\u0103u, vei primi un tricou special, realizat din bumbac organic certificat GOTS, cu o grafic\u0103 unic\u0103 creat\u0103 de artista Livia F\u0103lcaru. Acest tricou nu este doar un obiect vestimentar, ci un simbol al angajamentului fa\u021b\u0103 de o cauz\u0103 vital\u0103: PROTEJAREA M\u0103rii Negre.<\/p>\n\n\n\n<p>Toate dona\u021biile ob\u021binute ne vor sprijini eforturile de a proteja Marea Neagr\u0103 \u0219i de a-i conserva biodiversitatea.<\/p>\n\n\n\n<div class=\"wp-block-buttons is-layout-flex wp-block-buttons-is-layout-flex\"><\/div>\n<\/div><figure class=\"wp-block-media-text__media\"><img loading=\"lazy\" decoding=\"async\" width=\"1024\" height=\"683\" src=\"https:\/\/www.greenpeace.org\/static\/planet4-romania-stateless\/2024\/11\/1489c19c-r0002182-1024x683.jpg\" alt=\"\" sizes=\"auto, (min-width: 1600px) calc((1320px - 24px) \/ 2),(min-width: 1200px) calc((1140px - 24px) \/ 2),(min-width: 992px) calc((960px - 24px) \/ 2),(min-width: 768px) calc((720px - 24px) \/ 2),(min-width: 601px) calc((540px - 24px) \/ 2),(min-width: 577px) calc((540px - 24px) \/ 1), calc(100vw - 24px)\" srcset=\"https:\/\/www.greenpeace.org\/static\/planet4-romania-stateless\/2024\/11\/1489c19c-r0002182-scaled.jpg 2560w, https:\/\/www.greenpeace.org\/static\/planet4-romania-stateless\/2024\/11\/1489c19c-r0002182-300x200.jpg 300w, https:\/\/www.greenpeace.org\/static\/planet4-romania-stateless\/2024\/11\/1489c19c-r0002182-1024x683.jpg 1024w, https:\/\/www.greenpeace.org\/static\/planet4-romania-stateless\/2024\/11\/1489c19c-r0002182-768x512.jpg 768w, https:\/\/www.greenpeace.org\/static\/planet4-romania-stateless\/2024\/11\/1489c19c-r0002182-1536x1024.jpg 1536w, https:\/\/www.greenpeace.org\/static\/planet4-romania-stateless\/2024\/11\/1489c19c-r0002182-2048x1366.jpg 2048w, https:\/\/www.greenpeace.org\/static\/planet4-romania-stateless\/2024\/11\/1489c19c-r0002182-510x340.jpg 510w\" class=\"wp-image-10212 size-full\"\/><\/figure><\/div>\n\n<\/div>\n\n\n<script src=\"https:\/\/cee.donate.greenpeace.org\/js\/iframe.js\" type=\"text\/javascript\"><\/script>\n<iframe id=\"greenpeace-donations-iframe\" style=\"width:100%; height:450px;\" src=\"\" frameborder=\"0\"><\/iframe>\n\n <script>\n  var mainUrl = \"https:\/\/cee.donate.greenpeace.org\/ro\/iframe\/tshirts_liviafalcaru?embedded=true&footer=0\"\n  var urlParams = new URLSearchParams(window.location.search);\n  urlParams = urlParams.toString();\n  var iframeUrl = mainUrl + \"&\" + urlParams;\n  document.getElementById(\"greenpeace-donations-iframe\").src = iframeUrl ;\n <\/script>\n\n<h2 class=\"wp-block-heading\">Greenpeace X Livia F\u0103lcaru<\/h2>\n\n<p>Livia F\u0103lcaru este o ilustratoare \u0219i artist\u0103 vizual\u0103 a c\u0103rei munc\u0103 se inspir\u0103 puternic din experien\u021bele personale \u0219i provoc\u0103rile de zi cu zi ale vie\u021bii femeilor \u00een lumea modern\u0103. De\u0219i lucr\u0103rile sale sunt vibrante \u0219i pline de culoare, subiectele abordate reflect\u0103 emo\u021biile \u0219i realit\u0103\u021bi nefiltrate. Livia \u00ee\u0219i descrie munca drept o adaptare continu\u0103 la procesul ei de cre\u0219tere ca om, dar \u0219i ca artist\u0103.<\/p>\n\n<div class=\"wp-block-media-text has-media-on-the-right is-stacked-on-mobile\" style=\"grid-template-columns:auto 30%\"><div class=\"wp-block-media-text__content\">\n<p class=\"is-style-default\"><em>\u201cM\u0103 bucur c\u0103 pot s\u0103 contribui prin arta mea la acest demers \u00eempotriva proiectului Neptune Deep. Este important s\u0103 ne document\u0103m \u0219i s\u0103 ac\u021bion\u0103m c\u00e2t de mult putem pentru a proteja resursele \u0219i natura din \u021bara noastr\u0103. Uneori ai impresia c\u0103 e\u0219ti mic \u0219i c\u0103 partea ta nu va conta \u00een marea schem\u0103 a lucrurilor, mai ales c\u00e2nd vine vorba de corpora\u021bii mari. \u00cens\u0103 nu este a\u0219a, fiecare dintre noi conteaz\u0103 \u0219i putem s\u0103 ne facem partea, oric\u00e2t de mic\u0103 ar fi ea. Resursele din \u021bara noastr\u0103 au fost constant exploatate, de multe ori ilegal, \u0219i cred c\u0103 e timpul s\u0103 se opreasc\u0103 acest lucru. S\u0103 nu mai permitem ca aceste practici s\u0103 continue.Mi-a\u0219 dori ca, \u00een timp, oamenii s\u0103 aprecieze din ce \u00een ce mai mult toat\u0103 frumuse\u021bea \u0219i diversitatea pe care o avem \u00een faun\u0103 \u0219i flor\u0103 \u00een \u021bara noastr\u0103. Este extraordinar\u0103 \u0219i merit\u0103 pre\u021buit\u0103.\u201d<\/em><\/p>\n<\/div><figure class=\"wp-block-media-text__media\"><img loading=\"lazy\" decoding=\"async\" width=\"681\" height=\"1024\" src=\"https:\/\/www.greenpeace.org\/static\/planet4-romania-stateless\/2024\/10\/939b18e3-whatsapp-image-2024-10-22-at-17.53.46-681x1024.jpeg\" alt=\"\" sizes=\"auto, (min-width: 1600px) calc((1320px - 24px) \/ 3.3333),(min-width: 1200px) calc((1140px - 24px) \/ 3.3333),(min-width: 992px) calc((960px - 24px) \/ 3.3333),(min-width: 768px) calc((720px - 24px) \/ 3.3333),(min-width: 601px) calc((540px - 24px) \/ 3.3333),(min-width: 577px) calc((540px - 24px) \/ 1), calc(100vw - 24px)\" srcset=\"https:\/\/www.greenpeace.org\/static\/planet4-romania-stateless\/2024\/10\/939b18e3-whatsapp-image-2024-10-22-at-17.53.46.jpeg 1064w, https:\/\/www.greenpeace.org\/static\/planet4-romania-stateless\/2024\/10\/939b18e3-whatsapp-image-2024-10-22-at-17.53.46-200x300.jpeg 200w, https:\/\/www.greenpeace.org\/static\/planet4-romania-stateless\/2024\/10\/939b18e3-whatsapp-image-2024-10-22-at-17.53.46-681x1024.jpeg 681w, https:\/\/www.greenpeace.org\/static\/planet4-romania-stateless\/2024\/10\/939b18e3-whatsapp-image-2024-10-22-at-17.53.46-768x1155.jpeg 768w, https:\/\/www.greenpeace.org\/static\/planet4-romania-stateless\/2024\/10\/939b18e3-whatsapp-image-2024-10-22-at-17.53.46-1021x1536.jpeg 1021w, https:\/\/www.greenpeace.org\/static\/planet4-romania-stateless\/2024\/10\/939b18e3-whatsapp-image-2024-10-22-at-17.53.46-908x1366.jpeg 908w, https:\/\/www.greenpeace.org\/static\/planet4-romania-stateless\/2024\/10\/939b18e3-whatsapp-image-2024-10-22-at-17.53.46-226x340.jpeg 226w\" class=\"wp-image-10155 size-full\"\/><\/figure><\/div>\n\n<div class=\"wp-block-group is-layout-constrained wp-block-group-is-layout-constrained\">\n<h2 class=\"wp-block-heading has-text-align-center\">Cum func\u021bioneaz\u0103<\/h2>\n\n\n\n<figure class=\"wp-block-image size-full is-resized\"><img loading=\"lazy\" decoding=\"async\" width=\"940\" height=\"788\" src=\"https:\/\/www.greenpeace.org\/static\/planet4-romania-stateless\/2024\/10\/3e09221c-faci-o-donatie-lunara-2.png\" alt=\"\" class=\"wp-image-10156\" style=\"width:606px;height:auto\" srcset=\"https:\/\/www.greenpeace.org\/static\/planet4-romania-stateless\/2024\/10\/3e09221c-faci-o-donatie-lunara-2.png 940w, https:\/\/www.greenpeace.org\/static\/planet4-romania-stateless\/2024\/10\/3e09221c-faci-o-donatie-lunara-2-300x251.png 300w, https:\/\/www.greenpeace.org\/static\/planet4-romania-stateless\/2024\/10\/3e09221c-faci-o-donatie-lunara-2-768x644.png 768w, https:\/\/www.greenpeace.org\/static\/planet4-romania-stateless\/2024\/10\/3e09221c-faci-o-donatie-lunara-2-406x340.png 406w\" sizes=\"auto, (max-width: 940px) 100vw, 940px\" \/><\/figure>\n<\/div>\n\n<div class=\"wp-block-columns alignfull are-vertically-aligned-center is-style-mobile-carousel is-layout-flex wp-container-core-columns-is-layout-9d6595d7 wp-block-columns-is-layout-flex\">\n<div class=\"wp-block-column is-vertically-aligned-center is-layout-flow wp-block-column-is-layout-flow\" style=\"flex-basis:100%\">\n<div class=\"wp-block-group is-content-justification-center is-nowrap is-layout-flex wp-container-core-group-is-layout-94bc23d7 wp-block-group-is-layout-flex\"><div data-hydrate=\"planet4-blocks\/gallery\" data-attributes=\"{&quot;attributes&quot;:{&quot;multiple_image&quot;:&quot;10161,10209,10157,10207&quot;,&quot;gallery_block_focus_points&quot;:&quot;{u002210157u0022:u002250% 50%u0022,u002210159u0022:u002250% 50%u0022,u002210161u0022:u002250% 50%u0022,u002210185u0022:u002268% 43%u0022}&quot;,&quot;image_data&quot;:[{&quot;url&quot;:&quot;https:\\\/\\\/www.greenpeace.org\\\/static\\\/planet4-romania-stateless\\\/2024\\\/10\\\/655b1e06-2.png&quot;,&quot;focalPoint&quot;:{&quot;x&quot;:0.5,&quot;y&quot;:0.5},&quot;id&quot;:10161},{&quot;url&quot;:&quot;https:\\\/\\\/www.greenpeace.org\\\/static\\\/planet4-romania-stateless\\\/2024\\\/11\\\/eef943ad-2-1.png&quot;,&quot;focalPoint&quot;:{&quot;x&quot;:0.5,&quot;y&quot;:0.5},&quot;id&quot;:10209},{&quot;url&quot;:&quot;https:\\\/\\\/www.greenpeace.org\\\/static\\\/planet4-romania-stateless\\\/2024\\\/10\\\/828b1eb7-1.png&quot;,&quot;focalPoint&quot;:{&quot;x&quot;:0.5,&quot;y&quot;:0.5},&quot;id&quot;:10157},{&quot;url&quot;:&quot;https:\\\/\\\/www.greenpeace.org\\\/static\\\/planet4-romania-stateless\\\/2024\\\/11\\\/d6f9fd96-6.png&quot;,&quot;focalPoint&quot;:{&quot;x&quot;:0.5,&quot;y&quot;:0.5},&quot;id&quot;:10207}],&quot;className&quot;:&quot;is-style-grid&quot;,&quot;gallery_block_style&quot;:0,&quot;gallery_block_title&quot;:&quot;&quot;,&quot;gallery_block_description&quot;:&quot;&quot;,&quot;images&quot;:[{&quot;image_src&quot;:&quot;https:\\\/\\\/www.greenpeace.org\\\/static\\\/planet4-romania-stateless\\\/2024\\\/10\\\/655b1e06-2.png&quot;,&quot;image_srcset&quot;:&quot;https:\\\/\\\/www.greenpeace.org\\\/static\\\/planet4-romania-stateless\\\/2024\\\/10\\\/655b1e06-2.png 940w, https:\\\/\\\/www.greenpeace.org\\\/static\\\/planet4-romania-stateless\\\/2024\\\/10\\\/655b1e06-2-300x251.png 300w, https:\\\/\\\/www.greenpeace.org\\\/static\\\/planet4-romania-stateless\\\/2024\\\/10\\\/655b1e06-2-768x644.png 768w, https:\\\/\\\/www.greenpeace.org\\\/static\\\/planet4-romania-stateless\\\/2024\\\/10\\\/655b1e06-2-406x340.png 406w&quot;,&quot;image_sizes&quot;:false,&quot;alt_text&quot;:&quot;&quot;,&quot;caption&quot;:&quot;&quot;,&quot;focus_image&quot;:&quot;&quot;,&quot;credits&quot;:&quot;&quot;},{&quot;image_src&quot;:&quot;https:\\\/\\\/www.greenpeace.org\\\/static\\\/planet4-romania-stateless\\\/2024\\\/11\\\/eef943ad-2-1.png&quot;,&quot;image_srcset&quot;:&quot;https:\\\/\\\/www.greenpeace.org\\\/static\\\/planet4-romania-stateless\\\/2024\\\/11\\\/eef943ad-2-1.png 900w, https:\\\/\\\/www.greenpeace.org\\\/static\\\/planet4-romania-stateless\\\/2024\\\/11\\\/eef943ad-2-1-300x300.png 300w, https:\\\/\\\/www.greenpeace.org\\\/static\\\/planet4-romania-stateless\\\/2024\\\/11\\\/eef943ad-2-1-150x150.png 150w, https:\\\/\\\/www.greenpeace.org\\\/static\\\/planet4-romania-stateless\\\/2024\\\/11\\\/eef943ad-2-1-768x768.png 768w, https:\\\/\\\/www.greenpeace.org\\\/static\\\/planet4-romania-stateless\\\/2024\\\/11\\\/eef943ad-2-1-340x340.png 340w&quot;,&quot;image_sizes&quot;:false,&quot;alt_text&quot;:&quot;&quot;,&quot;caption&quot;:&quot;&quot;,&quot;focus_image&quot;:&quot;&quot;,&quot;credits&quot;:&quot;&quot;},{&quot;image_src&quot;:&quot;https:\\\/\\\/www.greenpeace.org\\\/static\\\/planet4-romania-stateless\\\/2024\\\/10\\\/828b1eb7-1.png&quot;,&quot;image_srcset&quot;:&quot;https:\\\/\\\/www.greenpeace.org\\\/static\\\/planet4-romania-stateless\\\/2024\\\/10\\\/828b1eb7-1.png 940w, https:\\\/\\\/www.greenpeace.org\\\/static\\\/planet4-romania-stateless\\\/2024\\\/10\\\/828b1eb7-1-300x251.png 300w, https:\\\/\\\/www.greenpeace.org\\\/static\\\/planet4-romania-stateless\\\/2024\\\/10\\\/828b1eb7-1-768x644.png 768w, https:\\\/\\\/www.greenpeace.org\\\/static\\\/planet4-romania-stateless\\\/2024\\\/10\\\/828b1eb7-1-406x340.png 406w&quot;,&quot;image_sizes&quot;:false,&quot;alt_text&quot;:&quot;&quot;,&quot;caption&quot;:&quot;&quot;,&quot;focus_image&quot;:&quot;&quot;,&quot;credits&quot;:&quot;&quot;},{&quot;image_src&quot;:&quot;https:\\\/\\\/www.greenpeace.org\\\/static\\\/planet4-romania-stateless\\\/2024\\\/11\\\/d6f9fd96-6.png&quot;,&quot;image_srcset&quot;:&quot;https:\\\/\\\/www.greenpeace.org\\\/static\\\/planet4-romania-stateless\\\/2024\\\/11\\\/d6f9fd96-6.png 900w, https:\\\/\\\/www.greenpeace.org\\\/static\\\/planet4-romania-stateless\\\/2024\\\/11\\\/d6f9fd96-6-300x300.png 300w, https:\\\/\\\/www.greenpeace.org\\\/static\\\/planet4-romania-stateless\\\/2024\\\/11\\\/d6f9fd96-6-150x150.png 150w, https:\\\/\\\/www.greenpeace.org\\\/static\\\/planet4-romania-stateless\\\/2024\\\/11\\\/d6f9fd96-6-768x768.png 768w, https:\\\/\\\/www.greenpeace.org\\\/static\\\/planet4-romania-stateless\\\/2024\\\/11\\\/d6f9fd96-6-340x340.png 340w&quot;,&quot;image_sizes&quot;:false,&quot;alt_text&quot;:&quot;&quot;,&quot;caption&quot;:&quot;&quot;,&quot;focus_image&quot;:&quot;&quot;,&quot;credits&quot;:&quot;&quot;}]}}\"><section class=\"block gallery-grid is-style-grid\"><\/section><\/div><\/div>\n<\/div>\n<\/div>\n\n<h2 class=\"wp-block-heading has-text-align-center\">Q&amp;A\/Cele mai populare \u00eentreb\u0103ri<\/h2>\n\n<section class=\"block accordion-block wp-block-planet4-blocks-accordion\"><div class=\"accordion-content\"><div class=\"accordion-headline\" name=\"1. Cum \u00eemi pot comanda un tricou?\">1. Cum \u00eemi pot comanda un tricou?<\/div><div class=\"panel panel-hidden\"><p class=\"accordion-text\">E simplu. F\u0103 o dona\u021bie lunar\u0103, alege-\u021bi m\u0103rimea tricoului \u0219i f\u0103 comanda.<\/p><\/div><\/div><\/section>\n\n<section class=\"block accordion-block wp-block-planet4-blocks-accordion\"><div class=\"accordion-content\"><div class=\"accordion-headline\" name=\"2. \u00cen c\u00e2t timp voi primi tricoul?\">2. \u00cen c\u00e2t timp voi primi tricoul?<\/div><div class=\"panel panel-hidden\"><p class=\"accordion-text\">Tricoul va fi expediat \u00een 5-10 zile la adresa ta de domiciliu. Te rug\u0103m s\u0103 verifici cu aten\u021bie ca adresa, adresa de email \u0219i num\u0103rul de telefon s\u0103 fie corecte, pentru a ne asigura c\u0103 pachetul ajunge f\u0103r\u0103 \u00eent\u00e2rziere la tine.<\/p><\/div><\/div><\/section>\n\n<section class=\"block accordion-block wp-block-planet4-blocks-accordion\"><div class=\"accordion-content\"><div class=\"accordion-headline\" name=\"3. Cum \u00eemi va fi livrat tricoul?\">3. Cum \u00eemi va fi livrat tricoul?<\/div><div class=\"panel panel-hidden\"><p class=\"accordion-text\">Tricoul va fi expediat folosind un serviciu de curierat direct la adresa de coresponden\u021b\u0103 introdus\u0103 \u00een formularul de dona\u021bii.<\/p><\/div><\/div><\/section>\n\n<section class=\"block accordion-block wp-block-planet4-blocks-accordion\"><div class=\"accordion-content\"><div class=\"accordion-headline\" name=\"4. Unde se vor duce dona\u021biile pe care le fac?\">4. Unde se vor duce dona\u021biile pe care le fac?<\/div><div class=\"panel panel-hidden\"><p class=\"accordion-text\">Prin fiecare dona\u021bie lunar\u0103 ne oferi resursele necesare pentru a continua lupta \u00eempotriva proiectului toxic, Neptun Deep, care risc\u0103 s\u0103 afecteze iremediabil Marea Neagr\u0103. De\u0219i acest proiect este puternic contestat de societatea civil\u0103, iar mii de oameni \u0219i-au exprimat opozi\u021bia scriind autorit\u0103\u021bilor, avizele continu\u0103 s\u0103 fie emise. O mare parte din munca noastr\u0103 se concentreaz\u0103 pe ac\u021biuni legale, sus\u021binute de exper\u021bi, pentru a expune erorile \u0219i omisiunile din procesul de aprobare.<\/p><\/div><\/div><\/section>\n\n<p>*Dac\u0103 ai o alt\u0103 \u00eentrebare care nu se reg\u0103se\u0219te mai sus, te rog s\u0103 o trimi\u021bi la info.romania@greenpeace.org.<\/p>\n\n<h3 class=\"wp-block-heading\">Doneaz\u0103 pentru a salva Marea Neagr\u0103!<\/h3>\n\n<p>Doneaz\u0103 acum pentru a proteja Marea Neagr\u0103 \u0219i \u00eentreaga ei biodiversitate! Impactul proiectului Neptun Deep nu se rezum\u0103 doar la ecosistemul marin, ci se r\u0103sfr\u00e2nge \u0219i asupra vie\u021bilor noastre, a tuturor. Suntem responsabili s\u0103 avem grij\u0103 de mediu, a\u0219a cum \u0219i mediul a avut \u0219i are grij\u0103 de noi.<\/p>\n\n<p><\/p>\n","protected":false},"excerpt":{"rendered":"<p>Greenpeace X Livia F\u0103lcaru Livia F\u0103lcaru este o ilustratoare \u0219i artist\u0103 vizual\u0103 a c\u0103rei munc\u0103 se inspir\u0103 puternic din experien\u021bele personale \u0219i provoc\u0103rile de zi cu zi ale vie\u021bii femeilor \u00een lumea modern\u0103. De\u0219i lucr\u0103rile sale sunt vibrante \u0219i pline de culoare, subiectele abordate reflect\u0103 emo\u021biile \u0219i realit\u0103\u021bi nefiltrate. Livia \u00ee\u0219i descrie munca drept o [&hellip;]<\/p>\n","protected":false},"author":72,"featured_media":10152,"parent":0,"menu_order":0,"comment_status":"closed","ping_status":"closed","template":"","meta":{"ep_exclude_from_search":false,"p4_hide_page_title_checkbox":"on","p4_title":"","p4_subtitle":"","p4_description":"","background_image_id":"","background_image":"","p4_button_title":"","p4_button_link":"","p4_button_link_checkbox":"","p4_og_title":"","p4_og_description":"","p4_og_image":"","p4_og_image_id":"","p4_seo_canonical_url":"","p4_campaign_name":"","p4_local_project":"","p4_basket_name":"","p4_department":"","footnotes":""},"categories":[],"tags":[],"class_list":["post-10148","page","type-page","status-publish","has-post-thumbnail","hentry"],"_links":{"self":[{"href":"https:\/\/www.greenpeace.org\/romania\/wp-json\/wp\/v2\/pages\/10148","targetHints":{"allow":["GET"]}}],"collection":[{"href":"https:\/\/www.greenpeace.org\/romania\/wp-json\/wp\/v2\/pages"}],"about":[{"href":"https:\/\/www.greenpeace.org\/romania\/wp-json\/wp\/v2\/types\/page"}],"author":[{"embeddable":true,"href":"https:\/\/www.greenpeace.org\/romania\/wp-json\/wp\/v2\/users\/72"}],"replies":[{"embeddable":true,"href":"https:\/\/www.greenpeace.org\/romania\/wp-json\/wp\/v2\/comments?post=10148"}],"version-history":[{"count":20,"href":"https:\/\/www.greenpeace.org\/romania\/wp-json\/wp\/v2\/pages\/10148\/revisions"}],"predecessor-version":[{"id":11189,"href":"https:\/\/www.greenpeace.org\/romania\/wp-json\/wp\/v2\/pages\/10148\/revisions\/11189"}],"wp:featuredmedia":[{"embeddable":true,"href":"https:\/\/www.greenpeace.org\/romania\/wp-json\/wp\/v2\/media\/10152"}],"wp:attachment":[{"href":"https:\/\/www.greenpeace.org\/romania\/wp-json\/wp\/v2\/media?parent=10148"}],"wp:term":[{"taxonomy":"category","embeddable":true,"href":"https:\/\/www.greenpeace.org\/romania\/wp-json\/wp\/v2\/categories?post=10148"},{"taxonomy":"post_tag","embeddable":true,"href":"https:\/\/www.greenpeace.org\/romania\/wp-json\/wp\/v2\/tags?post=10148"}],"curies":[{"name":"wp","href":"https:\/\/api.w.org\/{rel}","templated":true}]}}