{"id":10489,"date":"2025-02-28T12:44:26","date_gmt":"2025-02-28T10:44:26","guid":{"rendered":"https:\/\/www.greenpeace.org\/romania\/?page_id=10489"},"modified":"2026-04-02T11:52:51","modified_gmt":"2026-04-02T08:52:51","slug":"implica-te","status":"publish","type":"page","link":"https:\/\/www.greenpeace.org\/romania\/implica-te\/","title":{"rendered":"Implic\u0103-te"},"content":{"rendered":"\n<div class=\"wp-block-group is-vertical is-layout-flex wp-container-core-group-is-layout-8cf370e7 wp-block-group-is-layout-flex\"><\/div>\n\n\n<div class=\"wp-block-group block is-layout-flow wp-block-group-is-layout-flow\">\n\n<div class=\"wp-block-group alignfull block is-layout-flow wp-block-group-is-layout-flow\">\n<div class=\"wp-block-group container is-layout-flow wp-block-group-is-layout-flow\">\n<div class=\"wp-block-columns is-layout-flex wp-container-core-columns-is-layout-9d6595d7 wp-block-columns-is-layout-flex\">\n<div class=\"wp-block-column is-layout-flow wp-block-column-is-layout-flow\">\n<div class=\"wp-block-group group-stretched-link is-layout-flow wp-block-group-is-layout-flow\">\n<figure class=\"wp-block-image size-large\"><img loading=\"lazy\" decoding=\"async\" width=\"1024\" height=\"683\" src=\"https:\/\/www.greenpeace.org\/static\/planet4-romania-stateless\/2026\/03\/b0ca8bde-z824116-1-1024x683.jpg\" alt=\"\" class=\"wp-image-12206\" srcset=\"https:\/\/www.greenpeace.org\/static\/planet4-romania-stateless\/2026\/03\/b0ca8bde-z824116-1-1024x683.jpg 1024w, https:\/\/www.greenpeace.org\/static\/planet4-romania-stateless\/2026\/03\/b0ca8bde-z824116-1-300x200.jpg 300w, https:\/\/www.greenpeace.org\/static\/planet4-romania-stateless\/2026\/03\/b0ca8bde-z824116-1-768x512.jpg 768w, https:\/\/www.greenpeace.org\/static\/planet4-romania-stateless\/2026\/03\/b0ca8bde-z824116-1-1536x1024.jpg 1536w, https:\/\/www.greenpeace.org\/static\/planet4-romania-stateless\/2026\/03\/b0ca8bde-z824116-1-2048x1366.jpg 2048w, https:\/\/www.greenpeace.org\/static\/planet4-romania-stateless\/2026\/03\/b0ca8bde-z824116-1-510x340.jpg 510w\" sizes=\"auto, (max-width: 1024px) 100vw, 1024px\" \/><\/figure>\n\n\n\n<h5 class=\"wp-block-heading has-text-align-center is-style-chevron\" style=\"font-size:1rem\"><a href=\"https:\/\/share-eu1.hsforms.com\/1Qr_OKuBFQeyZYEFBoZGNsQf0ukj\" data-type=\"link\" data-id=\"https:\/\/share-eu1.hsforms.com\/1Qr_OKuBFQeyZYEFBoZGNsQf0ukj\">\u00censcrie-te la newsletterul Greenpeace Rom\u00e2nia \u0219i prime\u0219te content \u00een exclusivitate<\/a><\/h5>\n\n\n\n<div style=\"height:16px\" aria-hidden=\"true\" class=\"wp-block-spacer\"><\/div>\n<\/div>\n<\/div>\n\n\n\n<div class=\"wp-block-column is-layout-flow wp-block-column-is-layout-flow\">\n<div class=\"wp-block-group group-stretched-link is-layout-flow wp-block-group-is-layout-flow\">\n<figure class=\"wp-block-image size-large\"><img loading=\"lazy\" decoding=\"async\" width=\"1024\" height=\"683\" src=\"https:\/\/www.greenpeace.org\/static\/planet4-romania-stateless\/2026\/03\/644eee1e-gp_vama_veche_camp-450-1024x683.jpg\" alt=\"\" class=\"wp-image-12203\" srcset=\"https:\/\/www.greenpeace.org\/static\/planet4-romania-stateless\/2026\/03\/644eee1e-gp_vama_veche_camp-450-1024x683.jpg 1024w, https:\/\/www.greenpeace.org\/static\/planet4-romania-stateless\/2026\/03\/644eee1e-gp_vama_veche_camp-450-300x200.jpg 300w, https:\/\/www.greenpeace.org\/static\/planet4-romania-stateless\/2026\/03\/644eee1e-gp_vama_veche_camp-450-768x512.jpg 768w, https:\/\/www.greenpeace.org\/static\/planet4-romania-stateless\/2026\/03\/644eee1e-gp_vama_veche_camp-450-1536x1024.jpg 1536w, https:\/\/www.greenpeace.org\/static\/planet4-romania-stateless\/2026\/03\/644eee1e-gp_vama_veche_camp-450-2048x1366.jpg 2048w, https:\/\/www.greenpeace.org\/static\/planet4-romania-stateless\/2026\/03\/644eee1e-gp_vama_veche_camp-450-510x340.jpg 510w\" sizes=\"auto, (max-width: 1024px) 100vw, 1024px\" \/><\/figure>\n\n\n\n<h5 class=\"wp-block-heading has-text-align-center is-style-chevron\" style=\"font-size:1rem\"><a href=\"https:\/\/docs.google.com\/forms\/d\/e\/1FAIpQLSd5eARr0cupvj1bc334OsNe-XwwqZ-7tWpRmRiZCHFaEVl1ug\/viewform\" data-type=\"link\" data-id=\"https:\/\/docs.google.com\/forms\/d\/e\/1FAIpQLSd5eARr0cupvj1bc334OsNe-XwwqZ-7tWpRmRiZCHFaEVl1ug\/viewform\">Al\u0103tur\u0103-te comunit\u0103\u021bii de voluntari \u0219i activi\u0219ti Greenpeace Rom\u00e2nia<\/a><\/h5>\n\n\n\n<div style=\"height:16px\" aria-hidden=\"true\" class=\"wp-block-spacer\"><\/div>\n<\/div>\n<\/div>\n\n\n\n<div class=\"wp-block-column is-layout-flow wp-block-column-is-layout-flow\">\n<div class=\"wp-block-group group-stretched-link is-layout-flow wp-block-group-is-layout-flow\">\n<figure class=\"wp-block-image size-large\"><img loading=\"lazy\" decoding=\"async\" width=\"1024\" height=\"683\" src=\"https:\/\/www.greenpeace.org\/static\/planet4-romania-stateless\/2026\/03\/56024da1-z823864-1024x683.jpg\" alt=\"\" class=\"wp-image-12207\" srcset=\"https:\/\/www.greenpeace.org\/static\/planet4-romania-stateless\/2026\/03\/56024da1-z823864-1024x683.jpg 1024w, https:\/\/www.greenpeace.org\/static\/planet4-romania-stateless\/2026\/03\/56024da1-z823864-300x200.jpg 300w, https:\/\/www.greenpeace.org\/static\/planet4-romania-stateless\/2026\/03\/56024da1-z823864-768x512.jpg 768w, https:\/\/www.greenpeace.org\/static\/planet4-romania-stateless\/2026\/03\/56024da1-z823864-1536x1024.jpg 1536w, https:\/\/www.greenpeace.org\/static\/planet4-romania-stateless\/2026\/03\/56024da1-z823864-2048x1366.jpg 2048w, https:\/\/www.greenpeace.org\/static\/planet4-romania-stateless\/2026\/03\/56024da1-z823864-510x340.jpg 510w\" sizes=\"auto, (max-width: 1024px) 100vw, 1024px\" \/><\/figure>\n\n\n\n<h5 class=\"wp-block-heading has-text-align-center is-style-chevron\" style=\"font-size:1rem\"><a href=\"https:\/\/act.greenpeace.ro\/doneaza\/\" data-type=\"link\" data-id=\"https:\/\/act.greenpeace.ro\/doneaza\/\">Doneaz\u0103 o sum\u0103, oric\u00e2t de mic\u0103, pentru a sprijini lupta de mediu \u00een Rom\u00e2nia<\/a><\/h5>\n\n\n\n<div style=\"height:16px\" aria-hidden=\"true\" class=\"wp-block-spacer\"><\/div>\n<\/div>\n<\/div>\n<\/div>\n<\/div>\n<\/div>\n\n<\/div>\n\n<div data-render=\"planet4-blocks\/columns\" data-attributes=\"{&quot;attributes&quot;:{&quot;columns_block_style&quot;:&quot;image&quot;,&quot;columns_title&quot;:&quot;Peti\\u021bii active&quot;,&quot;columns_description&quot;:&quot;Lumea se schimb\\u0103 atunci c\\u00e2nd oamenii ac\\u021bioneaz\\u0103. Semneaz\\u0103 peti\\u021biile Greenpeace Rom\\u00e2nia \\u0219i al\\u0103tur\\u0103-te celor care lupt\\u0103 pentru un viitor mai verde \\u0219i mai echitabil! Fie c\\u0103 e vorba despre protejarea oceanelor, salvarea p\\u0103durilor sau oprirea polu\\u0103rii, fiecare semn\\u0103tur\\u0103 conteaz\\u0103.&quot;,&quot;columns&quot;:[{&quot;attachment&quot;:&quot;https:\\\/\\\/www.greenpeace.org\\\/static\\\/planet4-romania-stateless\\\/2026\\\/03\\\/d2992ab3-dma03203edit-copy-768x512-1-510x340.jpg&quot;,&quot;title&quot;:&quot;Din Rom\\u00e2nia p\\u00e2n\\u0103 \\u00een Statele Unite, mi\\u0219carea de mediu este sub asediu!&quot;,&quot;cta_link&quot;:&quot;https:\\\/\\\/www.greenpeace.org\\\/romania\\\/petitions\\\/vrem-protectie-pentru-activismul-de-mediu\\\/&quot;,&quot;cta_text&quot;:&quot;Semneaz\\u0103 acum!&quot;,&quot;description&quot;:&quot;Vrem protec\\u021bie legal\\u0103 real\\u0103\\u00a0\\u00eempotriva intimid\\u0103rii, \\u00een special a h\\u0103r\\u021buirii juridice prin procese abuzive \\u0219i prin folosirea cheltuielilor de judecat\\u0103 ca instrumente de reducere la t\\u0103cere.&quot;,&quot;link_new_tab&quot;:true,&quot;attachment_srcset&quot;:&quot;https:\\\/\\\/www.greenpeace.org\\\/static\\\/planet4-romania-stateless\\\/2026\\\/03\\\/d2992ab3-dma03203edit-copy-768x512-1-510x340.jpg 510w, https:\\\/\\\/www.greenpeace.org\\\/static\\\/planet4-romania-stateless\\\/2026\\\/03\\\/d2992ab3-dma03203edit-copy-768x512-1-300x200.jpg 300w, https:\\\/\\\/www.greenpeace.org\\\/static\\\/planet4-romania-stateless\\\/2026\\\/03\\\/d2992ab3-dma03203edit-copy-768x512-1.jpg 768w&quot;},{&quot;attachment&quot;:&quot;https:\\\/\\\/www.greenpeace.org\\\/static\\\/planet4-romania-stateless\\\/2024\\\/07\\\/c4d44dc5-bannere-principale-orizontal_-gabriel-neacsu-1-of-4-510x340.webp&quot;,&quot;title&quot;:&quot;Marea Neagr\\u0103 are nevoie de tine!&quot;,&quot;cta_link&quot;:&quot;https:\\\/\\\/suport.greenpeace.ro\\\/salvammareaneagra&quot;,&quot;cta_text&quot;:&quot;Semneaz\\u0103 acum!&quot;,&quot;description&quot;:&quot;Marea Neagr\\u0103 este amenin\\u021bat\\u0103 de poluare, pescuit excesiv \\u0219i proiecte de exploatare care \\u00eei pun \\u00een pericol ecosistemul unic. Nu putem permite distrugerea acestei bog\\u0103\\u021bii naturale! Cerem m\\u0103suri urgente pentru protec\\u021bia apelor \\u0219i speciilor marine.&quot;,&quot;link_new_tab&quot;:true,&quot;attachment_srcset&quot;:&quot;https:\\\/\\\/www.greenpeace.org\\\/static\\\/planet4-romania-stateless\\\/2024\\\/07\\\/c4d44dc5-bannere-principale-orizontal_-gabriel-neacsu-1-of-4-510x340.webp 510w, https:\\\/\\\/www.greenpeace.org\\\/static\\\/planet4-romania-stateless\\\/2024\\\/07\\\/c4d44dc5-bannere-principale-orizontal_-gabriel-neacsu-1-of-4-300x200.webp 300w, https:\\\/\\\/www.greenpeace.org\\\/static\\\/planet4-romania-stateless\\\/2024\\\/07\\\/c4d44dc5-bannere-principale-orizontal_-gabriel-neacsu-1-of-4-1024x682.webp 1024w, https:\\\/\\\/www.greenpeace.org\\\/static\\\/planet4-romania-stateless\\\/2024\\\/07\\\/c4d44dc5-bannere-principale-orizontal_-gabriel-neacsu-1-of-4-768x512.webp 768w, https:\\\/\\\/www.greenpeace.org\\\/static\\\/planet4-romania-stateless\\\/2024\\\/07\\\/c4d44dc5-bannere-principale-orizontal_-gabriel-neacsu-1-of-4-1536x1024.webp 1536w, https:\\\/\\\/www.greenpeace.org\\\/static\\\/planet4-romania-stateless\\\/2024\\\/07\\\/c4d44dc5-bannere-principale-orizontal_-gabriel-neacsu-1-of-4.webp 2000w&quot;},{&quot;attachment&quot;:&quot;https:\\\/\\\/www.greenpeace.org\\\/static\\\/planet4-romania-stateless\\\/2025\\\/12\\\/9ee267e6-sdim3003-510x340.jpg&quot;,&quot;cta_text&quot;:&quot;Semneaz\\u0103 acum!&quot;,&quot;description&quot;:&quot;Mun\\u021bii Carpa\\u021bi sunt unul dintre ultimele refugii pentru p\\u0103durile virgine din Europa, dar sunt amenin\\u021ba\\u021bi de t\\u0103ieri ilegale \\u0219i proiecte care distrug natura. Cerem protejarea acestui patrimoniu natural unic \\u0219i aplicarea ferm\\u0103 a legilor de mediu&quot;,&quot;cta_link&quot;:&quot;https:\\\/\\\/suport.greenpeace.ro\\\/salvamcarpatii&quot;,&quot;link_new_tab&quot;:true,&quot;title&quot;:&quot;Salv\\u0103m Carpa\\u021bii!&quot;,&quot;attachment_srcset&quot;:&quot;https:\\\/\\\/www.greenpeace.org\\\/static\\\/planet4-romania-stateless\\\/2025\\\/12\\\/9ee267e6-sdim3003-510x340.jpg 510w, https:\\\/\\\/www.greenpeace.org\\\/static\\\/planet4-romania-stateless\\\/2025\\\/12\\\/9ee267e6-sdim3003-300x200.jpg 300w, https:\\\/\\\/www.greenpeace.org\\\/static\\\/planet4-romania-stateless\\\/2025\\\/12\\\/9ee267e6-sdim3003-1024x683.jpg 1024w, https:\\\/\\\/www.greenpeace.org\\\/static\\\/planet4-romania-stateless\\\/2025\\\/12\\\/9ee267e6-sdim3003-768x512.jpg 768w, https:\\\/\\\/www.greenpeace.org\\\/static\\\/planet4-romania-stateless\\\/2025\\\/12\\\/9ee267e6-sdim3003-1536x1024.jpg 1536w, https:\\\/\\\/www.greenpeace.org\\\/static\\\/planet4-romania-stateless\\\/2025\\\/12\\\/9ee267e6-sdim3003-2048x1366.jpg 2048w&quot;},{&quot;title&quot;:&quot;Vrem comunit\\u0103\\u021bi de energie \\u00een Rom\\u00e2nia!&quot;,&quot;description&quot;:&quot;Cerem Guvernului Rom\\u00e2niei s\\u0103 adopte ordonan\\u021ba de urgen\\u021b\\u0103 de modificare \\u0219i completare a OUG 163\\\/2022, astfel \\u00eenc\\u00e2t Rom\\u00e2nia s\\u0103 dispun\\u0103 de o legisla\\u021bie clar\\u0103, complet\\u0103 \\u0219i opera\\u021bional\\u0103 pentru comunit\\u0103\\u021bile de energie, \\u00een deplin acord cu prevederile europene.&lt;br&gt;&quot;,&quot;attachment&quot;:&quot;https:\\\/\\\/www.greenpeace.org\\\/static\\\/planet4-romania-stateless\\\/2025\\\/09\\\/09b9e95d-gp0strupw_low-res-with-credit-line-800px-453x340.jpg&quot;,&quot;cta_link&quot;:&quot;https:\\\/\\\/act.greenpeace.ro\\\/petitie-comunitati-de-energie-in-romania\\\/&quot;,&quot;cta_text&quot;:&quot;Semneaz\\u0103 acum!&quot;,&quot;link_new_tab&quot;:true,&quot;attachment_srcset&quot;:&quot;https:\\\/\\\/www.greenpeace.org\\\/static\\\/planet4-romania-stateless\\\/2025\\\/09\\\/09b9e95d-gp0strupw_low-res-with-credit-line-800px-453x340.jpg 453w, https:\\\/\\\/www.greenpeace.org\\\/static\\\/planet4-romania-stateless\\\/2025\\\/09\\\/09b9e95d-gp0strupw_low-res-with-credit-line-800px-300x225.jpg 300w, https:\\\/\\\/www.greenpeace.org\\\/static\\\/planet4-romania-stateless\\\/2025\\\/09\\\/09b9e95d-gp0strupw_low-res-with-credit-line-800px-768x576.jpg 768w, https:\\\/\\\/www.greenpeace.org\\\/static\\\/planet4-romania-stateless\\\/2025\\\/09\\\/09b9e95d-gp0strupw_low-res-with-credit-line-800px.jpg 800w&quot;}],&quot;className&quot;:&quot;is-style-image&quot;}}\"><\/div><div data-render=\"planet4-blocks\/happypoint\" data-attributes=\"{&quot;attributes&quot;:{&quot;focus_image&quot;:&quot;50% 50%&quot;,&quot;opacity&quot;:40,&quot;id&quot;:8146,&quot;use_embed_code&quot;:true,&quot;override_default_content&quot;:true,&quot;local_content_provider&quot;:&quot;none&quot;}}\"><\/div>\n<p><\/p>\n","protected":false},"excerpt":{"rendered":"","protected":false},"author":70,"featured_media":10396,"parent":0,"menu_order":0,"comment_status":"closed","ping_status":"closed","template":"","meta":{"ep_exclude_from_search":false,"p4_hide_page_title_checkbox":"","p4_title":"","p4_subtitle":"","p4_description":"","background_image_id":"","background_image":"","p4_button_title":"","p4_button_link":"","p4_button_link_checkbox":"","p4_og_title":"","p4_og_description":"","p4_og_image":"","p4_og_image_id":"","p4_seo_canonical_url":"","p4_campaign_name":"","p4_local_project":"","p4_basket_name":"","p4_department":"","footnotes":""},"categories":[],"tags":[],"class_list":["post-10489","page","type-page","status-publish","has-post-thumbnail","hentry"],"_links":{"self":[{"href":"https:\/\/www.greenpeace.org\/romania\/wp-json\/wp\/v2\/pages\/10489","targetHints":{"allow":["GET"]}}],"collection":[{"href":"https:\/\/www.greenpeace.org\/romania\/wp-json\/wp\/v2\/pages"}],"about":[{"href":"https:\/\/www.greenpeace.org\/romania\/wp-json\/wp\/v2\/types\/page"}],"author":[{"embeddable":true,"href":"https:\/\/www.greenpeace.org\/romania\/wp-json\/wp\/v2\/users\/70"}],"replies":[{"embeddable":true,"href":"https:\/\/www.greenpeace.org\/romania\/wp-json\/wp\/v2\/comments?post=10489"}],"version-history":[{"count":20,"href":"https:\/\/www.greenpeace.org\/romania\/wp-json\/wp\/v2\/pages\/10489\/revisions"}],"predecessor-version":[{"id":12520,"href":"https:\/\/www.greenpeace.org\/romania\/wp-json\/wp\/v2\/pages\/10489\/revisions\/12520"}],"wp:featuredmedia":[{"embeddable":true,"href":"https:\/\/www.greenpeace.org\/romania\/wp-json\/wp\/v2\/media\/10396"}],"wp:attachment":[{"href":"https:\/\/www.greenpeace.org\/romania\/wp-json\/wp\/v2\/media?parent=10489"}],"wp:term":[{"taxonomy":"category","embeddable":true,"href":"https:\/\/www.greenpeace.org\/romania\/wp-json\/wp\/v2\/categories?post=10489"},{"taxonomy":"post_tag","embeddable":true,"href":"https:\/\/www.greenpeace.org\/romania\/wp-json\/wp\/v2\/tags?post=10489"}],"curies":[{"name":"wp","href":"https:\/\/api.w.org\/{rel}","templated":true}]}}