{"id":1505,"date":"2019-08-09T17:41:27","date_gmt":"2019-08-09T14:41:27","guid":{"rendered":"https:\/\/www.greenpeace.org\/romania\/?page_id=1505"},"modified":"2025-09-24T15:17:13","modified_gmt":"2025-09-24T12:17:13","slug":"contact","status":"publish","type":"page","link":"https:\/\/www.greenpeace.org\/romania\/contact\/","title":{"rendered":"CONTACT"},"content":{"rendered":"\n<h2 class=\"wp-block-heading\"><strong>Greenpeace Rom\u00e2nia<\/strong><\/h2>\n\n<p><strong>Adres\u0103: Hristache Pitarul nr 40, Sector 1, Bucure\u0219ti<\/strong><\/p>\n\n<p><strong>Email: info.romania@greenpeace.org<\/strong><\/p>\n\n<iframe src=\"https:\/\/www.google.com\/maps\/embed?pb=!1m18!1m12!1m3!1d2847.81797501342!2d26.097379612021463!3d44.457403570954746!2m3!1f0!2f0!3f0!3m2!1i1024!2i768!4f13.1!3m3!1m2!1s0x40b1f8a8da06f025%3A0x8cacc9a253bf79a4!2sStrada%20Hristache%20Pitarul%2040%2C%20Bucure%C8%99ti%20011626!5e0!3m2!1sen!2sro!4v1758714329130!5m2!1sen!2sro\" width=\"600\" height=\"450\" style=\"border:0;\" allowfullscreen=\"\" loading=\"lazy\" referrerpolicy=\"no-referrer-when-downgrade\"><\/iframe>\n\n<p><\/p>\n\n<h2 class=\"wp-block-heading\"><strong>FII LA CURENT CU MUNCA NOASTR\u0102!<\/strong><\/h2>\n\n<p>Fii printre primele persoane care primesc ve\u0219ti despre campaniile \u0219i ac\u021biunile noastre. Ajut\u0103-ne \u0219i tu s\u0103 protej\u0103m mediul \u0219i oamenii! Al\u0103tur\u0103-te comunit\u0103\u021bii noastre! \u00cempreun\u0103 putem construi un viitor verde \u0219i pa\u0219nic.<\/p>\n\n<p>Po\u021bi s\u0103 fii la curent cu cele mai importante nout\u0103\u021bi, evenimente \u0219i pove\u0219ti din campaniile noastre \u00een newsletter-ul nostru. \u00censcrie-te \u0219i tu!<\/p>\n\n<div class=\"wp-block-buttons is-layout-flex wp-block-buttons-is-layout-flex\">\n<div class=\"wp-block-button\"><a class=\"wp-block-button__link wp-element-button\" href=\"https:\/\/share-eu1.hsforms.com\/1Qr_OKuBFQeyZYEFBoZGNsQf0ukj\">M\u0103 \u00eenscriu la newsletter!<\/a><\/div>\n<\/div>\n\n<p>\u00ce\u021bi place s\u0103 fii mereu la curent \u0219i s\u0103 nu pierzi nimic? Urm\u0103re\u0219te-ne \u0219i pe re\u021belele sociale. Suntem foarte prezen\u021bi acolo.<\/p>\n\n<div class=\"wp-block-columns is-layout-flex wp-container-core-columns-is-layout-9d6595d7 wp-block-columns-is-layout-flex\">\n<div class=\"wp-block-column is-layout-flow wp-block-column-is-layout-flow\" style=\"flex-basis:100%\">\n\n<div class=\"wp-block-group alignfull is-layout-flow wp-block-group-is-layout-flow\">\n<div class=\"wp-block-group container is-layout-flow wp-block-group-is-layout-flow\">\n<div class=\"wp-block-columns is-layout-flex wp-container-core-columns-is-layout-9d6595d7 wp-block-columns-is-layout-flex\">\n<div class=\"wp-block-column is-layout-flow wp-block-column-is-layout-flow\">\n<figure class=\"wp-block-image size-full is-resized  caption-alignment-center\" id=\"https:\/\/www.facebook.com\/greenpeace.ro\/\"><a href=\"https:\/\/www.facebook.com\/greenpeace.ro\/\" target=\"_blank\" rel=\" noreferrer noopener\"><img loading=\"lazy\" decoding=\"async\" width=\"960\" height=\"960\" src=\"https:\/\/www.greenpeace.org\/static\/planet4-romania-stateless\/2025\/09\/d65dced4-facebook_logo_square.png\" alt=\"\" class=\"wp-image-11718\" style=\"width:87px;height:auto\" srcset=\"https:\/\/www.greenpeace.org\/static\/planet4-romania-stateless\/2025\/09\/d65dced4-facebook_logo_square.png 960w, https:\/\/www.greenpeace.org\/static\/planet4-romania-stateless\/2025\/09\/d65dced4-facebook_logo_square-300x300.png 300w, https:\/\/www.greenpeace.org\/static\/planet4-romania-stateless\/2025\/09\/d65dced4-facebook_logo_square-150x150.png 150w, https:\/\/www.greenpeace.org\/static\/planet4-romania-stateless\/2025\/09\/d65dced4-facebook_logo_square-768x768.png 768w, https:\/\/www.greenpeace.org\/static\/planet4-romania-stateless\/2025\/09\/d65dced4-facebook_logo_square-340x340.png 340w\" sizes=\"auto, (max-width: 960px) 100vw, 960px\" \/><\/a><\/figure>\n<\/div>\n\n\n\n<div class=\"wp-block-column is-layout-flow wp-block-column-is-layout-flow\">\n<figure class=\"wp-block-image size-full is-resized  caption-alignment-center\" id=\"https:\/\/www.instagram.com\/greenpeace_romania\"><a href=\"https:\/\/www.instagram.com\/greenpeace_romania\" target=\"_blank\" rel=\" noreferrer noopener\"><img loading=\"lazy\" decoding=\"async\" width=\"225\" height=\"225\" src=\"https:\/\/www.greenpeace.org\/static\/planet4-romania-stateless\/2025\/09\/c1f5260e-images-1.jpeg\" alt=\"\" class=\"wp-image-11719\" style=\"width:94px;height:auto\" srcset=\"https:\/\/www.greenpeace.org\/static\/planet4-romania-stateless\/2025\/09\/c1f5260e-images-1.jpeg 225w, https:\/\/www.greenpeace.org\/static\/planet4-romania-stateless\/2025\/09\/c1f5260e-images-1-150x150.jpeg 150w\" sizes=\"auto, (max-width: 225px) 100vw, 225px\" \/><\/a><\/figure>\n<\/div>\n\n\n\n<div class=\"wp-block-column is-layout-flow wp-block-column-is-layout-flow\">\n<figure class=\"wp-block-image size-full is-resized\" id=\"https:\/\/www.linkedin.com\/showcase\/greenpeace-in-romania\/\"><a href=\"https:\/\/www.linkedin.com\/showcase\/greenpeace-in-romania\/\" target=\"_blank\" rel=\" noreferrer noopener\"><img loading=\"lazy\" decoding=\"async\" width=\"1024\" height=\"1024\" src=\"https:\/\/www.greenpeace.org\/static\/planet4-romania-stateless\/2025\/09\/087562b0-linkedin_logo_initials.png\" alt=\"\" class=\"wp-image-11720\" style=\"width:95px;height:auto\" srcset=\"https:\/\/www.greenpeace.org\/static\/planet4-romania-stateless\/2025\/09\/087562b0-linkedin_logo_initials.png 1024w, https:\/\/www.greenpeace.org\/static\/planet4-romania-stateless\/2025\/09\/087562b0-linkedin_logo_initials-300x300.png 300w, https:\/\/www.greenpeace.org\/static\/planet4-romania-stateless\/2025\/09\/087562b0-linkedin_logo_initials-150x150.png 150w, https:\/\/www.greenpeace.org\/static\/planet4-romania-stateless\/2025\/09\/087562b0-linkedin_logo_initials-768x768.png 768w, https:\/\/www.greenpeace.org\/static\/planet4-romania-stateless\/2025\/09\/087562b0-linkedin_logo_initials-340x340.png 340w\" sizes=\"auto, (max-width: 1024px) 100vw, 1024px\" \/><\/a><\/figure>\n<\/div>\n<\/div>\n<\/div>\n<\/div>\n\n<\/div>\n<\/div>\n<h3 class=\"wp-block-heading\">AVEM LIST\u0102 DE PRES\u0102!<\/h3>\n<p>Vrei s\u0103 prime\u0219ti \u00een exclusivitate PR-uri \u0219i s\u0103 prime\u0219ti notificare pe mail atunci c\u00e2nd organiz\u0103m evenimente pentru pres\u0103? Lucrezi \u00een presa scris\u0103, audio-vizual\u0103 sau \u00een radio? Ai propriul t\u0103u blog, pe care-l folose\u0219ti pentru a \u021bine lumea la curent cu cele mai noi \u0219tiri? \u00censcrie-te \u0219i tu \u00een lista noastr\u0103 de pres\u0103, ca s\u0103 nu pierzi nimic!<\/p>\n\n<div class=\"wp-block-buttons is-layout-flex wp-block-buttons-is-layout-flex\">\n<div class=\"wp-block-button\"><a class=\"wp-block-button__link wp-element-button\" href=\"https:\/\/suport.greenpeace.ro\/media-signup\">M\u0103 \u00eenscriu \u00een lista de pres\u0103!<\/a><\/div>\n<\/div>\n\n<p><\/p>\n","protected":false},"excerpt":{"rendered":"<p>Greenpeace Rom\u00e2nia Adres\u0103: Hristache Pitarul nr 40, Sector 1, Bucure\u0219ti Email: info.romania@greenpeace.org FII LA CURENT CU MUNCA NOASTR\u0102! Fii printre primele persoane care primesc ve\u0219ti despre campaniile \u0219i ac\u021biunile noastre. Ajut\u0103-ne \u0219i tu s\u0103 protej\u0103m mediul \u0219i oamenii! Al\u0103tur\u0103-te comunit\u0103\u021bii noastre! \u00cempreun\u0103 putem construi un viitor verde \u0219i pa\u0219nic. Po\u021bi s\u0103 fii la curent cu [&hellip;]<\/p>\n","protected":false},"author":34,"featured_media":1499,"parent":0,"menu_order":0,"comment_status":"closed","ping_status":"closed","template":"","meta":{"ep_exclude_from_search":false,"p4_hide_page_title_checkbox":"on","p4_title":"","p4_subtitle":"","p4_description":"","background_image_id":"","background_image":"","p4_button_title":"","p4_button_link":"","p4_button_link_checkbox":"","p4_og_title":"Contact Greenpeace Rom\u00e2nia","p4_og_description":"Greenpeace International a fost fondat \u00een 1971, iar \u00een Rom\u00e2nia este prezent din 2007. Ia leg\u0103tura cu noi!","p4_og_image":"","p4_og_image_id":"","p4_seo_canonical_url":"","p4_campaign_name":"not set","p4_local_project":"","p4_basket_name":"not set","p4_department":"","footnotes":""},"categories":[],"tags":[],"class_list":["post-1505","page","type-page","status-publish","has-post-thumbnail","hentry"],"_links":{"self":[{"href":"https:\/\/www.greenpeace.org\/romania\/wp-json\/wp\/v2\/pages\/1505","targetHints":{"allow":["GET"]}}],"collection":[{"href":"https:\/\/www.greenpeace.org\/romania\/wp-json\/wp\/v2\/pages"}],"about":[{"href":"https:\/\/www.greenpeace.org\/romania\/wp-json\/wp\/v2\/types\/page"}],"author":[{"embeddable":true,"href":"https:\/\/www.greenpeace.org\/romania\/wp-json\/wp\/v2\/users\/34"}],"replies":[{"embeddable":true,"href":"https:\/\/www.greenpeace.org\/romania\/wp-json\/wp\/v2\/comments?post=1505"}],"version-history":[{"count":17,"href":"https:\/\/www.greenpeace.org\/romania\/wp-json\/wp\/v2\/pages\/1505\/revisions"}],"predecessor-version":[{"id":11729,"href":"https:\/\/www.greenpeace.org\/romania\/wp-json\/wp\/v2\/pages\/1505\/revisions\/11729"}],"wp:featuredmedia":[{"embeddable":true,"href":"https:\/\/www.greenpeace.org\/romania\/wp-json\/wp\/v2\/media\/1499"}],"wp:attachment":[{"href":"https:\/\/www.greenpeace.org\/romania\/wp-json\/wp\/v2\/media?parent=1505"}],"wp:term":[{"taxonomy":"category","embeddable":true,"href":"https:\/\/www.greenpeace.org\/romania\/wp-json\/wp\/v2\/categories?post=1505"},{"taxonomy":"post_tag","embeddable":true,"href":"https:\/\/www.greenpeace.org\/romania\/wp-json\/wp\/v2\/tags?post=1505"}],"curies":[{"name":"wp","href":"https:\/\/api.w.org\/{rel}","templated":true}]}}