{"id":413,"date":"2019-02-15T12:38:26","date_gmt":"2019-02-15T12:38:26","guid":{"rendered":"https:\/\/k8s.p4.greenpeace.org\/defaultcontent\/?page_id=413"},"modified":"2025-09-23T13:00:55","modified_gmt":"2025-09-23T10:00:55","slug":"carbune","status":"publish","type":"page","link":"https:\/\/www.greenpeace.org\/romania\/campanii\/clima-si-energie\/carbune\/","title":{"rendered":"#C\u0103rbune"},"content":{"rendered":"\n                    <div class=\"wp-block-group is-vertical is-layout-flex wp-container-core-group-is-layout-8cf370e7 wp-block-group-is-layout-flex\">\n                    \n                                <p><span data-sheets-value=\"{&quot;1&quot;:2,&quot;2&quot;:&quot;C\u0103rbunele este \u00een declin, dar nu suficient de repede. Acesta continu\u0103 s\u0103 alimenteze schimb\u0103rile climatice, s\u0103 intensifice fenomenele meteo extreme, s\u0103 ne otr\u0103veasc\u0103 aerul \u0219i s\u0103 consume ap\u0103 dulce at\u00e2t de pre\u021bioas\u0103.nPutem fi genera\u021bia care sf\u00e2r\u0219e\u0219te era c\u0103rbunelui. Putem avea 100% energie din surse regenerabile.n&quot;}\" data-sheets-userformat=\"{&quot;2&quot;:4993,&quot;3&quot;:{&quot;1&quot;:0},&quot;10&quot;:1,&quot;11&quot;:4,&quot;12&quot;:0,&quot;15&quot;:&quot;arial,sans,sans-serif&quot;}\">C\u0103rbunele este \u00een declin, dar nu suficient de repede. Acesta continu\u0103 s\u0103 alimenteze schimb\u0103rile climatice, s\u0103 intensifice fenomenele meteo extreme, s\u0103 ne otr\u0103veasc\u0103 aerul \u0219i s\u0103 consume ap\u0103 dulce at\u00e2t de pre\u021bioas\u0103.\r\n<\/span>\r\n\r\n<span data-sheets-value=\"{&quot;1&quot;:2,&quot;2&quot;:&quot;C\u0103rbunele este \u00een declin, dar nu suficient de repede. Acesta continu\u0103 s\u0103 alimenteze schimb\u0103rile climatice, s\u0103 intensifice fenomenele meteo extreme, s\u0103 ne otr\u0103veasc\u0103 aerul \u0219i s\u0103 consume ap\u0103 dulce at\u00e2t de pre\u021bioas\u0103.nPutem fi genera\u021bia care sf\u00e2r\u0219e\u0219te era c\u0103rbunelui. Putem avea 100% energie din surse regenerabile.n&quot;}\" data-sheets-userformat=\"{&quot;2&quot;:4993,&quot;3&quot;:{&quot;1&quot;:0},&quot;10&quot;:1,&quot;11&quot;:4,&quot;12&quot;:0,&quot;15&quot;:&quot;arial,sans,sans-serif&quot;}\">Putem fi genera\u021bia care sf\u00e2r\u0219e\u0219te era c\u0103rbunelui. Putem avea 100% energie din surse regenerabile.\r\n<\/span><\/p>\n                            \n\n                    \n                    <\/div>\n                    \n        <div class=\"wp-block-query actions-list p4-query-loop is-custom-layout-actions-list is-custom-layout-grid is-layout-grid wp-container-core-query-is-layout-29f43435 wp-block-query-is-layout-grid\"><h2 class=\"wp-block-heading\"><\/h2>\n        <p style=\"margin-top: 24px; margin-bottom: 32px;\"><\/p>\n        <div class=\"wp-block-query-no-results\">\n        <p >No posts found.<\/p>\n        <\/div>\n        \n        \n<div class=\"wp-block-buttons carousel-controls is-horizontal is-content-justification-space-between is-nowrap is-layout-flex wp-container-core-buttons-is-layout-044bd602 wp-block-buttons-is-layout-flex\">\n            <div class=\"wp-block-button carousel-control-prev\"><button type=\"button\" class=\"wp-block-button__link wp-element-button\">Prev<\/button><\/div>\n        \n\n            <div class=\"wp-block-button carousel-control-next\"><button type=\"button\" class=\"wp-block-button__link wp-element-button\">Next<\/button><\/div>\n        <\/div>\n\n        \n<div class=\"wp-block-buttons load-more-actions-container is-content-justification-center is-layout-flex wp-container-core-buttons-is-layout-16018d1d wp-block-buttons-is-layout-flex\">\n                <div class=\"wp-block-button is-style-secondary\"><button type=\"button\" class=\"wp-block-button__link wp-element-button\">Vezi mai multe<\/button><\/div>\n            \n<\/div>\n<\/div>\n        \n    <div class=\"wp-block-query posts-list p4-query-loop is-custom-layout-list is-layout-flow wp-block-query-is-layout-flow\">\n        <div class=\"wp-block-group is-content-justification-space-between is-layout-flex wp-container-core-group-is-layout-3d213aab wp-block-group-is-layout-flex\"><h2 class=\"wp-block-heading\">Articole similare<\/h2>\n        <li class=\" wp-block-navigation-item see-all-link wp-block-navigation-link\"><a class=\"wp-block-navigation-item__content\"  href=\"http:\/\/www.greenpeace.org\/romania\/news-stories\/?tag=carbune\"><span class=\"wp-block-navigation-item__label\">See all stories<\/span><\/a><\/li>\n        \n        <\/div>\n        \n\n    <p style=\"margin-top: 24px; margin-bottom: 36px;\"><\/p>\n\n    \n\n    <ul class=\"wp-block-post-template is-layout-flow wp-block-post-template-is-layout-flow\"><li class=\"wp-block-post post-9523 post type-post status-publish format-standard has-post-thumbnail hentry category-clima-si-energie category-greenpeace tag-carbune tag-clima-1 tag-criza-climatica tag-energie tag-gaz-fosil-2 tag-greenwashing tag-marea-neagra-gaz-fosil tag-oceane tag-poluare tag-schimbari-climatice\">\n            \n<div class=\"wp-block-columns is-layout-flex wp-container-core-columns-is-layout-9d6595d7 wp-block-columns-is-layout-flex\"><figure class=\"wp-block-post-featured-image\"><a href=\"https:\/\/www.greenpeace.org\/romania\/articol\/9523\/amprenta-de-carbon-a-proiectului-neptun-deep-intre-vis-si-realitate\/\" target=\"_self\"  ><img loading=\"lazy\" decoding=\"async\" width=\"2560\" height=\"1951\" src=\"https:\/\/www.greenpeace.org\/static\/planet4-romania-stateless\/2024\/03\/a2bdf296-ilustratia-scaled.jpg\" class=\"attachment-post-thumbnail size-post-thumbnail wp-post-image wp-stateless-item\" alt=\"Amprenta de carbon a proiectului Neptun Deep. \u00centre vis \u0219i realitate.\u00a0\" style=\"object-fit:cover;\" srcset=\"https:\/\/www.greenpeace.org\/static\/planet4-romania-stateless\/2024\/03\/a2bdf296-ilustratia-scaled.jpg 2560w, https:\/\/www.greenpeace.org\/static\/planet4-romania-stateless\/2024\/03\/a2bdf296-ilustratia-300x229.jpg 300w, https:\/\/www.greenpeace.org\/static\/planet4-romania-stateless\/2024\/03\/a2bdf296-ilustratia-1024x780.jpg 1024w, https:\/\/www.greenpeace.org\/static\/planet4-romania-stateless\/2024\/03\/a2bdf296-ilustratia-768x585.jpg 768w, https:\/\/www.greenpeace.org\/static\/planet4-romania-stateless\/2024\/03\/a2bdf296-ilustratia-1536x1170.jpg 1536w, https:\/\/www.greenpeace.org\/static\/planet4-romania-stateless\/2024\/03\/a2bdf296-ilustratia-2048x1561.jpg 2048w, https:\/\/www.greenpeace.org\/static\/planet4-romania-stateless\/2024\/03\/a2bdf296-ilustratia-1793x1366.jpg 1793w, https:\/\/www.greenpeace.org\/static\/planet4-romania-stateless\/2024\/03\/a2bdf296-ilustratia-446x340.jpg 446w\" sizes=\"auto, (max-width: 2560px) 100vw, 2560px\" data-image-size=\"post-thumbnail\" data-stateless-media-bucket=\"planet4-romania-stateless\" data-stateless-media-name=\"2024\/03\/a2bdf296-ilustratia-scaled.jpg\" \/><\/a><\/figure>\n\n        <div class=\"wp-block-group is-layout-flow wp-block-group-is-layout-flow\">\n                <div class=\"wp-block-group is-layout-flex wp-block-group-is-layout-flex\"><div class=\"wp-block-post-terms\"><a href=\"https:\/\/www.greenpeace.org\/romania\/category\/clima-si-energie\/\">Clim\u0103 \u0219i energie<\/a><\/div>\n                <div class=\"taxonomy-post_tag wp-block-post-terms\"><a href=\"https:\/\/www.greenpeace.org\/romania\/tag\/carbune\/\" rel=\"tag\">C\u0103rbune<\/a><span class=\"wp-block-post-terms__separator\"> <\/span><a href=\"https:\/\/www.greenpeace.org\/romania\/tag\/clima-1\/\" rel=\"tag\">Clim\u0103<\/a><span class=\"wp-block-post-terms__separator\"> <\/span><a href=\"https:\/\/www.greenpeace.org\/romania\/tag\/criza-climatica\/\" rel=\"tag\">CrizaClimatic\u0103<\/a><span class=\"wp-block-post-terms__separator\"> <\/span><a href=\"https:\/\/www.greenpeace.org\/romania\/tag\/energie\/\" rel=\"tag\">Energie<\/a><span class=\"wp-block-post-terms__separator\"> <\/span><a href=\"https:\/\/www.greenpeace.org\/romania\/tag\/gaz-fosil-2\/\" rel=\"tag\">Gaz Fosil<\/a><span class=\"wp-block-post-terms__separator\"> <\/span><a href=\"https:\/\/www.greenpeace.org\/romania\/tag\/greenwashing\/\" rel=\"tag\">greenwashing<\/a><span class=\"wp-block-post-terms__separator\"> <\/span><a href=\"https:\/\/www.greenpeace.org\/romania\/tag\/marea-neagra-gaz-fosil\/\" rel=\"tag\">Marea Neagra<\/a><span class=\"wp-block-post-terms__separator\"> <\/span><a href=\"https:\/\/www.greenpeace.org\/romania\/tag\/oceane\/\" rel=\"tag\">Oceane<\/a><span class=\"wp-block-post-terms__separator\"> <\/span><a href=\"https:\/\/www.greenpeace.org\/romania\/tag\/poluare\/\" rel=\"tag\">Poluare<\/a><span class=\"wp-block-post-terms__separator\"> <\/span><a href=\"https:\/\/www.greenpeace.org\/romania\/tag\/schimbari-climatice\/\" rel=\"tag\">SchimbariClimatice<\/a><\/div>\n                \n                <\/div>\n                \n        <h3 class=\"wp-block-post-title\"><a href=\"https:\/\/www.greenpeace.org\/romania\/articol\/9523\/amprenta-de-carbon-a-proiectului-neptun-deep-intre-vis-si-realitate\/\" target=\"_self\" >Amprenta de carbon a proiectului Neptun Deep. \u00centre vis \u0219i realitate.\u00a0<\/a><\/h3>\n        <div class=\"wp-block-post-excerpt\"><p class=\"wp-block-post-excerpt__excerpt\">Acest material \u00ee\u0219i propune s\u0103 fac\u0103 o analiz\u0103 &#8211; din unghiul climatic &#8211; a deciziei de a porni proiectul Neptun Deep. <\/p><\/div>\n        \n        <div class=\"wp-block-group posts-list-meta is-layout-flow wp-block-group-is-layout-flow\"><span class='article-list-item-author'><a href='https:\/\/www.greenpeace.org\/romania\/author\/gp_romania\/'>Greenpeace Rom\u00e2nia<\/a><\/span>\n        <div class=\"wp-block-post-date\"><time datetime=\"2024-03-06T10:01:27+02:00\">06\/03\/2024<\/time><\/div>\n        \n        <\/div>\n        <\/div>\n        <\/div>\n\n            <\/li><li class=\"wp-block-post post-9465 post type-post status-publish format-standard has-post-thumbnail hentry category-clima-si-energie category-comunitate category-greenpeace category-paduri tag-activism tag-biodiversitate tag-carbune tag-clima-1 tag-criza-climatica tag-democratie-1 tag-energie tag-gaz-fosil-2 tag-paduri\">\n            \n<div class=\"wp-block-columns is-layout-flex wp-container-core-columns-is-layout-9d6595d7 wp-block-columns-is-layout-flex\"><figure class=\"wp-block-post-featured-image\"><a href=\"https:\/\/www.greenpeace.org\/romania\/articol\/9465\/merita-sa-mergem-mai-departe\/\" target=\"_self\"  ><img loading=\"lazy\" decoding=\"async\" width=\"1200\" height=\"761\" src=\"https:\/\/www.greenpeace.org\/static\/planet4-romania-stateless\/2024\/02\/7d872ed6-indi-1.jpg\" class=\"attachment-post-thumbnail size-post-thumbnail wp-post-image wp-stateless-item\" alt=\"Merit\u0103 s\u0103 mergem mai departe\" style=\"object-fit:cover;\" srcset=\"https:\/\/www.greenpeace.org\/static\/planet4-romania-stateless\/2024\/02\/7d872ed6-indi-1.jpg 1200w, https:\/\/www.greenpeace.org\/static\/planet4-romania-stateless\/2024\/02\/7d872ed6-indi-1-300x190.jpg 300w, https:\/\/www.greenpeace.org\/static\/planet4-romania-stateless\/2024\/02\/7d872ed6-indi-1-1024x649.jpg 1024w, https:\/\/www.greenpeace.org\/static\/planet4-romania-stateless\/2024\/02\/7d872ed6-indi-1-768x487.jpg 768w, https:\/\/www.greenpeace.org\/static\/planet4-romania-stateless\/2024\/02\/7d872ed6-indi-1-510x323.jpg 510w\" sizes=\"auto, (max-width: 1200px) 100vw, 1200px\" data-image-size=\"post-thumbnail\" data-stateless-media-bucket=\"planet4-romania-stateless\" data-stateless-media-name=\"2024\/02\/7d872ed6-indi-1.jpg\" \/><\/a><\/figure>\n\n        <div class=\"wp-block-group is-layout-flow wp-block-group-is-layout-flow\">\n                <div class=\"wp-block-group is-layout-flex wp-block-group-is-layout-flex\"><div class=\"wp-block-post-terms\"><a href=\"https:\/\/www.greenpeace.org\/romania\/category\/clima-si-energie\/\">Clim\u0103 \u0219i energie<\/a><\/div>\n                <div class=\"taxonomy-post_tag wp-block-post-terms\"><a href=\"https:\/\/www.greenpeace.org\/romania\/tag\/activism\/\" rel=\"tag\">Activism<\/a><span class=\"wp-block-post-terms__separator\"> <\/span><a href=\"https:\/\/www.greenpeace.org\/romania\/tag\/biodiversitate\/\" rel=\"tag\">Biodiversitate<\/a><span class=\"wp-block-post-terms__separator\"> <\/span><a href=\"https:\/\/www.greenpeace.org\/romania\/tag\/carbune\/\" rel=\"tag\">C\u0103rbune<\/a><span class=\"wp-block-post-terms__separator\"> <\/span><a href=\"https:\/\/www.greenpeace.org\/romania\/tag\/clima-1\/\" rel=\"tag\">Clim\u0103<\/a><span class=\"wp-block-post-terms__separator\"> <\/span><a href=\"https:\/\/www.greenpeace.org\/romania\/tag\/criza-climatica\/\" rel=\"tag\">CrizaClimatic\u0103<\/a><span class=\"wp-block-post-terms__separator\"> <\/span><a href=\"https:\/\/www.greenpeace.org\/romania\/tag\/democratie-1\/\" rel=\"tag\">Democra\u0163ie<\/a><span class=\"wp-block-post-terms__separator\"> <\/span><a href=\"https:\/\/www.greenpeace.org\/romania\/tag\/energie\/\" rel=\"tag\">Energie<\/a><span class=\"wp-block-post-terms__separator\"> <\/span><a href=\"https:\/\/www.greenpeace.org\/romania\/tag\/gaz-fosil-2\/\" rel=\"tag\">Gaz Fosil<\/a><span class=\"wp-block-post-terms__separator\"> <\/span><a href=\"https:\/\/www.greenpeace.org\/romania\/tag\/paduri\/\" rel=\"tag\">P\u0103duri<\/a><\/div>\n                \n                <\/div>\n                \n        <h3 class=\"wp-block-post-title\"><a href=\"https:\/\/www.greenpeace.org\/romania\/articol\/9465\/merita-sa-mergem-mai-departe\/\" target=\"_self\" >Merit\u0103 s\u0103 mergem mai departe<\/a><\/h3>\n        <div class=\"wp-block-post-excerpt\"><p class=\"wp-block-post-excerpt__excerpt\">\u00cenainte s\u0103 d\u0103m startul planific\u0103rilor noilor activit\u0103\u021bi ne-am luat un r\u0103gaz s\u0103 ne uit\u0103m \u00een urm\u0103 la tot ce am realizat anul trecut. <\/p><\/div>\n        \n        <div class=\"wp-block-group posts-list-meta is-layout-flow wp-block-group-is-layout-flow\"><span class='article-list-item-author'><a href='https:\/\/www.greenpeace.org\/romania\/author\/gp_romania\/'>Greenpeace Rom\u00e2nia<\/a><\/span>\n        <div class=\"wp-block-post-date\"><time datetime=\"2024-02-08T17:33:00+02:00\">08\/02\/2024<\/time><\/div>\n        \n        <\/div>\n        <\/div>\n        <\/div>\n\n            <\/li><li class=\"wp-block-post post-9290 post type-post status-publish format-standard has-post-thumbnail hentry category-clima-si-energie category-greenpeace tag-carbune tag-clima-1 tag-climatejustice-1 tag-criza-climatica tag-energie tag-participare-civica-2 tag-schimbari-climatice tag-combustibili-fosili\">\n            \n<div class=\"wp-block-columns is-layout-flex wp-container-core-columns-is-layout-9d6595d7 wp-block-columns-is-layout-flex\"><figure class=\"wp-block-post-featured-image\"><a href=\"https:\/\/www.greenpeace.org\/romania\/articol\/9290\/victorie-pentru-protectia-mediului-amenzi-mai-mari-pentru-poluatorii-industriali\/\" target=\"_self\"  ><img loading=\"lazy\" decoding=\"async\" width=\"2560\" height=\"1695\" src=\"https:\/\/www.greenpeace.org\/static\/planet4-romania-stateless\/2023\/11\/3772cac7-valeriy-kryukov-zc9__scp1sc-unsplash-scaled.jpg\" class=\"attachment-post-thumbnail size-post-thumbnail wp-post-image wp-stateless-item\" alt=\"Victorie pentru Protec\u021bia Mediului: Amenzi mai mari pentru poluatorii industriali\" style=\"object-fit:cover;\" srcset=\"https:\/\/www.greenpeace.org\/static\/planet4-romania-stateless\/2023\/11\/3772cac7-valeriy-kryukov-zc9__scp1sc-unsplash-scaled.jpg 2560w, https:\/\/www.greenpeace.org\/static\/planet4-romania-stateless\/2023\/11\/3772cac7-valeriy-kryukov-zc9__scp1sc-unsplash-300x199.jpg 300w, https:\/\/www.greenpeace.org\/static\/planet4-romania-stateless\/2023\/11\/3772cac7-valeriy-kryukov-zc9__scp1sc-unsplash-1024x678.jpg 1024w, https:\/\/www.greenpeace.org\/static\/planet4-romania-stateless\/2023\/11\/3772cac7-valeriy-kryukov-zc9__scp1sc-unsplash-768x509.jpg 768w, https:\/\/www.greenpeace.org\/static\/planet4-romania-stateless\/2023\/11\/3772cac7-valeriy-kryukov-zc9__scp1sc-unsplash-1536x1017.jpg 1536w, https:\/\/www.greenpeace.org\/static\/planet4-romania-stateless\/2023\/11\/3772cac7-valeriy-kryukov-zc9__scp1sc-unsplash-2048x1356.jpg 2048w, https:\/\/www.greenpeace.org\/static\/planet4-romania-stateless\/2023\/11\/3772cac7-valeriy-kryukov-zc9__scp1sc-unsplash-510x338.jpg 510w\" sizes=\"auto, (max-width: 2560px) 100vw, 2560px\" data-image-size=\"post-thumbnail\" data-stateless-media-bucket=\"planet4-romania-stateless\" data-stateless-media-name=\"2023\/11\/3772cac7-valeriy-kryukov-zc9__scp1sc-unsplash-scaled.jpg\" \/><\/a><\/figure>\n\n        <div class=\"wp-block-group is-layout-flow wp-block-group-is-layout-flow\">\n                <div class=\"wp-block-group is-layout-flex wp-block-group-is-layout-flex\"><div class=\"wp-block-post-terms\"><a href=\"https:\/\/www.greenpeace.org\/romania\/category\/clima-si-energie\/\">Clim\u0103 \u0219i energie<\/a><\/div>\n                <div class=\"taxonomy-post_tag wp-block-post-terms\"><a href=\"https:\/\/www.greenpeace.org\/romania\/tag\/carbune\/\" rel=\"tag\">C\u0103rbune<\/a><span class=\"wp-block-post-terms__separator\"> <\/span><a href=\"https:\/\/www.greenpeace.org\/romania\/tag\/clima-1\/\" rel=\"tag\">Clim\u0103<\/a><span class=\"wp-block-post-terms__separator\"> <\/span><a href=\"https:\/\/www.greenpeace.org\/romania\/tag\/climatejustice-1\/\" rel=\"tag\">ClimateJustice<\/a><span class=\"wp-block-post-terms__separator\"> <\/span><a href=\"https:\/\/www.greenpeace.org\/romania\/tag\/criza-climatica\/\" rel=\"tag\">CrizaClimatic\u0103<\/a><span class=\"wp-block-post-terms__separator\"> <\/span><a href=\"https:\/\/www.greenpeace.org\/romania\/tag\/energie\/\" rel=\"tag\">Energie<\/a><span class=\"wp-block-post-terms__separator\"> <\/span><a href=\"https:\/\/www.greenpeace.org\/romania\/tag\/participare-civica-2\/\" rel=\"tag\">Participare Civic\u0103<\/a><span class=\"wp-block-post-terms__separator\"> <\/span><a href=\"https:\/\/www.greenpeace.org\/romania\/tag\/schimbari-climatice\/\" rel=\"tag\">SchimbariClimatice<\/a><span class=\"wp-block-post-terms__separator\"> <\/span><a href=\"https:\/\/www.greenpeace.org\/romania\/tag\/combustibili-fosili\/\" rel=\"tag\">Combustibili fosili<\/a><\/div>\n                \n                <\/div>\n                \n        <h3 class=\"wp-block-post-title\"><a href=\"https:\/\/www.greenpeace.org\/romania\/articol\/9290\/victorie-pentru-protectia-mediului-amenzi-mai-mari-pentru-poluatorii-industriali\/\" target=\"_self\" >Victorie pentru Protec\u021bia Mediului: Amenzi mai mari pentru poluatorii industriali<\/a><\/h3>\n        <div class=\"wp-block-post-excerpt\"><p class=\"wp-block-post-excerpt__excerpt\">Ac\u021biunea \u00een justi\u021bie pune cap\u0103t imunit\u0103\u021bii pentru centralele ilegale de c\u0103rbune din Rom\u00e2nia \u0219i determin\u0103 o reform\u0103. <\/p><\/div>\n        \n        <div class=\"wp-block-group posts-list-meta is-layout-flow wp-block-group-is-layout-flow\"><span class='article-list-item-author'><a href='https:\/\/www.greenpeace.org\/romania\/author\/gp_romania\/'>Greenpeace Rom\u00e2nia<\/a><\/span>\n        <div class=\"wp-block-post-date\"><time datetime=\"2023-11-22T11:39:57+02:00\">22\/11\/2023<\/time><\/div>\n        \n        <\/div>\n        <\/div>\n        <\/div>\n\n            <\/li><\/ul>\n\n    \n<div class=\"wp-block-buttons carousel-controls is-horizontal is-content-justification-space-between is-nowrap is-layout-flex wp-container-core-buttons-is-layout-044bd602 wp-block-buttons-is-layout-flex\">\n            <div class=\"wp-block-button carousel-control-prev\"><button type=\"button\" class=\"wp-block-button__link wp-element-button\">Prev<\/button><\/div>\n        \n\n            <div class=\"wp-block-button carousel-control-next\"><button type=\"button\" class=\"wp-block-button__link wp-element-button\">Next<\/button><\/div>\n        <\/div>\n\n\n    <li class=\" wp-block-navigation-item see-all-link wp-block-navigation-link\"><a class=\"wp-block-navigation-item__content\"  href=\"http:\/\/www.greenpeace.org\/romania\/news-stories\/?tag=carbune\"><span class=\"wp-block-navigation-item__label\">See all stories<\/span><\/a><\/li><\/div>\n    <div data-render=\"planet4-blocks\/happypoint\" data-attributes=\"{&quot;attributes&quot;:{&quot;focus_image&quot;:&quot;50% 50%&quot;,&quot;mailing_list_iframe&quot;:true,&quot;id&quot;:1324,&quot;opacity&quot;:30,&quot;iframe_url&quot;:&quot;&quot;,&quot;embed_code&quot;:&quot;&quot;,&quot;override_default_content&quot;:&quot;false&quot;,&quot;local_content_provider&quot;:&quot;none&quot;}}\"><\/div>","protected":false},"excerpt":{"rendered":"<p>C\u0103rbunele este \u00een declin, dar nu suficient de repede. Acesta continu\u0103 s\u0103 alimenteze schimb\u0103rile climatice, s\u0103 intensifice fenomenele meteo extreme, s\u0103 ne otr\u0103veasc\u0103 aerul \u0219i s\u0103 consume ap\u0103 dulce at\u00e2t de pre\u021bioas\u0103. Putem fi genera\u021bia care sf\u00e2r\u0219e\u0219te era c\u0103rbunelui. Putem avea 100% energie din surse regenerabile.<\/p>\n","protected":false},"author":5,"featured_media":6082,"parent":60,"menu_order":0,"comment_status":"closed","ping_status":"closed","template":"","meta":{"ep_exclude_from_search":false,"p4_hide_page_title_checkbox":"","p4_title":"","p4_subtitle":"","p4_description":"","background_image_id":"","background_image":"","p4_button_title":"","p4_button_link":"","p4_button_link_checkbox":"","p4_og_title":"","p4_og_description":"","p4_og_image":"","p4_og_image_id":"","p4_seo_canonical_url":"","p4_campaign_name":"not set","p4_local_project":"not set","p4_basket_name":"not set","p4_department":"","footnotes":""},"categories":[2],"tags":[18],"class_list":["post-413","page","type-page","status-publish","has-post-thumbnail","hentry","category-clima-si-energie","tag-carbune"],"_links":{"self":[{"href":"https:\/\/www.greenpeace.org\/romania\/wp-json\/wp\/v2\/pages\/413","targetHints":{"allow":["GET"]}}],"collection":[{"href":"https:\/\/www.greenpeace.org\/romania\/wp-json\/wp\/v2\/pages"}],"about":[{"href":"https:\/\/www.greenpeace.org\/romania\/wp-json\/wp\/v2\/types\/page"}],"author":[{"embeddable":true,"href":"https:\/\/www.greenpeace.org\/romania\/wp-json\/wp\/v2\/users\/5"}],"replies":[{"embeddable":true,"href":"https:\/\/www.greenpeace.org\/romania\/wp-json\/wp\/v2\/comments?post=413"}],"version-history":[{"count":17,"href":"https:\/\/www.greenpeace.org\/romania\/wp-json\/wp\/v2\/pages\/413\/revisions"}],"predecessor-version":[{"id":11693,"href":"https:\/\/www.greenpeace.org\/romania\/wp-json\/wp\/v2\/pages\/413\/revisions\/11693"}],"up":[{"embeddable":true,"href":"https:\/\/www.greenpeace.org\/romania\/wp-json\/wp\/v2\/pages\/60"}],"wp:featuredmedia":[{"embeddable":true,"href":"https:\/\/www.greenpeace.org\/romania\/wp-json\/wp\/v2\/media\/6082"}],"wp:attachment":[{"href":"https:\/\/www.greenpeace.org\/romania\/wp-json\/wp\/v2\/media?parent=413"}],"wp:term":[{"taxonomy":"category","embeddable":true,"href":"https:\/\/www.greenpeace.org\/romania\/wp-json\/wp\/v2\/categories?post=413"},{"taxonomy":"post_tag","embeddable":true,"href":"https:\/\/www.greenpeace.org\/romania\/wp-json\/wp\/v2\/tags?post=413"}],"curies":[{"name":"wp","href":"https:\/\/api.w.org\/{rel}","templated":true}]}}