{"id":420,"date":"2019-02-15T12:45:59","date_gmt":"2019-02-15T12:45:59","guid":{"rendered":"https:\/\/k8s.p4.greenpeace.org\/defaultcontent\/?page_id=420"},"modified":"2025-09-23T13:00:52","modified_gmt":"2025-09-23T10:00:52","slug":"energie-regenerabila","status":"publish","type":"page","link":"https:\/\/www.greenpeace.org\/romania\/campanii\/clima-si-energie\/energie-regenerabila\/","title":{"rendered":"#Energie Regenerabil\u0103"},"content":{"rendered":"\n                    <div class=\"wp-block-group is-vertical is-layout-flex wp-container-core-group-is-layout-8cf370e7 wp-block-group-is-layout-flex\">\n                    \n                                <p>Energia regenerabil\u0103 este singura solu\u021bie pentru a ne desprinde definitiv de combustibilii fosili care murd\u0103resc planeta. Soarele \u0219i v\u00e2ntul sunt resurse inepuizabile, curate, f\u0103r\u0103 emisii pe timpul utiliz\u0103rii. Tehnologia pentru a folosi aceste resurse este deja disponibil\u0103, iar tranzi\u021bia energetic\u0103 trebuie s\u0103 se \u00eent\u00e2mple c\u00e2t mai repede. Responsabilitatea este a noastr\u0103, a tuturor, at\u00e2t la nivel individual, c\u00e2t \u0219i la nivel sistemic. Rom\u00e2nia trebuie s\u0103 aleag\u0103 acest drum!<\/p>\n                            \n\n                    \n                    <\/div>\n                    \n    <div class=\"wp-block-query posts-list p4-query-loop is-custom-layout-list is-layout-flow wp-block-query-is-layout-flow\">\n        <div class=\"wp-block-group is-content-justification-space-between is-layout-flex wp-container-core-group-is-layout-3d213aab wp-block-group-is-layout-flex\"><h2 class=\"wp-block-heading\">Articole similare<\/h2>\n        <li class=\" wp-block-navigation-item see-all-link wp-block-navigation-link\"><a class=\"wp-block-navigation-item__content\"  href=\"http:\/\/www.greenpeace.org\/romania\/news-stories\/?tag=energie-regenerabila\"><span class=\"wp-block-navigation-item__label\">See all stories<\/span><\/a><\/li>\n        \n        <\/div>\n        \n\n    <p style=\"margin-top: 24px; margin-bottom: 36px;\"><\/p>\n\n    \n\n    <ul class=\"wp-block-post-template is-layout-flow wp-block-post-template-is-layout-flow\"><li class=\"wp-block-post post-12244 post type-post status-publish format-standard has-post-thumbnail hentry category-clima-si-energie tag-energie-regenerabila p4-page-type-comunicat-presa\">\n            \n<div class=\"wp-block-columns is-layout-flex wp-container-core-columns-is-layout-9d6595d7 wp-block-columns-is-layout-flex\"><figure class=\"wp-block-post-featured-image\"><a href=\"https:\/\/www.greenpeace.org\/romania\/comunicat-presa\/12244\/sondaj-de-opinie-6-din-10-romani-vad-in-energia-regenerabila-solutia-pentru-independenta-energetica-a-romaniei\/\" target=\"_self\"  ><img loading=\"lazy\" decoding=\"async\" width=\"1024\" height=\"683\" src=\"https:\/\/www.greenpeace.org\/static\/planet4-romania-stateless\/2026\/03\/d2efda42-my-project-1-2023-05-09t123350.819-1024x683-1.jpg\" class=\"attachment-post-thumbnail size-post-thumbnail wp-post-image wp-stateless-item\" alt=\"Sondaj de opinie: 6 din 10 rom\u00e2ni v\u0103d \u00een energia regenerabil\u0103 solu\u021bia pentru independen\u021ba energetic\u0103 a Rom\u00e2niei\" style=\"object-fit:cover;\" srcset=\"https:\/\/www.greenpeace.org\/static\/planet4-romania-stateless\/2026\/03\/d2efda42-my-project-1-2023-05-09t123350.819-1024x683-1.jpg 1024w, https:\/\/www.greenpeace.org\/static\/planet4-romania-stateless\/2026\/03\/d2efda42-my-project-1-2023-05-09t123350.819-1024x683-1-300x200.jpg 300w, https:\/\/www.greenpeace.org\/static\/planet4-romania-stateless\/2026\/03\/d2efda42-my-project-1-2023-05-09t123350.819-1024x683-1-768x512.jpg 768w, https:\/\/www.greenpeace.org\/static\/planet4-romania-stateless\/2026\/03\/d2efda42-my-project-1-2023-05-09t123350.819-1024x683-1-510x340.jpg 510w\" sizes=\"auto, (max-width: 1024px) 100vw, 1024px\" data-image-size=\"post-thumbnail\" data-stateless-media-bucket=\"planet4-romania-stateless\" data-stateless-media-name=\"2026\/03\/d2efda42-my-project-1-2023-05-09t123350.819-1024x683-1.jpg\" \/><\/a><\/figure>\n\n        <div class=\"wp-block-group is-layout-flow wp-block-group-is-layout-flow\">\n                <div class=\"wp-block-group is-layout-flex wp-block-group-is-layout-flex\"><div class=\"wp-block-post-terms\"><a href=\"https:\/\/www.greenpeace.org\/romania\/category\/clima-si-energie\/\">Clim\u0103 \u0219i energie<\/a><\/div>\n                <div class=\"taxonomy-post_tag wp-block-post-terms\"><a href=\"https:\/\/www.greenpeace.org\/romania\/tag\/energie-regenerabila\/\" rel=\"tag\">Energie Regenerabil\u0103<\/a><\/div>\n                \n                <\/div>\n                \n        <h3 class=\"wp-block-post-title\"><a href=\"https:\/\/www.greenpeace.org\/romania\/comunicat-presa\/12244\/sondaj-de-opinie-6-din-10-romani-vad-in-energia-regenerabila-solutia-pentru-independenta-energetica-a-romaniei\/\" target=\"_self\" >Sondaj de opinie: 6 din 10 rom\u00e2ni v\u0103d \u00een energia regenerabil\u0103 solu\u021bia pentru independen\u021ba energetic\u0103 a Rom\u00e2niei<\/a><\/h3>\n        <div class=\"wp-block-post-excerpt\"><p class=\"wp-block-post-excerpt__excerpt\">R\u0103spunsurile colectate indic\u0103 dou\u0103 nevoi principale: cre\u0219terea capacit\u0103\u021bilor de producere a energiei regenerabile la nivel na\u021bional \u0219i dezvoltarea produc\u021biei locale de energie \u00een comunit\u0103\u021bi \u0219i gospod\u0103rii.\u00a0 <\/p><\/div>\n        \n        <div class=\"wp-block-group posts-list-meta is-layout-flow wp-block-group-is-layout-flow\"><span class='article-list-item-author'><a href='https:\/\/www.greenpeace.org\/romania\/author\/gp_romania\/'>Greenpeace Rom\u00e2nia<\/a><\/span>\n        <div class=\"wp-block-post-date\"><time datetime=\"2026-03-17T06:56:20+02:00\">17\/03\/2026<\/time><\/div>\n        \n        <\/div>\n        <\/div>\n        <\/div>\n\n            <\/li><li class=\"wp-block-post post-12065 post type-post status-publish format-standard has-post-thumbnail hentry category-clima-si-energie tag-prosumatori-1 tag-energie-regenerabila tag-tranzitie-justa-1 tag-comunitati-de-energie-1\">\n            \n<div class=\"wp-block-columns is-layout-flex wp-container-core-columns-is-layout-9d6595d7 wp-block-columns-is-layout-flex\"><figure class=\"wp-block-post-featured-image\"><a href=\"https:\/\/www.greenpeace.org\/romania\/articol\/12065\/integrarea-comunitatilor-de-energie-in-piata-reguli-proportionale-pentru-initiative-locale\/\" target=\"_self\"  ><img loading=\"lazy\" decoding=\"async\" width=\"1200\" height=\"899\" src=\"https:\/\/www.greenpeace.org\/static\/planet4-romania-stateless\/2026\/03\/911a02b9-gp0strave.jpg\" class=\"attachment-post-thumbnail size-post-thumbnail wp-post-image wp-stateless-item\" alt=\"Integrarea comunit\u0103\u021bilor de energie \u00een pia\u021b\u0103: reguli propor\u021bionale pentru ini\u021biative locale\" style=\"object-fit:cover;\" srcset=\"https:\/\/www.greenpeace.org\/static\/planet4-romania-stateless\/2026\/03\/911a02b9-gp0strave.jpg 1200w, https:\/\/www.greenpeace.org\/static\/planet4-romania-stateless\/2026\/03\/911a02b9-gp0strave-300x225.jpg 300w, https:\/\/www.greenpeace.org\/static\/planet4-romania-stateless\/2026\/03\/911a02b9-gp0strave-1024x767.jpg 1024w, https:\/\/www.greenpeace.org\/static\/planet4-romania-stateless\/2026\/03\/911a02b9-gp0strave-768x575.jpg 768w, https:\/\/www.greenpeace.org\/static\/planet4-romania-stateless\/2026\/03\/911a02b9-gp0strave-454x340.jpg 454w\" sizes=\"auto, (max-width: 1200px) 100vw, 1200px\" data-image-size=\"post-thumbnail\" data-stateless-media-bucket=\"planet4-romania-stateless\" data-stateless-media-name=\"2026\/03\/911a02b9-gp0strave.jpg\" \/><\/a><\/figure>\n\n        <div class=\"wp-block-group is-layout-flow wp-block-group-is-layout-flow\">\n                <div class=\"wp-block-group is-layout-flex wp-block-group-is-layout-flex\"><div class=\"wp-block-post-terms\"><a href=\"https:\/\/www.greenpeace.org\/romania\/category\/clima-si-energie\/\">Clim\u0103 \u0219i energie<\/a><\/div>\n                <div class=\"taxonomy-post_tag wp-block-post-terms\"><a href=\"https:\/\/www.greenpeace.org\/romania\/tag\/prosumatori-1\/\" rel=\"tag\">Prosumatori<\/a><span class=\"wp-block-post-terms__separator\"> <\/span><a href=\"https:\/\/www.greenpeace.org\/romania\/tag\/energie-regenerabila\/\" rel=\"tag\">Energie Regenerabil\u0103<\/a><span class=\"wp-block-post-terms__separator\"> <\/span><a href=\"https:\/\/www.greenpeace.org\/romania\/tag\/tranzitie-justa-1\/\" rel=\"tag\">Tranzi\u021bieJust\u0103<\/a><span class=\"wp-block-post-terms__separator\"> <\/span><a href=\"https:\/\/www.greenpeace.org\/romania\/tag\/comunitati-de-energie-1\/\" rel=\"tag\">Comunit\u0103\u021bi de Energie<\/a><\/div>\n                \n                <\/div>\n                \n        <h3 class=\"wp-block-post-title\"><a href=\"https:\/\/www.greenpeace.org\/romania\/articol\/12065\/integrarea-comunitatilor-de-energie-in-piata-reguli-proportionale-pentru-initiative-locale\/\" target=\"_self\" >Integrarea comunit\u0103\u021bilor de energie \u00een pia\u021b\u0103: reguli propor\u021bionale pentru ini\u021biative locale<\/a><\/h3>\n        <div class=\"wp-block-post-excerpt\"><p class=\"wp-block-post-excerpt__excerpt\">Dup\u0103 ce a \u00eenceput lucrul la Registrul comunit\u0103\u021bilor de energie, Autoritatea Na\u021bional\u0103 de Reglementare \u00een domeniul Energiei (ANRE) a f\u0103cut urm\u0103torul pas: pe 20 februarie a publicat, \u00een dezbatere public\u0103,&hellip; <\/p><\/div>\n        \n        <div class=\"wp-block-group posts-list-meta is-layout-flow wp-block-group-is-layout-flow\"><span class='article-list-item-author'><a href='https:\/\/www.greenpeace.org\/romania\/author\/acraciun\/'>Andrei Craciun<\/a><\/span>\n        <div class=\"wp-block-post-date\"><time datetime=\"2026-03-05T14:47:03+02:00\">05\/03\/2026<\/time><\/div>\n        \n        <\/div>\n        <\/div>\n        <\/div>\n\n            <\/li><li class=\"wp-block-post post-12050 post type-post status-publish format-standard has-post-thumbnail hentry category-clima-si-energie tag-energie-regenerabila tag-tranzitie-justa-1 tag-energie tag-eficienta-energetica-1 tag-saracie-energetica-1\">\n            \n<div class=\"wp-block-columns is-layout-flex wp-container-core-columns-is-layout-9d6595d7 wp-block-columns-is-layout-flex\"><figure class=\"wp-block-post-featured-image\"><a href=\"https:\/\/www.greenpeace.org\/romania\/articol\/12050\/ce-am-invatat-din-razboiul-din-ucraina\/\" target=\"_self\"  ><img loading=\"lazy\" decoding=\"async\" width=\"1200\" height=\"630\" src=\"https:\/\/www.greenpeace.org\/static\/planet4-romania-stateless\/2026\/02\/a9d3abce-solar-farm-ukraine.jpg\" class=\"attachment-post-thumbnail size-post-thumbnail wp-post-image wp-stateless-item\" alt=\"Ce am \u00eenv\u0103\u021bat din r\u0103zboiul din Ucraina\" style=\"object-fit:cover;\" srcset=\"https:\/\/www.greenpeace.org\/static\/planet4-romania-stateless\/2026\/02\/a9d3abce-solar-farm-ukraine.jpg 1200w, https:\/\/www.greenpeace.org\/static\/planet4-romania-stateless\/2026\/02\/a9d3abce-solar-farm-ukraine-300x158.jpg 300w, https:\/\/www.greenpeace.org\/static\/planet4-romania-stateless\/2026\/02\/a9d3abce-solar-farm-ukraine-1024x538.jpg 1024w, https:\/\/www.greenpeace.org\/static\/planet4-romania-stateless\/2026\/02\/a9d3abce-solar-farm-ukraine-768x403.jpg 768w, https:\/\/www.greenpeace.org\/static\/planet4-romania-stateless\/2026\/02\/a9d3abce-solar-farm-ukraine-510x268.jpg 510w\" sizes=\"auto, (max-width: 1200px) 100vw, 1200px\" data-image-size=\"post-thumbnail\" data-stateless-media-bucket=\"planet4-romania-stateless\" data-stateless-media-name=\"2026\/02\/a9d3abce-solar-farm-ukraine.jpg\" \/><\/a><\/figure>\n\n        <div class=\"wp-block-group is-layout-flow wp-block-group-is-layout-flow\">\n                <div class=\"wp-block-group is-layout-flex wp-block-group-is-layout-flex\"><div class=\"wp-block-post-terms\"><a href=\"https:\/\/www.greenpeace.org\/romania\/category\/clima-si-energie\/\">Clim\u0103 \u0219i energie<\/a><\/div>\n                <div class=\"taxonomy-post_tag wp-block-post-terms\"><a href=\"https:\/\/www.greenpeace.org\/romania\/tag\/energie-regenerabila\/\" rel=\"tag\">Energie Regenerabil\u0103<\/a><span class=\"wp-block-post-terms__separator\"> <\/span><a href=\"https:\/\/www.greenpeace.org\/romania\/tag\/tranzitie-justa-1\/\" rel=\"tag\">Tranzi\u021bieJust\u0103<\/a><span class=\"wp-block-post-terms__separator\"> <\/span><a href=\"https:\/\/www.greenpeace.org\/romania\/tag\/energie\/\" rel=\"tag\">Energie<\/a><span class=\"wp-block-post-terms__separator\"> <\/span><a href=\"https:\/\/www.greenpeace.org\/romania\/tag\/eficienta-energetica-1\/\" rel=\"tag\">Eficien\u021b\u0103 Energetic\u0103<\/a><span class=\"wp-block-post-terms__separator\"> <\/span><a href=\"https:\/\/www.greenpeace.org\/romania\/tag\/saracie-energetica-1\/\" rel=\"tag\">S\u0103r\u0103cie Energetic\u0103<\/a><\/div>\n                \n                <\/div>\n                \n        <h3 class=\"wp-block-post-title\"><a href=\"https:\/\/www.greenpeace.org\/romania\/articol\/12050\/ce-am-invatat-din-razboiul-din-ucraina\/\" target=\"_self\" >Ce am \u00eenv\u0103\u021bat din r\u0103zboiul din Ucraina<\/a><\/h3>\n        <div class=\"wp-block-post-excerpt\"><p class=\"wp-block-post-excerpt__excerpt\">Experien\u021ba Ucrainei transmite un mesaj clar: energia regenerabil\u0103 nu este o solu\u021bie pentru \u201emai t\u00e2rziu\u201d sau doar pentru vremuri de pace. Este o solu\u021bie care trebuie implementat\u0103 chiar \u0219i \u00een condi\u021bii de criz\u0103, dac\u0103 vrem s\u0103 protej\u0103m oamenii \u0219i s\u0103 reducem vulnerabilitatea societ\u0103\u021bii \u00een fa\u021ba violen\u021bei \u0219i autoritarismului. <\/p><\/div>\n        \n        <div class=\"wp-block-group posts-list-meta is-layout-flow wp-block-group-is-layout-flow\"><span class='article-list-item-author'><a href='https:\/\/www.greenpeace.org\/romania\/author\/vlad-catuna\/'>Vlad C\u0103tun\u0103<\/a><\/span>\n        <div class=\"wp-block-post-date\"><time datetime=\"2026-02-22T19:00:26+02:00\">22\/02\/2026<\/time><\/div>\n        \n        <\/div>\n        <\/div>\n        <\/div>\n\n            <\/li><\/ul>\n\n    \n<div class=\"wp-block-buttons carousel-controls is-horizontal is-content-justification-space-between is-nowrap is-layout-flex wp-container-core-buttons-is-layout-044bd602 wp-block-buttons-is-layout-flex\">\n            <div class=\"wp-block-button carousel-control-prev\"><button type=\"button\" class=\"wp-block-button__link wp-element-button\">Prev<\/button><\/div>\n        \n\n            <div class=\"wp-block-button carousel-control-next\"><button type=\"button\" class=\"wp-block-button__link wp-element-button\">Next<\/button><\/div>\n        <\/div>\n\n\n    <li class=\" wp-block-navigation-item see-all-link wp-block-navigation-link\"><a class=\"wp-block-navigation-item__content\"  href=\"http:\/\/www.greenpeace.org\/romania\/news-stories\/?tag=energie-regenerabila\"><span class=\"wp-block-navigation-item__label\">See all stories<\/span><\/a><\/li><\/div>\n    <div data-render=\"planet4-blocks\/happypoint\" data-attributes=\"{&quot;attributes&quot;:{&quot;focus_image&quot;:&quot;50% 50%&quot;,&quot;id&quot;:1060,&quot;override_default_content&quot;:true,&quot;local_content_provider&quot;:&quot;iframe_url&quot;,&quot;opacity&quot;:30}}\"><\/div>","protected":false},"excerpt":{"rendered":"<p>Energia regenerabil\u0103 este singura solu\u021bie pentru a ne desprinde definitiv de combustibilii fosili care murd\u0103resc planeta. Soarele \u0219i v\u00e2ntul sunt resurse inepuizabile, curate, f\u0103r\u0103 emisii pe timpul utiliz\u0103rii. Tehnologia pentru a folosi aceste resurse este deja disponibil\u0103, iar tranzi\u021bia energetic\u0103 trebuie s\u0103 se \u00eent\u00e2mple c\u00e2t mai repede. Responsabilitatea este a noastr\u0103, a tuturor, at\u00e2t la [&hellip;]<\/p>\n","protected":false},"author":5,"featured_media":633,"parent":60,"menu_order":0,"comment_status":"closed","ping_status":"closed","template":"","meta":{"ep_exclude_from_search":false,"p4_hide_page_title_checkbox":"","p4_title":"","p4_subtitle":"","p4_description":"","background_image_id":"","background_image":"","p4_button_title":"","p4_button_link":"","p4_button_link_checkbox":"","p4_og_title":"","p4_og_description":"","p4_og_image":"","p4_og_image_id":"","p4_seo_canonical_url":"","p4_campaign_name":"not set","p4_local_project":"not set","p4_basket_name":"not set","p4_department":"","footnotes":""},"categories":[2],"tags":[7],"class_list":["post-420","page","type-page","status-publish","has-post-thumbnail","hentry","category-clima-si-energie","tag-energie-regenerabila"],"_links":{"self":[{"href":"https:\/\/www.greenpeace.org\/romania\/wp-json\/wp\/v2\/pages\/420","targetHints":{"allow":["GET"]}}],"collection":[{"href":"https:\/\/www.greenpeace.org\/romania\/wp-json\/wp\/v2\/pages"}],"about":[{"href":"https:\/\/www.greenpeace.org\/romania\/wp-json\/wp\/v2\/types\/page"}],"author":[{"embeddable":true,"href":"https:\/\/www.greenpeace.org\/romania\/wp-json\/wp\/v2\/users\/5"}],"replies":[{"embeddable":true,"href":"https:\/\/www.greenpeace.org\/romania\/wp-json\/wp\/v2\/comments?post=420"}],"version-history":[{"count":12,"href":"https:\/\/www.greenpeace.org\/romania\/wp-json\/wp\/v2\/pages\/420\/revisions"}],"predecessor-version":[{"id":11691,"href":"https:\/\/www.greenpeace.org\/romania\/wp-json\/wp\/v2\/pages\/420\/revisions\/11691"}],"up":[{"embeddable":true,"href":"https:\/\/www.greenpeace.org\/romania\/wp-json\/wp\/v2\/pages\/60"}],"wp:featuredmedia":[{"embeddable":true,"href":"https:\/\/www.greenpeace.org\/romania\/wp-json\/wp\/v2\/media\/633"}],"wp:attachment":[{"href":"https:\/\/www.greenpeace.org\/romania\/wp-json\/wp\/v2\/media?parent=420"}],"wp:term":[{"taxonomy":"category","embeddable":true,"href":"https:\/\/www.greenpeace.org\/romania\/wp-json\/wp\/v2\/categories?post=420"},{"taxonomy":"post_tag","embeddable":true,"href":"https:\/\/www.greenpeace.org\/romania\/wp-json\/wp\/v2\/tags?post=420"}],"curies":[{"name":"wp","href":"https:\/\/api.w.org\/{rel}","templated":true}]}}