{"id":423,"date":"2019-02-15T12:47:35","date_gmt":"2019-02-15T12:47:35","guid":{"rendered":"https:\/\/k8s.p4.greenpeace.org\/defaultcontent\/?page_id=423"},"modified":"2026-04-08T11:56:50","modified_gmt":"2026-04-08T08:56:50","slug":"biodiversitate","status":"publish","type":"page","link":"https:\/\/www.greenpeace.org\/romania\/campanii\/monitorizare-si-interventie-directa\/biodiversitate\/","title":{"rendered":"#Biodiversitate"},"content":{"rendered":"\n                \n                <div class=\"wp-block-group alignfull is-layout-flow wp-block-group-is-layout-flow\">\n                \n                <div class=\"wp-block-group container is-layout-flow wp-block-group-is-layout-flow\">\n                \n                <div class=\"wp-block-media-text alignfull has-media-on-the-right is-stacked-on-mobile is-pattern-p4-page-header is-style-parallax\">\n\n                <div class=\"wp-block-media-text__content\">\n                    <div class=\"wp-block-group is-layout-flow wp-block-group-is-layout-flow\">\n                    \n                        <h1 class=\"wp-block-heading has-white-background-color has-background\">\n                            Biodiversitatea din Carpa\u021bi\n                        <\/h1>\n                    <\/div>\n                \n\n                \n                        <p style=\"font-size:1.25rem\">\n                            Rom\u00e2nia ad\u0103poste\u0219te cele mai vaste p\u0103duri primare din zona temperat\u0103 a Europei, \u00een care tr\u0103iesc aproximativ 13.000 de specii, inclusiv cea mai mare popula\u021bie de ur\u0219i din Europa.\r\n\r\nCu toate acestea, din cele 120.000 de hectare de p\u0103duri virgine estimate ale Rom\u00e2niei, doar aproximativ 30.000 de hectare se afl\u0103 sub protec\u021bie strict\u0103.\n                        <\/p>\n                    \n\n                \n\n                <\/div>\n                <figure class=\"wp-block-media-text__media\">\n                    <img loading=\"lazy\" decoding=\"async\" width=\"1200\" height=\"788\"\n                        src=\"https:\/\/www.greenpeace.org\/static\/planet4-romania-stateless\/2019\/07\/9a832b72-gp0stpf5o.jpg\"\n                        alt=\"\"\n                        sizes=\"auto, (min-width: 601px) 50vw, 100vw\" srcset=\"https:\/\/www.greenpeace.org\/static\/planet4-romania-stateless\/2019\/07\/9a832b72-gp0stpf5o.jpg 1200w, https:\/\/www.greenpeace.org\/static\/planet4-romania-stateless\/2019\/07\/9a832b72-gp0stpf5o-300x197.jpg 300w, https:\/\/www.greenpeace.org\/static\/planet4-romania-stateless\/2019\/07\/9a832b72-gp0stpf5o-768x504.jpg 768w, https:\/\/www.greenpeace.org\/static\/planet4-romania-stateless\/2019\/07\/9a832b72-gp0stpf5o-1024x672.jpg 1024w, https:\/\/www.greenpeace.org\/static\/planet4-romania-stateless\/2019\/07\/9a832b72-gp0stpf5o-510x335.jpg 510w\" class=\"wp-image-730 size-full\"\n                    \/>\n                <\/figure>\n                <\/div>\n                \n                <\/div>\n                \n                <\/div>\n                \n                \n        <div class=\"wp-block-query actions-list p4-query-loop is-custom-layout-actions-list is-custom-layout-grid is-layout-grid wp-container-core-query-is-layout-29f43435 wp-block-query-is-layout-grid\"><h2 class=\"wp-block-heading\"><\/h2>\n        <p style=\"margin-top: 24px; margin-bottom: 32px;\"><\/p>\n        <div class=\"wp-block-query-no-results\">\n        <p >No posts found.<\/p>\n        <\/div>\n        \n        \n<div class=\"wp-block-buttons carousel-controls is-horizontal is-content-justification-space-between is-nowrap is-layout-flex wp-container-core-buttons-is-layout-044bd602 wp-block-buttons-is-layout-flex\">\n            <div class=\"wp-block-button carousel-control-prev\"><button type=\"button\" class=\"wp-block-button__link wp-element-button\">Prev<\/button><\/div>\n        \n\n            <div class=\"wp-block-button carousel-control-next\"><button type=\"button\" class=\"wp-block-button__link wp-element-button\">Next<\/button><\/div>\n        <\/div>\n\n        \n<div class=\"wp-block-buttons load-more-actions-container is-content-justification-center is-layout-flex wp-container-core-buttons-is-layout-16018d1d wp-block-buttons-is-layout-flex\">\n                <div class=\"wp-block-button is-style-secondary\"><button type=\"button\" class=\"wp-block-button__link wp-element-button\">Vezi mai multe<\/button><\/div>\n            \n<\/div>\n<\/div>\n        \n    <div class=\"wp-block-query posts-list p4-query-loop is-custom-layout-list is-layout-flow wp-block-query-is-layout-flow\">\n        <div class=\"wp-block-group is-content-justification-space-between is-layout-flex wp-container-core-group-is-layout-3d213aab wp-block-group-is-layout-flex\"><h2 class=\"wp-block-heading\">Ultimele articole<\/h2>\n        <li class=\" wp-block-navigation-item see-all-link wp-block-navigation-link\"><a class=\"wp-block-navigation-item__content\"  href=\"http:\/\/www.greenpeace.org\/romania\/news-stories\/\"><span class=\"wp-block-navigation-item__label\">See all stories<\/span><\/a><\/li>\n        \n        <\/div>\n        \n\n    <p style=\"margin-top: 24px; margin-bottom: 36px;\"><\/p>\n\n    \n\n    <ul class=\"wp-block-post-template is-layout-flow wp-block-post-template-is-layout-flow\"><li class=\"wp-block-post post-12559 post type-post status-publish format-standard has-post-thumbnail hentry category-democratie-energetica tag-comunitati-de-energie-1\">\n            \n<div class=\"wp-block-columns is-layout-flex wp-container-core-columns-is-layout-9d6595d7 wp-block-columns-is-layout-flex\"><figure class=\"wp-block-post-featured-image\"><a href=\"https:\/\/www.greenpeace.org\/romania\/articol\/12559\/un-pas-concret-pentru-comunitatile-de-energie-atelier-greenpeace-cu-aproape-100-de-reprezentanti-ai-autoritatilor-locale\/\" target=\"_self\"  ><img loading=\"lazy\" decoding=\"async\" width=\"2048\" height=\"1365\" src=\"https:\/\/www.greenpeace.org\/static\/planet4-romania-stateless\/2026\/04\/d3ffc21d-image20260319164914.jpg\" class=\"attachment-post-thumbnail size-post-thumbnail wp-post-image wp-stateless-item\" alt=\"Un pas concret pentru comunit\u0103\u021bile de energie: atelier Greenpeace cu aproape 100 de reprezentan\u021bi ai autorit\u0103\u021bilor locale\" style=\"object-fit:cover;\" srcset=\"https:\/\/www.greenpeace.org\/static\/planet4-romania-stateless\/2026\/04\/d3ffc21d-image20260319164914.jpg 2048w, https:\/\/www.greenpeace.org\/static\/planet4-romania-stateless\/2026\/04\/d3ffc21d-image20260319164914-300x200.jpg 300w, https:\/\/www.greenpeace.org\/static\/planet4-romania-stateless\/2026\/04\/d3ffc21d-image20260319164914-1024x683.jpg 1024w, https:\/\/www.greenpeace.org\/static\/planet4-romania-stateless\/2026\/04\/d3ffc21d-image20260319164914-768x512.jpg 768w, https:\/\/www.greenpeace.org\/static\/planet4-romania-stateless\/2026\/04\/d3ffc21d-image20260319164914-1536x1024.jpg 1536w, https:\/\/www.greenpeace.org\/static\/planet4-romania-stateless\/2026\/04\/d3ffc21d-image20260319164914-510x340.jpg 510w\" sizes=\"auto, (max-width: 2048px) 100vw, 2048px\" data-image-size=\"post-thumbnail\" data-stateless-media-bucket=\"planet4-romania-stateless\" data-stateless-media-name=\"2026\/04\/d3ffc21d-image20260319164914.jpg\" \/><\/a><\/figure>\n\n        <div class=\"wp-block-group is-layout-flow wp-block-group-is-layout-flow\">\n                <div class=\"wp-block-group is-layout-flex wp-block-group-is-layout-flex\"><div class=\"wp-block-post-terms\"><a href=\"https:\/\/www.greenpeace.org\/romania\/category\/democratie-energetica\/\">Democra\u021bie energetic\u0103<\/a><\/div>\n                <div class=\"taxonomy-post_tag wp-block-post-terms\"><a href=\"https:\/\/www.greenpeace.org\/romania\/tag\/comunitati-de-energie-1\/\" rel=\"tag\">Comunit\u0103\u021bi de Energie<\/a><\/div>\n                \n                <\/div>\n                \n        <h3 class=\"wp-block-post-title\"><a href=\"https:\/\/www.greenpeace.org\/romania\/articol\/12559\/un-pas-concret-pentru-comunitatile-de-energie-atelier-greenpeace-cu-aproape-100-de-reprezentanti-ai-autoritatilor-locale\/\" target=\"_self\" >Un pas concret pentru comunit\u0103\u021bile de energie: atelier Greenpeace cu aproape 100 de reprezentan\u021bi ai autorit\u0103\u021bilor locale<\/a><\/h3>\n        <div class=\"wp-block-post-excerpt\"><p class=\"wp-block-post-excerpt__excerpt\">Pe 31 martie am organizat un atelier online dedicat comunit\u0103\u021bilor de energie, la care au participat aproape 100 de unit\u0103\u021bi administrativ-teritoriale din jude\u021bele incluse \u00een Programul de Tranzi\u021bie Just\u0103 (Gorj,&hellip; <\/p><\/div>\n        \n        <div class=\"wp-block-group posts-list-meta is-layout-flow wp-block-group-is-layout-flow\"><span class='article-list-item-author'><a href='https:\/\/www.greenpeace.org\/romania\/author\/gp_romania\/'>Greenpeace Rom\u00e2nia<\/a><\/span>\n        <div class=\"wp-block-post-date\"><time datetime=\"2026-04-03T11:11:43+03:00\">03\/04\/2026<\/time><\/div>\n        \n        <\/div>\n        <\/div>\n        <\/div>\n\n            <\/li><li class=\"wp-block-post post-12324 post type-post status-publish format-standard has-post-thumbnail hentry category-paduri tag-biodiversitate tag-paduri tag-greenpeace-1\">\n            \n<div class=\"wp-block-columns is-layout-flex wp-container-core-columns-is-layout-9d6595d7 wp-block-columns-is-layout-flex\"><figure class=\"wp-block-post-featured-image\"><a href=\"https:\/\/www.greenpeace.org\/romania\/articol\/12324\/sarbatorim-ziua-internationala-a-padurilor\/\" target=\"_self\"  ><img loading=\"lazy\" decoding=\"async\" width=\"2560\" height=\"1706\" src=\"https:\/\/www.greenpeace.org\/static\/planet4-romania-stateless\/2026\/03\/74d39046-gp_004-scaled.jpg\" class=\"attachment-post-thumbnail size-post-thumbnail wp-post-image wp-stateless-item\" alt=\"S\u0103rb\u0103torim Ziua interna\u021bional\u0103 a P\u0103durilor\" style=\"object-fit:cover;\" srcset=\"https:\/\/www.greenpeace.org\/static\/planet4-romania-stateless\/2026\/03\/74d39046-gp_004-scaled.jpg 2560w, https:\/\/www.greenpeace.org\/static\/planet4-romania-stateless\/2026\/03\/74d39046-gp_004-300x200.jpg 300w, https:\/\/www.greenpeace.org\/static\/planet4-romania-stateless\/2026\/03\/74d39046-gp_004-1024x683.jpg 1024w, https:\/\/www.greenpeace.org\/static\/planet4-romania-stateless\/2026\/03\/74d39046-gp_004-768x512.jpg 768w, https:\/\/www.greenpeace.org\/static\/planet4-romania-stateless\/2026\/03\/74d39046-gp_004-1536x1024.jpg 1536w, https:\/\/www.greenpeace.org\/static\/planet4-romania-stateless\/2026\/03\/74d39046-gp_004-2048x1366.jpg 2048w, https:\/\/www.greenpeace.org\/static\/planet4-romania-stateless\/2026\/03\/74d39046-gp_004-510x340.jpg 510w\" sizes=\"auto, (max-width: 2560px) 100vw, 2560px\" data-image-size=\"post-thumbnail\" data-stateless-media-bucket=\"planet4-romania-stateless\" data-stateless-media-name=\"2026\/03\/74d39046-gp_004-scaled.jpg\" \/><\/a><\/figure>\n\n        <div class=\"wp-block-group is-layout-flow wp-block-group-is-layout-flow\">\n                <div class=\"wp-block-group is-layout-flex wp-block-group-is-layout-flex\"><div class=\"wp-block-post-terms\"><a href=\"https:\/\/www.greenpeace.org\/romania\/category\/paduri\/\">P\u0103duri \u0219i Biodiversitate<\/a><\/div>\n                <div class=\"taxonomy-post_tag wp-block-post-terms\"><a href=\"https:\/\/www.greenpeace.org\/romania\/tag\/biodiversitate\/\" rel=\"tag\">Biodiversitate<\/a><span class=\"wp-block-post-terms__separator\"> <\/span><a href=\"https:\/\/www.greenpeace.org\/romania\/tag\/paduri\/\" rel=\"tag\">P\u0103duri<\/a><span class=\"wp-block-post-terms__separator\"> <\/span><a href=\"https:\/\/www.greenpeace.org\/romania\/tag\/greenpeace-1\/\" rel=\"tag\">Greenpeace<\/a><\/div>\n                \n                <\/div>\n                \n        <h3 class=\"wp-block-post-title\"><a href=\"https:\/\/www.greenpeace.org\/romania\/articol\/12324\/sarbatorim-ziua-internationala-a-padurilor\/\" target=\"_self\" >S\u0103rb\u0103torim Ziua interna\u021bional\u0103 a P\u0103durilor<\/a><\/h3>\n        <div class=\"wp-block-post-excerpt\"><p class=\"wp-block-post-excerpt__excerpt\">De Ziua interna\u021bional\u0103 a P\u0103durilor marc\u0103m un moment critic pentru viitorul p\u0103durilor din Rom\u00e2nia. <\/p><\/div>\n        \n        <div class=\"wp-block-group posts-list-meta is-layout-flow wp-block-group-is-layout-flow\"><span class='article-list-item-author'><a href='https:\/\/www.greenpeace.org\/romania\/author\/gp_romania\/'>Greenpeace Rom\u00e2nia<\/a><\/span>\n        <div class=\"wp-block-post-date\"><time datetime=\"2026-03-21T14:44:40+02:00\">21\/03\/2026<\/time><\/div>\n        \n        <\/div>\n        <\/div>\n        <\/div>\n\n            <\/li><li class=\"wp-block-post post-12318 post type-post status-publish format-standard has-post-thumbnail hentry category-clima-si-energie tag-activism tag-democratie-1 tag-gaz-fosil-2 tag-marea-neagra-gaz-fosil\">\n            \n<div class=\"wp-block-columns is-layout-flex wp-container-core-columns-is-layout-9d6595d7 wp-block-columns-is-layout-flex\"><figure class=\"wp-block-post-featured-image\"><a href=\"https:\/\/www.greenpeace.org\/romania\/articol\/12318\/presedintele-nicusor-dan-si-profetia-cree\/\" target=\"_self\"  ><img loading=\"lazy\" decoding=\"async\" width=\"512\" height=\"288\" src=\"https:\/\/www.greenpeace.org\/static\/planet4-romania-stateless\/2026\/03\/cfd59f32-nd2.png\" class=\"attachment-post-thumbnail size-post-thumbnail wp-post-image wp-stateless-item\" alt=\"Pre\u0219edintele Nicu\u0219or Dan \u0219i Profe\u021bia Cree\" style=\"object-fit:cover;\" srcset=\"https:\/\/www.greenpeace.org\/static\/planet4-romania-stateless\/2026\/03\/cfd59f32-nd2.png 512w, https:\/\/www.greenpeace.org\/static\/planet4-romania-stateless\/2026\/03\/cfd59f32-nd2-300x169.png 300w, https:\/\/www.greenpeace.org\/static\/planet4-romania-stateless\/2026\/03\/cfd59f32-nd2-510x287.png 510w\" sizes=\"auto, (max-width: 512px) 100vw, 512px\" data-image-size=\"post-thumbnail\" data-stateless-media-bucket=\"planet4-romania-stateless\" data-stateless-media-name=\"2026\/03\/cfd59f32-nd2.png\" \/><\/a><\/figure>\n\n        <div class=\"wp-block-group is-layout-flow wp-block-group-is-layout-flow\">\n                <div class=\"wp-block-group is-layout-flex wp-block-group-is-layout-flex\"><div class=\"wp-block-post-terms\"><a href=\"https:\/\/www.greenpeace.org\/romania\/category\/clima-si-energie\/\">Clim\u0103 \u0219i energie<\/a><\/div>\n                <div class=\"taxonomy-post_tag wp-block-post-terms\"><a href=\"https:\/\/www.greenpeace.org\/romania\/tag\/activism\/\" rel=\"tag\">Activism<\/a><span class=\"wp-block-post-terms__separator\"> <\/span><a href=\"https:\/\/www.greenpeace.org\/romania\/tag\/democratie-1\/\" rel=\"tag\">Democra\u0163ie<\/a><span class=\"wp-block-post-terms__separator\"> <\/span><a href=\"https:\/\/www.greenpeace.org\/romania\/tag\/gaz-fosil-2\/\" rel=\"tag\">Gaz Fosil<\/a><span class=\"wp-block-post-terms__separator\"> <\/span><a href=\"https:\/\/www.greenpeace.org\/romania\/tag\/marea-neagra-gaz-fosil\/\" rel=\"tag\">Marea Neagra<\/a><\/div>\n                \n                <\/div>\n                \n        <h3 class=\"wp-block-post-title\"><a href=\"https:\/\/www.greenpeace.org\/romania\/articol\/12318\/presedintele-nicusor-dan-si-profetia-cree\/\" target=\"_self\" >Pre\u0219edintele Nicu\u0219or Dan \u0219i Profe\u021bia Cree<\/a><\/h3>\n        <div class=\"wp-block-post-excerpt\"><p class=\"wp-block-post-excerpt__excerpt\">Exist\u0103 o lec\u021bie simpl\u0103, formulat\u0103 cu mult \u00eenaintea noastr\u0103, de comunit\u0103\u021bile indigene din America de Nord, care au \u00een\u021beles ce \u00eenseamn\u0103 s\u0103 pierzi echilibrul dintre om \u0219i natur\u0103. E cunoscut\u0103&hellip; <\/p><\/div>\n        \n        <div class=\"wp-block-group posts-list-meta is-layout-flow wp-block-group-is-layout-flow\"><span class='article-list-item-author'><a href='https:\/\/www.greenpeace.org\/romania\/author\/vlad-catuna\/'>Vlad C\u0103tun\u0103<\/a><\/span>\n        <div class=\"wp-block-post-date\"><time datetime=\"2026-03-18T12:22:15+02:00\">18\/03\/2026<\/time><\/div>\n        \n        <\/div>\n        <\/div>\n        <\/div>\n\n            <\/li><\/ul>\n\n    \n<div class=\"wp-block-buttons carousel-controls is-horizontal is-content-justification-space-between is-nowrap is-layout-flex wp-container-core-buttons-is-layout-044bd602 wp-block-buttons-is-layout-flex\">\n            <div class=\"wp-block-button carousel-control-prev\"><button type=\"button\" class=\"wp-block-button__link wp-element-button\">Prev<\/button><\/div>\n        \n\n            <div class=\"wp-block-button carousel-control-next\"><button type=\"button\" class=\"wp-block-button__link wp-element-button\">Next<\/button><\/div>\n        <\/div>\n\n\n    <li class=\" wp-block-navigation-item see-all-link wp-block-navigation-link\"><a class=\"wp-block-navigation-item__content\"  href=\"http:\/\/www.greenpeace.org\/romania\/news-stories\/\"><span class=\"wp-block-navigation-item__label\">See all stories<\/span><\/a><\/li><\/div>\n    <div data-render=\"planet4-blocks\/happypoint\" data-attributes=\"{&quot;attributes&quot;:{&quot;focus_image&quot;:&quot;0% 0%&quot;,&quot;override_default_content&quot;:true,&quot;opacity&quot;:30,&quot;local_content_provider&quot;:&quot;none&quot;}}\"><\/div>","protected":false},"excerpt":{"rendered":"","protected":false},"author":5,"featured_media":0,"parent":54,"menu_order":0,"comment_status":"closed","ping_status":"closed","template":"","meta":{"ep_exclude_from_search":false,"p4_hide_page_title_checkbox":"on","p4_title":"","p4_subtitle":"","p4_description":"","background_image_id":"","background_image":"","p4_button_title":"","p4_button_link":"","p4_button_link_checkbox":"","p4_og_title":"","p4_og_description":"","p4_og_image":"","p4_og_image_id":"","p4_seo_canonical_url":"","p4_campaign_name":"not set","p4_local_project":"","p4_basket_name":"not set","p4_department":"","footnotes":""},"categories":[3],"tags":[19],"class_list":["post-423","page","type-page","status-publish","hentry","category-paduri","tag-biodiversitate"],"_links":{"self":[{"href":"https:\/\/www.greenpeace.org\/romania\/wp-json\/wp\/v2\/pages\/423","targetHints":{"allow":["GET"]}}],"collection":[{"href":"https:\/\/www.greenpeace.org\/romania\/wp-json\/wp\/v2\/pages"}],"about":[{"href":"https:\/\/www.greenpeace.org\/romania\/wp-json\/wp\/v2\/types\/page"}],"author":[{"embeddable":true,"href":"https:\/\/www.greenpeace.org\/romania\/wp-json\/wp\/v2\/users\/5"}],"replies":[{"embeddable":true,"href":"https:\/\/www.greenpeace.org\/romania\/wp-json\/wp\/v2\/comments?post=423"}],"version-history":[{"count":17,"href":"https:\/\/www.greenpeace.org\/romania\/wp-json\/wp\/v2\/pages\/423\/revisions"}],"predecessor-version":[{"id":12705,"href":"https:\/\/www.greenpeace.org\/romania\/wp-json\/wp\/v2\/pages\/423\/revisions\/12705"}],"up":[{"embeddable":true,"href":"https:\/\/www.greenpeace.org\/romania\/wp-json\/wp\/v2\/pages\/54"}],"wp:attachment":[{"href":"https:\/\/www.greenpeace.org\/romania\/wp-json\/wp\/v2\/media?parent=423"}],"wp:term":[{"taxonomy":"category","embeddable":true,"href":"https:\/\/www.greenpeace.org\/romania\/wp-json\/wp\/v2\/categories?post=423"},{"taxonomy":"post_tag","embeddable":true,"href":"https:\/\/www.greenpeace.org\/romania\/wp-json\/wp\/v2\/tags?post=423"}],"curies":[{"name":"wp","href":"https:\/\/api.w.org\/{rel}","templated":true}]}}